{"id":10217,"date":"2021-03-12T08:56:29","date_gmt":"2021-03-12T07:56:29","guid":{"rendered":"https:\/\/www.ezycount.ch\/?page_id=10217"},"modified":"2021-11-09T23:35:25","modified_gmt":"2021-11-09T22:35:25","slug":"binder-etiketten-vorlage-fur-mac","status":"publish","type":"page","link":"https:\/\/www.ezycount.ch\/de\/binder-etiketten-vorlage-fur-mac\/","title":{"rendered":"Bearbeitbar Binder-Etiketten-Vorlage f\u00fcr Mac"},"content":{"rendered":"<h1 style=\"\">Bearbeitbar Binder-Etiketten-Vorlage f\u00fcr Mac<\/h1>\n<p>Verwenden Sie in Ihrem B\u00fcro noch Ordner zur Ablage Ihrer Dokumente?Ich denke, Ordner sind ein wesentlicher Bestandteil des B\u00fcros. Ich wei\u00df, dass die Technologie diese Werkzeuge der alten Schule bald verdr\u00e4ngen wird, aber ich bevorzuge es immer noch, sie zu benutzen. Ich wei\u00df, dass es Zeit braucht, um Ihre Ordner zu organisieren, aber mit der richtigen Binder-Etiketten-Vorlage, k\u00f6nnen Sie etwas Zeit gewinnen.<\/p>\n<p><span><img decoding=\"async\" alt=\"\" data-id=\"12709\" width=\"58\" data-init-width=\"228\" height=\"45\" data-init-height=\"175\" title=\"Screen Shot 2021-04-28 at 11.21.47 AM\" loading=\"lazy\" src=\"https:\/\/www.ezycount.ch\/wp-content\/uploads\/2021\/04\/Screen-Shot-2021-04-28-at-11.21.47-AM.png\" data-width=\"58\" data-height=\"45\" style=\"\"><\/span><\/p>\n<p>&nbsp; &nbsp; &nbsp; &nbsp; &nbsp; &nbsp; &nbsp; Obendrein wird es gut aussehen \ud83d\ude09&nbsp;<\/p>\n<p>Glauben Sie mir, mein B\u00fcro war ein einziges Chaos und es hat sich dank solcher Tricks sehr verbessert.&nbsp;<\/p>\n<p>F\u00fcr Apple- und iPad-Benutzer finden Sie unten die kostenlose Pages Binder-Etiketten-Vorlage.&nbsp;<\/p>\n<p>Wir alle haben unterschiedliche Vorlieben. Deshalb haben wir das gleiche Tool auch f\u00fcr Office-Benutzer. Folgen Sie diesem&nbsp;<a href=\"https:\/\/www.ezycount.ch\/de\/vorlage-ordner-rueckenschilder\/\" target=\"_blank\" style=\"outline: none;\" rel=\"noopener\">Link<\/a>, um eine kostenlose Word Binder-Etiketten Vorlage zu erhalten. Gestalten Sie sie nach Ihren eigenen Vorlieben und erstellen Sie die perfekten Binder-Etiketten.<\/p>\n<\/p>\n<p><strong>Meist gesehene Inhalte:<\/strong><\/p>\n<p style=\"\">\n<p>    __CONFIG_colors_palette__{&#8222;active_palette&#8220;:0,&#8220;config&#8220;:{&#8222;colors&#8220;:{&#8222;9bd08&#8220;:{&#8222;name&#8220;:&#8220;Main Accent&#8220;,&#8220;parent&#8220;:-1}},&#8220;gradients&#8220;:[]},&#8220;palettes&#8220;:[{&#8222;name&#8220;:&#8220;Default Palette&#8220;,&#8220;value&#8220;:{&#8222;colors&#8220;:{&#8222;9bd08&#8220;:{&#8222;val&#8220;:&#8220;rgb(245, 168, 28)&#8220;}},&#8220;gradients&#8220;:[]},&#8220;original&#8220;:{&#8222;colors&#8220;:{&#8222;9bd08&#8220;:{&#8222;val&#8220;:&#8220;rgb(19, 114, 211)&#8220;,&#8220;hsl&#8220;:{&#8222;h&#8220;:210,&#8220;s&#8220;:0.83,&#8220;l&#8220;:0.45}}},&#8220;gradients&#8220;:[]}}]}__CONFIG_colors_palette__ <a href=\"https:\/\/www.ezycount.ch\/de\/\" style=\"\" target=\"_blank\" rel=\"noopener\"><span>        <\/span> <span><span style=\"\">Buchhaltung<\/span><span><\/span><\/span> <\/a> <\/p>\n<p style=\"\">Eine einfach zu bedienende, sichere Online-Buchhaltungs- und Rechnungsplattform f\u00fcr KMUs und Selbstst\u00e4ndige.<\/p>\n<p>      __CONFIG_colors_palette__{&#8222;active_palette&#8220;:0,&#8220;config&#8220;:{&#8222;colors&#8220;:{&#8222;9bd08&#8220;:{&#8222;name&#8220;:&#8220;Main Accent&#8220;,&#8220;parent&#8220;:-1}},&#8220;gradients&#8220;:[]},&#8220;palettes&#8220;:[{&#8222;name&#8220;:&#8220;Default Palette&#8220;,&#8220;value&#8220;:{&#8222;colors&#8220;:{&#8222;9bd08&#8220;:{&#8222;val&#8220;:&#8220;hsla(var(&#8211;tcb-main-master-h, 210), var(&#8211;tcb-main-master-s, 77%), var(&#8211;tcb-main-master-l, 54%), 1)&#8220;}},&#8220;gradients&#8220;:[]},&#8220;original&#8220;:{&#8222;colors&#8220;:{&#8222;9bd08&#8220;:{&#8222;val&#8220;:&#8220;rgb(19, 114, 211)&#8220;,&#8220;hsl&#8220;:{&#8222;h&#8220;:210,&#8220;s&#8220;:0.83,&#8220;l&#8220;:0.45}}},&#8220;gradients&#8220;:[]}}]}__CONFIG_colors_palette__ <a href=\"https:\/\/www.ezycount.ch\/de\/wie-konnen-sie-ihr-buro-einfach-organisieren\/\" style=\"\"><span>        <\/span> <span><span style=\"\">Wie k\u00f6nnen Sie Ihr B\u00fcro organisieren?<\/span><span><\/span><\/span> <\/a> <\/p>\n<p style=\"\">Es braucht keine schwierige L\u00f6sung, nur die richtige. Ein kurzes Video und 8 schnelle Schritte, um Ihr B\u00fcro einfach aufzur\u00e4umen und zu organisieren.<\/p>\n<p>      __CONFIG_colors_palette__{&#8222;active_palette&#8220;:0,&#8220;config&#8220;:{&#8222;colors&#8220;:{&#8222;9bd08&#8220;:{&#8222;name&#8220;:&#8220;Main Accent&#8220;,&#8220;parent&#8220;:-1}},&#8220;gradients&#8220;:[]},&#8220;palettes&#8220;:[{&#8222;name&#8220;:&#8220;Default Palette&#8220;,&#8220;value&#8220;:{&#8222;colors&#8220;:{&#8222;9bd08&#8220;:{&#8222;val&#8220;:&#8220;hsla(var(&#8211;tcb-main-master-h, 210), var(&#8211;tcb-main-master-s, 77%), var(&#8211;tcb-main-master-l, 54%), 1)&#8220;}},&#8220;gradients&#8220;:[]},&#8220;original&#8220;:{&#8222;colors&#8220;:{&#8222;9bd08&#8220;:{&#8222;val&#8220;:&#8220;rgb(19, 114, 211)&#8220;,&#8220;hsl&#8220;:{&#8222;h&#8220;:210,&#8220;s&#8220;:0.83,&#8220;l&#8220;:0.45}}},&#8220;gradients&#8220;:[]}}]}__CONFIG_colors_palette__ <a href=\"https:\/\/www.ezycount.ch\/de\/wie-erstellt-man-gesetzliche-schweizer-rechnungen\/\" style=\"\" target=\"_blank\" rel=\"noopener\"><span>        <\/span> <span><span style=\"\">Rechnungsstellung<\/span><span><\/span><\/span> <\/a> <\/p>\n<p style=\"\">Alle notwendigen Informationen wie gesetzliche Vorgaben und n\u00fctzliche Tipps zur Erstellung von Schweizer Standardrechnungen<\/p>\n<p>      __CONFIG_colors_palette__{&#8222;active_palette&#8220;:0,&#8220;config&#8220;:{&#8222;colors&#8220;:{&#8222;9bd08&#8220;:{&#8222;name&#8220;:&#8220;Main Accent&#8220;,&#8220;parent&#8220;:-1}},&#8220;gradients&#8220;:[]},&#8220;palettes&#8220;:[{&#8222;name&#8220;:&#8220;Default Palette&#8220;,&#8220;value&#8220;:{&#8222;colors&#8220;:{&#8222;9bd08&#8220;:{&#8222;val&#8220;:&#8220;hsla(var(&#8211;tcb-main-master-h, 210), var(&#8211;tcb-main-master-s, 77%), var(&#8211;tcb-main-master-l, 54%), 1)&#8220;}},&#8220;gradients&#8220;:[]},&#8220;original&#8220;:{&#8222;colors&#8220;:{&#8222;9bd08&#8220;:{&#8222;val&#8220;:&#8220;rgb(19, 114, 211)&#8220;,&#8220;hsl&#8220;:{&#8222;h&#8220;:210,&#8220;s&#8220;:0.83,&#8220;l&#8220;:0.45}}},&#8220;gradients&#8220;:[]}}]}__CONFIG_colors_palette__ <a href=\"https:\/\/www.ezycount.ch\/de\/startup-bewertungsmodell-free-excel\/\" style=\"\" target=\"_blank\" rel=\"noopener\"><span>        <\/span> <span><span style=\"\">Startup-Bewertung&nbsp;<\/span><span><\/span><\/span> <\/a> <\/p>\n<p style=\"\">Kennen Sie den Barwert aller zuk\u00fcnftigen Gewinne Ihres Unternehmens? Laden Sie das perfekte Startup-Bewertungsmodell kostenlos herunter.<\/p>\n<p>  __CONFIG_group_edit__{&#8222;kbjp1vpj&#8220;:{&#8222;name&#8220;:&#8220;All Logo(s)&#8220;,&#8220;singular&#8220;:&#8220;&#8211; Logo %s&#8220;},&#8220;kbjp1xfn&#8220;:{&#8222;name&#8220;:&#8220;All Title(s)&#8220;,&#8220;singular&#8220;:&#8220;&#8211; Text %s&#8220;},&#8220;kbjp22kc&#8220;:{&#8222;name&#8220;:&#8220;All Paragraph(s)&#8220;,&#8220;singular&#8220;:&#8220;&#8211; Text %s&#8220;},&#8220;kbjp2ag5&#8243;:{&#8222;name&#8220;:&#8220;All Read Review Button(s)&#8220;,&#8220;singular&#8220;:&#8220;&#8211; Button %s&#8220;},&#8220;kbjp3xj6&#8243;:{&#8222;name&#8220;:&#8220;All Visit Website Button(s)&#8220;,&#8220;singular&#8220;:&#8220;&#8211; Button %s&#8220;},&#8220;kbjp44dp&#8220;:{&#8222;name&#8220;:&#8220;All Buttons Column(s)&#8220;,&#8220;singular&#8220;:&#8220;&#8211; Column %s&#8220;},&#8220;kbjp4d43&#8243;:{&#8222;name&#8220;:&#8220;All Text Column(s)&#8220;,&#8220;singular&#8220;:&#8220;&#8211; Column %s&#8220;},&#8220;kbjp4k9i&#8220;:{&#8222;name&#8220;:&#8220;All Content Box(s)&#8220;,&#8220;singular&#8220;:&#8220;&#8211; Content Box %s&#8220;},&#8220;kbjp4mck&#8220;:{&#8222;name&#8220;:&#8220;All Content Box(s)&#8220;,&#8220;singular&#8220;:&#8220;&#8211; Content Box %s&#8220;}}__CONFIG_group_edit____CONFIG_local_colors__{&#8222;colors&#8220;:{},&#8220;gradients&#8220;:{}}__CONFIG_local_colors__<\/p>\n","protected":false},"excerpt":{"rendered":"<p>Bearbeitbar Binder-Etiketten-Vorlage f\u00fcr Mac Verwenden Sie in Ihrem B\u00fcro noch Ordner zur Ablage Ihrer Dokumente?Ich denke, Ordner sind ein wesentlicher Bestandteil des B\u00fcros. Ich wei\u00df, dass die Technologie diese Werkzeuge der alten Schule bald verdr\u00e4ngen wird, aber ich bevorzuge es immer noch, sie zu benutzen. Ich wei\u00df, dass es Zeit braucht, um Ihre Ordner zu [&hellip;]<\/p>\n","protected":false},"author":4,"featured_media":0,"parent":0,"menu_order":0,"comment_status":"closed","ping_status":"closed","template":"","meta":{"footnotes":""},"class_list":["post-10217","page","type-page","status-publish","hentry","post-wrapper","thrv_wrapper"],"yoast_head":"<!-- This site is optimized with the Yoast SEO plugin v25.3 - https:\/\/yoast.com\/wordpress\/plugins\/seo\/ -->\n<title>Bearbeitbar Binder-Etiketten-Vorlage f\u00fcr Mac - EZYcount<\/title>\n<meta name=\"description\" content=\"Passen Sie diese Binder-Etiketten-Vorlage an Ihre eigenen Bed\u00fcrfnisse an. Ein kleiner Schritt vorw\u00e4rts zu einem gut organisierten B\u00fcro\" \/>\n<meta name=\"robots\" content=\"index, follow, max-snippet:-1, max-image-preview:large, max-video-preview:-1\" \/>\n<link rel=\"canonical\" href=\"https:\/\/www.ezycount.ch\/de\/binder-etiketten-vorlage-fur-mac\/\" \/>\n<meta property=\"og:locale\" content=\"de_DE\" \/>\n<meta property=\"og:type\" content=\"article\" \/>\n<meta property=\"og:title\" content=\"Bearbeitbar Binder-Etiketten-Vorlage f\u00fcr Mac - EZYcount\" \/>\n<meta property=\"og:description\" content=\"Passen Sie diese Binder-Etiketten-Vorlage an Ihre eigenen Bed\u00fcrfnisse an. Ein kleiner Schritt vorw\u00e4rts zu einem gut organisierten B\u00fcro\" \/>\n<meta property=\"og:url\" content=\"https:\/\/www.ezycount.ch\/de\/binder-etiketten-vorlage-fur-mac\/\" \/>\n<meta property=\"og:site_name\" content=\"EZYcount\" \/>\n<meta property=\"article:modified_time\" content=\"2021-11-09T22:35:25+00:00\" \/>\n<meta property=\"og:image\" content=\"https:\/\/www.ezycount.ch\/wp-content\/uploads\/2021\/04\/Screen-Shot-2021-04-28-at-11.21.47-AM.png\" \/>\n<meta name=\"twitter:card\" content=\"summary_large_image\" \/>\n<meta name=\"twitter:label1\" content=\"Gesch\u00e4tzte Lesezeit\" \/>\n\t<meta name=\"twitter:data1\" content=\"2\u00a0Minuten\" \/>\n<script type=\"application\/ld+json\" class=\"yoast-schema-graph\">{\"@context\":\"https:\/\/schema.org\",\"@graph\":[{\"@type\":\"WebPage\",\"@id\":\"https:\/\/www.ezycount.ch\/de\/binder-etiketten-vorlage-fur-mac\/\",\"url\":\"https:\/\/www.ezycount.ch\/de\/binder-etiketten-vorlage-fur-mac\/\",\"name\":\"Bearbeitbar Binder-Etiketten-Vorlage f\u00fcr Mac - EZYcount\",\"isPartOf\":{\"@id\":\"https:\/\/www.ezycount.ch\/fr\/#website\"},\"primaryImageOfPage\":{\"@id\":\"https:\/\/www.ezycount.ch\/de\/binder-etiketten-vorlage-fur-mac\/#primaryimage\"},\"image\":{\"@id\":\"https:\/\/www.ezycount.ch\/de\/binder-etiketten-vorlage-fur-mac\/#primaryimage\"},\"thumbnailUrl\":\"https:\/\/www.ezycount.ch\/wp-content\/uploads\/2021\/04\/Screen-Shot-2021-04-28-at-11.21.47-AM.png\",\"datePublished\":\"2021-03-12T07:56:29+00:00\",\"dateModified\":\"2021-11-09T22:35:25+00:00\",\"description\":\"Passen Sie diese Binder-Etiketten-Vorlage an Ihre eigenen Bed\u00fcrfnisse an. Ein kleiner Schritt vorw\u00e4rts zu einem gut organisierten B\u00fcro\",\"breadcrumb\":{\"@id\":\"https:\/\/www.ezycount.ch\/de\/binder-etiketten-vorlage-fur-mac\/#breadcrumb\"},\"inLanguage\":\"de\",\"potentialAction\":[{\"@type\":\"ReadAction\",\"target\":[\"https:\/\/www.ezycount.ch\/de\/binder-etiketten-vorlage-fur-mac\/\"]}]},{\"@type\":\"ImageObject\",\"inLanguage\":\"de\",\"@id\":\"https:\/\/www.ezycount.ch\/de\/binder-etiketten-vorlage-fur-mac\/#primaryimage\",\"url\":\"https:\/\/www.ezycount.ch\/wp-content\/uploads\/2021\/04\/Screen-Shot-2021-04-28-at-11.21.47-AM.png\",\"contentUrl\":\"https:\/\/www.ezycount.ch\/wp-content\/uploads\/2021\/04\/Screen-Shot-2021-04-28-at-11.21.47-AM.png\"},{\"@type\":\"BreadcrumbList\",\"@id\":\"https:\/\/www.ezycount.ch\/de\/binder-etiketten-vorlage-fur-mac\/#breadcrumb\",\"itemListElement\":[{\"@type\":\"ListItem\",\"position\":1,\"name\":\"Home\",\"item\":\"https:\/\/www.ezycount.ch\/de\/\"},{\"@type\":\"ListItem\",\"position\":2,\"name\":\"Bearbeitbar Binder-Etiketten-Vorlage f\u00fcr Mac\"}]},{\"@type\":\"WebSite\",\"@id\":\"https:\/\/www.ezycount.ch\/fr\/#website\",\"url\":\"https:\/\/www.ezycount.ch\/fr\/\",\"name\":\"EZYcount\",\"description\":\"Simplifiez votre comptabilit\u00e9 et gagnez du temps\",\"potentialAction\":[{\"@type\":\"SearchAction\",\"target\":{\"@type\":\"EntryPoint\",\"urlTemplate\":\"https:\/\/www.ezycount.ch\/fr\/?s={search_term_string}\"},\"query-input\":{\"@type\":\"PropertyValueSpecification\",\"valueRequired\":true,\"valueName\":\"search_term_string\"}}],\"inLanguage\":\"de\"}]}<\/script>\n<!-- \/ Yoast SEO plugin. -->","yoast_head_json":{"title":"Bearbeitbar Binder-Etiketten-Vorlage f\u00fcr Mac - EZYcount","description":"Passen Sie diese Binder-Etiketten-Vorlage an Ihre eigenen Bed\u00fcrfnisse an. Ein kleiner Schritt vorw\u00e4rts zu einem gut organisierten B\u00fcro","robots":{"index":"index","follow":"follow","max-snippet":"max-snippet:-1","max-image-preview":"max-image-preview:large","max-video-preview":"max-video-preview:-1"},"canonical":"https:\/\/www.ezycount.ch\/de\/binder-etiketten-vorlage-fur-mac\/","og_locale":"de_DE","og_type":"article","og_title":"Bearbeitbar Binder-Etiketten-Vorlage f\u00fcr Mac - EZYcount","og_description":"Passen Sie diese Binder-Etiketten-Vorlage an Ihre eigenen Bed\u00fcrfnisse an. Ein kleiner Schritt vorw\u00e4rts zu einem gut organisierten B\u00fcro","og_url":"https:\/\/www.ezycount.ch\/de\/binder-etiketten-vorlage-fur-mac\/","og_site_name":"EZYcount","article_modified_time":"2021-11-09T22:35:25+00:00","og_image":[{"url":"https:\/\/www.ezycount.ch\/wp-content\/uploads\/2021\/04\/Screen-Shot-2021-04-28-at-11.21.47-AM.png","type":"","width":"","height":""}],"twitter_card":"summary_large_image","twitter_misc":{"Gesch\u00e4tzte Lesezeit":"2\u00a0Minuten"},"schema":{"@context":"https:\/\/schema.org","@graph":[{"@type":"WebPage","@id":"https:\/\/www.ezycount.ch\/de\/binder-etiketten-vorlage-fur-mac\/","url":"https:\/\/www.ezycount.ch\/de\/binder-etiketten-vorlage-fur-mac\/","name":"Bearbeitbar Binder-Etiketten-Vorlage f\u00fcr Mac - EZYcount","isPartOf":{"@id":"https:\/\/www.ezycount.ch\/fr\/#website"},"primaryImageOfPage":{"@id":"https:\/\/www.ezycount.ch\/de\/binder-etiketten-vorlage-fur-mac\/#primaryimage"},"image":{"@id":"https:\/\/www.ezycount.ch\/de\/binder-etiketten-vorlage-fur-mac\/#primaryimage"},"thumbnailUrl":"https:\/\/www.ezycount.ch\/wp-content\/uploads\/2021\/04\/Screen-Shot-2021-04-28-at-11.21.47-AM.png","datePublished":"2021-03-12T07:56:29+00:00","dateModified":"2021-11-09T22:35:25+00:00","description":"Passen Sie diese Binder-Etiketten-Vorlage an Ihre eigenen Bed\u00fcrfnisse an. Ein kleiner Schritt vorw\u00e4rts zu einem gut organisierten B\u00fcro","breadcrumb":{"@id":"https:\/\/www.ezycount.ch\/de\/binder-etiketten-vorlage-fur-mac\/#breadcrumb"},"inLanguage":"de","potentialAction":[{"@type":"ReadAction","target":["https:\/\/www.ezycount.ch\/de\/binder-etiketten-vorlage-fur-mac\/"]}]},{"@type":"ImageObject","inLanguage":"de","@id":"https:\/\/www.ezycount.ch\/de\/binder-etiketten-vorlage-fur-mac\/#primaryimage","url":"https:\/\/www.ezycount.ch\/wp-content\/uploads\/2021\/04\/Screen-Shot-2021-04-28-at-11.21.47-AM.png","contentUrl":"https:\/\/www.ezycount.ch\/wp-content\/uploads\/2021\/04\/Screen-Shot-2021-04-28-at-11.21.47-AM.png"},{"@type":"BreadcrumbList","@id":"https:\/\/www.ezycount.ch\/de\/binder-etiketten-vorlage-fur-mac\/#breadcrumb","itemListElement":[{"@type":"ListItem","position":1,"name":"Home","item":"https:\/\/www.ezycount.ch\/de\/"},{"@type":"ListItem","position":2,"name":"Bearbeitbar Binder-Etiketten-Vorlage f\u00fcr Mac"}]},{"@type":"WebSite","@id":"https:\/\/www.ezycount.ch\/fr\/#website","url":"https:\/\/www.ezycount.ch\/fr\/","name":"EZYcount","description":"Simplifiez votre comptabilit\u00e9 et gagnez du temps","potentialAction":[{"@type":"SearchAction","target":{"@type":"EntryPoint","urlTemplate":"https:\/\/www.ezycount.ch\/fr\/?s={search_term_string}"},"query-input":{"@type":"PropertyValueSpecification","valueRequired":true,"valueName":"search_term_string"}}],"inLanguage":"de"}]}},"_links":{"self":[{"href":"https:\/\/www.ezycount.ch\/de\/wp-json\/wp\/v2\/pages\/10217","targetHints":{"allow":["GET"]}}],"collection":[{"href":"https:\/\/www.ezycount.ch\/de\/wp-json\/wp\/v2\/pages"}],"about":[{"href":"https:\/\/www.ezycount.ch\/de\/wp-json\/wp\/v2\/types\/page"}],"author":[{"embeddable":true,"href":"https:\/\/www.ezycount.ch\/de\/wp-json\/wp\/v2\/users\/4"}],"replies":[{"embeddable":true,"href":"https:\/\/www.ezycount.ch\/de\/wp-json\/wp\/v2\/comments?post=10217"}],"version-history":[{"count":50,"href":"https:\/\/www.ezycount.ch\/de\/wp-json\/wp\/v2\/pages\/10217\/revisions"}],"predecessor-version":[{"id":16066,"href":"https:\/\/www.ezycount.ch\/de\/wp-json\/wp\/v2\/pages\/10217\/revisions\/16066"}],"wp:attachment":[{"href":"https:\/\/www.ezycount.ch\/de\/wp-json\/wp\/v2\/media?parent=10217"}],"curies":[{"name":"wp","href":"https:\/\/api.w.org\/{rel}","templated":true}]}}