{"id":10788,"date":"2021-03-23T11:34:26","date_gmt":"2021-03-23T10:34:26","guid":{"rendered":"https:\/\/www.ezycount.ch\/?page_id=10788"},"modified":"2021-05-16T12:43:26","modified_gmt":"2021-05-16T11:43:26","slug":"wie-wird-man-selbststaendiger-oder-freiberufler","status":"publish","type":"page","link":"https:\/\/www.ezycount.ch\/de\/wie-wird-man-selbststaendiger-oder-freiberufler\/","title":{"rendered":"Wie wird man Selbstst\u00e4ndiger oder Freiberufler?"},"content":{"rendered":"<h1 style=\"\">Wie macht man sich selbstst\u00e4ndig oder wird Freiberufler?<\/h1>\n<p>Sie planen die Gr\u00fcndung eines Unternehmens, sind sich aber nicht sicher, ob Sie sich selbstst\u00e4ndig machen oder als Freiberufler arbeiten sollen?Einer von ihnen zu sein bedeutet, dass Sie ein Individuum sind. Au\u00dferdem Chef aller Abteilungen und der Entscheidungstr\u00e4ger.Bevor Sie in das tiefe Wasser springen, stellen Sie sicher, dass Sie die richtigen Informationen haben und gut auf die Reise vorbereitet sind.Hier ist ein Leitfaden, der Ihnen zeigt, welche Schritte Sie unternehmen m\u00fcssen, um Ihr eigenes Unternehmen zu gr\u00fcnden:<\/p>\n<p style=\"text-align: center;\">Treffen Sie die Entscheidung<\/p>\n<p style=\"text-align: center;\">Einer der allerersten Schritte, die Sie tun m\u00fcssen, auch wenn es sich seltsam anf\u00fchlt, allein zu handeln. Es muss Ihre Entscheidung sein und Sie m\u00f6gen sich dabei ein wenig unsicher f\u00fchlen, Sie m\u00fcssen es tun! Es ist nur ein kleiner Abstand zwischen denen, die sein wollen und denen, die sind. Gehen Sie das Risiko ein und beginnen Sie das Spiel.<\/p>\n<p style=\"text-align: center;\"><strong>Brainstorming<\/strong>Wenn Sie mit dem Gedanken spielen, Freiberufler oder Selbst\u00e4ndiger zu werden, nehmen Sie ein Papier oder ein Brainstorming-Programm und schreiben Sie alle Ihre Gedanken und Ideen auf. Dies ist eine von Fachleuten und akademischen Kreisen gut anerkannte Methode.Sie wird verwendet, um eine L\u00f6sung f\u00fcr ein bestimmtes Problem zu finden, indem eine Liste von Ideen gesammelt wird, die von den Mitgliedern spontan eingebracht werden.<\/p>\n<p style=\"text-align: center;\"><strong>W\u00e4hlen Sie das EINE<\/strong>Es wird viele Ideen und Wege geben, die richtig erscheinen, aber versuchen Sie, Ihren Fokus zu finden und Ihr Flugzeug darum herum zu bauen. Das kann eine Weile dauern, aber versuchen Sie, sich in diesem Schritt nicht zu verlieren. Dies ist einer der h\u00e4ufigsten Schritte, bei dem Menschen aufgeben.\u00dcberlegen Sie sich die Fragen: Was ist Ihr Fokusbereich? Worin sind Sie gut?<\/p>\n<p style=\"text-align: center;\"><strong>Skizzieren Sie Ihre Ziele<\/strong>Bereiten Sie sich auf ein eventuell auftretendes Problem vor und erstellen Sie einen anpassungsf\u00e4higen Plan, dem Sie folgen k\u00f6nnen. Sie m\u00fcssen wissen, ob Ihr Unternehmen in die richtige Richtung geht und ob es sich lohnt, mehr Zeit oder Geld in das Unternehmen zu investieren. \u00dcberlegen Sie sich die Fragen: Wie viele Artikel\/Dienstleistungen planen Sie im ersten Jahr zu verkaufen? Welche Marketingstrategien werden Sie verfolgen? Was werden Sie tun, wenn Sie keinen Gewinn machen?<\/p>\n<p style=\"text-align: center;\"><strong>Richten Sie Ihr Gesch\u00e4ft ein<\/strong>Wenn Sie Ihren Zielbereich und Ihre Ziele festgelegt haben, m\u00fcssen Sie handeln. Als Erstes m\u00fcssen Sie offiziell werden. Sie m\u00fcssen das Unternehmen gr\u00fcnden.Als Einzelunternehmen oder als LLC? In der Schweiz haben Sie verschiedene M\u00f6glichkeiten, ein Unternehmen zu gr\u00fcnden. Recherchieren Sie, denn m\u00f6glicherweise ben\u00f6tigen Sie f\u00fcr diesen Schritt eine bestimmte Lizenz oder Genehmigung.<\/p>\n<p style=\"text-align: center;\"><strong>Investieren Sie in Systeme und Programme<\/strong>Betrachten Sie Programme und Tools als einen einfachen Schritt. Vielleicht brauchen Sie Hilfe und es gibt viele n\u00fctzliche Plattformen im Internet. Sie k\u00f6nnen einige Ihrer Prozesse beschleunigen oder Geld sparen, indem Sie sie nutzen. Warum einen Buchhalter f\u00fcr 5000-8000CHF\/Jahr bezahlen, wenn Sie Ihre Buchhaltung f\u00fcr 200CHF\/Jahr <a href=\"https:\/\/www.ezycount.ch\/de\/\" target=\"_blank\" rel=\"noopener\">selbst erledigen k\u00f6nnen<\/a>?<\/p>\n<p style=\"text-align: center;\"><strong>Verbindung herstellen<\/strong>Networking ist ein Schl\u00fcsselelement f\u00fcr ein erfolgreiches Gesch\u00e4ft. Je mehr Menschen Sie kennen oder mit denen Sie sprechen, desto gr\u00f6\u00dfer wird Ihr Netzwerksystem sein. Und Sie brauchen Menschen, nicht nur Kunden, sondern auch Menschen, die Ihnen helfen und Sie unterst\u00fctzen, ist sehr wichtig. Kn\u00fcpfen Sie so viele Verbindungen wie m\u00f6glich mit Kunden und mit Ihrer Gemeinschaft. <\/p>\n<p style=\"\">Sie werden verschiedene F\u00e4higkeiten ben\u00f6tigen, um besser zu werden und mit Ihren Konkurrenten mithalten zu k\u00f6nnen. Um an die Spitze zu gelangen, m\u00fcssen Sie lernen und sich immer wieder weiterbilden. Sie werden sich an verschiedene Situationen und unerwartete Ver\u00e4nderungen anpassen m\u00fcssen. Folgen Sie den Profis und sprechen Sie mit ihnen, machen Sie sich die M\u00fche, zuzuh\u00f6ren und zu beobachten.Als Freiberufler oder Selbst\u00e4ndiger haben Sie die Freiheit zu entscheiden, wo, wann und wie Sie arbeiten wollen. Wenn Ihre Dienstleistungen keinen physischen, f\u00fcr Kunden zug\u00e4nglichen Raum erfordern, steht es Ihnen frei, \u00fcberall zu arbeiten. Finden Sie den Ort heraus, an dem Sie am produktivsten und n\u00fctzlichsten sein k\u00f6nnen. Fangen Sie an!Unser Ziel ist es, Menschen zu helfen und sie zu schulen, damit sie in dem, was sie tun, besser werden. Ich habe einige n\u00fctzliche Tools skizziert, die Sie in Zukunft brauchen k\u00f6nnten. Dies sind unsere meistbesuchten Seiten auf unserer EZYcount-Website:<\/p>\n<p><span><img decoding=\"async\" alt=\"Selbstst\u00e4ndige gl\u00fccklich\" data-id=\"12186\" width=\"297\" data-init-width=\"1703\" height=\"447\" data-init-height=\"2560\" title=\"Selbstst\u00e4ndige gl\u00fccklich\" loading=\"lazy\" src=\"https:\/\/www.ezycount.ch\/wp-content\/uploads\/2021\/04\/good-faces-6ZpITFRMVFk-unsplash-scaled.jpg\" data-width=\"297\" data-height=\"447\"><\/span><a href=\"https:\/\/www.ezycount.ch\/de\/organisieren-sie-ihr-buero-effizienter\/\" target=\"_blank\" rel=\"noopener\"><\/p>\n<h2 style=\"text-align: center;\"><span style=\"text-decoration: underline;\">Organisieren Sie Ihr B\u00fcro erfolgreich<\/span><\/h2>\n<p style=\"\">Wie Sie Ihr B\u00fcro aufr\u00e4umen und organisieren, um effizienter bei Ihren administrativen Aufgaben zu sein.<\/p>\n<p><\/a><a href=\"https:\/\/www.ezycount.ch\/de\/wie-erstellt-man-gesetzliche-schweizer-rechnungen\/\" target=\"_blank\" rel=\"noopener\"><\/p>\n<h2 style=\"text-align: center;\"><span style=\"text-decoration: underline;\">Wie erstellt man gesetzliche Schweizer Rechnungen?<\/span><\/h2>\n<p style=\"text-align: left;\">Rechnungen verschicken ist gut. Geld zu erhalten ist noch besser. Hier finden Sie alle Informationen, die Sie ben\u00f6tigen, um rechtskonforme und vollst\u00e4ndige Schweizer Rechnungen zu erstellen.<\/p>\n<p><\/a><a href=\"https:\/\/www.ezycount.ch\/de\/\" target=\"_blank\" rel=\"noopener\"><\/p>\n<h2 style=\"text-align: center;\"><span style=\"text-decoration: underline;\">Wie Sie Ihre Buchhaltung selbst erledigen<\/span><\/h2>\n<p style=\"\">Ein einfach zu bedienendes, sicheres Online-Buchhaltungsprogramm.<\/p>\n<p><\/a><\/p>\n<p style=\"\">Wenn Ihnen diese Seite gefallen hat, abonnieren Sie <a href=\"https:\/\/www.ezycount.ch\/de\/nachrichten-ezycount\/\" target=\"_blank\" style=\"outline: none;\" rel=\"noopener\">unseren Newsletter<\/a> f\u00fcr Ideen und n\u00fctzliche Informationen f\u00fcr Angestellte und Freiberufler.<\/p>\n<p style=\"\">\n","protected":false},"excerpt":{"rendered":"<p>Wie macht man sich selbstst\u00e4ndig oder wird Freiberufler? Sie planen die Gr\u00fcndung eines Unternehmens, sind sich aber nicht sicher, ob Sie sich selbstst\u00e4ndig machen oder als Freiberufler arbeiten sollen?Einer von ihnen zu sein bedeutet, dass Sie ein Individuum sind. Au\u00dferdem Chef aller Abteilungen und der Entscheidungstr\u00e4ger.Bevor Sie in das tiefe Wasser springen, stellen Sie sicher, [&hellip;]<\/p>\n","protected":false},"author":4,"featured_media":0,"parent":0,"menu_order":0,"comment_status":"closed","ping_status":"closed","template":"","meta":{"footnotes":""},"class_list":["post-10788","page","type-page","status-publish","hentry","post-wrapper","thrv_wrapper"],"yoast_head":"<!-- This site is optimized with the Yoast SEO plugin v25.3 - https:\/\/yoast.com\/wordpress\/plugins\/seo\/ -->\n<title>Wie wird man Selbstst\u00e4ndiger oder Freiberufler? - EZYcount<\/title>\n<meta name=\"description\" content=\"Planen Sie, Ihr eigenes Unternehmen zu gr\u00fcnden? Stellen Sie sicher, dass Sie alle Informationen haben, die ein Freiberufler braucht\" \/>\n<meta name=\"robots\" content=\"index, follow, max-snippet:-1, max-image-preview:large, max-video-preview:-1\" \/>\n<link rel=\"canonical\" href=\"https:\/\/www.ezycount.ch\/de\/wie-wird-man-selbststaendiger-oder-freiberufler\/\" \/>\n<meta property=\"og:locale\" content=\"de_DE\" \/>\n<meta property=\"og:type\" content=\"article\" \/>\n<meta property=\"og:title\" content=\"Wie wird man Selbstst\u00e4ndiger oder Freiberufler? - EZYcount\" \/>\n<meta property=\"og:description\" content=\"Planen Sie, Ihr eigenes Unternehmen zu gr\u00fcnden? Stellen Sie sicher, dass Sie alle Informationen haben, die ein Freiberufler braucht\" \/>\n<meta property=\"og:url\" content=\"https:\/\/www.ezycount.ch\/de\/wie-wird-man-selbststaendiger-oder-freiberufler\/\" \/>\n<meta property=\"og:site_name\" content=\"EZYcount\" \/>\n<meta property=\"article:modified_time\" content=\"2021-05-16T11:43:26+00:00\" \/>\n<meta property=\"og:image\" content=\"https:\/\/www.ezycount.ch\/wp-content\/uploads\/2021\/04\/good-faces-6ZpITFRMVFk-unsplash-scaled.jpg\" \/>\n<meta name=\"twitter:card\" content=\"summary_large_image\" \/>\n<meta name=\"twitter:label1\" content=\"Gesch\u00e4tzte Lesezeit\" \/>\n\t<meta name=\"twitter:data1\" content=\"4\u00a0Minuten\" \/>\n<script type=\"application\/ld+json\" class=\"yoast-schema-graph\">{\"@context\":\"https:\/\/schema.org\",\"@graph\":[{\"@type\":\"WebPage\",\"@id\":\"https:\/\/www.ezycount.ch\/de\/wie-wird-man-selbststaendiger-oder-freiberufler\/\",\"url\":\"https:\/\/www.ezycount.ch\/de\/wie-wird-man-selbststaendiger-oder-freiberufler\/\",\"name\":\"Wie wird man Selbstst\u00e4ndiger oder Freiberufler? - EZYcount\",\"isPartOf\":{\"@id\":\"https:\/\/www.ezycount.ch\/fr\/#website\"},\"primaryImageOfPage\":{\"@id\":\"https:\/\/www.ezycount.ch\/de\/wie-wird-man-selbststaendiger-oder-freiberufler\/#primaryimage\"},\"image\":{\"@id\":\"https:\/\/www.ezycount.ch\/de\/wie-wird-man-selbststaendiger-oder-freiberufler\/#primaryimage\"},\"thumbnailUrl\":\"https:\/\/www.ezycount.ch\/wp-content\/uploads\/2021\/04\/good-faces-6ZpITFRMVFk-unsplash-scaled.jpg\",\"datePublished\":\"2021-03-23T10:34:26+00:00\",\"dateModified\":\"2021-05-16T11:43:26+00:00\",\"description\":\"Planen Sie, Ihr eigenes Unternehmen zu gr\u00fcnden? Stellen Sie sicher, dass Sie alle Informationen haben, die ein Freiberufler braucht\",\"breadcrumb\":{\"@id\":\"https:\/\/www.ezycount.ch\/de\/wie-wird-man-selbststaendiger-oder-freiberufler\/#breadcrumb\"},\"inLanguage\":\"de\",\"potentialAction\":[{\"@type\":\"ReadAction\",\"target\":[\"https:\/\/www.ezycount.ch\/de\/wie-wird-man-selbststaendiger-oder-freiberufler\/\"]}]},{\"@type\":\"ImageObject\",\"inLanguage\":\"de\",\"@id\":\"https:\/\/www.ezycount.ch\/de\/wie-wird-man-selbststaendiger-oder-freiberufler\/#primaryimage\",\"url\":\"https:\/\/www.ezycount.ch\/wp-content\/uploads\/2021\/04\/good-faces-6ZpITFRMVFk-unsplash-scaled.jpg\",\"contentUrl\":\"https:\/\/www.ezycount.ch\/wp-content\/uploads\/2021\/04\/good-faces-6ZpITFRMVFk-unsplash-scaled.jpg\"},{\"@type\":\"BreadcrumbList\",\"@id\":\"https:\/\/www.ezycount.ch\/de\/wie-wird-man-selbststaendiger-oder-freiberufler\/#breadcrumb\",\"itemListElement\":[{\"@type\":\"ListItem\",\"position\":1,\"name\":\"Home\",\"item\":\"https:\/\/www.ezycount.ch\/de\/\"},{\"@type\":\"ListItem\",\"position\":2,\"name\":\"Wie wird man Selbstst\u00e4ndiger oder Freiberufler?\"}]},{\"@type\":\"WebSite\",\"@id\":\"https:\/\/www.ezycount.ch\/fr\/#website\",\"url\":\"https:\/\/www.ezycount.ch\/fr\/\",\"name\":\"EZYcount\",\"description\":\"Simplifiez votre comptabilit\u00e9 et gagnez du temps\",\"potentialAction\":[{\"@type\":\"SearchAction\",\"target\":{\"@type\":\"EntryPoint\",\"urlTemplate\":\"https:\/\/www.ezycount.ch\/fr\/?s={search_term_string}\"},\"query-input\":{\"@type\":\"PropertyValueSpecification\",\"valueRequired\":true,\"valueName\":\"search_term_string\"}}],\"inLanguage\":\"de\"}]}<\/script>\n<!-- \/ Yoast SEO plugin. -->","yoast_head_json":{"title":"Wie wird man Selbstst\u00e4ndiger oder Freiberufler? - EZYcount","description":"Planen Sie, Ihr eigenes Unternehmen zu gr\u00fcnden? Stellen Sie sicher, dass Sie alle Informationen haben, die ein Freiberufler braucht","robots":{"index":"index","follow":"follow","max-snippet":"max-snippet:-1","max-image-preview":"max-image-preview:large","max-video-preview":"max-video-preview:-1"},"canonical":"https:\/\/www.ezycount.ch\/de\/wie-wird-man-selbststaendiger-oder-freiberufler\/","og_locale":"de_DE","og_type":"article","og_title":"Wie wird man Selbstst\u00e4ndiger oder Freiberufler? - EZYcount","og_description":"Planen Sie, Ihr eigenes Unternehmen zu gr\u00fcnden? Stellen Sie sicher, dass Sie alle Informationen haben, die ein Freiberufler braucht","og_url":"https:\/\/www.ezycount.ch\/de\/wie-wird-man-selbststaendiger-oder-freiberufler\/","og_site_name":"EZYcount","article_modified_time":"2021-05-16T11:43:26+00:00","og_image":[{"url":"https:\/\/www.ezycount.ch\/wp-content\/uploads\/2021\/04\/good-faces-6ZpITFRMVFk-unsplash-scaled.jpg","type":"","width":"","height":""}],"twitter_card":"summary_large_image","twitter_misc":{"Gesch\u00e4tzte Lesezeit":"4\u00a0Minuten"},"schema":{"@context":"https:\/\/schema.org","@graph":[{"@type":"WebPage","@id":"https:\/\/www.ezycount.ch\/de\/wie-wird-man-selbststaendiger-oder-freiberufler\/","url":"https:\/\/www.ezycount.ch\/de\/wie-wird-man-selbststaendiger-oder-freiberufler\/","name":"Wie wird man Selbstst\u00e4ndiger oder Freiberufler? - EZYcount","isPartOf":{"@id":"https:\/\/www.ezycount.ch\/fr\/#website"},"primaryImageOfPage":{"@id":"https:\/\/www.ezycount.ch\/de\/wie-wird-man-selbststaendiger-oder-freiberufler\/#primaryimage"},"image":{"@id":"https:\/\/www.ezycount.ch\/de\/wie-wird-man-selbststaendiger-oder-freiberufler\/#primaryimage"},"thumbnailUrl":"https:\/\/www.ezycount.ch\/wp-content\/uploads\/2021\/04\/good-faces-6ZpITFRMVFk-unsplash-scaled.jpg","datePublished":"2021-03-23T10:34:26+00:00","dateModified":"2021-05-16T11:43:26+00:00","description":"Planen Sie, Ihr eigenes Unternehmen zu gr\u00fcnden? Stellen Sie sicher, dass Sie alle Informationen haben, die ein Freiberufler braucht","breadcrumb":{"@id":"https:\/\/www.ezycount.ch\/de\/wie-wird-man-selbststaendiger-oder-freiberufler\/#breadcrumb"},"inLanguage":"de","potentialAction":[{"@type":"ReadAction","target":["https:\/\/www.ezycount.ch\/de\/wie-wird-man-selbststaendiger-oder-freiberufler\/"]}]},{"@type":"ImageObject","inLanguage":"de","@id":"https:\/\/www.ezycount.ch\/de\/wie-wird-man-selbststaendiger-oder-freiberufler\/#primaryimage","url":"https:\/\/www.ezycount.ch\/wp-content\/uploads\/2021\/04\/good-faces-6ZpITFRMVFk-unsplash-scaled.jpg","contentUrl":"https:\/\/www.ezycount.ch\/wp-content\/uploads\/2021\/04\/good-faces-6ZpITFRMVFk-unsplash-scaled.jpg"},{"@type":"BreadcrumbList","@id":"https:\/\/www.ezycount.ch\/de\/wie-wird-man-selbststaendiger-oder-freiberufler\/#breadcrumb","itemListElement":[{"@type":"ListItem","position":1,"name":"Home","item":"https:\/\/www.ezycount.ch\/de\/"},{"@type":"ListItem","position":2,"name":"Wie wird man Selbstst\u00e4ndiger oder Freiberufler?"}]},{"@type":"WebSite","@id":"https:\/\/www.ezycount.ch\/fr\/#website","url":"https:\/\/www.ezycount.ch\/fr\/","name":"EZYcount","description":"Simplifiez votre comptabilit\u00e9 et gagnez du temps","potentialAction":[{"@type":"SearchAction","target":{"@type":"EntryPoint","urlTemplate":"https:\/\/www.ezycount.ch\/fr\/?s={search_term_string}"},"query-input":{"@type":"PropertyValueSpecification","valueRequired":true,"valueName":"search_term_string"}}],"inLanguage":"de"}]}},"_links":{"self":[{"href":"https:\/\/www.ezycount.ch\/de\/wp-json\/wp\/v2\/pages\/10788","targetHints":{"allow":["GET"]}}],"collection":[{"href":"https:\/\/www.ezycount.ch\/de\/wp-json\/wp\/v2\/pages"}],"about":[{"href":"https:\/\/www.ezycount.ch\/de\/wp-json\/wp\/v2\/types\/page"}],"author":[{"embeddable":true,"href":"https:\/\/www.ezycount.ch\/de\/wp-json\/wp\/v2\/users\/4"}],"replies":[{"embeddable":true,"href":"https:\/\/www.ezycount.ch\/de\/wp-json\/wp\/v2\/comments?post=10788"}],"version-history":[{"count":48,"href":"https:\/\/www.ezycount.ch\/de\/wp-json\/wp\/v2\/pages\/10788\/revisions"}],"predecessor-version":[{"id":13222,"href":"https:\/\/www.ezycount.ch\/de\/wp-json\/wp\/v2\/pages\/10788\/revisions\/13222"}],"wp:attachment":[{"href":"https:\/\/www.ezycount.ch\/de\/wp-json\/wp\/v2\/media?parent=10788"}],"curies":[{"name":"wp","href":"https:\/\/api.w.org\/{rel}","templated":true}]}}