{"id":10812,"date":"2021-03-23T12:07:56","date_gmt":"2021-03-23T11:07:56","guid":{"rendered":"https:\/\/www.ezycount.ch\/?page_id=10812"},"modified":"2021-05-16T13:01:54","modified_gmt":"2021-05-16T12:01:54","slug":"wie-man-ein-besserer-freiberufler-selbstaendiger-wird","status":"publish","type":"page","link":"https:\/\/www.ezycount.ch\/de\/wie-man-ein-besserer-freiberufler-selbstaendiger-wird\/","title":{"rendered":"Wie man ein besserer Freiberufler\/ Selbst\u00e4ndiger wird"},"content":{"rendered":"<h1 style=\"\">Wie man ein besserer Freiberufler\/Selbst\u00e4ndiger\/Unternehmer wird<\/h1>\n<p>Ihr eigener Chef zu sein, ist keine leichte Aufgabe. Als Unternehmer \/ Freiberufler \/ Selbst\u00e4ndiger brauchen Sie ein gutes Ma\u00df an Selbsterkenntnis, damit Sie Bereiche erkennen, die verbessert werden m\u00fcssen.Sie brauchen viele F\u00e4higkeiten, um Ihren Kundenstamm zu vergr\u00f6\u00dfern, Ihre Verkaufszahlen zu verbessern, alle Ihre Verwaltungsaufgaben zu erledigen und daf\u00fcr zu sorgen, dass Sie Ihre Kundenversprechen einhalten. H\u00f6ren Sie nie auf zu lernen und bilden Sie sich weiter. Eine gute M\u00f6glichkeit, dies zu tun, ist das Zuh\u00f6ren und Beobachten erfolgreicher Selbst\u00e4ndiger. Lernen Sie von anderen, damit Sie wachsen k\u00f6nnen und die F\u00e4higkeiten beherrschen, die Sie brauchen.Wir von EZYcount haben mehr als 1&#8217;000 Selbstst\u00e4ndige in der Schweiz getroffen und die besten Tipps, die wir gesehen haben, gesammelt. Diese Leitf\u00e4den werden Sie durch die wertvollsten Ideen und Inhalte f\u00fchren. Unser Ziel ist es, zu helfen und weiterzubilden, damit Sie noch besser werden in dem, was Sie tun.<\/p>\n<p><strong>Meist gesehene Inhalte:<\/strong><\/p>\n<p style=\"\">\n<p>    __CONFIG_colors_palette__{&#8222;active_palette&#8220;:0,&#8220;config&#8220;:{&#8222;colors&#8220;:{&#8222;9bd08&#8220;:{&#8222;name&#8220;:&#8220;Main Accent&#8220;,&#8220;parent&#8220;:-1}},&#8220;gradients&#8220;:[]},&#8220;palettes&#8220;:[{&#8222;name&#8220;:&#8220;Default Palette&#8220;,&#8220;value&#8220;:{&#8222;colors&#8220;:{&#8222;9bd08&#8220;:{&#8222;val&#8220;:&#8220;rgb(245, 168, 28)&#8220;}},&#8220;gradients&#8220;:[]},&#8220;original&#8220;:{&#8222;colors&#8220;:{&#8222;9bd08&#8220;:{&#8222;val&#8220;:&#8220;rgb(19, 114, 211)&#8220;,&#8220;hsl&#8220;:{&#8222;h&#8220;:210,&#8220;s&#8220;:0.83,&#8220;l&#8220;:0.45}}},&#8220;gradients&#8220;:[]}}]}__CONFIG_colors_palette__ <a href=\"https:\/\/www.ezycount.ch\/de\/\" style=\"\" target=\"_blank\" rel=\"noopener\"><span>        <\/span> <span><span style=\"\">Buchhaltung<\/span><span><\/span><\/span> <\/a> <\/p>\n<p style=\"\">Eine einfach zu bedienende, sichere Online-Buchhaltungs- und Rechnungsplattform f\u00fcr KMUs und Selbstst\u00e4ndige.<\/p>\n<p>      __CONFIG_colors_palette__{&#8222;active_palette&#8220;:0,&#8220;config&#8220;:{&#8222;colors&#8220;:{&#8222;9bd08&#8220;:{&#8222;name&#8220;:&#8220;Main Accent&#8220;,&#8220;parent&#8220;:-1}},&#8220;gradients&#8220;:[]},&#8220;palettes&#8220;:[{&#8222;name&#8220;:&#8220;Default Palette&#8220;,&#8220;value&#8220;:{&#8222;colors&#8220;:{&#8222;9bd08&#8220;:{&#8222;val&#8220;:&#8220;hsla(var(&#8211;tcb-main-master-h, 210), var(&#8211;tcb-main-master-s, 77%), var(&#8211;tcb-main-master-l, 54%), 1)&#8220;}},&#8220;gradients&#8220;:[]},&#8220;original&#8220;:{&#8222;colors&#8220;:{&#8222;9bd08&#8220;:{&#8222;val&#8220;:&#8220;rgb(19, 114, 211)&#8220;,&#8220;hsl&#8220;:{&#8222;h&#8220;:210,&#8220;s&#8220;:0.83,&#8220;l&#8220;:0.45}}},&#8220;gradients&#8220;:[]}}]}__CONFIG_colors_palette__ <a href=\"https:\/\/www.ezycount.ch\/de\/wie-konnen-sie-ihr-buro-einfach-organisieren\/\" style=\"\"><span>        <\/span> <span><span style=\"\">Wie k\u00f6nnen Sie Ihr B\u00fcro organisieren?<\/span><span><\/span><\/span> <\/a> <\/p>\n<p style=\"\">Es braucht keine schwierige L\u00f6sung, nur die richtige. Ein kurzes Video und 8 schnelle Schritte, um Ihr B\u00fcro einfach aufzur\u00e4umen und zu organisieren.<\/p>\n<p>      __CONFIG_colors_palette__{&#8222;active_palette&#8220;:0,&#8220;config&#8220;:{&#8222;colors&#8220;:{&#8222;9bd08&#8220;:{&#8222;name&#8220;:&#8220;Main Accent&#8220;,&#8220;parent&#8220;:-1}},&#8220;gradients&#8220;:[]},&#8220;palettes&#8220;:[{&#8222;name&#8220;:&#8220;Default Palette&#8220;,&#8220;value&#8220;:{&#8222;colors&#8220;:{&#8222;9bd08&#8220;:{&#8222;val&#8220;:&#8220;hsla(var(&#8211;tcb-main-master-h, 210), var(&#8211;tcb-main-master-s, 77%), var(&#8211;tcb-main-master-l, 54%), 1)&#8220;}},&#8220;gradients&#8220;:[]},&#8220;original&#8220;:{&#8222;colors&#8220;:{&#8222;9bd08&#8220;:{&#8222;val&#8220;:&#8220;rgb(19, 114, 211)&#8220;,&#8220;hsl&#8220;:{&#8222;h&#8220;:210,&#8220;s&#8220;:0.83,&#8220;l&#8220;:0.45}}},&#8220;gradients&#8220;:[]}}]}__CONFIG_colors_palette__ <a href=\"https:\/\/www.ezycount.ch\/de\/wie-erstellt-man-gesetzliche-schweizer-rechnungen\/\" style=\"\" target=\"_blank\" rel=\"noopener\"><span>        <\/span> <span><span style=\"\">Rechnungsstellung<\/span><span><\/span><\/span> <\/a> <\/p>\n<p style=\"\">Alle notwendigen Informationen wie gesetzliche Vorgaben und n\u00fctzliche Tipps zur Erstellung von Schweizer Standardrechnungen<\/p>\n<p>      __CONFIG_colors_palette__{&#8222;active_palette&#8220;:0,&#8220;config&#8220;:{&#8222;colors&#8220;:{&#8222;9bd08&#8220;:{&#8222;name&#8220;:&#8220;Main Accent&#8220;,&#8220;parent&#8220;:-1}},&#8220;gradients&#8220;:[]},&#8220;palettes&#8220;:[{&#8222;name&#8220;:&#8220;Default Palette&#8220;,&#8220;value&#8220;:{&#8222;colors&#8220;:{&#8222;9bd08&#8220;:{&#8222;val&#8220;:&#8220;hsla(var(&#8211;tcb-main-master-h, 210), var(&#8211;tcb-main-master-s, 77%), var(&#8211;tcb-main-master-l, 54%), 1)&#8220;}},&#8220;gradients&#8220;:[]},&#8220;original&#8220;:{&#8222;colors&#8220;:{&#8222;9bd08&#8220;:{&#8222;val&#8220;:&#8220;rgb(19, 114, 211)&#8220;,&#8220;hsl&#8220;:{&#8222;h&#8220;:210,&#8220;s&#8220;:0.83,&#8220;l&#8220;:0.45}}},&#8220;gradients&#8220;:[]}}]}__CONFIG_colors_palette__ <a href=\"https:\/\/www.ezycount.ch\/de\/startup-bewertungsmodell-free-excel\/\" style=\"\" target=\"_blank\" rel=\"noopener\"><span>        <\/span> <span><span style=\"\">Startup-Bewertung&nbsp;<\/span><span><\/span><\/span> <\/a> <\/p>\n<p style=\"\">Kennen Sie den Barwert aller zuk\u00fcnftigen Gewinne Ihres Unternehmens? Laden Sie das perfekte Startup-Bewertungsmodell kostenlos herunter.<\/p>\n<p>  __CONFIG_group_edit__{&#8222;kbjp1vpj&#8220;:{&#8222;name&#8220;:&#8220;All Logo(s)&#8220;,&#8220;singular&#8220;:&#8220;&#8211; Logo %s&#8220;},&#8220;kbjp1xfn&#8220;:{&#8222;name&#8220;:&#8220;All Title(s)&#8220;,&#8220;singular&#8220;:&#8220;&#8211; Text %s&#8220;},&#8220;kbjp22kc&#8220;:{&#8222;name&#8220;:&#8220;All Paragraph(s)&#8220;,&#8220;singular&#8220;:&#8220;&#8211; Text %s&#8220;},&#8220;kbjp2ag5&#8243;:{&#8222;name&#8220;:&#8220;All Read Review Button(s)&#8220;,&#8220;singular&#8220;:&#8220;&#8211; Button %s&#8220;},&#8220;kbjp3xj6&#8243;:{&#8222;name&#8220;:&#8220;All Visit Website Button(s)&#8220;,&#8220;singular&#8220;:&#8220;&#8211; Button %s&#8220;},&#8220;kbjp44dp&#8220;:{&#8222;name&#8220;:&#8220;All Buttons Column(s)&#8220;,&#8220;singular&#8220;:&#8220;&#8211; Column %s&#8220;},&#8220;kbjp4d43&#8243;:{&#8222;name&#8220;:&#8220;All Text Column(s)&#8220;,&#8220;singular&#8220;:&#8220;&#8211; Column %s&#8220;},&#8220;kbjp4k9i&#8220;:{&#8222;name&#8220;:&#8220;All Content Box(s)&#8220;,&#8220;singular&#8220;:&#8220;&#8211; Content Box %s&#8220;},&#8220;kbjp4mck&#8220;:{&#8222;name&#8220;:&#8220;All Content Box(s)&#8220;,&#8220;singular&#8220;:&#8220;&#8211; Content Box %s&#8220;}}__CONFIG_group_edit____CONFIG_local_colors__{&#8222;colors&#8220;:{},&#8220;gradients&#8220;:{}}__CONFIG_local_colors__<a href=\"https:\/\/www.ezycount.ch\/de\/organisieren-sie-ihr-buero-effizienter\/\" target=\"_blank\" rel=\"noopener\"><\/p>\n<h2 style=\"text-align: center; color: rgb(245, 168, 28) !important; --tcb-applied-color:rgb(245, 168, 28)  !important;\"><span style=\"text-decoration: underline; --tcb-applied-color:rgb(245, 168, 28)  !important;\">Enter Organisieren Sie Ihr B\u00fcro erfolgreich<\/span><\/h2>\n<p style=\"\">Wie Sie Ihr B\u00fcro aufr\u00e4umen und organisieren, um effizienter bei Ihren administrativen Aufgaben zu sein.<\/p>\n<p><\/a><a href=\"https:\/\/www.ezycount.ch\/de\/wie-erstellt-man-gesetzliche-schweizer-rechnungen\/\" target=\"_blank\" rel=\"noopener\"><\/p>\n<h2 style=\"text-align: center;\"><span style=\"text-decoration: underline;\">Wie erstellt man gesetzliche Schweizer Rechnungen?<\/span><\/h2>\n<p style=\"\">Rechnungen zu versenden ist gut. Geld zu erhalten ist noch besser. Hier finden Sie alle Informationen, die Sie ben\u00f6tigen, um rechtskonforme und vollst\u00e4ndige Schweizer Rechnungen zu erstellen.<\/p>\n<p><\/a><a href=\"https:\/\/www.ezycount.ch\/de\/\" target=\"_blank\" rel=\"noopener\"><\/p>\n<h2 style=\"text-align: center;\"><span style=\"text-decoration: underline;\">Wie Sie Ihre eigene Buchhaltung f\u00fchren<\/span><\/h2>\n<p style=\"\">Ein einfach zu bedienendes, sicheres Online-Buchhaltungsprogramm.<\/p>\n<p><\/a><\/p>\n<p>F\u00fcr weitere Ressourcen folgen Sie dem <a href=\"https:\/\/www.ezycount.ch\/de\/kostenlose-ressourcen\/\" target=\"_blank\" style=\"outline: none;\" rel=\"noopener\">Link<\/a>.<\/p>\n","protected":false},"excerpt":{"rendered":"<p>Wie man ein besserer Freiberufler\/Selbst\u00e4ndiger\/Unternehmer wird Ihr eigener Chef zu sein, ist keine leichte Aufgabe. Als Unternehmer \/ Freiberufler \/ Selbst\u00e4ndiger brauchen Sie ein gutes Ma\u00df an Selbsterkenntnis, damit Sie Bereiche erkennen, die verbessert werden m\u00fcssen.Sie brauchen viele F\u00e4higkeiten, um Ihren Kundenstamm zu vergr\u00f6\u00dfern, Ihre Verkaufszahlen zu verbessern, alle Ihre Verwaltungsaufgaben zu erledigen und daf\u00fcr [&hellip;]<\/p>\n","protected":false},"author":4,"featured_media":0,"parent":0,"menu_order":0,"comment_status":"closed","ping_status":"closed","template":"","meta":{"footnotes":""},"class_list":["post-10812","page","type-page","status-publish","hentry","post-wrapper","thrv_wrapper"],"yoast_head":"<!-- This site is optimized with the Yoast SEO plugin v25.3 - https:\/\/yoast.com\/wordpress\/plugins\/seo\/ -->\n<title>Wie man ein besserer Freiberufler\/ Selbst\u00e4ndiger wird - EZYcount<\/title>\n<meta name=\"description\" content=\"Schweizer Leitfaden, um ein besserer Freiberufler oder Selbst\u00e4ndiger zu sein. Meistern Sie so viele F\u00e4higkeiten, wie Sie brauchen.\" \/>\n<meta name=\"robots\" content=\"index, follow, max-snippet:-1, max-image-preview:large, max-video-preview:-1\" \/>\n<link rel=\"canonical\" href=\"https:\/\/www.ezycount.ch\/de\/wie-man-ein-besserer-freiberufler-selbstaendiger-wird\/\" \/>\n<meta property=\"og:locale\" content=\"de_DE\" \/>\n<meta property=\"og:type\" content=\"article\" \/>\n<meta property=\"og:title\" content=\"Wie man ein besserer Freiberufler\/ Selbst\u00e4ndiger wird - EZYcount\" \/>\n<meta property=\"og:description\" content=\"Schweizer Leitfaden, um ein besserer Freiberufler oder Selbst\u00e4ndiger zu sein. Meistern Sie so viele F\u00e4higkeiten, wie Sie brauchen.\" \/>\n<meta property=\"og:url\" content=\"https:\/\/www.ezycount.ch\/de\/wie-man-ein-besserer-freiberufler-selbstaendiger-wird\/\" \/>\n<meta property=\"og:site_name\" content=\"EZYcount\" \/>\n<meta property=\"article:modified_time\" content=\"2021-05-16T12:01:54+00:00\" \/>\n<meta name=\"twitter:card\" content=\"summary_large_image\" \/>\n<meta name=\"twitter:label1\" content=\"Gesch\u00e4tzte Lesezeit\" \/>\n\t<meta name=\"twitter:data1\" content=\"1\u00a0Minute\" \/>\n<script type=\"application\/ld+json\" class=\"yoast-schema-graph\">{\"@context\":\"https:\/\/schema.org\",\"@graph\":[{\"@type\":\"WebPage\",\"@id\":\"https:\/\/www.ezycount.ch\/de\/wie-man-ein-besserer-freiberufler-selbstaendiger-wird\/\",\"url\":\"https:\/\/www.ezycount.ch\/de\/wie-man-ein-besserer-freiberufler-selbstaendiger-wird\/\",\"name\":\"Wie man ein besserer Freiberufler\/ Selbst\u00e4ndiger wird - EZYcount\",\"isPartOf\":{\"@id\":\"https:\/\/www.ezycount.ch\/fr\/#website\"},\"datePublished\":\"2021-03-23T11:07:56+00:00\",\"dateModified\":\"2021-05-16T12:01:54+00:00\",\"description\":\"Schweizer Leitfaden, um ein besserer Freiberufler oder Selbst\u00e4ndiger zu sein. Meistern Sie so viele F\u00e4higkeiten, wie Sie brauchen.\",\"breadcrumb\":{\"@id\":\"https:\/\/www.ezycount.ch\/de\/wie-man-ein-besserer-freiberufler-selbstaendiger-wird\/#breadcrumb\"},\"inLanguage\":\"de\",\"potentialAction\":[{\"@type\":\"ReadAction\",\"target\":[\"https:\/\/www.ezycount.ch\/de\/wie-man-ein-besserer-freiberufler-selbstaendiger-wird\/\"]}]},{\"@type\":\"BreadcrumbList\",\"@id\":\"https:\/\/www.ezycount.ch\/de\/wie-man-ein-besserer-freiberufler-selbstaendiger-wird\/#breadcrumb\",\"itemListElement\":[{\"@type\":\"ListItem\",\"position\":1,\"name\":\"Home\",\"item\":\"https:\/\/www.ezycount.ch\/de\/\"},{\"@type\":\"ListItem\",\"position\":2,\"name\":\"Wie man ein besserer Freiberufler\/ Selbst\u00e4ndiger wird\"}]},{\"@type\":\"WebSite\",\"@id\":\"https:\/\/www.ezycount.ch\/fr\/#website\",\"url\":\"https:\/\/www.ezycount.ch\/fr\/\",\"name\":\"EZYcount\",\"description\":\"Simplifiez votre comptabilit\u00e9 et gagnez du temps\",\"potentialAction\":[{\"@type\":\"SearchAction\",\"target\":{\"@type\":\"EntryPoint\",\"urlTemplate\":\"https:\/\/www.ezycount.ch\/fr\/?s={search_term_string}\"},\"query-input\":{\"@type\":\"PropertyValueSpecification\",\"valueRequired\":true,\"valueName\":\"search_term_string\"}}],\"inLanguage\":\"de\"}]}<\/script>\n<!-- \/ Yoast SEO plugin. -->","yoast_head_json":{"title":"Wie man ein besserer Freiberufler\/ Selbst\u00e4ndiger wird - EZYcount","description":"Schweizer Leitfaden, um ein besserer Freiberufler oder Selbst\u00e4ndiger zu sein. Meistern Sie so viele F\u00e4higkeiten, wie Sie brauchen.","robots":{"index":"index","follow":"follow","max-snippet":"max-snippet:-1","max-image-preview":"max-image-preview:large","max-video-preview":"max-video-preview:-1"},"canonical":"https:\/\/www.ezycount.ch\/de\/wie-man-ein-besserer-freiberufler-selbstaendiger-wird\/","og_locale":"de_DE","og_type":"article","og_title":"Wie man ein besserer Freiberufler\/ Selbst\u00e4ndiger wird - EZYcount","og_description":"Schweizer Leitfaden, um ein besserer Freiberufler oder Selbst\u00e4ndiger zu sein. Meistern Sie so viele F\u00e4higkeiten, wie Sie brauchen.","og_url":"https:\/\/www.ezycount.ch\/de\/wie-man-ein-besserer-freiberufler-selbstaendiger-wird\/","og_site_name":"EZYcount","article_modified_time":"2021-05-16T12:01:54+00:00","twitter_card":"summary_large_image","twitter_misc":{"Gesch\u00e4tzte Lesezeit":"1\u00a0Minute"},"schema":{"@context":"https:\/\/schema.org","@graph":[{"@type":"WebPage","@id":"https:\/\/www.ezycount.ch\/de\/wie-man-ein-besserer-freiberufler-selbstaendiger-wird\/","url":"https:\/\/www.ezycount.ch\/de\/wie-man-ein-besserer-freiberufler-selbstaendiger-wird\/","name":"Wie man ein besserer Freiberufler\/ Selbst\u00e4ndiger wird - EZYcount","isPartOf":{"@id":"https:\/\/www.ezycount.ch\/fr\/#website"},"datePublished":"2021-03-23T11:07:56+00:00","dateModified":"2021-05-16T12:01:54+00:00","description":"Schweizer Leitfaden, um ein besserer Freiberufler oder Selbst\u00e4ndiger zu sein. Meistern Sie so viele F\u00e4higkeiten, wie Sie brauchen.","breadcrumb":{"@id":"https:\/\/www.ezycount.ch\/de\/wie-man-ein-besserer-freiberufler-selbstaendiger-wird\/#breadcrumb"},"inLanguage":"de","potentialAction":[{"@type":"ReadAction","target":["https:\/\/www.ezycount.ch\/de\/wie-man-ein-besserer-freiberufler-selbstaendiger-wird\/"]}]},{"@type":"BreadcrumbList","@id":"https:\/\/www.ezycount.ch\/de\/wie-man-ein-besserer-freiberufler-selbstaendiger-wird\/#breadcrumb","itemListElement":[{"@type":"ListItem","position":1,"name":"Home","item":"https:\/\/www.ezycount.ch\/de\/"},{"@type":"ListItem","position":2,"name":"Wie man ein besserer Freiberufler\/ Selbst\u00e4ndiger wird"}]},{"@type":"WebSite","@id":"https:\/\/www.ezycount.ch\/fr\/#website","url":"https:\/\/www.ezycount.ch\/fr\/","name":"EZYcount","description":"Simplifiez votre comptabilit\u00e9 et gagnez du temps","potentialAction":[{"@type":"SearchAction","target":{"@type":"EntryPoint","urlTemplate":"https:\/\/www.ezycount.ch\/fr\/?s={search_term_string}"},"query-input":{"@type":"PropertyValueSpecification","valueRequired":true,"valueName":"search_term_string"}}],"inLanguage":"de"}]}},"_links":{"self":[{"href":"https:\/\/www.ezycount.ch\/de\/wp-json\/wp\/v2\/pages\/10812","targetHints":{"allow":["GET"]}}],"collection":[{"href":"https:\/\/www.ezycount.ch\/de\/wp-json\/wp\/v2\/pages"}],"about":[{"href":"https:\/\/www.ezycount.ch\/de\/wp-json\/wp\/v2\/types\/page"}],"author":[{"embeddable":true,"href":"https:\/\/www.ezycount.ch\/de\/wp-json\/wp\/v2\/users\/4"}],"replies":[{"embeddable":true,"href":"https:\/\/www.ezycount.ch\/de\/wp-json\/wp\/v2\/comments?post=10812"}],"version-history":[{"count":31,"href":"https:\/\/www.ezycount.ch\/de\/wp-json\/wp\/v2\/pages\/10812\/revisions"}],"predecessor-version":[{"id":13240,"href":"https:\/\/www.ezycount.ch\/de\/wp-json\/wp\/v2\/pages\/10812\/revisions\/13240"}],"wp:attachment":[{"href":"https:\/\/www.ezycount.ch\/de\/wp-json\/wp\/v2\/media?parent=10812"}],"curies":[{"name":"wp","href":"https:\/\/api.w.org\/{rel}","templated":true}]}}