{"id":11074,"date":"2021-03-26T19:55:08","date_gmt":"2021-03-26T18:55:08","guid":{"rendered":"https:\/\/www.ezycount.ch\/?page_id=11074"},"modified":"2021-11-09T22:53:22","modified_gmt":"2021-11-09T21:53:22","slug":"so-buchen-sie-automatisch-ihre-kreditkartenabrechnung","status":"publish","type":"page","link":"https:\/\/www.ezycount.ch\/de\/so-buchen-sie-automatisch-ihre-kreditkartenabrechnung\/","title":{"rendered":"So buchen Sie automatisch Ihre Kreditkartenabrechnung"},"content":{"rendered":"<h1 id=\"t-1616783290928\" style=\"\">So buchen Sie Ihre Kreditkartenabrechnung automatisch in Ihrem Buchhaltungsprogramm<\/h1>\n<p data-alt-text=\"Introduction\"><span data-preserver-spaces=\"true\"><span>Sie haben Ihre Kreditkartenabrechnung erhalten und wissen nicht, was Sie tun sollen?Vor vier Jahren musste ich einen gr\u00fcnen Textmarker benutzen, um Fehler bei der Erfassung meiner Ausgaben zu vermeiden. Dank der Technologie konnte ich einige alte Best Practices aufholen und kann meine digitale Kreditkartenabrechnung mit wenigen Klicks ins System \u00fcbertragen.Ich erkl\u00e4re Ihnen die wichtigsten Dinge, die Sie \u00fcber Ihre Kreditkarte wissen m\u00fcssen, und zeige Ihnen, wie Sie ein fortgeschrittener Benutzer Ihres Buchhaltungsprogramms werden.<\/span><\/span><\/p>\n<h3 style=\"\" id=\"t-1616783290929\">Was ist eine Kreditkarte?<\/h3>\n<p>Eine Kreditkarte ist ein spezieller Service einer Bank oder eines Finanzdienstleisters, der es Karteninhabern erm\u00f6glicht, sich Geld zu leihen, um damit Waren und Dienstleistungen bei H\u00e4ndlern zu bezahlen, die Karten zur Zahlung akzeptieren. Sie m\u00fcssen sich nur an ein paar Regeln anpassen, wie z.B. die Mindestabgabe oder die monatliche R\u00fcckzahlung. Sie k\u00f6nnen Waren und Dienstleistungen kaufen, ohne Ihr eigenes Geld einsetzen zu m\u00fcssen. Die meisten Unternehmer und Freiberufler nutzen Business-Kreditkarten, um ihre monatlichen Ausgaben zu finanzieren.<\/p>\n<h5 id=\"t-1616783290935\" style=\"\">Aufbau einer Kreditkarte<\/h5>\n<p><span><img decoding=\"async\" alt=\"Daten auf Ihrer Kreditkarte\" data-id=\"11102\" width=\"426\" data-init-width=\"525\" height=\"384\" data-init-height=\"473\" title=\"Daten auf Ihrer Kreditkarte\" loading=\"lazy\" src=\"https:\/\/www.ezycount.ch\/wp-content\/uploads\/2021\/03\/Screen-Shot-2021-03-26-at-7.51.26-PM.png\" data-width=\"426\" data-height=\"384\" style=\"\"><\/span><\/p>\n<h3 id=\"t-1616783290930\" style=\"\">Was ist der Unterschied zwischen einer Kreditkarte und einer Debitkarte?<\/h3>\n<p>Kreditkarten und Debitkarten sehen in der Regel fast identisch aus, mit 16-stelligen Kartennummern, Ablaufdaten und pers\u00f6nlichen Identifikationsnummern (PINs). Mit beiden k\u00f6nnen Sie einfach und bequem in Gesch\u00e4ften oder online einkaufen, mit einem entscheidenden Unterschied.Mit Debitkarten k\u00f6nnen Sie Geld ausgeben, indem Sie auf ein Guthaben zur\u00fcckgreifen, das Sie bei der Bank eingezahlt haben. Mit Kreditkarten k\u00f6nnen Sie sich bis zu einem bestimmten Limit Geld vom Kartenaussteller leihen, um damit einzukaufen oder Bargeld abzuheben.<\/p>\n<h3 id=\"t-1616783290931\" style=\"\">Was ist eine Kreditkartenabrechnung?<\/h3>\n<p>Die Kreditkartenabrechnung ist die Zusammenfassung dar\u00fcber, wie Sie Ihre Kreditkarte w\u00e4hrend eines Abrechnungszeitraums verwendet haben. Sie gibt Ihnen eine detaillierte Beschreibung, wann, wo, wof\u00fcr und wie viel Sie gezahlt haben. Alle Ihre Zahlungen, Kredite, K\u00e4ufe, \u00dcberweisungen, Bargeldvorsch\u00fcsse, Geb\u00fchren, Zinsen und andere Transaktionen werden aufgelistet.<\/p>\n<p style=\"\">Am Ende eines jeden Abrechnungszeitraums wird Ihnen eine Rechnung mit dem offenen Saldo zugeschickt. F\u00fcr den offenen Saldo fallen Zinsen an. Es h\u00e4ngt von Ihrem Anbieter ab, wann und wie hoch diese Zinsen sind. In der Schweiz erhalten Sie in der Regel Ihre Kreditkartenabrechnung und erst danach stellt Ihnen das Kreditkartenunternehmen die Zinsen in Rechnung.Wenn Sie Ihren Abrechnungssaldo 2-3 Tage vor dem F\u00e4lligkeitsdatum begleichen, reicht das normalerweise aus, um Zinsbelastungen zu vermeiden. Eine M\u00f6glichkeit, dies einzuschr\u00e4nken, ist, Ihre Kreditkarte so schnell wie m\u00f6glich aufzuladen, wenn Sie die Rechnung erhalten.<\/p>\n<h3 id=\"t-1616783290932\" style=\"\">Wo kann ich meine Kreditkartenabrechnung finden?<\/h3>\n<p>In der Regel erhalten Sie Ihre Kreditkartenabrechnung mit der Post, aber Sie k\u00f6nnen Ihre Einstellungen in Ihrem Konto \u00e4ndern. Wenn Sie sich f\u00fcr Online- oder papierlose Abrechnungen entschieden haben, erhalten Sie diese per E-Mail oder k\u00f6nnen sie direkt von der Website Ihres Kreditkartenausstellers herunterladen.Sie k\u00f6nnen gr\u00fcn sein <img decoding=\"async\" role=\"img\" alt=\"\u267b\ufe0f\" src=\"https:\/\/s.w.org\/images\/core\/emoji\/13.0.1\/svg\/267b.svg\"> und gleichzeitig wird die PDF-Formel n\u00fctzlicher f\u00fcr Sie sein.<\/p>\n<h3 id=\"t-1616783290933\" style=\"\">Importieren Sie Ihre Kreditkartentransaktionen in Ihr Buchhaltungssystem<\/h3>\n<p><strong>Meist gesehene Inhalte:<\/strong><\/p>\n<p style=\"\">\n<p>    __CONFIG_colors_palette__{&#8222;active_palette&#8220;:0,&#8220;config&#8220;:{&#8222;colors&#8220;:{&#8222;9bd08&#8220;:{&#8222;name&#8220;:&#8220;Main Accent&#8220;,&#8220;parent&#8220;:-1}},&#8220;gradients&#8220;:[]},&#8220;palettes&#8220;:[{&#8222;name&#8220;:&#8220;Default Palette&#8220;,&#8220;value&#8220;:{&#8222;colors&#8220;:{&#8222;9bd08&#8220;:{&#8222;val&#8220;:&#8220;rgb(245, 168, 28)&#8220;}},&#8220;gradients&#8220;:[]},&#8220;original&#8220;:{&#8222;colors&#8220;:{&#8222;9bd08&#8220;:{&#8222;val&#8220;:&#8220;rgb(19, 114, 211)&#8220;,&#8220;hsl&#8220;:{&#8222;h&#8220;:210,&#8220;s&#8220;:0.83,&#8220;l&#8220;:0.45}}},&#8220;gradients&#8220;:[]}}]}__CONFIG_colors_palette__ <a href=\"https:\/\/www.ezycount.ch\/de\/\" style=\"\" target=\"_blank\" rel=\"noopener\"><span>        <\/span> <span><span style=\"\">Buchhaltung<\/span><span><\/span><\/span> <\/a> <\/p>\n<p style=\"\">Eine einfach zu bedienende, sichere Online-Buchhaltungs- und Rechnungsplattform f\u00fcr KMUs und Selbstst\u00e4ndige.<\/p>\n<p>      __CONFIG_colors_palette__{&#8222;active_palette&#8220;:0,&#8220;config&#8220;:{&#8222;colors&#8220;:{&#8222;9bd08&#8220;:{&#8222;name&#8220;:&#8220;Main Accent&#8220;,&#8220;parent&#8220;:-1}},&#8220;gradients&#8220;:[]},&#8220;palettes&#8220;:[{&#8222;name&#8220;:&#8220;Default Palette&#8220;,&#8220;value&#8220;:{&#8222;colors&#8220;:{&#8222;9bd08&#8220;:{&#8222;val&#8220;:&#8220;hsla(var(&#8211;tcb-main-master-h, 210), var(&#8211;tcb-main-master-s, 77%), var(&#8211;tcb-main-master-l, 54%), 1)&#8220;}},&#8220;gradients&#8220;:[]},&#8220;original&#8220;:{&#8222;colors&#8220;:{&#8222;9bd08&#8220;:{&#8222;val&#8220;:&#8220;rgb(19, 114, 211)&#8220;,&#8220;hsl&#8220;:{&#8222;h&#8220;:210,&#8220;s&#8220;:0.83,&#8220;l&#8220;:0.45}}},&#8220;gradients&#8220;:[]}}]}__CONFIG_colors_palette__ <a href=\"https:\/\/www.ezycount.ch\/de\/wie-konnen-sie-ihr-buro-einfach-organisieren\/\" style=\"\"><span>        <\/span> <span><span style=\"\">Wie k\u00f6nnen Sie Ihr B\u00fcro organisieren?<\/span><span><\/span><\/span> <\/a> <\/p>\n<p style=\"\">Es braucht keine schwierige L\u00f6sung, nur die richtige. Ein kurzes Video und 8 schnelle Schritte, um Ihr B\u00fcro einfach aufzur\u00e4umen und zu organisieren.<\/p>\n<p>      __CONFIG_colors_palette__{&#8222;active_palette&#8220;:0,&#8220;config&#8220;:{&#8222;colors&#8220;:{&#8222;9bd08&#8220;:{&#8222;name&#8220;:&#8220;Main Accent&#8220;,&#8220;parent&#8220;:-1}},&#8220;gradients&#8220;:[]},&#8220;palettes&#8220;:[{&#8222;name&#8220;:&#8220;Default Palette&#8220;,&#8220;value&#8220;:{&#8222;colors&#8220;:{&#8222;9bd08&#8220;:{&#8222;val&#8220;:&#8220;hsla(var(&#8211;tcb-main-master-h, 210), var(&#8211;tcb-main-master-s, 77%), var(&#8211;tcb-main-master-l, 54%), 1)&#8220;}},&#8220;gradients&#8220;:[]},&#8220;original&#8220;:{&#8222;colors&#8220;:{&#8222;9bd08&#8220;:{&#8222;val&#8220;:&#8220;rgb(19, 114, 211)&#8220;,&#8220;hsl&#8220;:{&#8222;h&#8220;:210,&#8220;s&#8220;:0.83,&#8220;l&#8220;:0.45}}},&#8220;gradients&#8220;:[]}}]}__CONFIG_colors_palette__ <a href=\"https:\/\/www.ezycount.ch\/de\/wie-erstellt-man-gesetzliche-schweizer-rechnungen\/\" style=\"\" target=\"_blank\" rel=\"noopener\"><span>        <\/span> <span><span style=\"\">Rechnungsstellung<\/span><span><\/span><\/span> <\/a> <\/p>\n<p style=\"\">Alle notwendigen Informationen wie gesetzliche Vorgaben und n\u00fctzliche Tipps zur Erstellung von Schweizer Standardrechnungen<\/p>\n<p>      __CONFIG_colors_palette__{&#8222;active_palette&#8220;:0,&#8220;config&#8220;:{&#8222;colors&#8220;:{&#8222;9bd08&#8220;:{&#8222;name&#8220;:&#8220;Main Accent&#8220;,&#8220;parent&#8220;:-1}},&#8220;gradients&#8220;:[]},&#8220;palettes&#8220;:[{&#8222;name&#8220;:&#8220;Default Palette&#8220;,&#8220;value&#8220;:{&#8222;colors&#8220;:{&#8222;9bd08&#8220;:{&#8222;val&#8220;:&#8220;hsla(var(&#8211;tcb-main-master-h, 210), var(&#8211;tcb-main-master-s, 77%), var(&#8211;tcb-main-master-l, 54%), 1)&#8220;}},&#8220;gradients&#8220;:[]},&#8220;original&#8220;:{&#8222;colors&#8220;:{&#8222;9bd08&#8220;:{&#8222;val&#8220;:&#8220;rgb(19, 114, 211)&#8220;,&#8220;hsl&#8220;:{&#8222;h&#8220;:210,&#8220;s&#8220;:0.83,&#8220;l&#8220;:0.45}}},&#8220;gradients&#8220;:[]}}]}__CONFIG_colors_palette__ <a href=\"https:\/\/www.ezycount.ch\/de\/startup-bewertungsmodell-free-excel\/\" style=\"\" target=\"_blank\" rel=\"noopener\"><span>        <\/span> <span><span style=\"\">Startup-Bewertung&nbsp;<\/span><span><\/span><\/span> <\/a> <\/p>\n<p style=\"\">Kennen Sie den Barwert aller zuk\u00fcnftigen Gewinne Ihres Unternehmens? Laden Sie das perfekte Startup-Bewertungsmodell kostenlos herunter.<\/p>\n<p>  __CONFIG_group_edit__{&#8222;kbjp1vpj&#8220;:{&#8222;name&#8220;:&#8220;All Logo(s)&#8220;,&#8220;singular&#8220;:&#8220;&#8211; Logo %s&#8220;},&#8220;kbjp1xfn&#8220;:{&#8222;name&#8220;:&#8220;All Title(s)&#8220;,&#8220;singular&#8220;:&#8220;&#8211; Text %s&#8220;},&#8220;kbjp22kc&#8220;:{&#8222;name&#8220;:&#8220;All Paragraph(s)&#8220;,&#8220;singular&#8220;:&#8220;&#8211; Text %s&#8220;},&#8220;kbjp2ag5&#8243;:{&#8222;name&#8220;:&#8220;All Read Review Button(s)&#8220;,&#8220;singular&#8220;:&#8220;&#8211; Button %s&#8220;},&#8220;kbjp3xj6&#8243;:{&#8222;name&#8220;:&#8220;All Visit Website Button(s)&#8220;,&#8220;singular&#8220;:&#8220;&#8211; Button %s&#8220;},&#8220;kbjp44dp&#8220;:{&#8222;name&#8220;:&#8220;All Buttons Column(s)&#8220;,&#8220;singular&#8220;:&#8220;&#8211; Column %s&#8220;},&#8220;kbjp4d43&#8243;:{&#8222;name&#8220;:&#8220;All Text Column(s)&#8220;,&#8220;singular&#8220;:&#8220;&#8211; Column %s&#8220;},&#8220;kbjp4k9i&#8220;:{&#8222;name&#8220;:&#8220;All Content Box(s)&#8220;,&#8220;singular&#8220;:&#8220;&#8211; Content Box %s&#8220;},&#8220;kbjp4mck&#8220;:{&#8222;name&#8220;:&#8220;All Content Box(s)&#8220;,&#8220;singular&#8220;:&#8220;&#8211; Content Box %s&#8220;}}__CONFIG_group_edit____CONFIG_local_colors__{&#8222;colors&#8220;:{},&#8220;gradients&#8220;:{}}__CONFIG_local_colors____CONFIG_colors_palette__{&#8222;active_palette&#8220;:0,&#8220;config&#8220;:{&#8222;colors&#8220;:{&#8222;55242&#8220;:{&#8222;name&#8220;:&#8220;Accent Lighter&#8220;,&#8220;parent&#8220;:&#8220;3c75f&#8220;,&#8220;lock&#8220;:{&#8222;saturation&#8220;:0,&#8220;lightness&#8220;:1}},&#8220;3c75f&#8220;:{&#8222;name&#8220;:&#8220;Main Accent&#8220;,&#8220;parent&#8220;:-1},&#8220;965f3&#8243;:{&#8222;name&#8220;:&#8220;Accent Transparent&#8220;,&#8220;parent&#8220;:&#8220;3c75f&#8220;}},&#8220;gradients&#8220;:[]},&#8220;palettes&#8220;:[{&#8222;name&#8220;:&#8220;Default&#8220;,&#8220;value&#8220;:{&#8222;colors&#8220;:{&#8222;55242&#8220;:{&#8222;val&#8220;:&#8220;rgb(198, 199, 199)&#8220;,&#8220;hsl_parent_dependency&#8220;:{&#8222;h&#8220;:144,&#8220;l&#8220;:0.78,&#8220;s&#8220;:-0.01}},&#8220;3c75f&#8220;:{&#8222;val&#8220;:&#8220;var(&#8211;tcb-skin-color-0)&#8220;},&#8220;965f3&#8243;:{&#8222;val&#8220;:&#8220;rgba(245, 165, 25, 0.47)&#8220;,&#8220;hsl_parent_dependency&#8220;:{&#8222;h&#8220;:38,&#8220;l&#8220;:0.53,&#8220;s&#8220;:0.92}}},&#8220;gradients&#8220;:[]},&#8220;original&#8220;:{&#8222;colors&#8220;:{&#8222;55242&#8220;:{&#8222;val&#8220;:&#8220;rgb(201, 201, 201)&#8220;,&#8220;hsl_parent_dependency&#8220;:{&#8222;h&#8220;:0,&#8220;s&#8220;:0,&#8220;l&#8220;:0.78}},&#8220;3c75f&#8220;:{&#8222;val&#8220;:&#8220;rgb(102, 57, 248)&#8220;,&#8220;hsl&#8220;:{&#8222;h&#8220;:254,&#8220;s&#8220;:0.93,&#8220;l&#8220;:0.59}},&#8220;965f3&#8243;:{&#8222;val&#8220;:&#8220;rgba(102, 57, 248, 0.47)&#8220;,&#8220;hsl_parent_dependency&#8220;:{&#8222;h&#8220;:254,&#8220;s&#8220;:0.93,&#8220;l&#8220;:0.59}}},&#8220;gradients&#8220;:[]}}]}__CONFIG_colors_palette__  <span><img decoding=\"async\" alt=\"Retrouver le plaisir de faire votre comptabilit\u00e9 avec EZYcount\" data-id=\"11313\" width=\"282\" data-init-width=\"600\" height=\"188\" data-init-height=\"400\" title=\"retrouver le plaisir de faire votre comptabilit\u00e9 avec EZYcount\" loading=\"lazy\" src=\"https:\/\/www.ezycount.ch\/wp-content\/uploads\/2021\/04\/retrouver-le-plaisir-de-faire-votre-comptabilite-avec-EZYcount.jpg\" data-width=\"282\" data-height=\"188\"><\/span><\/p>\n<h6 id=\"t-1603173024694\" style=\"\">Sind Sie auf der Suche nach einer einfachen Schweizer Buchhaltungsl\u00f6sung?<\/h6>\n<h6 id=\"t-1617366489036\" style=\"\">EZYcount ist f\u00fcr Sie.<\/h6>\n<p> <a href=\"https:\/\/app.ezycount.ch\/change-language\/de\/0?referer=https:\/\/app.ezycount.ch\/register\" style=\"\" target=\"_blank\" rel=\"noopener\"><span style=\"\">    <\/span> <span style=\"\"><span style=\"\">Jetzt probieren<\/span><\/span> <\/a>  <\/p>\n<p>Diese Funktion wird die Art und Weise \u00e4ndern, wie Sie \u00fcber die Abrechnung Ihrer Kreditkartentransaktionen denken. Laden Sie Ihre letzte digitale Kreditkartenabrechnung herunter und laden Sie sie in die Buchhaltungssoftware hoch. Dank dieser Funktion m\u00fcssen Sie Ihre Konten nicht mehr einzeln kategorisieren. Sparen Sie Zeit, arbeiten Sie weniger, sind Sie effektiver und pr\u00e4ziser zugleich.<\/p>\n<ul>\n<li>Buchungen manuell vornehmen: 12\/Stunden<\/li>\n<li>per PDF-Import gemachte Buchungen: 100\/Stunden<\/li>\n<\/ul>\n<h5 data-alt-text=\"DIY-Video\" id=\"t-1616783290936\" style=\"\">So funktioniert es:<\/h5>\n<h3 id=\"t-1616783290934\" style=\"\">So automatisieren Sie Buchungen von Kreditkartentransaktionen<\/h3>\n<p>Jetzt befinden sich Ihre Transaktionen in Ihrer Buchhaltung. Der letzte Schritt ist, sie zu kategorisieren, z.B.: Transport, Restaurant, etc&#8230;.Dies kann dank des Regelsystems in EZYcount vollst\u00e4ndig automatisiert werden.Im folgenden Video erfahren Sie, wie Sie Ihre Ausgaben automatisieren k\u00f6nnen, indem Sie sie in die richtigen Kategorien einordnen. Diese Automatisierung verhindert Fehler und spart Ihnen zus\u00e4tzliche Zeit.<\/p>\n<h5 id=\"t-1616783290937\" style=\"\">Automatisieren Sie Ihre Buchungen<\/h5>\n<h3 id=\"t-1616783290938\" style=\"\">Die beste Schweizer Kreditkarte f\u00fcr die Verwendung mit EZYcount<\/h3>\n<p>Der Kreditkartenimport auf EZYcount funktioniert am besten mit der Corn\u00e8rcard-Kreditkarte. Haben Sie schon von <strong>Corn\u00e8rcard<\/strong> geh\u00f6rt?<em>Corn\u00e8rcard ist ein Gesch\u00e4ftsbereich der Corn\u00e8r Bank, einem unabh\u00e4ngigen Schweizer Bankinstitut, das 1952 in Lugano gegr\u00fcndet wurde. Die Corn\u00e8r Bank war die erste Bank in der Schweiz, die 1975 Visa-Kreditkarten einf\u00fchrte.<\/em>Wir haben recherchiert und wenn Sie sich fragen: Warum ist die Corn\u00e8rcard gut f\u00fcr mich? Lassen Sie mich auf einige ihrer Vorteile hinweisen:<\/p>\n<ul>\n<li style=\"\">virtuelle Kreditkarte<\/li>\n<li style=\"\">SwatchPAY &#8211; bezahlen Sie mit Ihrer Swatch-Uhr<\/li>\n<li style=\"\">kontaktloses und mobiles Bezahlen<\/li>\n<li style=\"\">einfache und nachvollziehbare Transaktionen \u00fcber eine Applikation<\/li>\n<li style=\"\">ein pers\u00f6nlicher Ansprechpartner, der Ihnen bei der Installation Ihrer Kreditkarte hilft<\/li>\n<\/ul>\n<h5 data-alt-text=\"Registrierformular\" id=\"t-1616783290939\" style=\"\">F\u00fcllen Sie dieses Formular aus. Wir leiten Ihre Angaben an die richtige Person bei Corn\u00e8rcard weiter, die sich in K\u00fcrze mit Ihnen in Verbindung setzen wird, um die beste Kreditkartenoption f\u00fcr Sie zu besprechen.<\/h5>\n<p>Sollten Sie weitere Fragen haben, k\u00f6nnen Sie unser EZYcount-Team jederzeit unter folgender E-Mail-Adresse kontaktieren: support@ezycount.ch<\/p>\n","protected":false},"excerpt":{"rendered":"<p>So buchen Sie Ihre Kreditkartenabrechnung automatisch in Ihrem Buchhaltungsprogramm Sie haben Ihre Kreditkartenabrechnung erhalten und wissen nicht, was Sie tun sollen?Vor vier Jahren musste ich einen gr\u00fcnen Textmarker benutzen, um Fehler bei der Erfassung meiner Ausgaben zu vermeiden. Dank der Technologie konnte ich einige alte Best Practices aufholen und kann meine digitale Kreditkartenabrechnung mit wenigen [&hellip;]<\/p>\n","protected":false},"author":4,"featured_media":0,"parent":0,"menu_order":0,"comment_status":"closed","ping_status":"closed","template":"","meta":{"footnotes":""},"class_list":["post-11074","page","type-page","status-publish","hentry","post-wrapper","thrv_wrapper"],"yoast_head":"<!-- This site is optimized with the Yoast SEO plugin v25.3 - https:\/\/yoast.com\/wordpress\/plugins\/seo\/ -->\n<title>So buchen Sie automatisch Ihre Kreditkartenabrechnung - EZYcount<\/title>\n<meta name=\"description\" content=\"Dank der Technologie kann meine Kreditkartenabrechnung mit wenigen Klicks in das Buchhaltungssystem importiert werden. Sehen Sie, wie \u27a1\ufe0f.\" \/>\n<meta name=\"robots\" content=\"index, follow, max-snippet:-1, max-image-preview:large, max-video-preview:-1\" \/>\n<link rel=\"canonical\" href=\"https:\/\/www.ezycount.ch\/de\/so-buchen-sie-automatisch-ihre-kreditkartenabrechnung\/\" \/>\n<meta property=\"og:locale\" content=\"de_DE\" \/>\n<meta property=\"og:type\" content=\"article\" \/>\n<meta property=\"og:title\" content=\"So buchen Sie automatisch Ihre Kreditkartenabrechnung - EZYcount\" \/>\n<meta property=\"og:description\" content=\"Dank der Technologie kann meine Kreditkartenabrechnung mit wenigen Klicks in das Buchhaltungssystem importiert werden. Sehen Sie, wie \u27a1\ufe0f.\" \/>\n<meta property=\"og:url\" content=\"https:\/\/www.ezycount.ch\/de\/so-buchen-sie-automatisch-ihre-kreditkartenabrechnung\/\" \/>\n<meta property=\"og:site_name\" content=\"EZYcount\" \/>\n<meta property=\"article:modified_time\" content=\"2021-11-09T21:53:22+00:00\" \/>\n<meta property=\"og:image\" content=\"https:\/\/www.ezycount.ch\/wp-content\/uploads\/2021\/03\/Screen-Shot-2021-03-26-at-7.51.26-PM.png\" \/>\n<meta name=\"twitter:card\" content=\"summary_large_image\" \/>\n<meta name=\"twitter:label1\" content=\"Gesch\u00e4tzte Lesezeit\" \/>\n\t<meta name=\"twitter:data1\" content=\"5\u00a0Minuten\" \/>\n<script type=\"application\/ld+json\" class=\"yoast-schema-graph\">{\"@context\":\"https:\/\/schema.org\",\"@graph\":[{\"@type\":\"WebPage\",\"@id\":\"https:\/\/www.ezycount.ch\/de\/so-buchen-sie-automatisch-ihre-kreditkartenabrechnung\/\",\"url\":\"https:\/\/www.ezycount.ch\/de\/so-buchen-sie-automatisch-ihre-kreditkartenabrechnung\/\",\"name\":\"So buchen Sie automatisch Ihre Kreditkartenabrechnung - EZYcount\",\"isPartOf\":{\"@id\":\"https:\/\/www.ezycount.ch\/fr\/#website\"},\"primaryImageOfPage\":{\"@id\":\"https:\/\/www.ezycount.ch\/de\/so-buchen-sie-automatisch-ihre-kreditkartenabrechnung\/#primaryimage\"},\"image\":{\"@id\":\"https:\/\/www.ezycount.ch\/de\/so-buchen-sie-automatisch-ihre-kreditkartenabrechnung\/#primaryimage\"},\"thumbnailUrl\":\"https:\/\/www.ezycount.ch\/wp-content\/uploads\/2021\/03\/Screen-Shot-2021-03-26-at-7.51.26-PM.png\",\"datePublished\":\"2021-03-26T18:55:08+00:00\",\"dateModified\":\"2021-11-09T21:53:22+00:00\",\"description\":\"Dank der Technologie kann meine Kreditkartenabrechnung mit wenigen Klicks in das Buchhaltungssystem importiert werden. Sehen Sie, wie \u27a1\ufe0f.\",\"breadcrumb\":{\"@id\":\"https:\/\/www.ezycount.ch\/de\/so-buchen-sie-automatisch-ihre-kreditkartenabrechnung\/#breadcrumb\"},\"inLanguage\":\"de\",\"potentialAction\":[{\"@type\":\"ReadAction\",\"target\":[\"https:\/\/www.ezycount.ch\/de\/so-buchen-sie-automatisch-ihre-kreditkartenabrechnung\/\"]}]},{\"@type\":\"ImageObject\",\"inLanguage\":\"de\",\"@id\":\"https:\/\/www.ezycount.ch\/de\/so-buchen-sie-automatisch-ihre-kreditkartenabrechnung\/#primaryimage\",\"url\":\"https:\/\/www.ezycount.ch\/wp-content\/uploads\/2021\/03\/Screen-Shot-2021-03-26-at-7.51.26-PM.png\",\"contentUrl\":\"https:\/\/www.ezycount.ch\/wp-content\/uploads\/2021\/03\/Screen-Shot-2021-03-26-at-7.51.26-PM.png\"},{\"@type\":\"BreadcrumbList\",\"@id\":\"https:\/\/www.ezycount.ch\/de\/so-buchen-sie-automatisch-ihre-kreditkartenabrechnung\/#breadcrumb\",\"itemListElement\":[{\"@type\":\"ListItem\",\"position\":1,\"name\":\"Home\",\"item\":\"https:\/\/www.ezycount.ch\/de\/\"},{\"@type\":\"ListItem\",\"position\":2,\"name\":\"So buchen Sie automatisch Ihre Kreditkartenabrechnung\"}]},{\"@type\":\"WebSite\",\"@id\":\"https:\/\/www.ezycount.ch\/fr\/#website\",\"url\":\"https:\/\/www.ezycount.ch\/fr\/\",\"name\":\"EZYcount\",\"description\":\"Simplifiez votre comptabilit\u00e9 et gagnez du temps\",\"potentialAction\":[{\"@type\":\"SearchAction\",\"target\":{\"@type\":\"EntryPoint\",\"urlTemplate\":\"https:\/\/www.ezycount.ch\/fr\/?s={search_term_string}\"},\"query-input\":{\"@type\":\"PropertyValueSpecification\",\"valueRequired\":true,\"valueName\":\"search_term_string\"}}],\"inLanguage\":\"de\"}]}<\/script>\n<!-- \/ Yoast SEO plugin. -->","yoast_head_json":{"title":"So buchen Sie automatisch Ihre Kreditkartenabrechnung - EZYcount","description":"Dank der Technologie kann meine Kreditkartenabrechnung mit wenigen Klicks in das Buchhaltungssystem importiert werden. Sehen Sie, wie \u27a1\ufe0f.","robots":{"index":"index","follow":"follow","max-snippet":"max-snippet:-1","max-image-preview":"max-image-preview:large","max-video-preview":"max-video-preview:-1"},"canonical":"https:\/\/www.ezycount.ch\/de\/so-buchen-sie-automatisch-ihre-kreditkartenabrechnung\/","og_locale":"de_DE","og_type":"article","og_title":"So buchen Sie automatisch Ihre Kreditkartenabrechnung - EZYcount","og_description":"Dank der Technologie kann meine Kreditkartenabrechnung mit wenigen Klicks in das Buchhaltungssystem importiert werden. Sehen Sie, wie \u27a1\ufe0f.","og_url":"https:\/\/www.ezycount.ch\/de\/so-buchen-sie-automatisch-ihre-kreditkartenabrechnung\/","og_site_name":"EZYcount","article_modified_time":"2021-11-09T21:53:22+00:00","og_image":[{"url":"https:\/\/www.ezycount.ch\/wp-content\/uploads\/2021\/03\/Screen-Shot-2021-03-26-at-7.51.26-PM.png","type":"","width":"","height":""}],"twitter_card":"summary_large_image","twitter_misc":{"Gesch\u00e4tzte Lesezeit":"5\u00a0Minuten"},"schema":{"@context":"https:\/\/schema.org","@graph":[{"@type":"WebPage","@id":"https:\/\/www.ezycount.ch\/de\/so-buchen-sie-automatisch-ihre-kreditkartenabrechnung\/","url":"https:\/\/www.ezycount.ch\/de\/so-buchen-sie-automatisch-ihre-kreditkartenabrechnung\/","name":"So buchen Sie automatisch Ihre Kreditkartenabrechnung - EZYcount","isPartOf":{"@id":"https:\/\/www.ezycount.ch\/fr\/#website"},"primaryImageOfPage":{"@id":"https:\/\/www.ezycount.ch\/de\/so-buchen-sie-automatisch-ihre-kreditkartenabrechnung\/#primaryimage"},"image":{"@id":"https:\/\/www.ezycount.ch\/de\/so-buchen-sie-automatisch-ihre-kreditkartenabrechnung\/#primaryimage"},"thumbnailUrl":"https:\/\/www.ezycount.ch\/wp-content\/uploads\/2021\/03\/Screen-Shot-2021-03-26-at-7.51.26-PM.png","datePublished":"2021-03-26T18:55:08+00:00","dateModified":"2021-11-09T21:53:22+00:00","description":"Dank der Technologie kann meine Kreditkartenabrechnung mit wenigen Klicks in das Buchhaltungssystem importiert werden. Sehen Sie, wie \u27a1\ufe0f.","breadcrumb":{"@id":"https:\/\/www.ezycount.ch\/de\/so-buchen-sie-automatisch-ihre-kreditkartenabrechnung\/#breadcrumb"},"inLanguage":"de","potentialAction":[{"@type":"ReadAction","target":["https:\/\/www.ezycount.ch\/de\/so-buchen-sie-automatisch-ihre-kreditkartenabrechnung\/"]}]},{"@type":"ImageObject","inLanguage":"de","@id":"https:\/\/www.ezycount.ch\/de\/so-buchen-sie-automatisch-ihre-kreditkartenabrechnung\/#primaryimage","url":"https:\/\/www.ezycount.ch\/wp-content\/uploads\/2021\/03\/Screen-Shot-2021-03-26-at-7.51.26-PM.png","contentUrl":"https:\/\/www.ezycount.ch\/wp-content\/uploads\/2021\/03\/Screen-Shot-2021-03-26-at-7.51.26-PM.png"},{"@type":"BreadcrumbList","@id":"https:\/\/www.ezycount.ch\/de\/so-buchen-sie-automatisch-ihre-kreditkartenabrechnung\/#breadcrumb","itemListElement":[{"@type":"ListItem","position":1,"name":"Home","item":"https:\/\/www.ezycount.ch\/de\/"},{"@type":"ListItem","position":2,"name":"So buchen Sie automatisch Ihre Kreditkartenabrechnung"}]},{"@type":"WebSite","@id":"https:\/\/www.ezycount.ch\/fr\/#website","url":"https:\/\/www.ezycount.ch\/fr\/","name":"EZYcount","description":"Simplifiez votre comptabilit\u00e9 et gagnez du temps","potentialAction":[{"@type":"SearchAction","target":{"@type":"EntryPoint","urlTemplate":"https:\/\/www.ezycount.ch\/fr\/?s={search_term_string}"},"query-input":{"@type":"PropertyValueSpecification","valueRequired":true,"valueName":"search_term_string"}}],"inLanguage":"de"}]}},"_links":{"self":[{"href":"https:\/\/www.ezycount.ch\/de\/wp-json\/wp\/v2\/pages\/11074","targetHints":{"allow":["GET"]}}],"collection":[{"href":"https:\/\/www.ezycount.ch\/de\/wp-json\/wp\/v2\/pages"}],"about":[{"href":"https:\/\/www.ezycount.ch\/de\/wp-json\/wp\/v2\/types\/page"}],"author":[{"embeddable":true,"href":"https:\/\/www.ezycount.ch\/de\/wp-json\/wp\/v2\/users\/4"}],"replies":[{"embeddable":true,"href":"https:\/\/www.ezycount.ch\/de\/wp-json\/wp\/v2\/comments?post=11074"}],"version-history":[{"count":45,"href":"https:\/\/www.ezycount.ch\/de\/wp-json\/wp\/v2\/pages\/11074\/revisions"}],"predecessor-version":[{"id":16057,"href":"https:\/\/www.ezycount.ch\/de\/wp-json\/wp\/v2\/pages\/11074\/revisions\/16057"}],"wp:attachment":[{"href":"https:\/\/www.ezycount.ch\/de\/wp-json\/wp\/v2\/media?parent=11074"}],"curies":[{"name":"wp","href":"https:\/\/api.w.org\/{rel}","templated":true}]}}