{"id":12976,"date":"2021-05-11T18:05:26","date_gmt":"2021-05-11T17:05:26","guid":{"rendered":"https:\/\/www.ezycount.ch\/?page_id=12976"},"modified":"2021-11-09T22:36:11","modified_gmt":"2021-11-09T21:36:11","slug":"wie-lernen-sie-buchhaltung-in-7-tagen","status":"publish","type":"page","link":"https:\/\/www.ezycount.ch\/de\/wie-lernen-sie-buchhaltung-in-7-tagen\/","title":{"rendered":"Wie lernen Sie Buchhaltung in 7 Tagen?"},"content":{"rendered":"<h2 style=\"\" id=\"t-1620749096189\">Wie lernen Sie Buchhaltung in 7 Tagen?<\/h2>\n<p>Lernen und starten Sie Ihre Buchhaltung so schnell wie m\u00f6glich? Folgen Sie unserer 7 Tage Video-Session mit Vivien. Jeden Tag ein Video, mit einem bestimmten Thema, um Ihre Buchhaltung zu beginnen.<\/p>\n<p>Wir behandeln Themen wie:&nbsp;<\/p>\n<ul>\n<li>Kontenplan<\/li>\n<li>die Organisation der Buchhaltungsunterlagen<\/li>\n<li>die Verwaltung der Bank<\/li>\n<li>die Abrechnung der Registrierkasse<\/li>\n<li>die Integration von Kreditkartenabrechnungen<\/li>\n<\/ul>\n<p data-empty=\"true\">Diese Videoserie richtet sich an Selbstst\u00e4ndige und Kleinunternehmen in der Schweiz, die ihre Buchhaltung selbst erledigen wollen.&nbsp;<\/p>\n<h3 id=\"t-1620749096190\" style=\"\">Wie kann man anfangen?<\/h3>\n<p>Sie sind neu in der Buchhaltung? Kein Problem! Diese Videoreihe ist f\u00fcr Sie. Wir behandeln die sieben Themen mit einfachen praktischen Beispielen. Auf diese Weise gehen wir jedes Thema gemeinsam durch und wenden es zu Ihrem Vorteil an.<\/p>\n<p>In dem Einf\u00fchrungsvideo wird der gesamte Prozess erkl\u00e4rt. Ich empfehle Ihnen, ein Video pro Tag anzusehen, um diese Serie so n\u00fctzlich wie m\u00f6glich zu machen.<\/p>\n<h3 style=\"\" id=\"t-1620749096191\">Tag 1 &#8211; Organisation der Buchhaltung<\/h3>\n<p>Finden Sie heraus, wie viele Ordner f\u00fcr die Organisation von Verwaltungsdokumenten, die Aufbewahrung von Eingangs- und Ausgangsrechnungen (Debitoren, Kreditoren) und auch f\u00fcr die Bearbeitungsmethode von Spesenabrechnungen mit Plastikt\u00fcten empfohlen werden. Das Ziel ist es, Zeit zu sparen.<\/p>\n<p><strong>Meist gesehene Inhalte:<\/strong><\/p>\n<p style=\"\">\n<p>    __CONFIG_colors_palette__{&#8222;active_palette&#8220;:0,&#8220;config&#8220;:{&#8222;colors&#8220;:{&#8222;9bd08&#8220;:{&#8222;name&#8220;:&#8220;Main Accent&#8220;,&#8220;parent&#8220;:-1}},&#8220;gradients&#8220;:[]},&#8220;palettes&#8220;:[{&#8222;name&#8220;:&#8220;Default Palette&#8220;,&#8220;value&#8220;:{&#8222;colors&#8220;:{&#8222;9bd08&#8220;:{&#8222;val&#8220;:&#8220;rgb(245, 168, 28)&#8220;}},&#8220;gradients&#8220;:[]},&#8220;original&#8220;:{&#8222;colors&#8220;:{&#8222;9bd08&#8220;:{&#8222;val&#8220;:&#8220;rgb(19, 114, 211)&#8220;,&#8220;hsl&#8220;:{&#8222;h&#8220;:210,&#8220;s&#8220;:0.83,&#8220;l&#8220;:0.45}}},&#8220;gradients&#8220;:[]}}]}__CONFIG_colors_palette__ <a href=\"https:\/\/www.ezycount.ch\/de\/\" style=\"\" target=\"_blank\" rel=\"noopener\"><span>        <\/span> <span><span style=\"\">Buchhaltung<\/span><span><\/span><\/span> <\/a> <\/p>\n<p style=\"\">Eine einfach zu bedienende, sichere Online-Buchhaltungs- und Rechnungsplattform f\u00fcr KMUs und Selbstst\u00e4ndige.<\/p>\n<p>      __CONFIG_colors_palette__{&#8222;active_palette&#8220;:0,&#8220;config&#8220;:{&#8222;colors&#8220;:{&#8222;9bd08&#8220;:{&#8222;name&#8220;:&#8220;Main Accent&#8220;,&#8220;parent&#8220;:-1}},&#8220;gradients&#8220;:[]},&#8220;palettes&#8220;:[{&#8222;name&#8220;:&#8220;Default Palette&#8220;,&#8220;value&#8220;:{&#8222;colors&#8220;:{&#8222;9bd08&#8220;:{&#8222;val&#8220;:&#8220;hsla(var(&#8211;tcb-main-master-h, 210), var(&#8211;tcb-main-master-s, 77%), var(&#8211;tcb-main-master-l, 54%), 1)&#8220;}},&#8220;gradients&#8220;:[]},&#8220;original&#8220;:{&#8222;colors&#8220;:{&#8222;9bd08&#8220;:{&#8222;val&#8220;:&#8220;rgb(19, 114, 211)&#8220;,&#8220;hsl&#8220;:{&#8222;h&#8220;:210,&#8220;s&#8220;:0.83,&#8220;l&#8220;:0.45}}},&#8220;gradients&#8220;:[]}}]}__CONFIG_colors_palette__ <a href=\"https:\/\/www.ezycount.ch\/de\/wie-konnen-sie-ihr-buro-einfach-organisieren\/\" style=\"\"><span>        <\/span> <span><span style=\"\">Wie k\u00f6nnen Sie Ihr B\u00fcro organisieren?<\/span><span><\/span><\/span> <\/a> <\/p>\n<p style=\"\">Es braucht keine schwierige L\u00f6sung, nur die richtige. Ein kurzes Video und 8 schnelle Schritte, um Ihr B\u00fcro einfach aufzur\u00e4umen und zu organisieren.<\/p>\n<p>      __CONFIG_colors_palette__{&#8222;active_palette&#8220;:0,&#8220;config&#8220;:{&#8222;colors&#8220;:{&#8222;9bd08&#8220;:{&#8222;name&#8220;:&#8220;Main Accent&#8220;,&#8220;parent&#8220;:-1}},&#8220;gradients&#8220;:[]},&#8220;palettes&#8220;:[{&#8222;name&#8220;:&#8220;Default Palette&#8220;,&#8220;value&#8220;:{&#8222;colors&#8220;:{&#8222;9bd08&#8220;:{&#8222;val&#8220;:&#8220;hsla(var(&#8211;tcb-main-master-h, 210), var(&#8211;tcb-main-master-s, 77%), var(&#8211;tcb-main-master-l, 54%), 1)&#8220;}},&#8220;gradients&#8220;:[]},&#8220;original&#8220;:{&#8222;colors&#8220;:{&#8222;9bd08&#8220;:{&#8222;val&#8220;:&#8220;rgb(19, 114, 211)&#8220;,&#8220;hsl&#8220;:{&#8222;h&#8220;:210,&#8220;s&#8220;:0.83,&#8220;l&#8220;:0.45}}},&#8220;gradients&#8220;:[]}}]}__CONFIG_colors_palette__ <a href=\"https:\/\/www.ezycount.ch\/de\/wie-erstellt-man-gesetzliche-schweizer-rechnungen\/\" style=\"\" target=\"_blank\" rel=\"noopener\"><span>        <\/span> <span><span style=\"\">Rechnungsstellung<\/span><span><\/span><\/span> <\/a> <\/p>\n<p style=\"\">Alle notwendigen Informationen wie gesetzliche Vorgaben und n\u00fctzliche Tipps zur Erstellung von Schweizer Standardrechnungen<\/p>\n<p>      __CONFIG_colors_palette__{&#8222;active_palette&#8220;:0,&#8220;config&#8220;:{&#8222;colors&#8220;:{&#8222;9bd08&#8220;:{&#8222;name&#8220;:&#8220;Main Accent&#8220;,&#8220;parent&#8220;:-1}},&#8220;gradients&#8220;:[]},&#8220;palettes&#8220;:[{&#8222;name&#8220;:&#8220;Default Palette&#8220;,&#8220;value&#8220;:{&#8222;colors&#8220;:{&#8222;9bd08&#8220;:{&#8222;val&#8220;:&#8220;hsla(var(&#8211;tcb-main-master-h, 210), var(&#8211;tcb-main-master-s, 77%), var(&#8211;tcb-main-master-l, 54%), 1)&#8220;}},&#8220;gradients&#8220;:[]},&#8220;original&#8220;:{&#8222;colors&#8220;:{&#8222;9bd08&#8220;:{&#8222;val&#8220;:&#8220;rgb(19, 114, 211)&#8220;,&#8220;hsl&#8220;:{&#8222;h&#8220;:210,&#8220;s&#8220;:0.83,&#8220;l&#8220;:0.45}}},&#8220;gradients&#8220;:[]}}]}__CONFIG_colors_palette__ <a href=\"https:\/\/www.ezycount.ch\/de\/startup-bewertungsmodell-free-excel\/\" style=\"\" target=\"_blank\" rel=\"noopener\"><span>        <\/span> <span><span style=\"\">Startup-Bewertung&nbsp;<\/span><span><\/span><\/span> <\/a> <\/p>\n<p style=\"\">Kennen Sie den Barwert aller zuk\u00fcnftigen Gewinne Ihres Unternehmens? Laden Sie das perfekte Startup-Bewertungsmodell kostenlos herunter.<\/p>\n<p>  __CONFIG_group_edit__{&#8222;kbjp1vpj&#8220;:{&#8222;name&#8220;:&#8220;All Logo(s)&#8220;,&#8220;singular&#8220;:&#8220;&#8211; Logo %s&#8220;},&#8220;kbjp1xfn&#8220;:{&#8222;name&#8220;:&#8220;All Title(s)&#8220;,&#8220;singular&#8220;:&#8220;&#8211; Text %s&#8220;},&#8220;kbjp22kc&#8220;:{&#8222;name&#8220;:&#8220;All Paragraph(s)&#8220;,&#8220;singular&#8220;:&#8220;&#8211; Text %s&#8220;},&#8220;kbjp2ag5&#8243;:{&#8222;name&#8220;:&#8220;All Read Review Button(s)&#8220;,&#8220;singular&#8220;:&#8220;&#8211; Button %s&#8220;},&#8220;kbjp3xj6&#8243;:{&#8222;name&#8220;:&#8220;All Visit Website Button(s)&#8220;,&#8220;singular&#8220;:&#8220;&#8211; Button %s&#8220;},&#8220;kbjp44dp&#8220;:{&#8222;name&#8220;:&#8220;All Buttons Column(s)&#8220;,&#8220;singular&#8220;:&#8220;&#8211; Column %s&#8220;},&#8220;kbjp4d43&#8243;:{&#8222;name&#8220;:&#8220;All Text Column(s)&#8220;,&#8220;singular&#8220;:&#8220;&#8211; Column %s&#8220;},&#8220;kbjp4k9i&#8220;:{&#8222;name&#8220;:&#8220;All Content Box(s)&#8220;,&#8220;singular&#8220;:&#8220;&#8211; Content Box %s&#8220;},&#8220;kbjp4mck&#8220;:{&#8222;name&#8220;:&#8220;All Content Box(s)&#8220;,&#8220;singular&#8220;:&#8220;&#8211; Content Box %s&#8220;}}__CONFIG_group_edit____CONFIG_local_colors__{&#8222;colors&#8220;:{},&#8220;gradients&#8220;:{}}__CONFIG_local_colors____CONFIG_colors_palette__{&#8222;active_palette&#8220;:0,&#8220;config&#8220;:{&#8222;colors&#8220;:{&#8222;55242&#8220;:{&#8222;name&#8220;:&#8220;Accent Lighter&#8220;,&#8220;parent&#8220;:&#8220;3c75f&#8220;,&#8220;lock&#8220;:{&#8222;saturation&#8220;:0,&#8220;lightness&#8220;:1}},&#8220;3c75f&#8220;:{&#8222;name&#8220;:&#8220;Main Accent&#8220;,&#8220;parent&#8220;:-1},&#8220;965f3&#8243;:{&#8222;name&#8220;:&#8220;Accent Transparent&#8220;,&#8220;parent&#8220;:&#8220;3c75f&#8220;}},&#8220;gradients&#8220;:[]},&#8220;palettes&#8220;:[{&#8222;name&#8220;:&#8220;Default&#8220;,&#8220;value&#8220;:{&#8222;colors&#8220;:{&#8222;55242&#8220;:{&#8222;val&#8220;:&#8220;rgb(198, 199, 199)&#8220;,&#8220;hsl_parent_dependency&#8220;:{&#8222;h&#8220;:144,&#8220;l&#8220;:0.78,&#8220;s&#8220;:-0.01}},&#8220;3c75f&#8220;:{&#8222;val&#8220;:&#8220;var(&#8211;tcb-skin-color-0)&#8220;},&#8220;965f3&#8243;:{&#8222;val&#8220;:&#8220;rgba(245, 165, 25, 0.47)&#8220;,&#8220;hsl_parent_dependency&#8220;:{&#8222;h&#8220;:38,&#8220;l&#8220;:0.53,&#8220;s&#8220;:0.92}}},&#8220;gradients&#8220;:[]},&#8220;original&#8220;:{&#8222;colors&#8220;:{&#8222;55242&#8220;:{&#8222;val&#8220;:&#8220;rgb(201, 201, 201)&#8220;,&#8220;hsl_parent_dependency&#8220;:{&#8222;h&#8220;:0,&#8220;s&#8220;:0,&#8220;l&#8220;:0.78}},&#8220;3c75f&#8220;:{&#8222;val&#8220;:&#8220;rgb(102, 57, 248)&#8220;,&#8220;hsl&#8220;:{&#8222;h&#8220;:254,&#8220;s&#8220;:0.93,&#8220;l&#8220;:0.59}},&#8220;965f3&#8243;:{&#8222;val&#8220;:&#8220;rgba(102, 57, 248, 0.47)&#8220;,&#8220;hsl_parent_dependency&#8220;:{&#8222;h&#8220;:254,&#8220;s&#8220;:0.93,&#8220;l&#8220;:0.59}}},&#8220;gradients&#8220;:[]}}]}__CONFIG_colors_palette__  <span><img decoding=\"async\" alt=\"Retrouver le plaisir de faire votre comptabilit\u00e9 avec EZYcount\" data-id=\"11313\" width=\"282\" data-init-width=\"600\" height=\"188\" data-init-height=\"400\" title=\"retrouver le plaisir de faire votre comptabilit\u00e9 avec EZYcount\" loading=\"lazy\" src=\"https:\/\/www.ezycount.ch\/wp-content\/uploads\/2021\/04\/retrouver-le-plaisir-de-faire-votre-comptabilite-avec-EZYcount.jpg\" data-width=\"282\" data-height=\"188\"><\/span><\/p>\n<h6 id=\"t-1603173024694\" style=\"\">Sind Sie auf der Suche nach einer einfachen Schweizer Buchhaltungsl\u00f6sung?<\/h6>\n<h6 id=\"t-1617366489036\" style=\"\">EZYcount ist f\u00fcr Sie.<\/h6>\n<p> <a href=\"https:\/\/app.ezycount.ch\/change-language\/de\/0?referer=https:\/\/app.ezycount.ch\/register\" style=\"\" target=\"_blank\" rel=\"noopener\"><span style=\"\">    <\/span> <span style=\"\"><span style=\"\">Jetzt probieren<\/span><\/span> <\/a>  <\/p>\n<h3 id=\"t-1620749096192\" style=\"\">Tag 2 &#8211; der Kontenplan<\/h3>\n<p>Um Buchungen in der Buchhaltung vornehmen zu k\u00f6nnen, werden Konten (oder Kategorien) ben\u00f6tigt. Diese Konten sind die Grundlage der finanziellen Transaktionen.Wenn Sie zum Beispiel einen Verkauf get\u00e4tigt haben und der Kunde den Betrag in bar bezahlt hat:1000 Bargeld (der Betrag ist in der Kasse eingegangen &#8211; wie habe ich ihn erhalten?)zu 3000 Umsatz (dieser Betrag stellt einen Verkauf dar &#8211; warum habe ich das Geld erhalten?)Der Kontenplan ist einfach die Auflistung dieser Konten. In diesem Video sehen wir uns gemeinsam an, wie Sie Ihren Kontenplan erstellen k\u00f6nnen, indem Sie einfach mit den Schweizer Standards beginnen.<\/p>\n<h3 style=\"\" id=\"t-1620749096193\">Tag 3 &#8211; Bankeintr\u00e4ge<\/h3>\n<p>Eine Menge Geldtransaktionen laufen \u00fcber die Bank. Werfen wir einen Blick darauf, wie Sie diese Transaktionen buchen.<\/p>\n<h3 style=\"\" id=\"t-1620749096194\">Tag 4 &#8211; die Registrierkasse<\/h3>\n<p>Wenn Sie eine Registrierkasse haben, wird jeden Tag die Zusammenfassung der Tagesaktivit\u00e4t auf ein Z-Ticket gedruckt. Stecken wir dieses Z-Ticket in Ihre Buchhaltung. Au\u00dferdem ist es jeden Tag das gleiche Ticket, nur die Zahlen \u00e4ndern sich.<\/p>\n<h3 style=\"\" id=\"t-1620749096195\">Tag 5 &#8211; das Privatkonto<\/h3>\n<p>Als Selbst\u00e4ndiger zahlen Sie manchmal die Ausgaben f\u00fcr Ihre berufliche T\u00e4tigkeit von Ihrem Privatkonto. Und auf der anderen Seite zahlen Sie sich selbst jeden Monat ein Gehalt. Dieses Video besch\u00e4ftigt sich mit der Abrechnung dieser Vorg\u00e4nge.<\/p>\n<h3 style=\"\" id=\"t-1620749096196\">Tag 6 &#8211; Gesch\u00e4ftsausgaben<\/h3>\n<p>Gesch\u00e4ftsausgaben k\u00f6nnen in Ihre Buchhaltung integriert werden. Sehen wir uns an, warum das wichtig ist und wie man es schnell macht. In diesem Video gibt es Informationen, wie Sie mit Ihrer Buchhaltung Steuern sparen k\u00f6nnen!<\/p>\n<h3 style=\"\" id=\"t-1620749096197\">Tag 7 &#8211; die Kreditkarte<\/h3>\n<p>Jeden Monat kommt die Kreditkartenabrechnung mit der Post. Lassen Sie uns einen Blick darauf werfen, wie Sie diese korrekt und schnell in der Buchhaltungssoftware verarbeiten.<\/p>\n<h2 id=\"t-1620749096198\" style=\"\">Fazit<\/h2>\n<p>Die Videos sollen Ihnen helfen, die verschiedenen Buchhaltungsaufgaben zu verstehen, die ein Selbst\u00e4ndiger oder ein kleines Unternehmen erledigen muss.Wenn Sie etwas vergessen haben, ist es ganz einfach: Gehen Sie einfach zur\u00fcck und schauen Sie sich eines der Videos an, um Ihr Ged\u00e4chtnis aufzufrischen.Wenn Sie eine Frage oder einen Kommentar haben, schreiben Sie ihn direkt unter das Video oder senden Sie eine E-Mail an support@ezycount.ch.Wir w\u00fcnschen Ihnen eine gute Buchhaltung!<\/p>\n","protected":false},"excerpt":{"rendered":"<p>Wie lernen Sie Buchhaltung in 7 Tagen? Lernen und starten Sie Ihre Buchhaltung so schnell wie m\u00f6glich? Folgen Sie unserer 7 Tage Video-Session mit Vivien. Jeden Tag ein Video, mit einem bestimmten Thema, um Ihre Buchhaltung zu beginnen. Wir behandeln Themen wie:&nbsp; Kontenplan die Organisation der Buchhaltungsunterlagen die Verwaltung der Bank die Abrechnung der Registrierkasse [&hellip;]<\/p>\n","protected":false},"author":4,"featured_media":0,"parent":0,"menu_order":0,"comment_status":"closed","ping_status":"closed","template":"","meta":{"footnotes":""},"class_list":["post-12976","page","type-page","status-publish","hentry","post-wrapper","thrv_wrapper"],"yoast_head":"<!-- This site is optimized with the Yoast SEO plugin v25.3 - https:\/\/yoast.com\/wordpress\/plugins\/seo\/ -->\n<title>Wie lernen Sie Buchhaltung in 7 Tagen? - EZYcount<\/title>\n<meta name=\"description\" content=\"Nur 7 Tage. Jeden Tag 1 Video mit einem bestimmten Thema. Buchhaltung zu machen. Lernen Sie von einem Profi\" \/>\n<meta name=\"robots\" content=\"index, follow, max-snippet:-1, max-image-preview:large, max-video-preview:-1\" \/>\n<link rel=\"canonical\" href=\"https:\/\/www.ezycount.ch\/de\/wie-lernen-sie-buchhaltung-in-7-tagen\/\" \/>\n<meta property=\"og:locale\" content=\"de_DE\" \/>\n<meta property=\"og:type\" content=\"article\" \/>\n<meta property=\"og:title\" content=\"Wie lernen Sie Buchhaltung in 7 Tagen? - EZYcount\" \/>\n<meta property=\"og:description\" content=\"Nur 7 Tage. Jeden Tag 1 Video mit einem bestimmten Thema. Buchhaltung zu machen. Lernen Sie von einem Profi\" \/>\n<meta property=\"og:url\" content=\"https:\/\/www.ezycount.ch\/de\/wie-lernen-sie-buchhaltung-in-7-tagen\/\" \/>\n<meta property=\"og:site_name\" content=\"EZYcount\" \/>\n<meta property=\"article:modified_time\" content=\"2021-11-09T21:36:11+00:00\" \/>\n<meta property=\"og:image\" content=\"https:\/\/www.ezycount.ch\/wp-content\/uploads\/2021\/04\/retrouver-le-plaisir-de-faire-votre-comptabilite-avec-EZYcount.jpg\" \/>\n<meta name=\"twitter:card\" content=\"summary_large_image\" \/>\n<meta name=\"twitter:label1\" content=\"Gesch\u00e4tzte Lesezeit\" \/>\n\t<meta name=\"twitter:data1\" content=\"4\u00a0Minuten\" \/>\n<script type=\"application\/ld+json\" class=\"yoast-schema-graph\">{\"@context\":\"https:\/\/schema.org\",\"@graph\":[{\"@type\":\"WebPage\",\"@id\":\"https:\/\/www.ezycount.ch\/de\/wie-lernen-sie-buchhaltung-in-7-tagen\/\",\"url\":\"https:\/\/www.ezycount.ch\/de\/wie-lernen-sie-buchhaltung-in-7-tagen\/\",\"name\":\"Wie lernen Sie Buchhaltung in 7 Tagen? - EZYcount\",\"isPartOf\":{\"@id\":\"https:\/\/www.ezycount.ch\/fr\/#website\"},\"primaryImageOfPage\":{\"@id\":\"https:\/\/www.ezycount.ch\/de\/wie-lernen-sie-buchhaltung-in-7-tagen\/#primaryimage\"},\"image\":{\"@id\":\"https:\/\/www.ezycount.ch\/de\/wie-lernen-sie-buchhaltung-in-7-tagen\/#primaryimage\"},\"thumbnailUrl\":\"https:\/\/www.ezycount.ch\/wp-content\/uploads\/2021\/04\/retrouver-le-plaisir-de-faire-votre-comptabilite-avec-EZYcount.jpg\",\"datePublished\":\"2021-05-11T17:05:26+00:00\",\"dateModified\":\"2021-11-09T21:36:11+00:00\",\"description\":\"Nur 7 Tage. Jeden Tag 1 Video mit einem bestimmten Thema. Buchhaltung zu machen. Lernen Sie von einem Profi\",\"breadcrumb\":{\"@id\":\"https:\/\/www.ezycount.ch\/de\/wie-lernen-sie-buchhaltung-in-7-tagen\/#breadcrumb\"},\"inLanguage\":\"de\",\"potentialAction\":[{\"@type\":\"ReadAction\",\"target\":[\"https:\/\/www.ezycount.ch\/de\/wie-lernen-sie-buchhaltung-in-7-tagen\/\"]}]},{\"@type\":\"ImageObject\",\"inLanguage\":\"de\",\"@id\":\"https:\/\/www.ezycount.ch\/de\/wie-lernen-sie-buchhaltung-in-7-tagen\/#primaryimage\",\"url\":\"https:\/\/www.ezycount.ch\/wp-content\/uploads\/2021\/04\/retrouver-le-plaisir-de-faire-votre-comptabilite-avec-EZYcount.jpg\",\"contentUrl\":\"https:\/\/www.ezycount.ch\/wp-content\/uploads\/2021\/04\/retrouver-le-plaisir-de-faire-votre-comptabilite-avec-EZYcount.jpg\"},{\"@type\":\"BreadcrumbList\",\"@id\":\"https:\/\/www.ezycount.ch\/de\/wie-lernen-sie-buchhaltung-in-7-tagen\/#breadcrumb\",\"itemListElement\":[{\"@type\":\"ListItem\",\"position\":1,\"name\":\"Home\",\"item\":\"https:\/\/www.ezycount.ch\/de\/\"},{\"@type\":\"ListItem\",\"position\":2,\"name\":\"Wie lernen Sie Buchhaltung in 7 Tagen?\"}]},{\"@type\":\"WebSite\",\"@id\":\"https:\/\/www.ezycount.ch\/fr\/#website\",\"url\":\"https:\/\/www.ezycount.ch\/fr\/\",\"name\":\"EZYcount\",\"description\":\"Simplifiez votre comptabilit\u00e9 et gagnez du temps\",\"potentialAction\":[{\"@type\":\"SearchAction\",\"target\":{\"@type\":\"EntryPoint\",\"urlTemplate\":\"https:\/\/www.ezycount.ch\/fr\/?s={search_term_string}\"},\"query-input\":{\"@type\":\"PropertyValueSpecification\",\"valueRequired\":true,\"valueName\":\"search_term_string\"}}],\"inLanguage\":\"de\"}]}<\/script>\n<!-- \/ Yoast SEO plugin. -->","yoast_head_json":{"title":"Wie lernen Sie Buchhaltung in 7 Tagen? - EZYcount","description":"Nur 7 Tage. Jeden Tag 1 Video mit einem bestimmten Thema. Buchhaltung zu machen. Lernen Sie von einem Profi","robots":{"index":"index","follow":"follow","max-snippet":"max-snippet:-1","max-image-preview":"max-image-preview:large","max-video-preview":"max-video-preview:-1"},"canonical":"https:\/\/www.ezycount.ch\/de\/wie-lernen-sie-buchhaltung-in-7-tagen\/","og_locale":"de_DE","og_type":"article","og_title":"Wie lernen Sie Buchhaltung in 7 Tagen? - EZYcount","og_description":"Nur 7 Tage. Jeden Tag 1 Video mit einem bestimmten Thema. Buchhaltung zu machen. Lernen Sie von einem Profi","og_url":"https:\/\/www.ezycount.ch\/de\/wie-lernen-sie-buchhaltung-in-7-tagen\/","og_site_name":"EZYcount","article_modified_time":"2021-11-09T21:36:11+00:00","og_image":[{"url":"https:\/\/www.ezycount.ch\/wp-content\/uploads\/2021\/04\/retrouver-le-plaisir-de-faire-votre-comptabilite-avec-EZYcount.jpg","type":"","width":"","height":""}],"twitter_card":"summary_large_image","twitter_misc":{"Gesch\u00e4tzte Lesezeit":"4\u00a0Minuten"},"schema":{"@context":"https:\/\/schema.org","@graph":[{"@type":"WebPage","@id":"https:\/\/www.ezycount.ch\/de\/wie-lernen-sie-buchhaltung-in-7-tagen\/","url":"https:\/\/www.ezycount.ch\/de\/wie-lernen-sie-buchhaltung-in-7-tagen\/","name":"Wie lernen Sie Buchhaltung in 7 Tagen? - EZYcount","isPartOf":{"@id":"https:\/\/www.ezycount.ch\/fr\/#website"},"primaryImageOfPage":{"@id":"https:\/\/www.ezycount.ch\/de\/wie-lernen-sie-buchhaltung-in-7-tagen\/#primaryimage"},"image":{"@id":"https:\/\/www.ezycount.ch\/de\/wie-lernen-sie-buchhaltung-in-7-tagen\/#primaryimage"},"thumbnailUrl":"https:\/\/www.ezycount.ch\/wp-content\/uploads\/2021\/04\/retrouver-le-plaisir-de-faire-votre-comptabilite-avec-EZYcount.jpg","datePublished":"2021-05-11T17:05:26+00:00","dateModified":"2021-11-09T21:36:11+00:00","description":"Nur 7 Tage. Jeden Tag 1 Video mit einem bestimmten Thema. Buchhaltung zu machen. Lernen Sie von einem Profi","breadcrumb":{"@id":"https:\/\/www.ezycount.ch\/de\/wie-lernen-sie-buchhaltung-in-7-tagen\/#breadcrumb"},"inLanguage":"de","potentialAction":[{"@type":"ReadAction","target":["https:\/\/www.ezycount.ch\/de\/wie-lernen-sie-buchhaltung-in-7-tagen\/"]}]},{"@type":"ImageObject","inLanguage":"de","@id":"https:\/\/www.ezycount.ch\/de\/wie-lernen-sie-buchhaltung-in-7-tagen\/#primaryimage","url":"https:\/\/www.ezycount.ch\/wp-content\/uploads\/2021\/04\/retrouver-le-plaisir-de-faire-votre-comptabilite-avec-EZYcount.jpg","contentUrl":"https:\/\/www.ezycount.ch\/wp-content\/uploads\/2021\/04\/retrouver-le-plaisir-de-faire-votre-comptabilite-avec-EZYcount.jpg"},{"@type":"BreadcrumbList","@id":"https:\/\/www.ezycount.ch\/de\/wie-lernen-sie-buchhaltung-in-7-tagen\/#breadcrumb","itemListElement":[{"@type":"ListItem","position":1,"name":"Home","item":"https:\/\/www.ezycount.ch\/de\/"},{"@type":"ListItem","position":2,"name":"Wie lernen Sie Buchhaltung in 7 Tagen?"}]},{"@type":"WebSite","@id":"https:\/\/www.ezycount.ch\/fr\/#website","url":"https:\/\/www.ezycount.ch\/fr\/","name":"EZYcount","description":"Simplifiez votre comptabilit\u00e9 et gagnez du temps","potentialAction":[{"@type":"SearchAction","target":{"@type":"EntryPoint","urlTemplate":"https:\/\/www.ezycount.ch\/fr\/?s={search_term_string}"},"query-input":{"@type":"PropertyValueSpecification","valueRequired":true,"valueName":"search_term_string"}}],"inLanguage":"de"}]}},"_links":{"self":[{"href":"https:\/\/www.ezycount.ch\/de\/wp-json\/wp\/v2\/pages\/12976","targetHints":{"allow":["GET"]}}],"collection":[{"href":"https:\/\/www.ezycount.ch\/de\/wp-json\/wp\/v2\/pages"}],"about":[{"href":"https:\/\/www.ezycount.ch\/de\/wp-json\/wp\/v2\/types\/page"}],"author":[{"embeddable":true,"href":"https:\/\/www.ezycount.ch\/de\/wp-json\/wp\/v2\/users\/4"}],"replies":[{"embeddable":true,"href":"https:\/\/www.ezycount.ch\/de\/wp-json\/wp\/v2\/comments?post=12976"}],"version-history":[{"count":35,"href":"https:\/\/www.ezycount.ch\/de\/wp-json\/wp\/v2\/pages\/12976\/revisions"}],"predecessor-version":[{"id":16048,"href":"https:\/\/www.ezycount.ch\/de\/wp-json\/wp\/v2\/pages\/12976\/revisions\/16048"}],"wp:attachment":[{"href":"https:\/\/www.ezycount.ch\/de\/wp-json\/wp\/v2\/media?parent=12976"}],"curies":[{"name":"wp","href":"https:\/\/api.w.org\/{rel}","templated":true}]}}