{"id":15511,"date":"2021-08-31T15:51:41","date_gmt":"2021-08-31T14:51:41","guid":{"rendered":"https:\/\/www.ezycount.ch\/?page_id=15511"},"modified":"2021-08-31T15:51:41","modified_gmt":"2021-08-31T14:51:41","slug":"die-beste-alternative-zu-postfinance-smartbusiness","status":"publish","type":"page","link":"https:\/\/www.ezycount.ch\/de\/die-beste-alternative-zu-postfinance-smartbusiness\/","title":{"rendered":"Die beste Alternative zu PostFinance SmartBusiness?"},"content":{"rendered":"<h1 style=\"\">Die beste Alternative zu PostFinance SmartBusiness?<\/h1>\n<h2 id=\"t-1629284152205\">Das Rechnungsprogramm PostFinance SmartBusiness ist nicht mehr verf\u00fcgbar<\/h2>\n<p>Das SmartBusiness-Rechnungsprogramm wird am 1. November 2021 eingestellt. Nach diesem Datum k\u00f6nnen Sie mit diesem System keine neuen Rechnungen mehr erstellen. Sie wollen aber trotzdem Rechnungen an Ihre Kunden schicken. Wir haben die richtige Alternative f\u00fcr Sie.<\/p>\n<h2 id=\"t-1629284152206\" style=\"\">Die L\u00f6sung<\/h2>\n<p>EZYrechnung ist die beste Alternative zu SmartBusiness. Es bietet \u00e4hnliche Funktionen. Unser Leitfaden hilft f\u00fcr eine schnelle und einfache Umstellung .<\/p>\n<h3 id=\"t-1629284152207\" style=\"\">Schritt 1 &#8211; Merkmale<\/h3>\n<p>01<\/p>\n<p style=\"text-align: left;\">Finden Sie die Funktionen, die Sie brauchen: Versenden Sie schnell digitale und QR-Rechnungen.<\/p>\n<h4 id=\"t-1629286699747\" style=\"\">Was brauchen Sie von einer Rechnungssoftware?<\/h4>\n<ul>\n<li><span>Sch\u00f6ne Rechnungen erstellen<\/span><\/li>\n<li><span>PDF-Rechnungen generieren<\/span><\/li>\n<li><span>Verfolgung von Zahlungen<\/span><\/li>\n<li><span>Rechnungen per E-Mail versenden<\/span><\/li>\n<li><span>QR-Rechnung<\/span><\/li>\n<li><span>mit oder ohne Mehrwertsteuer<\/span><\/li>\n<li><span>Kostenloser Optionsplan &#8211; die Nutzung ist kostenlos, wenn Sie weniger als 100 Kunden haben.<\/span><\/li>\n<\/ul>\n<p><a href=\"http:\/\/www.ezyrechnung.ch\" target=\"_blank\" rel=\"nofollow noopener\" style=\"outline: none;\">EZYrechnung<\/a> erf\u00fcllt all diese Anforderungen und mehr. Verwenden Sie zum Beispiel EZYrechnung mit <a href=\"https:\/\/www.ezycount.ch\/de\/\" target=\"_blank\" rel=\"noopener\">EZYcount<\/a>, um Ihre Buchhaltung zu automatisieren. Einige Kunden lassen bis zu 98 % ihrer Dateneingabe automatisch erledigen.<\/p>\n<h3 id=\"t-1629284152208\" style=\"\">Schritt 2 &#8211; Probieren Sie es aus<\/h3>\n<p>02<\/p>\n<p style=\"text-align: left;\">Kaufen Sie niemals Software, ohne sie zu testen.<a href=\"http:\/\/www.ezyrechnung.ch\" target=\"_blank\" rel=\"noopener\">EZYrechnung<\/a> bietet einen kostenlosen Plan (bis zu 100 Kunden). Erstellen Sie ein paar Rechnungen mit EZYrechnung. Schicken Sie sie per E-Mail an sich selbst. Sehen Sie, wie effizient EZYrechnung ist und wie professionell die Rechnungen aussehen.<\/p>\n<h3 id=\"t-1629284152209\" style=\"letter-spacing: 0px;\">Schritt 3 &#8211; Migrieren von PostFinance SmartBusiness<\/h3>\n<p>03<\/p>\n<p style=\"text-align: left;\">Speichern Sie Ihre Postfinance-Kontakte und laden Sie sie in Ihr EZYrechnung hoch. Es ist nicht notwendig, die Daten manuell hinzuzuf\u00fcgen.<\/p>\n<p><strong>Meist gesehene Inhalte:<\/strong><\/p>\n<p style=\"\">\n<p>    __CONFIG_colors_palette__{&#8222;active_palette&#8220;:0,&#8220;config&#8220;:{&#8222;colors&#8220;:{&#8222;9bd08&#8220;:{&#8222;name&#8220;:&#8220;Main Accent&#8220;,&#8220;parent&#8220;:-1}},&#8220;gradients&#8220;:[]},&#8220;palettes&#8220;:[{&#8222;name&#8220;:&#8220;Default Palette&#8220;,&#8220;value&#8220;:{&#8222;colors&#8220;:{&#8222;9bd08&#8220;:{&#8222;val&#8220;:&#8220;rgb(245, 168, 28)&#8220;}},&#8220;gradients&#8220;:[]},&#8220;original&#8220;:{&#8222;colors&#8220;:{&#8222;9bd08&#8220;:{&#8222;val&#8220;:&#8220;rgb(19, 114, 211)&#8220;,&#8220;hsl&#8220;:{&#8222;h&#8220;:210,&#8220;s&#8220;:0.83,&#8220;l&#8220;:0.45}}},&#8220;gradients&#8220;:[]}}]}__CONFIG_colors_palette__ <a href=\"https:\/\/www.ezycount.ch\/de\/\" style=\"\" target=\"_blank\" rel=\"noopener\"><span>        <\/span> <span><span style=\"\">Buchhaltung<\/span><span><\/span><\/span> <\/a><\/p>\n<p style=\"\">Eine einfach zu bedienende, sichere Online-Buchhaltungs- und Rechnungsplattform f\u00fcr KMUs und Selbstst\u00e4ndige.<\/p>\n<p>      __CONFIG_colors_palette__{&#8222;active_palette&#8220;:0,&#8220;config&#8220;:{&#8222;colors&#8220;:{&#8222;9bd08&#8220;:{&#8222;name&#8220;:&#8220;Main Accent&#8220;,&#8220;parent&#8220;:-1}},&#8220;gradients&#8220;:[]},&#8220;palettes&#8220;:[{&#8222;name&#8220;:&#8220;Default Palette&#8220;,&#8220;value&#8220;:{&#8222;colors&#8220;:{&#8222;9bd08&#8220;:{&#8222;val&#8220;:&#8220;hsla(var(&#8211;tcb-main-master-h, 210), var(&#8211;tcb-main-master-s, 77%), var(&#8211;tcb-main-master-l, 54%), 1)&#8220;}},&#8220;gradients&#8220;:[]},&#8220;original&#8220;:{&#8222;colors&#8220;:{&#8222;9bd08&#8220;:{&#8222;val&#8220;:&#8220;rgb(19, 114, 211)&#8220;,&#8220;hsl&#8220;:{&#8222;h&#8220;:210,&#8220;s&#8220;:0.83,&#8220;l&#8220;:0.45}}},&#8220;gradients&#8220;:[]}}]}__CONFIG_colors_palette__ <a href=\"https:\/\/www.ezycount.ch\/de\/wie-konnen-sie-ihr-buro-einfach-organisieren\/\" style=\"\"><span>        <\/span> <span><span style=\"\">Wie k\u00f6nnen Sie Ihr B\u00fcro organisieren?<\/span><span><\/span><\/span> <\/a><\/p>\n<p style=\"\">Es braucht keine schwierige L\u00f6sung, nur die richtige. Ein kurzes Video und 8 schnelle Schritte, um Ihr B\u00fcro einfach aufzur\u00e4umen und zu organisieren.<\/p>\n<p>      __CONFIG_colors_palette__{&#8222;active_palette&#8220;:0,&#8220;config&#8220;:{&#8222;colors&#8220;:{&#8222;9bd08&#8220;:{&#8222;name&#8220;:&#8220;Main Accent&#8220;,&#8220;parent&#8220;:-1}},&#8220;gradients&#8220;:[]},&#8220;palettes&#8220;:[{&#8222;name&#8220;:&#8220;Default Palette&#8220;,&#8220;value&#8220;:{&#8222;colors&#8220;:{&#8222;9bd08&#8220;:{&#8222;val&#8220;:&#8220;hsla(var(&#8211;tcb-main-master-h, 210), var(&#8211;tcb-main-master-s, 77%), var(&#8211;tcb-main-master-l, 54%), 1)&#8220;}},&#8220;gradients&#8220;:[]},&#8220;original&#8220;:{&#8222;colors&#8220;:{&#8222;9bd08&#8220;:{&#8222;val&#8220;:&#8220;rgb(19, 114, 211)&#8220;,&#8220;hsl&#8220;:{&#8222;h&#8220;:210,&#8220;s&#8220;:0.83,&#8220;l&#8220;:0.45}}},&#8220;gradients&#8220;:[]}}]}__CONFIG_colors_palette__ <a href=\"https:\/\/www.ezycount.ch\/de\/wie-erstellt-man-gesetzliche-schweizer-rechnungen\/\" style=\"\" target=\"_blank\" rel=\"noopener\"><span>        <\/span> <span><span style=\"\">Rechnungsstellung<\/span><span><\/span><\/span> <\/a><\/p>\n<p style=\"\">Alle notwendigen Informationen wie gesetzliche Vorgaben und n\u00fctzliche Tipps zur Erstellung von Schweizer Standardrechnungen<\/p>\n<p>      __CONFIG_colors_palette__{&#8222;active_palette&#8220;:0,&#8220;config&#8220;:{&#8222;colors&#8220;:{&#8222;9bd08&#8220;:{&#8222;name&#8220;:&#8220;Main Accent&#8220;,&#8220;parent&#8220;:-1}},&#8220;gradients&#8220;:[]},&#8220;palettes&#8220;:[{&#8222;name&#8220;:&#8220;Default Palette&#8220;,&#8220;value&#8220;:{&#8222;colors&#8220;:{&#8222;9bd08&#8220;:{&#8222;val&#8220;:&#8220;hsla(var(&#8211;tcb-main-master-h, 210), var(&#8211;tcb-main-master-s, 77%), var(&#8211;tcb-main-master-l, 54%), 1)&#8220;}},&#8220;gradients&#8220;:[]},&#8220;original&#8220;:{&#8222;colors&#8220;:{&#8222;9bd08&#8220;:{&#8222;val&#8220;:&#8220;rgb(19, 114, 211)&#8220;,&#8220;hsl&#8220;:{&#8222;h&#8220;:210,&#8220;s&#8220;:0.83,&#8220;l&#8220;:0.45}}},&#8220;gradients&#8220;:[]}}]}__CONFIG_colors_palette__ <a href=\"https:\/\/www.ezycount.ch\/de\/startup-bewertungsmodell-free-excel\/\" style=\"\" target=\"_blank\" rel=\"noopener\"><span>        <\/span> <span><span style=\"\">Startup-Bewertung&nbsp;<\/span><span><\/span><\/span> <\/a><\/p>\n<p style=\"\">Kennen Sie den Barwert aller zuk\u00fcnftigen Gewinne Ihres Unternehmens? Laden Sie das perfekte Startup-Bewertungsmodell kostenlos herunter.<\/p>\n<p>  __CONFIG_group_edit__{&#8222;kbjp1vpj&#8220;:{&#8222;name&#8220;:&#8220;All Logo(s)&#8220;,&#8220;singular&#8220;:&#8220;&#8211; Logo %s&#8220;},&#8220;kbjp1xfn&#8220;:{&#8222;name&#8220;:&#8220;All Title(s)&#8220;,&#8220;singular&#8220;:&#8220;&#8211; Text %s&#8220;},&#8220;kbjp22kc&#8220;:{&#8222;name&#8220;:&#8220;All Paragraph(s)&#8220;,&#8220;singular&#8220;:&#8220;&#8211; Text %s&#8220;},&#8220;kbjp2ag5&#8243;:{&#8222;name&#8220;:&#8220;All Read Review Button(s)&#8220;,&#8220;singular&#8220;:&#8220;&#8211; Button %s&#8220;},&#8220;kbjp3xj6&#8243;:{&#8222;name&#8220;:&#8220;All Visit Website Button(s)&#8220;,&#8220;singular&#8220;:&#8220;&#8211; Button %s&#8220;},&#8220;kbjp44dp&#8220;:{&#8222;name&#8220;:&#8220;All Buttons Column(s)&#8220;,&#8220;singular&#8220;:&#8220;&#8211; Column %s&#8220;},&#8220;kbjp4d43&#8243;:{&#8222;name&#8220;:&#8220;All Text Column(s)&#8220;,&#8220;singular&#8220;:&#8220;&#8211; Column %s&#8220;},&#8220;kbjp4k9i&#8220;:{&#8222;name&#8220;:&#8220;All Content Box(s)&#8220;,&#8220;singular&#8220;:&#8220;&#8211; Content Box %s&#8220;},&#8220;kbjp4mck&#8220;:{&#8222;name&#8220;:&#8220;All Content Box(s)&#8220;,&#8220;singular&#8220;:&#8220;&#8211; Content Box %s&#8220;}}__CONFIG_group_edit____CONFIG_local_colors__{&#8222;colors&#8220;:{},&#8220;gradients&#8220;:{}}__CONFIG_local_colors____CONFIG_colors_palette__{&#8222;active_palette&#8220;:0,&#8220;config&#8220;:{&#8222;colors&#8220;:{&#8222;55242&#8220;:{&#8222;name&#8220;:&#8220;Accent Lighter&#8220;,&#8220;parent&#8220;:&#8220;3c75f&#8220;,&#8220;lock&#8220;:{&#8222;saturation&#8220;:0,&#8220;lightness&#8220;:1}},&#8220;3c75f&#8220;:{&#8222;name&#8220;:&#8220;Main Accent&#8220;,&#8220;parent&#8220;:-1},&#8220;965f3&#8243;:{&#8222;name&#8220;:&#8220;Accent Transparent&#8220;,&#8220;parent&#8220;:&#8220;3c75f&#8220;}},&#8220;gradients&#8220;:[]},&#8220;palettes&#8220;:[{&#8222;name&#8220;:&#8220;Default&#8220;,&#8220;value&#8220;:{&#8222;colors&#8220;:{&#8222;55242&#8220;:{&#8222;val&#8220;:&#8220;rgb(198, 199, 199)&#8220;,&#8220;hsl_parent_dependency&#8220;:{&#8222;h&#8220;:144,&#8220;l&#8220;:0.78,&#8220;s&#8220;:-0.01}},&#8220;3c75f&#8220;:{&#8222;val&#8220;:&#8220;var(&#8211;tcb-skin-color-0)&#8220;},&#8220;965f3&#8243;:{&#8222;val&#8220;:&#8220;rgba(245, 165, 25, 0.47)&#8220;,&#8220;hsl_parent_dependency&#8220;:{&#8222;h&#8220;:38,&#8220;l&#8220;:0.53,&#8220;s&#8220;:0.92}}},&#8220;gradients&#8220;:[]},&#8220;original&#8220;:{&#8222;colors&#8220;:{&#8222;55242&#8220;:{&#8222;val&#8220;:&#8220;rgb(201, 201, 201)&#8220;,&#8220;hsl_parent_dependency&#8220;:{&#8222;h&#8220;:0,&#8220;s&#8220;:0,&#8220;l&#8220;:0.78}},&#8220;3c75f&#8220;:{&#8222;val&#8220;:&#8220;rgb(102, 57, 248)&#8220;,&#8220;hsl&#8220;:{&#8222;h&#8220;:254,&#8220;s&#8220;:0.93,&#8220;l&#8220;:0.59}},&#8220;965f3&#8243;:{&#8222;val&#8220;:&#8220;rgba(102, 57, 248, 0.47)&#8220;,&#8220;hsl_parent_dependency&#8220;:{&#8222;h&#8220;:254,&#8220;s&#8220;:0.93,&#8220;l&#8220;:0.59}}},&#8220;gradients&#8220;:[]}}]}__CONFIG_colors_palette__  <span><img decoding=\"async\" alt=\"Retrouver le plaisir de faire votre comptabilit\u00e9 avec EZYcount\" data-id=\"11313\" width=\"282\" data-init-width=\"600\" height=\"188\" data-init-height=\"400\" title=\"retrouver le plaisir de faire votre comptabilit\u00e9 avec EZYcount\" loading=\"lazy\" src=\"https:\/\/www.ezycount.ch\/wp-content\/uploads\/2021\/04\/retrouver-le-plaisir-de-faire-votre-comptabilite-avec-EZYcount.jpg\" data-width=\"282\" data-height=\"188\"><\/span><\/p>\n<h6 id=\"t-1603173024694\" style=\"\">Sind Sie auf der Suche nach einer einfachen Schweizer Buchhaltungsl\u00f6sung?<\/h6>\n<h6 id=\"t-1617366489036\" style=\"\">EZYcount ist f\u00fcr Sie.<\/h6>\n<p><a href=\"https:\/\/app.ezycount.ch\/change-language\/de\/0?referer=https:\/\/app.ezycount.ch\/register\" style=\"\" target=\"_blank\" rel=\"noopener\"><span style=\"\">    <\/span> <span style=\"\"><span style=\"\">Jetzt probieren<\/span><\/span> <\/a><\/p>\n<h4 id=\"t-1629284152210\" style=\"letter-spacing: 0px;\">Schritt 3a &#8211; Exportieren von Daten aus PostFinance SmartBusiness<\/h4>\n<p>04<\/p>\n<ul>\n<li><span>Einloggen in Postfinance Smartbusiness<\/span><\/li>\n<li><span>Gehen Sie zu Kontakte und Datenexport<\/span><\/li>\n<li><span>W\u00e4hlen Sie die Art des Exports: Kontakte<\/span><\/li>\n<li><span>W\u00e4hlen Sie zus\u00e4tzliche Informationen oder gehen Sie weiter<\/span><\/li>\n<li><span>W\u00e4hlen Sie das Exportformat: CSV<\/span><\/li>\n<\/ul>\n<h4 id=\"t-1629284152211\" style=\"letter-spacing: 0px;\">Schritt 3b &#8211; Vorbereiten der Daten f\u00fcr den Import<\/h4>\n<p>05<\/p>\n<p style=\"text-align: left;\">Jedes System hat eine andere Konfiguration und Reihenfolge. Ihre Postfinance-CSV-Datei sollte dieselbe Struktur haben wie EZYrechnung.\u00dcberpr\u00fcfen Sie die Anforderungen und ordnen Sie die Spalten. Keine Sorge, das ist leicht zu \u00e4ndern.<\/p>\n<h4 id=\"t-1629284152212\" style=\"letter-spacing: 0px;\">Schritt 3c &#8211; Importieren der Daten<\/h4>\n<p>06<\/p>\n<p style=\"text-align: left;\">Laden Sie Ihre CSV-Datei in das Rechnungsprogramm und beginnen Sie mit der Arbeit.<\/p>\n<h4 id=\"t-1629286699748\" style=\"text-align: left;\">Wie importiert man Kontakte in EZYrechnung?<\/h4>\n<ul>\n<li><span>Einloggen in EZYrechnung<\/span><\/li>\n<li><span>In Settings finden Sie &#8222;Kontakt importieren&#8220; (unten Import\/Export)<\/span><\/li>\n<li><span>W\u00e4hlen Sie das richtige CSV-Dokument<\/span><\/li>\n<li><span>Im neuen System herunterladen<\/span><\/li>\n<li><span>Speichern<\/span><\/li>\n<\/ul>\n<p style=\"text-align: center;\">Brauchen Sie weitere Hilfe?Senden Sie eine E-Mail an support@ezycount.ch.Wir sind hier, um Ihnen zu helfen.<\/p>\n<h4 style=\"\" id=\"t-1628147997869\" data-hide=\"true\">Einfach und digital<\/h4>\n<p style=\"line-height: 1.75em !important;\">Keine Kopfschmerzen, nur eine einfache Abrechnung mit einer modernen und intuitiven Schnittstelle.<\/p>\n<h4 style=\"\" data-hide=\"true\">Umwandlung des Angebots in eine Rechnung<\/h4>\n<p style=\"line-height: 1.75em !important;\">Ein angenommenes Angebot mit einem Klick in eine Rechnung umwandeln<\/p>\n<h4 style=\"\" id=\"t-1628234574245\" data-hide=\"true\">Wiederkehrende Rechnungen<\/h4>\n<p style=\"line-height: 1.75em !important;\">Verwalten Sie Ihre Abonnements mit dem System f\u00fcr wiederkehrende Rechnungen.<\/p>\n<h4 style=\"\" id=\"t-1628234574247\" data-hide=\"true\">Schweizer Mehrwertsteuer<\/h4>\n<p style=\"line-height: 1.75em !important;\">Inklusive Schweizer Mehrwertsteuer. Rechnung mit oder ohne Mehrwertsteuer.<\/p>\n<h4 style=\"\" data-hide=\"true\">Schneller bezahlt werden<\/h4>\n<p style=\"line-height: 1.75em !important;\">Lassen Sie Ihre Kunden per Bank\u00fcberweisung, QR-Rechnung, Paypal oder sogar Bitcoin bezahlen.<\/p>\n<h4 style=\"\" id=\"t-1628147997870\" data-hide=\"true\">Rechnung im PDF-Format<\/h4>\n<p style=\"line-height: 1.75em !important;\">Sofortige Vorschau der PDF-Version einer Rechnung, w\u00e4hrend sie geschrieben wird.<\/p>\n<h4 style=\"\" id=\"t-1628234574246\" data-hide=\"true\">Mehrere W\u00e4hrungen<\/h4>\n<p>Rechnungen in CHF oder EUR oder USD oder beides.<\/p>\n<h4 style=\"\" id=\"t-1628147997868\" data-hide=\"true\">EZYcount verbinden<\/h4>\n<p>Verbinden Sie EZYinvoice mit der Buchhaltungsl\u00f6sung EZYcount, um 85% Ihrer Verwaltungsaufgaben zu automatisieren.<\/p>\n<h4 id=\"t-1628234574249\" style=\"color: rgb(245, 168, 28) !important; --tcb-applied-color:rgb(245, 168, 28)  !important;\" data-hide=\"true\">Testen Sie die Anwendung kostenlos<\/h4>\n<p>Einfach zu bedienen und effektiv.<\/p>\n<p><a href=\"http:\/\/www.ezyfacture.ch\" target=\"_blank\" rel=\"noopener\"><\/a><\/p>\n<h2 style=\"\" id=\"t-1629286699746\">FAQ<\/h2>\n","protected":false},"excerpt":{"rendered":"<p>Die beste Alternative zu PostFinance SmartBusiness? Das Rechnungsprogramm PostFinance SmartBusiness ist nicht mehr verf\u00fcgbar Das SmartBusiness-Rechnungsprogramm wird am 1. November 2021 eingestellt. Nach diesem Datum k\u00f6nnen Sie mit diesem System keine neuen Rechnungen mehr erstellen. Sie wollen aber trotzdem Rechnungen an Ihre Kunden schicken. Wir haben die richtige Alternative f\u00fcr Sie. Die L\u00f6sung EZYrechnung ist [&hellip;]<\/p>\n","protected":false},"author":4,"featured_media":0,"parent":0,"menu_order":0,"comment_status":"closed","ping_status":"closed","template":"","meta":{"footnotes":""},"class_list":["post-15511","page","type-page","status-publish","hentry","post-wrapper","thrv_wrapper"],"yoast_head":"<!-- This site is optimized with the Yoast SEO plugin v25.3 - https:\/\/yoast.com\/wordpress\/plugins\/seo\/ -->\n<title>Die beste Alternative zu PostFinance SmartBusiness? - EZYcount<\/title>\n<meta name=\"description\" content=\"Das SmartBusiness-Abrechnungsprogramm wird am 1. November 2021 eingestellt. Wir haben die richtige Alternative f\u00fcr Sie.\" \/>\n<meta name=\"robots\" content=\"index, follow, max-snippet:-1, max-image-preview:large, max-video-preview:-1\" \/>\n<link rel=\"canonical\" href=\"https:\/\/www.ezycount.ch\/de\/die-beste-alternative-zu-postfinance-smartbusiness\/\" \/>\n<meta property=\"og:locale\" content=\"de_DE\" \/>\n<meta property=\"og:type\" content=\"article\" \/>\n<meta property=\"og:title\" content=\"Die beste Alternative zu PostFinance SmartBusiness? - EZYcount\" \/>\n<meta property=\"og:description\" content=\"Das SmartBusiness-Abrechnungsprogramm wird am 1. November 2021 eingestellt. Wir haben die richtige Alternative f\u00fcr Sie.\" \/>\n<meta property=\"og:url\" content=\"https:\/\/www.ezycount.ch\/de\/die-beste-alternative-zu-postfinance-smartbusiness\/\" \/>\n<meta property=\"og:site_name\" content=\"EZYcount\" \/>\n<meta property=\"og:image\" content=\"https:\/\/www.ezycount.ch\/wp-content\/uploads\/2021\/04\/retrouver-le-plaisir-de-faire-votre-comptabilite-avec-EZYcount.jpg\" \/>\n<meta name=\"twitter:card\" content=\"summary_large_image\" \/>\n<meta name=\"twitter:label1\" content=\"Gesch\u00e4tzte Lesezeit\" \/>\n\t<meta name=\"twitter:data1\" content=\"4\u00a0Minuten\" \/>\n<script type=\"application\/ld+json\" class=\"yoast-schema-graph\">{\"@context\":\"https:\/\/schema.org\",\"@graph\":[{\"@type\":\"WebPage\",\"@id\":\"https:\/\/www.ezycount.ch\/de\/die-beste-alternative-zu-postfinance-smartbusiness\/\",\"url\":\"https:\/\/www.ezycount.ch\/de\/die-beste-alternative-zu-postfinance-smartbusiness\/\",\"name\":\"Die beste Alternative zu PostFinance SmartBusiness? - EZYcount\",\"isPartOf\":{\"@id\":\"https:\/\/www.ezycount.ch\/fr\/#website\"},\"primaryImageOfPage\":{\"@id\":\"https:\/\/www.ezycount.ch\/de\/die-beste-alternative-zu-postfinance-smartbusiness\/#primaryimage\"},\"image\":{\"@id\":\"https:\/\/www.ezycount.ch\/de\/die-beste-alternative-zu-postfinance-smartbusiness\/#primaryimage\"},\"thumbnailUrl\":\"https:\/\/www.ezycount.ch\/wp-content\/uploads\/2021\/04\/retrouver-le-plaisir-de-faire-votre-comptabilite-avec-EZYcount.jpg\",\"datePublished\":\"2021-08-31T14:51:41+00:00\",\"description\":\"Das SmartBusiness-Abrechnungsprogramm wird am 1. November 2021 eingestellt. Wir haben die richtige Alternative f\u00fcr Sie.\",\"breadcrumb\":{\"@id\":\"https:\/\/www.ezycount.ch\/de\/die-beste-alternative-zu-postfinance-smartbusiness\/#breadcrumb\"},\"inLanguage\":\"de\",\"potentialAction\":[{\"@type\":\"ReadAction\",\"target\":[\"https:\/\/www.ezycount.ch\/de\/die-beste-alternative-zu-postfinance-smartbusiness\/\"]}]},{\"@type\":\"ImageObject\",\"inLanguage\":\"de\",\"@id\":\"https:\/\/www.ezycount.ch\/de\/die-beste-alternative-zu-postfinance-smartbusiness\/#primaryimage\",\"url\":\"https:\/\/www.ezycount.ch\/wp-content\/uploads\/2021\/04\/retrouver-le-plaisir-de-faire-votre-comptabilite-avec-EZYcount.jpg\",\"contentUrl\":\"https:\/\/www.ezycount.ch\/wp-content\/uploads\/2021\/04\/retrouver-le-plaisir-de-faire-votre-comptabilite-avec-EZYcount.jpg\"},{\"@type\":\"BreadcrumbList\",\"@id\":\"https:\/\/www.ezycount.ch\/de\/die-beste-alternative-zu-postfinance-smartbusiness\/#breadcrumb\",\"itemListElement\":[{\"@type\":\"ListItem\",\"position\":1,\"name\":\"Home\",\"item\":\"https:\/\/www.ezycount.ch\/de\/\"},{\"@type\":\"ListItem\",\"position\":2,\"name\":\"Die beste Alternative zu PostFinance SmartBusiness?\"}]},{\"@type\":\"WebSite\",\"@id\":\"https:\/\/www.ezycount.ch\/fr\/#website\",\"url\":\"https:\/\/www.ezycount.ch\/fr\/\",\"name\":\"EZYcount\",\"description\":\"Simplifiez votre comptabilit\u00e9 et gagnez du temps\",\"potentialAction\":[{\"@type\":\"SearchAction\",\"target\":{\"@type\":\"EntryPoint\",\"urlTemplate\":\"https:\/\/www.ezycount.ch\/fr\/?s={search_term_string}\"},\"query-input\":{\"@type\":\"PropertyValueSpecification\",\"valueRequired\":true,\"valueName\":\"search_term_string\"}}],\"inLanguage\":\"de\"}]}<\/script>\n<!-- \/ Yoast SEO plugin. -->","yoast_head_json":{"title":"Die beste Alternative zu PostFinance SmartBusiness? - EZYcount","description":"Das SmartBusiness-Abrechnungsprogramm wird am 1. November 2021 eingestellt. Wir haben die richtige Alternative f\u00fcr Sie.","robots":{"index":"index","follow":"follow","max-snippet":"max-snippet:-1","max-image-preview":"max-image-preview:large","max-video-preview":"max-video-preview:-1"},"canonical":"https:\/\/www.ezycount.ch\/de\/die-beste-alternative-zu-postfinance-smartbusiness\/","og_locale":"de_DE","og_type":"article","og_title":"Die beste Alternative zu PostFinance SmartBusiness? - EZYcount","og_description":"Das SmartBusiness-Abrechnungsprogramm wird am 1. November 2021 eingestellt. Wir haben die richtige Alternative f\u00fcr Sie.","og_url":"https:\/\/www.ezycount.ch\/de\/die-beste-alternative-zu-postfinance-smartbusiness\/","og_site_name":"EZYcount","og_image":[{"url":"https:\/\/www.ezycount.ch\/wp-content\/uploads\/2021\/04\/retrouver-le-plaisir-de-faire-votre-comptabilite-avec-EZYcount.jpg","type":"","width":"","height":""}],"twitter_card":"summary_large_image","twitter_misc":{"Gesch\u00e4tzte Lesezeit":"4\u00a0Minuten"},"schema":{"@context":"https:\/\/schema.org","@graph":[{"@type":"WebPage","@id":"https:\/\/www.ezycount.ch\/de\/die-beste-alternative-zu-postfinance-smartbusiness\/","url":"https:\/\/www.ezycount.ch\/de\/die-beste-alternative-zu-postfinance-smartbusiness\/","name":"Die beste Alternative zu PostFinance SmartBusiness? - EZYcount","isPartOf":{"@id":"https:\/\/www.ezycount.ch\/fr\/#website"},"primaryImageOfPage":{"@id":"https:\/\/www.ezycount.ch\/de\/die-beste-alternative-zu-postfinance-smartbusiness\/#primaryimage"},"image":{"@id":"https:\/\/www.ezycount.ch\/de\/die-beste-alternative-zu-postfinance-smartbusiness\/#primaryimage"},"thumbnailUrl":"https:\/\/www.ezycount.ch\/wp-content\/uploads\/2021\/04\/retrouver-le-plaisir-de-faire-votre-comptabilite-avec-EZYcount.jpg","datePublished":"2021-08-31T14:51:41+00:00","description":"Das SmartBusiness-Abrechnungsprogramm wird am 1. November 2021 eingestellt. Wir haben die richtige Alternative f\u00fcr Sie.","breadcrumb":{"@id":"https:\/\/www.ezycount.ch\/de\/die-beste-alternative-zu-postfinance-smartbusiness\/#breadcrumb"},"inLanguage":"de","potentialAction":[{"@type":"ReadAction","target":["https:\/\/www.ezycount.ch\/de\/die-beste-alternative-zu-postfinance-smartbusiness\/"]}]},{"@type":"ImageObject","inLanguage":"de","@id":"https:\/\/www.ezycount.ch\/de\/die-beste-alternative-zu-postfinance-smartbusiness\/#primaryimage","url":"https:\/\/www.ezycount.ch\/wp-content\/uploads\/2021\/04\/retrouver-le-plaisir-de-faire-votre-comptabilite-avec-EZYcount.jpg","contentUrl":"https:\/\/www.ezycount.ch\/wp-content\/uploads\/2021\/04\/retrouver-le-plaisir-de-faire-votre-comptabilite-avec-EZYcount.jpg"},{"@type":"BreadcrumbList","@id":"https:\/\/www.ezycount.ch\/de\/die-beste-alternative-zu-postfinance-smartbusiness\/#breadcrumb","itemListElement":[{"@type":"ListItem","position":1,"name":"Home","item":"https:\/\/www.ezycount.ch\/de\/"},{"@type":"ListItem","position":2,"name":"Die beste Alternative zu PostFinance SmartBusiness?"}]},{"@type":"WebSite","@id":"https:\/\/www.ezycount.ch\/fr\/#website","url":"https:\/\/www.ezycount.ch\/fr\/","name":"EZYcount","description":"Simplifiez votre comptabilit\u00e9 et gagnez du temps","potentialAction":[{"@type":"SearchAction","target":{"@type":"EntryPoint","urlTemplate":"https:\/\/www.ezycount.ch\/fr\/?s={search_term_string}"},"query-input":{"@type":"PropertyValueSpecification","valueRequired":true,"valueName":"search_term_string"}}],"inLanguage":"de"}]}},"_links":{"self":[{"href":"https:\/\/www.ezycount.ch\/de\/wp-json\/wp\/v2\/pages\/15511","targetHints":{"allow":["GET"]}}],"collection":[{"href":"https:\/\/www.ezycount.ch\/de\/wp-json\/wp\/v2\/pages"}],"about":[{"href":"https:\/\/www.ezycount.ch\/de\/wp-json\/wp\/v2\/types\/page"}],"author":[{"embeddable":true,"href":"https:\/\/www.ezycount.ch\/de\/wp-json\/wp\/v2\/users\/4"}],"replies":[{"embeddable":true,"href":"https:\/\/www.ezycount.ch\/de\/wp-json\/wp\/v2\/comments?post=15511"}],"version-history":[{"count":15,"href":"https:\/\/www.ezycount.ch\/de\/wp-json\/wp\/v2\/pages\/15511\/revisions"}],"predecessor-version":[{"id":15569,"href":"https:\/\/www.ezycount.ch\/de\/wp-json\/wp\/v2\/pages\/15511\/revisions\/15569"}],"wp:attachment":[{"href":"https:\/\/www.ezycount.ch\/de\/wp-json\/wp\/v2\/media?parent=15511"}],"curies":[{"name":"wp","href":"https:\/\/api.w.org\/{rel}","templated":true}]}}