{"id":15826,"date":"2021-11-04T02:14:24","date_gmt":"2021-11-04T01:14:24","guid":{"rendered":"https:\/\/www.ezycount.ch\/?page_id=15826"},"modified":"2021-11-09T22:38:35","modified_gmt":"2021-11-09T21:38:35","slug":"was-ist-buchhaltung-und-warum-ist-sie-wichtig","status":"publish","type":"page","link":"https:\/\/www.ezycount.ch\/de\/was-ist-buchhaltung-und-warum-ist-sie-wichtig\/","title":{"rendered":"Was ist Buchhaltung und warum ist sie wichtig?"},"content":{"rendered":"<h1 style=\"color: var(--tcb-color-0)  !important; --tcb-applied-color:var$(--tcb-color-0)  !important;\">Was ist Buchhaltung?<\/h1>\n<p style=\"\"><span data-preserver-spaces=\"true\" style=\"\">Buchhaltung ist der Prozess der systematischen Aufzeichnung und Organisation von Finanzdaten. Dabei kann es sich um eine Einzelperson, ein Unternehmen oder eine andere Art von Organisation handeln. Sie stellt sicher, dass die Finanzinformationen umfassend, aktuell und zug\u00e4nglich sind.<\/span><\/p>\n<p><span style=\"\"><img decoding=\"async\" alt=\"\" data-id=\"15590\" width=\"336\" height=\"352\" title=\"adeolu-eletu-unRkg2jH1j0-unsplash\" src=\"https:\/\/www.ezycount.ch\/wp-content\/uploads\/2021\/09\/adeolu-eletu-unRkg2jH1j0-unsplash-scaled-e1632920724820.jpg\" style=\"\" ml-d=\"0\" data-width=\"336\" data-height=\"352\" data-init-width=\"1619\" data-init-height=\"1696\" mt-d=\"-2.5160000000000196\" loading=\"lazy\"><\/span><\/p>\n<h2 style=\"color: rgb(245, 168, 28) !important; --tcb-applied-color:rgb(245, 168, 28)  !important;\" id=\"t-1632989388651\">Warum ist Buchhaltung wichtig?<\/h2>\n<p><span data-preserver-spaces=\"true\">Die Buchhaltung ist ein immerw\u00e4hrendes Thema, denn ohne sie k\u00f6nnen Unternehmen nicht funktionieren. Der Geldfluss entscheidet dar\u00fcber, ob ein Unternehmen ausreichend erfolgreich sein kann oder nicht. Es n\u00fctzt nichts, viele Kontakte und ein gutes Management zu haben, wenn die Einnahmen und der Kapitalfluss nicht in der richtigen H\u00f6he vorhanden sind. Die Buchhaltung spielt eine wichtige Rolle im Arbeitsablauf.Die Buchhaltung hilft bei der Verfolgung von Einnahmen und Ausgaben, stellt die Rechtm\u00e4\u00dfigkeit sicher und versorgt Eigent\u00fcmer und Investoren mit Finanzinformationen, um Gesch\u00e4ftsentscheidungen zu treffen.Andererseits ist es notwendig, B\u00fccher zu f\u00fchren, weil jedes Unternehmen einen Jahresabschluss erstellen muss. Dieser muss die <\/span><a href=\"https:\/\/www.ezycount.ch\/de\/die-gebrauchlichsten-buchhaltungsausdrucke\/\" target=\"_blank\" style=\"outline: none;\" rel=\"noopener\"><span data-preserver-spaces=\"true\">Gewinn<\/span><\/a><span data-preserver-spaces=\"true\">&#8211; und <\/span><a href=\"https:\/\/www.ezycount.ch\/de\/die-gebrauchlichsten-buchhaltungsausdrucke\/\" target=\"_blank\" rel=\"noopener\"><span data-preserver-spaces=\"true\">Verlustrechnung<\/span><\/a><span data-preserver-spaces=\"true\"> und die Bilanz enthalten. Diese Dokumente m\u00fcssen das Verm\u00f6gen und die Ertr\u00e4ge des Unternehmens so genau wie m\u00f6glich wiedergeben. Kurz gesagt, ohne eine genaue und strenge Buchf\u00fchrung w\u00e4re es schwierig, solche Dokumente zu erstellen. <\/span><\/p>\n<h3 id=\"t-1632989388652\" style=\"\">Wer braucht eine Buchhaltung?<\/h3>\n<p>Alle Arten von Unternehmen sind verpflichtet, eine Buchhaltung zu f\u00fchren. Z. B. Einzelunternehmen, Freiberufler, kleine Unternehmen, mittlere Unternehmen, multinationale Unternehmen usw..<\/p>\n<h3 id=\"t-1632989388653\" style=\"color: rgb(245, 168, 28) !important; --tcb-applied-color:rgb(245, 168, 28)  !important;\">Was m\u00fcssen wir buchen?<\/h3>\n<p>Jedes Ereignis, das im Leben des Unternehmens stattgefunden hat. Die Ein- und Auszahlungen (z. B. Rechnungen, Bareing\u00e4nge und -auszahlungen, Kontoausz\u00fcge usw.) und alle anderen Vorg\u00e4nge (z. B. Vertr\u00e4ge, Inventar, Schrottaufzeichnungen usw.).Schlie\u00dflich muss das Unternehmen den Nachweis erbringen, dass diese Vorg\u00e4nge stattgefunden haben, und zwar durch Belege mit obligatorischen Elementen wie Quittungen.Diese Belege muss das Unternehmen dann f\u00fcr den Fall einer Kontrolle durch die Bundesbeh\u00f6rden aufbewahren. Sowohl die Buchungen als auch die Aufzeichnungen m\u00fcssen \u00fcbereinstimmen und sich gegenseitig unterst\u00fctzen.<\/p>\n<h3 id=\"t-1632989388654\" style=\"\">Was ist eine Quittung?<\/h3>\n<p>Eine Quittung (Schein, Rechnung) ist ein Dokument, das erstellt wird, um ein finanzielles Ereignis\/eine finanzielle Transaktion zu dokumentieren. Zum Beispiel, wenn ein Unternehmen etwas verkauft und eine Rechnung ausstellt oder jemand Geld auf die Bank einzahlt und eine Quittung als Nachweis erh\u00e4lt.<\/p>\n<h3 id=\"t-1632989388659\" style=\"\">Brauche ich einen Buchhalter in der Schweiz?<\/h3>\n<p>You never need an accountant in Switzerland. In Switzerland it is legal to make a simplified accounting which includes only the receipts, the expenses and the assets if the turnover does not exceed CHF 500&#8217;000.<\/p>\n<p>__CONFIG_colors_palette__{&#8222;active_palette&#8220;:0,&#8220;config&#8220;:{&#8222;colors&#8220;:{&#8222;55242&#8220;:{&#8222;name&#8220;:&#8220;Accent Lighter&#8220;,&#8220;parent&#8220;:&#8220;3c75f&#8220;,&#8220;lock&#8220;:{&#8222;saturation&#8220;:0,&#8220;lightness&#8220;:1}},&#8220;3c75f&#8220;:{&#8222;name&#8220;:&#8220;Main Accent&#8220;,&#8220;parent&#8220;:-1},&#8220;965f3&#8243;:{&#8222;name&#8220;:&#8220;Accent Transparent&#8220;,&#8220;parent&#8220;:&#8220;3c75f&#8220;}},&#8220;gradients&#8220;:[]},&#8220;palettes&#8220;:[{&#8222;name&#8220;:&#8220;Default&#8220;,&#8220;value&#8220;:{&#8222;colors&#8220;:{&#8222;55242&#8220;:{&#8222;val&#8220;:&#8220;rgb(198, 199, 199)&#8220;,&#8220;hsl_parent_dependency&#8220;:{&#8222;h&#8220;:144,&#8220;l&#8220;:0.78,&#8220;s&#8220;:-0.01}},&#8220;3c75f&#8220;:{&#8222;val&#8220;:&#8220;var(&#8211;tcb-skin-color-0)&#8220;},&#8220;965f3&#8243;:{&#8222;val&#8220;:&#8220;rgba(245, 165, 25, 0.47)&#8220;,&#8220;hsl_parent_dependency&#8220;:{&#8222;h&#8220;:38,&#8220;l&#8220;:0.53,&#8220;s&#8220;:0.92}}},&#8220;gradients&#8220;:[]},&#8220;original&#8220;:{&#8222;colors&#8220;:{&#8222;55242&#8220;:{&#8222;val&#8220;:&#8220;rgb(201, 201, 201)&#8220;,&#8220;hsl_parent_dependency&#8220;:{&#8222;h&#8220;:0,&#8220;s&#8220;:0,&#8220;l&#8220;:0.78}},&#8220;3c75f&#8220;:{&#8222;val&#8220;:&#8220;rgb(102, 57, 248)&#8220;,&#8220;hsl&#8220;:{&#8222;h&#8220;:254,&#8220;s&#8220;:0.93,&#8220;l&#8220;:0.59}},&#8220;965f3&#8243;:{&#8222;val&#8220;:&#8220;rgba(102, 57, 248, 0.47)&#8220;,&#8220;hsl_parent_dependency&#8220;:{&#8222;h&#8220;:254,&#8220;s&#8220;:0.93,&#8220;l&#8220;:0.59}}},&#8220;gradients&#8220;:[]}}]}__CONFIG_colors_palette__  <span><img decoding=\"async\" alt=\"Retrouver le plaisir de faire votre comptabilit\u00e9 avec EZYcount\" data-id=\"11313\" width=\"282\" data-init-width=\"600\" height=\"188\" data-init-height=\"400\" title=\"retrouver le plaisir de faire votre comptabilit\u00e9 avec EZYcount\" loading=\"lazy\" src=\"https:\/\/www.ezycount.ch\/wp-content\/uploads\/2021\/04\/retrouver-le-plaisir-de-faire-votre-comptabilite-avec-EZYcount.jpg\" data-width=\"282\" data-height=\"188\"><\/span><\/p>\n<h6 id=\"t-1603173024694\" style=\"\">Sind Sie auf der Suche nach einer einfachen Schweizer Buchhaltungsl\u00f6sung?<\/h6>\n<h6 id=\"t-1617366489036\" style=\"\">EZYcount ist f\u00fcr Sie.<\/h6>\n<p> <a href=\"https:\/\/app.ezycount.ch\/change-language\/de\/0?referer=https:\/\/app.ezycount.ch\/register\" style=\"\" target=\"_blank\" rel=\"noopener\"><span style=\"\">    <\/span> <span style=\"\"><span style=\"\">Jetzt probieren<\/span><\/span> <\/a>  <\/p>\n<h3 id=\"t-1632989388660\" style=\"\"><strong>Anforderungen an die Rechnungslegung<\/strong><\/h3>\n<h4 style=\"\" id=\"t-1632989388661\">Grunds\u00e4tze<\/h4>\n<p style=\"\">Sie folgt den Grunds\u00e4tzen ordnungsm\u00e4ssiger Buchf\u00fchrung. Namentlich sind zu beachten:<\/p>\n<ol>\n<li>die vollst\u00e4ndige, wahrheitsgetreue und systematische Erfassung der Gesch\u00e4ftsvorf\u00e4lle und Sachverhalte;<\/li>\n<li>der Belegnachweis f\u00fcr die einzelnen Buchungsvorg\u00e4nge;<\/li>\n<li>die Klarheit;<\/li>\n<li>die Zweckm\u00e4ssigkeit mit Blick auf die Art und Gr\u00f6sse des Unternehmens;<\/li>\n<li>die Nachpr\u00fcfbarkeit.<\/li>\n<\/ol>\n<p style=\"text-align: right;\">Article 957a(2) CO<\/p>\n<h4 style=\"color: var(--tcb-color-0)  !important; --tcb-applied-color:var$(--tcb-color-0)  !important;\" id=\"t-1632989388662\">Aufbewahrung von Unterlagen<\/h4>\n<p style=\"\">Als Buchungsbeleg gelten alle schriftlichen Aufzeichnungen auf Papier oder in elektronischer oder vergleichbarer Form, die notwendig sind, um den einer Buchung zugrunde liegenden Gesch\u00e4ftsvorfall oder Sachverhalt nachvollziehen zu k\u00f6nnen.<\/p>\n<p style=\"text-align: right;\">Article 957a(3) CO&nbsp;<\/p>\n<h4 style=\"color: var(--tcb-color-0)  !important; --tcb-applied-color:var$(--tcb-color-0)  !important;\" id=\"t-1632989388663\">Sprache<\/h4>\n<p style=\"\">Sie erfolgt in einer der Landessprachen oder in Englisch. Sie kann schriftlich, elektronisch oder in vergleichbarer Weise gef\u00fchrt werden.<\/p>\n<p style=\"text-align: right;\">Article 957a(5) CO&nbsp;<\/p>\n<h4 style=\"\" id=\"t-1632989388664\">W\u00e4hrung<\/h4>\n<p style=\"\">Die Buchf\u00fchrung erfolgt in der Landesw\u00e4hrung oder in der f\u00fcr die Gesch\u00e4ftst\u00e4tigkeit wesentlichen W\u00e4hrung.<\/p>\n<p style=\"text-align: right;\">Article 957a(4) CO&nbsp;<\/p>\n<h3 id=\"t-1632989388666\" style=\"text-align: left;\">Wie f\u00e4ngt man an?<\/h3>\n<h4 style=\"text-align: left; padding-bottom: 0px !important; margin-bottom: 0px !important; color: var(--tcb-color-0)  !important; --tcb-applied-color:var$(--tcb-color-0)  !important;\" id=\"t-1632989388667\">Neu? Fangen Sie hier an!<\/h4>\n<p style=\"\">Lernen und starten Sie Ihre Buchhaltung so schnell wie m\u00f6glich. <a href=\"https:\/\/www.ezycount.ch\/de\/wie-lernen-sie-buchhaltung-in-7-tagen\/\" target=\"_blank\" style=\"outline: none;\" rel=\"noopener\">7 Tage Video-Session<\/a>: jeden Tag ein Video zu einem bestimmten Thema, um mit der Buchhaltung zu beginnen.<\/p>\n<h4 style=\"text-align: left; color: var(--tcb-color-0)  !important; --tcb-applied-color:var$(--tcb-color-0)  !important;\" id=\"t-1632989388670\">Mehr Informationen sammeln<\/h4>\n<p style=\"text-align: left;\">Besuchen Sie unsere <a href=\"https:\/\/www.ezycount.ch\/de\/kostenlose-ressourcen\/\" target=\"_blank\" rel=\"noopener\">Ressourcenseiten<\/a> und vertiefen Sie sich in dieses Thema. Wenn Sie weitere Fragen zur Rechnungslegung haben, k\u00f6nnen Sie sich gerne an unser Team wenden.<\/p>\n<h4 style=\"text-align: left; color: var(--tcb-color-0)  !important; --tcb-applied-color:var$(--tcb-color-0)  !important;\" id=\"t-1632989388669\">Werkzeuge verwenden<\/h4>\n<p style=\"text-align: left;\">Versuchen Sie, Ihre Buchhaltung mit einer <a href=\"https:\/\/www.ezycount.ch\/de\/wie-macht-man-buchhaltung-in-excel\/\" target=\"_blank\" rel=\"noopener\">Excel-Datei<\/a> zu erstellen, oder registrieren Sie sich f\u00fcr eine <a href=\"http:\/\/www.ezycount.ch\" target=\"_blank\" style=\"outline: none;\" rel=\"noopener\">kostenlose Testversion<\/a> von EZYcount, um bei Bedarf pers\u00f6nliche Hilfe zu erhalten.<\/p>\n<h4 style=\"\" id=\"t-1632989388655\"><strong>Most viewed contents<\/strong><\/h4>\n<p><a href=\"https:\/\/www.ezycount.ch\/de\/\" target=\"_blank\" rel=\"noopener\"><\/p>\n<h4 style=\"text-align: left;\" id=\"t-1632989388656\"><span style=\"\">Wie f\u00fchre ich meine Buchhaltung?<\/span><\/h4>\n<p style=\"color: var(--tcb-color-0)  !important; --tcb-applied-color:var$(--tcb-color-0)  !important; text-align: left;\">Eine einfach zu bedienende, sichere Online-Buchhaltungs- und Rechnungsstellungsplattform f\u00fcr KMU und Selbstst\u00e4ndige.<\/p>\n<p><\/a><a href=\"http:\/\/orga\" target=\"_blank\" rel=\"noopener\"><\/p>\n<h4 style=\"text-align: left;\" id=\"t-1632989388657\"><span style=\"\">Wie organisiert man sein B\u00fcro?<\/span><\/h4>\n<p style=\"color: var(--tcb-color-0)  !important; --tcb-applied-color:var$(--tcb-color-0)  !important; text-align: left;\">Organisieren Sie Ihr B\u00fcro, um Ihre Verwaltungsarbeit effizienter zu gestalten.<\/p>\n<p><\/a><a href=\"https:\/\/www.ezycount.ch\/de\/wie-erstellt-man-gesetzliche-schweizer-rechnungen\/\" target=\"_blank\" rel=\"noopener\"><\/p>\n<h4 style=\"text-align: left;\" id=\"t-1632989388658\"><span style=\"\">Wie erstellt man Schweizer Rechnungen?<\/span><\/h4>\n<p style=\"color: var(--tcb-color-0)  !important; --tcb-applied-color:var$(--tcb-color-0)  !important; text-align: left;\">Hier finden Sie alle Informationen, die Sie f\u00fcr die Erstellung rechtskonformer und vollst\u00e4ndiger Schweizer Rechnungen ben\u00f6tigen.<\/p>\n<p><\/a><\/p>\n","protected":false},"excerpt":{"rendered":"<p>Was ist Buchhaltung? Buchhaltung ist der Prozess der systematischen Aufzeichnung und Organisation von Finanzdaten. Dabei kann es sich um eine Einzelperson, ein Unternehmen oder eine andere Art von Organisation handeln. Sie stellt sicher, dass die Finanzinformationen umfassend, aktuell und zug\u00e4nglich sind. Warum ist Buchhaltung wichtig? Die Buchhaltung ist ein immerw\u00e4hrendes Thema, denn ohne sie k\u00f6nnen [&hellip;]<\/p>\n","protected":false},"author":4,"featured_media":0,"parent":0,"menu_order":0,"comment_status":"closed","ping_status":"closed","template":"","meta":{"footnotes":""},"class_list":["post-15826","page","type-page","status-publish","hentry","post-wrapper","thrv_wrapper"],"yoast_head":"<!-- This site is optimized with the Yoast SEO plugin v25.3 - https:\/\/yoast.com\/wordpress\/plugins\/seo\/ -->\n<title>Was ist Buchhaltung und warum ist sie wichtig? - EZYcount<\/title>\n<meta name=\"description\" content=\"Die Buchhaltung spielt eine wesentliche Rolle im Gesch\u00e4ftsleben. Definition, Schweizer Regeln und n\u00fctzliche Antworten.\" \/>\n<meta name=\"robots\" content=\"index, follow, max-snippet:-1, max-image-preview:large, max-video-preview:-1\" \/>\n<link rel=\"canonical\" href=\"https:\/\/www.ezycount.ch\/de\/was-ist-buchhaltung-und-warum-ist-sie-wichtig\/\" \/>\n<meta property=\"og:locale\" content=\"de_DE\" \/>\n<meta property=\"og:type\" content=\"article\" \/>\n<meta property=\"og:title\" content=\"Was ist Buchhaltung und warum ist sie wichtig? - EZYcount\" \/>\n<meta property=\"og:description\" content=\"Die Buchhaltung spielt eine wesentliche Rolle im Gesch\u00e4ftsleben. Definition, Schweizer Regeln und n\u00fctzliche Antworten.\" \/>\n<meta property=\"og:url\" content=\"https:\/\/www.ezycount.ch\/de\/was-ist-buchhaltung-und-warum-ist-sie-wichtig\/\" \/>\n<meta property=\"og:site_name\" content=\"EZYcount\" \/>\n<meta property=\"article:modified_time\" content=\"2021-11-09T21:38:35+00:00\" \/>\n<meta property=\"og:image\" content=\"https:\/\/www.ezycount.ch\/wp-content\/uploads\/2021\/09\/adeolu-eletu-unRkg2jH1j0-unsplash-scaled-e1632920724820.jpg\" \/>\n<meta name=\"twitter:card\" content=\"summary_large_image\" \/>\n<meta name=\"twitter:label1\" content=\"Gesch\u00e4tzte Lesezeit\" \/>\n\t<meta name=\"twitter:data1\" content=\"4\u00a0Minuten\" \/>\n<script type=\"application\/ld+json\" class=\"yoast-schema-graph\">{\"@context\":\"https:\/\/schema.org\",\"@graph\":[{\"@type\":\"WebPage\",\"@id\":\"https:\/\/www.ezycount.ch\/de\/was-ist-buchhaltung-und-warum-ist-sie-wichtig\/\",\"url\":\"https:\/\/www.ezycount.ch\/de\/was-ist-buchhaltung-und-warum-ist-sie-wichtig\/\",\"name\":\"Was ist Buchhaltung und warum ist sie wichtig? - EZYcount\",\"isPartOf\":{\"@id\":\"https:\/\/www.ezycount.ch\/fr\/#website\"},\"primaryImageOfPage\":{\"@id\":\"https:\/\/www.ezycount.ch\/de\/was-ist-buchhaltung-und-warum-ist-sie-wichtig\/#primaryimage\"},\"image\":{\"@id\":\"https:\/\/www.ezycount.ch\/de\/was-ist-buchhaltung-und-warum-ist-sie-wichtig\/#primaryimage\"},\"thumbnailUrl\":\"https:\/\/www.ezycount.ch\/wp-content\/uploads\/2021\/09\/adeolu-eletu-unRkg2jH1j0-unsplash-scaled-e1632920724820.jpg\",\"datePublished\":\"2021-11-04T01:14:24+00:00\",\"dateModified\":\"2021-11-09T21:38:35+00:00\",\"description\":\"Die Buchhaltung spielt eine wesentliche Rolle im Gesch\u00e4ftsleben. Definition, Schweizer Regeln und n\u00fctzliche Antworten.\",\"breadcrumb\":{\"@id\":\"https:\/\/www.ezycount.ch\/de\/was-ist-buchhaltung-und-warum-ist-sie-wichtig\/#breadcrumb\"},\"inLanguage\":\"de\",\"potentialAction\":[{\"@type\":\"ReadAction\",\"target\":[\"https:\/\/www.ezycount.ch\/de\/was-ist-buchhaltung-und-warum-ist-sie-wichtig\/\"]}]},{\"@type\":\"ImageObject\",\"inLanguage\":\"de\",\"@id\":\"https:\/\/www.ezycount.ch\/de\/was-ist-buchhaltung-und-warum-ist-sie-wichtig\/#primaryimage\",\"url\":\"https:\/\/www.ezycount.ch\/wp-content\/uploads\/2021\/09\/adeolu-eletu-unRkg2jH1j0-unsplash-scaled-e1632920724820.jpg\",\"contentUrl\":\"https:\/\/www.ezycount.ch\/wp-content\/uploads\/2021\/09\/adeolu-eletu-unRkg2jH1j0-unsplash-scaled-e1632920724820.jpg\"},{\"@type\":\"BreadcrumbList\",\"@id\":\"https:\/\/www.ezycount.ch\/de\/was-ist-buchhaltung-und-warum-ist-sie-wichtig\/#breadcrumb\",\"itemListElement\":[{\"@type\":\"ListItem\",\"position\":1,\"name\":\"Home\",\"item\":\"https:\/\/www.ezycount.ch\/de\/\"},{\"@type\":\"ListItem\",\"position\":2,\"name\":\"Was ist Buchhaltung und warum ist sie wichtig?\"}]},{\"@type\":\"WebSite\",\"@id\":\"https:\/\/www.ezycount.ch\/fr\/#website\",\"url\":\"https:\/\/www.ezycount.ch\/fr\/\",\"name\":\"EZYcount\",\"description\":\"Simplifiez votre comptabilit\u00e9 et gagnez du temps\",\"potentialAction\":[{\"@type\":\"SearchAction\",\"target\":{\"@type\":\"EntryPoint\",\"urlTemplate\":\"https:\/\/www.ezycount.ch\/fr\/?s={search_term_string}\"},\"query-input\":{\"@type\":\"PropertyValueSpecification\",\"valueRequired\":true,\"valueName\":\"search_term_string\"}}],\"inLanguage\":\"de\"}]}<\/script>\n<!-- \/ Yoast SEO plugin. -->","yoast_head_json":{"title":"Was ist Buchhaltung und warum ist sie wichtig? - EZYcount","description":"Die Buchhaltung spielt eine wesentliche Rolle im Gesch\u00e4ftsleben. Definition, Schweizer Regeln und n\u00fctzliche Antworten.","robots":{"index":"index","follow":"follow","max-snippet":"max-snippet:-1","max-image-preview":"max-image-preview:large","max-video-preview":"max-video-preview:-1"},"canonical":"https:\/\/www.ezycount.ch\/de\/was-ist-buchhaltung-und-warum-ist-sie-wichtig\/","og_locale":"de_DE","og_type":"article","og_title":"Was ist Buchhaltung und warum ist sie wichtig? - EZYcount","og_description":"Die Buchhaltung spielt eine wesentliche Rolle im Gesch\u00e4ftsleben. Definition, Schweizer Regeln und n\u00fctzliche Antworten.","og_url":"https:\/\/www.ezycount.ch\/de\/was-ist-buchhaltung-und-warum-ist-sie-wichtig\/","og_site_name":"EZYcount","article_modified_time":"2021-11-09T21:38:35+00:00","og_image":[{"url":"https:\/\/www.ezycount.ch\/wp-content\/uploads\/2021\/09\/adeolu-eletu-unRkg2jH1j0-unsplash-scaled-e1632920724820.jpg","type":"","width":"","height":""}],"twitter_card":"summary_large_image","twitter_misc":{"Gesch\u00e4tzte Lesezeit":"4\u00a0Minuten"},"schema":{"@context":"https:\/\/schema.org","@graph":[{"@type":"WebPage","@id":"https:\/\/www.ezycount.ch\/de\/was-ist-buchhaltung-und-warum-ist-sie-wichtig\/","url":"https:\/\/www.ezycount.ch\/de\/was-ist-buchhaltung-und-warum-ist-sie-wichtig\/","name":"Was ist Buchhaltung und warum ist sie wichtig? - EZYcount","isPartOf":{"@id":"https:\/\/www.ezycount.ch\/fr\/#website"},"primaryImageOfPage":{"@id":"https:\/\/www.ezycount.ch\/de\/was-ist-buchhaltung-und-warum-ist-sie-wichtig\/#primaryimage"},"image":{"@id":"https:\/\/www.ezycount.ch\/de\/was-ist-buchhaltung-und-warum-ist-sie-wichtig\/#primaryimage"},"thumbnailUrl":"https:\/\/www.ezycount.ch\/wp-content\/uploads\/2021\/09\/adeolu-eletu-unRkg2jH1j0-unsplash-scaled-e1632920724820.jpg","datePublished":"2021-11-04T01:14:24+00:00","dateModified":"2021-11-09T21:38:35+00:00","description":"Die Buchhaltung spielt eine wesentliche Rolle im Gesch\u00e4ftsleben. Definition, Schweizer Regeln und n\u00fctzliche Antworten.","breadcrumb":{"@id":"https:\/\/www.ezycount.ch\/de\/was-ist-buchhaltung-und-warum-ist-sie-wichtig\/#breadcrumb"},"inLanguage":"de","potentialAction":[{"@type":"ReadAction","target":["https:\/\/www.ezycount.ch\/de\/was-ist-buchhaltung-und-warum-ist-sie-wichtig\/"]}]},{"@type":"ImageObject","inLanguage":"de","@id":"https:\/\/www.ezycount.ch\/de\/was-ist-buchhaltung-und-warum-ist-sie-wichtig\/#primaryimage","url":"https:\/\/www.ezycount.ch\/wp-content\/uploads\/2021\/09\/adeolu-eletu-unRkg2jH1j0-unsplash-scaled-e1632920724820.jpg","contentUrl":"https:\/\/www.ezycount.ch\/wp-content\/uploads\/2021\/09\/adeolu-eletu-unRkg2jH1j0-unsplash-scaled-e1632920724820.jpg"},{"@type":"BreadcrumbList","@id":"https:\/\/www.ezycount.ch\/de\/was-ist-buchhaltung-und-warum-ist-sie-wichtig\/#breadcrumb","itemListElement":[{"@type":"ListItem","position":1,"name":"Home","item":"https:\/\/www.ezycount.ch\/de\/"},{"@type":"ListItem","position":2,"name":"Was ist Buchhaltung und warum ist sie wichtig?"}]},{"@type":"WebSite","@id":"https:\/\/www.ezycount.ch\/fr\/#website","url":"https:\/\/www.ezycount.ch\/fr\/","name":"EZYcount","description":"Simplifiez votre comptabilit\u00e9 et gagnez du temps","potentialAction":[{"@type":"SearchAction","target":{"@type":"EntryPoint","urlTemplate":"https:\/\/www.ezycount.ch\/fr\/?s={search_term_string}"},"query-input":{"@type":"PropertyValueSpecification","valueRequired":true,"valueName":"search_term_string"}}],"inLanguage":"de"}]}},"_links":{"self":[{"href":"https:\/\/www.ezycount.ch\/de\/wp-json\/wp\/v2\/pages\/15826","targetHints":{"allow":["GET"]}}],"collection":[{"href":"https:\/\/www.ezycount.ch\/de\/wp-json\/wp\/v2\/pages"}],"about":[{"href":"https:\/\/www.ezycount.ch\/de\/wp-json\/wp\/v2\/types\/page"}],"author":[{"embeddable":true,"href":"https:\/\/www.ezycount.ch\/de\/wp-json\/wp\/v2\/users\/4"}],"replies":[{"embeddable":true,"href":"https:\/\/www.ezycount.ch\/de\/wp-json\/wp\/v2\/comments?post=15826"}],"version-history":[{"count":14,"href":"https:\/\/www.ezycount.ch\/de\/wp-json\/wp\/v2\/pages\/15826\/revisions"}],"predecessor-version":[{"id":16050,"href":"https:\/\/www.ezycount.ch\/de\/wp-json\/wp\/v2\/pages\/15826\/revisions\/16050"}],"wp:attachment":[{"href":"https:\/\/www.ezycount.ch\/de\/wp-json\/wp\/v2\/media?parent=15826"}],"curies":[{"name":"wp","href":"https:\/\/api.w.org\/{rel}","templated":true}]}}