{"id":15851,"date":"2021-11-09T22:20:06","date_gmt":"2021-11-09T21:20:06","guid":{"rendered":"https:\/\/www.ezycount.ch\/?page_id=15851"},"modified":"2021-11-09T22:39:32","modified_gmt":"2021-11-09T21:39:32","slug":"was-ist-ein-jahresbericht","status":"publish","type":"page","link":"https:\/\/www.ezycount.ch\/de\/was-ist-ein-jahresbericht\/","title":{"rendered":"Was ist ein Jahresbericht?"},"content":{"rendered":"<h1 style=\"text-align: left;\" id=\"t-1633000024510\">Was ist ein Jahresbericht?<\/h1>\n<p style=\"text-align: left;\">Ein Gesch\u00e4ftsbericht ist eine buchhalterische Sammlung, die den interessierten Parteien (Eigent\u00fcmern, Investoren) die Finanzlage und die Leistung eines Unternehmens am Ende eines Gesch\u00e4ftsjahres pr\u00e4sentiert.<\/p>\n<p><span style=\"\"><img decoding=\"async\" alt=\"\" data-id=\"15657\" width=\"446\" height=\"297\" title=\"towfiqu-barbhuiya-nApaSgkzaxg-unsplash\" src=\"https:\/\/www.ezycount.ch\/wp-content\/uploads\/2021\/09\/towfiqu-barbhuiya-nApaSgkzaxg-unsplash-scaled.jpg\" style=\"\" ml-d=\"-114\" data-width=\"446\" data-height=\"297\" data-init-width=\"2560\" data-init-height=\"1708\" loading=\"lazy\" center-h-d=\"false\"><\/span><\/p>\n<h3 id=\"t-1632994202503\" style=\"\">Was kann ich mit dem Jahresbericht tun?&nbsp;<\/h3>\n<p>Die Jahresabschl\u00fcsse des laufenden Jahres haben viele Vorteile.Einer der Gr\u00fcnde daf\u00fcr ist, dass die Jahresberichte eine F\u00fclle von Informationen enthalten. Und diese Informationen k\u00f6nnen f\u00fcr viele Menschen von Nutzen sein: Sie k\u00f6nnen f\u00fcr Eigent\u00fcmer, Banken und Beh\u00f6rden, f\u00fcr Partner, Lieferanten und Kunden hilfreich sein.Um nur ein Beispiel zu nennen: Wenn wir einen Kredit f\u00fcr unser Unternehmen aufnehmen wollen, wird sich die Bank, bei der wir einen Antrag stellen, unsere Buchf\u00fchrung genau ansehen und unter anderem auf dieser Grundlage entscheiden, ob sie uns einen Kredit gew\u00e4hrt oder nicht. Und selbst wenn sie uns einen Kredit gew\u00e4hrt, wird sie uns nicht in Ruhe lassen und regelm\u00e4\u00dfig nach unseren Jahresabschl\u00fcssen fragen.<\/p>\n<h3 id=\"t-1632994202498\">Wer muss in der Schweiz den Jahresbericht erstellen?<\/h3>\n<p><span data-preserver-spaces=\"true\">Alle Arten von Unternehmen, die zum Gesch\u00e4ftsbetrieb zugelassen sind. Unternehmen mit einem Umsatz von weniger als 500&#8217;000 CHF m\u00fcssen ebenfalls Jahresberichte erstellen, k\u00f6nnen aber eine einfache Einnahmen-Ausgaben-Rechnung verwenden.<\/span><\/p>\n<h3 style=\"\" id=\"t-1632994202499\">Wann muss ich den Jahresbericht erstellen?<\/h3>\n<p>Der Jahresbericht muss innerhalb von sechs Monaten nach Ende des Gesch\u00e4ftsjahres erstellt und der zust\u00e4ndigen Verwaltungsorganisation oder den verantwortlichen Personen zur Genehmigung vorgelegt werden.<\/p>\n<h3 style=\"\" id=\"t-1634572450431\">Wer wird diese Dokumente pr\u00fcfen?<\/h3>\n<p>Einzelunternehmen und Personengesellschaften sind nicht verpflichtet, einen externen Pr\u00fcfer zu beauftragen. Wenn Ihr Jahresumsatz weniger als CHF100&#8217;000 betr\u00e4gt, sind Sie von der Rechnungslegungspflicht und damit von der Pr\u00fcfung befreit.<\/p>\n<h3 id=\"t-1632994202500\" style=\"\">Was sind die Bestandteile des Jahresberichts?<\/h3>\n<h5 id=\"t-1632994202501\" style=\"\">F\u00fcr eine Einzelunternehmung<\/h5>\n<p style=\"\">Die Gewinn- und Verlustrechnung und die Bilanz.<\/p>\n<h5 id=\"t-1632994202502\">Gr\u00f6\u00dfere Unternehmen<\/h5>\n<p>Balance sheet &#8211; Income statement &#8211; Cash flow statement &nbsp;&#8211; Notes with additional information<\/p>\n<h3 id=\"t-1632994202504\" style=\"color: rgb(245, 168, 28) !important; --tcb-applied-color:rgb(245, 168, 28)  !important;\">Wann muss ich den Jahresbericht erstellen?<\/h3>\n<p style=\"\">Der Jahresbericht muss innerhalb von sechs Monaten nach Ende des Gesch\u00e4ftsjahres erstellt und der zust\u00e4ndigen Verwaltungsorganisation oder den verantwortlichen Personen zur Genehmigung vorgelegt werden.<\/p>\n<h3 id=\"t-1632994202505\" style=\"\"><strong>Anforderungen an Jahresberichte<\/strong><\/h3>\n<p>Im Jahresabschluss sind neben den Zahlen f\u00fcr das betreffende Haushaltsjahr die entsprechenden Werte des Vorjahres anzugeben.<\/p>\n<p style=\"text-align: right;\">Article 958d(2) CO<\/p>\n<h5 id=\"t-1632994202506\" style=\"\">Grunds\u00e4tze<\/h5>\n<ul>\n<li \"=\"\" style=\"\" tve-u-17c36659f63\"=\"\">sie m\u00fcssen klar und verst\u00e4ndlich sein;<\/li>\n<li \"=\"\" style=\"\" tve-u-17c36659f63\"=\"\">sie m\u00fcssen vollst\u00e4ndig sein;<\/li>\n<li \"=\"\" style=\"\" tve-u-17c36659f63\"=\"\">sie m\u00fcssen zuverl\u00e4ssig sein;<\/li>\n<li \"=\"\" style=\"\" tve-u-17c36659f63\"=\"\">sie m\u00fcssen die wesentlichen Informationen enthalten;<\/li>\n<li \"=\"\" style=\"\" tve-u-17c36659f63\"=\"\">sie m\u00fcssen umsichtig sein;<\/li>\n<li \"=\"\" style=\"\" tve-u-17c36659f63\"=\"\">bei der Darstellung und Bewertung m\u00fcssen die gleichen Regeln angewandt werden;<\/li>\n<li \"=\"\" style=\"\" tve-u-17c36659f63\"=\"\">Aktiva und Passiva sowie Einnahmen und Ausgaben d\u00fcrfen nicht gegeneinander aufgerechnet werden.<\/li>\n<\/ul>\n<p style=\"text-align: right;\">Article 958c(1) CO<\/p>\n<h5 id=\"t-1632994202507\" style=\"\">Aufbewahrung von Unterlagen<\/h5>\n<p style=\"\">Jahresberichte und Pr\u00fcfberichte (unterzeichnete Ausdrucke) m\u00fcssen zehn Jahre lang aufbewahrt werden.<\/p>\n<p style=\"text-align: right;\">Article 958f(1) CO&nbsp;<\/p>\n<h5 id=\"t-1632994202508\" style=\"\">Sprache<\/h5>\n<p style=\"\">Die Finanzberichte werden in einer der Schweizer Amtssprachen oder in Englisch vorgelegt.<\/p>\n<p style=\"text-align: right;\">Article 958d(4) CO&nbsp;<\/p>\n<h5 id=\"t-1632994202509\" style=\"\">W\u00e4hrung<\/h5>\n<p style=\"\">Die Finanzberichte werden in der Landesw\u00e4hrung oder in der f\u00fcr die Gesch\u00e4ftst\u00e4tigkeit erforderlichen W\u00e4hrung vorgelegt. Wird die Landesw\u00e4hrung nicht verwendet, m\u00fcssen die Werte auch in der Landesw\u00e4hrung angegeben werden. Die angewandten Wechselkurse sind im Anhang zu ver\u00f6ffentlichen und gegebenenfalls zu erl\u00e4utern.<\/p>\n<p style=\"text-align: right;\">Article 958d(3) CO&nbsp;<\/p>\n<p>__CONFIG_colors_palette__{&#8222;active_palette&#8220;:0,&#8220;config&#8220;:{&#8222;colors&#8220;:{&#8222;55242&#8220;:{&#8222;name&#8220;:&#8220;Accent Lighter&#8220;,&#8220;parent&#8220;:&#8220;3c75f&#8220;,&#8220;lock&#8220;:{&#8222;saturation&#8220;:0,&#8220;lightness&#8220;:1}},&#8220;3c75f&#8220;:{&#8222;name&#8220;:&#8220;Main Accent&#8220;,&#8220;parent&#8220;:-1},&#8220;965f3&#8243;:{&#8222;name&#8220;:&#8220;Accent Transparent&#8220;,&#8220;parent&#8220;:&#8220;3c75f&#8220;}},&#8220;gradients&#8220;:[]},&#8220;palettes&#8220;:[{&#8222;name&#8220;:&#8220;Default&#8220;,&#8220;value&#8220;:{&#8222;colors&#8220;:{&#8222;55242&#8220;:{&#8222;val&#8220;:&#8220;rgb(198, 199, 199)&#8220;,&#8220;hsl_parent_dependency&#8220;:{&#8222;h&#8220;:144,&#8220;l&#8220;:0.78,&#8220;s&#8220;:-0.01}},&#8220;3c75f&#8220;:{&#8222;val&#8220;:&#8220;var(&#8211;tcb-skin-color-0)&#8220;},&#8220;965f3&#8243;:{&#8222;val&#8220;:&#8220;rgba(245, 165, 25, 0.47)&#8220;,&#8220;hsl_parent_dependency&#8220;:{&#8222;h&#8220;:38,&#8220;l&#8220;:0.53,&#8220;s&#8220;:0.92}}},&#8220;gradients&#8220;:[]},&#8220;original&#8220;:{&#8222;colors&#8220;:{&#8222;55242&#8220;:{&#8222;val&#8220;:&#8220;rgb(201, 201, 201)&#8220;,&#8220;hsl_parent_dependency&#8220;:{&#8222;h&#8220;:0,&#8220;s&#8220;:0,&#8220;l&#8220;:0.78}},&#8220;3c75f&#8220;:{&#8222;val&#8220;:&#8220;rgb(102, 57, 248)&#8220;,&#8220;hsl&#8220;:{&#8222;h&#8220;:254,&#8220;s&#8220;:0.93,&#8220;l&#8220;:0.59}},&#8220;965f3&#8243;:{&#8222;val&#8220;:&#8220;rgba(102, 57, 248, 0.47)&#8220;,&#8220;hsl_parent_dependency&#8220;:{&#8222;h&#8220;:254,&#8220;s&#8220;:0.93,&#8220;l&#8220;:0.59}}},&#8220;gradients&#8220;:[]}}]}__CONFIG_colors_palette__  <span style=\"\"><img decoding=\"async\" alt=\"Retrouver le plaisir de faire votre comptabilit\u00e9 avec EZYcount\" data-id=\"11311\" width=\"254\" data-init-width=\"600\" height=\"169\" data-init-height=\"400\" title=\"Retrouver le plaisir de faire votre comptabilit\u00e9 avec EZYcount\" loading=\"lazy\" src=\"https:\/\/www.ezycount.ch\/wp-content\/uploads\/2021\/04\/retrouver-le-plaisir-de-faire-votre-comptabilite-avec-EZYcount.jpg\" data-width=\"254\" data-height=\"169\" style=\"\" mt-d=\"0\"><\/span><\/p>\n<h6 id=\"t-1603173024694\" style=\"text-align: left;\">Are you looking for a simple Swiss accounting solution? EZYcount is for you.<\/h6>\n<p> <a href=\"https:\/\/app.ezycount.ch\/change-language\/en\/0?referer=https:\/\/app.ezycount.ch\/register\" style=\"\" target=\"_blank\" rel=\"noopener\"><span style=\"\">    <\/span> <span style=\"\"><span style=\"\">Try now<\/span><\/span> <\/a>  <\/p>\n<h5 id=\"t-1633000024506\"><strong>Meistgesehene Inhalte<\/strong><\/h5>\n<p><a href=\"https:\/\/www.ezycount.ch\/en\/\" target=\"_blank\" rel=\"noopener\"><\/p>\n<h5 style=\"text-align: left;\">Buchhaltung<\/h5>\n<p style=\"text-align: left;\">Eine einfach zu bedienende, sichere Online-Buchhaltungs- und Rechnungsplattform f\u00fcr KMUs und Selbstst\u00e4ndige.<\/p>\n<p><\/a><a href=\"https:\/\/www.ezycount.ch\/en\/how-to-organize-your-office-easily\/\" target=\"_blank\" rel=\"noopener\"><\/p>\n<h5 style=\"text-align: left; color: var(--tcb-color-0)  !important; --tcb-applied-color:var$(--tcb-color-0)  !important;\">Wie k\u00f6nnen Sie Ihr B\u00fcro einfach organisieren?<\/h5>\n<p style=\"color: var(--tcb-color-0)  !important; --tcb-applied-color:var$(--tcb-color-0)  !important; text-align: left;\">Es braucht keine schwierige L\u00f6sung, nur die richtige. Ein kurzes Video und 8 schnelle Schritte, um Ihr B\u00fcro einfach aufzur\u00e4umen und zu organisieren.<\/p>\n<p><\/a><a href=\"https:\/\/www.ezycount.ch\/en\/how-to-create-legal-swiss-invoices\/\" target=\"_blank\" rel=\"noopener\"><\/p>\n<h5 id=\"t-1633000024509\" style=\"text-align: left;\"><span style=\"\">Wie erstellt man Schweizer Rechnungen?<\/span><\/h5>\n<p style=\"color: var(--tcb-color-0)  !important; --tcb-applied-color:var$(--tcb-color-0)  !important; text-align: left;\">Alle notwendigen Informationen wie gesetzliche Vorgaben und n\u00fctzliche Tipps zur Erstellung von Schweizer Standardrechnungen<\/p>\n<p><\/a><\/p>\n","protected":false},"excerpt":{"rendered":"<p>Was ist ein Jahresbericht? Ein Gesch\u00e4ftsbericht ist eine buchhalterische Sammlung, die den interessierten Parteien (Eigent\u00fcmern, Investoren) die Finanzlage und die Leistung eines Unternehmens am Ende eines Gesch\u00e4ftsjahres pr\u00e4sentiert. Was kann ich mit dem Jahresbericht tun?&nbsp; Die Jahresabschl\u00fcsse des laufenden Jahres haben viele Vorteile.Einer der Gr\u00fcnde daf\u00fcr ist, dass die Jahresberichte eine F\u00fclle von Informationen enthalten. [&hellip;]<\/p>\n","protected":false},"author":4,"featured_media":0,"parent":0,"menu_order":0,"comment_status":"closed","ping_status":"closed","template":"","meta":{"footnotes":""},"class_list":["post-15851","page","type-page","status-publish","hentry","post-wrapper","thrv_wrapper"],"yoast_head":"<!-- This site is optimized with the Yoast SEO plugin v25.3 - https:\/\/yoast.com\/wordpress\/plugins\/seo\/ -->\n<title>Was ist ein Jahresbericht? - EZYcount<\/title>\n<meta name=\"description\" content=\"Ein Jahresbericht ist eine buchhalterische Sammlung, die den interessierten Kreisen die Finanzlage und die Ergebnisse eines Haushaltsjahres pr\u00e4sentiert.\" \/>\n<meta name=\"robots\" content=\"index, follow, max-snippet:-1, max-image-preview:large, max-video-preview:-1\" \/>\n<link rel=\"canonical\" href=\"https:\/\/www.ezycount.ch\/de\/was-ist-ein-jahresbericht\/\" \/>\n<meta property=\"og:locale\" content=\"de_DE\" \/>\n<meta property=\"og:type\" content=\"article\" \/>\n<meta property=\"og:title\" content=\"Was ist ein Jahresbericht? - EZYcount\" \/>\n<meta property=\"og:description\" content=\"Ein Jahresbericht ist eine buchhalterische Sammlung, die den interessierten Kreisen die Finanzlage und die Ergebnisse eines Haushaltsjahres pr\u00e4sentiert.\" \/>\n<meta property=\"og:url\" content=\"https:\/\/www.ezycount.ch\/de\/was-ist-ein-jahresbericht\/\" \/>\n<meta property=\"og:site_name\" content=\"EZYcount\" \/>\n<meta property=\"article:modified_time\" content=\"2021-11-09T21:39:32+00:00\" \/>\n<meta property=\"og:image\" content=\"https:\/\/www.ezycount.ch\/wp-content\/uploads\/2021\/09\/towfiqu-barbhuiya-nApaSgkzaxg-unsplash-scaled.jpg\" \/>\n<meta name=\"twitter:card\" content=\"summary_large_image\" \/>\n<meta name=\"twitter:label1\" content=\"Gesch\u00e4tzte Lesezeit\" \/>\n\t<meta name=\"twitter:data1\" content=\"3\u00a0Minuten\" \/>\n<script type=\"application\/ld+json\" class=\"yoast-schema-graph\">{\"@context\":\"https:\/\/schema.org\",\"@graph\":[{\"@type\":\"WebPage\",\"@id\":\"https:\/\/www.ezycount.ch\/de\/was-ist-ein-jahresbericht\/\",\"url\":\"https:\/\/www.ezycount.ch\/de\/was-ist-ein-jahresbericht\/\",\"name\":\"Was ist ein Jahresbericht? - EZYcount\",\"isPartOf\":{\"@id\":\"https:\/\/www.ezycount.ch\/fr\/#website\"},\"primaryImageOfPage\":{\"@id\":\"https:\/\/www.ezycount.ch\/de\/was-ist-ein-jahresbericht\/#primaryimage\"},\"image\":{\"@id\":\"https:\/\/www.ezycount.ch\/de\/was-ist-ein-jahresbericht\/#primaryimage\"},\"thumbnailUrl\":\"https:\/\/www.ezycount.ch\/wp-content\/uploads\/2021\/09\/towfiqu-barbhuiya-nApaSgkzaxg-unsplash-scaled.jpg\",\"datePublished\":\"2021-11-09T21:20:06+00:00\",\"dateModified\":\"2021-11-09T21:39:32+00:00\",\"description\":\"Ein Jahresbericht ist eine buchhalterische Sammlung, die den interessierten Kreisen die Finanzlage und die Ergebnisse eines Haushaltsjahres pr\u00e4sentiert.\",\"breadcrumb\":{\"@id\":\"https:\/\/www.ezycount.ch\/de\/was-ist-ein-jahresbericht\/#breadcrumb\"},\"inLanguage\":\"de\",\"potentialAction\":[{\"@type\":\"ReadAction\",\"target\":[\"https:\/\/www.ezycount.ch\/de\/was-ist-ein-jahresbericht\/\"]}]},{\"@type\":\"ImageObject\",\"inLanguage\":\"de\",\"@id\":\"https:\/\/www.ezycount.ch\/de\/was-ist-ein-jahresbericht\/#primaryimage\",\"url\":\"https:\/\/www.ezycount.ch\/wp-content\/uploads\/2021\/09\/towfiqu-barbhuiya-nApaSgkzaxg-unsplash-scaled.jpg\",\"contentUrl\":\"https:\/\/www.ezycount.ch\/wp-content\/uploads\/2021\/09\/towfiqu-barbhuiya-nApaSgkzaxg-unsplash-scaled.jpg\"},{\"@type\":\"BreadcrumbList\",\"@id\":\"https:\/\/www.ezycount.ch\/de\/was-ist-ein-jahresbericht\/#breadcrumb\",\"itemListElement\":[{\"@type\":\"ListItem\",\"position\":1,\"name\":\"Home\",\"item\":\"https:\/\/www.ezycount.ch\/de\/\"},{\"@type\":\"ListItem\",\"position\":2,\"name\":\"Was ist ein Jahresbericht?\"}]},{\"@type\":\"WebSite\",\"@id\":\"https:\/\/www.ezycount.ch\/fr\/#website\",\"url\":\"https:\/\/www.ezycount.ch\/fr\/\",\"name\":\"EZYcount\",\"description\":\"Simplifiez votre comptabilit\u00e9 et gagnez du temps\",\"potentialAction\":[{\"@type\":\"SearchAction\",\"target\":{\"@type\":\"EntryPoint\",\"urlTemplate\":\"https:\/\/www.ezycount.ch\/fr\/?s={search_term_string}\"},\"query-input\":{\"@type\":\"PropertyValueSpecification\",\"valueRequired\":true,\"valueName\":\"search_term_string\"}}],\"inLanguage\":\"de\"}]}<\/script>\n<!-- \/ Yoast SEO plugin. -->","yoast_head_json":{"title":"Was ist ein Jahresbericht? - EZYcount","description":"Ein Jahresbericht ist eine buchhalterische Sammlung, die den interessierten Kreisen die Finanzlage und die Ergebnisse eines Haushaltsjahres pr\u00e4sentiert.","robots":{"index":"index","follow":"follow","max-snippet":"max-snippet:-1","max-image-preview":"max-image-preview:large","max-video-preview":"max-video-preview:-1"},"canonical":"https:\/\/www.ezycount.ch\/de\/was-ist-ein-jahresbericht\/","og_locale":"de_DE","og_type":"article","og_title":"Was ist ein Jahresbericht? - EZYcount","og_description":"Ein Jahresbericht ist eine buchhalterische Sammlung, die den interessierten Kreisen die Finanzlage und die Ergebnisse eines Haushaltsjahres pr\u00e4sentiert.","og_url":"https:\/\/www.ezycount.ch\/de\/was-ist-ein-jahresbericht\/","og_site_name":"EZYcount","article_modified_time":"2021-11-09T21:39:32+00:00","og_image":[{"url":"https:\/\/www.ezycount.ch\/wp-content\/uploads\/2021\/09\/towfiqu-barbhuiya-nApaSgkzaxg-unsplash-scaled.jpg","type":"","width":"","height":""}],"twitter_card":"summary_large_image","twitter_misc":{"Gesch\u00e4tzte Lesezeit":"3\u00a0Minuten"},"schema":{"@context":"https:\/\/schema.org","@graph":[{"@type":"WebPage","@id":"https:\/\/www.ezycount.ch\/de\/was-ist-ein-jahresbericht\/","url":"https:\/\/www.ezycount.ch\/de\/was-ist-ein-jahresbericht\/","name":"Was ist ein Jahresbericht? - EZYcount","isPartOf":{"@id":"https:\/\/www.ezycount.ch\/fr\/#website"},"primaryImageOfPage":{"@id":"https:\/\/www.ezycount.ch\/de\/was-ist-ein-jahresbericht\/#primaryimage"},"image":{"@id":"https:\/\/www.ezycount.ch\/de\/was-ist-ein-jahresbericht\/#primaryimage"},"thumbnailUrl":"https:\/\/www.ezycount.ch\/wp-content\/uploads\/2021\/09\/towfiqu-barbhuiya-nApaSgkzaxg-unsplash-scaled.jpg","datePublished":"2021-11-09T21:20:06+00:00","dateModified":"2021-11-09T21:39:32+00:00","description":"Ein Jahresbericht ist eine buchhalterische Sammlung, die den interessierten Kreisen die Finanzlage und die Ergebnisse eines Haushaltsjahres pr\u00e4sentiert.","breadcrumb":{"@id":"https:\/\/www.ezycount.ch\/de\/was-ist-ein-jahresbericht\/#breadcrumb"},"inLanguage":"de","potentialAction":[{"@type":"ReadAction","target":["https:\/\/www.ezycount.ch\/de\/was-ist-ein-jahresbericht\/"]}]},{"@type":"ImageObject","inLanguage":"de","@id":"https:\/\/www.ezycount.ch\/de\/was-ist-ein-jahresbericht\/#primaryimage","url":"https:\/\/www.ezycount.ch\/wp-content\/uploads\/2021\/09\/towfiqu-barbhuiya-nApaSgkzaxg-unsplash-scaled.jpg","contentUrl":"https:\/\/www.ezycount.ch\/wp-content\/uploads\/2021\/09\/towfiqu-barbhuiya-nApaSgkzaxg-unsplash-scaled.jpg"},{"@type":"BreadcrumbList","@id":"https:\/\/www.ezycount.ch\/de\/was-ist-ein-jahresbericht\/#breadcrumb","itemListElement":[{"@type":"ListItem","position":1,"name":"Home","item":"https:\/\/www.ezycount.ch\/de\/"},{"@type":"ListItem","position":2,"name":"Was ist ein Jahresbericht?"}]},{"@type":"WebSite","@id":"https:\/\/www.ezycount.ch\/fr\/#website","url":"https:\/\/www.ezycount.ch\/fr\/","name":"EZYcount","description":"Simplifiez votre comptabilit\u00e9 et gagnez du temps","potentialAction":[{"@type":"SearchAction","target":{"@type":"EntryPoint","urlTemplate":"https:\/\/www.ezycount.ch\/fr\/?s={search_term_string}"},"query-input":{"@type":"PropertyValueSpecification","valueRequired":true,"valueName":"search_term_string"}}],"inLanguage":"de"}]}},"_links":{"self":[{"href":"https:\/\/www.ezycount.ch\/de\/wp-json\/wp\/v2\/pages\/15851","targetHints":{"allow":["GET"]}}],"collection":[{"href":"https:\/\/www.ezycount.ch\/de\/wp-json\/wp\/v2\/pages"}],"about":[{"href":"https:\/\/www.ezycount.ch\/de\/wp-json\/wp\/v2\/types\/page"}],"author":[{"embeddable":true,"href":"https:\/\/www.ezycount.ch\/de\/wp-json\/wp\/v2\/users\/4"}],"replies":[{"embeddable":true,"href":"https:\/\/www.ezycount.ch\/de\/wp-json\/wp\/v2\/comments?post=15851"}],"version-history":[{"count":13,"href":"https:\/\/www.ezycount.ch\/de\/wp-json\/wp\/v2\/pages\/15851\/revisions"}],"predecessor-version":[{"id":16051,"href":"https:\/\/www.ezycount.ch\/de\/wp-json\/wp\/v2\/pages\/15851\/revisions\/16051"}],"wp:attachment":[{"href":"https:\/\/www.ezycount.ch\/de\/wp-json\/wp\/v2\/media?parent=15851"}],"curies":[{"name":"wp","href":"https:\/\/api.w.org\/{rel}","templated":true}]}}