{"id":16480,"date":"2024-05-15T10:07:42","date_gmt":"2024-05-15T09:07:42","guid":{"rendered":"https:\/\/www.ezycount.ch\/?page_id=16480"},"modified":"2024-05-15T10:15:14","modified_gmt":"2024-05-15T09:15:14","slug":"wie-man-einen-verein-gruendet-ein-umfassender-leitfaden","status":"publish","type":"page","link":"https:\/\/www.ezycount.ch\/de\/kostenlose-ressourcen\/wie-man-einen-verein-gruendet-ein-umfassender-leitfaden\/","title":{"rendered":"Wie man einen Verein gr\u00fcndet: Ein umfassender Leitfaden"},"content":{"rendered":"<h1 style=\"text-align: left;\" id=\"t-1633000024510\">Wie man einen Verein gr\u00fcndet: Ein umfassender Leitfaden<\/h1>\n<p style=\"text-align: left;\">Die Gr\u00fcndung eines Vereins in der Schweiz ist ein zug\u00e4nglicher Schritt und rechtlich relativ unverbindlich. Es ist jedoch wichtig, dass Sie bestimmte Schritte befolgen, um den Erfolg Ihrer Initiative zu gew\u00e4hrleisten. Dieser Artikel bezieht sich auf mehrere Quellen, insbesondere auf einen Artikel von Roman Baumann Lorant, einem auf Vereins- und Stiftungsrecht in der Schweiz spezialisierten Anwalt, der auf der Website von Postfinance erschienen ist.<\/p>\n<p><span style=\"\"><img decoding=\"async\" alt=\"Cr\u00e9er une association\" data-id=\"16173\" width=\"250\" height=\"188\" title=\"Cr\u00e9er une association\" src=\"https:\/\/www.ezycount.ch\/wp-content\/uploads\/2021\/12\/A-community-that-cares-more-about-you-than-ever.png\" style=\"aspect-ratio: auto 800 \/ 600;\" ml-d=\"-50\" data-width=\"250\" data-height=\"188\" data-init-width=\"800\" data-init-height=\"600\" center-h-d=\"false\" loading=\"lazy\" mt-d=\"0\"><\/span><\/p>\n<h2 id=\"t-1632994202498\">Wichtigste Punkte, die Sie bei der Gr\u00fcndung eines Vereins beachten sollten<\/h2>\n<h3 id=\"t-1632994202499\" style=\"\">1. Die richtige Rechtsform w\u00e4hlen<\/h3>\n<p><span data-preserver-spaces=\"true\">Bevor Sie einen Verein gr\u00fcnden, sollten Sie sich vergewissern, dass diese Rechtsform f\u00fcr Ihr Vorhaben geeignet ist. Ein Verein ist ideal f\u00fcr Aktivit\u00e4ten, die nicht auf Gewinn ausgerichtet sind. Wenn Ihr Ziel unternehmerisch ist und darauf abzielt, Gewinne zu erwirtschaften, sollten Sie andere Rechtsformen wie die Gesellschaft mit beschr\u00e4nkter Haftung (GmbH) oder die Aktiengesellschaft (AG) in Betracht ziehen. Beachten Sie, dass ein Verein eine gewerbliche Nebent\u00e4tigkeit aus\u00fcben kann und sich dann ins Handelsregister eintragen lassen muss.<\/span><\/p>\n<h3 style=\"\" id=\"t-1715760957202\">2. Motivierte Mitglieder mobilisieren<\/h3>\n<p>Um einen Verein zu gr\u00fcnden und aufrechtzuerhalten, ist es entscheidend, motivierte Mitglieder zu gewinnen. Zwei Personen reichen f\u00fcr die Gr\u00fcndung aus, aber ein kollektives und dauerhaftes Engagement ist notwendig, um die gemeinsamen Interessen zu vertreten. Planen Sie bereits in der Vorvereinsphase, Personen anzuwerben, die bereit sind, aktive Rollen zu \u00fcbernehmen und sich an den Aktivit\u00e4ten des Vereins zu beteiligen.<\/p>\n<h3 style=\"\" id=\"t-1634572450431\">3. Ein klares Ziel setzen<\/h3>\n<p>Der Zweck des Vereins ist seine Daseinsberechtigung. Bevor Sie ihn gr\u00fcnden, sollten Sie genau festlegen, welche Ziele Sie verfolgen m\u00f6chten. Dieser Schritt ist grundlegend, um allen zuk\u00fcnftigen Aktivit\u00e4ten eine Richtung zu geben. Besuchen Sie die Websites anderer Vereinigungen, um Beispiele f\u00fcr klare und inspirierende Formulierungen zu finden.<\/p>\n<h3 style=\"\" id=\"t-1632994202500\">4. W\u00e4hlen Sie einen relevanten Namen<\/h3>\n<p>W\u00e4hlen Sie einen unverwechselbaren Namen f\u00fcr Ihre Vereinigung. Achten Sie darauf, dass er nicht irref\u00fchrend ist und sich von bestehenden Vereinsnamen unterscheidet. Um Verwechslungen zu vermeiden, \u00fcberpr\u00fcfen Sie die bestehenden Bezeichnungen im Schweizer Handelsregister (<a href=\"https:\/\/www.zefix.ch\" target=\"_blank\" rel=\"nofollow noopener\" style=\"outline: none;\">www.zefix.ch<\/a>).<\/p>\n<h3 id=\"t-1632994202503\" style=\"\">5. Eine vollst\u00e4ndige Statuten verfassen<\/h3>\n<p>Die Statuten sind die grundlegenden Regeln f\u00fcr Ihren Verein. Sie m\u00fcssen enthalten:<\/p>\n<ul>\n<li><span>Wille zur Gr\u00fcndung der Vereinigung: Ausdr\u00fcckliche Formulierung des Willens, eine Vereinigung zu gr\u00fcnden.<\/span><\/li>\n<li><span>Zweck: Beschreiben Sie die verfolgten Ziele.<\/span><\/li>\n<li><span>Name und Sitz: Geben Sie den Namen und die Adresse der Organisation an.<\/span><\/li>\n<li><span>Organisation: Einzelheiten zu den Organen des Vereins (Generalversammlung, Vorstand).<\/span><\/li>\n<li><span>Ressourcen: Finanzierungsquellen, um die Aufgaben der Organisation zu erf\u00fcllen.<\/span><\/li>\n<\/ul>\n<p>Dar\u00fcber hinaus kann die Statuten die Arbeitsweise, die Haftung der Mitglieder, die Beitrittsmodalit\u00e4ten und die Mitgliedsbeitr\u00e4ge festlegen.<\/p>\n<h3 id=\"t-1632994202504\" style=\"color: rgb(245, 168, 28) !important; --tcb-applied-color:rgb(245, 168, 28)  !important;\">6. Eintragung ins Handelsregister<\/h3>\n<p style=\"\">Pr\u00fcfen Sie, ob Ihr Verein im Handelsregister eingetragen werden muss. Der Eintrag ist obligatorisch, wenn der Verein eine Gesch\u00e4ftst\u00e4tigkeit aus\u00fcbt oder der Revisionspflicht unterliegt. Diese Pflicht besteht, wenn der Verein in zwei aufeinanderfolgenden Gesch\u00e4ftsjahren zwei der folgenden Werte \u00fcberschreitet: Die Bilanzsumme betr\u00e4gt mehr als 10 Mio. CHF, der Umsatz mehr als 20 Mio. CHF oder es gibt mehr als 50 Vollzeitstellen im Jahresdurchschnitt.<\/p>\n<h3 id=\"t-1632994202505\" style=\"\"><strong>7. Einberufung einer Gr\u00fcndungsversammlung<\/strong><\/h3>\n<p>Organisieren Sie eine Gr\u00fcndungsversammlung, um die Satzung zu genehmigen und die Mitglieder der Leitungsorgane zu w\u00e4hlen. Erstellen Sie eine Tagesordnung und ein Protokoll f\u00fcr diese Versammlung. Letzteres sollte die gefassten Beschl\u00fcsse enthalten und vom Sitzungsleiter und dem Protokollf\u00fchrer unterzeichnet werden.<\/p>\n<h2 style=\"\" id=\"t-1715760957203\"><strong>Schlusswort<\/strong><\/h2>\n<p>Die Gr\u00fcndung eines Vereins ist ein lohnendes Projekt, das es erm\u00f6glicht, Menschen mit gemeinsamen Zielen zusammenzubringen und sich gemeinsam f\u00fcr verschiedene Zwecke einzusetzen. Obwohl die Schweizer Gesetzgebung in diesem Bereich viel Freiheit bietet, ist es von entscheidender Bedeutung, die wichtigsten Schritte zu befolgen, um den Erfolg und das Fortbestehen des Vereins zu gew\u00e4hrleisten. Indem Sie den Zweck des Vereins klar definieren, eine vollst\u00e4ndige Satzung verfassen und motivierte Mitglieder mobilisieren, legen Sie ein solides Fundament f\u00fcr Ihre Organisation. Vergessen Sie nicht, die rechtlichen Verpflichtungen zu pr\u00fcfen, insbesondere die Eintragung ins Handelsregister, falls erforderlich, und die Gr\u00fcndungsversammlung gut vorzubereiten. Mit einer sorgf\u00e4ltigen Vorbereitung und einer straffen Verwaltung kann Ihre Organisation gedeihen und ihre Ziele effizient erreichen. Wenn Sie spezifische Fragen haben oder rechtlichen Rat ben\u00f6tigen, wenden Sie sich bitte an einen Fachmann f\u00fcr Vereinsrecht.<\/p>\n<p>  <span style=\"\"><img decoding=\"async\" alt=\"Retrouver le plaisir de faire votre comptabilit\u00e9 avec EZYcount\" data-id=\"11311\" width=\"254\" data-init-width=\"600\" height=\"169\" data-init-height=\"400\" title=\"Retrouver le plaisir de faire votre comptabilit\u00e9 avec EZYcount\" loading=\"lazy\" src=\"https:\/\/www.ezycount.ch\/wp-content\/uploads\/2021\/04\/retrouver-le-plaisir-de-faire-votre-comptabilite-avec-EZYcount.jpg\" data-width=\"254\" data-height=\"169\" style=\"aspect-ratio: auto 600 \/ 400;\" mt-d=\"0\"><\/span><\/p>\n<h6 style=\"\">Suchen Sie eine einfache L\u00f6sung f\u00fcr Ihre Schweizer Buchhaltung? EZYcount ist f\u00fcr Sie<\/h6>\n<h4 style=\"\" id=\"t-1632989388655\"><strong>Die am h\u00e4ufigsten angesehenen Inhalte<\/strong><\/h4>\n<p><a href=\"https:\/\/www.ezycount.ch\/de\/wie-konnen-sie-ihr-buro-einfach-organisieren\/\" target=\"_blank\" rel=\"noopener\"><\/p>\n<h4 style=\"text-align: left;\" id=\"t-1632989388657\"><span style=\"\">Wie organisieren Sie Ihr B\u00fcro?<\/span><\/h4>\n<p style=\"color: var(--tcb-color-0)  !important; --tcb-applied-color:var$(--tcb-color-0)  !important; text-align: left;\">Organisieren Sie Ihr B\u00fcro, um Ihre Verwaltungsaufgaben effizienter erledigen zu k\u00f6nnen.<\/p>\n<p><\/a><a href=\"https:\/\/www.ezycount.ch\/de\/\" target=\"_blank\" rel=\"noopener\"><\/p>\n<h4 style=\"text-align: left;\" id=\"t-1632989388656\"><span style=\"\">Wie mache ich meine Buchhaltung?<\/span><\/h4>\n<p style=\"color: var(--tcb-color-0)  !important; --tcb-applied-color:var$(--tcb-color-0)  !important; text-align: left;\">Eine sichere und benutzerfreundliche Online-Plattform f\u00fcr Buchhaltung und Rechnungsstellung f\u00fcr kleine und mittlere Unternehmen und Selbstst\u00e4ndige.<\/p>\n<p><\/a><a href=\"https:\/\/www.ezycount.ch\/de\/wie-erstellt-man-gesetzliche-schweizer-rechnungen\/\" target=\"_blank\" rel=\"noopener\"><\/p>\n<h4 style=\"text-align: left;\" id=\"t-1632989388658\"><span style=\"\">Wie erstellt man Schweizer Rechnungen?<\/span><\/h4>\n<p style=\"color: var(--tcb-color-0)  !important; --tcb-applied-color:var$(--tcb-color-0)  !important; text-align: left;\">Finden Sie alle Informationen, die Sie ben\u00f6tigen, um konforme und vollst\u00e4ndige Schweizer Rechnungen zu erstellen.<\/p>\n<p><\/a><\/p>\n","protected":false},"excerpt":{"rendered":"<p>Wie man einen Verein gr\u00fcndet: Ein umfassender Leitfaden Die Gr\u00fcndung eines Vereins in der Schweiz ist ein zug\u00e4nglicher Schritt und rechtlich relativ unverbindlich. Es ist jedoch wichtig, dass Sie bestimmte Schritte befolgen, um den Erfolg Ihrer Initiative zu gew\u00e4hrleisten. Dieser Artikel bezieht sich auf mehrere Quellen, insbesondere auf einen Artikel von Roman Baumann Lorant, einem [&hellip;]<\/p>\n","protected":false},"author":2,"featured_media":0,"parent":8025,"menu_order":0,"comment_status":"closed","ping_status":"closed","template":"","meta":{"footnotes":""},"class_list":["post-16480","page","type-page","status-publish","hentry","post-wrapper","thrv_wrapper"],"yoast_head":"<!-- This site is optimized with the Yoast SEO plugin v25.3 - https:\/\/yoast.com\/wordpress\/plugins\/seo\/ -->\n<title>Wie man einen Verein gr\u00fcndet: Ein umfassender Leitfaden - EZYcount<\/title>\n<meta name=\"description\" content=\"Ein umfassender Leitfaden zur Einhaltung aller rechtlichen und administrativen Schritte. Erfahren Sie, wie Sie den Zweck definieren, die Satzung aufstellen, den Verein anmelden und vieles mehr.\" \/>\n<meta name=\"robots\" content=\"index, follow, max-snippet:-1, max-image-preview:large, max-video-preview:-1\" \/>\n<link rel=\"canonical\" href=\"https:\/\/www.ezycount.ch\/de\/kostenlose-ressourcen\/wie-man-einen-verein-gruendet-ein-umfassender-leitfaden\/\" \/>\n<meta property=\"og:locale\" content=\"de_DE\" \/>\n<meta property=\"og:type\" content=\"article\" \/>\n<meta property=\"og:title\" content=\"Wie man einen Verein gr\u00fcndet: Ein umfassender Leitfaden - EZYcount\" \/>\n<meta property=\"og:description\" content=\"Ein umfassender Leitfaden zur Einhaltung aller rechtlichen und administrativen Schritte. Erfahren Sie, wie Sie den Zweck definieren, die Satzung aufstellen, den Verein anmelden und vieles mehr.\" \/>\n<meta property=\"og:url\" content=\"https:\/\/www.ezycount.ch\/de\/kostenlose-ressourcen\/wie-man-einen-verein-gruendet-ein-umfassender-leitfaden\/\" \/>\n<meta property=\"og:site_name\" content=\"EZYcount\" \/>\n<meta property=\"article:modified_time\" content=\"2024-05-15T09:15:14+00:00\" \/>\n<meta property=\"og:image\" content=\"https:\/\/www.ezycount.ch\/wp-content\/uploads\/2021\/12\/A-community-that-cares-more-about-you-than-ever.png\" \/>\n<meta name=\"twitter:card\" content=\"summary_large_image\" \/>\n<meta name=\"twitter:label1\" content=\"Gesch\u00e4tzte Lesezeit\" \/>\n\t<meta name=\"twitter:data1\" content=\"1\u00a0Minute\" \/>\n<script type=\"application\/ld+json\" class=\"yoast-schema-graph\">{\"@context\":\"https:\/\/schema.org\",\"@graph\":[{\"@type\":\"WebPage\",\"@id\":\"https:\/\/www.ezycount.ch\/de\/kostenlose-ressourcen\/wie-man-einen-verein-gruendet-ein-umfassender-leitfaden\/\",\"url\":\"https:\/\/www.ezycount.ch\/de\/kostenlose-ressourcen\/wie-man-einen-verein-gruendet-ein-umfassender-leitfaden\/\",\"name\":\"Wie man einen Verein gr\u00fcndet: Ein umfassender Leitfaden - EZYcount\",\"isPartOf\":{\"@id\":\"https:\/\/www.ezycount.ch\/fr\/#website\"},\"primaryImageOfPage\":{\"@id\":\"https:\/\/www.ezycount.ch\/de\/kostenlose-ressourcen\/wie-man-einen-verein-gruendet-ein-umfassender-leitfaden\/#primaryimage\"},\"image\":{\"@id\":\"https:\/\/www.ezycount.ch\/de\/kostenlose-ressourcen\/wie-man-einen-verein-gruendet-ein-umfassender-leitfaden\/#primaryimage\"},\"thumbnailUrl\":\"https:\/\/www.ezycount.ch\/wp-content\/uploads\/2021\/12\/A-community-that-cares-more-about-you-than-ever.png\",\"datePublished\":\"2024-05-15T09:07:42+00:00\",\"dateModified\":\"2024-05-15T09:15:14+00:00\",\"description\":\"Ein umfassender Leitfaden zur Einhaltung aller rechtlichen und administrativen Schritte. Erfahren Sie, wie Sie den Zweck definieren, die Satzung aufstellen, den Verein anmelden und vieles mehr.\",\"breadcrumb\":{\"@id\":\"https:\/\/www.ezycount.ch\/de\/kostenlose-ressourcen\/wie-man-einen-verein-gruendet-ein-umfassender-leitfaden\/#breadcrumb\"},\"inLanguage\":\"de\",\"potentialAction\":[{\"@type\":\"ReadAction\",\"target\":[\"https:\/\/www.ezycount.ch\/de\/kostenlose-ressourcen\/wie-man-einen-verein-gruendet-ein-umfassender-leitfaden\/\"]}]},{\"@type\":\"ImageObject\",\"inLanguage\":\"de\",\"@id\":\"https:\/\/www.ezycount.ch\/de\/kostenlose-ressourcen\/wie-man-einen-verein-gruendet-ein-umfassender-leitfaden\/#primaryimage\",\"url\":\"https:\/\/www.ezycount.ch\/wp-content\/uploads\/2021\/12\/A-community-that-cares-more-about-you-than-ever.png\",\"contentUrl\":\"https:\/\/www.ezycount.ch\/wp-content\/uploads\/2021\/12\/A-community-that-cares-more-about-you-than-ever.png\"},{\"@type\":\"BreadcrumbList\",\"@id\":\"https:\/\/www.ezycount.ch\/de\/kostenlose-ressourcen\/wie-man-einen-verein-gruendet-ein-umfassender-leitfaden\/#breadcrumb\",\"itemListElement\":[{\"@type\":\"ListItem\",\"position\":1,\"name\":\"Home\",\"item\":\"https:\/\/www.ezycount.ch\/de\/\"},{\"@type\":\"ListItem\",\"position\":2,\"name\":\"Kostenlose Ressourcen\",\"item\":\"https:\/\/www.ezycount.ch\/de\/kostenlose-ressourcen\/\"},{\"@type\":\"ListItem\",\"position\":3,\"name\":\"Wie man einen Verein gr\u00fcndet: Ein umfassender Leitfaden\"}]},{\"@type\":\"WebSite\",\"@id\":\"https:\/\/www.ezycount.ch\/fr\/#website\",\"url\":\"https:\/\/www.ezycount.ch\/fr\/\",\"name\":\"EZYcount\",\"description\":\"Simplifiez votre comptabilit\u00e9 et gagnez du temps\",\"potentialAction\":[{\"@type\":\"SearchAction\",\"target\":{\"@type\":\"EntryPoint\",\"urlTemplate\":\"https:\/\/www.ezycount.ch\/fr\/?s={search_term_string}\"},\"query-input\":{\"@type\":\"PropertyValueSpecification\",\"valueRequired\":true,\"valueName\":\"search_term_string\"}}],\"inLanguage\":\"de\"}]}<\/script>\n<!-- \/ Yoast SEO plugin. -->","yoast_head_json":{"title":"Wie man einen Verein gr\u00fcndet: Ein umfassender Leitfaden - EZYcount","description":"Ein umfassender Leitfaden zur Einhaltung aller rechtlichen und administrativen Schritte. Erfahren Sie, wie Sie den Zweck definieren, die Satzung aufstellen, den Verein anmelden und vieles mehr.","robots":{"index":"index","follow":"follow","max-snippet":"max-snippet:-1","max-image-preview":"max-image-preview:large","max-video-preview":"max-video-preview:-1"},"canonical":"https:\/\/www.ezycount.ch\/de\/kostenlose-ressourcen\/wie-man-einen-verein-gruendet-ein-umfassender-leitfaden\/","og_locale":"de_DE","og_type":"article","og_title":"Wie man einen Verein gr\u00fcndet: Ein umfassender Leitfaden - EZYcount","og_description":"Ein umfassender Leitfaden zur Einhaltung aller rechtlichen und administrativen Schritte. Erfahren Sie, wie Sie den Zweck definieren, die Satzung aufstellen, den Verein anmelden und vieles mehr.","og_url":"https:\/\/www.ezycount.ch\/de\/kostenlose-ressourcen\/wie-man-einen-verein-gruendet-ein-umfassender-leitfaden\/","og_site_name":"EZYcount","article_modified_time":"2024-05-15T09:15:14+00:00","og_image":[{"url":"https:\/\/www.ezycount.ch\/wp-content\/uploads\/2021\/12\/A-community-that-cares-more-about-you-than-ever.png","type":"","width":"","height":""}],"twitter_card":"summary_large_image","twitter_misc":{"Gesch\u00e4tzte Lesezeit":"1\u00a0Minute"},"schema":{"@context":"https:\/\/schema.org","@graph":[{"@type":"WebPage","@id":"https:\/\/www.ezycount.ch\/de\/kostenlose-ressourcen\/wie-man-einen-verein-gruendet-ein-umfassender-leitfaden\/","url":"https:\/\/www.ezycount.ch\/de\/kostenlose-ressourcen\/wie-man-einen-verein-gruendet-ein-umfassender-leitfaden\/","name":"Wie man einen Verein gr\u00fcndet: Ein umfassender Leitfaden - EZYcount","isPartOf":{"@id":"https:\/\/www.ezycount.ch\/fr\/#website"},"primaryImageOfPage":{"@id":"https:\/\/www.ezycount.ch\/de\/kostenlose-ressourcen\/wie-man-einen-verein-gruendet-ein-umfassender-leitfaden\/#primaryimage"},"image":{"@id":"https:\/\/www.ezycount.ch\/de\/kostenlose-ressourcen\/wie-man-einen-verein-gruendet-ein-umfassender-leitfaden\/#primaryimage"},"thumbnailUrl":"https:\/\/www.ezycount.ch\/wp-content\/uploads\/2021\/12\/A-community-that-cares-more-about-you-than-ever.png","datePublished":"2024-05-15T09:07:42+00:00","dateModified":"2024-05-15T09:15:14+00:00","description":"Ein umfassender Leitfaden zur Einhaltung aller rechtlichen und administrativen Schritte. Erfahren Sie, wie Sie den Zweck definieren, die Satzung aufstellen, den Verein anmelden und vieles mehr.","breadcrumb":{"@id":"https:\/\/www.ezycount.ch\/de\/kostenlose-ressourcen\/wie-man-einen-verein-gruendet-ein-umfassender-leitfaden\/#breadcrumb"},"inLanguage":"de","potentialAction":[{"@type":"ReadAction","target":["https:\/\/www.ezycount.ch\/de\/kostenlose-ressourcen\/wie-man-einen-verein-gruendet-ein-umfassender-leitfaden\/"]}]},{"@type":"ImageObject","inLanguage":"de","@id":"https:\/\/www.ezycount.ch\/de\/kostenlose-ressourcen\/wie-man-einen-verein-gruendet-ein-umfassender-leitfaden\/#primaryimage","url":"https:\/\/www.ezycount.ch\/wp-content\/uploads\/2021\/12\/A-community-that-cares-more-about-you-than-ever.png","contentUrl":"https:\/\/www.ezycount.ch\/wp-content\/uploads\/2021\/12\/A-community-that-cares-more-about-you-than-ever.png"},{"@type":"BreadcrumbList","@id":"https:\/\/www.ezycount.ch\/de\/kostenlose-ressourcen\/wie-man-einen-verein-gruendet-ein-umfassender-leitfaden\/#breadcrumb","itemListElement":[{"@type":"ListItem","position":1,"name":"Home","item":"https:\/\/www.ezycount.ch\/de\/"},{"@type":"ListItem","position":2,"name":"Kostenlose Ressourcen","item":"https:\/\/www.ezycount.ch\/de\/kostenlose-ressourcen\/"},{"@type":"ListItem","position":3,"name":"Wie man einen Verein gr\u00fcndet: Ein umfassender Leitfaden"}]},{"@type":"WebSite","@id":"https:\/\/www.ezycount.ch\/fr\/#website","url":"https:\/\/www.ezycount.ch\/fr\/","name":"EZYcount","description":"Simplifiez votre comptabilit\u00e9 et gagnez du temps","potentialAction":[{"@type":"SearchAction","target":{"@type":"EntryPoint","urlTemplate":"https:\/\/www.ezycount.ch\/fr\/?s={search_term_string}"},"query-input":{"@type":"PropertyValueSpecification","valueRequired":true,"valueName":"search_term_string"}}],"inLanguage":"de"}]}},"_links":{"self":[{"href":"https:\/\/www.ezycount.ch\/de\/wp-json\/wp\/v2\/pages\/16480","targetHints":{"allow":["GET"]}}],"collection":[{"href":"https:\/\/www.ezycount.ch\/de\/wp-json\/wp\/v2\/pages"}],"about":[{"href":"https:\/\/www.ezycount.ch\/de\/wp-json\/wp\/v2\/types\/page"}],"author":[{"embeddable":true,"href":"https:\/\/www.ezycount.ch\/de\/wp-json\/wp\/v2\/users\/2"}],"replies":[{"embeddable":true,"href":"https:\/\/www.ezycount.ch\/de\/wp-json\/wp\/v2\/comments?post=16480"}],"version-history":[{"count":7,"href":"https:\/\/www.ezycount.ch\/de\/wp-json\/wp\/v2\/pages\/16480\/revisions"}],"predecessor-version":[{"id":16491,"href":"https:\/\/www.ezycount.ch\/de\/wp-json\/wp\/v2\/pages\/16480\/revisions\/16491"}],"up":[{"embeddable":true,"href":"https:\/\/www.ezycount.ch\/de\/wp-json\/wp\/v2\/pages\/8025"}],"wp:attachment":[{"href":"https:\/\/www.ezycount.ch\/de\/wp-json\/wp\/v2\/media?parent=16480"}],"curies":[{"name":"wp","href":"https:\/\/api.w.org\/{rel}","templated":true}]}}