{"id":2912,"date":"2018-07-04T08:16:15","date_gmt":"2018-07-04T08:16:15","guid":{"rendered":"https:\/\/www.ezycount.ch\/?page_id=2912"},"modified":"2020-06-30T16:15:30","modified_gmt":"2020-06-30T16:15:30","slug":"das-team","status":"publish","type":"page","link":"https:\/\/www.ezycount.ch\/de\/das-team\/","title":{"rendered":"Das Team"},"content":{"rendered":"<h1 style=\"text-align: center;\">Das Team<\/h1>\n<p>Unser dynamisches und digitales Team besteht aus sachkundigen und engagierten Mitarbeitern, die Ihnen zur Verf\u00fcgung stehen. Jedes Mal, wenn Sie Fragen haben, wird jemand da sein, der Sie unterst\u00fctzt. Das Team von EZYcount hat eine einzigartige L\u00f6sung f\u00fcr Selbstst\u00e4ndige und kleine Unternehmen entwickelt, um administrative Aufgaben schnell und kosteng\u00fcnstig zu erledigen. Erfahren Sie mehr \u00fcber das Team und wie sie Ihnen helfen k\u00f6nnen.<\/p>\n<h2>Die Gr\u00fcnder<\/h2>\n<p><strong>Barbara und Vivien sind die Gr\u00fcnder von EZYcount.<\/strong><\/p>\n<p>Sie stellen sicher, dass EZYcount Ihre bevorzugte L\u00f6sung ist und Sie bei Bedarf immer freundlichen Support erhalten.Barbara hat einen Master-Abschluss in Nachhaltigkeit und sozialer Innovation sowie einen Bachelor-Abschluss in Betriebswirtschaft. Sie hat Erfahrung in einer Vielzahl von Branchen in der Schweiz.Vivien hat einen Master-Abschluss in Internationalem Management. Er hat langj\u00e4hrige Erfahrung in der Buchhaltungsindustrie als ehemaliger KMU-CFO in der Schweiz und als Finanzberater im Ausland.<\/p>\n<p>Die Idee zur Gr\u00fcndung von EZYcount entstand, als Barbaras Vater alle seine Buchhaltungsdaten verlor, als sein Computer gestohlen wurde. Die komplette Buchhaltung musste neu gemacht werden. Nach ein paar Tagen auf der Suche nach einer einfachen Buchhaltungssoftware mit automatischen Backups haben Barbara und Vivien beschlossen, eine Online-Buchhaltungsl\u00f6sung f\u00fcr Selbstst\u00e4ndige in der Schweiz zu entwickeln. So entstand EZYcount. Seitdem sparen die Kunden von EZYcount Zeit und Geld und sorgen gleichzeitig f\u00fcr die Sicherheit ihrer Daten.<\/p>\n<p><span style=\"width: 100%;\"><img loading=\"lazy\" decoding=\"async\" alt=\"\" width=\"2124\" height=\"1488\" title=\"founders\" data-id=\"1840\" src=\"\/\/www.ezycount.ch\/wp-content\/uploads\/2018\/06\/founders.jpg\" style=\"\"><\/span><\/p>\n<h2>Coach<\/h2>\n<p>Die Coach von EZYcount verfolgen aufmerksam die Entwicklung von EZYcount und helfen dem Team bei strategischen Entscheidungen mit ihrer Expertise.<\/p>\n<p><span style=\"width: 100%;\"><img loading=\"lazy\" decoding=\"async\" alt=\"\" width=\"150\" height=\"150\" title=\"Kyril-Gossweiler\" data-id=\"1846\" src=\"\/\/www.ezycount.ch\/wp-content\/uploads\/2018\/06\/Kyril-Gossweiler.png\" style=\"\"><\/span><\/p>\n<p style=\"text-align: center;\"><strong>Kyril Gossweiler<\/strong><span style=\"font-size: 16px;\">Marketing<\/span><\/p>\n<p><span style=\"width: 100%;\"><img loading=\"lazy\" decoding=\"async\" alt=\"\" width=\"150\" height=\"150\" title=\"Paul-Peyrot\" data-id=\"1849\" src=\"\/\/www.ezycount.ch\/wp-content\/uploads\/2018\/06\/Paul-Peyrot.png\" style=\"\"><\/span><\/p>\n<p style=\"text-align: center;\"><strong>Paul Peyrot<\/strong><span style=\"font-size: 16px;\">Juristisch<\/span><\/p>\n<p><span style=\"width: 100%;\"><img loading=\"lazy\" decoding=\"async\" alt=\"\" width=\"150\" height=\"150\" title=\"Eric-Balet\" data-id=\"1843\" src=\"\/\/www.ezycount.ch\/wp-content\/uploads\/2018\/06\/Eric-Balet.png\" style=\"\"><\/span><\/p>\n<p style=\"text-align: center;\"><strong>Eric Balet<\/strong><span style=\"font-size: 16px;\">Coach Genilem<\/span><\/p>\n<p><span style=\"width: 100%;\"><img loading=\"lazy\" decoding=\"async\" alt=\"\" width=\"150\" height=\"150\" title=\"Sebastien-Dubuis\" data-id=\"1852\" src=\"\/\/www.ezycount.ch\/wp-content\/uploads\/2018\/06\/Sebastien-Dubuis.png\" style=\"\"><\/span><\/p>\n<p style=\"text-align: center;\"><strong>S\u00e9bastien Dubuis<\/strong><span style=\"font-size: 16px;\">Digitales Gesch\u00e4ft<\/span><\/p>\n<h2>M\u00f6chten Sie Ihre Buchhaltung automatisieren?<\/h2>\n<p>Bitte kontaktieren Sie das EZYcount-Team und Sie erhalten alle relevanten Informationen. Weitere Informationen, wo Sie uns kontaktieren k\u00f6nnen, finden Sie <a href=\"https:\/\/www.ezycount.ch\/de\/uns-kontaktieren\/\" rel=\"nofollow noopener noreferrer\" target=\"_blank\" style=\"outline: none;\">hier<\/a>. Falls Sie es zuerst ausprobieren m\u00f6chten, stellen Sie sicher, dass Sie Ihre 15-t\u00e4gige kostenlose Testversion ohne jegliche Verpflichtung nutzen!<\/p>\n<\/p>\n<h2>Die Vision von EZYcount<\/h2>\n<p><span>Bei EZYcount sehen wir die Buchhaltung f\u00fcr Selbst\u00e4ndige und Kleinunternehmer als automatisiert. <\/span><\/p>\n<p><span><strong>Die Mission von EZYcount ist es, die Selbstst\u00e4ndigen und Kleinunternehmer bei ihren administrativen Aufgaben zu unterst\u00fctzen, damit sie sich auf das Wesentliche konzentrieren k\u00f6nnen &#8211; ihr Gesch\u00e4ft und Ihr Familie.<\/strong>&nbsp;<\/span><\/p>\n<p><span>Er ist uns bewusst, dass administrative Aufgaben zeitaufw\u00e4ndig sind und oft verhindern, dass Inhaber kleiner Unternehmen ihre Zeit und Energie auf ihr Gesch\u00e4ft und ihre Kunden konzentrieren k\u00f6nnen. Diese Feststellung ist unabh\u00e4ngig davon, ob es sich bei den administrativen Aufgaben um&nbsp;<\/span><span>Buchhaltung oder Rechnungsstellungen handelt.&nbsp;<\/span><\/p>\n<p><span>\u200b<\/span><span>Deshalb konzentrieren wir uns auf die Vollautomatisierung und st\u00e4ndige&nbsp;<\/span><span>Verbesserung unserer Dienstleistungen, um zum f\u00fchrenden Anbietern f\u00fcr automatisierte Buchhaltung zu werden.<\/span><\/p>\n<h2>Sind Sie daran interessiert, unserem Team beizutreten?<\/h2>\n<p><span>EZYcount sucht leidenschaftliche Menschen, die Selbstst\u00e4ndigen und kleinen Unternehmen helfen wollen, ihre administrativen Aufgaben mit Technologie zu vereinfachen.Wir bieten innovative Arbeitsm\u00f6glichkeiten in unseren digitalen B\u00fcros.Z\u00f6gern Sie nicht, uns bez\u00fcglich der offenen Stellen zu kontaktieren oder wenn Sie glauben, dass Sie einen positiven Beitrag zum Team von EZYcount leisten k\u00f6nnen.F\u00fcr alle Anfragen senden Sie bitte Ihre E-Mail oder Ihren Lebenslauf an<\/span>&nbsp;<span><a href=\"http:\/\/email:hr@ezycount.ch\/\">hr@ezycount.ch<\/a><\/span><\/p>\n","protected":false},"excerpt":{"rendered":"<p>Das Team Unser dynamisches und digitales Team besteht aus sachkundigen und engagierten Mitarbeitern, die Ihnen zur Verf\u00fcgung stehen. Jedes Mal, wenn Sie Fragen haben, wird jemand da sein, der Sie unterst\u00fctzt. Das Team von EZYcount hat eine einzigartige L\u00f6sung f\u00fcr Selbstst\u00e4ndige und kleine Unternehmen entwickelt, um administrative Aufgaben schnell und kosteng\u00fcnstig zu erledigen. Erfahren Sie [&hellip;]<\/p>\n","protected":false},"author":2,"featured_media":0,"parent":0,"menu_order":0,"comment_status":"closed","ping_status":"closed","template":"","meta":{"footnotes":""},"class_list":["post-2912","page","type-page","status-publish","hentry","post-wrapper","thrv_wrapper"],"yoast_head":"<!-- This site is optimized with the Yoast SEO plugin v25.3 - https:\/\/yoast.com\/wordpress\/plugins\/seo\/ -->\n<title>Das Team - EZYcount<\/title>\n<meta name=\"description\" content=\"Unser dynamisches Team w\u00e4chst st\u00e4ndig und besteht aus kompetenten und engagierten Mitarbeitern, die Ihnen jederzeit zur Verf\u00fcgung stehen.\" \/>\n<meta name=\"robots\" content=\"index, follow, max-snippet:-1, max-image-preview:large, max-video-preview:-1\" \/>\n<link rel=\"canonical\" href=\"https:\/\/www.ezycount.ch\/de\/das-team\/\" \/>\n<meta property=\"og:locale\" content=\"de_DE\" \/>\n<meta property=\"og:type\" content=\"article\" \/>\n<meta property=\"og:title\" content=\"Das Team - EZYcount\" \/>\n<meta property=\"og:description\" content=\"Unser dynamisches Team w\u00e4chst st\u00e4ndig und besteht aus kompetenten und engagierten Mitarbeitern, die Ihnen jederzeit zur Verf\u00fcgung stehen.\" \/>\n<meta property=\"og:url\" content=\"https:\/\/www.ezycount.ch\/de\/das-team\/\" \/>\n<meta property=\"og:site_name\" content=\"EZYcount\" \/>\n<meta property=\"article:modified_time\" content=\"2020-06-30T16:15:30+00:00\" \/>\n<meta property=\"og:image\" content=\"\/\/www.ezycount.ch\/wp-content\/uploads\/2018\/06\/founders.jpg\" \/>\n<meta name=\"twitter:card\" content=\"summary_large_image\" \/>\n<meta name=\"twitter:label1\" content=\"Gesch\u00e4tzte Lesezeit\" \/>\n\t<meta name=\"twitter:data1\" content=\"3\u00a0Minuten\" \/>\n<script type=\"application\/ld+json\" class=\"yoast-schema-graph\">{\"@context\":\"https:\/\/schema.org\",\"@graph\":[{\"@type\":\"WebPage\",\"@id\":\"https:\/\/www.ezycount.ch\/de\/das-team\/\",\"url\":\"https:\/\/www.ezycount.ch\/de\/das-team\/\",\"name\":\"Das Team - EZYcount\",\"isPartOf\":{\"@id\":\"https:\/\/www.ezycount.ch\/fr\/#website\"},\"datePublished\":\"2018-07-04T08:16:15+00:00\",\"dateModified\":\"2020-06-30T16:15:30+00:00\",\"description\":\"Unser dynamisches Team w\u00e4chst st\u00e4ndig und besteht aus kompetenten und engagierten Mitarbeitern, die Ihnen jederzeit zur Verf\u00fcgung stehen.\",\"breadcrumb\":{\"@id\":\"https:\/\/www.ezycount.ch\/de\/das-team\/#breadcrumb\"},\"inLanguage\":\"de\",\"potentialAction\":[{\"@type\":\"ReadAction\",\"target\":[\"https:\/\/www.ezycount.ch\/de\/das-team\/\"]}]},{\"@type\":\"BreadcrumbList\",\"@id\":\"https:\/\/www.ezycount.ch\/de\/das-team\/#breadcrumb\",\"itemListElement\":[{\"@type\":\"ListItem\",\"position\":1,\"name\":\"Home\",\"item\":\"https:\/\/www.ezycount.ch\/de\/\"},{\"@type\":\"ListItem\",\"position\":2,\"name\":\"Das Team\"}]},{\"@type\":\"WebSite\",\"@id\":\"https:\/\/www.ezycount.ch\/fr\/#website\",\"url\":\"https:\/\/www.ezycount.ch\/fr\/\",\"name\":\"EZYcount\",\"description\":\"Simplifiez votre comptabilit\u00e9 et gagnez du temps\",\"potentialAction\":[{\"@type\":\"SearchAction\",\"target\":{\"@type\":\"EntryPoint\",\"urlTemplate\":\"https:\/\/www.ezycount.ch\/fr\/?s={search_term_string}\"},\"query-input\":{\"@type\":\"PropertyValueSpecification\",\"valueRequired\":true,\"valueName\":\"search_term_string\"}}],\"inLanguage\":\"de\"}]}<\/script>\n<!-- \/ Yoast SEO plugin. -->","yoast_head_json":{"title":"Das Team - EZYcount","description":"Unser dynamisches Team w\u00e4chst st\u00e4ndig und besteht aus kompetenten und engagierten Mitarbeitern, die Ihnen jederzeit zur Verf\u00fcgung stehen.","robots":{"index":"index","follow":"follow","max-snippet":"max-snippet:-1","max-image-preview":"max-image-preview:large","max-video-preview":"max-video-preview:-1"},"canonical":"https:\/\/www.ezycount.ch\/de\/das-team\/","og_locale":"de_DE","og_type":"article","og_title":"Das Team - EZYcount","og_description":"Unser dynamisches Team w\u00e4chst st\u00e4ndig und besteht aus kompetenten und engagierten Mitarbeitern, die Ihnen jederzeit zur Verf\u00fcgung stehen.","og_url":"https:\/\/www.ezycount.ch\/de\/das-team\/","og_site_name":"EZYcount","article_modified_time":"2020-06-30T16:15:30+00:00","og_image":[{"url":"\/\/www.ezycount.ch\/wp-content\/uploads\/2018\/06\/founders.jpg","type":"","width":"","height":""}],"twitter_card":"summary_large_image","twitter_misc":{"Gesch\u00e4tzte Lesezeit":"3\u00a0Minuten"},"schema":{"@context":"https:\/\/schema.org","@graph":[{"@type":"WebPage","@id":"https:\/\/www.ezycount.ch\/de\/das-team\/","url":"https:\/\/www.ezycount.ch\/de\/das-team\/","name":"Das Team - EZYcount","isPartOf":{"@id":"https:\/\/www.ezycount.ch\/fr\/#website"},"datePublished":"2018-07-04T08:16:15+00:00","dateModified":"2020-06-30T16:15:30+00:00","description":"Unser dynamisches Team w\u00e4chst st\u00e4ndig und besteht aus kompetenten und engagierten Mitarbeitern, die Ihnen jederzeit zur Verf\u00fcgung stehen.","breadcrumb":{"@id":"https:\/\/www.ezycount.ch\/de\/das-team\/#breadcrumb"},"inLanguage":"de","potentialAction":[{"@type":"ReadAction","target":["https:\/\/www.ezycount.ch\/de\/das-team\/"]}]},{"@type":"BreadcrumbList","@id":"https:\/\/www.ezycount.ch\/de\/das-team\/#breadcrumb","itemListElement":[{"@type":"ListItem","position":1,"name":"Home","item":"https:\/\/www.ezycount.ch\/de\/"},{"@type":"ListItem","position":2,"name":"Das Team"}]},{"@type":"WebSite","@id":"https:\/\/www.ezycount.ch\/fr\/#website","url":"https:\/\/www.ezycount.ch\/fr\/","name":"EZYcount","description":"Simplifiez votre comptabilit\u00e9 et gagnez du temps","potentialAction":[{"@type":"SearchAction","target":{"@type":"EntryPoint","urlTemplate":"https:\/\/www.ezycount.ch\/fr\/?s={search_term_string}"},"query-input":{"@type":"PropertyValueSpecification","valueRequired":true,"valueName":"search_term_string"}}],"inLanguage":"de"}]}},"_links":{"self":[{"href":"https:\/\/www.ezycount.ch\/de\/wp-json\/wp\/v2\/pages\/2912","targetHints":{"allow":["GET"]}}],"collection":[{"href":"https:\/\/www.ezycount.ch\/de\/wp-json\/wp\/v2\/pages"}],"about":[{"href":"https:\/\/www.ezycount.ch\/de\/wp-json\/wp\/v2\/types\/page"}],"author":[{"embeddable":true,"href":"https:\/\/www.ezycount.ch\/de\/wp-json\/wp\/v2\/users\/2"}],"replies":[{"embeddable":true,"href":"https:\/\/www.ezycount.ch\/de\/wp-json\/wp\/v2\/comments?post=2912"}],"version-history":[{"count":1,"href":"https:\/\/www.ezycount.ch\/de\/wp-json\/wp\/v2\/pages\/2912\/revisions"}],"predecessor-version":[{"id":8358,"href":"https:\/\/www.ezycount.ch\/de\/wp-json\/wp\/v2\/pages\/2912\/revisions\/8358"}],"wp:attachment":[{"href":"https:\/\/www.ezycount.ch\/de\/wp-json\/wp\/v2\/media?parent=2912"}],"curies":[{"name":"wp","href":"https:\/\/api.w.org\/{rel}","templated":true}]}}