{"id":8010,"date":"2020-05-29T14:48:32","date_gmt":"2020-05-29T14:48:32","guid":{"rendered":"https:\/\/www.ezycount.ch\/?page_id=8010"},"modified":"2020-07-28T19:08:33","modified_gmt":"2020-07-28T18:08:33","slug":"nachrichten-ezycount","status":"publish","type":"page","link":"https:\/\/www.ezycount.ch\/de\/nachrichten-ezycount\/","title":{"rendered":"Nachrichten EZYcount"},"content":{"rendered":"<h1>Nachrichten EZYcount<\/h1>\n<p>Treten Sie der Community bei und genie\u00dfen Sie viele Vorteile, die Ihnen noch mehr Zeit sparen werden!<\/p>\n<p>Eine E-Mail pro Woche mit:<\/p>\n<p>\u2022 <span>Einfach einzurichtende Tools<\/span><span><\/span>\u2022 \u200bPraktische Ratschl\u00e4ge f\u00fcr Selbs\u00e4ndige, die neu anfangen<span>\u2022 Online Treffen, um alle Ihre Fragen zu stellen\u2022 Tipps zum Ausf\u00fcllen des Steuerformulars\u2022 und vieles mehr&#8230;<\/span><\/p>\n","protected":false},"excerpt":{"rendered":"<p>Nachrichten EZYcount Treten Sie der Community bei und genie\u00dfen Sie viele Vorteile, die Ihnen noch mehr Zeit sparen werden! Eine E-Mail pro Woche mit: \u2022 Einfach einzurichtende Tools\u2022 \u200bPraktische Ratschl\u00e4ge f\u00fcr Selbs\u00e4ndige, die neu anfangen\u2022 Online Treffen, um alle Ihre Fragen zu stellen\u2022 Tipps zum Ausf\u00fcllen des Steuerformulars\u2022 und vieles mehr&#8230;<\/p>\n","protected":false},"author":2,"featured_media":0,"parent":0,"menu_order":0,"comment_status":"closed","ping_status":"closed","template":"","meta":{"footnotes":""},"class_list":["post-8010","page","type-page","status-publish","hentry","post-wrapper","thrv_wrapper"],"yoast_head":"<!-- This site is optimized with the Yoast SEO plugin v25.3 - https:\/\/yoast.com\/wordpress\/plugins\/seo\/ -->\n<title>Nachrichten EZYcount - EZYcount<\/title>\n<meta name=\"description\" content=\"Finden Sie die Neuigkeiten von EZYcount direkt in Ihrem E-Mail-Postfach. EZYcount ist eine Schweizer Verwaltungsl\u00f6sung und Buchhaltungsl\u00f6sung.\" \/>\n<meta name=\"robots\" content=\"index, follow, max-snippet:-1, max-image-preview:large, max-video-preview:-1\" \/>\n<link rel=\"canonical\" href=\"https:\/\/www.ezycount.ch\/de\/nachrichten-ezycount\/\" \/>\n<meta property=\"og:locale\" content=\"de_DE\" \/>\n<meta property=\"og:type\" content=\"article\" \/>\n<meta property=\"og:title\" content=\"Nachrichten EZYcount - EZYcount\" \/>\n<meta property=\"og:description\" content=\"Finden Sie die Neuigkeiten von EZYcount direkt in Ihrem E-Mail-Postfach. EZYcount ist eine Schweizer Verwaltungsl\u00f6sung und Buchhaltungsl\u00f6sung.\" \/>\n<meta property=\"og:url\" content=\"https:\/\/www.ezycount.ch\/de\/nachrichten-ezycount\/\" \/>\n<meta property=\"og:site_name\" content=\"EZYcount\" \/>\n<meta property=\"article:modified_time\" content=\"2020-07-28T18:08:33+00:00\" \/>\n<meta name=\"twitter:card\" content=\"summary_large_image\" \/>\n<script type=\"application\/ld+json\" class=\"yoast-schema-graph\">{\"@context\":\"https:\/\/schema.org\",\"@graph\":[{\"@type\":\"WebPage\",\"@id\":\"https:\/\/www.ezycount.ch\/de\/nachrichten-ezycount\/\",\"url\":\"https:\/\/www.ezycount.ch\/de\/nachrichten-ezycount\/\",\"name\":\"Nachrichten EZYcount - EZYcount\",\"isPartOf\":{\"@id\":\"https:\/\/www.ezycount.ch\/fr\/#website\"},\"datePublished\":\"2020-05-29T14:48:32+00:00\",\"dateModified\":\"2020-07-28T18:08:33+00:00\",\"description\":\"Finden Sie die Neuigkeiten von EZYcount direkt in Ihrem E-Mail-Postfach. EZYcount ist eine Schweizer Verwaltungsl\u00f6sung und Buchhaltungsl\u00f6sung.\",\"breadcrumb\":{\"@id\":\"https:\/\/www.ezycount.ch\/de\/nachrichten-ezycount\/#breadcrumb\"},\"inLanguage\":\"de\",\"potentialAction\":[{\"@type\":\"ReadAction\",\"target\":[\"https:\/\/www.ezycount.ch\/de\/nachrichten-ezycount\/\"]}]},{\"@type\":\"BreadcrumbList\",\"@id\":\"https:\/\/www.ezycount.ch\/de\/nachrichten-ezycount\/#breadcrumb\",\"itemListElement\":[{\"@type\":\"ListItem\",\"position\":1,\"name\":\"Home\",\"item\":\"https:\/\/www.ezycount.ch\/de\/\"},{\"@type\":\"ListItem\",\"position\":2,\"name\":\"Nachrichten EZYcount\"}]},{\"@type\":\"WebSite\",\"@id\":\"https:\/\/www.ezycount.ch\/fr\/#website\",\"url\":\"https:\/\/www.ezycount.ch\/fr\/\",\"name\":\"EZYcount\",\"description\":\"Simplifiez votre comptabilit\u00e9 et gagnez du temps\",\"potentialAction\":[{\"@type\":\"SearchAction\",\"target\":{\"@type\":\"EntryPoint\",\"urlTemplate\":\"https:\/\/www.ezycount.ch\/fr\/?s={search_term_string}\"},\"query-input\":{\"@type\":\"PropertyValueSpecification\",\"valueRequired\":true,\"valueName\":\"search_term_string\"}}],\"inLanguage\":\"de\"}]}<\/script>\n<!-- \/ Yoast SEO plugin. -->","yoast_head_json":{"title":"Nachrichten EZYcount - EZYcount","description":"Finden Sie die Neuigkeiten von EZYcount direkt in Ihrem E-Mail-Postfach. EZYcount ist eine Schweizer Verwaltungsl\u00f6sung und Buchhaltungsl\u00f6sung.","robots":{"index":"index","follow":"follow","max-snippet":"max-snippet:-1","max-image-preview":"max-image-preview:large","max-video-preview":"max-video-preview:-1"},"canonical":"https:\/\/www.ezycount.ch\/de\/nachrichten-ezycount\/","og_locale":"de_DE","og_type":"article","og_title":"Nachrichten EZYcount - EZYcount","og_description":"Finden Sie die Neuigkeiten von EZYcount direkt in Ihrem E-Mail-Postfach. EZYcount ist eine Schweizer Verwaltungsl\u00f6sung und Buchhaltungsl\u00f6sung.","og_url":"https:\/\/www.ezycount.ch\/de\/nachrichten-ezycount\/","og_site_name":"EZYcount","article_modified_time":"2020-07-28T18:08:33+00:00","twitter_card":"summary_large_image","schema":{"@context":"https:\/\/schema.org","@graph":[{"@type":"WebPage","@id":"https:\/\/www.ezycount.ch\/de\/nachrichten-ezycount\/","url":"https:\/\/www.ezycount.ch\/de\/nachrichten-ezycount\/","name":"Nachrichten EZYcount - EZYcount","isPartOf":{"@id":"https:\/\/www.ezycount.ch\/fr\/#website"},"datePublished":"2020-05-29T14:48:32+00:00","dateModified":"2020-07-28T18:08:33+00:00","description":"Finden Sie die Neuigkeiten von EZYcount direkt in Ihrem E-Mail-Postfach. EZYcount ist eine Schweizer Verwaltungsl\u00f6sung und Buchhaltungsl\u00f6sung.","breadcrumb":{"@id":"https:\/\/www.ezycount.ch\/de\/nachrichten-ezycount\/#breadcrumb"},"inLanguage":"de","potentialAction":[{"@type":"ReadAction","target":["https:\/\/www.ezycount.ch\/de\/nachrichten-ezycount\/"]}]},{"@type":"BreadcrumbList","@id":"https:\/\/www.ezycount.ch\/de\/nachrichten-ezycount\/#breadcrumb","itemListElement":[{"@type":"ListItem","position":1,"name":"Home","item":"https:\/\/www.ezycount.ch\/de\/"},{"@type":"ListItem","position":2,"name":"Nachrichten EZYcount"}]},{"@type":"WebSite","@id":"https:\/\/www.ezycount.ch\/fr\/#website","url":"https:\/\/www.ezycount.ch\/fr\/","name":"EZYcount","description":"Simplifiez votre comptabilit\u00e9 et gagnez du temps","potentialAction":[{"@type":"SearchAction","target":{"@type":"EntryPoint","urlTemplate":"https:\/\/www.ezycount.ch\/fr\/?s={search_term_string}"},"query-input":{"@type":"PropertyValueSpecification","valueRequired":true,"valueName":"search_term_string"}}],"inLanguage":"de"}]}},"_links":{"self":[{"href":"https:\/\/www.ezycount.ch\/de\/wp-json\/wp\/v2\/pages\/8010","targetHints":{"allow":["GET"]}}],"collection":[{"href":"https:\/\/www.ezycount.ch\/de\/wp-json\/wp\/v2\/pages"}],"about":[{"href":"https:\/\/www.ezycount.ch\/de\/wp-json\/wp\/v2\/types\/page"}],"author":[{"embeddable":true,"href":"https:\/\/www.ezycount.ch\/de\/wp-json\/wp\/v2\/users\/2"}],"replies":[{"embeddable":true,"href":"https:\/\/www.ezycount.ch\/de\/wp-json\/wp\/v2\/comments?post=8010"}],"version-history":[{"count":1,"href":"https:\/\/www.ezycount.ch\/de\/wp-json\/wp\/v2\/pages\/8010\/revisions"}],"predecessor-version":[{"id":8750,"href":"https:\/\/www.ezycount.ch\/de\/wp-json\/wp\/v2\/pages\/8010\/revisions\/8750"}],"wp:attachment":[{"href":"https:\/\/www.ezycount.ch\/de\/wp-json\/wp\/v2\/media?parent=8010"}],"curies":[{"name":"wp","href":"https:\/\/api.w.org\/{rel}","templated":true}]}}