{"id":8025,"date":"2020-06-02T18:22:59","date_gmt":"2020-06-02T18:22:59","guid":{"rendered":"https:\/\/www.ezycount.ch\/?page_id=8025"},"modified":"2024-05-15T10:16:49","modified_gmt":"2024-05-15T09:16:49","slug":"kostenlose-ressourcen","status":"publish","type":"page","link":"https:\/\/www.ezycount.ch\/de\/kostenlose-ressourcen\/","title":{"rendered":"Kostenlose Ressourcen"},"content":{"rendered":"<h1>Kostenlose Ressourcen<\/h1>\n<p><span style=\"color: var(--tcb-color-0);\">Finden Sie eine Liste von kostenlosen Ressourcen zum Herunterladen, um Ihr Unternehmen als Selbst\u00e4ndiger oder Unternehmer effektiv zu verwalten. F\u00fcr Fragen oder Anregungen senden Sie bitte eine E-Mail an <\/span><a href=\"mailto:support@ezycount.ch\" style=\"outline: none;\" target=\"_blank\" rel=\"noopener\"><span style=\"color: rgb(245, 168, 28);\">support@ezycount.ch<\/span><\/a><span style=\"color: rgb(245, 168, 28);\">&nbsp;<\/span><\/p>\n<p><a href=\"https:\/\/www.ezycount.ch\/de\/kostenlose-ressourcen\/wie-man-einen-verein-gruendet-ein-umfassender-leitfaden\/\" target=\"_blank\" rel=\"noopener\"><\/p>\n<h2 style=\"text-align: center;\">Kompletter Leitfaden f\u00fcr die Gr\u00fcndung einer Vereinigung<\/h2>\n<p style=\"\">Entdecken Sie unseren umfassenden Leitfaden f\u00fcr die Gr\u00fcndung eines Vereins, ein wichtiges Instrument, das Sie in jeder Phase Ihres Vereinsprojekts sorgf\u00e4ltig begleiten soll. Dieser Leitfaden enth\u00e4lt alle Informationen, die Sie ben\u00f6tigen, um Ihr Vorhaben erfolgreich umzusetzen und den Erfolg Ihrer Initiative zu gew\u00e4hrleisten.<\/p>\n<p><\/a><a href=\"https:\/\/www.ezycount.ch\/de\/was-ist-buchhaltung-und-warum-ist-sie-wichtig\/\" target=\"_blank\" rel=\"noopener\"><\/p>\n<h2 style=\"text-align: center;\">Was ist Buchhaltung und warum ist sie wichtig?<\/h2>\n<p style=\"\">Die Buchhaltung ist ein immerw\u00e4hrendes Thema, denn ohne sie kann ein Unternehmen nicht funktionieren. Erfahren Sie mehr dar\u00fcber.<\/p>\n<p><\/a><a href=\"https:\/\/www.ezycount.ch\/de\/was-ist-ein-jahresbericht\/\" target=\"_blank\" rel=\"noopener\"><\/p>\n<h2 style=\"text-align: center;\">Leitfaden und Vorlage f\u00fcr den Jahresbericht f\u00fcr Freiberufler<\/h2>\n<p style=\"\">Der Jahresbericht enth\u00e4lt eine Vielzahl von Informationen. Und diese Informationen k\u00f6nnen f\u00fcr viele Menschen von Nutzen sein.<\/p>\n<p><\/a><a href=\"https:\/\/www.ezycount.ch\/de\/die-besten-tools-fuer-kleine-unternehmen-im-jahr-2021\/\" target=\"_blank\" rel=\"noopener\"><\/p>\n<h2 style=\"text-align: center;\">Meine Liste von besten Tools f\u00fcr Selbst\u00e4ndige im Jahr 2021<\/h2>\n<p style=\"\">Alles wird mit hoher Geschwindigkeit digitalisiert. Nutzen Sie diese Ver\u00e4nderungen und steigern Sie Ihre Effizienz bei der Arbeit mit den Tools, die 2021 auf meiner Liste der unverzichtbaren digitalen Tools stehen.<\/p>\n<p><\/a><a href=\"https:\/\/www.ezycount.ch\/de\/was-sind-die-haufigsten-fehler-in-der-buchhaltung\/\"><\/p>\n<h2 style=\"text-align: center;\"><span style=\"text-decoration: underline;\">D<u><\/u>ie h\u00e4ufigsten Fehler in der Buchhaltung<\/span><\/h2>\n<p style=\"\">In diesem Artikel finden Sie alle Informationen, die Sie ben\u00f6tigen, um die h\u00e4ufigsten Fehler in der Buchhaltung zu vermeiden<\/p>\n<p><\/a><a href=\"https:\/\/www.ezycount.ch\/de\/wie-erstellt-man-gesetzliche-schweizer-rechnungen\/\" rel=\"\"><\/p>\n<h2 style=\"text-align: center;\"><span style=\"text-decoration: underline;\">Wie erstellt man gesetzliche Schweizer Rechnungen?<\/span><\/h2>\n<p style=\"text-align: left;\">Das Versenden von Rechnungen ist gut. Noch besser ist es, Geld zu erhalten. Hier finden Sie alle Informationen, die Sie ben\u00f6tigen, um konforme und vollst\u00e4ndige Schweizer Rechnungen zu erstellen.<\/p>\n<p><\/a><a href=\"https:\/\/www.ezycount.ch\/de\/wie-lernen-sie-buchhaltung-in-7-tagen\/\" target=\"_blank\" rel=\"noopener\"><\/p>\n<h2 style=\"text-align: center;\"><span style=\"text-decoration: underline;\">Wie lernt man Buchhaltung in 7 Tagen?<\/span><\/h2>\n<p style=\"\">Jeden Tag ein Video, mit einem bestimmten Thema, um Ihre Buchhaltung in Gang zu bringen.<\/p>\n<p><\/a><a href=\"https:\/\/www.ezycount.ch\/de\/wie-macht-man-buchhaltung-in-excel\/\"><\/p>\n<h2 style=\"text-align: center;\"><span style=\"text-decoration: underline;\">Wie macht man Buchhaltung in Excel?<\/span><\/h2>\n<p style=\"\">Die Verwendung einer vollst\u00e4ndigen, aber einfachen Excel-Vorlage f\u00fcr die Buchf\u00fchrung ist m\u00f6glich. Folgen Sie den Anweisungen.<\/p>\n<p><\/a><a href=\"https:\/\/www.ezycount.ch\/de\/die-gebrauchlichsten-buchhaltungsausdrucke\/\"><\/p>\n<h2 style=\"text-align: center;\"><span style=\"text-decoration: underline;\">Die gebr\u00e4uchlichsten Buchhaltungsausdr\u00fccke<\/span><\/h2>\n<p style=\"\">Starten Sie Ihre Buchhaltungsreise von Anfang an mit diesem W\u00f6rterbuch. Nur die wichtigsten Begriffe aus dem Schweizer Rechnungswesen.<\/p>\n<p><\/a><a href=\"https:\/\/www.ezycount.ch\/de\/so-buchen-sie-automatisch-ihre-kreditkartenabrechnung\/\"><\/p>\n<h2 style=\"text-align: center;\"><span style=\"text-decoration: underline;\">So buchen Sie Ihre Kreditkartenabrechnung automatisch<\/span><\/h2>\n<p style=\"\">Sie haben Ihre Kreditkartenabrechnung erhalten und wissen nicht, was Sie als n\u00e4chstes tun sollen?<\/p>\n<p><\/a><a href=\"https:\/\/www.ezycount.ch\/de\/wie-wird-man-selbststaendiger-oder-freiberufler\/\"><\/p>\n<h2 style=\"text-align: center; color: rgb(245, 168, 28) !important; --tcb-applied-color:rgb(245, 168, 28)  !important;\"><span style=\"text-decoration: underline; --tcb-applied-color:rgb(245, 168, 28)  !important;\">Wie macht man sich selbstst\u00e4ndig?<\/span><span style=\"text-decoration: underline; --tcb-applied-color:rgb(245, 168, 28)  !important;\"><\/span><\/h2>\n<p style=\"\">Ihr eigenes Unternehmen zu gr\u00fcnden ist eine sehr gute Idee. Bereiten Sie sich mit unserem Leitfaden vor und stellen Sie sicher, dass Sie bereit sind<\/p>\n<p><\/a><a href=\"https:\/\/www.ezycount.ch\/de\/neues-wordpress-plugin\/\"><\/p>\n<h2 data-alt-text=\"Einf\u00fchrung\" style=\"text-align: center;\"><span style=\"text-decoration: underline;\">Buchen Sie automatisch Transaktionen auf Ihrer WordPress-Website<\/span><\/h2>\n<p style=\"\">Verwandelt Ihr Unternehmen in eine voll funktionsf\u00e4hige E-Commerce-Site<\/p>\n<p><\/a><a href=\"https:\/\/www.ezycount.ch\/de\/wie-konnen-sie-ihr-buro-einfach-organisieren\/\" rel=\"\"><\/p>\n<h2 style=\"text-align: center;\"><span style=\"text-decoration: underline;\">Wie k\u00f6nnen Sie Ihr B\u00fcro einfach organisieren?<\/span><\/h2>\n<p style=\"text-align: left;\">Wie Sie Ihr B\u00fcro aufr\u00e4umen und organisieren, um Ihre Verwaltungsaufgaben effizienter zu gestalten.<\/p>\n<p><\/a><a href=\"https:\/\/www.ezycount.ch\/de\/editierbare-binder-label-vorlage-mit-word\/\" rel=\"\"><\/p>\n<h2 style=\"text-align: center;\"><span style=\"text-decoration: underline;\">Editierbare Binder-Etiketten Vorlage mit Word<\/span><\/h2>\n<p style=\"text-align: left;\">Erstellen Sie mit dieser Word-Vorlage schnell sch\u00f6ne Etiketten mit Binder\u00fccken.<\/p>\n<p><\/a><a href=\"https:\/\/www.ezycount.ch\/de\/binder-etiketten-vorlage-fur-mac\/\"><\/p>\n<h2 style=\"text-align: center;\"><span style=\"text-decoration: underline;\">Bearbeitbar Binder-Etiketten-Vorlage f\u00fcr Mac<\/span><\/h2>\n<p style=\"\">Sparen Sie Zeit mit unserer bew\u00e4hrten Binderetiketten-Pages-Vorlage.<\/p>\n<p><\/a><a href=\"https:\/\/www.ezycount.ch\/de\/startup-bewertungsmodell-free-excel\/\" rel=\"\"><\/p>\n<h2 style=\"text-align: center;\"><span style=\"text-decoration: underline;\">Bewertungsmodel f\u00fcr Startup<\/span><\/h2>\n<p style=\"text-align: left;\">Excel-Modell, um den Wert Ihres Start-ups zu berechnen, wenn es noch keinen oder nur einen sehr geringen Gewinn erzielt.<\/p>\n<p><\/a><a href=\"https:\/\/www.ezycount.ch\/de\/bearbeitbar-binder-etiketten-vorlage-fuer-libre-office\/\" target=\"_blank\" rel=\"noopener\"><\/p>\n<h2 style=\"text-align: center;\"><span style=\"text-decoration: underline;\">Binder-Template f\u00fcr Libre Office<\/span><\/h2>\n<p style=\"\">Gestalten und erstellen Sie mit dieser Vorlage schnell Ihre eigenen Binder\u00fccken-Etiketten.<\/p>\n<p><\/a><a href=\"https:\/\/www.ezycount.ch\/de\/startup-bewertungsmodell-free-excel\/\" rel=\"\"><\/p>\n<h1 style=\"text-align: center;\"><span style=\"text-decoration: underline;\">Steuerberechnung in der Schweiz<\/span><\/h1>\n<p style=\"text-align: left;\">In der Schweiz zahlen wir Bundes-, Kantons- und Gemeindesteuern. Um die richtigen Steuern zu zahlen, ben\u00f6tigen Sie den Schweizer Steuerrechner.<\/p>\n<p><\/a><\/p>\n","protected":false},"excerpt":{"rendered":"<p>Kostenlose Ressourcen Finden Sie eine Liste von kostenlosen Ressourcen zum Herunterladen, um Ihr Unternehmen als Selbst\u00e4ndiger oder Unternehmer effektiv zu verwalten. F\u00fcr Fragen oder Anregungen senden Sie bitte eine E-Mail an support@ezycount.ch&nbsp; Kompletter Leitfaden f\u00fcr die Gr\u00fcndung einer Vereinigung Entdecken Sie unseren umfassenden Leitfaden f\u00fcr die Gr\u00fcndung eines Vereins, ein wichtiges Instrument, das Sie in [&hellip;]<\/p>\n","protected":false},"author":2,"featured_media":0,"parent":0,"menu_order":0,"comment_status":"closed","ping_status":"closed","template":"","meta":{"footnotes":""},"class_list":["post-8025","page","type-page","status-publish","hentry","post-wrapper","thrv_wrapper"],"yoast_head":"<!-- This site is optimized with the Yoast SEO plugin v25.3 - https:\/\/yoast.com\/wordpress\/plugins\/seo\/ -->\n<title>Kostenlose Ressourcen - EZYcount<\/title>\n<meta name=\"description\" content=\"Finden Sie freie Ressourcen, um Ihre Verwaltung als Selbst\u00e4ndiger oder Unternehmer effizient zu verwalten. Excel-Tabellen, Word und andere...\" \/>\n<meta name=\"robots\" content=\"index, follow, max-snippet:-1, max-image-preview:large, max-video-preview:-1\" \/>\n<link rel=\"canonical\" href=\"https:\/\/www.ezycount.ch\/de\/kostenlose-ressourcen\/\" \/>\n<meta property=\"og:locale\" content=\"de_DE\" \/>\n<meta property=\"og:type\" content=\"article\" \/>\n<meta property=\"og:title\" content=\"Kostenlose Ressourcen - EZYcount\" \/>\n<meta property=\"og:description\" content=\"Finden Sie freie Ressourcen, um Ihre Verwaltung als Selbst\u00e4ndiger oder Unternehmer effizient zu verwalten. Excel-Tabellen, Word und andere...\" \/>\n<meta property=\"og:url\" content=\"https:\/\/www.ezycount.ch\/de\/kostenlose-ressourcen\/\" \/>\n<meta property=\"og:site_name\" content=\"EZYcount\" \/>\n<meta property=\"article:modified_time\" content=\"2024-05-15T09:16:49+00:00\" \/>\n<meta name=\"twitter:card\" content=\"summary_large_image\" \/>\n<meta name=\"twitter:label1\" content=\"Gesch\u00e4tzte Lesezeit\" \/>\n\t<meta name=\"twitter:data1\" content=\"3\u00a0Minuten\" \/>\n<script type=\"application\/ld+json\" class=\"yoast-schema-graph\">{\"@context\":\"https:\/\/schema.org\",\"@graph\":[{\"@type\":\"WebPage\",\"@id\":\"https:\/\/www.ezycount.ch\/de\/kostenlose-ressourcen\/\",\"url\":\"https:\/\/www.ezycount.ch\/de\/kostenlose-ressourcen\/\",\"name\":\"Kostenlose Ressourcen - EZYcount\",\"isPartOf\":{\"@id\":\"https:\/\/www.ezycount.ch\/fr\/#website\"},\"datePublished\":\"2020-06-02T18:22:59+00:00\",\"dateModified\":\"2024-05-15T09:16:49+00:00\",\"description\":\"Finden Sie freie Ressourcen, um Ihre Verwaltung als Selbst\u00e4ndiger oder Unternehmer effizient zu verwalten. Excel-Tabellen, Word und andere...\",\"breadcrumb\":{\"@id\":\"https:\/\/www.ezycount.ch\/de\/kostenlose-ressourcen\/#breadcrumb\"},\"inLanguage\":\"de\",\"potentialAction\":[{\"@type\":\"ReadAction\",\"target\":[\"https:\/\/www.ezycount.ch\/de\/kostenlose-ressourcen\/\"]}]},{\"@type\":\"BreadcrumbList\",\"@id\":\"https:\/\/www.ezycount.ch\/de\/kostenlose-ressourcen\/#breadcrumb\",\"itemListElement\":[{\"@type\":\"ListItem\",\"position\":1,\"name\":\"Home\",\"item\":\"https:\/\/www.ezycount.ch\/de\/\"},{\"@type\":\"ListItem\",\"position\":2,\"name\":\"Kostenlose Ressourcen\"}]},{\"@type\":\"WebSite\",\"@id\":\"https:\/\/www.ezycount.ch\/fr\/#website\",\"url\":\"https:\/\/www.ezycount.ch\/fr\/\",\"name\":\"EZYcount\",\"description\":\"Simplifiez votre comptabilit\u00e9 et gagnez du temps\",\"potentialAction\":[{\"@type\":\"SearchAction\",\"target\":{\"@type\":\"EntryPoint\",\"urlTemplate\":\"https:\/\/www.ezycount.ch\/fr\/?s={search_term_string}\"},\"query-input\":{\"@type\":\"PropertyValueSpecification\",\"valueRequired\":true,\"valueName\":\"search_term_string\"}}],\"inLanguage\":\"de\"}]}<\/script>\n<!-- \/ Yoast SEO plugin. -->","yoast_head_json":{"title":"Kostenlose Ressourcen - EZYcount","description":"Finden Sie freie Ressourcen, um Ihre Verwaltung als Selbst\u00e4ndiger oder Unternehmer effizient zu verwalten. Excel-Tabellen, Word und andere...","robots":{"index":"index","follow":"follow","max-snippet":"max-snippet:-1","max-image-preview":"max-image-preview:large","max-video-preview":"max-video-preview:-1"},"canonical":"https:\/\/www.ezycount.ch\/de\/kostenlose-ressourcen\/","og_locale":"de_DE","og_type":"article","og_title":"Kostenlose Ressourcen - EZYcount","og_description":"Finden Sie freie Ressourcen, um Ihre Verwaltung als Selbst\u00e4ndiger oder Unternehmer effizient zu verwalten. Excel-Tabellen, Word und andere...","og_url":"https:\/\/www.ezycount.ch\/de\/kostenlose-ressourcen\/","og_site_name":"EZYcount","article_modified_time":"2024-05-15T09:16:49+00:00","twitter_card":"summary_large_image","twitter_misc":{"Gesch\u00e4tzte Lesezeit":"3\u00a0Minuten"},"schema":{"@context":"https:\/\/schema.org","@graph":[{"@type":"WebPage","@id":"https:\/\/www.ezycount.ch\/de\/kostenlose-ressourcen\/","url":"https:\/\/www.ezycount.ch\/de\/kostenlose-ressourcen\/","name":"Kostenlose Ressourcen - EZYcount","isPartOf":{"@id":"https:\/\/www.ezycount.ch\/fr\/#website"},"datePublished":"2020-06-02T18:22:59+00:00","dateModified":"2024-05-15T09:16:49+00:00","description":"Finden Sie freie Ressourcen, um Ihre Verwaltung als Selbst\u00e4ndiger oder Unternehmer effizient zu verwalten. Excel-Tabellen, Word und andere...","breadcrumb":{"@id":"https:\/\/www.ezycount.ch\/de\/kostenlose-ressourcen\/#breadcrumb"},"inLanguage":"de","potentialAction":[{"@type":"ReadAction","target":["https:\/\/www.ezycount.ch\/de\/kostenlose-ressourcen\/"]}]},{"@type":"BreadcrumbList","@id":"https:\/\/www.ezycount.ch\/de\/kostenlose-ressourcen\/#breadcrumb","itemListElement":[{"@type":"ListItem","position":1,"name":"Home","item":"https:\/\/www.ezycount.ch\/de\/"},{"@type":"ListItem","position":2,"name":"Kostenlose Ressourcen"}]},{"@type":"WebSite","@id":"https:\/\/www.ezycount.ch\/fr\/#website","url":"https:\/\/www.ezycount.ch\/fr\/","name":"EZYcount","description":"Simplifiez votre comptabilit\u00e9 et gagnez du temps","potentialAction":[{"@type":"SearchAction","target":{"@type":"EntryPoint","urlTemplate":"https:\/\/www.ezycount.ch\/fr\/?s={search_term_string}"},"query-input":{"@type":"PropertyValueSpecification","valueRequired":true,"valueName":"search_term_string"}}],"inLanguage":"de"}]}},"_links":{"self":[{"href":"https:\/\/www.ezycount.ch\/de\/wp-json\/wp\/v2\/pages\/8025","targetHints":{"allow":["GET"]}}],"collection":[{"href":"https:\/\/www.ezycount.ch\/de\/wp-json\/wp\/v2\/pages"}],"about":[{"href":"https:\/\/www.ezycount.ch\/de\/wp-json\/wp\/v2\/types\/page"}],"author":[{"embeddable":true,"href":"https:\/\/www.ezycount.ch\/de\/wp-json\/wp\/v2\/users\/2"}],"replies":[{"embeddable":true,"href":"https:\/\/www.ezycount.ch\/de\/wp-json\/wp\/v2\/comments?post=8025"}],"version-history":[{"count":89,"href":"https:\/\/www.ezycount.ch\/de\/wp-json\/wp\/v2\/pages\/8025\/revisions"}],"predecessor-version":[{"id":16494,"href":"https:\/\/www.ezycount.ch\/de\/wp-json\/wp\/v2\/pages\/8025\/revisions\/16494"}],"wp:attachment":[{"href":"https:\/\/www.ezycount.ch\/de\/wp-json\/wp\/v2\/media?parent=8025"}],"curies":[{"name":"wp","href":"https:\/\/api.w.org\/{rel}","templated":true}]}}