{"id":8029,"date":"2020-06-02T18:26:08","date_gmt":"2020-06-02T18:26:08","guid":{"rendered":"https:\/\/www.ezycount.ch\/?page_id=8029"},"modified":"2024-05-22T08:58:54","modified_gmt":"2024-05-22T07:58:54","slug":"preise","status":"publish","type":"page","link":"https:\/\/www.ezycount.ch\/de\/preise\/","title":{"rendered":"Preise"},"content":{"rendered":"<h1>Preise f\u00fcr EZYcount Buchhaltung und EZYcount Rechnung<\/h1>\n<p><a href=\"#\"><span><span>Instance 1<\/span><\/span><\/a><\/p>\n<h5>Rechnung<\/h5>\n<p style=\"\">CHF<\/p>\n<p>9.00<\/p>\n<p>\/Monat<\/p>\n<p><em>Betrag ohne MwSt. von 108.- <\/em><em>i<\/em><em>n eine Rechnung gestellt f\u00fcr 12 Monate Abonnement<\/em><\/p>\n<p><em>Schnelle und einfache Online-Rechnung<\/em><\/p>\n<ul>\n<li style=\"\"><span style=\"\">Verf\u00fcgbar 24\/7<\/span><\/li>\n<li style=\"\"><span style=\"\">Schweizer Rechnungsmodelle<\/span><\/li>\n<li style=\"\"><span style=\"\">ESR- und QR-Rechnung<\/span><\/li>\n<\/ul>\n<h5>Buchhaltung<\/h5>\n<p>CHF<\/p>\n<p>16.50<\/p>\n<p>\/Monat<\/p>\n<p><em>Betrag ohne MwSt. von 190.- in eine Rechnung gestellt f\u00fcr 12 Monate Abonnement<\/em><\/p>\n<p><em>Automatische, verbundene und einfach zu bedienende Buchhaltung<\/em><\/p>\n<ul>\n<li style=\"\"><span style=\"\">Starthilfe<\/span><\/li>\n<li style=\"\"><span style=\"\">Automatisierung<\/span><\/li>\n<li style=\"\"><span style=\"\">Leichtere Zusammenarbeit mit Ihrem Treuh\u00e4nder<\/span><\/li>\n<\/ul>\n<h5>Lebenslange Lizenz<\/h5>\n<p style=\"\">CHF<\/p>\n<p>3&#8217;290<\/p>\n<p style=\"\">\n<p><em>Preis des letzten Lizenzverkaufs zwischen zwei Benutzern EZYcount<\/em><\/p>\n<p>Langfristiges Engagement f\u00fcr automatische Buchhaltung<\/p>\n<ul>\n<li style=\"\"><span style=\"\">\u00dcbertragbar und verk\u00e4uflich<\/span><\/li>\n<li style=\"\"><span style=\"\">Eine Lizenz f\u00fcr alle EZYcount-Produkte<\/span><\/li>\n<li style=\"\"><span style=\"\">VIP-Status<\/span><\/li>\n<\/ul>\n<p style=\"text-align: center;\">F\u00fcr weitere Informationen wenden Sie sich bitte an <a href=\"mailto:support@ezycount.ch\" style=\"outline: none;\" target=\"_blank\" rel=\"noopener\"><span style=\"color: rgb(67, 78, 193);\">support@ezycount.ch<\/span> <\/a><\/p>\n<h2>Pers\u00f6nliche Unterst\u00fctzung, die Ihnen hilft, wenn Sie sie brauchen<\/h2>\n<p style=\"color: var(--tcb-color-0) !important; --tcb-applied-color: var$(--tcb-color-0) !important;\">Seit \u00fcber zehn Jahren helfen wir Selbstst\u00e4ndigen, Vereinen und kleinen Unternehmen dabei, mit der Rechnungsstellung und Buchhaltung auf dem Laufenden zu bleiben. Wir haben erkannt, dass es zwei gro\u00dfe Herausforderungen gibt, n\u00e4mlich den Jahresabschluss und die Buchhaltung im Laufe des Jahres auf dem Laufenden zu halten. Mit dem Ziel, immer f\u00fcr Sie da zu sein, bieten wir verschiedene Dienstleistungspakete zur Unterst\u00fctzung der Buchhaltung an. Sie k\u00f6nnen Ihr Servicepaket ausw\u00e4hlen, wenn Sie ein EZYcount-Abonnement abschlie\u00dfen.<\/p>\n<p><a href=\"#\"><span><span>Instance 1<\/span><\/span><\/a><\/p>\n<h5>Technischer Support<\/h5>\n<p>inbegriffen<\/p>\n<p><em>in jedem EZYcount-Abonnement enthalten.<\/em><\/p>\n<p><em>Technischer Support innerhalb von 24 Stunden inklusive, damit Sie sicher sein k\u00f6nnen, dass Sie immer mit Ihren EZY-Tools arbeiten k\u00f6nnen.<\/em><\/p>\n<ul>\n<li style=\"\"><span style=\"\">Technischer Support innerhalb von 24 Stunden per E-Mail.<\/span><\/li>\n<li style=\"\"><span style=\"\">Wenn das Problem weiterhin besteht, vereinbaren wir einen digitalen Termin, um die Situation so schnell wie m\u00f6glich zu l\u00f6sen.<\/span><\/li>\n<\/ul>\n<h5>J\u00e4hrlicher Abschluss<\/h5>\n<p>CHF<\/p>\n<p>300.-<\/p>\n<p>\/Jahr<\/p>\n<p><em>2 Stunden Hilfe beim Buchhaltungsabschlussmindestens 30 Tage im Voraus zu buchen.Vorzugssatz von CHF 150.- zzgl. MwSt. pro Stunde.<\/em><\/p>\n<p><em>\u200bNachdem Sie alle Buchungen vorgenommen haben, geht ein Buchhalter aus unserem Team Ihre Buchhaltung mit Ihnen durch.<\/em><\/p>\n<ul>\n<li style=\"\"><span style=\"\">Abschlussbuchungen<\/span><\/li>\n<li style=\"\"><span style=\"\">\u00dcbliche Kontrollen<\/span><\/li>\n<li style=\"\"><span style=\"\">Beantwortung Ihrer Buchhaltungsfragen<\/span><\/li>\n<\/ul>\n<h5>Begleitung der Buchhaltung<\/h5>\n<p style=\"\">CHF<\/p>\n<p>650.-<\/p>\n<p>\/Jahr<\/p>\n<p style=\"\">\n<p><em>5 Stunden Unterst\u00fctzung f\u00fcr eine viertelj\u00e4hrliche Kontrolle und Hilfe beim Buchhaltungsabschluss.mindestens 30 Tage vor der ersten viertelj\u00e4hrlichen Kontrolle zu buchen.Vorzugssatz von CHF 130.- zzgl. MwSt. pro Stunde.<\/em><\/p>\n<p>Einer unserer Buchhalter wird Ihrem Konto zugewiesen. Jedes Quartal gehen Sie mit ihm Ihre Buchhaltung durch.<\/p>\n<ul>\n<li style=\"\"><span style=\"\">Kontrollieren Sie Ihre Buchhaltung das ganze Jahr \u00fcber.<\/span><\/li>\n<li style=\"\"><span style=\"\">Bleiben Sie mit Ihrer Buchhaltung auf dem neuesten Stand.<\/span><\/li>\n<li style=\"\"><span style=\"\">Die Richtigkeit Ihrer Buchhaltung sicherstellen<\/span><\/li>\n<\/ul>\n<p style=\"text-align: center;\">F\u00fcr weitere Informationen wenden Sie sich bitte an <a href=\"mailto:support@ezycount.ch\" style=\"outline: none;\" target=\"_blank\" rel=\"noopener\"><span style=\"color: rgb(67, 78, 193);\">support@ezycount.ch<\/span> <\/a><\/p>\n","protected":false},"excerpt":{"rendered":"<p>Preise f\u00fcr EZYcount Buchhaltung und EZYcount Rechnung Instance 1 Rechnung CHF 9.00 \/Monat Betrag ohne MwSt. von 108.- in eine Rechnung gestellt f\u00fcr 12 Monate Abonnement Schnelle und einfache Online-Rechnung Verf\u00fcgbar 24\/7 Schweizer Rechnungsmodelle ESR- und QR-Rechnung Buchhaltung CHF 16.50 \/Monat Betrag ohne MwSt. von 190.- in eine Rechnung gestellt f\u00fcr 12 Monate Abonnement Automatische, [&hellip;]<\/p>\n","protected":false},"author":2,"featured_media":0,"parent":0,"menu_order":0,"comment_status":"closed","ping_status":"closed","template":"","meta":{"footnotes":""},"class_list":["post-8029","page","type-page","status-publish","hentry","post-wrapper","thrv_wrapper"],"yoast_head":"<!-- This site is optimized with the Yoast SEO plugin v25.3 - https:\/\/yoast.com\/wordpress\/plugins\/seo\/ -->\n<title>Preise - EZYcount<\/title>\n<meta name=\"description\" content=\"EZYcount Preise f\u00fcr Buchhaltungsl\u00f6sung und Rechnungsl\u00f6sung. Verschiedene M\u00f6glichkeiten so dass es jeden Budget passt. Schweizer KMU L\u00f6sung.\" \/>\n<meta name=\"robots\" content=\"index, follow, max-snippet:-1, max-image-preview:large, max-video-preview:-1\" \/>\n<link rel=\"canonical\" href=\"https:\/\/www.ezycount.ch\/de\/preise\/\" \/>\n<meta property=\"og:locale\" content=\"de_DE\" \/>\n<meta property=\"og:type\" content=\"article\" \/>\n<meta property=\"og:title\" content=\"Preise - EZYcount\" \/>\n<meta property=\"og:description\" content=\"EZYcount Preise f\u00fcr Buchhaltungsl\u00f6sung und Rechnungsl\u00f6sung. Verschiedene M\u00f6glichkeiten so dass es jeden Budget passt. Schweizer KMU L\u00f6sung.\" \/>\n<meta property=\"og:url\" content=\"https:\/\/www.ezycount.ch\/de\/preise\/\" \/>\n<meta property=\"og:site_name\" content=\"EZYcount\" \/>\n<meta property=\"article:modified_time\" content=\"2024-05-22T07:58:54+00:00\" \/>\n<meta name=\"twitter:card\" content=\"summary_large_image\" \/>\n<meta name=\"twitter:label1\" content=\"Gesch\u00e4tzte Lesezeit\" \/>\n\t<meta name=\"twitter:data1\" content=\"2\u00a0Minuten\" \/>\n<script type=\"application\/ld+json\" class=\"yoast-schema-graph\">{\"@context\":\"https:\/\/schema.org\",\"@graph\":[{\"@type\":\"WebPage\",\"@id\":\"https:\/\/www.ezycount.ch\/de\/preise\/\",\"url\":\"https:\/\/www.ezycount.ch\/de\/preise\/\",\"name\":\"Preise - EZYcount\",\"isPartOf\":{\"@id\":\"https:\/\/www.ezycount.ch\/fr\/#website\"},\"datePublished\":\"2020-06-02T18:26:08+00:00\",\"dateModified\":\"2024-05-22T07:58:54+00:00\",\"description\":\"EZYcount Preise f\u00fcr Buchhaltungsl\u00f6sung und Rechnungsl\u00f6sung. Verschiedene M\u00f6glichkeiten so dass es jeden Budget passt. Schweizer KMU L\u00f6sung.\",\"breadcrumb\":{\"@id\":\"https:\/\/www.ezycount.ch\/de\/preise\/#breadcrumb\"},\"inLanguage\":\"de\",\"potentialAction\":[{\"@type\":\"ReadAction\",\"target\":[\"https:\/\/www.ezycount.ch\/de\/preise\/\"]}]},{\"@type\":\"BreadcrumbList\",\"@id\":\"https:\/\/www.ezycount.ch\/de\/preise\/#breadcrumb\",\"itemListElement\":[{\"@type\":\"ListItem\",\"position\":1,\"name\":\"Home\",\"item\":\"https:\/\/www.ezycount.ch\/de\/\"},{\"@type\":\"ListItem\",\"position\":2,\"name\":\"Preise\"}]},{\"@type\":\"WebSite\",\"@id\":\"https:\/\/www.ezycount.ch\/fr\/#website\",\"url\":\"https:\/\/www.ezycount.ch\/fr\/\",\"name\":\"EZYcount\",\"description\":\"Simplifiez votre comptabilit\u00e9 et gagnez du temps\",\"potentialAction\":[{\"@type\":\"SearchAction\",\"target\":{\"@type\":\"EntryPoint\",\"urlTemplate\":\"https:\/\/www.ezycount.ch\/fr\/?s={search_term_string}\"},\"query-input\":{\"@type\":\"PropertyValueSpecification\",\"valueRequired\":true,\"valueName\":\"search_term_string\"}}],\"inLanguage\":\"de\"}]}<\/script>\n<!-- \/ Yoast SEO plugin. -->","yoast_head_json":{"title":"Preise - EZYcount","description":"EZYcount Preise f\u00fcr Buchhaltungsl\u00f6sung und Rechnungsl\u00f6sung. Verschiedene M\u00f6glichkeiten so dass es jeden Budget passt. Schweizer KMU L\u00f6sung.","robots":{"index":"index","follow":"follow","max-snippet":"max-snippet:-1","max-image-preview":"max-image-preview:large","max-video-preview":"max-video-preview:-1"},"canonical":"https:\/\/www.ezycount.ch\/de\/preise\/","og_locale":"de_DE","og_type":"article","og_title":"Preise - EZYcount","og_description":"EZYcount Preise f\u00fcr Buchhaltungsl\u00f6sung und Rechnungsl\u00f6sung. Verschiedene M\u00f6glichkeiten so dass es jeden Budget passt. Schweizer KMU L\u00f6sung.","og_url":"https:\/\/www.ezycount.ch\/de\/preise\/","og_site_name":"EZYcount","article_modified_time":"2024-05-22T07:58:54+00:00","twitter_card":"summary_large_image","twitter_misc":{"Gesch\u00e4tzte Lesezeit":"2\u00a0Minuten"},"schema":{"@context":"https:\/\/schema.org","@graph":[{"@type":"WebPage","@id":"https:\/\/www.ezycount.ch\/de\/preise\/","url":"https:\/\/www.ezycount.ch\/de\/preise\/","name":"Preise - EZYcount","isPartOf":{"@id":"https:\/\/www.ezycount.ch\/fr\/#website"},"datePublished":"2020-06-02T18:26:08+00:00","dateModified":"2024-05-22T07:58:54+00:00","description":"EZYcount Preise f\u00fcr Buchhaltungsl\u00f6sung und Rechnungsl\u00f6sung. Verschiedene M\u00f6glichkeiten so dass es jeden Budget passt. Schweizer KMU L\u00f6sung.","breadcrumb":{"@id":"https:\/\/www.ezycount.ch\/de\/preise\/#breadcrumb"},"inLanguage":"de","potentialAction":[{"@type":"ReadAction","target":["https:\/\/www.ezycount.ch\/de\/preise\/"]}]},{"@type":"BreadcrumbList","@id":"https:\/\/www.ezycount.ch\/de\/preise\/#breadcrumb","itemListElement":[{"@type":"ListItem","position":1,"name":"Home","item":"https:\/\/www.ezycount.ch\/de\/"},{"@type":"ListItem","position":2,"name":"Preise"}]},{"@type":"WebSite","@id":"https:\/\/www.ezycount.ch\/fr\/#website","url":"https:\/\/www.ezycount.ch\/fr\/","name":"EZYcount","description":"Simplifiez votre comptabilit\u00e9 et gagnez du temps","potentialAction":[{"@type":"SearchAction","target":{"@type":"EntryPoint","urlTemplate":"https:\/\/www.ezycount.ch\/fr\/?s={search_term_string}"},"query-input":{"@type":"PropertyValueSpecification","valueRequired":true,"valueName":"search_term_string"}}],"inLanguage":"de"}]}},"_links":{"self":[{"href":"https:\/\/www.ezycount.ch\/de\/wp-json\/wp\/v2\/pages\/8029","targetHints":{"allow":["GET"]}}],"collection":[{"href":"https:\/\/www.ezycount.ch\/de\/wp-json\/wp\/v2\/pages"}],"about":[{"href":"https:\/\/www.ezycount.ch\/de\/wp-json\/wp\/v2\/types\/page"}],"author":[{"embeddable":true,"href":"https:\/\/www.ezycount.ch\/de\/wp-json\/wp\/v2\/users\/2"}],"replies":[{"embeddable":true,"href":"https:\/\/www.ezycount.ch\/de\/wp-json\/wp\/v2\/comments?post=8029"}],"version-history":[{"count":5,"href":"https:\/\/www.ezycount.ch\/de\/wp-json\/wp\/v2\/pages\/8029\/revisions"}],"predecessor-version":[{"id":16521,"href":"https:\/\/www.ezycount.ch\/de\/wp-json\/wp\/v2\/pages\/8029\/revisions\/16521"}],"wp:attachment":[{"href":"https:\/\/www.ezycount.ch\/de\/wp-json\/wp\/v2\/media?parent=8029"}],"curies":[{"name":"wp","href":"https:\/\/api.w.org\/{rel}","templated":true}]}}