{"id":8040,"date":"2020-06-02T18:40:38","date_gmt":"2020-06-02T18:40:38","guid":{"rendered":"https:\/\/www.ezycount.ch\/?page_id=8040"},"modified":"2021-12-28T18:49:45","modified_gmt":"2021-12-28T17:49:45","slug":"der-schweizer-steuerrechner","status":"publish","type":"page","link":"https:\/\/www.ezycount.ch\/de\/der-schweizer-steuerrechner\/","title":{"rendered":"Der Schweizer Steuerrechner"},"content":{"rendered":"<h1 style=\"text-align: left;\">Steuerberechnung in der Schweiz<\/h1>\n<p>In der Schweiz zahlen wir Bundes-, Kantons- und Gemeindesteuern, die auf der Grundlage des bereinigten Bruttoeinkommens der Person berechnet werden. Jeder Schweizer B\u00fcrger und jeder ausl\u00e4ndische Arbeitnehmer, der eine Aufenthaltsgenehmigung hat, muss jedes Jahr eine Steuererkl\u00e4rung abgeben. Die Schweiz &#8211; als f\u00f6deralistische Republik, die aus Staaten oder Kantonen besteht &#8211; hat ein einzigartiges Steuersystem. Jeder der 26 Kantone ist frei, seine Steuers\u00e4tze festzulegen oder neue Steuern einzuf\u00fchren, au\u00dfer f\u00fcr Steuerobjekte, die nach Bundesrecht besteuert werden. Das bedeutet, dass eine Firma in Bern andere Steuern an den Kanton zahlt als eine Firma im Tessin. Um die richtigen Steuern zu zahlen, ben\u00f6tigen Sie den Schweizer Steuerrechner.<\/p>\n<p style=\"\">In diesem Sinne finden Sie unten den Schweizer Steuerrechner f\u00fcr jeden Kanton und k\u00f6nnen vergleichen, wie sich die Steuern f\u00fcr Privatpersonen und Unternehmen unterscheiden. Die Kantone sind in alphabetischer Reihenfolge.<\/p>\n<h3 style=\"\">Der Schweizer Steuerrechner f\u00fcr:<\/h3>\n<p><strong>Meist gesehene Inhalte:<\/strong><\/p>\n<p style=\"\">\n<p>    __CONFIG_colors_palette__{&#8222;active_palette&#8220;:0,&#8220;config&#8220;:{&#8222;colors&#8220;:{&#8222;9bd08&#8220;:{&#8222;name&#8220;:&#8220;Main Accent&#8220;,&#8220;parent&#8220;:-1}},&#8220;gradients&#8220;:[]},&#8220;palettes&#8220;:[{&#8222;name&#8220;:&#8220;Default Palette&#8220;,&#8220;value&#8220;:{&#8222;colors&#8220;:{&#8222;9bd08&#8220;:{&#8222;val&#8220;:&#8220;rgb(245, 168, 28)&#8220;}},&#8220;gradients&#8220;:[]},&#8220;original&#8220;:{&#8222;colors&#8220;:{&#8222;9bd08&#8220;:{&#8222;val&#8220;:&#8220;rgb(19, 114, 211)&#8220;,&#8220;hsl&#8220;:{&#8222;h&#8220;:210,&#8220;s&#8220;:0.83,&#8220;l&#8220;:0.45}}},&#8220;gradients&#8220;:[]}}]}__CONFIG_colors_palette__ <a href=\"https:\/\/www.ezycount.ch\/de\/\" style=\"\" target=\"_blank\" rel=\"noopener\"><span>        <\/span> <span><span style=\"\">Buchhaltung<\/span><span><\/span><\/span> <\/a> <\/p>\n<p style=\"\">Eine einfach zu bedienende, sichere Online-Buchhaltungs- und Rechnungsplattform f\u00fcr KMUs und Selbstst\u00e4ndige.<\/p>\n<p>      __CONFIG_colors_palette__{&#8222;active_palette&#8220;:0,&#8220;config&#8220;:{&#8222;colors&#8220;:{&#8222;9bd08&#8220;:{&#8222;name&#8220;:&#8220;Main Accent&#8220;,&#8220;parent&#8220;:-1}},&#8220;gradients&#8220;:[]},&#8220;palettes&#8220;:[{&#8222;name&#8220;:&#8220;Default Palette&#8220;,&#8220;value&#8220;:{&#8222;colors&#8220;:{&#8222;9bd08&#8220;:{&#8222;val&#8220;:&#8220;hsla(var(&#8211;tcb-main-master-h, 210), var(&#8211;tcb-main-master-s, 77%), var(&#8211;tcb-main-master-l, 54%), 1)&#8220;}},&#8220;gradients&#8220;:[]},&#8220;original&#8220;:{&#8222;colors&#8220;:{&#8222;9bd08&#8220;:{&#8222;val&#8220;:&#8220;rgb(19, 114, 211)&#8220;,&#8220;hsl&#8220;:{&#8222;h&#8220;:210,&#8220;s&#8220;:0.83,&#8220;l&#8220;:0.45}}},&#8220;gradients&#8220;:[]}}]}__CONFIG_colors_palette__ <a href=\"https:\/\/www.ezycount.ch\/de\/wie-konnen-sie-ihr-buro-einfach-organisieren\/\" style=\"\"><span>        <\/span> <span><span style=\"\">Wie k\u00f6nnen Sie Ihr B\u00fcro organisieren?<\/span><span><\/span><\/span> <\/a> <\/p>\n<p style=\"\">Es braucht keine schwierige L\u00f6sung, nur die richtige. Ein kurzes Video und 8 schnelle Schritte, um Ihr B\u00fcro einfach aufzur\u00e4umen und zu organisieren.<\/p>\n<p>      __CONFIG_colors_palette__{&#8222;active_palette&#8220;:0,&#8220;config&#8220;:{&#8222;colors&#8220;:{&#8222;9bd08&#8220;:{&#8222;name&#8220;:&#8220;Main Accent&#8220;,&#8220;parent&#8220;:-1}},&#8220;gradients&#8220;:[]},&#8220;palettes&#8220;:[{&#8222;name&#8220;:&#8220;Default Palette&#8220;,&#8220;value&#8220;:{&#8222;colors&#8220;:{&#8222;9bd08&#8220;:{&#8222;val&#8220;:&#8220;hsla(var(&#8211;tcb-main-master-h, 210), var(&#8211;tcb-main-master-s, 77%), var(&#8211;tcb-main-master-l, 54%), 1)&#8220;}},&#8220;gradients&#8220;:[]},&#8220;original&#8220;:{&#8222;colors&#8220;:{&#8222;9bd08&#8220;:{&#8222;val&#8220;:&#8220;rgb(19, 114, 211)&#8220;,&#8220;hsl&#8220;:{&#8222;h&#8220;:210,&#8220;s&#8220;:0.83,&#8220;l&#8220;:0.45}}},&#8220;gradients&#8220;:[]}}]}__CONFIG_colors_palette__ <a href=\"https:\/\/www.ezycount.ch\/de\/wie-erstellt-man-gesetzliche-schweizer-rechnungen\/\" style=\"\" target=\"_blank\" rel=\"noopener\"><span>        <\/span> <span><span style=\"\">Rechnungsstellung<\/span><span><\/span><\/span> <\/a> <\/p>\n<p style=\"\">Alle notwendigen Informationen wie gesetzliche Vorgaben und n\u00fctzliche Tipps zur Erstellung von Schweizer Standardrechnungen<\/p>\n<p>      __CONFIG_colors_palette__{&#8222;active_palette&#8220;:0,&#8220;config&#8220;:{&#8222;colors&#8220;:{&#8222;9bd08&#8220;:{&#8222;name&#8220;:&#8220;Main Accent&#8220;,&#8220;parent&#8220;:-1}},&#8220;gradients&#8220;:[]},&#8220;palettes&#8220;:[{&#8222;name&#8220;:&#8220;Default Palette&#8220;,&#8220;value&#8220;:{&#8222;colors&#8220;:{&#8222;9bd08&#8220;:{&#8222;val&#8220;:&#8220;hsla(var(&#8211;tcb-main-master-h, 210), var(&#8211;tcb-main-master-s, 77%), var(&#8211;tcb-main-master-l, 54%), 1)&#8220;}},&#8220;gradients&#8220;:[]},&#8220;original&#8220;:{&#8222;colors&#8220;:{&#8222;9bd08&#8220;:{&#8222;val&#8220;:&#8220;rgb(19, 114, 211)&#8220;,&#8220;hsl&#8220;:{&#8222;h&#8220;:210,&#8220;s&#8220;:0.83,&#8220;l&#8220;:0.45}}},&#8220;gradients&#8220;:[]}}]}__CONFIG_colors_palette__ <a href=\"https:\/\/www.ezycount.ch\/de\/startup-bewertungsmodell-free-excel\/\" style=\"\" target=\"_blank\" rel=\"noopener\"><span>        <\/span> <span><span style=\"\">Startup-Bewertung&nbsp;<\/span><span><\/span><\/span> <\/a> <\/p>\n<p style=\"\">Kennen Sie den Barwert aller zuk\u00fcnftigen Gewinne Ihres Unternehmens? Laden Sie das perfekte Startup-Bewertungsmodell kostenlos herunter.<\/p>\n<p>  __CONFIG_group_edit__{&#8222;kbjp1vpj&#8220;:{&#8222;name&#8220;:&#8220;All Logo(s)&#8220;,&#8220;singular&#8220;:&#8220;&#8211; Logo %s&#8220;},&#8220;kbjp1xfn&#8220;:{&#8222;name&#8220;:&#8220;All Title(s)&#8220;,&#8220;singular&#8220;:&#8220;&#8211; Text %s&#8220;},&#8220;kbjp22kc&#8220;:{&#8222;name&#8220;:&#8220;All Paragraph(s)&#8220;,&#8220;singular&#8220;:&#8220;&#8211; Text %s&#8220;},&#8220;kbjp2ag5&#8243;:{&#8222;name&#8220;:&#8220;All Read Review Button(s)&#8220;,&#8220;singular&#8220;:&#8220;&#8211; Button %s&#8220;},&#8220;kbjp3xj6&#8243;:{&#8222;name&#8220;:&#8220;All Visit Website Button(s)&#8220;,&#8220;singular&#8220;:&#8220;&#8211; Button %s&#8220;},&#8220;kbjp44dp&#8220;:{&#8222;name&#8220;:&#8220;All Buttons Column(s)&#8220;,&#8220;singular&#8220;:&#8220;&#8211; Column %s&#8220;},&#8220;kbjp4d43&#8243;:{&#8222;name&#8220;:&#8220;All Text Column(s)&#8220;,&#8220;singular&#8220;:&#8220;&#8211; Column %s&#8220;},&#8220;kbjp4k9i&#8220;:{&#8222;name&#8220;:&#8220;All Content Box(s)&#8220;,&#8220;singular&#8220;:&#8220;&#8211; Content Box %s&#8220;},&#8220;kbjp4mck&#8220;:{&#8222;name&#8220;:&#8220;All Content Box(s)&#8220;,&#8220;singular&#8220;:&#8220;&#8211; Content Box %s&#8220;}}__CONFIG_group_edit____CONFIG_local_colors__{&#8222;colors&#8220;:{},&#8220;gradients&#8220;:{}}__CONFIG_local_colors____CONFIG_colors_palette__{&#8222;active_palette&#8220;:0,&#8220;config&#8220;:{&#8222;colors&#8220;:{&#8222;55242&#8220;:{&#8222;name&#8220;:&#8220;Accent Lighter&#8220;,&#8220;parent&#8220;:&#8220;3c75f&#8220;,&#8220;lock&#8220;:{&#8222;saturation&#8220;:0,&#8220;lightness&#8220;:1}},&#8220;3c75f&#8220;:{&#8222;name&#8220;:&#8220;Main Accent&#8220;,&#8220;parent&#8220;:-1},&#8220;965f3&#8243;:{&#8222;name&#8220;:&#8220;Accent Transparent&#8220;,&#8220;parent&#8220;:&#8220;3c75f&#8220;}},&#8220;gradients&#8220;:[]},&#8220;palettes&#8220;:[{&#8222;name&#8220;:&#8220;Default&#8220;,&#8220;value&#8220;:{&#8222;colors&#8220;:{&#8222;55242&#8220;:{&#8222;val&#8220;:&#8220;rgb(198, 199, 199)&#8220;,&#8220;hsl_parent_dependency&#8220;:{&#8222;h&#8220;:144,&#8220;l&#8220;:0.78,&#8220;s&#8220;:-0.01}},&#8220;3c75f&#8220;:{&#8222;val&#8220;:&#8220;var(&#8211;tcb-skin-color-0)&#8220;},&#8220;965f3&#8243;:{&#8222;val&#8220;:&#8220;rgba(245, 165, 25, 0.47)&#8220;,&#8220;hsl_parent_dependency&#8220;:{&#8222;h&#8220;:38,&#8220;l&#8220;:0.53,&#8220;s&#8220;:0.92}}},&#8220;gradients&#8220;:[]},&#8220;original&#8220;:{&#8222;colors&#8220;:{&#8222;55242&#8220;:{&#8222;val&#8220;:&#8220;rgb(201, 201, 201)&#8220;,&#8220;hsl_parent_dependency&#8220;:{&#8222;h&#8220;:0,&#8220;s&#8220;:0,&#8220;l&#8220;:0.78}},&#8220;3c75f&#8220;:{&#8222;val&#8220;:&#8220;rgb(102, 57, 248)&#8220;,&#8220;hsl&#8220;:{&#8222;h&#8220;:254,&#8220;s&#8220;:0.93,&#8220;l&#8220;:0.59}},&#8220;965f3&#8243;:{&#8222;val&#8220;:&#8220;rgba(102, 57, 248, 0.47)&#8220;,&#8220;hsl_parent_dependency&#8220;:{&#8222;h&#8220;:254,&#8220;s&#8220;:0.93,&#8220;l&#8220;:0.59}}},&#8220;gradients&#8220;:[]}}]}__CONFIG_colors_palette__  <span><img decoding=\"async\" alt=\"Retrouver le plaisir de faire votre comptabilit\u00e9 avec EZYcount\" data-id=\"11313\" width=\"282\" data-init-width=\"600\" height=\"188\" data-init-height=\"400\" title=\"retrouver le plaisir de faire votre comptabilit\u00e9 avec EZYcount\" loading=\"lazy\" src=\"https:\/\/www.ezycount.ch\/wp-content\/uploads\/2021\/04\/retrouver-le-plaisir-de-faire-votre-comptabilite-avec-EZYcount.jpg\" data-width=\"282\" data-height=\"188\"><\/span><\/p>\n<h6 id=\"t-1603173024694\" style=\"\">Sind Sie auf der Suche nach einer einfachen Schweizer Buchhaltungsl\u00f6sung?<\/h6>\n<h6 id=\"t-1617366489036\" style=\"\">EZYcount ist f\u00fcr Sie.<\/h6>\n<p> <a href=\"https:\/\/app.ezycount.ch\/change-language\/de\/0?referer=https:\/\/app.ezycount.ch\/register\" style=\"\" target=\"_blank\" rel=\"noopener\"><span style=\"\">    <\/span> <span style=\"\"><span style=\"\">Jetzt probieren<\/span><\/span> <\/a>  <\/p>\n","protected":false},"excerpt":{"rendered":"<p>Steuerberechnung in der Schweiz In der Schweiz zahlen wir Bundes-, Kantons- und Gemeindesteuern, die auf der Grundlage des bereinigten Bruttoeinkommens der Person berechnet werden. Jeder Schweizer B\u00fcrger und jeder ausl\u00e4ndische Arbeitnehmer, der eine Aufenthaltsgenehmigung hat, muss jedes Jahr eine Steuererkl\u00e4rung abgeben. Die Schweiz &#8211; als f\u00f6deralistische Republik, die aus Staaten oder Kantonen besteht &#8211; hat [&hellip;]<\/p>\n","protected":false},"author":2,"featured_media":0,"parent":0,"menu_order":0,"comment_status":"closed","ping_status":"closed","template":"","meta":{"footnotes":""},"class_list":["post-8040","page","type-page","status-publish","hentry","post-wrapper","thrv_wrapper"],"yoast_head":"<!-- This site is optimized with the Yoast SEO plugin v25.3 - https:\/\/yoast.com\/wordpress\/plugins\/seo\/ -->\n<title>Der Schweizer Steuerrechner - EZYcount<\/title>\n<meta name=\"description\" content=\"Berechnen Sie, wie viel Steuern Sie in der Schweiz zahlen m\u00fcssen, indem Sie diesen einfachen Schweizer Steuerrechner f\u00fcr die einzelnen Kantone verwenden\" \/>\n<meta name=\"robots\" content=\"index, follow, max-snippet:-1, max-image-preview:large, max-video-preview:-1\" \/>\n<link rel=\"canonical\" href=\"https:\/\/www.ezycount.ch\/en\/the-swiss-tax-calculator\/\" \/>\n<meta property=\"og:locale\" content=\"de_DE\" \/>\n<meta property=\"og:type\" content=\"article\" \/>\n<meta property=\"og:title\" content=\"Der Schweizer Steuerrechner - EZYcount\" \/>\n<meta property=\"og:description\" content=\"Berechnen Sie, wie viel Steuern Sie in der Schweiz zahlen m\u00fcssen, indem Sie diesen einfachen Schweizer Steuerrechner f\u00fcr die einzelnen Kantone verwenden\" \/>\n<meta property=\"og:url\" content=\"https:\/\/www.ezycount.ch\/en\/the-swiss-tax-calculator\/\" \/>\n<meta property=\"og:site_name\" content=\"EZYcount\" \/>\n<meta property=\"article:modified_time\" content=\"2021-12-28T17:49:45+00:00\" \/>\n<meta property=\"og:image\" content=\"https:\/\/www.ezycount.ch\/wp-content\/uploads\/2021\/04\/retrouver-le-plaisir-de-faire-votre-comptabilite-avec-EZYcount.jpg\" \/>\n<meta name=\"twitter:card\" content=\"summary_large_image\" \/>\n<meta name=\"twitter:label1\" content=\"Gesch\u00e4tzte Lesezeit\" \/>\n\t<meta name=\"twitter:data1\" content=\"12\u00a0Minuten\" \/>\n<script type=\"application\/ld+json\" class=\"yoast-schema-graph\">{\"@context\":\"https:\/\/schema.org\",\"@graph\":[{\"@type\":\"WebPage\",\"@id\":\"https:\/\/www.ezycount.ch\/en\/the-swiss-tax-calculator\/\",\"url\":\"https:\/\/www.ezycount.ch\/en\/the-swiss-tax-calculator\/\",\"name\":\"Der Schweizer Steuerrechner - EZYcount\",\"isPartOf\":{\"@id\":\"https:\/\/www.ezycount.ch\/fr\/#website\"},\"primaryImageOfPage\":{\"@id\":\"https:\/\/www.ezycount.ch\/en\/the-swiss-tax-calculator\/#primaryimage\"},\"image\":{\"@id\":\"https:\/\/www.ezycount.ch\/en\/the-swiss-tax-calculator\/#primaryimage\"},\"thumbnailUrl\":\"https:\/\/www.ezycount.ch\/wp-content\/uploads\/2021\/04\/retrouver-le-plaisir-de-faire-votre-comptabilite-avec-EZYcount.jpg\",\"datePublished\":\"2020-06-02T18:40:38+00:00\",\"dateModified\":\"2021-12-28T17:49:45+00:00\",\"description\":\"Berechnen Sie, wie viel Steuern Sie in der Schweiz zahlen m\u00fcssen, indem Sie diesen einfachen Schweizer Steuerrechner f\u00fcr die einzelnen Kantone verwenden\",\"breadcrumb\":{\"@id\":\"https:\/\/www.ezycount.ch\/en\/the-swiss-tax-calculator\/#breadcrumb\"},\"inLanguage\":\"de\",\"potentialAction\":[{\"@type\":\"ReadAction\",\"target\":[\"https:\/\/www.ezycount.ch\/en\/the-swiss-tax-calculator\/\"]}]},{\"@type\":\"ImageObject\",\"inLanguage\":\"de\",\"@id\":\"https:\/\/www.ezycount.ch\/en\/the-swiss-tax-calculator\/#primaryimage\",\"url\":\"https:\/\/www.ezycount.ch\/wp-content\/uploads\/2021\/04\/retrouver-le-plaisir-de-faire-votre-comptabilite-avec-EZYcount.jpg\",\"contentUrl\":\"https:\/\/www.ezycount.ch\/wp-content\/uploads\/2021\/04\/retrouver-le-plaisir-de-faire-votre-comptabilite-avec-EZYcount.jpg\"},{\"@type\":\"BreadcrumbList\",\"@id\":\"https:\/\/www.ezycount.ch\/en\/the-swiss-tax-calculator\/#breadcrumb\",\"itemListElement\":[{\"@type\":\"ListItem\",\"position\":1,\"name\":\"Home\",\"item\":\"https:\/\/www.ezycount.ch\/de\/\"},{\"@type\":\"ListItem\",\"position\":2,\"name\":\"Der Schweizer Steuerrechner\"}]},{\"@type\":\"WebSite\",\"@id\":\"https:\/\/www.ezycount.ch\/fr\/#website\",\"url\":\"https:\/\/www.ezycount.ch\/fr\/\",\"name\":\"EZYcount\",\"description\":\"Simplifiez votre comptabilit\u00e9 et gagnez du temps\",\"potentialAction\":[{\"@type\":\"SearchAction\",\"target\":{\"@type\":\"EntryPoint\",\"urlTemplate\":\"https:\/\/www.ezycount.ch\/fr\/?s={search_term_string}\"},\"query-input\":{\"@type\":\"PropertyValueSpecification\",\"valueRequired\":true,\"valueName\":\"search_term_string\"}}],\"inLanguage\":\"de\"}]}<\/script>\n<!-- \/ Yoast SEO plugin. -->","yoast_head_json":{"title":"Der Schweizer Steuerrechner - EZYcount","description":"Berechnen Sie, wie viel Steuern Sie in der Schweiz zahlen m\u00fcssen, indem Sie diesen einfachen Schweizer Steuerrechner f\u00fcr die einzelnen Kantone verwenden","robots":{"index":"index","follow":"follow","max-snippet":"max-snippet:-1","max-image-preview":"max-image-preview:large","max-video-preview":"max-video-preview:-1"},"canonical":"https:\/\/www.ezycount.ch\/en\/the-swiss-tax-calculator\/","og_locale":"de_DE","og_type":"article","og_title":"Der Schweizer Steuerrechner - EZYcount","og_description":"Berechnen Sie, wie viel Steuern Sie in der Schweiz zahlen m\u00fcssen, indem Sie diesen einfachen Schweizer Steuerrechner f\u00fcr die einzelnen Kantone verwenden","og_url":"https:\/\/www.ezycount.ch\/en\/the-swiss-tax-calculator\/","og_site_name":"EZYcount","article_modified_time":"2021-12-28T17:49:45+00:00","og_image":[{"url":"https:\/\/www.ezycount.ch\/wp-content\/uploads\/2021\/04\/retrouver-le-plaisir-de-faire-votre-comptabilite-avec-EZYcount.jpg","type":"","width":"","height":""}],"twitter_card":"summary_large_image","twitter_misc":{"Gesch\u00e4tzte Lesezeit":"12\u00a0Minuten"},"schema":{"@context":"https:\/\/schema.org","@graph":[{"@type":"WebPage","@id":"https:\/\/www.ezycount.ch\/en\/the-swiss-tax-calculator\/","url":"https:\/\/www.ezycount.ch\/en\/the-swiss-tax-calculator\/","name":"Der Schweizer Steuerrechner - EZYcount","isPartOf":{"@id":"https:\/\/www.ezycount.ch\/fr\/#website"},"primaryImageOfPage":{"@id":"https:\/\/www.ezycount.ch\/en\/the-swiss-tax-calculator\/#primaryimage"},"image":{"@id":"https:\/\/www.ezycount.ch\/en\/the-swiss-tax-calculator\/#primaryimage"},"thumbnailUrl":"https:\/\/www.ezycount.ch\/wp-content\/uploads\/2021\/04\/retrouver-le-plaisir-de-faire-votre-comptabilite-avec-EZYcount.jpg","datePublished":"2020-06-02T18:40:38+00:00","dateModified":"2021-12-28T17:49:45+00:00","description":"Berechnen Sie, wie viel Steuern Sie in der Schweiz zahlen m\u00fcssen, indem Sie diesen einfachen Schweizer Steuerrechner f\u00fcr die einzelnen Kantone verwenden","breadcrumb":{"@id":"https:\/\/www.ezycount.ch\/en\/the-swiss-tax-calculator\/#breadcrumb"},"inLanguage":"de","potentialAction":[{"@type":"ReadAction","target":["https:\/\/www.ezycount.ch\/en\/the-swiss-tax-calculator\/"]}]},{"@type":"ImageObject","inLanguage":"de","@id":"https:\/\/www.ezycount.ch\/en\/the-swiss-tax-calculator\/#primaryimage","url":"https:\/\/www.ezycount.ch\/wp-content\/uploads\/2021\/04\/retrouver-le-plaisir-de-faire-votre-comptabilite-avec-EZYcount.jpg","contentUrl":"https:\/\/www.ezycount.ch\/wp-content\/uploads\/2021\/04\/retrouver-le-plaisir-de-faire-votre-comptabilite-avec-EZYcount.jpg"},{"@type":"BreadcrumbList","@id":"https:\/\/www.ezycount.ch\/en\/the-swiss-tax-calculator\/#breadcrumb","itemListElement":[{"@type":"ListItem","position":1,"name":"Home","item":"https:\/\/www.ezycount.ch\/de\/"},{"@type":"ListItem","position":2,"name":"Der Schweizer Steuerrechner"}]},{"@type":"WebSite","@id":"https:\/\/www.ezycount.ch\/fr\/#website","url":"https:\/\/www.ezycount.ch\/fr\/","name":"EZYcount","description":"Simplifiez votre comptabilit\u00e9 et gagnez du temps","potentialAction":[{"@type":"SearchAction","target":{"@type":"EntryPoint","urlTemplate":"https:\/\/www.ezycount.ch\/fr\/?s={search_term_string}"},"query-input":{"@type":"PropertyValueSpecification","valueRequired":true,"valueName":"search_term_string"}}],"inLanguage":"de"}]}},"_links":{"self":[{"href":"https:\/\/www.ezycount.ch\/de\/wp-json\/wp\/v2\/pages\/8040","targetHints":{"allow":["GET"]}}],"collection":[{"href":"https:\/\/www.ezycount.ch\/de\/wp-json\/wp\/v2\/pages"}],"about":[{"href":"https:\/\/www.ezycount.ch\/de\/wp-json\/wp\/v2\/types\/page"}],"author":[{"embeddable":true,"href":"https:\/\/www.ezycount.ch\/de\/wp-json\/wp\/v2\/users\/2"}],"replies":[{"embeddable":true,"href":"https:\/\/www.ezycount.ch\/de\/wp-json\/wp\/v2\/comments?post=8040"}],"version-history":[{"count":10,"href":"https:\/\/www.ezycount.ch\/de\/wp-json\/wp\/v2\/pages\/8040\/revisions"}],"predecessor-version":[{"id":16213,"href":"https:\/\/www.ezycount.ch\/de\/wp-json\/wp\/v2\/pages\/8040\/revisions\/16213"}],"wp:attachment":[{"href":"https:\/\/www.ezycount.ch\/de\/wp-json\/wp\/v2\/media?parent=8040"}],"curies":[{"name":"wp","href":"https:\/\/api.w.org\/{rel}","templated":true}]}}