{"id":8045,"date":"2020-06-02T18:44:10","date_gmt":"2020-06-02T18:44:10","guid":{"rendered":"https:\/\/www.ezycount.ch\/?page_id=8045"},"modified":"2023-08-31T21:40:17","modified_gmt":"2023-08-31T20:40:17","slug":"nutzungsbedingungen-und-datenschutzerklaerung","status":"publish","type":"page","link":"https:\/\/www.ezycount.ch\/de\/nutzungsbedingungen-und-datenschutzerklaerung\/","title":{"rendered":"Nutzungsbedingungen und Datenschutzerkl\u00e4rung"},"content":{"rendered":"<h1>Nutzungsbedingungen und Datenschutzerkl\u00e4rung<\/h1>\n<p style=\"text-align: justify;\">superVX SA betreibt die Website https:\/\/www.ezycount.ch und die dazugeh\u00f6rigen Seiten: support.ezycount.ch und blog.ezycount.ch. Hier finden Sie die EZYcount-Bedingungen und Datenschutzrichtlinien. Dazu geh\u00f6ren Informationen \u00fcber die Erhebung, Verwendung und Weitergabe pers\u00f6nlicher Daten, wenn Sie unsere Dienste oder Websites nutzen.Durch die Nutzung der Website stimmen Sie der Sammlung und Nutzung von Informationen in \u00dcbereinstimmung mit dieser Richtlinie zu.<\/p>\n<p><strong>Letzte Aktualisierung: 31.08.2023<\/strong><\/p>\n<p>Dieses Dokument wird derzeit aufgrund der Einf\u00fchrung der neuen Schweizer Datenschutzbestimmungen \u00fcberarbeitet. Dieses Dokument wird im Laufe des Monats September mehrmals ge\u00e4ndert werden.<\/p>\n<p>Hier finden Sie die vollst\u00e4ndigen Servicebedingungen und Datenschutzrichtlinien: <a href=\"https:\/\/www.ezycount.ch\/wp-content\/uploads\/2018\/05\/Allgemeine-Gescha%CC%88ftsbedingungen-05.2018.pdf\" style=\"outline: none;\" target=\"_blank\" rel=\"noopener\"><span style=\"color: rgb(245, 168, 28);\">Allgemeine Gesch\u00e4ftsbedingungen-May.2018.pdf<\/span><\/a><\/p>\n<h2>Wichtige Informationen<\/h2>\n<h3>Datenbesitz<\/h3>\n<p>Alle in EZYcount eingegebenen Daten sind Ihr Eigentum. Sie haben das Recht, sie zu lesen, zu verwalten, zu l\u00f6schen und weiterzugeben. Wenn Sie aus irgendeinem Grund Ihre Daten l\u00f6schen m\u00f6chten, k\u00f6nnen Sie dies direkt im EZYcount Service tun, indem Sie Ihr Konto l\u00f6schen.<\/p>\n<h3>Kontaktdaten<\/h3>\n<p style=\"text-align: justify;\">Der Verantwortliche f\u00fcr die Datenverarbeitung ist:superVX AGRoute de Chevalley 431911 OvronnazSchweizDer Datenschutzbeauftragte kann unter support@ezycount.ch kontaktiert werden.<\/p>\n<h3>Anwendbares Recht<\/h3>\n<p style=\"text-align: justify;\">Die Bearbeitung der Daten von Schweizer Kunden unterliegt ausschliesslich dem Schweizer Recht, insbesondere dem Bundesgesetz \u00fcber den Datenschutz (DSG, SR 235.1) und der Verordnung zum Bundesgesetz \u00fcber den Datenschutz (SR 235.11). Die EU-Datenschutz-Grundverordnung (DSGVO) ist nicht anwendbar. Die DSGVO bleibt anwendbar, (i) wenn sie f\u00fcr bestimmte Bereiche dieser Datenschutzrichtlinie ausdr\u00fccklich vorgesehen ist und (ii) wenn ihre Anwendung f\u00fcr die Daten von Schweizer Kunden aufgrund besonderer Umst\u00e4nde zwingend erforderlich ist.<\/p>\n<h3>Daten protokollieren<\/h3>\n<p style=\"text-align: justify;\">Wir k\u00f6nnen Informationen sammeln, die Ihr Browser sendet, wenn Sie unseren Service besuchen (&#8222;Log-Daten&#8220;). Diese Protokolldaten k\u00f6nnen Informationen wie die IP-Adresse Ihres Computers, den Browsertyp, die Browserversion, die Seiten unseres Dienstes, die Sie besuchen, die Uhrzeit und das Datum Ihres Besuchs, die auf diesen Seiten verbrachte Zeit und andere Statistiken enthalten.<\/p>\n<h3>Cookies<\/h3>\n<p style=\"text-align: justify;\">Cookies sind Dateien mit kleinen Datenmengen, die eine anonyme, eindeutige Kennung enthalten k\u00f6nnen. Cookies werden von einer Website an Ihren Browser gesendet und auf Ihr Ger\u00e4t \u00fcbertragen. Wir verwenden Cookies, um Informationen zu sammeln, um unseren Service f\u00fcr Sie zu verbessern. Sie k\u00f6nnen Ihren Browser anweisen, alle Cookies abzulehnen oder anzuzeigen, wenn ein Cookie gesendet wird.<\/p>\n<h3>EZYcount \u00c4nderungen<\/h3>\n<p style=\"text-align: justify;\">Wir behalten uns das Recht vor, diese Bedingungen jederzeit zu \u00e4ndern oder zu ersetzen. Wir werden dies tun, um den Service zu verbessern und die von EZYcount verwendete Technologie weiterzuentwickeln.<\/p>\n<h3>Haftungsausschluss<\/h3>\n<p style=\"text-align: justify;\">Die Nutzung des Dienstes erfolgt auf eigene Gefahr. Der Service wird auf der Basis von &#8222;AS IS&#8220; und &#8222;AS AVAILABLE&#8220; angeboten. EZYcount garantiert nicht, dass die Website oder der Dienst ununterbrochen, sicher oder jederzeit und an jedem Ort verf\u00fcgbar funktioniert, dass Fehler erkannt werden k\u00f6nnen und dass die Website immer frei von Viren und anderen sch\u00e4dlichen Komponenten ist.Wir tun unser Bestes, um unseren Kunden den bestm\u00f6glichen Service zu bieten.<\/p>\n<h3>Sicherheit der Daten<\/h3>\n<p style=\"text-align: justify;\">Der Anbieter ergreift technische und organisatorische Sicherheitsma\u00dfnahmen in \u00dcbereinstimmung mit anerkannten Branchenstandards, um die von ihm erhobenen personenbezogenen Daten gegen unbeabsichtigte, rechtswidrige oder unbefugte Manipulation, L\u00f6schung, Ver\u00e4nderung, Zugriff, \u00dcbertragung oder Nutzung zu sch\u00fctzen und um einen teilweisen oder vollst\u00e4ndigen Verlust dieser Daten zu verhindern. Die Server des Providers befinden sich in der Schweiz und in Europa. Einige Dienste k\u00f6nnen \u00fcber Server in anderen L\u00e4ndern mit einem angemessenen Datenschutzniveau abgewickelt werden. Die Verbindung zu den Servern des Anbieters ist durch ein SSL-Verschl\u00fcsselungsprotokoll gesichert. Der Anbieter f\u00fchrt regelm\u00e4\u00dfig Sicherungen der Kundendaten durch. Die Sicherheitsma\u00dfnahmen des Anbieters werden entsprechend der technologischen Entwicklung fortlaufend aktualisiert und verst\u00e4rkt. Der Lieferant \u00fcbernimmt keine Haftung f\u00fcr den Verlust von Daten oder f\u00fcr die Einsichtnahme und Nutzung der Daten durch Dritte. Der Provider kann die Sicherheit von Daten\u00fcbertragungen \u00fcber das Internet nicht garantieren. Insbesondere die Daten\u00fcbertragung per E-Mail birgt das Risiko des Eindringens von Dritten. Der Zugang ist jedoch mit Hilfe des HTTPS-Protokolls gesch\u00fctzt.<\/p>\n<h3>Recht auf Zugang, Recht auf Berichtigung, Recht auf L\u00f6schung, Recht auf Widerspruch, Einwilligung.<\/h3>\n<p style=\"text-align: justify;\">In Bezug auf personenbezogene Daten haben die Kunden nach dem DSG und der DSGVO die folgenden Rechte. Grunds\u00e4tzlich gew\u00e4hrt der Lieferant auch Schweizer Kunden die in der DSGVO vorgesehenen Rechte. Der Lieferant beh\u00e4lt sich jedoch vor, in bestimmten Situationen eine andere Beurteilung vorzunehmen.Recht auf Auskunft (Art. 8 DSG, Art. 15 DSGVO);Recht auf Berichtigung (Art. 5 Abs. 2 DSG, Art. 16 DSGVO);Recht auf L\u00f6schung (Art. 17 DSGVO);Recht auf Einschr\u00e4nkung der Verarbeitung (Art. 18 DSGVO);Recht auf Daten\u00fcbertragbarkeit (Art. 20 DSGVO);Recht auf Widerspruch (Art. 21 DSGVO).Die oben genannten Rechte unterliegen den m\u00f6glichen Einschr\u00e4nkungen der DSGVO und der jeweiligen anwendbaren nationalen Gesetze, unabh\u00e4ngig davon, ob sie sich auf den Datenschutz beziehen oder nicht.Im Rahmen der Erbringung der vom Anbieter angebotenen Dienstleistungen wird der Kunde aufgefordert, seine Zustimmung zur Erhebung, Verarbeitung, \u00dcbermittlung und Nutzung seiner personenbezogenen Daten durch den Anbieter zu erteilen, indem er das entsprechende K\u00e4stchen ankreuzt.Der Kunde kann seine Zustimmung selbstverst\u00e4ndlich jederzeit widerrufen, ohne die Rechtm\u00e4\u00dfigkeit der Verarbeitung zu beeintr\u00e4chtigen, die auf der vor dem Widerruf der Zustimmung erfolgten Zustimmung beruht. Ein Antrag auf Widerruf kann schriftlich an die oben genannte Adresse des Anbieters oder per E-Mail an die Adresse support@ezycount.ch gerichtet werden. In diesem Fall wird der<\/p>\n<h3>Recht auf Beschwerde<\/h3>\n<p style=\"text-align: justify;\">Wenn der Kunde der Ansicht ist, dass die Verarbeitung seiner personenbezogenen Daten gegen die Bestimmungen der DSGVO verst\u00f6\u00dft, kann er gem\u00e4\u00df Art. 77 DSGVO bei einer Aufsichtsbeh\u00f6rde Beschwerde einlegen.Der Lieferant ist selbstverst\u00e4ndlich bereit, die Fragen und W\u00fcnsche des Kunden vor der Einleitung eines f\u00f6rmlichen Verfahrens zur Kenntnis zu nehmen. Der Kunde kann sich schriftlich oder per E-Mail (support@ezycount.ch) an den Lieferanten wenden.<\/p>\n","protected":false},"excerpt":{"rendered":"<p>Nutzungsbedingungen und Datenschutzerkl\u00e4rung superVX SA betreibt die Website https:\/\/www.ezycount.ch und die dazugeh\u00f6rigen Seiten: support.ezycount.ch und blog.ezycount.ch. Hier finden Sie die EZYcount-Bedingungen und Datenschutzrichtlinien. Dazu geh\u00f6ren Informationen \u00fcber die Erhebung, Verwendung und Weitergabe pers\u00f6nlicher Daten, wenn Sie unsere Dienste oder Websites nutzen.Durch die Nutzung der Website stimmen Sie der Sammlung und Nutzung von Informationen in \u00dcbereinstimmung [&hellip;]<\/p>\n","protected":false},"author":2,"featured_media":0,"parent":0,"menu_order":0,"comment_status":"closed","ping_status":"closed","template":"","meta":{"footnotes":""},"class_list":["post-8045","page","type-page","status-publish","hentry","post-wrapper","thrv_wrapper"],"yoast_head":"<!-- This site is optimized with the Yoast SEO plugin v25.3 - https:\/\/yoast.com\/wordpress\/plugins\/seo\/ -->\n<title>Nutzungsbedingungen und Datenschutzerkl\u00e4rung - EZYcount<\/title>\n<meta name=\"robots\" content=\"index, follow, max-snippet:-1, max-image-preview:large, max-video-preview:-1\" \/>\n<link rel=\"canonical\" href=\"https:\/\/www.ezycount.ch\/de\/nutzungsbedingungen-und-datenschutzerklaerung\/\" \/>\n<meta property=\"og:locale\" content=\"de_DE\" \/>\n<meta property=\"og:type\" content=\"article\" \/>\n<meta property=\"og:title\" content=\"Nutzungsbedingungen und Datenschutzerkl\u00e4rung - EZYcount\" \/>\n<meta property=\"og:description\" content=\"Nutzungsbedingungen und Datenschutzerkl\u00e4rung superVX SA betreibt die Website https:\/\/www.ezycount.ch und die dazugeh\u00f6rigen Seiten: support.ezycount.ch und blog.ezycount.ch. Hier finden Sie die EZYcount-Bedingungen und Datenschutzrichtlinien. Dazu geh\u00f6ren Informationen \u00fcber die Erhebung, Verwendung und Weitergabe pers\u00f6nlicher Daten, wenn Sie unsere Dienste oder Websites nutzen.Durch die Nutzung der Website stimmen Sie der Sammlung und Nutzung von Informationen in \u00dcbereinstimmung [&hellip;]\" \/>\n<meta property=\"og:url\" content=\"https:\/\/www.ezycount.ch\/de\/nutzungsbedingungen-und-datenschutzerklaerung\/\" \/>\n<meta property=\"og:site_name\" content=\"EZYcount\" \/>\n<meta property=\"article:modified_time\" content=\"2023-08-31T20:40:17+00:00\" \/>\n<meta name=\"twitter:card\" content=\"summary_large_image\" \/>\n<meta name=\"twitter:label1\" content=\"Gesch\u00e4tzte Lesezeit\" \/>\n\t<meta name=\"twitter:data1\" content=\"5\u00a0Minuten\" \/>\n<script type=\"application\/ld+json\" class=\"yoast-schema-graph\">{\"@context\":\"https:\/\/schema.org\",\"@graph\":[{\"@type\":\"WebPage\",\"@id\":\"https:\/\/www.ezycount.ch\/de\/nutzungsbedingungen-und-datenschutzerklaerung\/\",\"url\":\"https:\/\/www.ezycount.ch\/de\/nutzungsbedingungen-und-datenschutzerklaerung\/\",\"name\":\"Nutzungsbedingungen und Datenschutzerkl\u00e4rung - EZYcount\",\"isPartOf\":{\"@id\":\"https:\/\/www.ezycount.ch\/fr\/#website\"},\"datePublished\":\"2020-06-02T18:44:10+00:00\",\"dateModified\":\"2023-08-31T20:40:17+00:00\",\"breadcrumb\":{\"@id\":\"https:\/\/www.ezycount.ch\/de\/nutzungsbedingungen-und-datenschutzerklaerung\/#breadcrumb\"},\"inLanguage\":\"de\",\"potentialAction\":[{\"@type\":\"ReadAction\",\"target\":[\"https:\/\/www.ezycount.ch\/de\/nutzungsbedingungen-und-datenschutzerklaerung\/\"]}]},{\"@type\":\"BreadcrumbList\",\"@id\":\"https:\/\/www.ezycount.ch\/de\/nutzungsbedingungen-und-datenschutzerklaerung\/#breadcrumb\",\"itemListElement\":[{\"@type\":\"ListItem\",\"position\":1,\"name\":\"Home\",\"item\":\"https:\/\/www.ezycount.ch\/de\/\"},{\"@type\":\"ListItem\",\"position\":2,\"name\":\"Nutzungsbedingungen und Datenschutzerkl\u00e4rung\"}]},{\"@type\":\"WebSite\",\"@id\":\"https:\/\/www.ezycount.ch\/fr\/#website\",\"url\":\"https:\/\/www.ezycount.ch\/fr\/\",\"name\":\"EZYcount\",\"description\":\"Simplifiez votre comptabilit\u00e9 et gagnez du temps\",\"potentialAction\":[{\"@type\":\"SearchAction\",\"target\":{\"@type\":\"EntryPoint\",\"urlTemplate\":\"https:\/\/www.ezycount.ch\/fr\/?s={search_term_string}\"},\"query-input\":{\"@type\":\"PropertyValueSpecification\",\"valueRequired\":true,\"valueName\":\"search_term_string\"}}],\"inLanguage\":\"de\"}]}<\/script>\n<!-- \/ Yoast SEO plugin. -->","yoast_head_json":{"title":"Nutzungsbedingungen und Datenschutzerkl\u00e4rung - EZYcount","robots":{"index":"index","follow":"follow","max-snippet":"max-snippet:-1","max-image-preview":"max-image-preview:large","max-video-preview":"max-video-preview:-1"},"canonical":"https:\/\/www.ezycount.ch\/de\/nutzungsbedingungen-und-datenschutzerklaerung\/","og_locale":"de_DE","og_type":"article","og_title":"Nutzungsbedingungen und Datenschutzerkl\u00e4rung - EZYcount","og_description":"Nutzungsbedingungen und Datenschutzerkl\u00e4rung superVX SA betreibt die Website https:\/\/www.ezycount.ch und die dazugeh\u00f6rigen Seiten: support.ezycount.ch und blog.ezycount.ch. Hier finden Sie die EZYcount-Bedingungen und Datenschutzrichtlinien. Dazu geh\u00f6ren Informationen \u00fcber die Erhebung, Verwendung und Weitergabe pers\u00f6nlicher Daten, wenn Sie unsere Dienste oder Websites nutzen.Durch die Nutzung der Website stimmen Sie der Sammlung und Nutzung von Informationen in \u00dcbereinstimmung [&hellip;]","og_url":"https:\/\/www.ezycount.ch\/de\/nutzungsbedingungen-und-datenschutzerklaerung\/","og_site_name":"EZYcount","article_modified_time":"2023-08-31T20:40:17+00:00","twitter_card":"summary_large_image","twitter_misc":{"Gesch\u00e4tzte Lesezeit":"5\u00a0Minuten"},"schema":{"@context":"https:\/\/schema.org","@graph":[{"@type":"WebPage","@id":"https:\/\/www.ezycount.ch\/de\/nutzungsbedingungen-und-datenschutzerklaerung\/","url":"https:\/\/www.ezycount.ch\/de\/nutzungsbedingungen-und-datenschutzerklaerung\/","name":"Nutzungsbedingungen und Datenschutzerkl\u00e4rung - EZYcount","isPartOf":{"@id":"https:\/\/www.ezycount.ch\/fr\/#website"},"datePublished":"2020-06-02T18:44:10+00:00","dateModified":"2023-08-31T20:40:17+00:00","breadcrumb":{"@id":"https:\/\/www.ezycount.ch\/de\/nutzungsbedingungen-und-datenschutzerklaerung\/#breadcrumb"},"inLanguage":"de","potentialAction":[{"@type":"ReadAction","target":["https:\/\/www.ezycount.ch\/de\/nutzungsbedingungen-und-datenschutzerklaerung\/"]}]},{"@type":"BreadcrumbList","@id":"https:\/\/www.ezycount.ch\/de\/nutzungsbedingungen-und-datenschutzerklaerung\/#breadcrumb","itemListElement":[{"@type":"ListItem","position":1,"name":"Home","item":"https:\/\/www.ezycount.ch\/de\/"},{"@type":"ListItem","position":2,"name":"Nutzungsbedingungen und Datenschutzerkl\u00e4rung"}]},{"@type":"WebSite","@id":"https:\/\/www.ezycount.ch\/fr\/#website","url":"https:\/\/www.ezycount.ch\/fr\/","name":"EZYcount","description":"Simplifiez votre comptabilit\u00e9 et gagnez du temps","potentialAction":[{"@type":"SearchAction","target":{"@type":"EntryPoint","urlTemplate":"https:\/\/www.ezycount.ch\/fr\/?s={search_term_string}"},"query-input":{"@type":"PropertyValueSpecification","valueRequired":true,"valueName":"search_term_string"}}],"inLanguage":"de"}]}},"_links":{"self":[{"href":"https:\/\/www.ezycount.ch\/de\/wp-json\/wp\/v2\/pages\/8045","targetHints":{"allow":["GET"]}}],"collection":[{"href":"https:\/\/www.ezycount.ch\/de\/wp-json\/wp\/v2\/pages"}],"about":[{"href":"https:\/\/www.ezycount.ch\/de\/wp-json\/wp\/v2\/types\/page"}],"author":[{"embeddable":true,"href":"https:\/\/www.ezycount.ch\/de\/wp-json\/wp\/v2\/users\/2"}],"replies":[{"embeddable":true,"href":"https:\/\/www.ezycount.ch\/de\/wp-json\/wp\/v2\/comments?post=8045"}],"version-history":[{"count":1,"href":"https:\/\/www.ezycount.ch\/de\/wp-json\/wp\/v2\/pages\/8045\/revisions"}],"predecessor-version":[{"id":16410,"href":"https:\/\/www.ezycount.ch\/de\/wp-json\/wp\/v2\/pages\/8045\/revisions\/16410"}],"wp:attachment":[{"href":"https:\/\/www.ezycount.ch\/de\/wp-json\/wp\/v2\/media?parent=8045"}],"curies":[{"name":"wp","href":"https:\/\/api.w.org\/{rel}","templated":true}]}}