{"id":8178,"date":"2020-06-16T07:12:58","date_gmt":"2020-06-16T07:12:58","guid":{"rendered":"https:\/\/www.ezycount.ch\/?page_id=8178"},"modified":"2021-11-09T23:38:08","modified_gmt":"2021-11-09T22:38:08","slug":"startup-bewertungsmodell-free-excel","status":"publish","type":"page","link":"https:\/\/www.ezycount.ch\/de\/startup-bewertungsmodell-free-excel\/","title":{"rendered":"Startup-Bewertungsmodell kostenloses Excel"},"content":{"rendered":"<h1>Startup-Bewertungsmodell &#8211; Free Excel<\/h1>\n<p style=\"\">Die Bewertung eines Startups ist n\u00e4her an einer Kunst als an einer Wissenschaft. In diesem Artikel zeigen wir Ihnen, wie man ein Unternehmen bewertet und wie es f\u00fcr ein Startup passt. Zu diesem Zweck haben wir ein Startup-Bewertungsmodell erstellt, das Sie unten herunterladen k\u00f6nnen.<\/p>\n<h2 style=\"\" id=\"t-1636497158471\">Bewertung eines Unternehmens<\/h2>\n<p style=\"\">Das f\u00fcr die Bewertung eines Unternehmens allgemein verwendete Modell ist die Discounted-Cashflow-Methode, d.h. der Barwert aller zuk\u00fcnftigen Gewinne eines Unternehmens.Es klingt kompliziert, aber ich werde versuchen, es hier klar und einfach zu erkl\u00e4ren.<\/p>\n<p style=\"\"><span style=\"\">Alles beginnt damit, dass man das Denken eines Investors versteht, wenn man eine Investition t\u00e4tigt. Diese \u00dcberlegung ist sehr \u00e4hnlich, wenn er\/sie eine Aktie, ein Geb\u00e4ude oder eine Firma kauft, er\/sie stellt die Frage: &#8222;Wie viel Geld werde ich pro Jahr erhalten? F\u00fcr ein Geb\u00e4ude ist es die Summe aus den Mieten pro Monat, allen Kosten und Reparaturen\/Investitionen. F\u00fcr eine Aktie sind es die Dividenden mehr oder weniger die Schwankungen des Aktienkurses. F\u00fcr ein Unternehmen ist es vereinfacht ausgedr\u00fcckt der j\u00e4hrlich erwirtschaftete Gewinn.Es muss verstanden werden, dass ein Investor in mehrere Projekte investieren kann und deshalb erw\u00e4gt er, in ein Unternehmen zu investieren, um in ein Geb\u00e4ude oder eine andere M\u00f6glichkeit zu investieren. Also will er wissen, wie viel er verdienen wird.Die Berechnung des Unternehmenswertes erfolgt unter Ber\u00fccksichtigung der Finanzergebnisse der letzten Jahre und der Planung f\u00fcr die n\u00e4chsten 5 bis 7 Jahre. Wir addieren die Vorteile und multiplizieren sie mit einem Verh\u00e4ltnis, um zu zeigen, dass sie noch nicht da sind, aber in der Zukunft ankommen und hoffen, dass wir eine Bewertung haben.F\u00fcr ein Startup ist es leider nicht so einfach.<\/span><\/p>\n<h2 id=\"t-1636497158472\" style=\"\">Bewertung eines Start-ups<\/h2>\n<p style=\"\">Da ein Startup sehr wenig Gewinn oder gar eine Gewinngeschichte hat und das Unternehmen ein starkes Wachstum plant, funktionieren die Modelle zur Bewertung eines Unternehmens nicht.Der Investor wird daher versuchen zu berechnen, zu welchem Wert er verkaufen kann, um zu wissen, zu welchem Betrag er jetzt kaufen muss und in gro\u00dfen Mengen zu welchem Wert.Ein Investor wird so denken: Zu welchem Wert werde ich das Unternehmen in 4, 5 oder 7 Jahren verkaufen k\u00f6nnen. Er\/sie wird nach einer M\u00f6glichkeit suchen, dies zu berechnen, indem er\/sie sich mit Wachstumspl\u00e4nen besch\u00e4ftigt, aber auch, wenn \u00e4hnliche Startups k\u00fcrzlich gekauft wurden.Wenn der Investor denkt, dass er das Unternehmen f\u00fcr 50 Millionen in 5 Jahren verkaufen kann. Er dividiert diesen Betrag durch einen Risikokoeffizienten, der je nach Inbetriebnahme zwischen 60% und 90% liegen kann. Dadurch findet er nach seiner Investition den aktuellen Wert.Laden Sie die untenstehende Excel-Vorlage herunter, um sie f\u00fcr Ihren Start selbst auszuprobieren!<\/p>\n<h2 id=\"t-1636497158473\" style=\"\">Verbessern Sie die Valorisierung Ihres Start-ups.<\/h2>\n<p style=\"\">Um den Wert Ihres Start-ups zu verbessern, m\u00fcssen Sie das Risiko eines Projektversagens reduzieren. Hier ist eine nicht abschlie\u00dfende Liste:<\/p>\n<p><strong>Meist gesehene Inhalte:<\/strong><\/p>\n<p style=\"\">\n<p>    __CONFIG_colors_palette__{&#8222;active_palette&#8220;:0,&#8220;config&#8220;:{&#8222;colors&#8220;:{&#8222;9bd08&#8220;:{&#8222;name&#8220;:&#8220;Main Accent&#8220;,&#8220;parent&#8220;:-1}},&#8220;gradients&#8220;:[]},&#8220;palettes&#8220;:[{&#8222;name&#8220;:&#8220;Default Palette&#8220;,&#8220;value&#8220;:{&#8222;colors&#8220;:{&#8222;9bd08&#8220;:{&#8222;val&#8220;:&#8220;rgb(245, 168, 28)&#8220;}},&#8220;gradients&#8220;:[]},&#8220;original&#8220;:{&#8222;colors&#8220;:{&#8222;9bd08&#8220;:{&#8222;val&#8220;:&#8220;rgb(19, 114, 211)&#8220;,&#8220;hsl&#8220;:{&#8222;h&#8220;:210,&#8220;s&#8220;:0.83,&#8220;l&#8220;:0.45}}},&#8220;gradients&#8220;:[]}}]}__CONFIG_colors_palette__ <a href=\"https:\/\/www.ezycount.ch\/de\/\" style=\"\" target=\"_blank\" rel=\"noopener\"><span>        <\/span> <span><span style=\"\">Buchhaltung<\/span><span><\/span><\/span> <\/a> <\/p>\n<p style=\"\">Eine einfach zu bedienende, sichere Online-Buchhaltungs- und Rechnungsplattform f\u00fcr KMUs und Selbstst\u00e4ndige.<\/p>\n<p>      __CONFIG_colors_palette__{&#8222;active_palette&#8220;:0,&#8220;config&#8220;:{&#8222;colors&#8220;:{&#8222;9bd08&#8220;:{&#8222;name&#8220;:&#8220;Main Accent&#8220;,&#8220;parent&#8220;:-1}},&#8220;gradients&#8220;:[]},&#8220;palettes&#8220;:[{&#8222;name&#8220;:&#8220;Default Palette&#8220;,&#8220;value&#8220;:{&#8222;colors&#8220;:{&#8222;9bd08&#8220;:{&#8222;val&#8220;:&#8220;hsla(var(&#8211;tcb-main-master-h, 210), var(&#8211;tcb-main-master-s, 77%), var(&#8211;tcb-main-master-l, 54%), 1)&#8220;}},&#8220;gradients&#8220;:[]},&#8220;original&#8220;:{&#8222;colors&#8220;:{&#8222;9bd08&#8220;:{&#8222;val&#8220;:&#8220;rgb(19, 114, 211)&#8220;,&#8220;hsl&#8220;:{&#8222;h&#8220;:210,&#8220;s&#8220;:0.83,&#8220;l&#8220;:0.45}}},&#8220;gradients&#8220;:[]}}]}__CONFIG_colors_palette__ <a href=\"https:\/\/www.ezycount.ch\/de\/wie-konnen-sie-ihr-buro-einfach-organisieren\/\" style=\"\"><span>        <\/span> <span><span style=\"\">Wie k\u00f6nnen Sie Ihr B\u00fcro organisieren?<\/span><span><\/span><\/span> <\/a> <\/p>\n<p style=\"\">Es braucht keine schwierige L\u00f6sung, nur die richtige. Ein kurzes Video und 8 schnelle Schritte, um Ihr B\u00fcro einfach aufzur\u00e4umen und zu organisieren.<\/p>\n<p>      __CONFIG_colors_palette__{&#8222;active_palette&#8220;:0,&#8220;config&#8220;:{&#8222;colors&#8220;:{&#8222;9bd08&#8220;:{&#8222;name&#8220;:&#8220;Main Accent&#8220;,&#8220;parent&#8220;:-1}},&#8220;gradients&#8220;:[]},&#8220;palettes&#8220;:[{&#8222;name&#8220;:&#8220;Default Palette&#8220;,&#8220;value&#8220;:{&#8222;colors&#8220;:{&#8222;9bd08&#8220;:{&#8222;val&#8220;:&#8220;hsla(var(&#8211;tcb-main-master-h, 210), var(&#8211;tcb-main-master-s, 77%), var(&#8211;tcb-main-master-l, 54%), 1)&#8220;}},&#8220;gradients&#8220;:[]},&#8220;original&#8220;:{&#8222;colors&#8220;:{&#8222;9bd08&#8220;:{&#8222;val&#8220;:&#8220;rgb(19, 114, 211)&#8220;,&#8220;hsl&#8220;:{&#8222;h&#8220;:210,&#8220;s&#8220;:0.83,&#8220;l&#8220;:0.45}}},&#8220;gradients&#8220;:[]}}]}__CONFIG_colors_palette__ <a href=\"https:\/\/www.ezycount.ch\/de\/wie-erstellt-man-gesetzliche-schweizer-rechnungen\/\" style=\"\" target=\"_blank\" rel=\"noopener\"><span>        <\/span> <span><span style=\"\">Rechnungsstellung<\/span><span><\/span><\/span> <\/a> <\/p>\n<p style=\"\">Alle notwendigen Informationen wie gesetzliche Vorgaben und n\u00fctzliche Tipps zur Erstellung von Schweizer Standardrechnungen<\/p>\n<p>      __CONFIG_colors_palette__{&#8222;active_palette&#8220;:0,&#8220;config&#8220;:{&#8222;colors&#8220;:{&#8222;9bd08&#8220;:{&#8222;name&#8220;:&#8220;Main Accent&#8220;,&#8220;parent&#8220;:-1}},&#8220;gradients&#8220;:[]},&#8220;palettes&#8220;:[{&#8222;name&#8220;:&#8220;Default Palette&#8220;,&#8220;value&#8220;:{&#8222;colors&#8220;:{&#8222;9bd08&#8220;:{&#8222;val&#8220;:&#8220;hsla(var(&#8211;tcb-main-master-h, 210), var(&#8211;tcb-main-master-s, 77%), var(&#8211;tcb-main-master-l, 54%), 1)&#8220;}},&#8220;gradients&#8220;:[]},&#8220;original&#8220;:{&#8222;colors&#8220;:{&#8222;9bd08&#8220;:{&#8222;val&#8220;:&#8220;rgb(19, 114, 211)&#8220;,&#8220;hsl&#8220;:{&#8222;h&#8220;:210,&#8220;s&#8220;:0.83,&#8220;l&#8220;:0.45}}},&#8220;gradients&#8220;:[]}}]}__CONFIG_colors_palette__ <a href=\"https:\/\/www.ezycount.ch\/de\/startup-bewertungsmodell-free-excel\/\" style=\"\" target=\"_blank\" rel=\"noopener\"><span>        <\/span> <span><span style=\"\">Startup-Bewertung&nbsp;<\/span><span><\/span><\/span> <\/a> <\/p>\n<p style=\"\">Kennen Sie den Barwert aller zuk\u00fcnftigen Gewinne Ihres Unternehmens? Laden Sie das perfekte Startup-Bewertungsmodell kostenlos herunter.<\/p>\n<p>  __CONFIG_group_edit__{&#8222;kbjp1vpj&#8220;:{&#8222;name&#8220;:&#8220;All Logo(s)&#8220;,&#8220;singular&#8220;:&#8220;&#8211; Logo %s&#8220;},&#8220;kbjp1xfn&#8220;:{&#8222;name&#8220;:&#8220;All Title(s)&#8220;,&#8220;singular&#8220;:&#8220;&#8211; Text %s&#8220;},&#8220;kbjp22kc&#8220;:{&#8222;name&#8220;:&#8220;All Paragraph(s)&#8220;,&#8220;singular&#8220;:&#8220;&#8211; Text %s&#8220;},&#8220;kbjp2ag5&#8243;:{&#8222;name&#8220;:&#8220;All Read Review Button(s)&#8220;,&#8220;singular&#8220;:&#8220;&#8211; Button %s&#8220;},&#8220;kbjp3xj6&#8243;:{&#8222;name&#8220;:&#8220;All Visit Website Button(s)&#8220;,&#8220;singular&#8220;:&#8220;&#8211; Button %s&#8220;},&#8220;kbjp44dp&#8220;:{&#8222;name&#8220;:&#8220;All Buttons Column(s)&#8220;,&#8220;singular&#8220;:&#8220;&#8211; Column %s&#8220;},&#8220;kbjp4d43&#8243;:{&#8222;name&#8220;:&#8220;All Text Column(s)&#8220;,&#8220;singular&#8220;:&#8220;&#8211; Column %s&#8220;},&#8220;kbjp4k9i&#8220;:{&#8222;name&#8220;:&#8220;All Content Box(s)&#8220;,&#8220;singular&#8220;:&#8220;&#8211; Content Box %s&#8220;},&#8220;kbjp4mck&#8220;:{&#8222;name&#8220;:&#8220;All Content Box(s)&#8220;,&#8220;singular&#8220;:&#8220;&#8211; Content Box %s&#8220;}}__CONFIG_group_edit____CONFIG_local_colors__{&#8222;colors&#8220;:{},&#8220;gradients&#8220;:{}}__CONFIG_local_colors____CONFIG_colors_palette__{&#8222;active_palette&#8220;:0,&#8220;config&#8220;:{&#8222;colors&#8220;:{&#8222;55242&#8220;:{&#8222;name&#8220;:&#8220;Accent Lighter&#8220;,&#8220;parent&#8220;:&#8220;3c75f&#8220;,&#8220;lock&#8220;:{&#8222;saturation&#8220;:0,&#8220;lightness&#8220;:1}},&#8220;3c75f&#8220;:{&#8222;name&#8220;:&#8220;Main Accent&#8220;,&#8220;parent&#8220;:-1},&#8220;965f3&#8243;:{&#8222;name&#8220;:&#8220;Accent Transparent&#8220;,&#8220;parent&#8220;:&#8220;3c75f&#8220;}},&#8220;gradients&#8220;:[]},&#8220;palettes&#8220;:[{&#8222;name&#8220;:&#8220;Default&#8220;,&#8220;value&#8220;:{&#8222;colors&#8220;:{&#8222;55242&#8220;:{&#8222;val&#8220;:&#8220;rgb(198, 199, 199)&#8220;,&#8220;hsl_parent_dependency&#8220;:{&#8222;h&#8220;:144,&#8220;l&#8220;:0.78,&#8220;s&#8220;:-0.01}},&#8220;3c75f&#8220;:{&#8222;val&#8220;:&#8220;var(&#8211;tcb-skin-color-0)&#8220;},&#8220;965f3&#8243;:{&#8222;val&#8220;:&#8220;rgba(245, 165, 25, 0.47)&#8220;,&#8220;hsl_parent_dependency&#8220;:{&#8222;h&#8220;:38,&#8220;l&#8220;:0.53,&#8220;s&#8220;:0.92}}},&#8220;gradients&#8220;:[]},&#8220;original&#8220;:{&#8222;colors&#8220;:{&#8222;55242&#8220;:{&#8222;val&#8220;:&#8220;rgb(201, 201, 201)&#8220;,&#8220;hsl_parent_dependency&#8220;:{&#8222;h&#8220;:0,&#8220;s&#8220;:0,&#8220;l&#8220;:0.78}},&#8220;3c75f&#8220;:{&#8222;val&#8220;:&#8220;rgb(102, 57, 248)&#8220;,&#8220;hsl&#8220;:{&#8222;h&#8220;:254,&#8220;s&#8220;:0.93,&#8220;l&#8220;:0.59}},&#8220;965f3&#8243;:{&#8222;val&#8220;:&#8220;rgba(102, 57, 248, 0.47)&#8220;,&#8220;hsl_parent_dependency&#8220;:{&#8222;h&#8220;:254,&#8220;s&#8220;:0.93,&#8220;l&#8220;:0.59}}},&#8220;gradients&#8220;:[]}}]}__CONFIG_colors_palette__  <span><img decoding=\"async\" alt=\"Retrouver le plaisir de faire votre comptabilit\u00e9 avec EZYcount\" data-id=\"11313\" width=\"282\" data-init-width=\"600\" height=\"188\" data-init-height=\"400\" title=\"retrouver le plaisir de faire votre comptabilit\u00e9 avec EZYcount\" loading=\"lazy\" src=\"https:\/\/www.ezycount.ch\/wp-content\/uploads\/2021\/04\/retrouver-le-plaisir-de-faire-votre-comptabilite-avec-EZYcount.jpg\" data-width=\"282\" data-height=\"188\"><\/span><\/p>\n<h6 id=\"t-1603173024694\" style=\"\">Sind Sie auf der Suche nach einer einfachen Schweizer Buchhaltungsl\u00f6sung?<\/h6>\n<h6 id=\"t-1617366489036\" style=\"\">EZYcount ist f\u00fcr Sie.<\/h6>\n<p> <a href=\"https:\/\/app.ezycount.ch\/change-language\/de\/0?referer=https:\/\/app.ezycount.ch\/register\" style=\"\" target=\"_blank\" rel=\"noopener\"><span style=\"\">    <\/span> <span style=\"\"><span style=\"\">Jetzt probieren<\/span><\/span> <\/a>  <\/p>\n<ul>\n<li style=\"\"><span style=\"\">Haben Sie ein professionelles, pluralistisches und effizientes Team.<\/span><\/li>\n<li style=\"\"><span style=\"\">Zeigen Sie Traktion in Form von mehr Umsatz, mehr Website-Verkehr, mehr Presseauftritten oder dem Erreichen wichtiger Meilensteine wie der Entwicklung eines Produkts, der Zertifizierung oder der Patentanmeldung.<\/span><\/li>\n<li style=\"\"><span style=\"\">Professionelle und klare Dokumentation verwenden<\/span><\/li>\n<li style=\"\"><span style=\"\">Beweisen Sie Professionalit\u00e4t in Ihrer Verwaltung. Zu diesem Zweck kann EZYcount Ihnen helfen, professionelle Rechnungen und Buchhaltung in Ordnung und gepflegt darzustellen. M\u00f6chten Sie einen Blick darauf werfen: <a href=\"https:\/\/app.ezycount.ch\/register\" style=\"outline: none;\" target=\"_blank\" rel=\"noopener\"><span style=\"\"><u>EZYcount<\/u><\/span><\/a><\/span><\/li>\n<\/ul>\n","protected":false},"excerpt":{"rendered":"<p>Startup-Bewertungsmodell &#8211; Free Excel Die Bewertung eines Startups ist n\u00e4her an einer Kunst als an einer Wissenschaft. In diesem Artikel zeigen wir Ihnen, wie man ein Unternehmen bewertet und wie es f\u00fcr ein Startup passt. Zu diesem Zweck haben wir ein Startup-Bewertungsmodell erstellt, das Sie unten herunterladen k\u00f6nnen. Bewertung eines Unternehmens Das f\u00fcr die Bewertung [&hellip;]<\/p>\n","protected":false},"author":2,"featured_media":0,"parent":0,"menu_order":0,"comment_status":"closed","ping_status":"closed","template":"","meta":{"footnotes":""},"class_list":["post-8178","page","type-page","status-publish","hentry","post-wrapper","thrv_wrapper"],"yoast_head":"<!-- This site is optimized with the Yoast SEO plugin v25.3 - https:\/\/yoast.com\/wordpress\/plugins\/seo\/ -->\n<title>Startup-Bewertungsmodell kostenloses Excel - EZYcount<\/title>\n<meta name=\"description\" content=\"Kennen Sie den Barwert aller zuk\u00fcnftigen Gewinne Ihres Unternehmens? Laden Sie das perfekte Startup-Bewertungsmodell kostenlos herunter.\" \/>\n<meta name=\"robots\" content=\"index, follow, max-snippet:-1, max-image-preview:large, max-video-preview:-1\" \/>\n<link rel=\"canonical\" href=\"https:\/\/www.ezycount.ch\/de\/startup-bewertungsmodell-free-excel\/\" \/>\n<meta property=\"og:locale\" content=\"de_DE\" \/>\n<meta property=\"og:type\" content=\"article\" \/>\n<meta property=\"og:title\" content=\"Startup-Bewertungsmodell kostenloses Excel - EZYcount\" \/>\n<meta property=\"og:description\" content=\"Kennen Sie den Barwert aller zuk\u00fcnftigen Gewinne Ihres Unternehmens? Laden Sie das perfekte Startup-Bewertungsmodell kostenlos herunter.\" \/>\n<meta property=\"og:url\" content=\"https:\/\/www.ezycount.ch\/de\/startup-bewertungsmodell-free-excel\/\" \/>\n<meta property=\"og:site_name\" content=\"EZYcount\" \/>\n<meta property=\"article:modified_time\" content=\"2021-11-09T22:38:08+00:00\" \/>\n<meta property=\"og:image\" content=\"https:\/\/www.ezycount.ch\/wp-content\/uploads\/2021\/04\/retrouver-le-plaisir-de-faire-votre-comptabilite-avec-EZYcount.jpg\" \/>\n<meta name=\"twitter:card\" content=\"summary_large_image\" \/>\n<meta name=\"twitter:label1\" content=\"Gesch\u00e4tzte Lesezeit\" \/>\n\t<meta name=\"twitter:data1\" content=\"4\u00a0Minuten\" \/>\n<script type=\"application\/ld+json\" class=\"yoast-schema-graph\">{\"@context\":\"https:\/\/schema.org\",\"@graph\":[{\"@type\":\"WebPage\",\"@id\":\"https:\/\/www.ezycount.ch\/de\/startup-bewertungsmodell-free-excel\/\",\"url\":\"https:\/\/www.ezycount.ch\/de\/startup-bewertungsmodell-free-excel\/\",\"name\":\"Startup-Bewertungsmodell kostenloses Excel - EZYcount\",\"isPartOf\":{\"@id\":\"https:\/\/www.ezycount.ch\/fr\/#website\"},\"primaryImageOfPage\":{\"@id\":\"https:\/\/www.ezycount.ch\/de\/startup-bewertungsmodell-free-excel\/#primaryimage\"},\"image\":{\"@id\":\"https:\/\/www.ezycount.ch\/de\/startup-bewertungsmodell-free-excel\/#primaryimage\"},\"thumbnailUrl\":\"https:\/\/www.ezycount.ch\/wp-content\/uploads\/2021\/04\/retrouver-le-plaisir-de-faire-votre-comptabilite-avec-EZYcount.jpg\",\"datePublished\":\"2020-06-16T07:12:58+00:00\",\"dateModified\":\"2021-11-09T22:38:08+00:00\",\"description\":\"Kennen Sie den Barwert aller zuk\u00fcnftigen Gewinne Ihres Unternehmens? Laden Sie das perfekte Startup-Bewertungsmodell kostenlos herunter.\",\"breadcrumb\":{\"@id\":\"https:\/\/www.ezycount.ch\/de\/startup-bewertungsmodell-free-excel\/#breadcrumb\"},\"inLanguage\":\"de\",\"potentialAction\":[{\"@type\":\"ReadAction\",\"target\":[\"https:\/\/www.ezycount.ch\/de\/startup-bewertungsmodell-free-excel\/\"]}]},{\"@type\":\"ImageObject\",\"inLanguage\":\"de\",\"@id\":\"https:\/\/www.ezycount.ch\/de\/startup-bewertungsmodell-free-excel\/#primaryimage\",\"url\":\"https:\/\/www.ezycount.ch\/wp-content\/uploads\/2021\/04\/retrouver-le-plaisir-de-faire-votre-comptabilite-avec-EZYcount.jpg\",\"contentUrl\":\"https:\/\/www.ezycount.ch\/wp-content\/uploads\/2021\/04\/retrouver-le-plaisir-de-faire-votre-comptabilite-avec-EZYcount.jpg\"},{\"@type\":\"BreadcrumbList\",\"@id\":\"https:\/\/www.ezycount.ch\/de\/startup-bewertungsmodell-free-excel\/#breadcrumb\",\"itemListElement\":[{\"@type\":\"ListItem\",\"position\":1,\"name\":\"Home\",\"item\":\"https:\/\/www.ezycount.ch\/de\/\"},{\"@type\":\"ListItem\",\"position\":2,\"name\":\"Startup-Bewertungsmodell kostenloses Excel\"}]},{\"@type\":\"WebSite\",\"@id\":\"https:\/\/www.ezycount.ch\/fr\/#website\",\"url\":\"https:\/\/www.ezycount.ch\/fr\/\",\"name\":\"EZYcount\",\"description\":\"Simplifiez votre comptabilit\u00e9 et gagnez du temps\",\"potentialAction\":[{\"@type\":\"SearchAction\",\"target\":{\"@type\":\"EntryPoint\",\"urlTemplate\":\"https:\/\/www.ezycount.ch\/fr\/?s={search_term_string}\"},\"query-input\":{\"@type\":\"PropertyValueSpecification\",\"valueRequired\":true,\"valueName\":\"search_term_string\"}}],\"inLanguage\":\"de\"}]}<\/script>\n<!-- \/ Yoast SEO plugin. -->","yoast_head_json":{"title":"Startup-Bewertungsmodell kostenloses Excel - EZYcount","description":"Kennen Sie den Barwert aller zuk\u00fcnftigen Gewinne Ihres Unternehmens? Laden Sie das perfekte Startup-Bewertungsmodell kostenlos herunter.","robots":{"index":"index","follow":"follow","max-snippet":"max-snippet:-1","max-image-preview":"max-image-preview:large","max-video-preview":"max-video-preview:-1"},"canonical":"https:\/\/www.ezycount.ch\/de\/startup-bewertungsmodell-free-excel\/","og_locale":"de_DE","og_type":"article","og_title":"Startup-Bewertungsmodell kostenloses Excel - EZYcount","og_description":"Kennen Sie den Barwert aller zuk\u00fcnftigen Gewinne Ihres Unternehmens? Laden Sie das perfekte Startup-Bewertungsmodell kostenlos herunter.","og_url":"https:\/\/www.ezycount.ch\/de\/startup-bewertungsmodell-free-excel\/","og_site_name":"EZYcount","article_modified_time":"2021-11-09T22:38:08+00:00","og_image":[{"url":"https:\/\/www.ezycount.ch\/wp-content\/uploads\/2021\/04\/retrouver-le-plaisir-de-faire-votre-comptabilite-avec-EZYcount.jpg","type":"","width":"","height":""}],"twitter_card":"summary_large_image","twitter_misc":{"Gesch\u00e4tzte Lesezeit":"4\u00a0Minuten"},"schema":{"@context":"https:\/\/schema.org","@graph":[{"@type":"WebPage","@id":"https:\/\/www.ezycount.ch\/de\/startup-bewertungsmodell-free-excel\/","url":"https:\/\/www.ezycount.ch\/de\/startup-bewertungsmodell-free-excel\/","name":"Startup-Bewertungsmodell kostenloses Excel - EZYcount","isPartOf":{"@id":"https:\/\/www.ezycount.ch\/fr\/#website"},"primaryImageOfPage":{"@id":"https:\/\/www.ezycount.ch\/de\/startup-bewertungsmodell-free-excel\/#primaryimage"},"image":{"@id":"https:\/\/www.ezycount.ch\/de\/startup-bewertungsmodell-free-excel\/#primaryimage"},"thumbnailUrl":"https:\/\/www.ezycount.ch\/wp-content\/uploads\/2021\/04\/retrouver-le-plaisir-de-faire-votre-comptabilite-avec-EZYcount.jpg","datePublished":"2020-06-16T07:12:58+00:00","dateModified":"2021-11-09T22:38:08+00:00","description":"Kennen Sie den Barwert aller zuk\u00fcnftigen Gewinne Ihres Unternehmens? Laden Sie das perfekte Startup-Bewertungsmodell kostenlos herunter.","breadcrumb":{"@id":"https:\/\/www.ezycount.ch\/de\/startup-bewertungsmodell-free-excel\/#breadcrumb"},"inLanguage":"de","potentialAction":[{"@type":"ReadAction","target":["https:\/\/www.ezycount.ch\/de\/startup-bewertungsmodell-free-excel\/"]}]},{"@type":"ImageObject","inLanguage":"de","@id":"https:\/\/www.ezycount.ch\/de\/startup-bewertungsmodell-free-excel\/#primaryimage","url":"https:\/\/www.ezycount.ch\/wp-content\/uploads\/2021\/04\/retrouver-le-plaisir-de-faire-votre-comptabilite-avec-EZYcount.jpg","contentUrl":"https:\/\/www.ezycount.ch\/wp-content\/uploads\/2021\/04\/retrouver-le-plaisir-de-faire-votre-comptabilite-avec-EZYcount.jpg"},{"@type":"BreadcrumbList","@id":"https:\/\/www.ezycount.ch\/de\/startup-bewertungsmodell-free-excel\/#breadcrumb","itemListElement":[{"@type":"ListItem","position":1,"name":"Home","item":"https:\/\/www.ezycount.ch\/de\/"},{"@type":"ListItem","position":2,"name":"Startup-Bewertungsmodell kostenloses Excel"}]},{"@type":"WebSite","@id":"https:\/\/www.ezycount.ch\/fr\/#website","url":"https:\/\/www.ezycount.ch\/fr\/","name":"EZYcount","description":"Simplifiez votre comptabilit\u00e9 et gagnez du temps","potentialAction":[{"@type":"SearchAction","target":{"@type":"EntryPoint","urlTemplate":"https:\/\/www.ezycount.ch\/fr\/?s={search_term_string}"},"query-input":{"@type":"PropertyValueSpecification","valueRequired":true,"valueName":"search_term_string"}}],"inLanguage":"de"}]}},"_links":{"self":[{"href":"https:\/\/www.ezycount.ch\/de\/wp-json\/wp\/v2\/pages\/8178","targetHints":{"allow":["GET"]}}],"collection":[{"href":"https:\/\/www.ezycount.ch\/de\/wp-json\/wp\/v2\/pages"}],"about":[{"href":"https:\/\/www.ezycount.ch\/de\/wp-json\/wp\/v2\/types\/page"}],"author":[{"embeddable":true,"href":"https:\/\/www.ezycount.ch\/de\/wp-json\/wp\/v2\/users\/2"}],"replies":[{"embeddable":true,"href":"https:\/\/www.ezycount.ch\/de\/wp-json\/wp\/v2\/comments?post=8178"}],"version-history":[{"count":15,"href":"https:\/\/www.ezycount.ch\/de\/wp-json\/wp\/v2\/pages\/8178\/revisions"}],"predecessor-version":[{"id":16067,"href":"https:\/\/www.ezycount.ch\/de\/wp-json\/wp\/v2\/pages\/8178\/revisions\/16067"}],"wp:attachment":[{"href":"https:\/\/www.ezycount.ch\/de\/wp-json\/wp\/v2\/media?parent=8178"}],"curies":[{"name":"wp","href":"https:\/\/api.w.org\/{rel}","templated":true}]}}