{"id":8194,"date":"2020-06-16T07:53:39","date_gmt":"2020-06-16T07:53:39","guid":{"rendered":"https:\/\/www.ezycount.ch\/?page_id=8194"},"modified":"2025-11-07T17:04:18","modified_gmt":"2025-11-07T16:04:18","slug":"buchhaltung-automatisieren","status":"publish","type":"page","link":"https:\/\/www.ezycount.ch\/de\/","title":{"rendered":"Buchhaltung vereinfachen und Zeit sparen"},"content":{"rendered":"<p style=\"text-align: center;\">EZYcount wird ab dem Jahr 2026 durch YESbusiness ersetzt. Jetzt los: <a href=\"https:\/\/www.yesbusiness.ch\/de\/\" style=\"outline: none;\">https:\/\/www.yesbusiness.ch\/de\/<\/a><\/p>\n<h1 style=\"\">Buchhaltung vereinfachen und Zeit sparen<\/h1>\n<p><strong>EZYcount <\/strong>ist eine einfach zu bedienende, sichere Online-Buchhaltungs- und Rechnungsplattform f\u00fcr KMUs und Selbstst\u00e4ndige. Dank EZYcount wird die Abwicklung der administrativen Aufgaben zum Kinderspiel.<strong>In weniger als 14 Tagen helfen wir Ihnen, zu EZYcount zu wechseln, egal ob Sie Ihr Unternehmen gr\u00fcnden oder nicht.<\/strong><\/p>\n<h2 style=\"\">EZYcount ist &#8230;<\/h2>\n<p><span style=\"width: 100%;\"><img decoding=\"async\" alt=\"Simple accounting\" title=\"simple\" data-id=\"6597\" src=\"https:\/\/www.ezycount.ch\/wp-content\/uploads\/2018\/02\/simple.png\" width=\"93\" height=\"93\" style=\"aspect-ratio: auto 177 \/ 177;\" data-width=\"93\" data-height=\"93\" data-init-width=\"177\" data-init-height=\"177\" loading=\"lazy\"><\/span><\/p>\n<h3 style=\"text-align: center;\">SO EINFACHwie noch nie<\/h3>\n<p style=\"text-align: center;\">Man muss kein Experte sein, um die Vorteile zu geniessen. Das benutzerfreundliche Interface und die automatisierten Prozesse erm\u00f6glichen eine intuitive Bedienung. Also keine Ausreden mehr, lass uns beginnen !<\/p>\n<p><span style=\"width: 100%;\"><img decoding=\"async\" alt=\"Solution to use wherever you are\" title=\"ou&amp;amp;quand\" data-id=\"6599\" src=\"https:\/\/www.ezycount.ch\/wp-content\/uploads\/2018\/02\/ouquand.png\" width=\"93\" height=\"93\" style=\"aspect-ratio: auto 177 \/ 177;\" data-width=\"93\" data-height=\"93\" data-init-width=\"177\" data-init-height=\"177\" loading=\"lazy\"><\/span><\/p>\n<h3 style=\"text-align: center;\">WANN UNDwo Sie wollen&nbsp;<\/h3>\n<p style=\"text-align: center;\">Alles was Sie brauchen ist eine Internetverbindung, um wann immer Sie wollen Ihre Rechnungen zu erstellen und Ihre Buchhaltung zu verwalten. Ihre Buchungen werden in einer unver\u00e4nderlichen Schweizer Datenbank gespeichert, die absolut sicher ist. Datenverluste sind ausgeschlossen und es sind keine st\u00e4ndigen Updates notwendig !<\/p>\n<p><span style=\"width: 100%;\"><img loading=\"lazy\" decoding=\"async\" alt=\"\" title=\"vivien\" data-id=\"6314\" src=\"https:\/\/www.ezycount.ch\/wp-content\/uploads\/2020\/03\/vivien.png\" width=\"93\" height=\"89\" style=\"aspect-ratio: auto 90 \/ 86;\" data-width=\"93\" data-height=\"89\" data-init-width=\"90\" data-init-height=\"86\"><\/span><\/p>\n<h3 style=\"text-align: center;\">VIVIEN,zu Diensten !<\/h3>\n<p style=\"text-align: center;\">Sein Ziel ist es, Ihnen als Berater zur Seite zu stehen und Ihre Zweifel bez\u00fcglich der technischen und buchhalterischen Aspekte der Plattform auszur\u00e4umen.Nehmen sie unseren professionellen und effektiven Service in Anspruch.Sie werden sich mit Ihrer Buchhaltung nie wieder alleingelassen f\u00fchlen.<\/p>\n<h2><span style=\"color: rgb(245, 168, 28);\">Funktionalit\u00e4ten um einen Gangh\u00f6her zu schalten<\/span><\/h2>\n<h3>Automatischer Import aller Bankgesch\u00e4fte<\/h3>\n<p>Verkn\u00fcpfen Sie Ihr Bankkonto mit Ihrer Buchhaltung, sodass alle Ihre Bankgesch\u00e4fte automatisch in EZYcount erfasst werden. Kein manuelles Kopieren von Daten und vor allem keine Eingabefehler mehr.<\/p>\n<h3><span data-sheets-userformat=\"{&quot;2&quot;:769,&quot;3&quot;:[null,0],&quot;11&quot;:4,&quot;12&quot;:0}\" data-sheets-value=\"{&quot;1&quot;:2,&quot;2&quot;:&quot;Einfache und selbsterkl\u00e4rende Formulierung&quot;}\">Einfache und selbsterkl\u00e4rende Formulierung<\/span><\/h3>\n<p>Anstelle von Soll und Haben, sprechen wir von Einnahmen und Ausgaben. So sind Sie in der Lage, EZYcount schnell zu beherrschen. Brauchen Sie ein weiteres Beispiel? Bei EZYcount sind die Buchungen farbig markiert. Durch die Unterscheidung in Gr\u00fcn und Rot l\u00e4sst sich leicht herausfinden, welche Buchung ein Eingang bzw. Ausgang ist.<\/p>\n<h3>Professionelle Ausz\u00fcge<\/h3>\n<p>Erstellen Sie die notwendigen Berichte f\u00fcr Ihre Steuer-, Banken- und anderen juristischen Personen. Dank EZYcount sind die Berichte \u00fcbersichtlich, professionell und folgen der von Finanzexperten vorgegebenen Struktur. Schaffen Sie mit EZYcount ein professionelles Erscheinungsbild Ihrer T\u00e4tigkeit.<\/p>\n<h3>Zusammenarbeit<\/h3>\n<p>Arbeiten Sie online und direkt mit Ihrem Treuh\u00e4nder zusammen. Verabschieden Sie sich von der Versendung von Buchhaltungs- und anderen sensiblen Informationen \u00fcber unsichere Medien wie E-Mails und USB-Sticks.<\/p>\n<h2 style=\"text-align: left;\">EZYcount wird bereitsin vielen Bereichen eingesetzt<\/h2>\n<p><span><img loading=\"lazy\" decoding=\"async\" alt=\"\" title=\"Services-1\" data-id=\"6316\" src=\"https:\/\/www.ezycount.ch\/wp-content\/uploads\/2020\/03\/Services-1.png\" width=\"90\" height=\"90\" style=\"\"><\/span><\/p>\n<p>Services<\/p>\n<p><span><img loading=\"lazy\" decoding=\"async\" alt=\"\" title=\"Hospitality-1\" data-id=\"6317\" src=\"https:\/\/www.ezycount.ch\/wp-content\/uploads\/2020\/03\/Hospitality-1.png\" width=\"90\" height=\"90\"><\/span><\/p>\n<p>Gastronomie<\/p>\n<p><span><img loading=\"lazy\" decoding=\"async\" alt=\"\" title=\"Shops-1\" data-id=\"6318\" src=\"https:\/\/www.ezycount.ch\/wp-content\/uploads\/2020\/03\/Shops-1.png\" width=\"90\" height=\"90\"><\/span><\/p>\n<p>Einzelhandel<\/p>\n<p><span><img loading=\"lazy\" decoding=\"async\" alt=\"\" title=\"Realestate-1\" data-id=\"6319\" src=\"https:\/\/www.ezycount.ch\/wp-content\/uploads\/2020\/03\/Realestate-1.png\" width=\"90\" height=\"91\"><\/span><\/p>\n<p>Baugewerbe<\/p>\n<p><span><img loading=\"lazy\" decoding=\"async\" alt=\"\" title=\"Association1-1\" data-id=\"6320\" src=\"https:\/\/www.ezycount.ch\/wp-content\/uploads\/2020\/03\/Association1-1.png\" width=\"90\" height=\"90\" style=\"\"><\/span><\/p>\n<p>Gesellschaft<\/p>\n<p><span><img loading=\"lazy\" decoding=\"async\" alt=\"\" title=\"Startup-1\" data-id=\"6321\" src=\"https:\/\/www.ezycount.ch\/wp-content\/uploads\/2020\/03\/Startup-1.png\" width=\"90\" height=\"90\"><\/span><\/p>\n<p>Start-up<\/p>\n<h2>Kundenzufriedenheit istunsere Motivation besser zu werden<\/h2>\n<p><span style=\"width: 100%;\"><img loading=\"lazy\" decoding=\"async\" alt=\"\" title=\"Elodie_Sciboz2-1\" data-id=\"6323\" src=\"https:\/\/www.ezycount.ch\/wp-content\/uploads\/2020\/03\/Elodie_Sciboz2-1.png\" style=\"\" width=\"164\" height=\"164\"><\/span><\/p>\n<h3 style=\"text-align: center;\">\u00c9lodie<\/h3>\n<h4 style=\"text-align: center;\"><span style=\"font-weight: normal;\">Podologin<\/span><\/h4>\n<p style=\"text-align: center;\"><a href=\"https:\/\/www.instagram.com\/elodie.podologue\/\" rel=\"nofollow\" style=\"outline: none;\" target=\"_blank\">instagram.com\/elodie.podologue<\/a><\/p>\n<p>&#8222;EZYcount vereinfacht meine Buchhaltung indem es mir die M\u00f6glichkeit gibt, alle meine Buchungen einzugeben und sie sp\u00e4ter abzuschliessen, falls ich zum Zeitpunkt der Eingabe noch nicht sicher bin. Zudem sehe ich alle Buchungen, die ich noch machen muss! EZYcount ist klar und gut strukturiert. So habe ich immer den \u00dcberblick \u00fcber meine Konten.&#8220;<\/p>\n<p><span style=\"width: 100%;\"><img loading=\"lazy\" decoding=\"async\" alt=\"\" title=\"VeloValais-1672-copie-1\" data-id=\"6324\" src=\"https:\/\/www.ezycount.ch\/wp-content\/uploads\/2020\/03\/VeloValais-1672-copie-1.jpg\" style=\"\" width=\"100\" height=\"100\"><\/span><\/p>\n<h3 style=\"text-align: center;\">Christophe<\/h3>\n<h4 style=\"text-align: center;\"><span style=\"font-weight: normal;\">Fahrradkurier<\/span><\/h4>\n<p style=\"text-align: center;\"><a href=\"http:\/\/www.velocite-valais.ch\" rel=\"nofollow\" style=\"outline: none;\" target=\"_blank\">www.velocite-valais.ch<\/a><\/p>\n<p>&#8222;Ich besitze kein Hintergrundwissen im Bereich der Buchhaltung. Doch dank EZYcount kann auch ich meine Buchhaltung problemlos erledigen. Es ist eine schnelle und effiziente L\u00f6sung. Dadurch habe ich mehr Zeit, mich auf mein Gesch\u00e4ft zu konzentrieren.&#8220;<\/p>\n<p><span style=\"width: 100%;\"><img loading=\"lazy\" decoding=\"async\" alt=\"Pianiste_EZYcount\" title=\"Pianiste_EZYcount\" data-id=\"7589\" src=\"https:\/\/www.ezycount.ch\/wp-content\/uploads\/2020\/03\/bolle3.jpg\" style=\"\" width=\"100\" height=\"100\"><\/span><\/p>\n<h3 style=\"text-align: center;\">Alain<\/h3>\n<h4 style=\"text-align: center;\"><span style=\"font-weight: normal;\">Pianist<\/span><\/h4>\n<p style=\"text-align: center;\"><a href=\"http:\/\/www.bolletroche.ch\/\" rel=\"nofollow\" style=\"outline: none;\" target=\"_blank\">www.bolletroche.ch<\/a><\/p>\n<p>&#8222;Super Applikation, Klasse Dienst ! Die essen eine Menge Schokolade (so wie sie es auf der Webseite sagen) und sie sind einfach Spitze. Schnell. Einfach. Keine Kopfschmerzen. Es hat mir fast Spass gemacht, meine Buchhaltung zu machen. BRAVO&#8230;&#8220;<\/p>\n<h2 style=\"text-align: left;\">Wir nehmen uns Zeit, Sie kennenzulernen,um Sie bestm\u00f6glich zu unterst\u00fctzen.<\/h2>\n<p><span style=\"width: 100%;\"><a href=\"https:\/\/app.hubspot.com\/meetings\/vivien\/skype\" target=\"_blank\" rel=\"nofollow\"><img loading=\"lazy\" decoding=\"async\" alt=\"Vivien\" width=\"920\" height=\"930\" title=\"Vivien\" data-id=\"4942\" src=\"\/\/www.ezycount.ch\/wp-content\/uploads\/2018\/07\/vivien.png\" style=\"\"><\/a><\/span><span style=\"width: 100%;\"><a href=\"https:\/\/app.hubspot.com\/meetings\/vivien\/skype\" target=\"_blank\" rel=\"nofollow\"><img loading=\"lazy\" decoding=\"async\" alt=\"Marlene\" width=\"920\" height=\"930\" title=\"Marlene\" data-id=\"4945\" src=\"\/\/www.ezycount.ch\/wp-content\/uploads\/2018\/07\/marlene-1.png\" style=\"\"><\/a><\/span><\/p>\n<h3 style=\"text-align: center;\">Reserviere einen Termin mit Vivien oder Marlene<\/h3>\n<p>Um Ihnen den besten Service zu garantieren, bietet Ihnen EZYcount eine pers\u00f6nliche Beratung, auf die Sie sich immer verlassen k\u00f6nnen. Wir glauben vor allem an den menschlichen Kontakt und nehmen uns all Ihre Fragen, Anmerkungen und R\u00fcckmeldungen zu Herzen.Mit einem Klick k\u00f6nnen Sie einen Termin mit dem herzlichen und coolen Vivien oder Marlene buchen. Sie sind nicht nur verf\u00fcgbar, freundlich und (sehr) geduldig, sondern auch anerkannte Buchhaltungsexperten, die Franz\u00f6sisch, Deutsch und Englisch sprechen.<\/p>\n<p style=\"text-align: center;\">Kostenlos<\/p>\n<h2>EZYcount in den Medien<\/h2>\n<p>Die Medien erkennen den Mehrwert von EZYcount und sprechen in zahlreichen Artikeln und Radioprogrammen dar\u00fcber.<\/p>\n<p><span style=\"width: 100%;\"><a href=\"https:\/\/www.ezycount.ch\/fr\/media\/\" rel=\"\" target=\"_blank\"><img loading=\"lazy\" decoding=\"async\" alt=\"Bilan\" width=\"239\" height=\"99\" title=\"Bilan\" data-id=\"3425\" src=\"\/\/www.ezycount.ch\/wp-content\/uploads\/2018\/07\/EZYcount-partner-bilan.png\" style=\"\"><\/a><\/span><span style=\"width: 100%;\"><a href=\"https:\/\/www.ezycount.ch\/fr\/media\/\" rel=\"\" target=\"_blank\"><img loading=\"lazy\" decoding=\"async\" alt=\"\" width=\"224\" height=\"90\" title=\"Entrprise-Romande-G1-2\" data-id=\"3764\" src=\"\/\/www.ezycount.ch\/wp-content\/uploads\/2018\/07\/Entrprise-Romande-G1-2.jpg\" style=\"\"><\/a><\/span><span style=\"width: 100%;\"><a href=\"https:\/\/www.ezycount.ch\/fr\/media\/\" rel=\"\" target=\"_blank\"><img loading=\"lazy\" decoding=\"async\" alt=\"RTS\" width=\"250\" height=\"141\" title=\"RTS\" data-id=\"3421\" src=\"\/\/www.ezycount.ch\/wp-content\/uploads\/2018\/07\/EZYcount-partner-rts.png\" style=\"\"><\/a><\/span><span style=\"width: 100%;\"><a href=\"https:\/\/www.ezycount.ch\/fr\/media\/\" target=\"_blank\" rel=\"\"><img loading=\"lazy\" decoding=\"async\" alt=\"AGEFI\" title=\"AGEFI\" data-id=\"3580\" src=\"\/\/www.ezycount.ch\/wp-content\/uploads\/2018\/07\/agefi-media-1.png\" style=\"\" width=\"250\" height=\"69\"><\/a><\/span><\/p>\n<h2>EZYcount ist so viel mehr !<\/h2>\n<p>Treten Sie der Community bei und nutzen Sie alle M\u00f6glichkeiten, um Zeit und vieles mehr zu sparen !<\/p>\n<p>\u2022 Praktische Tipps f\u00fcr Personen die sich selbst\u00e4ndig machen.\u2022 Meetings, um alle Ihre dringenden Fragen zu stellen.\u2022 Tipps zum Ausf\u00fcllen Ihrer Steuererkl\u00e4rung\u2022 Ressourcen zum Herunterladen<\/p>\n<p>Und Vieles mehr<\/p>\n","protected":false},"excerpt":{"rendered":"<p>EZYcount wird ab dem Jahr 2026 durch YESbusiness ersetzt. Jetzt los: https:\/\/www.yesbusiness.ch\/de\/ Buchhaltung vereinfachen und Zeit sparen EZYcount ist eine einfach zu bedienende, sichere Online-Buchhaltungs- und Rechnungsplattform f\u00fcr KMUs und Selbstst\u00e4ndige. Dank EZYcount wird die Abwicklung der administrativen Aufgaben zum Kinderspiel.In weniger als 14 Tagen helfen wir Ihnen, zu EZYcount zu wechseln, egal ob Sie [&hellip;]<\/p>\n","protected":false},"author":2,"featured_media":0,"parent":0,"menu_order":0,"comment_status":"closed","ping_status":"closed","template":"","meta":{"footnotes":""},"class_list":["post-8194","page","type-page","status-publish","hentry","post-wrapper","thrv_wrapper"],"yoast_head":"<!-- This site is optimized with the Yoast SEO plugin v25.3 - https:\/\/yoast.com\/wordpress\/plugins\/seo\/ -->\n<title>Buchhaltung vereinfachen und Zeit sparen - EZYcount<\/title>\n<meta name=\"description\" content=\"EZYcount ist das Online-Buchhaltungsprogramm f\u00fcr Selbst\u00e4ndige, Kleinunternehmen und Vereine in der Schweiz. EZYcount automatisiert Ihre Aufgaben.\" \/>\n<meta name=\"robots\" content=\"index, follow, max-snippet:-1, max-image-preview:large, max-video-preview:-1\" \/>\n<link rel=\"canonical\" href=\"https:\/\/www.ezycount.ch\/de\/\" \/>\n<meta property=\"og:locale\" content=\"de_DE\" \/>\n<meta property=\"og:type\" content=\"article\" \/>\n<meta property=\"og:title\" content=\"Buchhaltung vereinfachen und Zeit sparen - EZYcount\" \/>\n<meta property=\"og:description\" content=\"EZYcount ist das Online-Buchhaltungsprogramm f\u00fcr Selbst\u00e4ndige, Kleinunternehmen und Vereine in der Schweiz. EZYcount automatisiert Ihre Aufgaben.\" \/>\n<meta property=\"og:url\" content=\"https:\/\/www.ezycount.ch\/de\/\" \/>\n<meta property=\"og:site_name\" content=\"EZYcount\" \/>\n<meta property=\"article:modified_time\" content=\"2025-11-07T16:04:18+00:00\" \/>\n<meta property=\"og:image\" content=\"https:\/\/www.ezycount.ch\/wp-content\/uploads\/2018\/02\/simple.png\" \/>\n<meta name=\"twitter:card\" content=\"summary_large_image\" \/>\n<meta name=\"twitter:label1\" content=\"Gesch\u00e4tzte Lesezeit\" \/>\n\t<meta name=\"twitter:data1\" content=\"3\u00a0Minuten\" \/>\n<script type=\"application\/ld+json\" class=\"yoast-schema-graph\">{\"@context\":\"https:\/\/schema.org\",\"@graph\":[{\"@type\":\"WebPage\",\"@id\":\"https:\/\/www.ezycount.ch\/de\/\",\"url\":\"https:\/\/www.ezycount.ch\/de\/\",\"name\":\"Buchhaltung vereinfachen und Zeit sparen - EZYcount\",\"isPartOf\":{\"@id\":\"https:\/\/www.ezycount.ch\/fr\/#website\"},\"primaryImageOfPage\":{\"@id\":\"https:\/\/www.ezycount.ch\/de\/#primaryimage\"},\"image\":{\"@id\":\"https:\/\/www.ezycount.ch\/de\/#primaryimage\"},\"thumbnailUrl\":\"https:\/\/www.ezycount.ch\/wp-content\/uploads\/2018\/02\/simple.png\",\"datePublished\":\"2020-06-16T07:53:39+00:00\",\"dateModified\":\"2025-11-07T16:04:18+00:00\",\"description\":\"EZYcount ist das Online-Buchhaltungsprogramm f\u00fcr Selbst\u00e4ndige, Kleinunternehmen und Vereine in der Schweiz. EZYcount automatisiert Ihre Aufgaben.\",\"breadcrumb\":{\"@id\":\"https:\/\/www.ezycount.ch\/de\/#breadcrumb\"},\"inLanguage\":\"de\",\"potentialAction\":[{\"@type\":\"ReadAction\",\"target\":[\"https:\/\/www.ezycount.ch\/de\/\"]}]},{\"@type\":\"ImageObject\",\"inLanguage\":\"de\",\"@id\":\"https:\/\/www.ezycount.ch\/de\/#primaryimage\",\"url\":\"https:\/\/www.ezycount.ch\/wp-content\/uploads\/2018\/02\/simple.png\",\"contentUrl\":\"https:\/\/www.ezycount.ch\/wp-content\/uploads\/2018\/02\/simple.png\"},{\"@type\":\"BreadcrumbList\",\"@id\":\"https:\/\/www.ezycount.ch\/de\/#breadcrumb\",\"itemListElement\":[{\"@type\":\"ListItem\",\"position\":1,\"name\":\"Home\",\"item\":\"https:\/\/www.ezycount.ch\/de\/\"},{\"@type\":\"ListItem\",\"position\":2,\"name\":\"Buchhaltung vereinfachen und Zeit sparen\"}]},{\"@type\":\"WebSite\",\"@id\":\"https:\/\/www.ezycount.ch\/fr\/#website\",\"url\":\"https:\/\/www.ezycount.ch\/fr\/\",\"name\":\"EZYcount\",\"description\":\"Simplifiez votre comptabilit\u00e9 et gagnez du temps\",\"potentialAction\":[{\"@type\":\"SearchAction\",\"target\":{\"@type\":\"EntryPoint\",\"urlTemplate\":\"https:\/\/www.ezycount.ch\/fr\/?s={search_term_string}\"},\"query-input\":{\"@type\":\"PropertyValueSpecification\",\"valueRequired\":true,\"valueName\":\"search_term_string\"}}],\"inLanguage\":\"de\"}]}<\/script>\n<!-- \/ Yoast SEO plugin. -->","yoast_head_json":{"title":"Buchhaltung vereinfachen und Zeit sparen - EZYcount","description":"EZYcount ist das Online-Buchhaltungsprogramm f\u00fcr Selbst\u00e4ndige, Kleinunternehmen und Vereine in der Schweiz. EZYcount automatisiert Ihre Aufgaben.","robots":{"index":"index","follow":"follow","max-snippet":"max-snippet:-1","max-image-preview":"max-image-preview:large","max-video-preview":"max-video-preview:-1"},"canonical":"https:\/\/www.ezycount.ch\/de\/","og_locale":"de_DE","og_type":"article","og_title":"Buchhaltung vereinfachen und Zeit sparen - EZYcount","og_description":"EZYcount ist das Online-Buchhaltungsprogramm f\u00fcr Selbst\u00e4ndige, Kleinunternehmen und Vereine in der Schweiz. EZYcount automatisiert Ihre Aufgaben.","og_url":"https:\/\/www.ezycount.ch\/de\/","og_site_name":"EZYcount","article_modified_time":"2025-11-07T16:04:18+00:00","og_image":[{"url":"https:\/\/www.ezycount.ch\/wp-content\/uploads\/2018\/02\/simple.png","type":"","width":"","height":""}],"twitter_card":"summary_large_image","twitter_misc":{"Gesch\u00e4tzte Lesezeit":"3\u00a0Minuten"},"schema":{"@context":"https:\/\/schema.org","@graph":[{"@type":"WebPage","@id":"https:\/\/www.ezycount.ch\/de\/","url":"https:\/\/www.ezycount.ch\/de\/","name":"Buchhaltung vereinfachen und Zeit sparen - EZYcount","isPartOf":{"@id":"https:\/\/www.ezycount.ch\/fr\/#website"},"primaryImageOfPage":{"@id":"https:\/\/www.ezycount.ch\/de\/#primaryimage"},"image":{"@id":"https:\/\/www.ezycount.ch\/de\/#primaryimage"},"thumbnailUrl":"https:\/\/www.ezycount.ch\/wp-content\/uploads\/2018\/02\/simple.png","datePublished":"2020-06-16T07:53:39+00:00","dateModified":"2025-11-07T16:04:18+00:00","description":"EZYcount ist das Online-Buchhaltungsprogramm f\u00fcr Selbst\u00e4ndige, Kleinunternehmen und Vereine in der Schweiz. EZYcount automatisiert Ihre Aufgaben.","breadcrumb":{"@id":"https:\/\/www.ezycount.ch\/de\/#breadcrumb"},"inLanguage":"de","potentialAction":[{"@type":"ReadAction","target":["https:\/\/www.ezycount.ch\/de\/"]}]},{"@type":"ImageObject","inLanguage":"de","@id":"https:\/\/www.ezycount.ch\/de\/#primaryimage","url":"https:\/\/www.ezycount.ch\/wp-content\/uploads\/2018\/02\/simple.png","contentUrl":"https:\/\/www.ezycount.ch\/wp-content\/uploads\/2018\/02\/simple.png"},{"@type":"BreadcrumbList","@id":"https:\/\/www.ezycount.ch\/de\/#breadcrumb","itemListElement":[{"@type":"ListItem","position":1,"name":"Home","item":"https:\/\/www.ezycount.ch\/de\/"},{"@type":"ListItem","position":2,"name":"Buchhaltung vereinfachen und Zeit sparen"}]},{"@type":"WebSite","@id":"https:\/\/www.ezycount.ch\/fr\/#website","url":"https:\/\/www.ezycount.ch\/fr\/","name":"EZYcount","description":"Simplifiez votre comptabilit\u00e9 et gagnez du temps","potentialAction":[{"@type":"SearchAction","target":{"@type":"EntryPoint","urlTemplate":"https:\/\/www.ezycount.ch\/fr\/?s={search_term_string}"},"query-input":{"@type":"PropertyValueSpecification","valueRequired":true,"valueName":"search_term_string"}}],"inLanguage":"de"}]}},"_links":{"self":[{"href":"https:\/\/www.ezycount.ch\/de\/wp-json\/wp\/v2\/pages\/8194","targetHints":{"allow":["GET"]}}],"collection":[{"href":"https:\/\/www.ezycount.ch\/de\/wp-json\/wp\/v2\/pages"}],"about":[{"href":"https:\/\/www.ezycount.ch\/de\/wp-json\/wp\/v2\/types\/page"}],"author":[{"embeddable":true,"href":"https:\/\/www.ezycount.ch\/de\/wp-json\/wp\/v2\/users\/2"}],"replies":[{"embeddable":true,"href":"https:\/\/www.ezycount.ch\/de\/wp-json\/wp\/v2\/comments?post=8194"}],"version-history":[{"count":6,"href":"https:\/\/www.ezycount.ch\/de\/wp-json\/wp\/v2\/pages\/8194\/revisions"}],"predecessor-version":[{"id":16526,"href":"https:\/\/www.ezycount.ch\/de\/wp-json\/wp\/v2\/pages\/8194\/revisions\/16526"}],"wp:attachment":[{"href":"https:\/\/www.ezycount.ch\/de\/wp-json\/wp\/v2\/media?parent=8194"}],"curies":[{"name":"wp","href":"https:\/\/api.w.org\/{rel}","templated":true}]}}