{"id":8652,"date":"2020-07-22T14:57:32","date_gmt":"2020-07-22T13:57:32","guid":{"rendered":"https:\/\/www.ezycount.ch\/?page_id=8652"},"modified":"2021-11-09T23:35:02","modified_gmt":"2021-11-09T22:35:02","slug":"editierbare-binder-label-vorlage-mit-word","status":"publish","type":"page","link":"https:\/\/www.ezycount.ch\/de\/editierbare-binder-label-vorlage-mit-word\/","title":{"rendered":"Editierbare Binder-Label-Vorlage mit Word"},"content":{"rendered":"<h1 style=\"\">Editierbare Binder-Etiketten Vorlage mit Word<\/h1>\n<p>Ein ordentliches und aufger\u00e4umtes B\u00fcro vermittelt einen Eindruck von Professionalit\u00e4t. Das ist \u00e4hnlich wie eine aufger\u00e4umte Hotelrezeption. Wenn ein Kunde Ihr B\u00fcro besucht und alles auf dem Kopf steht, repr\u00e4sentiert das nicht die Qualit\u00e4t und Professionalit\u00e4t Ihrer Arbeit. Tipp: Verwenden Sie Binder-Label-Vorlage, um Ihr B\u00fcro zu organisieren. Die Organisation Ihres B\u00fcros durchl\u00e4uft eine Reihe von Schritten, und wir haben zu diesem Zweck einen detaillierten Leitfaden erstellt. Sie finden sie hier: <a href=\"https:\/\/www.ezycount.ch\/de\/wie-konnen-sie-ihr-buro-einfach-organisieren\/\" style=\"outline: none;\">Ihr B\u00fcro effizient organisieren<\/a>Unten sehen wir, wie man von normalen R\u00fcckenschildern zu PRO-R\u00fcckenschildern wechseln kann! Schauen Sie, wenn Sie einen Ordner herausnehmen, um ihn einem Kunden zu zeigen, welchen w\u00fcrden Sie gerne haben?<\/p>\n<h3 style=\"\">Ordner mit Handetikett<\/h3>\n<p><span><img decoding=\"async\" alt=\"Classeur avec etiquette manuelle\" data-id=\"8607\" width=\"238\" data-init-width=\"300\" height=\"317\" data-init-height=\"400\" title=\"Classeur avec etiquette manuelle\" loading=\"lazy\" src=\"https:\/\/www.ezycount.ch\/wp-content\/uploads\/2020\/07\/Classeur-avec-etiquette-manuelle.jpg\" data-width=\"238\" data-height=\"317\" style=\"\"><\/span><\/p>\n<h3 style=\"\">Ordner mit gedrucktem Etikett<\/h3>\n<p><span><img decoding=\"async\" alt=\"Classeur avec etiquette imprimee\" data-id=\"8610\" width=\"237\" data-init-width=\"300\" height=\"316\" data-init-height=\"400\" title=\"Classeur avec etiquette imprimee\" loading=\"lazy\" src=\"https:\/\/www.ezycount.ch\/wp-content\/uploads\/2020\/07\/Classeur-avec-etiquette-imprimee.jpg\" data-width=\"237\" data-height=\"316\" style=\"\"><\/span><\/p>\n<p>Sie bevorzugen nat\u00fcrlich den Ordner mit bedrucktem R\u00fccken!F\u00fcr ein professionelles Erscheinungsbild sollte Ihr Ordner ein R\u00fcckenschild haben, das in Druckbuchstaben geschrieben ist.<\/p>\n<p>Dazu ben\u00f6tigen Sie eine&nbsp;<strong>komplette 3-seitige Vorlage im WORD-Format, um R\u00fcckenetiketten f\u00fcr die Bundesordner 7 cm und 4 cm<\/strong>&nbsp;herzustellen.<\/p>\n<p>Wir haben eine Vorlage erstellt, mit der Sie Etiketten direkt von zu Hause aus auf Ihrem Drucker erstellen k\u00f6nnen. Diese Binder-Label-Vorlage erm\u00f6glicht es Ihnen, den Labeltext in Breite oder L\u00e4nge zu schreiben.<\/p>\n<p><strong>Meist gesehene Inhalte:<\/strong><\/p>\n<p style=\"\">\n<p>    __CONFIG_colors_palette__{&#8222;active_palette&#8220;:0,&#8220;config&#8220;:{&#8222;colors&#8220;:{&#8222;9bd08&#8220;:{&#8222;name&#8220;:&#8220;Main Accent&#8220;,&#8220;parent&#8220;:-1}},&#8220;gradients&#8220;:[]},&#8220;palettes&#8220;:[{&#8222;name&#8220;:&#8220;Default Palette&#8220;,&#8220;value&#8220;:{&#8222;colors&#8220;:{&#8222;9bd08&#8220;:{&#8222;val&#8220;:&#8220;rgb(245, 168, 28)&#8220;}},&#8220;gradients&#8220;:[]},&#8220;original&#8220;:{&#8222;colors&#8220;:{&#8222;9bd08&#8220;:{&#8222;val&#8220;:&#8220;rgb(19, 114, 211)&#8220;,&#8220;hsl&#8220;:{&#8222;h&#8220;:210,&#8220;s&#8220;:0.83,&#8220;l&#8220;:0.45}}},&#8220;gradients&#8220;:[]}}]}__CONFIG_colors_palette__ <a href=\"https:\/\/www.ezycount.ch\/de\/\" style=\"\" target=\"_blank\" rel=\"noopener\"><span>        <\/span> <span><span style=\"\">Buchhaltung<\/span><span><\/span><\/span> <\/a> <\/p>\n<p style=\"\">Eine einfach zu bedienende, sichere Online-Buchhaltungs- und Rechnungsplattform f\u00fcr KMUs und Selbstst\u00e4ndige.<\/p>\n<p>      __CONFIG_colors_palette__{&#8222;active_palette&#8220;:0,&#8220;config&#8220;:{&#8222;colors&#8220;:{&#8222;9bd08&#8220;:{&#8222;name&#8220;:&#8220;Main Accent&#8220;,&#8220;parent&#8220;:-1}},&#8220;gradients&#8220;:[]},&#8220;palettes&#8220;:[{&#8222;name&#8220;:&#8220;Default Palette&#8220;,&#8220;value&#8220;:{&#8222;colors&#8220;:{&#8222;9bd08&#8220;:{&#8222;val&#8220;:&#8220;hsla(var(&#8211;tcb-main-master-h, 210), var(&#8211;tcb-main-master-s, 77%), var(&#8211;tcb-main-master-l, 54%), 1)&#8220;}},&#8220;gradients&#8220;:[]},&#8220;original&#8220;:{&#8222;colors&#8220;:{&#8222;9bd08&#8220;:{&#8222;val&#8220;:&#8220;rgb(19, 114, 211)&#8220;,&#8220;hsl&#8220;:{&#8222;h&#8220;:210,&#8220;s&#8220;:0.83,&#8220;l&#8220;:0.45}}},&#8220;gradients&#8220;:[]}}]}__CONFIG_colors_palette__ <a href=\"https:\/\/www.ezycount.ch\/de\/wie-konnen-sie-ihr-buro-einfach-organisieren\/\" style=\"\"><span>        <\/span> <span><span style=\"\">Wie k\u00f6nnen Sie Ihr B\u00fcro organisieren?<\/span><span><\/span><\/span> <\/a> <\/p>\n<p style=\"\">Es braucht keine schwierige L\u00f6sung, nur die richtige. Ein kurzes Video und 8 schnelle Schritte, um Ihr B\u00fcro einfach aufzur\u00e4umen und zu organisieren.<\/p>\n<p>      __CONFIG_colors_palette__{&#8222;active_palette&#8220;:0,&#8220;config&#8220;:{&#8222;colors&#8220;:{&#8222;9bd08&#8220;:{&#8222;name&#8220;:&#8220;Main Accent&#8220;,&#8220;parent&#8220;:-1}},&#8220;gradients&#8220;:[]},&#8220;palettes&#8220;:[{&#8222;name&#8220;:&#8220;Default Palette&#8220;,&#8220;value&#8220;:{&#8222;colors&#8220;:{&#8222;9bd08&#8220;:{&#8222;val&#8220;:&#8220;hsla(var(&#8211;tcb-main-master-h, 210), var(&#8211;tcb-main-master-s, 77%), var(&#8211;tcb-main-master-l, 54%), 1)&#8220;}},&#8220;gradients&#8220;:[]},&#8220;original&#8220;:{&#8222;colors&#8220;:{&#8222;9bd08&#8220;:{&#8222;val&#8220;:&#8220;rgb(19, 114, 211)&#8220;,&#8220;hsl&#8220;:{&#8222;h&#8220;:210,&#8220;s&#8220;:0.83,&#8220;l&#8220;:0.45}}},&#8220;gradients&#8220;:[]}}]}__CONFIG_colors_palette__ <a href=\"https:\/\/www.ezycount.ch\/de\/wie-erstellt-man-gesetzliche-schweizer-rechnungen\/\" style=\"\" target=\"_blank\" rel=\"noopener\"><span>        <\/span> <span><span style=\"\">Rechnungsstellung<\/span><span><\/span><\/span> <\/a> <\/p>\n<p style=\"\">Alle notwendigen Informationen wie gesetzliche Vorgaben und n\u00fctzliche Tipps zur Erstellung von Schweizer Standardrechnungen<\/p>\n<p>      __CONFIG_colors_palette__{&#8222;active_palette&#8220;:0,&#8220;config&#8220;:{&#8222;colors&#8220;:{&#8222;9bd08&#8220;:{&#8222;name&#8220;:&#8220;Main Accent&#8220;,&#8220;parent&#8220;:-1}},&#8220;gradients&#8220;:[]},&#8220;palettes&#8220;:[{&#8222;name&#8220;:&#8220;Default Palette&#8220;,&#8220;value&#8220;:{&#8222;colors&#8220;:{&#8222;9bd08&#8220;:{&#8222;val&#8220;:&#8220;hsla(var(&#8211;tcb-main-master-h, 210), var(&#8211;tcb-main-master-s, 77%), var(&#8211;tcb-main-master-l, 54%), 1)&#8220;}},&#8220;gradients&#8220;:[]},&#8220;original&#8220;:{&#8222;colors&#8220;:{&#8222;9bd08&#8220;:{&#8222;val&#8220;:&#8220;rgb(19, 114, 211)&#8220;,&#8220;hsl&#8220;:{&#8222;h&#8220;:210,&#8220;s&#8220;:0.83,&#8220;l&#8220;:0.45}}},&#8220;gradients&#8220;:[]}}]}__CONFIG_colors_palette__ <a href=\"https:\/\/www.ezycount.ch\/de\/startup-bewertungsmodell-free-excel\/\" style=\"\" target=\"_blank\" rel=\"noopener\"><span>        <\/span> <span><span style=\"\">Startup-Bewertung&nbsp;<\/span><span><\/span><\/span> <\/a> <\/p>\n<p style=\"\">Kennen Sie den Barwert aller zuk\u00fcnftigen Gewinne Ihres Unternehmens? Laden Sie das perfekte Startup-Bewertungsmodell kostenlos herunter.<\/p>\n<p>  __CONFIG_group_edit__{&#8222;kbjp1vpj&#8220;:{&#8222;name&#8220;:&#8220;All Logo(s)&#8220;,&#8220;singular&#8220;:&#8220;&#8211; Logo %s&#8220;},&#8220;kbjp1xfn&#8220;:{&#8222;name&#8220;:&#8220;All Title(s)&#8220;,&#8220;singular&#8220;:&#8220;&#8211; Text %s&#8220;},&#8220;kbjp22kc&#8220;:{&#8222;name&#8220;:&#8220;All Paragraph(s)&#8220;,&#8220;singular&#8220;:&#8220;&#8211; Text %s&#8220;},&#8220;kbjp2ag5&#8243;:{&#8222;name&#8220;:&#8220;All Read Review Button(s)&#8220;,&#8220;singular&#8220;:&#8220;&#8211; Button %s&#8220;},&#8220;kbjp3xj6&#8243;:{&#8222;name&#8220;:&#8220;All Visit Website Button(s)&#8220;,&#8220;singular&#8220;:&#8220;&#8211; Button %s&#8220;},&#8220;kbjp44dp&#8220;:{&#8222;name&#8220;:&#8220;All Buttons Column(s)&#8220;,&#8220;singular&#8220;:&#8220;&#8211; Column %s&#8220;},&#8220;kbjp4d43&#8243;:{&#8222;name&#8220;:&#8220;All Text Column(s)&#8220;,&#8220;singular&#8220;:&#8220;&#8211; Column %s&#8220;},&#8220;kbjp4k9i&#8220;:{&#8222;name&#8220;:&#8220;All Content Box(s)&#8220;,&#8220;singular&#8220;:&#8220;&#8211; Content Box %s&#8220;},&#8220;kbjp4mck&#8220;:{&#8222;name&#8220;:&#8220;All Content Box(s)&#8220;,&#8220;singular&#8220;:&#8220;&#8211; Content Box %s&#8220;}}__CONFIG_group_edit____CONFIG_local_colors__{&#8222;colors&#8220;:{},&#8220;gradients&#8220;:{}}__CONFIG_local_colors____CONFIG_colors_palette__{&#8222;active_palette&#8220;:0,&#8220;config&#8220;:{&#8222;colors&#8220;:{&#8222;55242&#8220;:{&#8222;name&#8220;:&#8220;Accent Lighter&#8220;,&#8220;parent&#8220;:&#8220;3c75f&#8220;,&#8220;lock&#8220;:{&#8222;saturation&#8220;:0,&#8220;lightness&#8220;:1}},&#8220;3c75f&#8220;:{&#8222;name&#8220;:&#8220;Main Accent&#8220;,&#8220;parent&#8220;:-1},&#8220;965f3&#8243;:{&#8222;name&#8220;:&#8220;Accent Transparent&#8220;,&#8220;parent&#8220;:&#8220;3c75f&#8220;}},&#8220;gradients&#8220;:[]},&#8220;palettes&#8220;:[{&#8222;name&#8220;:&#8220;Default&#8220;,&#8220;value&#8220;:{&#8222;colors&#8220;:{&#8222;55242&#8220;:{&#8222;val&#8220;:&#8220;rgb(198, 199, 199)&#8220;,&#8220;hsl_parent_dependency&#8220;:{&#8222;h&#8220;:144,&#8220;l&#8220;:0.78,&#8220;s&#8220;:-0.01}},&#8220;3c75f&#8220;:{&#8222;val&#8220;:&#8220;var(&#8211;tcb-skin-color-0)&#8220;},&#8220;965f3&#8243;:{&#8222;val&#8220;:&#8220;rgba(245, 165, 25, 0.47)&#8220;,&#8220;hsl_parent_dependency&#8220;:{&#8222;h&#8220;:38,&#8220;l&#8220;:0.53,&#8220;s&#8220;:0.92}}},&#8220;gradients&#8220;:[]},&#8220;original&#8220;:{&#8222;colors&#8220;:{&#8222;55242&#8220;:{&#8222;val&#8220;:&#8220;rgb(201, 201, 201)&#8220;,&#8220;hsl_parent_dependency&#8220;:{&#8222;h&#8220;:0,&#8220;s&#8220;:0,&#8220;l&#8220;:0.78}},&#8220;3c75f&#8220;:{&#8222;val&#8220;:&#8220;rgb(102, 57, 248)&#8220;,&#8220;hsl&#8220;:{&#8222;h&#8220;:254,&#8220;s&#8220;:0.93,&#8220;l&#8220;:0.59}},&#8220;965f3&#8243;:{&#8222;val&#8220;:&#8220;rgba(102, 57, 248, 0.47)&#8220;,&#8220;hsl_parent_dependency&#8220;:{&#8222;h&#8220;:254,&#8220;s&#8220;:0.93,&#8220;l&#8220;:0.59}}},&#8220;gradients&#8220;:[]}}]}__CONFIG_colors_palette__  <span><img decoding=\"async\" alt=\"Retrouver le plaisir de faire votre comptabilit\u00e9 avec EZYcount\" data-id=\"11313\" width=\"282\" data-init-width=\"600\" height=\"188\" data-init-height=\"400\" title=\"retrouver le plaisir de faire votre comptabilit\u00e9 avec EZYcount\" loading=\"lazy\" src=\"https:\/\/www.ezycount.ch\/wp-content\/uploads\/2021\/04\/retrouver-le-plaisir-de-faire-votre-comptabilite-avec-EZYcount.jpg\" data-width=\"282\" data-height=\"188\"><\/span><\/p>\n<h6 id=\"t-1603173024694\" style=\"\">Sind Sie auf der Suche nach einer einfachen Schweizer Buchhaltungsl\u00f6sung?<\/h6>\n<h6 id=\"t-1617366489036\" style=\"\">EZYcount ist f\u00fcr Sie.<\/h6>\n<p> <a href=\"https:\/\/app.ezycount.ch\/change-language\/de\/0?referer=https:\/\/app.ezycount.ch\/register\" style=\"\" target=\"_blank\" rel=\"noopener\"><span style=\"\">    <\/span> <span style=\"\"><span style=\"\">Jetzt probieren<\/span><\/span> <\/a>  <\/p>\n<p style=\"\">Dieses Modell ist kostenlos. Wenn Sie auf der Suche nach weiteren n\u00fctzlichen Ressourcen f\u00fcr Ihre administrative Arbeit als Selbst\u00e4ndige oder Verein sind, sehen Sie sich hier unsere vollst\u00e4ndige Liste der administrativen Ressourcen an: <a href=\"https:\/\/www.ezycount.ch\/de\/kostenlose-ressourcen\/\" style=\"outline: none;\">Administrative Ressourcen<\/a><\/p>\n","protected":false},"excerpt":{"rendered":"<p>Editierbare Binder-Etiketten Vorlage mit Word Ein ordentliches und aufger\u00e4umtes B\u00fcro vermittelt einen Eindruck von Professionalit\u00e4t. Das ist \u00e4hnlich wie eine aufger\u00e4umte Hotelrezeption. Wenn ein Kunde Ihr B\u00fcro besucht und alles auf dem Kopf steht, repr\u00e4sentiert das nicht die Qualit\u00e4t und Professionalit\u00e4t Ihrer Arbeit. Tipp: Verwenden Sie Binder-Label-Vorlage, um Ihr B\u00fcro zu organisieren. Die Organisation Ihres [&hellip;]<\/p>\n","protected":false},"author":2,"featured_media":0,"parent":0,"menu_order":0,"comment_status":"closed","ping_status":"closed","template":"","meta":{"footnotes":""},"class_list":["post-8652","page","type-page","status-publish","hentry","post-wrapper","thrv_wrapper"],"yoast_head":"<!-- This site is optimized with the Yoast SEO plugin v25.3 - https:\/\/yoast.com\/wordpress\/plugins\/seo\/ -->\n<title>Editierbare Binder-Label-Vorlage mit Word - EZYcount<\/title>\n<meta name=\"description\" content=\"Das perfekte Werkzeug, um Ihr B\u00fcro wie ein Profi zu organisieren. Kostenlose Binder-Label-Vorlage f\u00fcr Microsoft Word\" \/>\n<meta name=\"robots\" content=\"index, follow, max-snippet:-1, max-image-preview:large, max-video-preview:-1\" \/>\n<link rel=\"canonical\" href=\"https:\/\/www.ezycount.ch\/de\/editierbare-binder-label-vorlage-mit-word\/\" \/>\n<meta property=\"og:locale\" content=\"de_DE\" \/>\n<meta property=\"og:type\" content=\"article\" \/>\n<meta property=\"og:title\" content=\"Editierbare Binder-Label-Vorlage mit Word - EZYcount\" \/>\n<meta property=\"og:description\" content=\"Das perfekte Werkzeug, um Ihr B\u00fcro wie ein Profi zu organisieren. Kostenlose Binder-Label-Vorlage f\u00fcr Microsoft Word\" \/>\n<meta property=\"og:url\" content=\"https:\/\/www.ezycount.ch\/de\/editierbare-binder-label-vorlage-mit-word\/\" \/>\n<meta property=\"og:site_name\" content=\"EZYcount\" \/>\n<meta property=\"article:modified_time\" content=\"2021-11-09T22:35:02+00:00\" \/>\n<meta property=\"og:image\" content=\"https:\/\/www.ezycount.ch\/wp-content\/uploads\/2020\/07\/Classeur-avec-etiquette-manuelle.jpg\" \/>\n<meta name=\"twitter:card\" content=\"summary_large_image\" \/>\n<meta name=\"twitter:label1\" content=\"Gesch\u00e4tzte Lesezeit\" \/>\n\t<meta name=\"twitter:data1\" content=\"3\u00a0Minuten\" \/>\n<script type=\"application\/ld+json\" class=\"yoast-schema-graph\">{\"@context\":\"https:\/\/schema.org\",\"@graph\":[{\"@type\":\"WebPage\",\"@id\":\"https:\/\/www.ezycount.ch\/de\/editierbare-binder-label-vorlage-mit-word\/\",\"url\":\"https:\/\/www.ezycount.ch\/de\/editierbare-binder-label-vorlage-mit-word\/\",\"name\":\"Editierbare Binder-Label-Vorlage mit Word - EZYcount\",\"isPartOf\":{\"@id\":\"https:\/\/www.ezycount.ch\/fr\/#website\"},\"primaryImageOfPage\":{\"@id\":\"https:\/\/www.ezycount.ch\/de\/editierbare-binder-label-vorlage-mit-word\/#primaryimage\"},\"image\":{\"@id\":\"https:\/\/www.ezycount.ch\/de\/editierbare-binder-label-vorlage-mit-word\/#primaryimage\"},\"thumbnailUrl\":\"https:\/\/www.ezycount.ch\/wp-content\/uploads\/2020\/07\/Classeur-avec-etiquette-manuelle.jpg\",\"datePublished\":\"2020-07-22T13:57:32+00:00\",\"dateModified\":\"2021-11-09T22:35:02+00:00\",\"description\":\"Das perfekte Werkzeug, um Ihr B\u00fcro wie ein Profi zu organisieren. Kostenlose Binder-Label-Vorlage f\u00fcr Microsoft Word\",\"breadcrumb\":{\"@id\":\"https:\/\/www.ezycount.ch\/de\/editierbare-binder-label-vorlage-mit-word\/#breadcrumb\"},\"inLanguage\":\"de\",\"potentialAction\":[{\"@type\":\"ReadAction\",\"target\":[\"https:\/\/www.ezycount.ch\/de\/editierbare-binder-label-vorlage-mit-word\/\"]}]},{\"@type\":\"ImageObject\",\"inLanguage\":\"de\",\"@id\":\"https:\/\/www.ezycount.ch\/de\/editierbare-binder-label-vorlage-mit-word\/#primaryimage\",\"url\":\"https:\/\/www.ezycount.ch\/wp-content\/uploads\/2020\/07\/Classeur-avec-etiquette-manuelle.jpg\",\"contentUrl\":\"https:\/\/www.ezycount.ch\/wp-content\/uploads\/2020\/07\/Classeur-avec-etiquette-manuelle.jpg\"},{\"@type\":\"BreadcrumbList\",\"@id\":\"https:\/\/www.ezycount.ch\/de\/editierbare-binder-label-vorlage-mit-word\/#breadcrumb\",\"itemListElement\":[{\"@type\":\"ListItem\",\"position\":1,\"name\":\"Home\",\"item\":\"https:\/\/www.ezycount.ch\/de\/\"},{\"@type\":\"ListItem\",\"position\":2,\"name\":\"Editierbare Binder-Label-Vorlage mit Word\"}]},{\"@type\":\"WebSite\",\"@id\":\"https:\/\/www.ezycount.ch\/fr\/#website\",\"url\":\"https:\/\/www.ezycount.ch\/fr\/\",\"name\":\"EZYcount\",\"description\":\"Simplifiez votre comptabilit\u00e9 et gagnez du temps\",\"potentialAction\":[{\"@type\":\"SearchAction\",\"target\":{\"@type\":\"EntryPoint\",\"urlTemplate\":\"https:\/\/www.ezycount.ch\/fr\/?s={search_term_string}\"},\"query-input\":{\"@type\":\"PropertyValueSpecification\",\"valueRequired\":true,\"valueName\":\"search_term_string\"}}],\"inLanguage\":\"de\"}]}<\/script>\n<!-- \/ Yoast SEO plugin. -->","yoast_head_json":{"title":"Editierbare Binder-Label-Vorlage mit Word - EZYcount","description":"Das perfekte Werkzeug, um Ihr B\u00fcro wie ein Profi zu organisieren. Kostenlose Binder-Label-Vorlage f\u00fcr Microsoft Word","robots":{"index":"index","follow":"follow","max-snippet":"max-snippet:-1","max-image-preview":"max-image-preview:large","max-video-preview":"max-video-preview:-1"},"canonical":"https:\/\/www.ezycount.ch\/de\/editierbare-binder-label-vorlage-mit-word\/","og_locale":"de_DE","og_type":"article","og_title":"Editierbare Binder-Label-Vorlage mit Word - EZYcount","og_description":"Das perfekte Werkzeug, um Ihr B\u00fcro wie ein Profi zu organisieren. Kostenlose Binder-Label-Vorlage f\u00fcr Microsoft Word","og_url":"https:\/\/www.ezycount.ch\/de\/editierbare-binder-label-vorlage-mit-word\/","og_site_name":"EZYcount","article_modified_time":"2021-11-09T22:35:02+00:00","og_image":[{"url":"https:\/\/www.ezycount.ch\/wp-content\/uploads\/2020\/07\/Classeur-avec-etiquette-manuelle.jpg","type":"","width":"","height":""}],"twitter_card":"summary_large_image","twitter_misc":{"Gesch\u00e4tzte Lesezeit":"3\u00a0Minuten"},"schema":{"@context":"https:\/\/schema.org","@graph":[{"@type":"WebPage","@id":"https:\/\/www.ezycount.ch\/de\/editierbare-binder-label-vorlage-mit-word\/","url":"https:\/\/www.ezycount.ch\/de\/editierbare-binder-label-vorlage-mit-word\/","name":"Editierbare Binder-Label-Vorlage mit Word - EZYcount","isPartOf":{"@id":"https:\/\/www.ezycount.ch\/fr\/#website"},"primaryImageOfPage":{"@id":"https:\/\/www.ezycount.ch\/de\/editierbare-binder-label-vorlage-mit-word\/#primaryimage"},"image":{"@id":"https:\/\/www.ezycount.ch\/de\/editierbare-binder-label-vorlage-mit-word\/#primaryimage"},"thumbnailUrl":"https:\/\/www.ezycount.ch\/wp-content\/uploads\/2020\/07\/Classeur-avec-etiquette-manuelle.jpg","datePublished":"2020-07-22T13:57:32+00:00","dateModified":"2021-11-09T22:35:02+00:00","description":"Das perfekte Werkzeug, um Ihr B\u00fcro wie ein Profi zu organisieren. Kostenlose Binder-Label-Vorlage f\u00fcr Microsoft Word","breadcrumb":{"@id":"https:\/\/www.ezycount.ch\/de\/editierbare-binder-label-vorlage-mit-word\/#breadcrumb"},"inLanguage":"de","potentialAction":[{"@type":"ReadAction","target":["https:\/\/www.ezycount.ch\/de\/editierbare-binder-label-vorlage-mit-word\/"]}]},{"@type":"ImageObject","inLanguage":"de","@id":"https:\/\/www.ezycount.ch\/de\/editierbare-binder-label-vorlage-mit-word\/#primaryimage","url":"https:\/\/www.ezycount.ch\/wp-content\/uploads\/2020\/07\/Classeur-avec-etiquette-manuelle.jpg","contentUrl":"https:\/\/www.ezycount.ch\/wp-content\/uploads\/2020\/07\/Classeur-avec-etiquette-manuelle.jpg"},{"@type":"BreadcrumbList","@id":"https:\/\/www.ezycount.ch\/de\/editierbare-binder-label-vorlage-mit-word\/#breadcrumb","itemListElement":[{"@type":"ListItem","position":1,"name":"Home","item":"https:\/\/www.ezycount.ch\/de\/"},{"@type":"ListItem","position":2,"name":"Editierbare Binder-Label-Vorlage mit Word"}]},{"@type":"WebSite","@id":"https:\/\/www.ezycount.ch\/fr\/#website","url":"https:\/\/www.ezycount.ch\/fr\/","name":"EZYcount","description":"Simplifiez votre comptabilit\u00e9 et gagnez du temps","potentialAction":[{"@type":"SearchAction","target":{"@type":"EntryPoint","urlTemplate":"https:\/\/www.ezycount.ch\/fr\/?s={search_term_string}"},"query-input":{"@type":"PropertyValueSpecification","valueRequired":true,"valueName":"search_term_string"}}],"inLanguage":"de"}]}},"_links":{"self":[{"href":"https:\/\/www.ezycount.ch\/de\/wp-json\/wp\/v2\/pages\/8652","targetHints":{"allow":["GET"]}}],"collection":[{"href":"https:\/\/www.ezycount.ch\/de\/wp-json\/wp\/v2\/pages"}],"about":[{"href":"https:\/\/www.ezycount.ch\/de\/wp-json\/wp\/v2\/types\/page"}],"author":[{"embeddable":true,"href":"https:\/\/www.ezycount.ch\/de\/wp-json\/wp\/v2\/users\/2"}],"replies":[{"embeddable":true,"href":"https:\/\/www.ezycount.ch\/de\/wp-json\/wp\/v2\/comments?post=8652"}],"version-history":[{"count":27,"href":"https:\/\/www.ezycount.ch\/de\/wp-json\/wp\/v2\/pages\/8652\/revisions"}],"predecessor-version":[{"id":16065,"href":"https:\/\/www.ezycount.ch\/de\/wp-json\/wp\/v2\/pages\/8652\/revisions\/16065"}],"wp:attachment":[{"href":"https:\/\/www.ezycount.ch\/de\/wp-json\/wp\/v2\/media?parent=8652"}],"curies":[{"name":"wp","href":"https:\/\/api.w.org\/{rel}","templated":true}]}}