{"id":8840,"date":"2020-10-13T14:26:19","date_gmt":"2020-10-13T13:26:19","guid":{"rendered":"https:\/\/www.ezycount.ch\/?page_id=8840"},"modified":"2021-04-21T14:25:18","modified_gmt":"2021-04-21T13:25:18","slug":"verbinden-sie-ihre-schweizer-buchhaltung-mit-stripe","status":"publish","type":"page","link":"https:\/\/www.ezycount.ch\/de\/verbinden-sie-ihre-schweizer-buchhaltung-mit-stripe\/","title":{"rendered":"Verbinden Sie Ihre Schweizer Buchhaltung mit stripe"},"content":{"rendered":"<p><span><img decoding=\"async\" alt=\"Logo stripe\" data-id=\"8792\" width=\"300\" data-init-width=\"937\" height=\"143\" data-init-height=\"446\" title=\"Stripe wordmark - blurple_sm\" loading=\"lazy\" src=\"https:\/\/www.ezycount.ch\/wp-content\/uploads\/2020\/10\/Stripe-wordmark-blurple_sm.png\" data-width=\"300\" data-height=\"143\" style=\"\"><\/span><span><img decoding=\"async\" alt=\"EZYcount white logo\" data-id=\"7305\" width=\"336\" data-init-width=\"1400\" height=\"143\" data-init-height=\"600\" title=\"EZYcount white logo\" loading=\"lazy\" src=\"https:\/\/www.ezycount.ch\/wp-content\/uploads\/2018\/07\/ezycount-share-logo-1.jpg\" data-width=\"336\" data-height=\"143\" style=\"\"><\/span><\/p>\n<h1 style=\"\">Verbinden Sie Ihre Schweizer EZYcount Buchhaltung mit stripe und automatisieren Sie Ihre Einnahmen<\/h1>\n<p>M\u00f6chten Sie sich online auszahlen lassen? Mit stripe ist es einfach. Integrieren Sie diese innovative Online-Inkassol\u00f6sung f\u00fcr Ihre Website oder Rechnung und bieten Sie Ihren Kunden die M\u00f6glichkeit, sofort zu bezahlen. Dar\u00fcber hinaus werden alle Transaktionen automatisch am n\u00e4chsten Tag in Ihrer EZYcount-Buchhaltung erfasst.<\/p>\n<h2 style=\"\">Schneller abkassieren mit Stripe<\/h2>\n<p>Dank der Integration von stripe und EZYcount k\u00f6nnen Ihre Kunden auf Ihrer Website einkaufen oder Ihre Rechnungen mit ihrer bevorzugten Zahlungsmethode bezahlen: Kreditkarte, Debitkarte, Google oder Apple Pay.Sie schlie\u00dfen sich damit den Millionen von Unternehmen weltweit an, die jedes Jahr Transaktionen in H\u00f6he von Milliarden von Franken mit Hilfe von stripe abwickeln.<\/p>\n<p><span><img decoding=\"async\" alt=\"Encaissement par carte de cr\u00e9dit\" data-id=\"8805\" width=\"400\" data-init-width=\"450\" height=\"267\" data-init-height=\"300\" title=\"rupixen-com-Q59HmzK38eQ-unsplash (1)\" loading=\"lazy\" src=\"https:\/\/www.ezycount.ch\/wp-content\/uploads\/2020\/10\/rupixen-com-Q59HmzK38eQ-unsplash-1.jpg\" data-width=\"400\" data-height=\"267\" style=\"\"><\/span><\/p>\n<h2 style=\"\">Alle Ihre stripe-transaktionen mit einem Klick gebucht<\/h2>\n<p><strong>Meist gesehene Inhalte:<\/strong><\/p>\n<p style=\"\">\n<p>    __CONFIG_colors_palette__{&#8222;active_palette&#8220;:0,&#8220;config&#8220;:{&#8222;colors&#8220;:{&#8222;9bd08&#8220;:{&#8222;name&#8220;:&#8220;Main Accent&#8220;,&#8220;parent&#8220;:-1}},&#8220;gradients&#8220;:[]},&#8220;palettes&#8220;:[{&#8222;name&#8220;:&#8220;Default Palette&#8220;,&#8220;value&#8220;:{&#8222;colors&#8220;:{&#8222;9bd08&#8220;:{&#8222;val&#8220;:&#8220;rgb(245, 168, 28)&#8220;}},&#8220;gradients&#8220;:[]},&#8220;original&#8220;:{&#8222;colors&#8220;:{&#8222;9bd08&#8220;:{&#8222;val&#8220;:&#8220;rgb(19, 114, 211)&#8220;,&#8220;hsl&#8220;:{&#8222;h&#8220;:210,&#8220;s&#8220;:0.83,&#8220;l&#8220;:0.45}}},&#8220;gradients&#8220;:[]}}]}__CONFIG_colors_palette__ <a href=\"https:\/\/www.ezycount.ch\/de\/\" style=\"\" target=\"_blank\" rel=\"noopener\"><span>        <\/span> <span><span style=\"\">Buchhaltung<\/span><span><\/span><\/span> <\/a> <\/p>\n<p style=\"\">Eine einfach zu bedienende, sichere Online-Buchhaltungs- und Rechnungsplattform f\u00fcr KMUs und Selbstst\u00e4ndige.<\/p>\n<p>      __CONFIG_colors_palette__{&#8222;active_palette&#8220;:0,&#8220;config&#8220;:{&#8222;colors&#8220;:{&#8222;9bd08&#8220;:{&#8222;name&#8220;:&#8220;Main Accent&#8220;,&#8220;parent&#8220;:-1}},&#8220;gradients&#8220;:[]},&#8220;palettes&#8220;:[{&#8222;name&#8220;:&#8220;Default Palette&#8220;,&#8220;value&#8220;:{&#8222;colors&#8220;:{&#8222;9bd08&#8220;:{&#8222;val&#8220;:&#8220;hsla(var(&#8211;tcb-main-master-h, 210), var(&#8211;tcb-main-master-s, 77%), var(&#8211;tcb-main-master-l, 54%), 1)&#8220;}},&#8220;gradients&#8220;:[]},&#8220;original&#8220;:{&#8222;colors&#8220;:{&#8222;9bd08&#8220;:{&#8222;val&#8220;:&#8220;rgb(19, 114, 211)&#8220;,&#8220;hsl&#8220;:{&#8222;h&#8220;:210,&#8220;s&#8220;:0.83,&#8220;l&#8220;:0.45}}},&#8220;gradients&#8220;:[]}}]}__CONFIG_colors_palette__ <a href=\"https:\/\/www.ezycount.ch\/de\/wie-konnen-sie-ihr-buro-einfach-organisieren\/\" style=\"\"><span>        <\/span> <span><span style=\"\">Wie k\u00f6nnen Sie Ihr B\u00fcro organisieren?<\/span><span><\/span><\/span> <\/a> <\/p>\n<p style=\"\">Es braucht keine schwierige L\u00f6sung, nur die richtige. Ein kurzes Video und 8 schnelle Schritte, um Ihr B\u00fcro einfach aufzur\u00e4umen und zu organisieren.<\/p>\n<p>      __CONFIG_colors_palette__{&#8222;active_palette&#8220;:0,&#8220;config&#8220;:{&#8222;colors&#8220;:{&#8222;9bd08&#8220;:{&#8222;name&#8220;:&#8220;Main Accent&#8220;,&#8220;parent&#8220;:-1}},&#8220;gradients&#8220;:[]},&#8220;palettes&#8220;:[{&#8222;name&#8220;:&#8220;Default Palette&#8220;,&#8220;value&#8220;:{&#8222;colors&#8220;:{&#8222;9bd08&#8220;:{&#8222;val&#8220;:&#8220;hsla(var(&#8211;tcb-main-master-h, 210), var(&#8211;tcb-main-master-s, 77%), var(&#8211;tcb-main-master-l, 54%), 1)&#8220;}},&#8220;gradients&#8220;:[]},&#8220;original&#8220;:{&#8222;colors&#8220;:{&#8222;9bd08&#8220;:{&#8222;val&#8220;:&#8220;rgb(19, 114, 211)&#8220;,&#8220;hsl&#8220;:{&#8222;h&#8220;:210,&#8220;s&#8220;:0.83,&#8220;l&#8220;:0.45}}},&#8220;gradients&#8220;:[]}}]}__CONFIG_colors_palette__ <a href=\"https:\/\/www.ezycount.ch\/de\/wie-erstellt-man-schweizer-standardrechnungen\/\" style=\"\" target=\"_blank\" rel=\"noopener\"><span>        <\/span> <span><span style=\"\">Rechnungsstellung<\/span><span><\/span><\/span> <\/a> <\/p>\n<p style=\"\">Alle notwendigen Informationen wie gesetzliche Vorgaben und n\u00fctzliche Tipps zur Erstellung von Schweizer Standardrechnungen<\/p>\n<p>      __CONFIG_colors_palette__{&#8222;active_palette&#8220;:0,&#8220;config&#8220;:{&#8222;colors&#8220;:{&#8222;9bd08&#8220;:{&#8222;name&#8220;:&#8220;Main Accent&#8220;,&#8220;parent&#8220;:-1}},&#8220;gradients&#8220;:[]},&#8220;palettes&#8220;:[{&#8222;name&#8220;:&#8220;Default Palette&#8220;,&#8220;value&#8220;:{&#8222;colors&#8220;:{&#8222;9bd08&#8220;:{&#8222;val&#8220;:&#8220;hsla(var(&#8211;tcb-main-master-h, 210), var(&#8211;tcb-main-master-s, 77%), var(&#8211;tcb-main-master-l, 54%), 1)&#8220;}},&#8220;gradients&#8220;:[]},&#8220;original&#8220;:{&#8222;colors&#8220;:{&#8222;9bd08&#8220;:{&#8222;val&#8220;:&#8220;rgb(19, 114, 211)&#8220;,&#8220;hsl&#8220;:{&#8222;h&#8220;:210,&#8220;s&#8220;:0.83,&#8220;l&#8220;:0.45}}},&#8220;gradients&#8220;:[]}}]}__CONFIG_colors_palette__ <a href=\"https:\/\/www.ezycount.ch\/de\/startup-bewertungsmodell-free-excel\/\" style=\"\" target=\"_blank\" rel=\"noopener\"><span>        <\/span> <span><span style=\"\">Startup-Bewertung&nbsp;<\/span><span><\/span><\/span> <\/a> <\/p>\n<p style=\"\">Kennen Sie den Barwert aller zuk\u00fcnftigen Gewinne Ihres Unternehmens? Laden Sie das perfekte Startup-Bewertungsmodell kostenlos herunter.<\/p>\n<p>  __CONFIG_group_edit__{&#8222;kbjp1vpj&#8220;:{&#8222;name&#8220;:&#8220;All Logo(s)&#8220;,&#8220;singular&#8220;:&#8220;&#8211; Logo %s&#8220;},&#8220;kbjp1xfn&#8220;:{&#8222;name&#8220;:&#8220;All Title(s)&#8220;,&#8220;singular&#8220;:&#8220;&#8211; Text %s&#8220;},&#8220;kbjp22kc&#8220;:{&#8222;name&#8220;:&#8220;All Paragraph(s)&#8220;,&#8220;singular&#8220;:&#8220;&#8211; Text %s&#8220;},&#8220;kbjp2ag5&#8243;:{&#8222;name&#8220;:&#8220;All Read Review Button(s)&#8220;,&#8220;singular&#8220;:&#8220;&#8211; Button %s&#8220;},&#8220;kbjp3xj6&#8243;:{&#8222;name&#8220;:&#8220;All Visit Website Button(s)&#8220;,&#8220;singular&#8220;:&#8220;&#8211; Button %s&#8220;},&#8220;kbjp44dp&#8220;:{&#8222;name&#8220;:&#8220;All Buttons Column(s)&#8220;,&#8220;singular&#8220;:&#8220;&#8211; Column %s&#8220;},&#8220;kbjp4d43&#8243;:{&#8222;name&#8220;:&#8220;All Text Column(s)&#8220;,&#8220;singular&#8220;:&#8220;&#8211; Column %s&#8220;},&#8220;kbjp4k9i&#8220;:{&#8222;name&#8220;:&#8220;All Content Box(s)&#8220;,&#8220;singular&#8220;:&#8220;&#8211; Content Box %s&#8220;},&#8220;kbjp4mck&#8220;:{&#8222;name&#8220;:&#8220;All Content Box(s)&#8220;,&#8220;singular&#8220;:&#8220;&#8211; Content Box %s&#8220;}}__CONFIG_group_edit____CONFIG_local_colors__{&#8222;colors&#8220;:{},&#8220;gradients&#8220;:{}}__CONFIG_local_colors____CONFIG_colors_palette__{&#8222;active_palette&#8220;:0,&#8220;config&#8220;:{&#8222;colors&#8220;:{&#8222;55242&#8220;:{&#8222;name&#8220;:&#8220;Accent Lighter&#8220;,&#8220;parent&#8220;:&#8220;3c75f&#8220;,&#8220;lock&#8220;:{&#8222;saturation&#8220;:0,&#8220;lightness&#8220;:1}},&#8220;3c75f&#8220;:{&#8222;name&#8220;:&#8220;Main Accent&#8220;,&#8220;parent&#8220;:-1},&#8220;965f3&#8243;:{&#8222;name&#8220;:&#8220;Accent Transparent&#8220;,&#8220;parent&#8220;:&#8220;3c75f&#8220;}},&#8220;gradients&#8220;:[]},&#8220;palettes&#8220;:[{&#8222;name&#8220;:&#8220;Default&#8220;,&#8220;value&#8220;:{&#8222;colors&#8220;:{&#8222;55242&#8220;:{&#8222;val&#8220;:&#8220;rgb(198, 199, 199)&#8220;,&#8220;hsl_parent_dependency&#8220;:{&#8222;h&#8220;:144,&#8220;l&#8220;:0.78,&#8220;s&#8220;:-0.01}},&#8220;3c75f&#8220;:{&#8222;val&#8220;:&#8220;var(&#8211;tcb-skin-color-0)&#8220;},&#8220;965f3&#8243;:{&#8222;val&#8220;:&#8220;rgba(245, 165, 25, 0.47)&#8220;,&#8220;hsl_parent_dependency&#8220;:{&#8222;h&#8220;:38,&#8220;l&#8220;:0.53,&#8220;s&#8220;:0.92}}},&#8220;gradients&#8220;:[]},&#8220;original&#8220;:{&#8222;colors&#8220;:{&#8222;55242&#8220;:{&#8222;val&#8220;:&#8220;rgb(201, 201, 201)&#8220;,&#8220;hsl_parent_dependency&#8220;:{&#8222;h&#8220;:0,&#8220;s&#8220;:0,&#8220;l&#8220;:0.78}},&#8220;3c75f&#8220;:{&#8222;val&#8220;:&#8220;rgb(102, 57, 248)&#8220;,&#8220;hsl&#8220;:{&#8222;h&#8220;:254,&#8220;s&#8220;:0.93,&#8220;l&#8220;:0.59}},&#8220;965f3&#8243;:{&#8222;val&#8220;:&#8220;rgba(102, 57, 248, 0.47)&#8220;,&#8220;hsl_parent_dependency&#8220;:{&#8222;h&#8220;:254,&#8220;s&#8220;:0.93,&#8220;l&#8220;:0.59}}},&#8220;gradients&#8220;:[]}}]}__CONFIG_colors_palette__  <span><img decoding=\"async\" alt=\"Retrouver le plaisir de faire votre comptabilit\u00e9 avec EZYcount\" data-id=\"11313\" width=\"282\" data-init-width=\"600\" height=\"188\" data-init-height=\"400\" title=\"retrouver le plaisir de faire votre comptabilit\u00e9 avec EZYcount\" loading=\"lazy\" src=\"https:\/\/www.ezycount.ch\/wp-content\/uploads\/2021\/04\/retrouver-le-plaisir-de-faire-votre-comptabilite-avec-EZYcount.jpg\" data-width=\"282\" data-height=\"188\"><\/span><\/p>\n<h6 id=\"t-1603173024694\" style=\"\">Sind Sie auf der Suche nach einer einfachen Schweizer Buchhaltungsl\u00f6sung?<\/h6>\n<h6 id=\"t-1617366489036\" style=\"\">EZYcount ist f\u00fcr Sie.<\/h6>\n<p> <a href=\"https:\/\/app.ezycount.ch\/change-language\/de\/0?referer=https:\/\/app.ezycount.ch\/register\" style=\"\" target=\"_blank\" rel=\"noopener\"><span style=\"\">    <\/span> <span style=\"\"><span style=\"\">Jetzt probieren<\/span><\/span> <\/a>  <\/p>\n<p style=\"\">Wo auch immer Sie Zahlungen per stripe erhalten, sei es \u00fcber Rechnungen oder einen Online-Shop, sehen Sie dank der EZYcount Stripe-Integration automatisch die in EZYcount eingegebenen Transaktionsdaten. Zahlungen und Geb\u00fchren werden automatisch getrennt. Sie k\u00f6nnen Regeln erstellen, so dass sie automatisch auf die richtigen Konten in Ihrer Buchhaltung gebucht werden. Sie reduzieren nicht nur den Zeitaufwand f\u00fcr Ihre Buchhaltung, sondern auch das Risiko von Tippfehlern.<\/p>\n<p><span><img decoding=\"async\" alt=\"\u00e9cran connexion stripe EZYcount\" data-id=\"8810\" width=\"531\" data-init-width=\"450\" height=\"271\" data-init-height=\"230\" title=\"Capture\" loading=\"lazy\" src=\"https:\/\/www.ezycount.ch\/wp-content\/uploads\/2020\/10\/Capture.jpg\" data-width=\"531\" data-height=\"271\" style=\"\"><\/span><\/p>\n<h2 style=\"\">Ihre Schweizer Buchhaltung wird t\u00e4glich aktualisiert<\/h2>\n<p>Dadurch, dass Sie t\u00e4glich stripe-Transaktionen erhalten, wird Ihre Schweizer Buchhaltung t\u00e4glich aktualisiert. Sie haben stets relevante und aktuelle Finanzinformationen \u00fcber Ihr Unternehmen zur Hand. Mit der Integration des EZYcount-stripe k\u00f6nnen Sie die Umsatzentwicklung Ihres Online-Shops oder Ihrer Rechnungsstellung t\u00e4glich verfolgen. Wenn Sie \u00fcber aktuelle Finanzinformationen verf\u00fcgen, haben Sie alle relevanten Informationen, um die richtigen Entscheidungen zu treffen.<\/p>\n<h2 style=\"\">Beginnen Sie mit EZYcount<\/h2>\n<p style=\"\"><strong>Es ist sehr einfach, mit EZYcount und Stripe anzufangen. Es dauert nur wenige Minuten und Sie werden Ihre ersten stripe-Transaktionen automatisch in EZYcount verbucht haben.<\/strong><\/p>\n<p>Haben Sie Fragen, wie Sie Ihre Schweizer Buchhaltung mit Stripe verkn\u00fcpfen k\u00f6nnen? Kontaktieren Sie unser EZYcount-Team f\u00fcr sofortige Hilfe: support@ezycount.ch<\/p>\n","protected":false},"excerpt":{"rendered":"<p>Verbinden Sie Ihre Schweizer EZYcount Buchhaltung mit stripe und automatisieren Sie Ihre Einnahmen M\u00f6chten Sie sich online auszahlen lassen? Mit stripe ist es einfach. Integrieren Sie diese innovative Online-Inkassol\u00f6sung f\u00fcr Ihre Website oder Rechnung und bieten Sie Ihren Kunden die M\u00f6glichkeit, sofort zu bezahlen. Dar\u00fcber hinaus werden alle Transaktionen automatisch am n\u00e4chsten Tag in Ihrer [&hellip;]<\/p>\n","protected":false},"author":2,"featured_media":0,"parent":0,"menu_order":0,"comment_status":"closed","ping_status":"closed","template":"","meta":{"footnotes":""},"class_list":["post-8840","page","type-page","status-publish","hentry","post-wrapper","thrv_wrapper"],"yoast_head":"<!-- This site is optimized with the Yoast SEO plugin v25.3 - https:\/\/yoast.com\/wordpress\/plugins\/seo\/ -->\n<title>Verbinden Sie Ihre Schweizer Buchhaltung mit stripe - EZYcount<\/title>\n<meta name=\"description\" content=\"Kreditkarte, Debitkarte, Google oder Apple Pay? Lassen Sie Ihre Kunden w\u00e4hlen. Verkn\u00fcpfen Sie Ihre Schweizer Buchhaltung mit Stripe\" \/>\n<meta name=\"robots\" content=\"index, follow, max-snippet:-1, max-image-preview:large, max-video-preview:-1\" \/>\n<link rel=\"canonical\" href=\"https:\/\/www.ezycount.ch\/de\/verbinden-sie-ihre-schweizer-buchhaltung-mit-stripe\/\" \/>\n<meta property=\"og:locale\" content=\"de_DE\" \/>\n<meta property=\"og:type\" content=\"article\" \/>\n<meta property=\"og:title\" content=\"Verbinden Sie Ihre Schweizer Buchhaltung mit stripe - EZYcount\" \/>\n<meta property=\"og:description\" content=\"Kreditkarte, Debitkarte, Google oder Apple Pay? Lassen Sie Ihre Kunden w\u00e4hlen. Verkn\u00fcpfen Sie Ihre Schweizer Buchhaltung mit Stripe\" \/>\n<meta property=\"og:url\" content=\"https:\/\/www.ezycount.ch\/de\/verbinden-sie-ihre-schweizer-buchhaltung-mit-stripe\/\" \/>\n<meta property=\"og:site_name\" content=\"EZYcount\" \/>\n<meta property=\"article:modified_time\" content=\"2021-04-21T13:25:18+00:00\" \/>\n<meta property=\"og:image\" content=\"https:\/\/www.ezycount.ch\/wp-content\/uploads\/2020\/10\/Stripe-wordmark-blurple_sm.png\" \/>\n<meta name=\"twitter:card\" content=\"summary_large_image\" \/>\n<meta name=\"twitter:label1\" content=\"Gesch\u00e4tzte Lesezeit\" \/>\n\t<meta name=\"twitter:data1\" content=\"3\u00a0Minuten\" \/>\n<script type=\"application\/ld+json\" class=\"yoast-schema-graph\">{\"@context\":\"https:\/\/schema.org\",\"@graph\":[{\"@type\":\"WebPage\",\"@id\":\"https:\/\/www.ezycount.ch\/de\/verbinden-sie-ihre-schweizer-buchhaltung-mit-stripe\/\",\"url\":\"https:\/\/www.ezycount.ch\/de\/verbinden-sie-ihre-schweizer-buchhaltung-mit-stripe\/\",\"name\":\"Verbinden Sie Ihre Schweizer Buchhaltung mit stripe - EZYcount\",\"isPartOf\":{\"@id\":\"https:\/\/www.ezycount.ch\/fr\/#website\"},\"primaryImageOfPage\":{\"@id\":\"https:\/\/www.ezycount.ch\/de\/verbinden-sie-ihre-schweizer-buchhaltung-mit-stripe\/#primaryimage\"},\"image\":{\"@id\":\"https:\/\/www.ezycount.ch\/de\/verbinden-sie-ihre-schweizer-buchhaltung-mit-stripe\/#primaryimage\"},\"thumbnailUrl\":\"https:\/\/www.ezycount.ch\/wp-content\/uploads\/2020\/10\/Stripe-wordmark-blurple_sm.png\",\"datePublished\":\"2020-10-13T13:26:19+00:00\",\"dateModified\":\"2021-04-21T13:25:18+00:00\",\"description\":\"Kreditkarte, Debitkarte, Google oder Apple Pay? Lassen Sie Ihre Kunden w\u00e4hlen. Verkn\u00fcpfen Sie Ihre Schweizer Buchhaltung mit Stripe\",\"breadcrumb\":{\"@id\":\"https:\/\/www.ezycount.ch\/de\/verbinden-sie-ihre-schweizer-buchhaltung-mit-stripe\/#breadcrumb\"},\"inLanguage\":\"de\",\"potentialAction\":[{\"@type\":\"ReadAction\",\"target\":[\"https:\/\/www.ezycount.ch\/de\/verbinden-sie-ihre-schweizer-buchhaltung-mit-stripe\/\"]}]},{\"@type\":\"ImageObject\",\"inLanguage\":\"de\",\"@id\":\"https:\/\/www.ezycount.ch\/de\/verbinden-sie-ihre-schweizer-buchhaltung-mit-stripe\/#primaryimage\",\"url\":\"https:\/\/www.ezycount.ch\/wp-content\/uploads\/2020\/10\/Stripe-wordmark-blurple_sm.png\",\"contentUrl\":\"https:\/\/www.ezycount.ch\/wp-content\/uploads\/2020\/10\/Stripe-wordmark-blurple_sm.png\"},{\"@type\":\"BreadcrumbList\",\"@id\":\"https:\/\/www.ezycount.ch\/de\/verbinden-sie-ihre-schweizer-buchhaltung-mit-stripe\/#breadcrumb\",\"itemListElement\":[{\"@type\":\"ListItem\",\"position\":1,\"name\":\"Home\",\"item\":\"https:\/\/www.ezycount.ch\/de\/\"},{\"@type\":\"ListItem\",\"position\":2,\"name\":\"Verbinden Sie Ihre Schweizer Buchhaltung mit stripe\"}]},{\"@type\":\"WebSite\",\"@id\":\"https:\/\/www.ezycount.ch\/fr\/#website\",\"url\":\"https:\/\/www.ezycount.ch\/fr\/\",\"name\":\"EZYcount\",\"description\":\"Simplifiez votre comptabilit\u00e9 et gagnez du temps\",\"potentialAction\":[{\"@type\":\"SearchAction\",\"target\":{\"@type\":\"EntryPoint\",\"urlTemplate\":\"https:\/\/www.ezycount.ch\/fr\/?s={search_term_string}\"},\"query-input\":{\"@type\":\"PropertyValueSpecification\",\"valueRequired\":true,\"valueName\":\"search_term_string\"}}],\"inLanguage\":\"de\"}]}<\/script>\n<!-- \/ Yoast SEO plugin. -->","yoast_head_json":{"title":"Verbinden Sie Ihre Schweizer Buchhaltung mit stripe - EZYcount","description":"Kreditkarte, Debitkarte, Google oder Apple Pay? Lassen Sie Ihre Kunden w\u00e4hlen. Verkn\u00fcpfen Sie Ihre Schweizer Buchhaltung mit Stripe","robots":{"index":"index","follow":"follow","max-snippet":"max-snippet:-1","max-image-preview":"max-image-preview:large","max-video-preview":"max-video-preview:-1"},"canonical":"https:\/\/www.ezycount.ch\/de\/verbinden-sie-ihre-schweizer-buchhaltung-mit-stripe\/","og_locale":"de_DE","og_type":"article","og_title":"Verbinden Sie Ihre Schweizer Buchhaltung mit stripe - EZYcount","og_description":"Kreditkarte, Debitkarte, Google oder Apple Pay? Lassen Sie Ihre Kunden w\u00e4hlen. Verkn\u00fcpfen Sie Ihre Schweizer Buchhaltung mit Stripe","og_url":"https:\/\/www.ezycount.ch\/de\/verbinden-sie-ihre-schweizer-buchhaltung-mit-stripe\/","og_site_name":"EZYcount","article_modified_time":"2021-04-21T13:25:18+00:00","og_image":[{"url":"https:\/\/www.ezycount.ch\/wp-content\/uploads\/2020\/10\/Stripe-wordmark-blurple_sm.png","type":"","width":"","height":""}],"twitter_card":"summary_large_image","twitter_misc":{"Gesch\u00e4tzte Lesezeit":"3\u00a0Minuten"},"schema":{"@context":"https:\/\/schema.org","@graph":[{"@type":"WebPage","@id":"https:\/\/www.ezycount.ch\/de\/verbinden-sie-ihre-schweizer-buchhaltung-mit-stripe\/","url":"https:\/\/www.ezycount.ch\/de\/verbinden-sie-ihre-schweizer-buchhaltung-mit-stripe\/","name":"Verbinden Sie Ihre Schweizer Buchhaltung mit stripe - EZYcount","isPartOf":{"@id":"https:\/\/www.ezycount.ch\/fr\/#website"},"primaryImageOfPage":{"@id":"https:\/\/www.ezycount.ch\/de\/verbinden-sie-ihre-schweizer-buchhaltung-mit-stripe\/#primaryimage"},"image":{"@id":"https:\/\/www.ezycount.ch\/de\/verbinden-sie-ihre-schweizer-buchhaltung-mit-stripe\/#primaryimage"},"thumbnailUrl":"https:\/\/www.ezycount.ch\/wp-content\/uploads\/2020\/10\/Stripe-wordmark-blurple_sm.png","datePublished":"2020-10-13T13:26:19+00:00","dateModified":"2021-04-21T13:25:18+00:00","description":"Kreditkarte, Debitkarte, Google oder Apple Pay? Lassen Sie Ihre Kunden w\u00e4hlen. Verkn\u00fcpfen Sie Ihre Schweizer Buchhaltung mit Stripe","breadcrumb":{"@id":"https:\/\/www.ezycount.ch\/de\/verbinden-sie-ihre-schweizer-buchhaltung-mit-stripe\/#breadcrumb"},"inLanguage":"de","potentialAction":[{"@type":"ReadAction","target":["https:\/\/www.ezycount.ch\/de\/verbinden-sie-ihre-schweizer-buchhaltung-mit-stripe\/"]}]},{"@type":"ImageObject","inLanguage":"de","@id":"https:\/\/www.ezycount.ch\/de\/verbinden-sie-ihre-schweizer-buchhaltung-mit-stripe\/#primaryimage","url":"https:\/\/www.ezycount.ch\/wp-content\/uploads\/2020\/10\/Stripe-wordmark-blurple_sm.png","contentUrl":"https:\/\/www.ezycount.ch\/wp-content\/uploads\/2020\/10\/Stripe-wordmark-blurple_sm.png"},{"@type":"BreadcrumbList","@id":"https:\/\/www.ezycount.ch\/de\/verbinden-sie-ihre-schweizer-buchhaltung-mit-stripe\/#breadcrumb","itemListElement":[{"@type":"ListItem","position":1,"name":"Home","item":"https:\/\/www.ezycount.ch\/de\/"},{"@type":"ListItem","position":2,"name":"Verbinden Sie Ihre Schweizer Buchhaltung mit stripe"}]},{"@type":"WebSite","@id":"https:\/\/www.ezycount.ch\/fr\/#website","url":"https:\/\/www.ezycount.ch\/fr\/","name":"EZYcount","description":"Simplifiez votre comptabilit\u00e9 et gagnez du temps","potentialAction":[{"@type":"SearchAction","target":{"@type":"EntryPoint","urlTemplate":"https:\/\/www.ezycount.ch\/fr\/?s={search_term_string}"},"query-input":{"@type":"PropertyValueSpecification","valueRequired":true,"valueName":"search_term_string"}}],"inLanguage":"de"}]}},"_links":{"self":[{"href":"https:\/\/www.ezycount.ch\/de\/wp-json\/wp\/v2\/pages\/8840","targetHints":{"allow":["GET"]}}],"collection":[{"href":"https:\/\/www.ezycount.ch\/de\/wp-json\/wp\/v2\/pages"}],"about":[{"href":"https:\/\/www.ezycount.ch\/de\/wp-json\/wp\/v2\/types\/page"}],"author":[{"embeddable":true,"href":"https:\/\/www.ezycount.ch\/de\/wp-json\/wp\/v2\/users\/2"}],"replies":[{"embeddable":true,"href":"https:\/\/www.ezycount.ch\/de\/wp-json\/wp\/v2\/comments?post=8840"}],"version-history":[{"count":23,"href":"https:\/\/www.ezycount.ch\/de\/wp-json\/wp\/v2\/pages\/8840\/revisions"}],"predecessor-version":[{"id":12680,"href":"https:\/\/www.ezycount.ch\/de\/wp-json\/wp\/v2\/pages\/8840\/revisions\/12680"}],"wp:attachment":[{"href":"https:\/\/www.ezycount.ch\/de\/wp-json\/wp\/v2\/media?parent=8840"}],"curies":[{"name":"wp","href":"https:\/\/api.w.org\/{rel}","templated":true}]}}