{"id":9587,"date":"2021-02-01T12:33:28","date_gmt":"2021-02-01T11:33:28","guid":{"rendered":"https:\/\/www.ezycount.ch\/?page_id=9587"},"modified":"2021-11-09T23:40:51","modified_gmt":"2021-11-09T22:40:51","slug":"neues-wordpress-plugin","status":"publish","type":"page","link":"https:\/\/www.ezycount.ch\/de\/neues-wordpress-plugin\/","title":{"rendered":"Neues WordPress-Plugin Woocommerce"},"content":{"rendered":"<h3 style=\"\" id=\"t-1612173494405\" data-alt-text=\"Einf\u00fchrung\">Buchen Sie automatisch Transaktionen auf Ihrer WordPress-Website mit EZYcount-Konto<\/h3>\n<p>Verkaufen Sie online oder planen Sie einen Web-Shop zu erstellen? Sind Sie mit WordPress vertraut und m\u00f6chten Sie Ihre Buchungen automatisieren? Die M\u00f6glichkeit, Ihr WordPress-Konto mit Woocommerce zu verbinden, ist dank eines WordPress-Plugin m\u00f6glich. Ein intelligenter Weg, um ein Qualit\u00e4tsimage zu schaffen und die Kundenzufriedenheit zu verbessern.<\/p>\n<h3 style=\"\" id=\"t-1612173494406\">\u00dcber WordPress und Plugins<\/h3>\n<p>Haben Sie schon unsere Website besucht? Sieht doch nett aus, oder? EZYcount verwendet WordPress, ein kostenloses und quelloffenes Content-Management-System. Dies ist ein bekanntes Word-Programm, mit dem Sie Ihre eigene Website erstellen k\u00f6nnen. WordPress hat \u00fcber 50.000 Plugins, jedes mit einer anderen Funktion. Die Plugins k\u00f6nnen die Website verbessern oder ganz neue Funktionen hinzuf\u00fcgen. Sie erleichtern es den Benutzern, Attribute zu ihrer Website hinzuzuf\u00fcgen, ohne eine einzige Zeile Code zu kennen.<\/p>\n<h3 id=\"t-1612173494407\" style=\"\">\u00dcber Woocommerce<\/h3>\n<p>Woocommerce ist ein kostenloses WordPresse-Plugin, das Ihrer WordPress-Website E-Commerce-Funktionen hinzuf\u00fcgt, sodass Sie einen Online-Shop haben k\u00f6nnen. Nur ein paar Klicks und Ihre WordPress-Website verwandelt sich in eine voll funktionsf\u00e4hige E-Commerce-Website.Und noch wichtiger: einfach zu bedienen<\/p>\n<h3 data-alt-text=\"\" id=\"t-1617370043548\">Warum brauche ich dieses WordPress-Plugin? Wie wird es mir helfen?<\/h3>\n<h3 data-alt-text=\"Vorteile des Woocommerce-Plugins\" id=\"t-1612173494408\"><span style=\"color: rgb(0, 0, 0);\">Lassen Sie mich Ihnen einige Vorteile des&nbsp;<\/span><a href=\"https:\/\/wordpress.org\/plugins\/woocommerce\/\" target=\"_blank\" rel=\"noopener\"><span style=\"font-size: 1em;\"><span>Woocommerce-Plugins<\/span><\/span><\/a><span style=\"color: rgb(0, 0, 0);\"> vorstellen, damit Sie das k\u00f6nnen:<\/span><\/h3>\n<ul>\n<li><span style=\"font-size: 16px;\">Erstellen Sie aufmerksamkeitsstarke Websites mit Hilfe von gesch\u00e4ftsorientierten Themes<\/span><\/li>\n<li><span style=\"font-size: 16px;\">Passen Sie Ihre Seite schnell an <\/span><\/li>\n<li><span style=\"font-size: 16px;\">Erstellen Sie Mitgliedschaften, Abonnements und dynamische Preise <\/span><\/li>\n<li><span style=\"font-size: 16px;\">F\u00fcgen Sie sichere Zahlungsoptionen hinzu: Karten, mobile Wallets, Bank\u00fcberweisungen, etc.<\/span><\/li>\n<li><span style=\"font-size: 16px;\">Verbinden Sie sich mit bekannten Transportunternehmen wie UPS<\/span><\/li>\n<li><span style=\"font-size: 16px;\">Automatisierte Umsatzsteuerkalkulationen<\/span><\/li>\n<li><span style=\"font-size: 16px;\">Nutzen Sie den Marketing-Hub f\u00fcr neue Ideen und stellen Sie die Integration mit Facebook und Google her<\/span><\/li>\n<\/ul>\n<p><span style=\"font-size: 16px;\">Es mag beim ersten Mal seltsam erscheinen, aber wenn Sie mit dem Prozess beginnen, wird es sich aufkl\u00e4ren.<\/span><\/p>\n<h4 id=\"t-1612173494410\">Hier ist ein Beispiel:<\/h4>\n<p>Sie haben beschlossen, ein neues Produkt zu verkaufen. Ihr Freund hat Ihnen von WordPress erz\u00e4hlt, wo Sie eine kostenlose Website f\u00fcr Ihr(e) neues Produkt(e) erstellen k\u00f6nnen. Ihr Freund hat Ihnen auch gesagt, dass Sie eine sehr effiziente Website brauchen, um die Kundenzufriedenheit aufzubauen. Deshalb brauchen Sie einige zus\u00e4tzliche Funktionen auf der Seite. Also haben Sie sich entschieden, das Woocommerce-Plugin herunterzuladen, um die Vorteile davon zu nutzen. Mit dem Plugin k\u00f6nnen Sie Ihren Kunden die M\u00f6glichkeit geben, ein Mitgliederprofil zu erstellen und Sie bieten eine hochwertige Versandmethode an. Sie haben auch ein gro\u00dfartiges Marketing eingerichtet, indem Sie einige Tipps im Hub befolgt haben, um Ihre besten Kunden zu erreichen und mehr Gewinn durch einen sicheren Kanal f\u00fcr Zahlungen zu erzielen. Haben Sie es jetzt verstanden? Ich hoffe es!<\/p>\n<h3 id=\"t-1612173494411\" style=\"\">Wie kann ich das WordPress-Plugin bekommen?<\/h3>\n<p>Laden Sie das Woocommerce-Plugin auf Ihren Computer herunter, melden Sie sich dann in Ihrem WordPress-Adminbereich an und gehen Sie zu <strong>Plugins<\/strong> -&gt; <strong>Neu hinzuf\u00fcgen<\/strong>. Suchen Sie nach dem Plugin-Archiv und w\u00e4hlen Sie es aus. Klicken Sie dann auf <strong>Jetzt installieren<\/strong> und das Plugin wird in K\u00fcrze installiert.Auch die Entfernung ist in den meisten F\u00e4llen unkompliziert.<\/p>\n<h3 id=\"t-1612173494412\" style=\"\">Wie viel kostet es f\u00fcr mich?<\/h3>\n<p>Wenn Sie ein Abonnement bei EZYcount haben, k\u00f6nnen Sie dieses Plugin KOSTENLOS nutzen. Falls Sie kein Abonnement haben, besuchen Sie die <a href=\"http:\/\/www.ezycount.ch\" style=\"outline: none;\" target=\"_blank\" rel=\"noopener\">EZYcount-Website<\/a> f\u00fcr weitere Informationen.<\/p>\n<h3 id=\"t-1612173494413\">Wie kann ich Woocommerce in meine EZYcount-App integrieren?<\/h3>\n<h4 data-alt-text=\"7-Schritt-Anleitung\" id=\"t-1612173494414\"><span style=\"font-weight: normal;\">Dies sollte kein Problem sein, wenn Sie meiner 7-Schritte-Anleitung folgen.<\/span><\/h4>\n<p><span style=\"font-weight: normal;\"><\/span><\/p>\n<p style=\"\"><span style=\"font-weight: normal;\">1. Installieren Sie <\/span><a href=\"https:\/\/wordpress.org\/plugins\/woocommerce\/\" style=\"outline: none;\" target=\"_blank\" rel=\"noopener\"><span style=\"font-weight: normal; text-decoration: underline;\">Woocommerce<\/span><\/a><span style=\"font-weight: normal;\">. 2. Erstellen Sie die Produktkategorien und weisen Sie \u00fcbergeordnete Kategorien inkl. Unterkategorien mit Produkten in WordPress zu.3. Aktivieren Sie Woocommerce-Zahlungsmethoden4. Besuchen Sie <\/span><a href=\"http:\/\/www.ezycount.ch\" style=\"outline: none;\" target=\"_blank\" rel=\"noopener\"><span style=\"font-weight: normal; text-decoration: underline;\">EZYcount<\/span><\/a><span style=\"font-weight: normal;\">, loggen Sie sich in Ihr Konto ein und gehen Sie zu Parameter <img decoding=\"async\" role=\"img\" alt=\"\u27a1\ufe0f\" src=\"https:\/\/s.w.org\/images\/core\/emoji\/13.0.1\/svg\/27a1.svg\"> Firmendetails. Finden Sie Ihre Firmen-ID oben auf der Seite.5. Geben Sie im Plugin Ihren EZYcount-Benutzernamen, Ihr Passwort und Ihre Firmen-ID ein.6. Geben Sie im EZYcount-Plugin das 4-stellige Lastschriftkonto f\u00fcr jede Zahlungsmethode ein7. Geben Sie im EZYcount-Plugin das 4-stellige Guthabenkonto f\u00fcr die einzelnen Produktkategorien ein<\/span><\/p>\n<p><strong>Meist gesehene Inhalte:<\/strong><\/p>\n<p style=\"\">\n<p>    __CONFIG_colors_palette__{&#8222;active_palette&#8220;:0,&#8220;config&#8220;:{&#8222;colors&#8220;:{&#8222;9bd08&#8220;:{&#8222;name&#8220;:&#8220;Main Accent&#8220;,&#8220;parent&#8220;:-1}},&#8220;gradients&#8220;:[]},&#8220;palettes&#8220;:[{&#8222;name&#8220;:&#8220;Default Palette&#8220;,&#8220;value&#8220;:{&#8222;colors&#8220;:{&#8222;9bd08&#8220;:{&#8222;val&#8220;:&#8220;rgb(245, 168, 28)&#8220;}},&#8220;gradients&#8220;:[]},&#8220;original&#8220;:{&#8222;colors&#8220;:{&#8222;9bd08&#8220;:{&#8222;val&#8220;:&#8220;rgb(19, 114, 211)&#8220;,&#8220;hsl&#8220;:{&#8222;h&#8220;:210,&#8220;s&#8220;:0.83,&#8220;l&#8220;:0.45}}},&#8220;gradients&#8220;:[]}}]}__CONFIG_colors_palette__ <a href=\"https:\/\/www.ezycount.ch\/de\/\" style=\"\" target=\"_blank\" rel=\"noopener\"><span>        <\/span> <span><span style=\"\">Buchhaltung<\/span><span><\/span><\/span> <\/a> <\/p>\n<p style=\"\">Eine einfach zu bedienende, sichere Online-Buchhaltungs- und Rechnungsplattform f\u00fcr KMUs und Selbstst\u00e4ndige.<\/p>\n<p>      __CONFIG_colors_palette__{&#8222;active_palette&#8220;:0,&#8220;config&#8220;:{&#8222;colors&#8220;:{&#8222;9bd08&#8220;:{&#8222;name&#8220;:&#8220;Main Accent&#8220;,&#8220;parent&#8220;:-1}},&#8220;gradients&#8220;:[]},&#8220;palettes&#8220;:[{&#8222;name&#8220;:&#8220;Default Palette&#8220;,&#8220;value&#8220;:{&#8222;colors&#8220;:{&#8222;9bd08&#8220;:{&#8222;val&#8220;:&#8220;hsla(var(&#8211;tcb-main-master-h, 210), var(&#8211;tcb-main-master-s, 77%), var(&#8211;tcb-main-master-l, 54%), 1)&#8220;}},&#8220;gradients&#8220;:[]},&#8220;original&#8220;:{&#8222;colors&#8220;:{&#8222;9bd08&#8220;:{&#8222;val&#8220;:&#8220;rgb(19, 114, 211)&#8220;,&#8220;hsl&#8220;:{&#8222;h&#8220;:210,&#8220;s&#8220;:0.83,&#8220;l&#8220;:0.45}}},&#8220;gradients&#8220;:[]}}]}__CONFIG_colors_palette__ <a href=\"https:\/\/www.ezycount.ch\/de\/wie-konnen-sie-ihr-buro-einfach-organisieren\/\" style=\"\"><span>        <\/span> <span><span style=\"\">Wie k\u00f6nnen Sie Ihr B\u00fcro organisieren?<\/span><span><\/span><\/span> <\/a> <\/p>\n<p style=\"\">Es braucht keine schwierige L\u00f6sung, nur die richtige. Ein kurzes Video und 8 schnelle Schritte, um Ihr B\u00fcro einfach aufzur\u00e4umen und zu organisieren.<\/p>\n<p>      __CONFIG_colors_palette__{&#8222;active_palette&#8220;:0,&#8220;config&#8220;:{&#8222;colors&#8220;:{&#8222;9bd08&#8220;:{&#8222;name&#8220;:&#8220;Main Accent&#8220;,&#8220;parent&#8220;:-1}},&#8220;gradients&#8220;:[]},&#8220;palettes&#8220;:[{&#8222;name&#8220;:&#8220;Default Palette&#8220;,&#8220;value&#8220;:{&#8222;colors&#8220;:{&#8222;9bd08&#8220;:{&#8222;val&#8220;:&#8220;hsla(var(&#8211;tcb-main-master-h, 210), var(&#8211;tcb-main-master-s, 77%), var(&#8211;tcb-main-master-l, 54%), 1)&#8220;}},&#8220;gradients&#8220;:[]},&#8220;original&#8220;:{&#8222;colors&#8220;:{&#8222;9bd08&#8220;:{&#8222;val&#8220;:&#8220;rgb(19, 114, 211)&#8220;,&#8220;hsl&#8220;:{&#8222;h&#8220;:210,&#8220;s&#8220;:0.83,&#8220;l&#8220;:0.45}}},&#8220;gradients&#8220;:[]}}]}__CONFIG_colors_palette__ <a href=\"https:\/\/www.ezycount.ch\/de\/wie-erstellt-man-gesetzliche-schweizer-rechnungen\/\" style=\"\" target=\"_blank\" rel=\"noopener\"><span>        <\/span> <span><span style=\"\">Rechnungsstellung<\/span><span><\/span><\/span> <\/a> <\/p>\n<p style=\"\">Alle notwendigen Informationen wie gesetzliche Vorgaben und n\u00fctzliche Tipps zur Erstellung von Schweizer Standardrechnungen<\/p>\n<p>      __CONFIG_colors_palette__{&#8222;active_palette&#8220;:0,&#8220;config&#8220;:{&#8222;colors&#8220;:{&#8222;9bd08&#8220;:{&#8222;name&#8220;:&#8220;Main Accent&#8220;,&#8220;parent&#8220;:-1}},&#8220;gradients&#8220;:[]},&#8220;palettes&#8220;:[{&#8222;name&#8220;:&#8220;Default Palette&#8220;,&#8220;value&#8220;:{&#8222;colors&#8220;:{&#8222;9bd08&#8220;:{&#8222;val&#8220;:&#8220;hsla(var(&#8211;tcb-main-master-h, 210), var(&#8211;tcb-main-master-s, 77%), var(&#8211;tcb-main-master-l, 54%), 1)&#8220;}},&#8220;gradients&#8220;:[]},&#8220;original&#8220;:{&#8222;colors&#8220;:{&#8222;9bd08&#8220;:{&#8222;val&#8220;:&#8220;rgb(19, 114, 211)&#8220;,&#8220;hsl&#8220;:{&#8222;h&#8220;:210,&#8220;s&#8220;:0.83,&#8220;l&#8220;:0.45}}},&#8220;gradients&#8220;:[]}}]}__CONFIG_colors_palette__ <a href=\"https:\/\/www.ezycount.ch\/de\/startup-bewertungsmodell-free-excel\/\" style=\"\" target=\"_blank\" rel=\"noopener\"><span>        <\/span> <span><span style=\"\">Startup-Bewertung&nbsp;<\/span><span><\/span><\/span> <\/a> <\/p>\n<p style=\"\">Kennen Sie den Barwert aller zuk\u00fcnftigen Gewinne Ihres Unternehmens? Laden Sie das perfekte Startup-Bewertungsmodell kostenlos herunter.<\/p>\n<p>  __CONFIG_group_edit__{&#8222;kbjp1vpj&#8220;:{&#8222;name&#8220;:&#8220;All Logo(s)&#8220;,&#8220;singular&#8220;:&#8220;&#8211; Logo %s&#8220;},&#8220;kbjp1xfn&#8220;:{&#8222;name&#8220;:&#8220;All Title(s)&#8220;,&#8220;singular&#8220;:&#8220;&#8211; Text %s&#8220;},&#8220;kbjp22kc&#8220;:{&#8222;name&#8220;:&#8220;All Paragraph(s)&#8220;,&#8220;singular&#8220;:&#8220;&#8211; Text %s&#8220;},&#8220;kbjp2ag5&#8243;:{&#8222;name&#8220;:&#8220;All Read Review Button(s)&#8220;,&#8220;singular&#8220;:&#8220;&#8211; Button %s&#8220;},&#8220;kbjp3xj6&#8243;:{&#8222;name&#8220;:&#8220;All Visit Website Button(s)&#8220;,&#8220;singular&#8220;:&#8220;&#8211; Button %s&#8220;},&#8220;kbjp44dp&#8220;:{&#8222;name&#8220;:&#8220;All Buttons Column(s)&#8220;,&#8220;singular&#8220;:&#8220;&#8211; Column %s&#8220;},&#8220;kbjp4d43&#8243;:{&#8222;name&#8220;:&#8220;All Text Column(s)&#8220;,&#8220;singular&#8220;:&#8220;&#8211; Column %s&#8220;},&#8220;kbjp4k9i&#8220;:{&#8222;name&#8220;:&#8220;All Content Box(s)&#8220;,&#8220;singular&#8220;:&#8220;&#8211; Content Box %s&#8220;},&#8220;kbjp4mck&#8220;:{&#8222;name&#8220;:&#8220;All Content Box(s)&#8220;,&#8220;singular&#8220;:&#8220;&#8211; Content Box %s&#8220;}}__CONFIG_group_edit____CONFIG_local_colors__{&#8222;colors&#8220;:{},&#8220;gradients&#8220;:{}}__CONFIG_local_colors____CONFIG_colors_palette__{&#8222;active_palette&#8220;:0,&#8220;config&#8220;:{&#8222;colors&#8220;:{&#8222;55242&#8220;:{&#8222;name&#8220;:&#8220;Accent Lighter&#8220;,&#8220;parent&#8220;:&#8220;3c75f&#8220;,&#8220;lock&#8220;:{&#8222;saturation&#8220;:0,&#8220;lightness&#8220;:1}},&#8220;3c75f&#8220;:{&#8222;name&#8220;:&#8220;Main Accent&#8220;,&#8220;parent&#8220;:-1},&#8220;965f3&#8243;:{&#8222;name&#8220;:&#8220;Accent Transparent&#8220;,&#8220;parent&#8220;:&#8220;3c75f&#8220;}},&#8220;gradients&#8220;:[]},&#8220;palettes&#8220;:[{&#8222;name&#8220;:&#8220;Default&#8220;,&#8220;value&#8220;:{&#8222;colors&#8220;:{&#8222;55242&#8220;:{&#8222;val&#8220;:&#8220;rgb(198, 199, 199)&#8220;,&#8220;hsl_parent_dependency&#8220;:{&#8222;h&#8220;:144,&#8220;l&#8220;:0.78,&#8220;s&#8220;:-0.01}},&#8220;3c75f&#8220;:{&#8222;val&#8220;:&#8220;var(&#8211;tcb-skin-color-0)&#8220;},&#8220;965f3&#8243;:{&#8222;val&#8220;:&#8220;rgba(245, 165, 25, 0.47)&#8220;,&#8220;hsl_parent_dependency&#8220;:{&#8222;h&#8220;:38,&#8220;l&#8220;:0.53,&#8220;s&#8220;:0.92}}},&#8220;gradients&#8220;:[]},&#8220;original&#8220;:{&#8222;colors&#8220;:{&#8222;55242&#8220;:{&#8222;val&#8220;:&#8220;rgb(201, 201, 201)&#8220;,&#8220;hsl_parent_dependency&#8220;:{&#8222;h&#8220;:0,&#8220;s&#8220;:0,&#8220;l&#8220;:0.78}},&#8220;3c75f&#8220;:{&#8222;val&#8220;:&#8220;rgb(102, 57, 248)&#8220;,&#8220;hsl&#8220;:{&#8222;h&#8220;:254,&#8220;s&#8220;:0.93,&#8220;l&#8220;:0.59}},&#8220;965f3&#8243;:{&#8222;val&#8220;:&#8220;rgba(102, 57, 248, 0.47)&#8220;,&#8220;hsl_parent_dependency&#8220;:{&#8222;h&#8220;:254,&#8220;s&#8220;:0.93,&#8220;l&#8220;:0.59}}},&#8220;gradients&#8220;:[]}}]}__CONFIG_colors_palette__  <span><img decoding=\"async\" alt=\"Retrouver le plaisir de faire votre comptabilit\u00e9 avec EZYcount\" data-id=\"11313\" width=\"282\" data-init-width=\"600\" height=\"188\" data-init-height=\"400\" title=\"retrouver le plaisir de faire votre comptabilit\u00e9 avec EZYcount\" loading=\"lazy\" src=\"https:\/\/www.ezycount.ch\/wp-content\/uploads\/2021\/04\/retrouver-le-plaisir-de-faire-votre-comptabilite-avec-EZYcount.jpg\" data-width=\"282\" data-height=\"188\"><\/span><\/p>\n<h6 id=\"t-1603173024694\" style=\"\">Sind Sie auf der Suche nach einer einfachen Schweizer Buchhaltungsl\u00f6sung?<\/h6>\n<h6 id=\"t-1617366489036\" style=\"\">EZYcount ist f\u00fcr Sie.<\/h6>\n<p> <a href=\"https:\/\/app.ezycount.ch\/change-language\/de\/0?referer=https:\/\/app.ezycount.ch\/register\" style=\"\" target=\"_blank\" rel=\"noopener\"><span style=\"\">    <\/span> <span style=\"\"><span style=\"\">Jetzt probieren<\/span><\/span> <\/a>  <\/p>\n","protected":false},"excerpt":{"rendered":"<p>Buchen Sie automatisch Transaktionen auf Ihrer WordPress-Website mit EZYcount-Konto Verkaufen Sie online oder planen Sie einen Web-Shop zu erstellen? Sind Sie mit WordPress vertraut und m\u00f6chten Sie Ihre Buchungen automatisieren? Die M\u00f6glichkeit, Ihr WordPress-Konto mit Woocommerce zu verbinden, ist dank eines WordPress-Plugin m\u00f6glich. Ein intelligenter Weg, um ein Qualit\u00e4tsimage zu schaffen und die Kundenzufriedenheit zu [&hellip;]<\/p>\n","protected":false},"author":4,"featured_media":0,"parent":0,"menu_order":0,"comment_status":"closed","ping_status":"closed","template":"","meta":{"footnotes":""},"class_list":["post-9587","page","type-page","status-publish","hentry","post-wrapper","thrv_wrapper"],"yoast_head":"<!-- This site is optimized with the Yoast SEO plugin v25.3 - https:\/\/yoast.com\/wordpress\/plugins\/seo\/ -->\n<title>Neues WordPress-Plugin Woocommerce - EZYcount<\/title>\n<meta name=\"description\" content=\"Verkaufen Sie online oder planen Sie einen Webshop zu erstellen? Mit diesem WordPress-Plugin k\u00f6nnen Sie Ihre Buchungen automatisieren\" \/>\n<meta name=\"robots\" content=\"index, follow, max-snippet:-1, max-image-preview:large, max-video-preview:-1\" \/>\n<link rel=\"canonical\" href=\"https:\/\/www.ezycount.ch\/de\/neues-wordpress-plugin\/\" \/>\n<meta property=\"og:locale\" content=\"de_DE\" \/>\n<meta property=\"og:type\" content=\"article\" \/>\n<meta property=\"og:title\" content=\"Neues WordPress-Plugin Woocommerce - EZYcount\" \/>\n<meta property=\"og:description\" content=\"Verkaufen Sie online oder planen Sie einen Webshop zu erstellen? Mit diesem WordPress-Plugin k\u00f6nnen Sie Ihre Buchungen automatisieren\" \/>\n<meta property=\"og:url\" content=\"https:\/\/www.ezycount.ch\/de\/neues-wordpress-plugin\/\" \/>\n<meta property=\"og:site_name\" content=\"EZYcount\" \/>\n<meta property=\"article:modified_time\" content=\"2021-11-09T22:40:51+00:00\" \/>\n<meta property=\"og:image\" content=\"https:\/\/s.w.org\/images\/core\/emoji\/13.0.1\/svg\/27a1.svg\" \/>\n<meta name=\"twitter:card\" content=\"summary_large_image\" \/>\n<meta name=\"twitter:label1\" content=\"Gesch\u00e4tzte Lesezeit\" \/>\n\t<meta name=\"twitter:data1\" content=\"4\u00a0Minuten\" \/>\n<script type=\"application\/ld+json\" class=\"yoast-schema-graph\">{\"@context\":\"https:\/\/schema.org\",\"@graph\":[{\"@type\":\"WebPage\",\"@id\":\"https:\/\/www.ezycount.ch\/de\/neues-wordpress-plugin\/\",\"url\":\"https:\/\/www.ezycount.ch\/de\/neues-wordpress-plugin\/\",\"name\":\"Neues WordPress-Plugin Woocommerce - EZYcount\",\"isPartOf\":{\"@id\":\"https:\/\/www.ezycount.ch\/fr\/#website\"},\"primaryImageOfPage\":{\"@id\":\"https:\/\/www.ezycount.ch\/de\/neues-wordpress-plugin\/#primaryimage\"},\"image\":{\"@id\":\"https:\/\/www.ezycount.ch\/de\/neues-wordpress-plugin\/#primaryimage\"},\"thumbnailUrl\":\"https:\/\/s.w.org\/images\/core\/emoji\/13.0.1\/svg\/27a1.svg\",\"datePublished\":\"2021-02-01T11:33:28+00:00\",\"dateModified\":\"2021-11-09T22:40:51+00:00\",\"description\":\"Verkaufen Sie online oder planen Sie einen Webshop zu erstellen? Mit diesem WordPress-Plugin k\u00f6nnen Sie Ihre Buchungen automatisieren\",\"breadcrumb\":{\"@id\":\"https:\/\/www.ezycount.ch\/de\/neues-wordpress-plugin\/#breadcrumb\"},\"inLanguage\":\"de\",\"potentialAction\":[{\"@type\":\"ReadAction\",\"target\":[\"https:\/\/www.ezycount.ch\/de\/neues-wordpress-plugin\/\"]}]},{\"@type\":\"ImageObject\",\"inLanguage\":\"de\",\"@id\":\"https:\/\/www.ezycount.ch\/de\/neues-wordpress-plugin\/#primaryimage\",\"url\":\"https:\/\/s.w.org\/images\/core\/emoji\/13.0.1\/svg\/27a1.svg\",\"contentUrl\":\"https:\/\/s.w.org\/images\/core\/emoji\/13.0.1\/svg\/27a1.svg\"},{\"@type\":\"BreadcrumbList\",\"@id\":\"https:\/\/www.ezycount.ch\/de\/neues-wordpress-plugin\/#breadcrumb\",\"itemListElement\":[{\"@type\":\"ListItem\",\"position\":1,\"name\":\"Home\",\"item\":\"https:\/\/www.ezycount.ch\/de\/\"},{\"@type\":\"ListItem\",\"position\":2,\"name\":\"Neues WordPress-Plugin Woocommerce\"}]},{\"@type\":\"WebSite\",\"@id\":\"https:\/\/www.ezycount.ch\/fr\/#website\",\"url\":\"https:\/\/www.ezycount.ch\/fr\/\",\"name\":\"EZYcount\",\"description\":\"Simplifiez votre comptabilit\u00e9 et gagnez du temps\",\"potentialAction\":[{\"@type\":\"SearchAction\",\"target\":{\"@type\":\"EntryPoint\",\"urlTemplate\":\"https:\/\/www.ezycount.ch\/fr\/?s={search_term_string}\"},\"query-input\":{\"@type\":\"PropertyValueSpecification\",\"valueRequired\":true,\"valueName\":\"search_term_string\"}}],\"inLanguage\":\"de\"}]}<\/script>\n<!-- \/ Yoast SEO plugin. -->","yoast_head_json":{"title":"Neues WordPress-Plugin Woocommerce - EZYcount","description":"Verkaufen Sie online oder planen Sie einen Webshop zu erstellen? Mit diesem WordPress-Plugin k\u00f6nnen Sie Ihre Buchungen automatisieren","robots":{"index":"index","follow":"follow","max-snippet":"max-snippet:-1","max-image-preview":"max-image-preview:large","max-video-preview":"max-video-preview:-1"},"canonical":"https:\/\/www.ezycount.ch\/de\/neues-wordpress-plugin\/","og_locale":"de_DE","og_type":"article","og_title":"Neues WordPress-Plugin Woocommerce - EZYcount","og_description":"Verkaufen Sie online oder planen Sie einen Webshop zu erstellen? Mit diesem WordPress-Plugin k\u00f6nnen Sie Ihre Buchungen automatisieren","og_url":"https:\/\/www.ezycount.ch\/de\/neues-wordpress-plugin\/","og_site_name":"EZYcount","article_modified_time":"2021-11-09T22:40:51+00:00","og_image":[{"url":"https:\/\/s.w.org\/images\/core\/emoji\/13.0.1\/svg\/27a1.svg","type":"","width":"","height":""}],"twitter_card":"summary_large_image","twitter_misc":{"Gesch\u00e4tzte Lesezeit":"4\u00a0Minuten"},"schema":{"@context":"https:\/\/schema.org","@graph":[{"@type":"WebPage","@id":"https:\/\/www.ezycount.ch\/de\/neues-wordpress-plugin\/","url":"https:\/\/www.ezycount.ch\/de\/neues-wordpress-plugin\/","name":"Neues WordPress-Plugin Woocommerce - EZYcount","isPartOf":{"@id":"https:\/\/www.ezycount.ch\/fr\/#website"},"primaryImageOfPage":{"@id":"https:\/\/www.ezycount.ch\/de\/neues-wordpress-plugin\/#primaryimage"},"image":{"@id":"https:\/\/www.ezycount.ch\/de\/neues-wordpress-plugin\/#primaryimage"},"thumbnailUrl":"https:\/\/s.w.org\/images\/core\/emoji\/13.0.1\/svg\/27a1.svg","datePublished":"2021-02-01T11:33:28+00:00","dateModified":"2021-11-09T22:40:51+00:00","description":"Verkaufen Sie online oder planen Sie einen Webshop zu erstellen? Mit diesem WordPress-Plugin k\u00f6nnen Sie Ihre Buchungen automatisieren","breadcrumb":{"@id":"https:\/\/www.ezycount.ch\/de\/neues-wordpress-plugin\/#breadcrumb"},"inLanguage":"de","potentialAction":[{"@type":"ReadAction","target":["https:\/\/www.ezycount.ch\/de\/neues-wordpress-plugin\/"]}]},{"@type":"ImageObject","inLanguage":"de","@id":"https:\/\/www.ezycount.ch\/de\/neues-wordpress-plugin\/#primaryimage","url":"https:\/\/s.w.org\/images\/core\/emoji\/13.0.1\/svg\/27a1.svg","contentUrl":"https:\/\/s.w.org\/images\/core\/emoji\/13.0.1\/svg\/27a1.svg"},{"@type":"BreadcrumbList","@id":"https:\/\/www.ezycount.ch\/de\/neues-wordpress-plugin\/#breadcrumb","itemListElement":[{"@type":"ListItem","position":1,"name":"Home","item":"https:\/\/www.ezycount.ch\/de\/"},{"@type":"ListItem","position":2,"name":"Neues WordPress-Plugin Woocommerce"}]},{"@type":"WebSite","@id":"https:\/\/www.ezycount.ch\/fr\/#website","url":"https:\/\/www.ezycount.ch\/fr\/","name":"EZYcount","description":"Simplifiez votre comptabilit\u00e9 et gagnez du temps","potentialAction":[{"@type":"SearchAction","target":{"@type":"EntryPoint","urlTemplate":"https:\/\/www.ezycount.ch\/fr\/?s={search_term_string}"},"query-input":{"@type":"PropertyValueSpecification","valueRequired":true,"valueName":"search_term_string"}}],"inLanguage":"de"}]}},"_links":{"self":[{"href":"https:\/\/www.ezycount.ch\/de\/wp-json\/wp\/v2\/pages\/9587","targetHints":{"allow":["GET"]}}],"collection":[{"href":"https:\/\/www.ezycount.ch\/de\/wp-json\/wp\/v2\/pages"}],"about":[{"href":"https:\/\/www.ezycount.ch\/de\/wp-json\/wp\/v2\/types\/page"}],"author":[{"embeddable":true,"href":"https:\/\/www.ezycount.ch\/de\/wp-json\/wp\/v2\/users\/4"}],"replies":[{"embeddable":true,"href":"https:\/\/www.ezycount.ch\/de\/wp-json\/wp\/v2\/comments?post=9587"}],"version-history":[{"count":36,"href":"https:\/\/www.ezycount.ch\/de\/wp-json\/wp\/v2\/pages\/9587\/revisions"}],"predecessor-version":[{"id":16063,"href":"https:\/\/www.ezycount.ch\/de\/wp-json\/wp\/v2\/pages\/9587\/revisions\/16063"}],"wp:attachment":[{"href":"https:\/\/www.ezycount.ch\/de\/wp-json\/wp\/v2\/media?parent=9587"}],"curies":[{"name":"wp","href":"https:\/\/api.w.org\/{rel}","templated":true}]}}