{"id":10895,"date":"2021-03-24T10:04:13","date_gmt":"2021-03-24T09:04:13","guid":{"rendered":"https:\/\/www.ezycount.ch\/?page_id=10895"},"modified":"2021-11-09T05:27:59","modified_gmt":"2021-11-09T04:27:59","slug":"comment-devenir-un-independant-ou-un-freelance","status":"publish","type":"page","link":"https:\/\/www.ezycount.ch\/fr\/comment-devenir-un-independant-ou-un-freelance\/","title":{"rendered":"Comment devenir un ind\u00e9pendant ou un freelance ?"},"content":{"rendered":"<h1 style=\"\">Comment devenir un ind\u00e9pendant ou un freelance?<\/h1>\n<p>Vous envisagez de cr\u00e9er votre propre entreprise? Vous ne savez pas si vous devez devenir un ind\u00e9pendant ou un freelance? \u00catre l&rsquo;un d&rsquo;entre eux signifie que vous \u00eates un individu. Chef de tous les d\u00e9partements et d\u00e9cideur.Avant de vous jeter dans l&rsquo;eau, assurez-vous que vous disposez des informations appropri\u00e9es et que vous \u00eates bien pr\u00e9par\u00e9 pour le voyage.Voici un guide pour savoir quelle \u00e9tape vous devez franchir pour cr\u00e9er votre propre entreprise:<\/p>\n<p style=\"\">Vous aurez besoin de diff\u00e9rentes comp\u00e9tences pour vous am\u00e9liorer et pour \u00eatre en mesure de suivre vos concurrents. Pour arriver en haut de la liste, vous devez apprendre et vous former au fil du temps. Vous devrez vous adapter \u00e0 diff\u00e9rentes situations et \u00e0 des changements inattendus. Suivez et parlez aux professionnels et ne vous donnez pas la peine de faire l&rsquo;effort d&rsquo;\u00e9couter et de regarder.En tant que freelance ou ind\u00e9pendant, vous avez la libert\u00e9 de d\u00e9cider o\u00f9, quand et comment vous voulez travailler. Si vos services ne n\u00e9cessitent pas un espace physique ouvert aux clients, vous \u00eates libre de travailler n&rsquo;importe o\u00f9. Trouvez l&rsquo;endroit o\u00f9 vous pouvez \u00eatre le plus productif et le plus utile. Commencez!Notre objectif est d&rsquo;aider et d&rsquo;\u00e9duquer les gens pour qu&rsquo;ils deviennent meilleurs dans ce qu&rsquo;ils font. Je vous ai pr\u00e9sent\u00e9 quelques outils utiles dont vous pourriez avoir besoin \u00e0 l&rsquo;avenir. Voici les pages les plus visit\u00e9es de notre site EZYcount:<\/p>\n<p><span><img decoding=\"async\" alt=\"ind\u00e9pendant heureux\" data-id=\"12185\" width=\"299\" data-init-width=\"1703\" height=\"450\" data-init-height=\"2560\" title=\"ind\u00e9pendant heureux\" loading=\"lazy\" src=\"https:\/\/www.ezycount.ch\/wp-content\/uploads\/2021\/04\/good-faces-6ZpITFRMVFk-unsplash-scaled.jpg\" data-width=\"299\" data-height=\"450\" style=\"\"><\/span><a href=\"https:\/\/www.ezycount.ch\/fr\/comment-organiser-facilement-votre-bureau\/\" target=\"_blank\" rel=\"noopener\"><\/p>\n<h2 style=\"text-align: center; color: rgb(245, 168, 28) !important; --tcb-applied-color:rgb(245, 168, 28)  !important;\"><span style=\"text-decoration: underline; --tcb-applied-color:rgb(245, 168, 28)  !important;\">R\u00e9ussir l&rsquo;organisation de son bureau<\/span><\/h2>\n<p style=\"text-align: left;\"><span style=\"\">Comment ranger et organiser votre bureau pour \u00eatre plus efficace dans vos t\u00e2ches administratives.<\/span><\/p>\n<p><\/a><a href=\"https:\/\/www.ezycount.ch\/fr\/comment-creer-une-facture-legale-en-suisse\/\" target=\"_blank\" rel=\"noopener\"><\/p>\n<h2 style=\"text-align: center;\"><span style=\"text-decoration: underline;\">Comment cr\u00e9er une facture l\u00e9gale en Suisse?<\/span><\/h2>\n<p style=\"\">Envoyer des factures, c&rsquo;est bien. Recevoir de l&rsquo;argent, c&rsquo;est encore mieux. Trouvez toutes les informations dont vous avez besoin pour cr\u00e9er des factures suisses conformes et compl\u00e8tes.<\/p>\n<p><\/a><a href=\"https:\/\/www.ezycount.ch\/fr\/\" target=\"_blank\" rel=\"noopener\"><\/p>\n<h2 style=\"text-align: center;\"><span style=\"text-decoration: underline;\">Comment faire sa propre comptabilit\u00e9<\/span><\/h2>\n<p style=\"\">Un programme de comptabilit\u00e9 en ligne s\u00e9curis\u00e9 et facile \u00e0 utiliser.<\/p>\n<p><\/a> <strong>Contenus Les Plus Consult\u00e9s<\/strong><\/p>\n<p style=\"\">\n<p>    __CONFIG_colors_palette__{\u00ab\u00a0active_palette\u00a0\u00bb:0,\u00a0\u00bbconfig\u00a0\u00bb:{\u00ab\u00a0colors\u00a0\u00bb:{\u00ab\u00a09bd08\u00a0\u00bb:{\u00ab\u00a0name\u00a0\u00bb:\u00a0\u00bbMain Accent\u00a0\u00bb,\u00a0\u00bbparent\u00a0\u00bb:-1}},\u00a0\u00bbgradients\u00a0\u00bb:[]},\u00a0\u00bbpalettes\u00a0\u00bb:[{\u00ab\u00a0name\u00a0\u00bb:\u00a0\u00bbDefault Palette\u00a0\u00bb,\u00a0\u00bbvalue\u00a0\u00bb:{\u00ab\u00a0colors\u00a0\u00bb:{\u00ab\u00a09bd08\u00a0\u00bb:{\u00ab\u00a0val\u00a0\u00bb:\u00a0\u00bbhsla(var(&#8211;tcb-main-master-h, 210), var(&#8211;tcb-main-master-s, 77%), var(&#8211;tcb-main-master-l, 54%), 1)\u00a0\u00bb}},\u00a0\u00bbgradients\u00a0\u00bb:[]},\u00a0\u00bboriginal\u00a0\u00bb:{\u00ab\u00a0colors\u00a0\u00bb:{\u00ab\u00a09bd08\u00a0\u00bb:{\u00ab\u00a0val\u00a0\u00bb:\u00a0\u00bbrgb(19, 114, 211)\u00a0\u00bb,\u00a0\u00bbhsl\u00a0\u00bb:{\u00ab\u00a0h\u00a0\u00bb:210,\u00a0\u00bbs\u00a0\u00bb:0.83,\u00a0\u00bbl\u00a0\u00bb:0.45}}},\u00a0\u00bbgradients\u00a0\u00bb:[]}}]}__CONFIG_colors_palette__ <a href=\"https:\/\/www.ezycount.ch\/fr\/\" style=\"\" target=\"_blank\" rel=\"noopener\"> <span><span style=\"\">Comptabilit\u00e9<\/span><\/span> <\/a> <\/p>\n<p style=\"\">Une solution simple et s\u00e9curis\u00e9e de comptabilit\u00e9 financi\u00e8re et de facturation en ligne.<\/p>\n<p>      __CONFIG_colors_palette__{\u00ab\u00a0active_palette\u00a0\u00bb:0,\u00a0\u00bbconfig\u00a0\u00bb:{\u00ab\u00a0colors\u00a0\u00bb:{\u00ab\u00a09bd08\u00a0\u00bb:{\u00ab\u00a0name\u00a0\u00bb:\u00a0\u00bbMain Accent\u00a0\u00bb,\u00a0\u00bbparent\u00a0\u00bb:-1}},\u00a0\u00bbgradients\u00a0\u00bb:[]},\u00a0\u00bbpalettes\u00a0\u00bb:[{\u00ab\u00a0name\u00a0\u00bb:\u00a0\u00bbDefault Palette\u00a0\u00bb,\u00a0\u00bbvalue\u00a0\u00bb:{\u00ab\u00a0colors\u00a0\u00bb:{\u00ab\u00a09bd08\u00a0\u00bb:{\u00ab\u00a0val\u00a0\u00bb:\u00a0\u00bbhsla(var(&#8211;tcb-main-master-h, 210), var(&#8211;tcb-main-master-s, 77%), var(&#8211;tcb-main-master-l, 54%), 1)\u00a0\u00bb}},\u00a0\u00bbgradients\u00a0\u00bb:[]},\u00a0\u00bboriginal\u00a0\u00bb:{\u00ab\u00a0colors\u00a0\u00bb:{\u00ab\u00a09bd08\u00a0\u00bb:{\u00ab\u00a0val\u00a0\u00bb:\u00a0\u00bbrgb(19, 114, 211)\u00a0\u00bb,\u00a0\u00bbhsl\u00a0\u00bb:{\u00ab\u00a0h\u00a0\u00bb:210,\u00a0\u00bbs\u00a0\u00bb:0.83,\u00a0\u00bbl\u00a0\u00bb:0.45}}},\u00a0\u00bbgradients\u00a0\u00bb:[]}}]}__CONFIG_colors_palette__ <a href=\"https:\/\/www.ezycount.ch\/fr\/comment-organiser-facilement-votre-bureau\/\" style=\"\" target=\"_blank\" rel=\"noopener\"> <span><span style=\"\">Comment ranger et organiser son bureau?<\/span><\/span> <\/a> <\/p>\n<p style=\"\">Ranger et organiser son bureau pour \u00eatre plus efficace dans ses t\u00e2ches administratives.<\/p>\n<p>      __CONFIG_colors_palette__{\u00ab\u00a0active_palette\u00a0\u00bb:0,\u00a0\u00bbconfig\u00a0\u00bb:{\u00ab\u00a0colors\u00a0\u00bb:{\u00ab\u00a09bd08\u00a0\u00bb:{\u00ab\u00a0name\u00a0\u00bb:\u00a0\u00bbMain Accent\u00a0\u00bb,\u00a0\u00bbparent\u00a0\u00bb:-1}},\u00a0\u00bbgradients\u00a0\u00bb:[]},\u00a0\u00bbpalettes\u00a0\u00bb:[{\u00ab\u00a0name\u00a0\u00bb:\u00a0\u00bbDefault Palette\u00a0\u00bb,\u00a0\u00bbvalue\u00a0\u00bb:{\u00ab\u00a0colors\u00a0\u00bb:{\u00ab\u00a09bd08\u00a0\u00bb:{\u00ab\u00a0val\u00a0\u00bb:\u00a0\u00bbhsla(var(&#8211;tcb-main-master-h, 210), var(&#8211;tcb-main-master-s, 77%), var(&#8211;tcb-main-master-l, 54%), 1)\u00a0\u00bb}},\u00a0\u00bbgradients\u00a0\u00bb:[]},\u00a0\u00bboriginal\u00a0\u00bb:{\u00ab\u00a0colors\u00a0\u00bb:{\u00ab\u00a09bd08\u00a0\u00bb:{\u00ab\u00a0val\u00a0\u00bb:\u00a0\u00bbrgb(19, 114, 211)\u00a0\u00bb,\u00a0\u00bbhsl\u00a0\u00bb:{\u00ab\u00a0h\u00a0\u00bb:210,\u00a0\u00bbs\u00a0\u00bb:0.83,\u00a0\u00bbl\u00a0\u00bb:0.45}}},\u00a0\u00bbgradients\u00a0\u00bb:[]}}]}__CONFIG_colors_palette__ <a href=\"https:\/\/www.ezycount.ch\/fr\/comment-creer-une-facture-legale-en-suisse\/\" style=\"\"> <span><span style=\"\">Facturation suisse<\/span><\/span> <\/a> <\/p>\n<p style=\"\">Retrouvez toutes les informations n\u00e9cessaires pour cr\u00e9er des factures suisses conformes et compl\u00e8tes.<\/p>\n<p>      __CONFIG_colors_palette__{\u00ab\u00a0active_palette\u00a0\u00bb:0,\u00a0\u00bbconfig\u00a0\u00bb:{\u00ab\u00a0colors\u00a0\u00bb:{\u00ab\u00a09bd08\u00a0\u00bb:{\u00ab\u00a0name\u00a0\u00bb:\u00a0\u00bbMain Accent\u00a0\u00bb,\u00a0\u00bbparent\u00a0\u00bb:-1}},\u00a0\u00bbgradients\u00a0\u00bb:[]},\u00a0\u00bbpalettes\u00a0\u00bb:[{\u00ab\u00a0name\u00a0\u00bb:\u00a0\u00bbDefault Palette\u00a0\u00bb,\u00a0\u00bbvalue\u00a0\u00bb:{\u00ab\u00a0colors\u00a0\u00bb:{\u00ab\u00a09bd08\u00a0\u00bb:{\u00ab\u00a0val\u00a0\u00bb:\u00a0\u00bbhsla(var(&#8211;tcb-main-master-h, 210), var(&#8211;tcb-main-master-s, 77%), var(&#8211;tcb-main-master-l, 54%), 1)\u00a0\u00bb}},\u00a0\u00bbgradients\u00a0\u00bb:[]},\u00a0\u00bboriginal\u00a0\u00bb:{\u00ab\u00a0colors\u00a0\u00bb:{\u00ab\u00a09bd08\u00a0\u00bb:{\u00ab\u00a0val\u00a0\u00bb:\u00a0\u00bbrgb(19, 114, 211)\u00a0\u00bb,\u00a0\u00bbhsl\u00a0\u00bb:{\u00ab\u00a0h\u00a0\u00bb:210,\u00a0\u00bbs\u00a0\u00bb:0.83,\u00a0\u00bbl\u00a0\u00bb:0.45}}},\u00a0\u00bbgradients\u00a0\u00bb:[]}}]}__CONFIG_colors_palette__ <a href=\"https:\/\/www.ezycount.ch\/fr\/startup-valuation-model-free-excel\/\" style=\"\" target=\"_blank\" rel=\"noopener\"> <span><span style=\"\">Valorisation de la startup<\/span><\/span> <\/a> <\/p>\n<p style=\"\">Mod\u00e8le Excel gratuit pour calculer la valeur de votre startup lorsqu&rsquo;elle ne fait pas encore de b\u00e9n\u00e9fices ou tr\u00e8s peu.<\/p>\n<p>  __CONFIG_group_edit__{\u00ab\u00a0kbjp1vpj\u00a0\u00bb:{\u00ab\u00a0name\u00a0\u00bb:\u00a0\u00bbAll Logo(s)\u00a0\u00bb,\u00a0\u00bbsingular\u00a0\u00bb:\u00a0\u00bb&#8211; Logo %s\u00a0\u00bb},\u00a0\u00bbkbjp1xfn\u00a0\u00bb:{\u00ab\u00a0name\u00a0\u00bb:\u00a0\u00bbAll Title(s)\u00a0\u00bb,\u00a0\u00bbsingular\u00a0\u00bb:\u00a0\u00bb&#8211; Text %s\u00a0\u00bb},\u00a0\u00bbkbjp22kc\u00a0\u00bb:{\u00ab\u00a0name\u00a0\u00bb:\u00a0\u00bbAll Paragraph(s)\u00a0\u00bb,\u00a0\u00bbsingular\u00a0\u00bb:\u00a0\u00bb&#8211; Text %s\u00a0\u00bb},\u00a0\u00bbkbjp2ag5&Prime;:{\u00ab\u00a0name\u00a0\u00bb:\u00a0\u00bbAll Read Review Button(s)\u00a0\u00bb,\u00a0\u00bbsingular\u00a0\u00bb:\u00a0\u00bb&#8211; Button %s\u00a0\u00bb},\u00a0\u00bbkbjp3xj6&Prime;:{\u00ab\u00a0name\u00a0\u00bb:\u00a0\u00bbAll Visit Website Button(s)\u00a0\u00bb,\u00a0\u00bbsingular\u00a0\u00bb:\u00a0\u00bb&#8211; Button %s\u00a0\u00bb},\u00a0\u00bbkbjp44dp\u00a0\u00bb:{\u00ab\u00a0name\u00a0\u00bb:\u00a0\u00bbAll Buttons Column(s)\u00a0\u00bb,\u00a0\u00bbsingular\u00a0\u00bb:\u00a0\u00bb&#8211; Column %s\u00a0\u00bb},\u00a0\u00bbkbjp4d43&Prime;:{\u00ab\u00a0name\u00a0\u00bb:\u00a0\u00bbAll Text Column(s)\u00a0\u00bb,\u00a0\u00bbsingular\u00a0\u00bb:\u00a0\u00bb&#8211; Column %s\u00a0\u00bb},\u00a0\u00bbkbjp4k9i\u00a0\u00bb:{\u00ab\u00a0name\u00a0\u00bb:\u00a0\u00bbAll Content Box(s)\u00a0\u00bb,\u00a0\u00bbsingular\u00a0\u00bb:\u00a0\u00bb&#8211; Content Box %s\u00a0\u00bb},\u00a0\u00bbkbjp4mck\u00a0\u00bb:{\u00ab\u00a0name\u00a0\u00bb:\u00a0\u00bbAll Content Box(s)\u00a0\u00bb,\u00a0\u00bbsingular\u00a0\u00bb:\u00a0\u00bb&#8211; Content Box %s\u00a0\u00bb}}__CONFIG_group_edit____CONFIG_local_colors__{\u00ab\u00a0colors\u00a0\u00bb:{},\u00a0\u00bbgradients\u00a0\u00bb:{}}__CONFIG_local_colors__   <span style=\"\"><img decoding=\"async\" alt=\"Retrouver le plaisir de faire votre comptabilit\u00e9 avec EZYcount\" data-id=\"11311\" width=\"254\" data-init-width=\"600\" height=\"169\" data-init-height=\"400\" title=\"Retrouver le plaisir de faire votre comptabilit\u00e9 avec EZYcount\" loading=\"lazy\" src=\"https:\/\/www.ezycount.ch\/wp-content\/uploads\/2021\/04\/retrouver-le-plaisir-de-faire-votre-comptabilite-avec-EZYcount.jpg\" data-width=\"254\" data-height=\"169\" style=\"\" mt-d=\"0\"><\/span><\/p>\n<h6 style=\"\">Vous cherchez une solution simple de comptabilit\u00e9 suisse? EZYcount est pour vous<\/h6>\n","protected":false},"excerpt":{"rendered":"<p>Comment devenir un ind\u00e9pendant ou un freelance? Vous envisagez de cr\u00e9er votre propre entreprise? Vous ne savez pas si vous devez devenir un ind\u00e9pendant ou un freelance? \u00catre l&rsquo;un d&rsquo;entre eux signifie que vous \u00eates un individu. Chef de tous les d\u00e9partements et d\u00e9cideur.Avant de vous jeter dans l&rsquo;eau, assurez-vous que vous disposez des informations [&hellip;]<\/p>\n","protected":false},"author":4,"featured_media":0,"parent":0,"menu_order":0,"comment_status":"closed","ping_status":"closed","template":"","meta":{"footnotes":""},"class_list":["post-10895","page","type-page","status-publish","hentry","post-wrapper","thrv_wrapper"],"yoast_head":"<!-- This site is optimized with the Yoast SEO plugin v25.3 - https:\/\/yoast.com\/wordpress\/plugins\/seo\/ -->\n<title>Comment devenir un ind\u00e9pendant ou un freelance ? - EZYcount<\/title>\n<meta name=\"description\" content=\"Vous envisagez de cr\u00e9er votre propre entreprise ? Vous ne savez pas si vous devez devenir un ind\u00e9pendant? Cet article vous aidera \u00e0 vous convaincre\" \/>\n<meta name=\"robots\" content=\"index, follow, max-snippet:-1, max-image-preview:large, max-video-preview:-1\" \/>\n<link rel=\"canonical\" href=\"https:\/\/www.ezycount.ch\/fr\/comment-devenir-un-independant-ou-un-freelance\/\" \/>\n<meta property=\"og:locale\" content=\"fr_FR\" \/>\n<meta property=\"og:type\" content=\"article\" \/>\n<meta property=\"og:title\" content=\"Comment devenir un ind\u00e9pendant ou un freelance ? - EZYcount\" \/>\n<meta property=\"og:description\" content=\"Vous envisagez de cr\u00e9er votre propre entreprise ? Vous ne savez pas si vous devez devenir un ind\u00e9pendant? Cet article vous aidera \u00e0 vous convaincre\" \/>\n<meta property=\"og:url\" content=\"https:\/\/www.ezycount.ch\/fr\/comment-devenir-un-independant-ou-un-freelance\/\" \/>\n<meta property=\"og:site_name\" content=\"EZYcount\" \/>\n<meta property=\"article:modified_time\" content=\"2021-11-09T04:27:59+00:00\" \/>\n<meta property=\"og:image\" content=\"https:\/\/www.ezycount.ch\/wp-content\/uploads\/2021\/04\/good-faces-6ZpITFRMVFk-unsplash-scaled.jpg\" \/>\n<meta name=\"twitter:card\" content=\"summary_large_image\" \/>\n<meta name=\"twitter:label1\" content=\"Dur\u00e9e de lecture estim\u00e9e\" \/>\n\t<meta name=\"twitter:data1\" content=\"4 minutes\" \/>\n<script type=\"application\/ld+json\" class=\"yoast-schema-graph\">{\"@context\":\"https:\/\/schema.org\",\"@graph\":[{\"@type\":\"WebPage\",\"@id\":\"https:\/\/www.ezycount.ch\/fr\/comment-devenir-un-independant-ou-un-freelance\/\",\"url\":\"https:\/\/www.ezycount.ch\/fr\/comment-devenir-un-independant-ou-un-freelance\/\",\"name\":\"Comment devenir un ind\u00e9pendant ou un freelance ? - EZYcount\",\"isPartOf\":{\"@id\":\"https:\/\/www.ezycount.ch\/fr\/#website\"},\"primaryImageOfPage\":{\"@id\":\"https:\/\/www.ezycount.ch\/fr\/comment-devenir-un-independant-ou-un-freelance\/#primaryimage\"},\"image\":{\"@id\":\"https:\/\/www.ezycount.ch\/fr\/comment-devenir-un-independant-ou-un-freelance\/#primaryimage\"},\"thumbnailUrl\":\"https:\/\/www.ezycount.ch\/wp-content\/uploads\/2021\/04\/good-faces-6ZpITFRMVFk-unsplash-scaled.jpg\",\"datePublished\":\"2021-03-24T09:04:13+00:00\",\"dateModified\":\"2021-11-09T04:27:59+00:00\",\"description\":\"Vous envisagez de cr\u00e9er votre propre entreprise ? Vous ne savez pas si vous devez devenir un ind\u00e9pendant? Cet article vous aidera \u00e0 vous convaincre\",\"breadcrumb\":{\"@id\":\"https:\/\/www.ezycount.ch\/fr\/comment-devenir-un-independant-ou-un-freelance\/#breadcrumb\"},\"inLanguage\":\"fr-FR\",\"potentialAction\":[{\"@type\":\"ReadAction\",\"target\":[\"https:\/\/www.ezycount.ch\/fr\/comment-devenir-un-independant-ou-un-freelance\/\"]}]},{\"@type\":\"ImageObject\",\"inLanguage\":\"fr-FR\",\"@id\":\"https:\/\/www.ezycount.ch\/fr\/comment-devenir-un-independant-ou-un-freelance\/#primaryimage\",\"url\":\"https:\/\/www.ezycount.ch\/wp-content\/uploads\/2021\/04\/good-faces-6ZpITFRMVFk-unsplash-scaled.jpg\",\"contentUrl\":\"https:\/\/www.ezycount.ch\/wp-content\/uploads\/2021\/04\/good-faces-6ZpITFRMVFk-unsplash-scaled.jpg\"},{\"@type\":\"BreadcrumbList\",\"@id\":\"https:\/\/www.ezycount.ch\/fr\/comment-devenir-un-independant-ou-un-freelance\/#breadcrumb\",\"itemListElement\":[{\"@type\":\"ListItem\",\"position\":1,\"name\":\"Home\",\"item\":\"https:\/\/www.ezycount.ch\/fr\/\"},{\"@type\":\"ListItem\",\"position\":2,\"name\":\"Comment devenir un ind\u00e9pendant ou un freelance ?\"}]},{\"@type\":\"WebSite\",\"@id\":\"https:\/\/www.ezycount.ch\/fr\/#website\",\"url\":\"https:\/\/www.ezycount.ch\/fr\/\",\"name\":\"EZYcount\",\"description\":\"Simplifiez votre comptabilit\u00e9 et gagnez du temps\",\"potentialAction\":[{\"@type\":\"SearchAction\",\"target\":{\"@type\":\"EntryPoint\",\"urlTemplate\":\"https:\/\/www.ezycount.ch\/fr\/?s={search_term_string}\"},\"query-input\":{\"@type\":\"PropertyValueSpecification\",\"valueRequired\":true,\"valueName\":\"search_term_string\"}}],\"inLanguage\":\"fr-FR\"}]}<\/script>\n<!-- \/ Yoast SEO plugin. -->","yoast_head_json":{"title":"Comment devenir un ind\u00e9pendant ou un freelance ? - EZYcount","description":"Vous envisagez de cr\u00e9er votre propre entreprise ? Vous ne savez pas si vous devez devenir un ind\u00e9pendant? Cet article vous aidera \u00e0 vous convaincre","robots":{"index":"index","follow":"follow","max-snippet":"max-snippet:-1","max-image-preview":"max-image-preview:large","max-video-preview":"max-video-preview:-1"},"canonical":"https:\/\/www.ezycount.ch\/fr\/comment-devenir-un-independant-ou-un-freelance\/","og_locale":"fr_FR","og_type":"article","og_title":"Comment devenir un ind\u00e9pendant ou un freelance ? - EZYcount","og_description":"Vous envisagez de cr\u00e9er votre propre entreprise ? Vous ne savez pas si vous devez devenir un ind\u00e9pendant? Cet article vous aidera \u00e0 vous convaincre","og_url":"https:\/\/www.ezycount.ch\/fr\/comment-devenir-un-independant-ou-un-freelance\/","og_site_name":"EZYcount","article_modified_time":"2021-11-09T04:27:59+00:00","og_image":[{"url":"https:\/\/www.ezycount.ch\/wp-content\/uploads\/2021\/04\/good-faces-6ZpITFRMVFk-unsplash-scaled.jpg","type":"","width":"","height":""}],"twitter_card":"summary_large_image","twitter_misc":{"Dur\u00e9e de lecture estim\u00e9e":"4 minutes"},"schema":{"@context":"https:\/\/schema.org","@graph":[{"@type":"WebPage","@id":"https:\/\/www.ezycount.ch\/fr\/comment-devenir-un-independant-ou-un-freelance\/","url":"https:\/\/www.ezycount.ch\/fr\/comment-devenir-un-independant-ou-un-freelance\/","name":"Comment devenir un ind\u00e9pendant ou un freelance ? - EZYcount","isPartOf":{"@id":"https:\/\/www.ezycount.ch\/fr\/#website"},"primaryImageOfPage":{"@id":"https:\/\/www.ezycount.ch\/fr\/comment-devenir-un-independant-ou-un-freelance\/#primaryimage"},"image":{"@id":"https:\/\/www.ezycount.ch\/fr\/comment-devenir-un-independant-ou-un-freelance\/#primaryimage"},"thumbnailUrl":"https:\/\/www.ezycount.ch\/wp-content\/uploads\/2021\/04\/good-faces-6ZpITFRMVFk-unsplash-scaled.jpg","datePublished":"2021-03-24T09:04:13+00:00","dateModified":"2021-11-09T04:27:59+00:00","description":"Vous envisagez de cr\u00e9er votre propre entreprise ? Vous ne savez pas si vous devez devenir un ind\u00e9pendant? Cet article vous aidera \u00e0 vous convaincre","breadcrumb":{"@id":"https:\/\/www.ezycount.ch\/fr\/comment-devenir-un-independant-ou-un-freelance\/#breadcrumb"},"inLanguage":"fr-FR","potentialAction":[{"@type":"ReadAction","target":["https:\/\/www.ezycount.ch\/fr\/comment-devenir-un-independant-ou-un-freelance\/"]}]},{"@type":"ImageObject","inLanguage":"fr-FR","@id":"https:\/\/www.ezycount.ch\/fr\/comment-devenir-un-independant-ou-un-freelance\/#primaryimage","url":"https:\/\/www.ezycount.ch\/wp-content\/uploads\/2021\/04\/good-faces-6ZpITFRMVFk-unsplash-scaled.jpg","contentUrl":"https:\/\/www.ezycount.ch\/wp-content\/uploads\/2021\/04\/good-faces-6ZpITFRMVFk-unsplash-scaled.jpg"},{"@type":"BreadcrumbList","@id":"https:\/\/www.ezycount.ch\/fr\/comment-devenir-un-independant-ou-un-freelance\/#breadcrumb","itemListElement":[{"@type":"ListItem","position":1,"name":"Home","item":"https:\/\/www.ezycount.ch\/fr\/"},{"@type":"ListItem","position":2,"name":"Comment devenir un ind\u00e9pendant ou un freelance ?"}]},{"@type":"WebSite","@id":"https:\/\/www.ezycount.ch\/fr\/#website","url":"https:\/\/www.ezycount.ch\/fr\/","name":"EZYcount","description":"Simplifiez votre comptabilit\u00e9 et gagnez du temps","potentialAction":[{"@type":"SearchAction","target":{"@type":"EntryPoint","urlTemplate":"https:\/\/www.ezycount.ch\/fr\/?s={search_term_string}"},"query-input":{"@type":"PropertyValueSpecification","valueRequired":true,"valueName":"search_term_string"}}],"inLanguage":"fr-FR"}]}},"_links":{"self":[{"href":"https:\/\/www.ezycount.ch\/fr\/wp-json\/wp\/v2\/pages\/10895","targetHints":{"allow":["GET"]}}],"collection":[{"href":"https:\/\/www.ezycount.ch\/fr\/wp-json\/wp\/v2\/pages"}],"about":[{"href":"https:\/\/www.ezycount.ch\/fr\/wp-json\/wp\/v2\/types\/page"}],"author":[{"embeddable":true,"href":"https:\/\/www.ezycount.ch\/fr\/wp-json\/wp\/v2\/users\/4"}],"replies":[{"embeddable":true,"href":"https:\/\/www.ezycount.ch\/fr\/wp-json\/wp\/v2\/comments?post=10895"}],"version-history":[{"count":50,"href":"https:\/\/www.ezycount.ch\/fr\/wp-json\/wp\/v2\/pages\/10895\/revisions"}],"predecessor-version":[{"id":16006,"href":"https:\/\/www.ezycount.ch\/fr\/wp-json\/wp\/v2\/pages\/10895\/revisions\/16006"}],"wp:attachment":[{"href":"https:\/\/www.ezycount.ch\/fr\/wp-json\/wp\/v2\/media?parent=10895"}],"curies":[{"name":"wp","href":"https:\/\/api.w.org\/{rel}","templated":true}]}}