{"id":11033,"date":"2021-03-26T19:09:02","date_gmt":"2021-03-26T18:09:02","guid":{"rendered":"https:\/\/www.ezycount.ch\/?page_id=11033"},"modified":"2021-11-09T05:27:44","modified_gmt":"2021-11-09T04:27:44","slug":"comment-comptabiliser-automatiquement-votre-releve-de-carte-de-credit","status":"publish","type":"page","link":"https:\/\/www.ezycount.ch\/fr\/comment-comptabiliser-automatiquement-votre-releve-de-carte-de-credit\/","title":{"rendered":"Comment comptabiliser automatiquement votre relev\u00e9 de carte de cr\u00e9dit"},"content":{"rendered":"<h1 id=\"t-1616767663363\" style=\"\">Comment comptabiliser automatiquement votre relev\u00e9 de carte de cr\u00e9dit dans votre programme de comptabilit\u00e9 ?<\/h1>\n<p>Vous avez re\u00e7u votre relev\u00e9 de carte de cr\u00e9dit et vous ne savez pas quoi faire ?Il y a 4 ans, je devais utiliser un surligneur vert pour m&rsquo;aider \u00e0 ne pas faire d&rsquo;erreurs lorsque j&rsquo;enregistrais mes d\u00e9penses. Gr\u00e2ce \u00e0 la technologie, j&rsquo;ai pu rattraper certaines anciennes bonnes pratiques et je peux int\u00e9grer mon relev\u00e9 de carte de cr\u00e9dit num\u00e9rique dans le syst\u00e8me en quelques clics seulement.Je vais vous expliquer les choses les plus importantes que vous devez savoir sur votre carte de cr\u00e9dit et vous guider pour devenir un utilisateur avanc\u00e9 de votre programme de comptabilit\u00e9.<\/p>\n<h3 style=\"\" id=\"t-1616767663364\">Qu&rsquo;est-ce qu&rsquo;une carte de cr\u00e9dit?<\/h3>\n<p style=\"text-align: left;\">Une carte de cr\u00e9dit est un service sp\u00e9cial d&rsquo;une banque ou d&rsquo;une soci\u00e9t\u00e9 de services financiers, qui permet \u00e0 ses d\u00e9tenteurs d&#8217;emprunter des fonds afin de pouvoir payer des biens et des services aupr\u00e8s de commer\u00e7ants qui acceptent les cartes pour le paiement. Vous devez seulement vous adapter \u00e0 quelques r\u00e8gles, comme l&rsquo;envoi minimum ou le remboursement mensuel. Vous pouvez acheter des biens et des services sans avoir besoin d&rsquo;utiliser votre propre argent.<\/p>\n<p style=\"\">La plupart des entrepreneurs et des freelances utilisent des cartes de cr\u00e9dit professionnelles pour financer leurs d\u00e9penses mensuelles. <\/p>\n<h5 id=\"t-1616767663371\" style=\"\">Structure d&rsquo;une carte de cr\u00e9dit<\/h5>\n<p><span style=\"\"><img decoding=\"async\" alt=\"Informations sur votre carte de cr\u00e9dit\" data-id=\"11075\" width=\"385\" data-init-width=\"531\" height=\"337\" data-init-height=\"465\" title=\"Informations sur votre carte de cr\u00e9dit\" loading=\"lazy\" src=\"https:\/\/www.ezycount.ch\/wp-content\/uploads\/2021\/03\/Screen-Shot-2021-03-26-at-7.21.51-PM.png\" data-width=\"385\" data-height=\"337\" style=\"\" mt-d=\"-1.0160000000000196\" ml-d=\"0\"><\/span><\/p>\n<h3 id=\"t-1616767663365\" style=\"\">Quelle est la diff\u00e9rence entre une carte de cr\u00e9dit et une carte de d\u00e9bit?<\/h3>\n<p style=\"\">Les cartes de cr\u00e9dit et les cartes de d\u00e9bit ont g\u00e9n\u00e9ralement un aspect presque identique, avec un num\u00e9ro de carte \u00e0 16 chiffres, une date d&rsquo;expiration et un code d&rsquo;identification personnel (PIN). Toutes deux permettent de faire des achats en magasin ou en ligne de mani\u00e8re simple et pratique, \u00e0 une diff\u00e9rence pr\u00e8s.<\/p>\n<ul>\n<li><strong>Les cartes de d\u00e9bit<\/strong>&nbsp;vous permettent de d\u00e9penser de l&rsquo;argent en puisant dans les fonds que vous avez d\u00e9pos\u00e9s \u00e0 la banque.<\/li>\n<li style=\"\"><strong>Les cartes de cr\u00e9dit&nbsp;<\/strong>vous permettent d&#8217;emprunter de l&rsquo;argent \u00e0 l&rsquo;\u00e9metteur de la carte jusqu&rsquo;\u00e0 une certaine limite pour acheter des articles ou retirer de l&rsquo;argent.<\/li>\n<\/ul>\n<h3 id=\"t-1616767663366\" style=\"\">Qu&rsquo;est-ce qu&rsquo;un relev\u00e9 de carte de cr\u00e9dit?<\/h3>\n<p style=\"\">Le relev\u00e9 de carte de cr\u00e9dit est le r\u00e9sum\u00e9 de la mani\u00e8re dont vous avez utilis\u00e9 votre carte de cr\u00e9dit pendant une p\u00e9riode de facturation. Il vous donne une description d\u00e9taill\u00e9e du moment, du lieu, de la nature et du montant de vos paiements. Tous vos paiements, cr\u00e9dits, achats, transferts de solde, avances de fonds, frais, int\u00e9r\u00eats et autres transactions y sont r\u00e9pertori\u00e9s.<\/p>\n<p style=\"\">\u00c0 la fin de chaque p\u00e9riode de facturation, une facture avec le solde ouvert vous sera envoy\u00e9e. Le solde ouvert g\u00e9n\u00e8re des frais d&rsquo;int\u00e9r\u00eat. Le moment et le montant de ces int\u00e9r\u00eats d\u00e9pendent de votre fournisseur. En g\u00e9n\u00e9ral, en Suisse, vous recevrez votre relev\u00e9 de carte de cr\u00e9dit et ce n&rsquo;est qu&rsquo;ensuite que la soci\u00e9t\u00e9 de carte de cr\u00e9dit vous facturera des int\u00e9r\u00eats.Il suffit g\u00e9n\u00e9ralement de r\u00e9gler le solde de votre relev\u00e9 2 ou 3 jours avant la date d&rsquo;\u00e9ch\u00e9ance pour \u00e9viter de payer des int\u00e9r\u00eats. Une fa\u00e7on de limiter cela est de charger votre carte de cr\u00e9dit le plus t\u00f4t possible lorsque vous recevez la facture.<\/p>\n<h3 id=\"t-1616767663367\" style=\"\">O\u00f9 je puis trouver mon relev\u00e9 de carte de cr\u00e9dit?<\/h3>\n<p style=\"\">En g\u00e9n\u00e9ral, votre relev\u00e9 de carte de cr\u00e9dit vous parvient par la poste, mais vous pouvez modifier vos pr\u00e9f\u00e9rences dans votre compte. Si vous avez opt\u00e9 pour les relev\u00e9s de facturation en ligne, ou d\u00e9mat\u00e9rialis\u00e9s, vous les recevrez par courriel ou vous pourrez le t\u00e9l\u00e9charger directement sur le site de l&rsquo;\u00e9metteur de votre carte de cr\u00e9dit.Vous pouvez \u00eatre vert <img decoding=\"async\" role=\"img\" alt=\"\u267b\ufe0f\" src=\"https:\/\/s.w.org\/images\/core\/emoji\/13.0.1\/svg\/267b.svg\"> et en m\u00eame temps, la formule PDF vous sera plus utile.<\/p>\n<p>  <span style=\"\"><img decoding=\"async\" alt=\"Retrouver le plaisir de faire votre comptabilit\u00e9 avec EZYcount\" data-id=\"11311\" width=\"254\" data-init-width=\"600\" height=\"169\" data-init-height=\"400\" title=\"Retrouver le plaisir de faire votre comptabilit\u00e9 avec EZYcount\" loading=\"lazy\" src=\"https:\/\/www.ezycount.ch\/wp-content\/uploads\/2021\/04\/retrouver-le-plaisir-de-faire-votre-comptabilite-avec-EZYcount.jpg\" data-width=\"254\" data-height=\"169\" style=\"\" mt-d=\"0\"><\/span><\/p>\n<h6 style=\"\">Vous cherchez une solution simple de comptabilit\u00e9 suisse? EZYcount est pour vous<\/h6>\n<p>  <strong>Contenus Les Plus Consult\u00e9s<\/strong><\/p>\n<p style=\"\">\n<p>    __CONFIG_colors_palette__{\u00ab\u00a0active_palette\u00a0\u00bb:0,\u00a0\u00bbconfig\u00a0\u00bb:{\u00ab\u00a0colors\u00a0\u00bb:{\u00ab\u00a09bd08\u00a0\u00bb:{\u00ab\u00a0name\u00a0\u00bb:\u00a0\u00bbMain Accent\u00a0\u00bb,\u00a0\u00bbparent\u00a0\u00bb:-1}},\u00a0\u00bbgradients\u00a0\u00bb:[]},\u00a0\u00bbpalettes\u00a0\u00bb:[{\u00ab\u00a0name\u00a0\u00bb:\u00a0\u00bbDefault Palette\u00a0\u00bb,\u00a0\u00bbvalue\u00a0\u00bb:{\u00ab\u00a0colors\u00a0\u00bb:{\u00ab\u00a09bd08\u00a0\u00bb:{\u00ab\u00a0val\u00a0\u00bb:\u00a0\u00bbhsla(var(&#8211;tcb-main-master-h, 210), var(&#8211;tcb-main-master-s, 77%), var(&#8211;tcb-main-master-l, 54%), 1)\u00a0\u00bb}},\u00a0\u00bbgradients\u00a0\u00bb:[]},\u00a0\u00bboriginal\u00a0\u00bb:{\u00ab\u00a0colors\u00a0\u00bb:{\u00ab\u00a09bd08\u00a0\u00bb:{\u00ab\u00a0val\u00a0\u00bb:\u00a0\u00bbrgb(19, 114, 211)\u00a0\u00bb,\u00a0\u00bbhsl\u00a0\u00bb:{\u00ab\u00a0h\u00a0\u00bb:210,\u00a0\u00bbs\u00a0\u00bb:0.83,\u00a0\u00bbl\u00a0\u00bb:0.45}}},\u00a0\u00bbgradients\u00a0\u00bb:[]}}]}__CONFIG_colors_palette__ <a href=\"https:\/\/www.ezycount.ch\/fr\/\" style=\"\" target=\"_blank\" rel=\"noopener\"> <span><span style=\"\">Comptabilit\u00e9<\/span><\/span> <\/a> <\/p>\n<p style=\"\">Une solution simple et s\u00e9curis\u00e9e de comptabilit\u00e9 financi\u00e8re et de facturation en ligne.<\/p>\n<p>      __CONFIG_colors_palette__{\u00ab\u00a0active_palette\u00a0\u00bb:0,\u00a0\u00bbconfig\u00a0\u00bb:{\u00ab\u00a0colors\u00a0\u00bb:{\u00ab\u00a09bd08\u00a0\u00bb:{\u00ab\u00a0name\u00a0\u00bb:\u00a0\u00bbMain Accent\u00a0\u00bb,\u00a0\u00bbparent\u00a0\u00bb:-1}},\u00a0\u00bbgradients\u00a0\u00bb:[]},\u00a0\u00bbpalettes\u00a0\u00bb:[{\u00ab\u00a0name\u00a0\u00bb:\u00a0\u00bbDefault Palette\u00a0\u00bb,\u00a0\u00bbvalue\u00a0\u00bb:{\u00ab\u00a0colors\u00a0\u00bb:{\u00ab\u00a09bd08\u00a0\u00bb:{\u00ab\u00a0val\u00a0\u00bb:\u00a0\u00bbhsla(var(&#8211;tcb-main-master-h, 210), var(&#8211;tcb-main-master-s, 77%), var(&#8211;tcb-main-master-l, 54%), 1)\u00a0\u00bb}},\u00a0\u00bbgradients\u00a0\u00bb:[]},\u00a0\u00bboriginal\u00a0\u00bb:{\u00ab\u00a0colors\u00a0\u00bb:{\u00ab\u00a09bd08\u00a0\u00bb:{\u00ab\u00a0val\u00a0\u00bb:\u00a0\u00bbrgb(19, 114, 211)\u00a0\u00bb,\u00a0\u00bbhsl\u00a0\u00bb:{\u00ab\u00a0h\u00a0\u00bb:210,\u00a0\u00bbs\u00a0\u00bb:0.83,\u00a0\u00bbl\u00a0\u00bb:0.45}}},\u00a0\u00bbgradients\u00a0\u00bb:[]}}]}__CONFIG_colors_palette__ <a href=\"https:\/\/www.ezycount.ch\/fr\/comment-organiser-facilement-votre-bureau\/\" style=\"\" target=\"_blank\" rel=\"noopener\"> <span><span style=\"\">Comment ranger et organiser son bureau?<\/span><\/span> <\/a> <\/p>\n<p style=\"\">Ranger et organiser son bureau pour \u00eatre plus efficace dans ses t\u00e2ches administratives.<\/p>\n<p>      __CONFIG_colors_palette__{\u00ab\u00a0active_palette\u00a0\u00bb:0,\u00a0\u00bbconfig\u00a0\u00bb:{\u00ab\u00a0colors\u00a0\u00bb:{\u00ab\u00a09bd08\u00a0\u00bb:{\u00ab\u00a0name\u00a0\u00bb:\u00a0\u00bbMain Accent\u00a0\u00bb,\u00a0\u00bbparent\u00a0\u00bb:-1}},\u00a0\u00bbgradients\u00a0\u00bb:[]},\u00a0\u00bbpalettes\u00a0\u00bb:[{\u00ab\u00a0name\u00a0\u00bb:\u00a0\u00bbDefault Palette\u00a0\u00bb,\u00a0\u00bbvalue\u00a0\u00bb:{\u00ab\u00a0colors\u00a0\u00bb:{\u00ab\u00a09bd08\u00a0\u00bb:{\u00ab\u00a0val\u00a0\u00bb:\u00a0\u00bbhsla(var(&#8211;tcb-main-master-h, 210), var(&#8211;tcb-main-master-s, 77%), var(&#8211;tcb-main-master-l, 54%), 1)\u00a0\u00bb}},\u00a0\u00bbgradients\u00a0\u00bb:[]},\u00a0\u00bboriginal\u00a0\u00bb:{\u00ab\u00a0colors\u00a0\u00bb:{\u00ab\u00a09bd08\u00a0\u00bb:{\u00ab\u00a0val\u00a0\u00bb:\u00a0\u00bbrgb(19, 114, 211)\u00a0\u00bb,\u00a0\u00bbhsl\u00a0\u00bb:{\u00ab\u00a0h\u00a0\u00bb:210,\u00a0\u00bbs\u00a0\u00bb:0.83,\u00a0\u00bbl\u00a0\u00bb:0.45}}},\u00a0\u00bbgradients\u00a0\u00bb:[]}}]}__CONFIG_colors_palette__ <a href=\"https:\/\/www.ezycount.ch\/fr\/comment-creer-une-facture-legale-en-suisse\/\" style=\"\"> <span><span style=\"\">Facturation suisse<\/span><\/span> <\/a> <\/p>\n<p style=\"\">Retrouvez toutes les informations n\u00e9cessaires pour cr\u00e9er des factures suisses conformes et compl\u00e8tes.<\/p>\n<p>      __CONFIG_colors_palette__{\u00ab\u00a0active_palette\u00a0\u00bb:0,\u00a0\u00bbconfig\u00a0\u00bb:{\u00ab\u00a0colors\u00a0\u00bb:{\u00ab\u00a09bd08\u00a0\u00bb:{\u00ab\u00a0name\u00a0\u00bb:\u00a0\u00bbMain Accent\u00a0\u00bb,\u00a0\u00bbparent\u00a0\u00bb:-1}},\u00a0\u00bbgradients\u00a0\u00bb:[]},\u00a0\u00bbpalettes\u00a0\u00bb:[{\u00ab\u00a0name\u00a0\u00bb:\u00a0\u00bbDefault Palette\u00a0\u00bb,\u00a0\u00bbvalue\u00a0\u00bb:{\u00ab\u00a0colors\u00a0\u00bb:{\u00ab\u00a09bd08\u00a0\u00bb:{\u00ab\u00a0val\u00a0\u00bb:\u00a0\u00bbhsla(var(&#8211;tcb-main-master-h, 210), var(&#8211;tcb-main-master-s, 77%), var(&#8211;tcb-main-master-l, 54%), 1)\u00a0\u00bb}},\u00a0\u00bbgradients\u00a0\u00bb:[]},\u00a0\u00bboriginal\u00a0\u00bb:{\u00ab\u00a0colors\u00a0\u00bb:{\u00ab\u00a09bd08\u00a0\u00bb:{\u00ab\u00a0val\u00a0\u00bb:\u00a0\u00bbrgb(19, 114, 211)\u00a0\u00bb,\u00a0\u00bbhsl\u00a0\u00bb:{\u00ab\u00a0h\u00a0\u00bb:210,\u00a0\u00bbs\u00a0\u00bb:0.83,\u00a0\u00bbl\u00a0\u00bb:0.45}}},\u00a0\u00bbgradients\u00a0\u00bb:[]}}]}__CONFIG_colors_palette__ <a href=\"https:\/\/www.ezycount.ch\/fr\/startup-valuation-model-free-excel\/\" style=\"\" target=\"_blank\" rel=\"noopener\"> <span><span style=\"\">Valorisation de la startup<\/span><\/span> <\/a> <\/p>\n<p style=\"\">Mod\u00e8le Excel gratuit pour calculer la valeur de votre startup lorsqu&rsquo;elle ne fait pas encore de b\u00e9n\u00e9fices ou tr\u00e8s peu.<\/p>\n<p>  __CONFIG_group_edit__{\u00ab\u00a0kbjp1vpj\u00a0\u00bb:{\u00ab\u00a0name\u00a0\u00bb:\u00a0\u00bbAll Logo(s)\u00a0\u00bb,\u00a0\u00bbsingular\u00a0\u00bb:\u00a0\u00bb&#8211; Logo %s\u00a0\u00bb},\u00a0\u00bbkbjp1xfn\u00a0\u00bb:{\u00ab\u00a0name\u00a0\u00bb:\u00a0\u00bbAll Title(s)\u00a0\u00bb,\u00a0\u00bbsingular\u00a0\u00bb:\u00a0\u00bb&#8211; Text %s\u00a0\u00bb},\u00a0\u00bbkbjp22kc\u00a0\u00bb:{\u00ab\u00a0name\u00a0\u00bb:\u00a0\u00bbAll Paragraph(s)\u00a0\u00bb,\u00a0\u00bbsingular\u00a0\u00bb:\u00a0\u00bb&#8211; Text %s\u00a0\u00bb},\u00a0\u00bbkbjp2ag5&Prime;:{\u00ab\u00a0name\u00a0\u00bb:\u00a0\u00bbAll Read Review Button(s)\u00a0\u00bb,\u00a0\u00bbsingular\u00a0\u00bb:\u00a0\u00bb&#8211; Button %s\u00a0\u00bb},\u00a0\u00bbkbjp3xj6&Prime;:{\u00ab\u00a0name\u00a0\u00bb:\u00a0\u00bbAll Visit Website Button(s)\u00a0\u00bb,\u00a0\u00bbsingular\u00a0\u00bb:\u00a0\u00bb&#8211; Button %s\u00a0\u00bb},\u00a0\u00bbkbjp44dp\u00a0\u00bb:{\u00ab\u00a0name\u00a0\u00bb:\u00a0\u00bbAll Buttons Column(s)\u00a0\u00bb,\u00a0\u00bbsingular\u00a0\u00bb:\u00a0\u00bb&#8211; Column %s\u00a0\u00bb},\u00a0\u00bbkbjp4d43&Prime;:{\u00ab\u00a0name\u00a0\u00bb:\u00a0\u00bbAll Text Column(s)\u00a0\u00bb,\u00a0\u00bbsingular\u00a0\u00bb:\u00a0\u00bb&#8211; Column %s\u00a0\u00bb},\u00a0\u00bbkbjp4k9i\u00a0\u00bb:{\u00ab\u00a0name\u00a0\u00bb:\u00a0\u00bbAll Content Box(s)\u00a0\u00bb,\u00a0\u00bbsingular\u00a0\u00bb:\u00a0\u00bb&#8211; Content Box %s\u00a0\u00bb},\u00a0\u00bbkbjp4mck\u00a0\u00bb:{\u00ab\u00a0name\u00a0\u00bb:\u00a0\u00bbAll Content Box(s)\u00a0\u00bb,\u00a0\u00bbsingular\u00a0\u00bb:\u00a0\u00bb&#8211; Content Box %s\u00a0\u00bb}}__CONFIG_group_edit____CONFIG_local_colors__{\u00ab\u00a0colors\u00a0\u00bb:{},\u00a0\u00bbgradients\u00a0\u00bb:{}}__CONFIG_local_colors__ <\/p>\n<h3 id=\"t-1616767663368\" style=\"\">Importez vos transactions par carte de cr\u00e9dit dans votre syst\u00e8me comptable<\/h3>\n<p style=\"\">Importez vos transactions par carte de cr\u00e9dit dans votre syst\u00e8me comptable Cette fonction va changer la fa\u00e7on dont vous envisagez la comptabilit\u00e9 de vos transactions par carte de cr\u00e9dit. T\u00e9l\u00e9chargez votre dernier relev\u00e9 num\u00e9rique de carte de cr\u00e9dit et chargez-le dans le logiciel de comptabilit\u00e9. Gr\u00e2ce \u00e0 cette fonction, vous n&rsquo;avez plus besoin de classer vos comptes un par un. Gagnez du temps, travaillez moins, soyez plus efficace et pr\u00e9cis \u00e0 la fois.&nbsp;<\/p>\n<ul>\n<li style=\"\">r\u00e9servations effectu\u00e9es manuellement : 12 heures<\/li>\n<li>r\u00e9servations effectu\u00e9es par importation PDF : 100\/heures<\/li>\n<\/ul>\n<h5 data-alt-text=\"Vid\u00e9o DIY\" id=\"t-1616767663372\" style=\"\">Voici comment cela fonctionne :<\/h5>\n<h3 id=\"t-1616767663369\" style=\"\">Comment automatiser la comptabilisation des transactions par carte de cr\u00e9dit ?<\/h3>\n<p>Maintenant vos transactions sont dans votre comptabilit\u00e9. La derni\u00e8re \u00e9tape consiste \u00e0 les cat\u00e9goriser, par exemple : transport, restaurant, etc&#8230;Cette \u00e9tape peut \u00eatre compl\u00e8tement automatis\u00e9e gr\u00e2ce au syst\u00e8me de r\u00e8gles d&rsquo;EZYcount.Dans la vid\u00e9o suivante, d\u00e9couvrez comment automatiser vos d\u00e9penses en les pla\u00e7ant dans les bonnes cat\u00e9gories. Cette automatisation \u00e9vite les erreurs et vous fait gagner du temps.<\/p>\n<h5 id=\"t-1616767663373\" style=\"\">Automatisez vos r\u00e9servations<\/h5>\n<h3 id=\"t-1616767663370\" style=\"\">La meilleure carte de cr\u00e9dit suisse \u00e0 utiliser avec EZYcount<\/h3>\n<p style=\"\">L&rsquo;importation de cartes de cr\u00e9dit sur EZYcount fonctionne mieux avec la carte de cr\u00e9dit Corn\u00e8rcard. Avez-vous entendu parler de <strong>Corn\u00e8rcard<\/strong>?<em>Corn\u00e8rcard est une division de la Corn\u00e8r Banque, un \u00e9tablissement bancaire suisse ind\u00e9pendant fond\u00e9 en 1952 \u00e0 Lugano. La Corn\u00e8r Banque a \u00e9t\u00e9 la premi\u00e8re banque de Suisse \u00e0 lancer les cartes de cr\u00e9dit Visa en 1975.<\/em>Nous avons fait quelques recherches et si vous vous demandez : pourquoi la Corn\u00e8rcard est bonne pour moi? Laissez-moi vous pr\u00e9senter quelques-uns de ses avantages:<\/p>\n<ul>\n<li>carte de cr\u00e9dit virtuelle<\/li>\n<li style=\"\">SwatchPAY &#8211; payez avec votre montre Swatch<\/li>\n<li>paiement sans contact et mobile<\/li>\n<li>des transactions faciles et tra\u00e7ables via une application<\/li>\n<li>un contact personnel pour vous aider \u00e0 d\u00e9marrer l&rsquo;installation de votre carte de cr\u00e9dit<\/li>\n<\/ul>\n<h5 data-alt-text=\"Formulaire de registre\" id=\"t-1616767663374\" style=\"\">Remplissez ce formulaire. Nous transmettrons vos informations \u00e0 la personne comp\u00e9tente de Corn\u00e8rcard qui vous contactera sous peu pour discuter de la meilleure option de carte de cr\u00e9dit pour vous.<\/h5>\n<p>Si vous avez d&rsquo;autres questions, n&rsquo;h\u00e9sitez pas \u00e0 contacter notre \u00e9quipe EZYcount \u00e0 tout moment \u00e0 l&rsquo;adresse \u00e9lectronique suivante : support@ezycount.ch<\/p><\/p>\n","protected":false},"excerpt":{"rendered":"<p>Comment comptabiliser automatiquement votre relev\u00e9 de carte de cr\u00e9dit dans votre programme de comptabilit\u00e9 ? Vous avez re\u00e7u votre relev\u00e9 de carte de cr\u00e9dit et vous ne savez pas quoi faire ?Il y a 4 ans, je devais utiliser un surligneur vert pour m&rsquo;aider \u00e0 ne pas faire d&rsquo;erreurs lorsque j&rsquo;enregistrais mes d\u00e9penses. Gr\u00e2ce \u00e0 [&hellip;]<\/p>\n","protected":false},"author":4,"featured_media":0,"parent":0,"menu_order":0,"comment_status":"closed","ping_status":"closed","template":"","meta":{"footnotes":""},"class_list":["post-11033","page","type-page","status-publish","hentry","post-wrapper","thrv_wrapper"],"yoast_head":"<!-- This site is optimized with the Yoast SEO plugin v25.3 - https:\/\/yoast.com\/wordpress\/plugins\/seo\/ -->\n<title>Comment comptabiliser automatiquement votre relev\u00e9 de carte de cr\u00e9dit - EZYcount<\/title>\n<meta name=\"description\" content=\"Gr\u00e2ce \u00e0 la technologie, je peux int\u00e9grer facilement mon relev\u00e9 num\u00e9rique de carte de cr\u00e9dit dans le syst\u00e8me comptable. Voir comment \u27a1\ufe0f\" \/>\n<meta name=\"robots\" content=\"index, follow, max-snippet:-1, max-image-preview:large, max-video-preview:-1\" \/>\n<link rel=\"canonical\" href=\"https:\/\/www.ezycount.ch\/fr\/comment-comptabiliser-automatiquement-votre-releve-de-carte-de-credit\/\" \/>\n<meta property=\"og:locale\" content=\"fr_FR\" \/>\n<meta property=\"og:type\" content=\"article\" \/>\n<meta property=\"og:title\" content=\"Comment comptabiliser automatiquement votre relev\u00e9 de carte de cr\u00e9dit - EZYcount\" \/>\n<meta property=\"og:description\" content=\"Gr\u00e2ce \u00e0 la technologie, je peux int\u00e9grer facilement mon relev\u00e9 num\u00e9rique de carte de cr\u00e9dit dans le syst\u00e8me comptable. Voir comment \u27a1\ufe0f\" \/>\n<meta property=\"og:url\" content=\"https:\/\/www.ezycount.ch\/fr\/comment-comptabiliser-automatiquement-votre-releve-de-carte-de-credit\/\" \/>\n<meta property=\"og:site_name\" content=\"EZYcount\" \/>\n<meta property=\"article:modified_time\" content=\"2021-11-09T04:27:44+00:00\" \/>\n<meta property=\"og:image\" content=\"https:\/\/www.ezycount.ch\/wp-content\/uploads\/2021\/03\/Screen-Shot-2021-03-26-at-7.21.51-PM.png\" \/>\n<meta name=\"twitter:card\" content=\"summary_large_image\" \/>\n<meta name=\"twitter:label1\" content=\"Dur\u00e9e de lecture estim\u00e9e\" \/>\n\t<meta name=\"twitter:data1\" content=\"6 minutes\" \/>\n<script type=\"application\/ld+json\" class=\"yoast-schema-graph\">{\"@context\":\"https:\/\/schema.org\",\"@graph\":[{\"@type\":\"WebPage\",\"@id\":\"https:\/\/www.ezycount.ch\/fr\/comment-comptabiliser-automatiquement-votre-releve-de-carte-de-credit\/\",\"url\":\"https:\/\/www.ezycount.ch\/fr\/comment-comptabiliser-automatiquement-votre-releve-de-carte-de-credit\/\",\"name\":\"Comment comptabiliser automatiquement votre relev\u00e9 de carte de cr\u00e9dit - EZYcount\",\"isPartOf\":{\"@id\":\"https:\/\/www.ezycount.ch\/fr\/#website\"},\"primaryImageOfPage\":{\"@id\":\"https:\/\/www.ezycount.ch\/fr\/comment-comptabiliser-automatiquement-votre-releve-de-carte-de-credit\/#primaryimage\"},\"image\":{\"@id\":\"https:\/\/www.ezycount.ch\/fr\/comment-comptabiliser-automatiquement-votre-releve-de-carte-de-credit\/#primaryimage\"},\"thumbnailUrl\":\"https:\/\/www.ezycount.ch\/wp-content\/uploads\/2021\/03\/Screen-Shot-2021-03-26-at-7.21.51-PM.png\",\"datePublished\":\"2021-03-26T18:09:02+00:00\",\"dateModified\":\"2021-11-09T04:27:44+00:00\",\"description\":\"Gr\u00e2ce \u00e0 la technologie, je peux int\u00e9grer facilement mon relev\u00e9 num\u00e9rique de carte de cr\u00e9dit dans le syst\u00e8me comptable. Voir comment \u27a1\ufe0f\",\"breadcrumb\":{\"@id\":\"https:\/\/www.ezycount.ch\/fr\/comment-comptabiliser-automatiquement-votre-releve-de-carte-de-credit\/#breadcrumb\"},\"inLanguage\":\"fr-FR\",\"potentialAction\":[{\"@type\":\"ReadAction\",\"target\":[\"https:\/\/www.ezycount.ch\/fr\/comment-comptabiliser-automatiquement-votre-releve-de-carte-de-credit\/\"]}]},{\"@type\":\"ImageObject\",\"inLanguage\":\"fr-FR\",\"@id\":\"https:\/\/www.ezycount.ch\/fr\/comment-comptabiliser-automatiquement-votre-releve-de-carte-de-credit\/#primaryimage\",\"url\":\"https:\/\/www.ezycount.ch\/wp-content\/uploads\/2021\/03\/Screen-Shot-2021-03-26-at-7.21.51-PM.png\",\"contentUrl\":\"https:\/\/www.ezycount.ch\/wp-content\/uploads\/2021\/03\/Screen-Shot-2021-03-26-at-7.21.51-PM.png\"},{\"@type\":\"BreadcrumbList\",\"@id\":\"https:\/\/www.ezycount.ch\/fr\/comment-comptabiliser-automatiquement-votre-releve-de-carte-de-credit\/#breadcrumb\",\"itemListElement\":[{\"@type\":\"ListItem\",\"position\":1,\"name\":\"Home\",\"item\":\"https:\/\/www.ezycount.ch\/fr\/\"},{\"@type\":\"ListItem\",\"position\":2,\"name\":\"Comment comptabiliser automatiquement votre relev\u00e9 de carte de cr\u00e9dit\"}]},{\"@type\":\"WebSite\",\"@id\":\"https:\/\/www.ezycount.ch\/fr\/#website\",\"url\":\"https:\/\/www.ezycount.ch\/fr\/\",\"name\":\"EZYcount\",\"description\":\"Simplifiez votre comptabilit\u00e9 et gagnez du temps\",\"potentialAction\":[{\"@type\":\"SearchAction\",\"target\":{\"@type\":\"EntryPoint\",\"urlTemplate\":\"https:\/\/www.ezycount.ch\/fr\/?s={search_term_string}\"},\"query-input\":{\"@type\":\"PropertyValueSpecification\",\"valueRequired\":true,\"valueName\":\"search_term_string\"}}],\"inLanguage\":\"fr-FR\"}]}<\/script>\n<!-- \/ Yoast SEO plugin. -->","yoast_head_json":{"title":"Comment comptabiliser automatiquement votre relev\u00e9 de carte de cr\u00e9dit - EZYcount","description":"Gr\u00e2ce \u00e0 la technologie, je peux int\u00e9grer facilement mon relev\u00e9 num\u00e9rique de carte de cr\u00e9dit dans le syst\u00e8me comptable. Voir comment \u27a1\ufe0f","robots":{"index":"index","follow":"follow","max-snippet":"max-snippet:-1","max-image-preview":"max-image-preview:large","max-video-preview":"max-video-preview:-1"},"canonical":"https:\/\/www.ezycount.ch\/fr\/comment-comptabiliser-automatiquement-votre-releve-de-carte-de-credit\/","og_locale":"fr_FR","og_type":"article","og_title":"Comment comptabiliser automatiquement votre relev\u00e9 de carte de cr\u00e9dit - EZYcount","og_description":"Gr\u00e2ce \u00e0 la technologie, je peux int\u00e9grer facilement mon relev\u00e9 num\u00e9rique de carte de cr\u00e9dit dans le syst\u00e8me comptable. Voir comment \u27a1\ufe0f","og_url":"https:\/\/www.ezycount.ch\/fr\/comment-comptabiliser-automatiquement-votre-releve-de-carte-de-credit\/","og_site_name":"EZYcount","article_modified_time":"2021-11-09T04:27:44+00:00","og_image":[{"url":"https:\/\/www.ezycount.ch\/wp-content\/uploads\/2021\/03\/Screen-Shot-2021-03-26-at-7.21.51-PM.png","type":"","width":"","height":""}],"twitter_card":"summary_large_image","twitter_misc":{"Dur\u00e9e de lecture estim\u00e9e":"6 minutes"},"schema":{"@context":"https:\/\/schema.org","@graph":[{"@type":"WebPage","@id":"https:\/\/www.ezycount.ch\/fr\/comment-comptabiliser-automatiquement-votre-releve-de-carte-de-credit\/","url":"https:\/\/www.ezycount.ch\/fr\/comment-comptabiliser-automatiquement-votre-releve-de-carte-de-credit\/","name":"Comment comptabiliser automatiquement votre relev\u00e9 de carte de cr\u00e9dit - EZYcount","isPartOf":{"@id":"https:\/\/www.ezycount.ch\/fr\/#website"},"primaryImageOfPage":{"@id":"https:\/\/www.ezycount.ch\/fr\/comment-comptabiliser-automatiquement-votre-releve-de-carte-de-credit\/#primaryimage"},"image":{"@id":"https:\/\/www.ezycount.ch\/fr\/comment-comptabiliser-automatiquement-votre-releve-de-carte-de-credit\/#primaryimage"},"thumbnailUrl":"https:\/\/www.ezycount.ch\/wp-content\/uploads\/2021\/03\/Screen-Shot-2021-03-26-at-7.21.51-PM.png","datePublished":"2021-03-26T18:09:02+00:00","dateModified":"2021-11-09T04:27:44+00:00","description":"Gr\u00e2ce \u00e0 la technologie, je peux int\u00e9grer facilement mon relev\u00e9 num\u00e9rique de carte de cr\u00e9dit dans le syst\u00e8me comptable. Voir comment \u27a1\ufe0f","breadcrumb":{"@id":"https:\/\/www.ezycount.ch\/fr\/comment-comptabiliser-automatiquement-votre-releve-de-carte-de-credit\/#breadcrumb"},"inLanguage":"fr-FR","potentialAction":[{"@type":"ReadAction","target":["https:\/\/www.ezycount.ch\/fr\/comment-comptabiliser-automatiquement-votre-releve-de-carte-de-credit\/"]}]},{"@type":"ImageObject","inLanguage":"fr-FR","@id":"https:\/\/www.ezycount.ch\/fr\/comment-comptabiliser-automatiquement-votre-releve-de-carte-de-credit\/#primaryimage","url":"https:\/\/www.ezycount.ch\/wp-content\/uploads\/2021\/03\/Screen-Shot-2021-03-26-at-7.21.51-PM.png","contentUrl":"https:\/\/www.ezycount.ch\/wp-content\/uploads\/2021\/03\/Screen-Shot-2021-03-26-at-7.21.51-PM.png"},{"@type":"BreadcrumbList","@id":"https:\/\/www.ezycount.ch\/fr\/comment-comptabiliser-automatiquement-votre-releve-de-carte-de-credit\/#breadcrumb","itemListElement":[{"@type":"ListItem","position":1,"name":"Home","item":"https:\/\/www.ezycount.ch\/fr\/"},{"@type":"ListItem","position":2,"name":"Comment comptabiliser automatiquement votre relev\u00e9 de carte de cr\u00e9dit"}]},{"@type":"WebSite","@id":"https:\/\/www.ezycount.ch\/fr\/#website","url":"https:\/\/www.ezycount.ch\/fr\/","name":"EZYcount","description":"Simplifiez votre comptabilit\u00e9 et gagnez du temps","potentialAction":[{"@type":"SearchAction","target":{"@type":"EntryPoint","urlTemplate":"https:\/\/www.ezycount.ch\/fr\/?s={search_term_string}"},"query-input":{"@type":"PropertyValueSpecification","valueRequired":true,"valueName":"search_term_string"}}],"inLanguage":"fr-FR"}]}},"_links":{"self":[{"href":"https:\/\/www.ezycount.ch\/fr\/wp-json\/wp\/v2\/pages\/11033","targetHints":{"allow":["GET"]}}],"collection":[{"href":"https:\/\/www.ezycount.ch\/fr\/wp-json\/wp\/v2\/pages"}],"about":[{"href":"https:\/\/www.ezycount.ch\/fr\/wp-json\/wp\/v2\/types\/page"}],"author":[{"embeddable":true,"href":"https:\/\/www.ezycount.ch\/fr\/wp-json\/wp\/v2\/users\/4"}],"replies":[{"embeddable":true,"href":"https:\/\/www.ezycount.ch\/fr\/wp-json\/wp\/v2\/comments?post=11033"}],"version-history":[{"count":95,"href":"https:\/\/www.ezycount.ch\/fr\/wp-json\/wp\/v2\/pages\/11033\/revisions"}],"predecessor-version":[{"id":16005,"href":"https:\/\/www.ezycount.ch\/fr\/wp-json\/wp\/v2\/pages\/11033\/revisions\/16005"}],"wp:attachment":[{"href":"https:\/\/www.ezycount.ch\/fr\/wp-json\/wp\/v2\/media?parent=11033"}],"curies":[{"name":"wp","href":"https:\/\/api.w.org\/{rel}","templated":true}]}}