{"id":11612,"date":"2021-06-09T11:09:01","date_gmt":"2021-06-09T10:09:01","guid":{"rendered":"https:\/\/www.ezycount.ch\/?page_id=11612"},"modified":"2021-06-09T12:44:10","modified_gmt":"2021-06-09T11:44:10","slug":"une-ecole-en-ligne-pour-etudier-la-comptabilite-en-2021","status":"publish","type":"page","link":"https:\/\/www.ezycount.ch\/fr\/une-ecole-en-ligne-pour-etudier-la-comptabilite-en-2021\/","title":{"rendered":"Une \u00e9cole en ligne pour \u00e9tudier la comptabilit\u00e9 en 2021"},"content":{"rendered":"<h1 id=\"t-1617709422446\" style=\"\">Apprenez les bases de la comptabilit\u00e9 dans le confort de votre maison<\/h1>\n<p style=\"\">Vous souhaitez apprendre les bases de la comptabilit\u00e9 pour mieux comprendre vos chiffres financiers ou pour faire tout ou partie de votre propre comptabilit\u00e9? <img decoding=\"async\" role=\"img\" alt=\"\u27a1\ufe0f\" src=\"https:\/\/s.w.org\/images\/core\/emoji\/13.0.1\/svg\/27a1.svg\"> Il existe une nouvelle fa\u00e7on de le faire en Suisse.Les \u00e9coles en ligne et les cours num\u00e9riques s\u00e9duisent de plus en plus dans le monde entier. Suivre son ou ses cours depuis son domicile ou m\u00eame depuis l&rsquo;\u00e9tranger en raison de la pand\u00e9mie de Covid-19 a compl\u00e8tement chang\u00e9 la fa\u00e7on d&rsquo;\u00e9tudier. La possibilit\u00e9 de s&rsquo;instruire depuis chez soi et \u00e0 son propre rythme rend l&rsquo;apprentissage de nouvelles connaissances plus abordable. Je me souviens avoir d\u00e9j\u00e0 pass\u00e9 une heure sur la route pour aller suivre un cours sp\u00e9cifique \u00e0 Lausanne quand j&rsquo;\u00e9tais \u00e0 l&rsquo;universit\u00e9. \u00ab\u00a0Le temps, c&rsquo;est de l&rsquo;argent\u00a0\u00bb, disait Benjamin Franklin et il avait bien raison d\u00e9j\u00e0 en 1748. L&rsquo;\u00e9poque o\u00f9 vous deviez passer des heures interminables \u00e0 voyager juste parce que vous deviez vous d\u00e9placer pour apprendre de nouvelles connaissances est r\u00e9volue !<\/p>\n<h3 style=\"\" id=\"t-1617718200347\">BetterStudy &#8211; L&rsquo;enseignement en ligne suisse<img decoding=\"async\" role=\"img\" alt=\"\ud83c\udde8\ud83c\udded\" src=\"https:\/\/s.w.org\/images\/core\/emoji\/13.0.1\/svg\/1f1e8-1f1ed.svg\"><\/h3>\n<p style=\"\">J&rsquo;ai personnellement rencontr\u00e9 Christophe, le fondateur de BetterStudy lorsque j&rsquo;ai lanc\u00e9 EZYcount. Il a d\u00e9marr\u00e9 BetterStudy en 2015 \u00e0 Gen\u00e8ve en proposant des formations en comptabilit\u00e9, et en d\u00e9veloppant progressivement des cours dans des domaines tels que les ressources humaines, la finance de march\u00e9, le marketing et la communication, la banque, les assurances, la fiscalit\u00e9, la gestion d&rsquo;entreprise et l&rsquo;entrepreneuriat.D\u00e9sormais, BetterStudy a grandi et s&rsquo;est d\u00e9velopp\u00e9 pour devenir un institut de formation professionnelle en ligne pour adultes. Pour les cours sanctionn\u00e9s par un dipl\u00f4me ou un certificat, les membres de BetterStudy b\u00e9n\u00e9ficient d&rsquo;un encadrement \u00e0 distance et d&rsquo;ateliers en personne par leurs diff\u00e9rents experts. Ils proposent \u00e9galement des cours utiles en gestion d&rsquo;entreprise, en finances et en comptabilit\u00e9.<\/p>\n<p style=\"text-align: center;\">2&rsquo;000Membres<\/p>\n<p style=\"text-align: center;\">20Experts<\/p>\n<h3 style=\"\" id=\"t-1617718200348\">La m\u00e9thode BetterStudy<\/h3>\n<p style=\"\"><span data-preserver-spaces=\"true\">On dit que l&rsquo;\u00e9ducation doit suivre les innovations et les tendances.La m\u00e9thode BetterStudy comprend diff\u00e9rents outils pour que les \u00e9tudiants puissent assimiler les connaissances facilement et correctement. B\u00e9n\u00e9ficiez d&rsquo;un apprentissage \u00e0 distance personnalis\u00e9 avec les ateliers de groupe en face \u00e0 face facultatifs. <span style=\"text-decoration: underline;\">L&rsquo;apprentissage chez BetterStudy se fait par:<\/span><\/span><\/p>\n<p style=\"\">PDF uniques t\u00e9l\u00e9chargeables<\/p>\n<p style=\"color: var(--tcb-skin-color-4)  !important; --tcb-applied-color:var$(--tcb-skin-color-4)  !important;\">Exercices et tests interactifs en ligne avec corrections automatiques, solutions et explications<\/p>\n<p data-empty=\"true\" style=\"text-align: center;\"><strong>Contenus Les Plus Consult\u00e9s:<\/strong><\/p>\n<p>       <a href=\"https:\/\/www.ezycount.ch\/fr\/organiser-son-bureau-pour-etre-efficace\/\" target=\"_blank\" rel=\"noopener\">  <\/a><\/p>\n<p><a href=\"https:\/\/www.ezycount.ch\/fr\/organiser-son-bureau-pour-etre-efficace\/\" target=\"_blank\" rel=\"noopener\"><\/p>\n<p style=\"\">Organisez votre bureau<\/p>\n<p><\/a><a href=\"https:\/\/www.ezycount.ch\/fr\/organiser-son-bureau-pour-etre-efficace\/\" target=\"_blank\" rel=\"noopener\"> <\/a><a href=\"https:\/\/www.ezycount.ch\/fr\/comment-creer-de-belles-factures-suisses-qui-sont-payees-rapidement\/\" target=\"_blank\" rel=\"noopener\">  <\/a><\/p>\n<p><a href=\"https:\/\/www.ezycount.ch\/fr\/comment-creer-de-belles-factures-suisses-qui-sont-payees-rapidement\/\" target=\"_blank\" rel=\"noopener\"><\/p>\n<p style=\"\">Facturation<\/p>\n<p><\/a><a href=\"https:\/\/www.ezycount.ch\/fr\/comment-creer-de-belles-factures-suisses-qui-sont-payees-rapidement\/\" target=\"_blank\" rel=\"noopener\"> <\/a><a href=\"https:\/\/www.ezycount.ch\/fr\/\" target=\"_blank\" rel=\"noopener\">  Comptabilit\u00e9 <\/a><a href=\"https:\/\/www.ezycount.ch\/fr\/nouveau-plugin-pour-wordpress-fr\/\" target=\"_blank\" rel=\"noopener\">  <\/a><\/p>\n<p><a href=\"https:\/\/www.ezycount.ch\/fr\/nouveau-plugin-pour-wordpress-fr\/\" target=\"_blank\" rel=\"noopener\"><\/p>\n<p style=\"\">Comptabilit\u00e9 pour Woocommerce<\/p>\n<p><\/a><a href=\"https:\/\/www.ezycount.ch\/fr\/nouveau-plugin-pour-wordpress-fr\/\" target=\"_blank\" rel=\"noopener\"> <\/a><a href=\"https:\/\/www.ezycount.ch\/en\/startup-valuation-model-free-excel\/\" target=\"_blank\" rel=\"noopener\">  <\/a><\/p>\n<p><a href=\"https:\/\/www.ezycount.ch\/en\/startup-valuation-model-free-excel\/\" target=\"_blank\" rel=\"noopener\"><\/p>\n<p style=\"\">\u00c9valuation de la startup<\/p>\n<p><\/a><a href=\"https:\/\/www.ezycount.ch\/en\/startup-valuation-model-free-excel\/\" target=\"_blank\" rel=\"noopener\"> <\/a>     <span style=\"\"><img decoding=\"async\" alt=\"Retrouver le plaisir de faire votre comptabilit\u00e9 avec EZYcount\" data-id=\"11311\" width=\"254\" data-init-width=\"600\" height=\"169\" data-init-height=\"400\" title=\"Retrouver le plaisir de faire votre comptabilit\u00e9 avec EZYcount\" loading=\"lazy\" src=\"https:\/\/www.ezycount.ch\/wp-content\/uploads\/2021\/04\/retrouver-le-plaisir-de-faire-votre-comptabilite-avec-EZYcount.jpg\" data-width=\"254\" data-height=\"169\" style=\"\" mt-d=\"0\"><\/span><\/p>\n<h6 style=\"\">Vous cherchez une solution simple de comptabilit\u00e9 suisse? EZYcount est pour vous.<\/h6>\n<h5 id=\"t-1617718200349\" style=\"\"><span style=\"font-weight: normal;\">Vid\u00e9os explicatives (voir un exemple ci-dessous)<\/span><\/h5>\n<h3 style=\"\" id=\"t-1617718200350\">Mission et vision<\/h3>\n<p>Christophe Rieder a cr\u00e9\u00e9 BetterStudy avec la volont\u00e9 de rendre l&rsquo;apprentissage de la comptabilit\u00e9 aussi agr\u00e9able, efficace et motivant que possible.BetterStudy n&rsquo;est pas seulement un institut, il vous accompagne dans votre \u00e9volution professionnelle gr\u00e2ce \u00e0 ses cours en ligne con\u00e7us par des experts d\u00e9di\u00e9s. Leur vision est de devenir le num\u00e9ro 1 de la formation professionnelle en ligne dans les domaines de la gestion financi\u00e8re et commerciale en Suisse.<\/p>\n<h3 style=\"\" id=\"t-1617718200351\">Pourquoi recommandons-nous BetterStudy?<\/h3>\n<p>L&rsquo;\u00e9ducation a beaucoup chang\u00e9 au cours des 10 derni\u00e8res ann\u00e9es gr\u00e2ce \u00e0 la technologie et \u00e0 l&rsquo;internet. BetterStudy combine les technologies modernes et les enseignements de nouvelle g\u00e9n\u00e9ration pour am\u00e9liorer l&rsquo;efficacit\u00e9 de ses cours.Sur BetterStudy, Christophe et les professeurs de l&rsquo;institut vous permettent de suivre un cours adapt\u00e9 \u00e0 vos besoins pour un prix tr\u00e8s int\u00e9ressant.De plus, BetterStudy propose des cours de comptabilit\u00e9 qui conviennent parfaitement aux ind\u00e9pendants qui veulent mieux comprendre leurs chiffres financiers ou qui veulent faire tout ou partie de leur propre comptabilit\u00e9.<\/p>\n<h5 id=\"t-1617718200352\" style=\"\"><span style=\"font-weight: normal;\">Les classes recommand\u00e9es par EZYcount:<\/span><\/h5>\n<ul>\n<li><strong>Concepts fondamentaux de la comptabilit\u00e9<\/strong><strong><\/strong>Le cours pr\u00e9sente les concepts fondamentaux de la comptabilit\u00e9 qui sont utiles \u00e0 tout employ\u00e9 administratif d&rsquo;une petite entreprise du secteur des services. <a href=\"https:\/\/betterstudy.ch\/produit\/formation-concepts-fondamentaux-en-comptabilite\/\" target=\"_blank\" rel=\"noopener\">Lire la suite&#8230;<\/a><\/li>\n<\/ul>\n<ul>\n<li><strong>Introduction \u00e0 la comptabilit\u00e9<\/strong><strong><\/strong>Ce cours pr\u00e9sente les bases de la comptabilit\u00e9 avec les deux principaux documents \u00e0 conna\u00eetre : le bilan et le compte de r\u00e9sultat. \u00c0 l&rsquo;issue de cette mise en ligne, vous serez capable de lire et cr\u00e9er les principaux documents comptables : le bilan et le compte de r\u00e9sultat. <a href=\"https:\/\/betterstudy.ch\/produit\/formation-introduction-a-la-comptabilite-le-bilan-et-le-compte-de-resultat\/\" target=\"_blank\" style=\"outline: none;\" rel=\"noopener\">Lire la suite&#8230;<\/a><\/li>\n<\/ul>\n<h3 style=\"\" id=\"t-1617718200353\">La pratique est le meilleur apprentissage<\/h3>\n<p>Pour mettre en action vos nouvelles connaissances, commencez d\u00e8s maintenant \u00e0 faire votre comptabilit\u00e9 avec EZYcount. Simples et intuitives, les connaissances th\u00e9oriques sont appliqu\u00e9es directement dans la pratique et restent bien plus pr\u00e9sentes dans votre esprit.De plus, l&rsquo;\u00e9quipe EZYcount vous soutient tout au long de votre chemin notamment avec les sessions \u00ab\u00a0Je fais ma compta\u00a0\u00bb o\u00f9 nos comptables vous aident en r\u00e9pondant \u00e0 vos questions et en vous accompagnant lors du passage des \u00e9critures selon votre besoin. <a href=\"https:\/\/www.ezycount.ch\/fr\/je-fais-ma-comptabilite\/\" target=\"_blank\" style=\"outline: none;\" rel=\"noopener\">https:\/\/www.ezycount.ch\/fr\/je-fais-ma-comptabilite\/<\/a>Essayez EZYcount gratuitement et testez vos nouvelles comp\u00e9tences sans attendre.<\/p>\n<p style=\"text-align: left;\"><strong>Commencez votre essai de 14 jours<\/strong><\/p>\n","protected":false},"excerpt":{"rendered":"<p>Apprenez les bases de la comptabilit\u00e9 dans le confort de votre maison Vous souhaitez apprendre les bases de la comptabilit\u00e9 pour mieux comprendre vos chiffres financiers ou pour faire tout ou partie de votre propre comptabilit\u00e9? Il existe une nouvelle fa\u00e7on de le faire en Suisse.Les \u00e9coles en ligne et les cours num\u00e9riques s\u00e9duisent de [&hellip;]<\/p>\n","protected":false},"author":4,"featured_media":0,"parent":0,"menu_order":0,"comment_status":"closed","ping_status":"closed","template":"","meta":{"footnotes":""},"class_list":["post-11612","page","type-page","status-publish","hentry","post-wrapper","thrv_wrapper"],"yoast_head":"<!-- This site is optimized with the Yoast SEO plugin v25.3 - https:\/\/yoast.com\/wordpress\/plugins\/seo\/ -->\n<title>Une \u00e9cole en ligne pour \u00e9tudier la comptabilit\u00e9 en 2021 - EZYcount<\/title>\n<meta name=\"description\" content=\"Apprendre la comptabilit\u00e9 pour mieux comprendre vos chiffres financiers. \u00c9cole en ligne recommand\u00e9e en Suisse pour les ind\u00e9pendants et les PME\" \/>\n<meta name=\"robots\" content=\"index, follow, max-snippet:-1, max-image-preview:large, max-video-preview:-1\" \/>\n<link rel=\"canonical\" href=\"https:\/\/www.ezycount.ch\/fr\/une-ecole-en-ligne-pour-etudier-la-comptabilite-en-2021\/\" \/>\n<meta property=\"og:locale\" content=\"fr_FR\" \/>\n<meta property=\"og:type\" content=\"article\" \/>\n<meta property=\"og:title\" content=\"Une \u00e9cole en ligne pour \u00e9tudier la comptabilit\u00e9 en 2021 - EZYcount\" \/>\n<meta property=\"og:description\" content=\"Apprendre la comptabilit\u00e9 pour mieux comprendre vos chiffres financiers. \u00c9cole en ligne recommand\u00e9e en Suisse pour les ind\u00e9pendants et les PME\" \/>\n<meta property=\"og:url\" content=\"https:\/\/www.ezycount.ch\/fr\/une-ecole-en-ligne-pour-etudier-la-comptabilite-en-2021\/\" \/>\n<meta property=\"og:site_name\" content=\"EZYcount\" \/>\n<meta property=\"article:modified_time\" content=\"2021-06-09T11:44:10+00:00\" \/>\n<meta property=\"og:image\" content=\"https:\/\/s.w.org\/images\/core\/emoji\/13.0.1\/svg\/27a1.svg\" \/>\n<meta name=\"twitter:card\" content=\"summary_large_image\" \/>\n<meta name=\"twitter:label1\" content=\"Dur\u00e9e de lecture estim\u00e9e\" \/>\n\t<meta name=\"twitter:data1\" content=\"4 minutes\" \/>\n<script type=\"application\/ld+json\" class=\"yoast-schema-graph\">{\"@context\":\"https:\/\/schema.org\",\"@graph\":[{\"@type\":\"WebPage\",\"@id\":\"https:\/\/www.ezycount.ch\/fr\/une-ecole-en-ligne-pour-etudier-la-comptabilite-en-2021\/\",\"url\":\"https:\/\/www.ezycount.ch\/fr\/une-ecole-en-ligne-pour-etudier-la-comptabilite-en-2021\/\",\"name\":\"Une \u00e9cole en ligne pour \u00e9tudier la comptabilit\u00e9 en 2021 - EZYcount\",\"isPartOf\":{\"@id\":\"https:\/\/www.ezycount.ch\/fr\/#website\"},\"primaryImageOfPage\":{\"@id\":\"https:\/\/www.ezycount.ch\/fr\/une-ecole-en-ligne-pour-etudier-la-comptabilite-en-2021\/#primaryimage\"},\"image\":{\"@id\":\"https:\/\/www.ezycount.ch\/fr\/une-ecole-en-ligne-pour-etudier-la-comptabilite-en-2021\/#primaryimage\"},\"thumbnailUrl\":\"https:\/\/s.w.org\/images\/core\/emoji\/13.0.1\/svg\/27a1.svg\",\"datePublished\":\"2021-06-09T10:09:01+00:00\",\"dateModified\":\"2021-06-09T11:44:10+00:00\",\"description\":\"Apprendre la comptabilit\u00e9 pour mieux comprendre vos chiffres financiers. \u00c9cole en ligne recommand\u00e9e en Suisse pour les ind\u00e9pendants et les PME\",\"breadcrumb\":{\"@id\":\"https:\/\/www.ezycount.ch\/fr\/une-ecole-en-ligne-pour-etudier-la-comptabilite-en-2021\/#breadcrumb\"},\"inLanguage\":\"fr-FR\",\"potentialAction\":[{\"@type\":\"ReadAction\",\"target\":[\"https:\/\/www.ezycount.ch\/fr\/une-ecole-en-ligne-pour-etudier-la-comptabilite-en-2021\/\"]}]},{\"@type\":\"ImageObject\",\"inLanguage\":\"fr-FR\",\"@id\":\"https:\/\/www.ezycount.ch\/fr\/une-ecole-en-ligne-pour-etudier-la-comptabilite-en-2021\/#primaryimage\",\"url\":\"https:\/\/s.w.org\/images\/core\/emoji\/13.0.1\/svg\/27a1.svg\",\"contentUrl\":\"https:\/\/s.w.org\/images\/core\/emoji\/13.0.1\/svg\/27a1.svg\"},{\"@type\":\"BreadcrumbList\",\"@id\":\"https:\/\/www.ezycount.ch\/fr\/une-ecole-en-ligne-pour-etudier-la-comptabilite-en-2021\/#breadcrumb\",\"itemListElement\":[{\"@type\":\"ListItem\",\"position\":1,\"name\":\"Home\",\"item\":\"https:\/\/www.ezycount.ch\/fr\/\"},{\"@type\":\"ListItem\",\"position\":2,\"name\":\"Une \u00e9cole en ligne pour \u00e9tudier la comptabilit\u00e9 en 2021\"}]},{\"@type\":\"WebSite\",\"@id\":\"https:\/\/www.ezycount.ch\/fr\/#website\",\"url\":\"https:\/\/www.ezycount.ch\/fr\/\",\"name\":\"EZYcount\",\"description\":\"Simplifiez votre comptabilit\u00e9 et gagnez du temps\",\"potentialAction\":[{\"@type\":\"SearchAction\",\"target\":{\"@type\":\"EntryPoint\",\"urlTemplate\":\"https:\/\/www.ezycount.ch\/fr\/?s={search_term_string}\"},\"query-input\":{\"@type\":\"PropertyValueSpecification\",\"valueRequired\":true,\"valueName\":\"search_term_string\"}}],\"inLanguage\":\"fr-FR\"}]}<\/script>\n<!-- \/ Yoast SEO plugin. -->","yoast_head_json":{"title":"Une \u00e9cole en ligne pour \u00e9tudier la comptabilit\u00e9 en 2021 - EZYcount","description":"Apprendre la comptabilit\u00e9 pour mieux comprendre vos chiffres financiers. \u00c9cole en ligne recommand\u00e9e en Suisse pour les ind\u00e9pendants et les PME","robots":{"index":"index","follow":"follow","max-snippet":"max-snippet:-1","max-image-preview":"max-image-preview:large","max-video-preview":"max-video-preview:-1"},"canonical":"https:\/\/www.ezycount.ch\/fr\/une-ecole-en-ligne-pour-etudier-la-comptabilite-en-2021\/","og_locale":"fr_FR","og_type":"article","og_title":"Une \u00e9cole en ligne pour \u00e9tudier la comptabilit\u00e9 en 2021 - EZYcount","og_description":"Apprendre la comptabilit\u00e9 pour mieux comprendre vos chiffres financiers. \u00c9cole en ligne recommand\u00e9e en Suisse pour les ind\u00e9pendants et les PME","og_url":"https:\/\/www.ezycount.ch\/fr\/une-ecole-en-ligne-pour-etudier-la-comptabilite-en-2021\/","og_site_name":"EZYcount","article_modified_time":"2021-06-09T11:44:10+00:00","og_image":[{"url":"https:\/\/s.w.org\/images\/core\/emoji\/13.0.1\/svg\/27a1.svg","type":"","width":"","height":""}],"twitter_card":"summary_large_image","twitter_misc":{"Dur\u00e9e de lecture estim\u00e9e":"4 minutes"},"schema":{"@context":"https:\/\/schema.org","@graph":[{"@type":"WebPage","@id":"https:\/\/www.ezycount.ch\/fr\/une-ecole-en-ligne-pour-etudier-la-comptabilite-en-2021\/","url":"https:\/\/www.ezycount.ch\/fr\/une-ecole-en-ligne-pour-etudier-la-comptabilite-en-2021\/","name":"Une \u00e9cole en ligne pour \u00e9tudier la comptabilit\u00e9 en 2021 - EZYcount","isPartOf":{"@id":"https:\/\/www.ezycount.ch\/fr\/#website"},"primaryImageOfPage":{"@id":"https:\/\/www.ezycount.ch\/fr\/une-ecole-en-ligne-pour-etudier-la-comptabilite-en-2021\/#primaryimage"},"image":{"@id":"https:\/\/www.ezycount.ch\/fr\/une-ecole-en-ligne-pour-etudier-la-comptabilite-en-2021\/#primaryimage"},"thumbnailUrl":"https:\/\/s.w.org\/images\/core\/emoji\/13.0.1\/svg\/27a1.svg","datePublished":"2021-06-09T10:09:01+00:00","dateModified":"2021-06-09T11:44:10+00:00","description":"Apprendre la comptabilit\u00e9 pour mieux comprendre vos chiffres financiers. \u00c9cole en ligne recommand\u00e9e en Suisse pour les ind\u00e9pendants et les PME","breadcrumb":{"@id":"https:\/\/www.ezycount.ch\/fr\/une-ecole-en-ligne-pour-etudier-la-comptabilite-en-2021\/#breadcrumb"},"inLanguage":"fr-FR","potentialAction":[{"@type":"ReadAction","target":["https:\/\/www.ezycount.ch\/fr\/une-ecole-en-ligne-pour-etudier-la-comptabilite-en-2021\/"]}]},{"@type":"ImageObject","inLanguage":"fr-FR","@id":"https:\/\/www.ezycount.ch\/fr\/une-ecole-en-ligne-pour-etudier-la-comptabilite-en-2021\/#primaryimage","url":"https:\/\/s.w.org\/images\/core\/emoji\/13.0.1\/svg\/27a1.svg","contentUrl":"https:\/\/s.w.org\/images\/core\/emoji\/13.0.1\/svg\/27a1.svg"},{"@type":"BreadcrumbList","@id":"https:\/\/www.ezycount.ch\/fr\/une-ecole-en-ligne-pour-etudier-la-comptabilite-en-2021\/#breadcrumb","itemListElement":[{"@type":"ListItem","position":1,"name":"Home","item":"https:\/\/www.ezycount.ch\/fr\/"},{"@type":"ListItem","position":2,"name":"Une \u00e9cole en ligne pour \u00e9tudier la comptabilit\u00e9 en 2021"}]},{"@type":"WebSite","@id":"https:\/\/www.ezycount.ch\/fr\/#website","url":"https:\/\/www.ezycount.ch\/fr\/","name":"EZYcount","description":"Simplifiez votre comptabilit\u00e9 et gagnez du temps","potentialAction":[{"@type":"SearchAction","target":{"@type":"EntryPoint","urlTemplate":"https:\/\/www.ezycount.ch\/fr\/?s={search_term_string}"},"query-input":{"@type":"PropertyValueSpecification","valueRequired":true,"valueName":"search_term_string"}}],"inLanguage":"fr-FR"}]}},"_links":{"self":[{"href":"https:\/\/www.ezycount.ch\/fr\/wp-json\/wp\/v2\/pages\/11612","targetHints":{"allow":["GET"]}}],"collection":[{"href":"https:\/\/www.ezycount.ch\/fr\/wp-json\/wp\/v2\/pages"}],"about":[{"href":"https:\/\/www.ezycount.ch\/fr\/wp-json\/wp\/v2\/types\/page"}],"author":[{"embeddable":true,"href":"https:\/\/www.ezycount.ch\/fr\/wp-json\/wp\/v2\/users\/4"}],"replies":[{"embeddable":true,"href":"https:\/\/www.ezycount.ch\/fr\/wp-json\/wp\/v2\/comments?post=11612"}],"version-history":[{"count":48,"href":"https:\/\/www.ezycount.ch\/fr\/wp-json\/wp\/v2\/pages\/11612\/revisions"}],"predecessor-version":[{"id":14262,"href":"https:\/\/www.ezycount.ch\/fr\/wp-json\/wp\/v2\/pages\/11612\/revisions\/14262"}],"wp:attachment":[{"href":"https:\/\/www.ezycount.ch\/fr\/wp-json\/wp\/v2\/media?parent=11612"}],"curies":[{"name":"wp","href":"https:\/\/api.w.org\/{rel}","templated":true}]}}