{"id":12893,"date":"2021-05-05T09:30:48","date_gmt":"2021-05-05T08:30:48","guid":{"rendered":"https:\/\/www.ezycount.ch\/clone-of-welcome-offer-success\/"},"modified":"2021-05-05T10:00:31","modified_gmt":"2021-05-05T09:00:31","slug":"offre-de-bienvenue-succes","status":"publish","type":"page","link":"https:\/\/www.ezycount.ch\/fr\/offre-de-bienvenue-succes\/","title":{"rendered":"Offre de bienvenue Succ\u00e8s"},"content":{"rendered":"<p><a href=\"#\"><span><span>Instance 1<\/span><\/span><\/a><\/p>\n<h5 style=\"text-align: center;\"><strong>Offre de bienvenue Succ\u00e8s du paiement<\/strong><\/h5>\n<p style=\"text-align: center;\"><em>Merci d&rsquo;avoir achet\u00e9 l&rsquo;offre de bienvenue.Je vous contacterai personnellement dans les prochaines 48 heures pour organiser notre premi\u00e8re session de coaching.<\/em><\/p>\n<p style=\"text-align: left;\"><em>Vous avez achet\u00e9 :<\/em><\/p>\n<p style=\"text-align: left;\"><em><\/em><\/p>\n<ul style=\"\">\n<li style=\"\">                    <span>1 heure de coaching de 2* s\u00e9ances de 30 minutes<\/span><\/li>\n<li style=\"\">                    <span>Liste de contr\u00f4le et de t\u00e2ches personnalis\u00e9es pour s&rsquo;assurer que vous atteignez votre objectif \u00e0 la fin des deux mois.<\/span><\/li>\n<li style=\"\"><span>Acc\u00e8s \u00e0 Vivien et \u00e0 l&rsquo;\u00e9quipe d&rsquo;EZYcount par e-mail pour toutes vos questions sur le sujet<\/span><\/li>\n<\/ul>\n<p style=\"text-align: center;\">Copyright \u00a9<span data-attr-id=\"1\" data-extra_key=\"1\" data-shortcode=\"thrive_global_fields\" data-shortcode-name=\"[Company] Company Name\">EZYcount by superVX AG<\/span> 2019<\/p>\n","protected":false},"excerpt":{"rendered":"<p>Instance 1 Offre de bienvenue Succ\u00e8s du paiement Merci d&rsquo;avoir achet\u00e9 l&rsquo;offre de bienvenue.Je vous contacterai personnellement dans les prochaines 48 heures pour organiser notre premi\u00e8re session de coaching. Vous avez achet\u00e9 : 1 heure de coaching de 2* s\u00e9ances de 30 minutes Liste de contr\u00f4le et de t\u00e2ches personnalis\u00e9es pour s&rsquo;assurer que vous atteignez [&hellip;]<\/p>\n","protected":false},"author":4,"featured_media":0,"parent":0,"menu_order":0,"comment_status":"closed","ping_status":"closed","template":"","meta":{"footnotes":""},"class_list":["post-12893","page","type-page","status-publish","hentry","post-wrapper","thrv_wrapper"],"yoast_head":"<!-- This site is optimized with the Yoast SEO plugin v25.3 - https:\/\/yoast.com\/wordpress\/plugins\/seo\/ -->\n<title>Offre de bienvenue Succ\u00e8s - EZYcount<\/title>\n<meta name=\"robots\" content=\"index, follow, max-snippet:-1, max-image-preview:large, max-video-preview:-1\" \/>\n<link rel=\"canonical\" href=\"https:\/\/www.ezycount.ch\/fr\/offre-de-bienvenue-succes\/\" \/>\n<meta property=\"og:locale\" content=\"fr_FR\" \/>\n<meta property=\"og:type\" content=\"article\" \/>\n<meta property=\"og:title\" content=\"Offre de bienvenue Succ\u00e8s - EZYcount\" \/>\n<meta property=\"og:description\" content=\"Instance 1 Offre de bienvenue Succ\u00e8s du paiement Merci d&rsquo;avoir achet\u00e9 l&rsquo;offre de bienvenue.Je vous contacterai personnellement dans les prochaines 48 heures pour organiser notre premi\u00e8re session de coaching. Vous avez achet\u00e9 : 1 heure de coaching de 2* s\u00e9ances de 30 minutes Liste de contr\u00f4le et de t\u00e2ches personnalis\u00e9es pour s&rsquo;assurer que vous atteignez [&hellip;]\" \/>\n<meta property=\"og:url\" content=\"https:\/\/www.ezycount.ch\/fr\/offre-de-bienvenue-succes\/\" \/>\n<meta property=\"og:site_name\" content=\"EZYcount\" \/>\n<meta property=\"article:modified_time\" content=\"2021-05-05T09:00:31+00:00\" \/>\n<meta name=\"twitter:card\" content=\"summary_large_image\" \/>\n<meta name=\"twitter:label1\" content=\"Dur\u00e9e de lecture estim\u00e9e\" \/>\n\t<meta name=\"twitter:data1\" content=\"1 minute\" \/>\n<script type=\"application\/ld+json\" class=\"yoast-schema-graph\">{\"@context\":\"https:\/\/schema.org\",\"@graph\":[{\"@type\":\"WebPage\",\"@id\":\"https:\/\/www.ezycount.ch\/fr\/offre-de-bienvenue-succes\/\",\"url\":\"https:\/\/www.ezycount.ch\/fr\/offre-de-bienvenue-succes\/\",\"name\":\"Offre de bienvenue Succ\u00e8s - EZYcount\",\"isPartOf\":{\"@id\":\"https:\/\/www.ezycount.ch\/fr\/#website\"},\"datePublished\":\"2021-05-05T08:30:48+00:00\",\"dateModified\":\"2021-05-05T09:00:31+00:00\",\"breadcrumb\":{\"@id\":\"https:\/\/www.ezycount.ch\/fr\/offre-de-bienvenue-succes\/#breadcrumb\"},\"inLanguage\":\"fr-FR\",\"potentialAction\":[{\"@type\":\"ReadAction\",\"target\":[\"https:\/\/www.ezycount.ch\/fr\/offre-de-bienvenue-succes\/\"]}]},{\"@type\":\"BreadcrumbList\",\"@id\":\"https:\/\/www.ezycount.ch\/fr\/offre-de-bienvenue-succes\/#breadcrumb\",\"itemListElement\":[{\"@type\":\"ListItem\",\"position\":1,\"name\":\"Home\",\"item\":\"https:\/\/www.ezycount.ch\/fr\/\"},{\"@type\":\"ListItem\",\"position\":2,\"name\":\"Offre de bienvenue Succ\u00e8s\"}]},{\"@type\":\"WebSite\",\"@id\":\"https:\/\/www.ezycount.ch\/fr\/#website\",\"url\":\"https:\/\/www.ezycount.ch\/fr\/\",\"name\":\"EZYcount\",\"description\":\"Simplifiez votre comptabilit\u00e9 et gagnez du temps\",\"potentialAction\":[{\"@type\":\"SearchAction\",\"target\":{\"@type\":\"EntryPoint\",\"urlTemplate\":\"https:\/\/www.ezycount.ch\/fr\/?s={search_term_string}\"},\"query-input\":{\"@type\":\"PropertyValueSpecification\",\"valueRequired\":true,\"valueName\":\"search_term_string\"}}],\"inLanguage\":\"fr-FR\"}]}<\/script>\n<!-- \/ Yoast SEO plugin. -->","yoast_head_json":{"title":"Offre de bienvenue Succ\u00e8s - EZYcount","robots":{"index":"index","follow":"follow","max-snippet":"max-snippet:-1","max-image-preview":"max-image-preview:large","max-video-preview":"max-video-preview:-1"},"canonical":"https:\/\/www.ezycount.ch\/fr\/offre-de-bienvenue-succes\/","og_locale":"fr_FR","og_type":"article","og_title":"Offre de bienvenue Succ\u00e8s - EZYcount","og_description":"Instance 1 Offre de bienvenue Succ\u00e8s du paiement Merci d&rsquo;avoir achet\u00e9 l&rsquo;offre de bienvenue.Je vous contacterai personnellement dans les prochaines 48 heures pour organiser notre premi\u00e8re session de coaching. Vous avez achet\u00e9 : 1 heure de coaching de 2* s\u00e9ances de 30 minutes Liste de contr\u00f4le et de t\u00e2ches personnalis\u00e9es pour s&rsquo;assurer que vous atteignez [&hellip;]","og_url":"https:\/\/www.ezycount.ch\/fr\/offre-de-bienvenue-succes\/","og_site_name":"EZYcount","article_modified_time":"2021-05-05T09:00:31+00:00","twitter_card":"summary_large_image","twitter_misc":{"Dur\u00e9e de lecture estim\u00e9e":"1 minute"},"schema":{"@context":"https:\/\/schema.org","@graph":[{"@type":"WebPage","@id":"https:\/\/www.ezycount.ch\/fr\/offre-de-bienvenue-succes\/","url":"https:\/\/www.ezycount.ch\/fr\/offre-de-bienvenue-succes\/","name":"Offre de bienvenue Succ\u00e8s - EZYcount","isPartOf":{"@id":"https:\/\/www.ezycount.ch\/fr\/#website"},"datePublished":"2021-05-05T08:30:48+00:00","dateModified":"2021-05-05T09:00:31+00:00","breadcrumb":{"@id":"https:\/\/www.ezycount.ch\/fr\/offre-de-bienvenue-succes\/#breadcrumb"},"inLanguage":"fr-FR","potentialAction":[{"@type":"ReadAction","target":["https:\/\/www.ezycount.ch\/fr\/offre-de-bienvenue-succes\/"]}]},{"@type":"BreadcrumbList","@id":"https:\/\/www.ezycount.ch\/fr\/offre-de-bienvenue-succes\/#breadcrumb","itemListElement":[{"@type":"ListItem","position":1,"name":"Home","item":"https:\/\/www.ezycount.ch\/fr\/"},{"@type":"ListItem","position":2,"name":"Offre de bienvenue Succ\u00e8s"}]},{"@type":"WebSite","@id":"https:\/\/www.ezycount.ch\/fr\/#website","url":"https:\/\/www.ezycount.ch\/fr\/","name":"EZYcount","description":"Simplifiez votre comptabilit\u00e9 et gagnez du temps","potentialAction":[{"@type":"SearchAction","target":{"@type":"EntryPoint","urlTemplate":"https:\/\/www.ezycount.ch\/fr\/?s={search_term_string}"},"query-input":{"@type":"PropertyValueSpecification","valueRequired":true,"valueName":"search_term_string"}}],"inLanguage":"fr-FR"}]}},"_links":{"self":[{"href":"https:\/\/www.ezycount.ch\/fr\/wp-json\/wp\/v2\/pages\/12893","targetHints":{"allow":["GET"]}}],"collection":[{"href":"https:\/\/www.ezycount.ch\/fr\/wp-json\/wp\/v2\/pages"}],"about":[{"href":"https:\/\/www.ezycount.ch\/fr\/wp-json\/wp\/v2\/types\/page"}],"author":[{"embeddable":true,"href":"https:\/\/www.ezycount.ch\/fr\/wp-json\/wp\/v2\/users\/4"}],"replies":[{"embeddable":true,"href":"https:\/\/www.ezycount.ch\/fr\/wp-json\/wp\/v2\/comments?post=12893"}],"version-history":[{"count":5,"href":"https:\/\/www.ezycount.ch\/fr\/wp-json\/wp\/v2\/pages\/12893\/revisions"}],"predecessor-version":[{"id":12916,"href":"https:\/\/www.ezycount.ch\/fr\/wp-json\/wp\/v2\/pages\/12893\/revisions\/12916"}],"wp:attachment":[{"href":"https:\/\/www.ezycount.ch\/fr\/wp-json\/wp\/v2\/media?parent=12893"}],"curies":[{"name":"wp","href":"https:\/\/api.w.org\/{rel}","templated":true}]}}