{"id":12950,"date":"2021-05-11T12:25:35","date_gmt":"2021-05-11T11:25:35","guid":{"rendered":"https:\/\/www.ezycount.ch\/?page_id=12950"},"modified":"2021-11-09T05:06:48","modified_gmt":"2021-11-09T04:06:48","slug":"comment-apprendre-la-comptabilite-en-7-jours","status":"publish","type":"page","link":"https:\/\/www.ezycount.ch\/fr\/comment-apprendre-la-comptabilite-en-7-jours\/","title":{"rendered":"Comment apprendre la comptabilit\u00e9 en 7 jours ?"},"content":{"rendered":"<\/p>\n<h1 id=\"t-1620726996924\" style=\"\">Comment apprendre la comptabilit\u00e9 en 7 jours ?<\/h1>\n<p>Apprendre et commencer votre comptabilit\u00e9 le plus rapidement possible? Suivez notre session vid\u00e9o de 7 jours avec Vivien. Chaque jour, une vid\u00e9o, avec un sujet sp\u00e9cifique pour d\u00e9marrer votre comptabilit\u00e9.<\/p>\n<p><strong>Nous couvrons des sujets tels que:<\/strong><\/p>\n<ul>\n<li>l\u2019organisation des pi\u00e8ces comptables<\/li>\n<li>la gestion de la banque<\/li>\n<li>la comptabilisation de la caisse&nbsp;<\/li>\n<li>l\u2019int\u00e9gration des relev\u00e9s de cartes de cr\u00e9dit.<\/li>\n<\/ul>\n<p \"\"=\"\">Cette s\u00e9rie de vid\u00e9os est d\u00e9di\u00e9e aux ind\u00e9pendants et aux petites entreprises en Suisse qui veulent faire leur propre comptabilit\u00e9.&nbsp;<\/p>\n<h3 id=\"t-1620726996925\" style=\"\">Comment commencer?<\/h3>\n<p>Vous \u00eates nouveau dans le domaine de la comptabilit\u00e9 ? Pas de probl\u00e8me. Cette s\u00e9rie de vid\u00e9os est faite pour vous. Nous abordons les sept sujets avec des exemples pratiques simples. Ainsi, nous parcourons ensemble chaque sujet et l&rsquo;appliquons au mieux.Dans la vid\u00e9o d&rsquo;introduction, l&rsquo;ensemble du processus est expliqu\u00e9. Je vous recommande de regarder une vid\u00e9o par jour afin de rendre cette s\u00e9rie aussi utile que possible.<\/p>\n<h3 id=\"t-1620726996926\" style=\"\">Jour 1 \u2013 l\u2019organisation de la comptabilit\u00e9<\/h3>\n<p>D\u00e9couvrez le nombre de classeurs recommand\u00e9 pour un classement propre des documents administratifs, le rangement des factures entrantes et sortantes (d\u00e9biteurs, cr\u00e9diteurs) avec des bo\u00eetes de rangements et \u00e9galement le traitement des notes de frais avec des fourres en plastiques. Le but est de gagner du temps.<\/p>\n<h3 id=\"t-1620726996927\" style=\"\">Jour 2 \u2013 le plan comptable<\/h3>\n<p> <strong>Contenus Les Plus Consult\u00e9s<\/strong><\/p>\n<p style=\"\">\n<p>    __CONFIG_colors_palette__{\u00ab\u00a0active_palette\u00a0\u00bb:0,\u00a0\u00bbconfig\u00a0\u00bb:{\u00ab\u00a0colors\u00a0\u00bb:{\u00ab\u00a09bd08\u00a0\u00bb:{\u00ab\u00a0name\u00a0\u00bb:\u00a0\u00bbMain Accent\u00a0\u00bb,\u00a0\u00bbparent\u00a0\u00bb:-1}},\u00a0\u00bbgradients\u00a0\u00bb:[]},\u00a0\u00bbpalettes\u00a0\u00bb:[{\u00ab\u00a0name\u00a0\u00bb:\u00a0\u00bbDefault Palette\u00a0\u00bb,\u00a0\u00bbvalue\u00a0\u00bb:{\u00ab\u00a0colors\u00a0\u00bb:{\u00ab\u00a09bd08\u00a0\u00bb:{\u00ab\u00a0val\u00a0\u00bb:\u00a0\u00bbhsla(var(&#8211;tcb-main-master-h, 210), var(&#8211;tcb-main-master-s, 77%), var(&#8211;tcb-main-master-l, 54%), 1)\u00a0\u00bb}},\u00a0\u00bbgradients\u00a0\u00bb:[]},\u00a0\u00bboriginal\u00a0\u00bb:{\u00ab\u00a0colors\u00a0\u00bb:{\u00ab\u00a09bd08\u00a0\u00bb:{\u00ab\u00a0val\u00a0\u00bb:\u00a0\u00bbrgb(19, 114, 211)\u00a0\u00bb,\u00a0\u00bbhsl\u00a0\u00bb:{\u00ab\u00a0h\u00a0\u00bb:210,\u00a0\u00bbs\u00a0\u00bb:0.83,\u00a0\u00bbl\u00a0\u00bb:0.45}}},\u00a0\u00bbgradients\u00a0\u00bb:[]}}]}__CONFIG_colors_palette__ <a href=\"https:\/\/www.ezycount.ch\/fr\/\" style=\"\" target=\"_blank\" rel=\"noopener\"> <span><span style=\"\">Comptabilit\u00e9<\/span><\/span> <\/a> <\/p>\n<p style=\"\">Une solution simple et s\u00e9curis\u00e9e de comptabilit\u00e9 financi\u00e8re et de facturation en ligne.<\/p>\n<p>      __CONFIG_colors_palette__{\u00ab\u00a0active_palette\u00a0\u00bb:0,\u00a0\u00bbconfig\u00a0\u00bb:{\u00ab\u00a0colors\u00a0\u00bb:{\u00ab\u00a09bd08\u00a0\u00bb:{\u00ab\u00a0name\u00a0\u00bb:\u00a0\u00bbMain Accent\u00a0\u00bb,\u00a0\u00bbparent\u00a0\u00bb:-1}},\u00a0\u00bbgradients\u00a0\u00bb:[]},\u00a0\u00bbpalettes\u00a0\u00bb:[{\u00ab\u00a0name\u00a0\u00bb:\u00a0\u00bbDefault Palette\u00a0\u00bb,\u00a0\u00bbvalue\u00a0\u00bb:{\u00ab\u00a0colors\u00a0\u00bb:{\u00ab\u00a09bd08\u00a0\u00bb:{\u00ab\u00a0val\u00a0\u00bb:\u00a0\u00bbhsla(var(&#8211;tcb-main-master-h, 210), var(&#8211;tcb-main-master-s, 77%), var(&#8211;tcb-main-master-l, 54%), 1)\u00a0\u00bb}},\u00a0\u00bbgradients\u00a0\u00bb:[]},\u00a0\u00bboriginal\u00a0\u00bb:{\u00ab\u00a0colors\u00a0\u00bb:{\u00ab\u00a09bd08\u00a0\u00bb:{\u00ab\u00a0val\u00a0\u00bb:\u00a0\u00bbrgb(19, 114, 211)\u00a0\u00bb,\u00a0\u00bbhsl\u00a0\u00bb:{\u00ab\u00a0h\u00a0\u00bb:210,\u00a0\u00bbs\u00a0\u00bb:0.83,\u00a0\u00bbl\u00a0\u00bb:0.45}}},\u00a0\u00bbgradients\u00a0\u00bb:[]}}]}__CONFIG_colors_palette__ <a href=\"https:\/\/www.ezycount.ch\/fr\/comment-organiser-facilement-votre-bureau\/\" style=\"\" target=\"_blank\" rel=\"noopener\"> <span><span style=\"\">Comment ranger et organiser son bureau?<\/span><\/span> <\/a> <\/p>\n<p style=\"\">Ranger et organiser son bureau pour \u00eatre plus efficace dans ses t\u00e2ches administratives.<\/p>\n<p>      __CONFIG_colors_palette__{\u00ab\u00a0active_palette\u00a0\u00bb:0,\u00a0\u00bbconfig\u00a0\u00bb:{\u00ab\u00a0colors\u00a0\u00bb:{\u00ab\u00a09bd08\u00a0\u00bb:{\u00ab\u00a0name\u00a0\u00bb:\u00a0\u00bbMain Accent\u00a0\u00bb,\u00a0\u00bbparent\u00a0\u00bb:-1}},\u00a0\u00bbgradients\u00a0\u00bb:[]},\u00a0\u00bbpalettes\u00a0\u00bb:[{\u00ab\u00a0name\u00a0\u00bb:\u00a0\u00bbDefault Palette\u00a0\u00bb,\u00a0\u00bbvalue\u00a0\u00bb:{\u00ab\u00a0colors\u00a0\u00bb:{\u00ab\u00a09bd08\u00a0\u00bb:{\u00ab\u00a0val\u00a0\u00bb:\u00a0\u00bbhsla(var(&#8211;tcb-main-master-h, 210), var(&#8211;tcb-main-master-s, 77%), var(&#8211;tcb-main-master-l, 54%), 1)\u00a0\u00bb}},\u00a0\u00bbgradients\u00a0\u00bb:[]},\u00a0\u00bboriginal\u00a0\u00bb:{\u00ab\u00a0colors\u00a0\u00bb:{\u00ab\u00a09bd08\u00a0\u00bb:{\u00ab\u00a0val\u00a0\u00bb:\u00a0\u00bbrgb(19, 114, 211)\u00a0\u00bb,\u00a0\u00bbhsl\u00a0\u00bb:{\u00ab\u00a0h\u00a0\u00bb:210,\u00a0\u00bbs\u00a0\u00bb:0.83,\u00a0\u00bbl\u00a0\u00bb:0.45}}},\u00a0\u00bbgradients\u00a0\u00bb:[]}}]}__CONFIG_colors_palette__ <a href=\"https:\/\/www.ezycount.ch\/fr\/comment-creer-une-facture-legale-en-suisse\/\" style=\"\"> <span><span style=\"\">Facturation suisse<\/span><\/span> <\/a> <\/p>\n<p style=\"\">Retrouvez toutes les informations n\u00e9cessaires pour cr\u00e9er des factures suisses conformes et compl\u00e8tes.<\/p>\n<p>      __CONFIG_colors_palette__{\u00ab\u00a0active_palette\u00a0\u00bb:0,\u00a0\u00bbconfig\u00a0\u00bb:{\u00ab\u00a0colors\u00a0\u00bb:{\u00ab\u00a09bd08\u00a0\u00bb:{\u00ab\u00a0name\u00a0\u00bb:\u00a0\u00bbMain Accent\u00a0\u00bb,\u00a0\u00bbparent\u00a0\u00bb:-1}},\u00a0\u00bbgradients\u00a0\u00bb:[]},\u00a0\u00bbpalettes\u00a0\u00bb:[{\u00ab\u00a0name\u00a0\u00bb:\u00a0\u00bbDefault Palette\u00a0\u00bb,\u00a0\u00bbvalue\u00a0\u00bb:{\u00ab\u00a0colors\u00a0\u00bb:{\u00ab\u00a09bd08\u00a0\u00bb:{\u00ab\u00a0val\u00a0\u00bb:\u00a0\u00bbhsla(var(&#8211;tcb-main-master-h, 210), var(&#8211;tcb-main-master-s, 77%), var(&#8211;tcb-main-master-l, 54%), 1)\u00a0\u00bb}},\u00a0\u00bbgradients\u00a0\u00bb:[]},\u00a0\u00bboriginal\u00a0\u00bb:{\u00ab\u00a0colors\u00a0\u00bb:{\u00ab\u00a09bd08\u00a0\u00bb:{\u00ab\u00a0val\u00a0\u00bb:\u00a0\u00bbrgb(19, 114, 211)\u00a0\u00bb,\u00a0\u00bbhsl\u00a0\u00bb:{\u00ab\u00a0h\u00a0\u00bb:210,\u00a0\u00bbs\u00a0\u00bb:0.83,\u00a0\u00bbl\u00a0\u00bb:0.45}}},\u00a0\u00bbgradients\u00a0\u00bb:[]}}]}__CONFIG_colors_palette__ <a href=\"https:\/\/www.ezycount.ch\/fr\/startup-valuation-model-free-excel\/\" style=\"\" target=\"_blank\" rel=\"noopener\"> <span><span style=\"\">Valorisation de la startup<\/span><\/span> <\/a> <\/p>\n<p style=\"\">Mod\u00e8le Excel gratuit pour calculer la valeur de votre startup lorsqu&rsquo;elle ne fait pas encore de b\u00e9n\u00e9fices ou tr\u00e8s peu.<\/p>\n<p>  __CONFIG_group_edit__{\u00ab\u00a0kbjp1vpj\u00a0\u00bb:{\u00ab\u00a0name\u00a0\u00bb:\u00a0\u00bbAll Logo(s)\u00a0\u00bb,\u00a0\u00bbsingular\u00a0\u00bb:\u00a0\u00bb&#8211; Logo %s\u00a0\u00bb},\u00a0\u00bbkbjp1xfn\u00a0\u00bb:{\u00ab\u00a0name\u00a0\u00bb:\u00a0\u00bbAll Title(s)\u00a0\u00bb,\u00a0\u00bbsingular\u00a0\u00bb:\u00a0\u00bb&#8211; Text %s\u00a0\u00bb},\u00a0\u00bbkbjp22kc\u00a0\u00bb:{\u00ab\u00a0name\u00a0\u00bb:\u00a0\u00bbAll Paragraph(s)\u00a0\u00bb,\u00a0\u00bbsingular\u00a0\u00bb:\u00a0\u00bb&#8211; Text %s\u00a0\u00bb},\u00a0\u00bbkbjp2ag5&Prime;:{\u00ab\u00a0name\u00a0\u00bb:\u00a0\u00bbAll Read Review Button(s)\u00a0\u00bb,\u00a0\u00bbsingular\u00a0\u00bb:\u00a0\u00bb&#8211; Button %s\u00a0\u00bb},\u00a0\u00bbkbjp3xj6&Prime;:{\u00ab\u00a0name\u00a0\u00bb:\u00a0\u00bbAll Visit Website Button(s)\u00a0\u00bb,\u00a0\u00bbsingular\u00a0\u00bb:\u00a0\u00bb&#8211; Button %s\u00a0\u00bb},\u00a0\u00bbkbjp44dp\u00a0\u00bb:{\u00ab\u00a0name\u00a0\u00bb:\u00a0\u00bbAll Buttons Column(s)\u00a0\u00bb,\u00a0\u00bbsingular\u00a0\u00bb:\u00a0\u00bb&#8211; Column %s\u00a0\u00bb},\u00a0\u00bbkbjp4d43&Prime;:{\u00ab\u00a0name\u00a0\u00bb:\u00a0\u00bbAll Text Column(s)\u00a0\u00bb,\u00a0\u00bbsingular\u00a0\u00bb:\u00a0\u00bb&#8211; Column %s\u00a0\u00bb},\u00a0\u00bbkbjp4k9i\u00a0\u00bb:{\u00ab\u00a0name\u00a0\u00bb:\u00a0\u00bbAll Content Box(s)\u00a0\u00bb,\u00a0\u00bbsingular\u00a0\u00bb:\u00a0\u00bb&#8211; Content Box %s\u00a0\u00bb},\u00a0\u00bbkbjp4mck\u00a0\u00bb:{\u00ab\u00a0name\u00a0\u00bb:\u00a0\u00bbAll Content Box(s)\u00a0\u00bb,\u00a0\u00bbsingular\u00a0\u00bb:\u00a0\u00bb&#8211; Content Box %s\u00a0\u00bb}}__CONFIG_group_edit____CONFIG_local_colors__{\u00ab\u00a0colors\u00a0\u00bb:{},\u00a0\u00bbgradients\u00a0\u00bb:{}}__CONFIG_local_colors__   <span style=\"\"><img decoding=\"async\" alt=\"Retrouver le plaisir de faire votre comptabilit\u00e9 avec EZYcount\" data-id=\"11311\" width=\"254\" data-init-width=\"600\" height=\"169\" data-init-height=\"400\" title=\"Retrouver le plaisir de faire votre comptabilit\u00e9 avec EZYcount\" loading=\"lazy\" src=\"https:\/\/www.ezycount.ch\/wp-content\/uploads\/2021\/04\/retrouver-le-plaisir-de-faire-votre-comptabilite-avec-EZYcount.jpg\" data-width=\"254\" data-height=\"169\" style=\"\" mt-d=\"0\"><\/span><\/p>\n<h6 style=\"\">Vous cherchez une solution simple de comptabilit\u00e9 suisse? EZYcount est pour vous<\/h6>\n<p>Pour faire des \u00e9critures dans la comptabilit\u00e9, on a besoin de comptes (ou cat\u00e9gories). Ces comptes sont les raisons et les moyens pour les transactions financi\u00e8res.<\/p>\n<p>Par exemple, si tu as fait une vente et le client a pay\u00e9 le montant comptant:1000 Caisse (le montant a \u00e9t\u00e9 re\u00e7u dans la caisse &#8211; Comment est-ce que je l&rsquo;ai re\u00e7u ?)\u00e0 3000 Ventes.(ce montant repr\u00e9sente une vente &#8211;&nbsp; Pourquoi je re\u00e7ois l&rsquo;argent ?)<\/p>\n<p>Le plan comptable est simplement la liste de ces comptes. Nous voyons ensemble dans cette vid\u00e9o comment faire ton plan comptable tout simplement en partant de standards Suisse.<\/p>\n<h3 style=\"\" id=\"t-1620726996928\">Jour 3 \u2013 les \u00e9critures de la banque<\/h3>\n<p>De plus en plus, les transactions mon\u00e9taires passent par la banque. Regardons ensemble comment passer en comptabilit\u00e9 la plupart des cas possible qui passent par la banque.<\/p>\n<h3 style=\"\" id=\"t-1620726996929\">Jour 4 \u2013 la caisse<\/h3>\n<p>Si vous avez une caisse, chaque jour, le r\u00e9capitulatif de l\u2019activit\u00e9 journali\u00e8re est imprim\u00e9 sur un ticket Z. Passons ce ticket Z dans ta compta. En plus, c\u2019est tous les jours le m\u00eame ticket, uniquement les chiffres changent.<\/p>\n<h3 style=\"\" id=\"t-1620726996930\">Jour 5 \u2013 le compte priv\u00e9<\/h3>\n<p>Comme ind\u00e9pendant, parfois tu paies les frais de ton activit\u00e9 professionnelle avec ton compte priv\u00e9 ou familiale. Chaque mois, tu te verses un salaire. Cette vid\u00e9o traite du passage en comptabilit\u00e9 de ces mouvements.<\/p>\n<h3 style=\"\" id=\"t-1620726996931\">Jour 6 \u2013 les frais professionnels<\/h3>\n<p>Les frais professionnels sont int\u00e9grable dans ta comptabilit\u00e9. Voyons ensemble pourquoi il est important de le faire et comment le faire rapidement. Dans cette vid\u00e9o, il y a des informations comment \u00e9conomiser des imp\u00f4ts gr\u00e2ce \u00e0 ta comptabilit\u00e9!<\/p>\n<h3 style=\"\" id=\"t-1620726996932\">Jour 7 \u2013 la carte de cr\u00e9dit<\/h3>\n<p>Tous les mois, la facture de la carte de cr\u00e9dit arrive par la poste. Regardons ensemble comment la passer correctement et rapidement en comptabilit\u00e9.<\/p>\n<h2 id=\"t-1620726996933\" style=\"\">Conclusion<\/h2>\n<p>Les vid\u00e9os de lance ta comptabilit\u00e9 doivent t&rsquo;aider \u00e0 comprendre les diff\u00e9rentes t\u00e2ches comptables qu&rsquo;un ind\u00e9pendant ou une petite soci\u00e9t\u00e9 doit faire.<\/p>\n<p>Si tu oublies quelque chose, c\u2019est tr\u00e8s simple, retourne voir une des vid\u00e9os de la s\u00e9rie pour te rafra\u00eechir la m\u00e9moire.<\/p>\n<p>Si tu as une question ou un commentaire, \u00e9cris-le directement sous la vid\u00e9o ou envoie un email \u00e0&nbsp;<a href=\"mailto:vivien.roduit@ezycount.ch\" style=\"outline: none;\">support@ezycount.ch<\/a><\/p>\n<p>Nous vous souhaitons une excellente comptabilit\u00e9! \ud83d\ude42<\/p>\n","protected":false},"excerpt":{"rendered":"<p>Comment apprendre la comptabilit\u00e9 en 7 jours ? Apprendre et commencer votre comptabilit\u00e9 le plus rapidement possible? Suivez notre session vid\u00e9o de 7 jours avec Vivien. Chaque jour, une vid\u00e9o, avec un sujet sp\u00e9cifique pour d\u00e9marrer votre comptabilit\u00e9. Nous couvrons des sujets tels que: l\u2019organisation des pi\u00e8ces comptables la gestion de la banque la comptabilisation [&hellip;]<\/p>\n","protected":false},"author":4,"featured_media":0,"parent":0,"menu_order":0,"comment_status":"closed","ping_status":"closed","template":"","meta":{"footnotes":""},"class_list":["post-12950","page","type-page","status-publish","hentry","post-wrapper","thrv_wrapper"],"yoast_head":"<!-- This site is optimized with the Yoast SEO plugin v25.3 - https:\/\/yoast.com\/wordpress\/plugins\/seo\/ -->\n<title>Comment apprendre la comptabilit\u00e9 en 7 jours ? - EZYcount<\/title>\n<meta name=\"description\" content=\"Seulement 7 jours. Chaque jour, 1 vid\u00e9o avec un sujet sp\u00e9cifique. Apprenez avec un professionnel\" \/>\n<meta name=\"robots\" content=\"index, follow, max-snippet:-1, max-image-preview:large, max-video-preview:-1\" \/>\n<link rel=\"canonical\" href=\"https:\/\/www.ezycount.ch\/fr\/comment-apprendre-la-comptabilite-en-7-jours\/\" \/>\n<meta property=\"og:locale\" content=\"fr_FR\" \/>\n<meta property=\"og:type\" content=\"article\" \/>\n<meta property=\"og:title\" content=\"Comment apprendre la comptabilit\u00e9 en 7 jours ? - EZYcount\" \/>\n<meta property=\"og:description\" content=\"Seulement 7 jours. Chaque jour, 1 vid\u00e9o avec un sujet sp\u00e9cifique. Apprenez avec un professionnel\" \/>\n<meta property=\"og:url\" content=\"https:\/\/www.ezycount.ch\/fr\/comment-apprendre-la-comptabilite-en-7-jours\/\" \/>\n<meta property=\"og:site_name\" content=\"EZYcount\" \/>\n<meta property=\"article:modified_time\" content=\"2021-11-09T04:06:48+00:00\" \/>\n<meta property=\"og:image\" content=\"https:\/\/www.ezycount.ch\/wp-content\/uploads\/2021\/04\/retrouver-le-plaisir-de-faire-votre-comptabilite-avec-EZYcount.jpg\" \/>\n<meta name=\"twitter:card\" content=\"summary_large_image\" \/>\n<meta name=\"twitter:label1\" content=\"Dur\u00e9e de lecture estim\u00e9e\" \/>\n\t<meta name=\"twitter:data1\" content=\"4 minutes\" \/>\n<script type=\"application\/ld+json\" class=\"yoast-schema-graph\">{\"@context\":\"https:\/\/schema.org\",\"@graph\":[{\"@type\":\"WebPage\",\"@id\":\"https:\/\/www.ezycount.ch\/fr\/comment-apprendre-la-comptabilite-en-7-jours\/\",\"url\":\"https:\/\/www.ezycount.ch\/fr\/comment-apprendre-la-comptabilite-en-7-jours\/\",\"name\":\"Comment apprendre la comptabilit\u00e9 en 7 jours ? - EZYcount\",\"isPartOf\":{\"@id\":\"https:\/\/www.ezycount.ch\/fr\/#website\"},\"primaryImageOfPage\":{\"@id\":\"https:\/\/www.ezycount.ch\/fr\/comment-apprendre-la-comptabilite-en-7-jours\/#primaryimage\"},\"image\":{\"@id\":\"https:\/\/www.ezycount.ch\/fr\/comment-apprendre-la-comptabilite-en-7-jours\/#primaryimage\"},\"thumbnailUrl\":\"https:\/\/www.ezycount.ch\/wp-content\/uploads\/2021\/04\/retrouver-le-plaisir-de-faire-votre-comptabilite-avec-EZYcount.jpg\",\"datePublished\":\"2021-05-11T11:25:35+00:00\",\"dateModified\":\"2021-11-09T04:06:48+00:00\",\"description\":\"Seulement 7 jours. Chaque jour, 1 vid\u00e9o avec un sujet sp\u00e9cifique. Apprenez avec un professionnel\",\"breadcrumb\":{\"@id\":\"https:\/\/www.ezycount.ch\/fr\/comment-apprendre-la-comptabilite-en-7-jours\/#breadcrumb\"},\"inLanguage\":\"fr-FR\",\"potentialAction\":[{\"@type\":\"ReadAction\",\"target\":[\"https:\/\/www.ezycount.ch\/fr\/comment-apprendre-la-comptabilite-en-7-jours\/\"]}]},{\"@type\":\"ImageObject\",\"inLanguage\":\"fr-FR\",\"@id\":\"https:\/\/www.ezycount.ch\/fr\/comment-apprendre-la-comptabilite-en-7-jours\/#primaryimage\",\"url\":\"https:\/\/www.ezycount.ch\/wp-content\/uploads\/2021\/04\/retrouver-le-plaisir-de-faire-votre-comptabilite-avec-EZYcount.jpg\",\"contentUrl\":\"https:\/\/www.ezycount.ch\/wp-content\/uploads\/2021\/04\/retrouver-le-plaisir-de-faire-votre-comptabilite-avec-EZYcount.jpg\"},{\"@type\":\"BreadcrumbList\",\"@id\":\"https:\/\/www.ezycount.ch\/fr\/comment-apprendre-la-comptabilite-en-7-jours\/#breadcrumb\",\"itemListElement\":[{\"@type\":\"ListItem\",\"position\":1,\"name\":\"Home\",\"item\":\"https:\/\/www.ezycount.ch\/fr\/\"},{\"@type\":\"ListItem\",\"position\":2,\"name\":\"Comment apprendre la comptabilit\u00e9 en 7 jours ?\"}]},{\"@type\":\"WebSite\",\"@id\":\"https:\/\/www.ezycount.ch\/fr\/#website\",\"url\":\"https:\/\/www.ezycount.ch\/fr\/\",\"name\":\"EZYcount\",\"description\":\"Simplifiez votre comptabilit\u00e9 et gagnez du temps\",\"potentialAction\":[{\"@type\":\"SearchAction\",\"target\":{\"@type\":\"EntryPoint\",\"urlTemplate\":\"https:\/\/www.ezycount.ch\/fr\/?s={search_term_string}\"},\"query-input\":{\"@type\":\"PropertyValueSpecification\",\"valueRequired\":true,\"valueName\":\"search_term_string\"}}],\"inLanguage\":\"fr-FR\"}]}<\/script>\n<!-- \/ Yoast SEO plugin. -->","yoast_head_json":{"title":"Comment apprendre la comptabilit\u00e9 en 7 jours ? - EZYcount","description":"Seulement 7 jours. Chaque jour, 1 vid\u00e9o avec un sujet sp\u00e9cifique. Apprenez avec un professionnel","robots":{"index":"index","follow":"follow","max-snippet":"max-snippet:-1","max-image-preview":"max-image-preview:large","max-video-preview":"max-video-preview:-1"},"canonical":"https:\/\/www.ezycount.ch\/fr\/comment-apprendre-la-comptabilite-en-7-jours\/","og_locale":"fr_FR","og_type":"article","og_title":"Comment apprendre la comptabilit\u00e9 en 7 jours ? - EZYcount","og_description":"Seulement 7 jours. Chaque jour, 1 vid\u00e9o avec un sujet sp\u00e9cifique. Apprenez avec un professionnel","og_url":"https:\/\/www.ezycount.ch\/fr\/comment-apprendre-la-comptabilite-en-7-jours\/","og_site_name":"EZYcount","article_modified_time":"2021-11-09T04:06:48+00:00","og_image":[{"url":"https:\/\/www.ezycount.ch\/wp-content\/uploads\/2021\/04\/retrouver-le-plaisir-de-faire-votre-comptabilite-avec-EZYcount.jpg","type":"","width":"","height":""}],"twitter_card":"summary_large_image","twitter_misc":{"Dur\u00e9e de lecture estim\u00e9e":"4 minutes"},"schema":{"@context":"https:\/\/schema.org","@graph":[{"@type":"WebPage","@id":"https:\/\/www.ezycount.ch\/fr\/comment-apprendre-la-comptabilite-en-7-jours\/","url":"https:\/\/www.ezycount.ch\/fr\/comment-apprendre-la-comptabilite-en-7-jours\/","name":"Comment apprendre la comptabilit\u00e9 en 7 jours ? - EZYcount","isPartOf":{"@id":"https:\/\/www.ezycount.ch\/fr\/#website"},"primaryImageOfPage":{"@id":"https:\/\/www.ezycount.ch\/fr\/comment-apprendre-la-comptabilite-en-7-jours\/#primaryimage"},"image":{"@id":"https:\/\/www.ezycount.ch\/fr\/comment-apprendre-la-comptabilite-en-7-jours\/#primaryimage"},"thumbnailUrl":"https:\/\/www.ezycount.ch\/wp-content\/uploads\/2021\/04\/retrouver-le-plaisir-de-faire-votre-comptabilite-avec-EZYcount.jpg","datePublished":"2021-05-11T11:25:35+00:00","dateModified":"2021-11-09T04:06:48+00:00","description":"Seulement 7 jours. Chaque jour, 1 vid\u00e9o avec un sujet sp\u00e9cifique. Apprenez avec un professionnel","breadcrumb":{"@id":"https:\/\/www.ezycount.ch\/fr\/comment-apprendre-la-comptabilite-en-7-jours\/#breadcrumb"},"inLanguage":"fr-FR","potentialAction":[{"@type":"ReadAction","target":["https:\/\/www.ezycount.ch\/fr\/comment-apprendre-la-comptabilite-en-7-jours\/"]}]},{"@type":"ImageObject","inLanguage":"fr-FR","@id":"https:\/\/www.ezycount.ch\/fr\/comment-apprendre-la-comptabilite-en-7-jours\/#primaryimage","url":"https:\/\/www.ezycount.ch\/wp-content\/uploads\/2021\/04\/retrouver-le-plaisir-de-faire-votre-comptabilite-avec-EZYcount.jpg","contentUrl":"https:\/\/www.ezycount.ch\/wp-content\/uploads\/2021\/04\/retrouver-le-plaisir-de-faire-votre-comptabilite-avec-EZYcount.jpg"},{"@type":"BreadcrumbList","@id":"https:\/\/www.ezycount.ch\/fr\/comment-apprendre-la-comptabilite-en-7-jours\/#breadcrumb","itemListElement":[{"@type":"ListItem","position":1,"name":"Home","item":"https:\/\/www.ezycount.ch\/fr\/"},{"@type":"ListItem","position":2,"name":"Comment apprendre la comptabilit\u00e9 en 7 jours ?"}]},{"@type":"WebSite","@id":"https:\/\/www.ezycount.ch\/fr\/#website","url":"https:\/\/www.ezycount.ch\/fr\/","name":"EZYcount","description":"Simplifiez votre comptabilit\u00e9 et gagnez du temps","potentialAction":[{"@type":"SearchAction","target":{"@type":"EntryPoint","urlTemplate":"https:\/\/www.ezycount.ch\/fr\/?s={search_term_string}"},"query-input":{"@type":"PropertyValueSpecification","valueRequired":true,"valueName":"search_term_string"}}],"inLanguage":"fr-FR"}]}},"_links":{"self":[{"href":"https:\/\/www.ezycount.ch\/fr\/wp-json\/wp\/v2\/pages\/12950","targetHints":{"allow":["GET"]}}],"collection":[{"href":"https:\/\/www.ezycount.ch\/fr\/wp-json\/wp\/v2\/pages"}],"about":[{"href":"https:\/\/www.ezycount.ch\/fr\/wp-json\/wp\/v2\/types\/page"}],"author":[{"embeddable":true,"href":"https:\/\/www.ezycount.ch\/fr\/wp-json\/wp\/v2\/users\/4"}],"replies":[{"embeddable":true,"href":"https:\/\/www.ezycount.ch\/fr\/wp-json\/wp\/v2\/comments?post=12950"}],"version-history":[{"count":30,"href":"https:\/\/www.ezycount.ch\/fr\/wp-json\/wp\/v2\/pages\/12950\/revisions"}],"predecessor-version":[{"id":16002,"href":"https:\/\/www.ezycount.ch\/fr\/wp-json\/wp\/v2\/pages\/12950\/revisions\/16002"}],"wp:attachment":[{"href":"https:\/\/www.ezycount.ch\/fr\/wp-json\/wp\/v2\/media?parent=12950"}],"curies":[{"name":"wp","href":"https:\/\/api.w.org\/{rel}","templated":true}]}}