{"id":14654,"date":"2021-06-16T11:14:47","date_gmt":"2021-06-16T10:14:47","guid":{"rendered":"https:\/\/www.ezycount.ch\/clone-of-modele-detiquette-de-classeur-pour-mac\/"},"modified":"2021-11-09T20:10:57","modified_gmt":"2021-11-09T19:10:57","slug":"modele-detiquette-de-classeur-pour-libre-office","status":"publish","type":"page","link":"https:\/\/www.ezycount.ch\/fr\/modele-detiquette-de-classeur-pour-libre-office\/","title":{"rendered":"Mod\u00e8le d&#8217;\u00e9tiquette de classeur pour Libre Office"},"content":{"rendered":"<h1 style=\"\">Mod\u00e8le d&rsquo;\u00e9tiquettes de classeur gratuites pour Linux<\/h1>\n<p style=\"\">Utilisez-vous encore des dossiers pour conserver vos documents dans votre bureau?Je pense que les dossiers sont un \u00e9l\u00e9ment essentiel des bureaux. Je sais que la technologie supplante bient\u00f4t ces outils de la vieille \u00e9cole, mais je pr\u00e9f\u00e8re encore les utiliser. Je sais qu&rsquo;il faut du temps pour organiser vos classeurs, mais avec le bon mod\u00e8le d&rsquo;\u00e9tiquette pour classeurs, vous pouvez gagner du temps.&nbsp;<\/p>\n<p><span><img decoding=\"async\" alt=\"\" data-id=\"12709\" width=\"68\" data-init-width=\"228\" height=\"52\" data-init-height=\"175\" title=\"Screen Shot 2021-04-28 at 11.21.47 AM\" loading=\"lazy\" src=\"https:\/\/www.ezycount.ch\/wp-content\/uploads\/2021\/04\/Screen-Shot-2021-04-28-at-11.21.47-AM.png\" data-width=\"68\" data-height=\"52\" style=\"\"><\/span><\/p>\n<p style=\"\">&nbsp; &nbsp; &nbsp; &nbsp; &nbsp; En plus de cela, il sera beau \ud83d\ude09<\/p>\n<p style=\"\">Croyez-moi, mon bureau \u00e9tait en d\u00e9sordre et il s&rsquo;est beaucoup am\u00e9lior\u00e9 gr\u00e2ce \u00e0 des astuces comme celle-ci.Pour les utilisateurs d&rsquo;Apple et d&rsquo;iPad, trouvez le mod\u00e8le gratuit d&rsquo;\u00e9tiquette de classeur Pages ci-dessous.<\/p>\n<p style=\"\">Nous avons tous des pr\u00e9f\u00e9rences diff\u00e9rentes. C&rsquo;est pourquoi nous disposons du m\u00eame outil pour les utilisateurs d&rsquo;Office. Suivez <a href=\"https:\/\/www.ezycount.ch\/fr\/modele-detiquette-de-classeur\/\" target=\"_blank\" style=\"outline: none;\" rel=\"noopener\">ce lien<\/a> pour obtenir un mod\u00e8le gratuit d&rsquo;\u00e9tiquettes de classeur Word. Concevez-le selon vos propres pr\u00e9f\u00e9rences et cr\u00e9ez les \u00e9tiquettes de classeur parfaites.<\/p>\n<p> <strong>Contenus Les Plus Consult\u00e9s<\/strong><\/p>\n<p style=\"\">\n<p>    __CONFIG_colors_palette__{\u00ab\u00a0active_palette\u00a0\u00bb:0,\u00a0\u00bbconfig\u00a0\u00bb:{\u00ab\u00a0colors\u00a0\u00bb:{\u00ab\u00a09bd08\u00a0\u00bb:{\u00ab\u00a0name\u00a0\u00bb:\u00a0\u00bbMain Accent\u00a0\u00bb,\u00a0\u00bbparent\u00a0\u00bb:-1}},\u00a0\u00bbgradients\u00a0\u00bb:[]},\u00a0\u00bbpalettes\u00a0\u00bb:[{\u00ab\u00a0name\u00a0\u00bb:\u00a0\u00bbDefault Palette\u00a0\u00bb,\u00a0\u00bbvalue\u00a0\u00bb:{\u00ab\u00a0colors\u00a0\u00bb:{\u00ab\u00a09bd08\u00a0\u00bb:{\u00ab\u00a0val\u00a0\u00bb:\u00a0\u00bbhsla(var(&#8211;tcb-main-master-h, 210), var(&#8211;tcb-main-master-s, 77%), var(&#8211;tcb-main-master-l, 54%), 1)\u00a0\u00bb}},\u00a0\u00bbgradients\u00a0\u00bb:[]},\u00a0\u00bboriginal\u00a0\u00bb:{\u00ab\u00a0colors\u00a0\u00bb:{\u00ab\u00a09bd08\u00a0\u00bb:{\u00ab\u00a0val\u00a0\u00bb:\u00a0\u00bbrgb(19, 114, 211)\u00a0\u00bb,\u00a0\u00bbhsl\u00a0\u00bb:{\u00ab\u00a0h\u00a0\u00bb:210,\u00a0\u00bbs\u00a0\u00bb:0.83,\u00a0\u00bbl\u00a0\u00bb:0.45}}},\u00a0\u00bbgradients\u00a0\u00bb:[]}}]}__CONFIG_colors_palette__ <a href=\"https:\/\/www.ezycount.ch\/fr\/\" style=\"\" target=\"_blank\" rel=\"noopener\"> <span><span style=\"\">Comptabilit\u00e9<\/span><\/span> <\/a> <\/p>\n<p style=\"\">Une solution simple et s\u00e9curis\u00e9e de comptabilit\u00e9 financi\u00e8re et de facturation en ligne.<\/p>\n<p>      __CONFIG_colors_palette__{\u00ab\u00a0active_palette\u00a0\u00bb:0,\u00a0\u00bbconfig\u00a0\u00bb:{\u00ab\u00a0colors\u00a0\u00bb:{\u00ab\u00a09bd08\u00a0\u00bb:{\u00ab\u00a0name\u00a0\u00bb:\u00a0\u00bbMain Accent\u00a0\u00bb,\u00a0\u00bbparent\u00a0\u00bb:-1}},\u00a0\u00bbgradients\u00a0\u00bb:[]},\u00a0\u00bbpalettes\u00a0\u00bb:[{\u00ab\u00a0name\u00a0\u00bb:\u00a0\u00bbDefault Palette\u00a0\u00bb,\u00a0\u00bbvalue\u00a0\u00bb:{\u00ab\u00a0colors\u00a0\u00bb:{\u00ab\u00a09bd08\u00a0\u00bb:{\u00ab\u00a0val\u00a0\u00bb:\u00a0\u00bbhsla(var(&#8211;tcb-main-master-h, 210), var(&#8211;tcb-main-master-s, 77%), var(&#8211;tcb-main-master-l, 54%), 1)\u00a0\u00bb}},\u00a0\u00bbgradients\u00a0\u00bb:[]},\u00a0\u00bboriginal\u00a0\u00bb:{\u00ab\u00a0colors\u00a0\u00bb:{\u00ab\u00a09bd08\u00a0\u00bb:{\u00ab\u00a0val\u00a0\u00bb:\u00a0\u00bbrgb(19, 114, 211)\u00a0\u00bb,\u00a0\u00bbhsl\u00a0\u00bb:{\u00ab\u00a0h\u00a0\u00bb:210,\u00a0\u00bbs\u00a0\u00bb:0.83,\u00a0\u00bbl\u00a0\u00bb:0.45}}},\u00a0\u00bbgradients\u00a0\u00bb:[]}}]}__CONFIG_colors_palette__ <a href=\"https:\/\/www.ezycount.ch\/fr\/comment-organiser-facilement-votre-bureau\/\" style=\"\" target=\"_blank\" rel=\"noopener\"> <span><span style=\"\">Comment ranger et organiser son bureau?<\/span><\/span> <\/a> <\/p>\n<p style=\"\">Ranger et organiser son bureau pour \u00eatre plus efficace dans ses t\u00e2ches administratives.<\/p>\n<p>      __CONFIG_colors_palette__{\u00ab\u00a0active_palette\u00a0\u00bb:0,\u00a0\u00bbconfig\u00a0\u00bb:{\u00ab\u00a0colors\u00a0\u00bb:{\u00ab\u00a09bd08\u00a0\u00bb:{\u00ab\u00a0name\u00a0\u00bb:\u00a0\u00bbMain Accent\u00a0\u00bb,\u00a0\u00bbparent\u00a0\u00bb:-1}},\u00a0\u00bbgradients\u00a0\u00bb:[]},\u00a0\u00bbpalettes\u00a0\u00bb:[{\u00ab\u00a0name\u00a0\u00bb:\u00a0\u00bbDefault Palette\u00a0\u00bb,\u00a0\u00bbvalue\u00a0\u00bb:{\u00ab\u00a0colors\u00a0\u00bb:{\u00ab\u00a09bd08\u00a0\u00bb:{\u00ab\u00a0val\u00a0\u00bb:\u00a0\u00bbhsla(var(&#8211;tcb-main-master-h, 210), var(&#8211;tcb-main-master-s, 77%), var(&#8211;tcb-main-master-l, 54%), 1)\u00a0\u00bb}},\u00a0\u00bbgradients\u00a0\u00bb:[]},\u00a0\u00bboriginal\u00a0\u00bb:{\u00ab\u00a0colors\u00a0\u00bb:{\u00ab\u00a09bd08\u00a0\u00bb:{\u00ab\u00a0val\u00a0\u00bb:\u00a0\u00bbrgb(19, 114, 211)\u00a0\u00bb,\u00a0\u00bbhsl\u00a0\u00bb:{\u00ab\u00a0h\u00a0\u00bb:210,\u00a0\u00bbs\u00a0\u00bb:0.83,\u00a0\u00bbl\u00a0\u00bb:0.45}}},\u00a0\u00bbgradients\u00a0\u00bb:[]}}]}__CONFIG_colors_palette__ <a href=\"https:\/\/www.ezycount.ch\/fr\/comment-creer-une-facture-legale-en-suisse\/\" style=\"\"> <span><span style=\"\">Facturation suisse<\/span><\/span> <\/a> <\/p>\n<p style=\"\">Retrouvez toutes les informations n\u00e9cessaires pour cr\u00e9er des factures suisses conformes et compl\u00e8tes.<\/p>\n<p>      __CONFIG_colors_palette__{\u00ab\u00a0active_palette\u00a0\u00bb:0,\u00a0\u00bbconfig\u00a0\u00bb:{\u00ab\u00a0colors\u00a0\u00bb:{\u00ab\u00a09bd08\u00a0\u00bb:{\u00ab\u00a0name\u00a0\u00bb:\u00a0\u00bbMain Accent\u00a0\u00bb,\u00a0\u00bbparent\u00a0\u00bb:-1}},\u00a0\u00bbgradients\u00a0\u00bb:[]},\u00a0\u00bbpalettes\u00a0\u00bb:[{\u00ab\u00a0name\u00a0\u00bb:\u00a0\u00bbDefault Palette\u00a0\u00bb,\u00a0\u00bbvalue\u00a0\u00bb:{\u00ab\u00a0colors\u00a0\u00bb:{\u00ab\u00a09bd08\u00a0\u00bb:{\u00ab\u00a0val\u00a0\u00bb:\u00a0\u00bbhsla(var(&#8211;tcb-main-master-h, 210), var(&#8211;tcb-main-master-s, 77%), var(&#8211;tcb-main-master-l, 54%), 1)\u00a0\u00bb}},\u00a0\u00bbgradients\u00a0\u00bb:[]},\u00a0\u00bboriginal\u00a0\u00bb:{\u00ab\u00a0colors\u00a0\u00bb:{\u00ab\u00a09bd08\u00a0\u00bb:{\u00ab\u00a0val\u00a0\u00bb:\u00a0\u00bbrgb(19, 114, 211)\u00a0\u00bb,\u00a0\u00bbhsl\u00a0\u00bb:{\u00ab\u00a0h\u00a0\u00bb:210,\u00a0\u00bbs\u00a0\u00bb:0.83,\u00a0\u00bbl\u00a0\u00bb:0.45}}},\u00a0\u00bbgradients\u00a0\u00bb:[]}}]}__CONFIG_colors_palette__ <a href=\"https:\/\/www.ezycount.ch\/fr\/startup-valuation-model-free-excel\/\" style=\"\" target=\"_blank\" rel=\"noopener\"> <span><span style=\"\">Valorisation de la startup<\/span><\/span> <\/a> <\/p>\n<p style=\"\">Mod\u00e8le Excel gratuit pour calculer la valeur de votre startup lorsqu&rsquo;elle ne fait pas encore de b\u00e9n\u00e9fices ou tr\u00e8s peu.<\/p>\n<p>  __CONFIG_group_edit__{\u00ab\u00a0kbjp1vpj\u00a0\u00bb:{\u00ab\u00a0name\u00a0\u00bb:\u00a0\u00bbAll Logo(s)\u00a0\u00bb,\u00a0\u00bbsingular\u00a0\u00bb:\u00a0\u00bb&#8211; Logo %s\u00a0\u00bb},\u00a0\u00bbkbjp1xfn\u00a0\u00bb:{\u00ab\u00a0name\u00a0\u00bb:\u00a0\u00bbAll Title(s)\u00a0\u00bb,\u00a0\u00bbsingular\u00a0\u00bb:\u00a0\u00bb&#8211; Text %s\u00a0\u00bb},\u00a0\u00bbkbjp22kc\u00a0\u00bb:{\u00ab\u00a0name\u00a0\u00bb:\u00a0\u00bbAll Paragraph(s)\u00a0\u00bb,\u00a0\u00bbsingular\u00a0\u00bb:\u00a0\u00bb&#8211; Text %s\u00a0\u00bb},\u00a0\u00bbkbjp2ag5&Prime;:{\u00ab\u00a0name\u00a0\u00bb:\u00a0\u00bbAll Read Review Button(s)\u00a0\u00bb,\u00a0\u00bbsingular\u00a0\u00bb:\u00a0\u00bb&#8211; Button %s\u00a0\u00bb},\u00a0\u00bbkbjp3xj6&Prime;:{\u00ab\u00a0name\u00a0\u00bb:\u00a0\u00bbAll Visit Website Button(s)\u00a0\u00bb,\u00a0\u00bbsingular\u00a0\u00bb:\u00a0\u00bb&#8211; Button %s\u00a0\u00bb},\u00a0\u00bbkbjp44dp\u00a0\u00bb:{\u00ab\u00a0name\u00a0\u00bb:\u00a0\u00bbAll Buttons Column(s)\u00a0\u00bb,\u00a0\u00bbsingular\u00a0\u00bb:\u00a0\u00bb&#8211; Column %s\u00a0\u00bb},\u00a0\u00bbkbjp4d43&Prime;:{\u00ab\u00a0name\u00a0\u00bb:\u00a0\u00bbAll Text Column(s)\u00a0\u00bb,\u00a0\u00bbsingular\u00a0\u00bb:\u00a0\u00bb&#8211; Column %s\u00a0\u00bb},\u00a0\u00bbkbjp4k9i\u00a0\u00bb:{\u00ab\u00a0name\u00a0\u00bb:\u00a0\u00bbAll Content Box(s)\u00a0\u00bb,\u00a0\u00bbsingular\u00a0\u00bb:\u00a0\u00bb&#8211; Content Box %s\u00a0\u00bb},\u00a0\u00bbkbjp4mck\u00a0\u00bb:{\u00ab\u00a0name\u00a0\u00bb:\u00a0\u00bbAll Content Box(s)\u00a0\u00bb,\u00a0\u00bbsingular\u00a0\u00bb:\u00a0\u00bb&#8211; Content Box %s\u00a0\u00bb}}__CONFIG_group_edit____CONFIG_local_colors__{\u00ab\u00a0colors\u00a0\u00bb:{},\u00a0\u00bbgradients\u00a0\u00bb:{}}__CONFIG_local_colors__ <\/p>\n","protected":false},"excerpt":{"rendered":"<p>Mod\u00e8le d&rsquo;\u00e9tiquettes de classeur gratuites pour Linux Utilisez-vous encore des dossiers pour conserver vos documents dans votre bureau?Je pense que les dossiers sont un \u00e9l\u00e9ment essentiel des bureaux. Je sais que la technologie supplante bient\u00f4t ces outils de la vieille \u00e9cole, mais je pr\u00e9f\u00e8re encore les utiliser. Je sais qu&rsquo;il faut du temps pour organiser [&hellip;]<\/p>\n","protected":false},"author":4,"featured_media":0,"parent":0,"menu_order":0,"comment_status":"closed","ping_status":"closed","template":"","meta":{"footnotes":""},"class_list":["post-14654","page","type-page","status-publish","hentry","post-wrapper","thrv_wrapper"],"yoast_head":"<!-- This site is optimized with the Yoast SEO plugin v25.3 - https:\/\/yoast.com\/wordpress\/plugins\/seo\/ -->\n<title>Mod\u00e8le d&#8217;\u00e9tiquette de classeur pour Libre Office - EZYcount<\/title>\n<meta name=\"description\" content=\"Utilisez d&#039;\u00e9tiquette pour de classeur afin d&#039;organiser les documents. Personnalisez ce mod\u00e8le en fonction de vos besoins avec Libre Office.\" \/>\n<meta name=\"robots\" content=\"index, follow, max-snippet:-1, max-image-preview:large, max-video-preview:-1\" \/>\n<link rel=\"canonical\" href=\"https:\/\/www.ezycount.ch\/fr\/modele-detiquette-de-classeur-pour-libre-office\/\" \/>\n<meta property=\"og:locale\" content=\"fr_FR\" \/>\n<meta property=\"og:type\" content=\"article\" \/>\n<meta property=\"og:title\" content=\"Mod\u00e8le d&#8217;\u00e9tiquette de classeur pour Libre Office - EZYcount\" \/>\n<meta property=\"og:description\" content=\"Utilisez d&#039;\u00e9tiquette pour de classeur afin d&#039;organiser les documents. Personnalisez ce mod\u00e8le en fonction de vos besoins avec Libre Office.\" \/>\n<meta property=\"og:url\" content=\"https:\/\/www.ezycount.ch\/fr\/modele-detiquette-de-classeur-pour-libre-office\/\" \/>\n<meta property=\"og:site_name\" content=\"EZYcount\" \/>\n<meta property=\"article:modified_time\" content=\"2021-11-09T19:10:57+00:00\" \/>\n<meta property=\"og:image\" content=\"https:\/\/www.ezycount.ch\/wp-content\/uploads\/2021\/04\/Screen-Shot-2021-04-28-at-11.21.47-AM.png\" \/>\n<meta name=\"twitter:card\" content=\"summary_large_image\" \/>\n<meta name=\"twitter:label1\" content=\"Dur\u00e9e de lecture estim\u00e9e\" \/>\n\t<meta name=\"twitter:data1\" content=\"2 minutes\" \/>\n<script type=\"application\/ld+json\" class=\"yoast-schema-graph\">{\"@context\":\"https:\/\/schema.org\",\"@graph\":[{\"@type\":\"WebPage\",\"@id\":\"https:\/\/www.ezycount.ch\/fr\/modele-detiquette-de-classeur-pour-libre-office\/\",\"url\":\"https:\/\/www.ezycount.ch\/fr\/modele-detiquette-de-classeur-pour-libre-office\/\",\"name\":\"Mod\u00e8le d&#8217;\u00e9tiquette de classeur pour Libre Office - EZYcount\",\"isPartOf\":{\"@id\":\"https:\/\/www.ezycount.ch\/fr\/#website\"},\"primaryImageOfPage\":{\"@id\":\"https:\/\/www.ezycount.ch\/fr\/modele-detiquette-de-classeur-pour-libre-office\/#primaryimage\"},\"image\":{\"@id\":\"https:\/\/www.ezycount.ch\/fr\/modele-detiquette-de-classeur-pour-libre-office\/#primaryimage\"},\"thumbnailUrl\":\"https:\/\/www.ezycount.ch\/wp-content\/uploads\/2021\/04\/Screen-Shot-2021-04-28-at-11.21.47-AM.png\",\"datePublished\":\"2021-06-16T10:14:47+00:00\",\"dateModified\":\"2021-11-09T19:10:57+00:00\",\"description\":\"Utilisez d'\u00e9tiquette pour de classeur afin d'organiser les documents. Personnalisez ce mod\u00e8le en fonction de vos besoins avec Libre Office.\",\"breadcrumb\":{\"@id\":\"https:\/\/www.ezycount.ch\/fr\/modele-detiquette-de-classeur-pour-libre-office\/#breadcrumb\"},\"inLanguage\":\"fr-FR\",\"potentialAction\":[{\"@type\":\"ReadAction\",\"target\":[\"https:\/\/www.ezycount.ch\/fr\/modele-detiquette-de-classeur-pour-libre-office\/\"]}]},{\"@type\":\"ImageObject\",\"inLanguage\":\"fr-FR\",\"@id\":\"https:\/\/www.ezycount.ch\/fr\/modele-detiquette-de-classeur-pour-libre-office\/#primaryimage\",\"url\":\"https:\/\/www.ezycount.ch\/wp-content\/uploads\/2021\/04\/Screen-Shot-2021-04-28-at-11.21.47-AM.png\",\"contentUrl\":\"https:\/\/www.ezycount.ch\/wp-content\/uploads\/2021\/04\/Screen-Shot-2021-04-28-at-11.21.47-AM.png\"},{\"@type\":\"BreadcrumbList\",\"@id\":\"https:\/\/www.ezycount.ch\/fr\/modele-detiquette-de-classeur-pour-libre-office\/#breadcrumb\",\"itemListElement\":[{\"@type\":\"ListItem\",\"position\":1,\"name\":\"Home\",\"item\":\"https:\/\/www.ezycount.ch\/fr\/\"},{\"@type\":\"ListItem\",\"position\":2,\"name\":\"Mod\u00e8le d&#8217;\u00e9tiquette de classeur pour Libre Office\"}]},{\"@type\":\"WebSite\",\"@id\":\"https:\/\/www.ezycount.ch\/fr\/#website\",\"url\":\"https:\/\/www.ezycount.ch\/fr\/\",\"name\":\"EZYcount\",\"description\":\"Simplifiez votre comptabilit\u00e9 et gagnez du temps\",\"potentialAction\":[{\"@type\":\"SearchAction\",\"target\":{\"@type\":\"EntryPoint\",\"urlTemplate\":\"https:\/\/www.ezycount.ch\/fr\/?s={search_term_string}\"},\"query-input\":{\"@type\":\"PropertyValueSpecification\",\"valueRequired\":true,\"valueName\":\"search_term_string\"}}],\"inLanguage\":\"fr-FR\"}]}<\/script>\n<!-- \/ Yoast SEO plugin. -->","yoast_head_json":{"title":"Mod\u00e8le d&#8217;\u00e9tiquette de classeur pour Libre Office - EZYcount","description":"Utilisez d'\u00e9tiquette pour de classeur afin d'organiser les documents. Personnalisez ce mod\u00e8le en fonction de vos besoins avec Libre Office.","robots":{"index":"index","follow":"follow","max-snippet":"max-snippet:-1","max-image-preview":"max-image-preview:large","max-video-preview":"max-video-preview:-1"},"canonical":"https:\/\/www.ezycount.ch\/fr\/modele-detiquette-de-classeur-pour-libre-office\/","og_locale":"fr_FR","og_type":"article","og_title":"Mod\u00e8le d&#8217;\u00e9tiquette de classeur pour Libre Office - EZYcount","og_description":"Utilisez d'\u00e9tiquette pour de classeur afin d'organiser les documents. Personnalisez ce mod\u00e8le en fonction de vos besoins avec Libre Office.","og_url":"https:\/\/www.ezycount.ch\/fr\/modele-detiquette-de-classeur-pour-libre-office\/","og_site_name":"EZYcount","article_modified_time":"2021-11-09T19:10:57+00:00","og_image":[{"url":"https:\/\/www.ezycount.ch\/wp-content\/uploads\/2021\/04\/Screen-Shot-2021-04-28-at-11.21.47-AM.png","type":"","width":"","height":""}],"twitter_card":"summary_large_image","twitter_misc":{"Dur\u00e9e de lecture estim\u00e9e":"2 minutes"},"schema":{"@context":"https:\/\/schema.org","@graph":[{"@type":"WebPage","@id":"https:\/\/www.ezycount.ch\/fr\/modele-detiquette-de-classeur-pour-libre-office\/","url":"https:\/\/www.ezycount.ch\/fr\/modele-detiquette-de-classeur-pour-libre-office\/","name":"Mod\u00e8le d&#8217;\u00e9tiquette de classeur pour Libre Office - EZYcount","isPartOf":{"@id":"https:\/\/www.ezycount.ch\/fr\/#website"},"primaryImageOfPage":{"@id":"https:\/\/www.ezycount.ch\/fr\/modele-detiquette-de-classeur-pour-libre-office\/#primaryimage"},"image":{"@id":"https:\/\/www.ezycount.ch\/fr\/modele-detiquette-de-classeur-pour-libre-office\/#primaryimage"},"thumbnailUrl":"https:\/\/www.ezycount.ch\/wp-content\/uploads\/2021\/04\/Screen-Shot-2021-04-28-at-11.21.47-AM.png","datePublished":"2021-06-16T10:14:47+00:00","dateModified":"2021-11-09T19:10:57+00:00","description":"Utilisez d'\u00e9tiquette pour de classeur afin d'organiser les documents. Personnalisez ce mod\u00e8le en fonction de vos besoins avec Libre Office.","breadcrumb":{"@id":"https:\/\/www.ezycount.ch\/fr\/modele-detiquette-de-classeur-pour-libre-office\/#breadcrumb"},"inLanguage":"fr-FR","potentialAction":[{"@type":"ReadAction","target":["https:\/\/www.ezycount.ch\/fr\/modele-detiquette-de-classeur-pour-libre-office\/"]}]},{"@type":"ImageObject","inLanguage":"fr-FR","@id":"https:\/\/www.ezycount.ch\/fr\/modele-detiquette-de-classeur-pour-libre-office\/#primaryimage","url":"https:\/\/www.ezycount.ch\/wp-content\/uploads\/2021\/04\/Screen-Shot-2021-04-28-at-11.21.47-AM.png","contentUrl":"https:\/\/www.ezycount.ch\/wp-content\/uploads\/2021\/04\/Screen-Shot-2021-04-28-at-11.21.47-AM.png"},{"@type":"BreadcrumbList","@id":"https:\/\/www.ezycount.ch\/fr\/modele-detiquette-de-classeur-pour-libre-office\/#breadcrumb","itemListElement":[{"@type":"ListItem","position":1,"name":"Home","item":"https:\/\/www.ezycount.ch\/fr\/"},{"@type":"ListItem","position":2,"name":"Mod\u00e8le d&#8217;\u00e9tiquette de classeur pour Libre Office"}]},{"@type":"WebSite","@id":"https:\/\/www.ezycount.ch\/fr\/#website","url":"https:\/\/www.ezycount.ch\/fr\/","name":"EZYcount","description":"Simplifiez votre comptabilit\u00e9 et gagnez du temps","potentialAction":[{"@type":"SearchAction","target":{"@type":"EntryPoint","urlTemplate":"https:\/\/www.ezycount.ch\/fr\/?s={search_term_string}"},"query-input":{"@type":"PropertyValueSpecification","valueRequired":true,"valueName":"search_term_string"}}],"inLanguage":"fr-FR"}]}},"_links":{"self":[{"href":"https:\/\/www.ezycount.ch\/fr\/wp-json\/wp\/v2\/pages\/14654","targetHints":{"allow":["GET"]}}],"collection":[{"href":"https:\/\/www.ezycount.ch\/fr\/wp-json\/wp\/v2\/pages"}],"about":[{"href":"https:\/\/www.ezycount.ch\/fr\/wp-json\/wp\/v2\/types\/page"}],"author":[{"embeddable":true,"href":"https:\/\/www.ezycount.ch\/fr\/wp-json\/wp\/v2\/users\/4"}],"replies":[{"embeddable":true,"href":"https:\/\/www.ezycount.ch\/fr\/wp-json\/wp\/v2\/comments?post=14654"}],"version-history":[{"count":12,"href":"https:\/\/www.ezycount.ch\/fr\/wp-json\/wp\/v2\/pages\/14654\/revisions"}],"predecessor-version":[{"id":16022,"href":"https:\/\/www.ezycount.ch\/fr\/wp-json\/wp\/v2\/pages\/14654\/revisions\/16022"}],"wp:attachment":[{"href":"https:\/\/www.ezycount.ch\/fr\/wp-json\/wp\/v2\/media?parent=14654"}],"curies":[{"name":"wp","href":"https:\/\/api.w.org\/{rel}","templated":true}]}}