{"id":1480,"date":"2018-06-01T07:17:59","date_gmt":"2018-06-01T07:17:59","guid":{"rendered":"https:\/\/www.ezycount.ch\/?page_id=1480"},"modified":"2021-05-16T10:34:07","modified_gmt":"2021-05-16T09:34:07","slug":"nous-contacter","status":"publish","type":"page","link":"https:\/\/www.ezycount.ch\/fr\/nous-contacter\/","title":{"rendered":"Nous contacter"},"content":{"rendered":"<h1 style=\"\">Contact<\/h1>\n<p style=\"text-align: justify;\"><span style=\"color: rgb(112, 99, 89);\">N&rsquo;h\u00e9sitez pas \u00e0 nous contacter pour toute question concernant la comptabilit\u00e9 ou la facturation EZYcount. L&rsquo;\u00e9quipe de support EZYcount, dirig\u00e9e par Vivien est disponible pour vous assister du lundi 9h00 au vendredi 17h00.Nous r\u00e9pondons habituellement sous 24 heures, mais cela peut \u00eatre sous 48 heures si nous avons une lourde charge de travail. Merci de votre compr\u00e9hension.<\/span><span style=\"color: rgb(112, 99, 89);\">\u200b<\/span><span style=\"color: rgb(245, 168, 28);\"><a href=\"mailto:support@ezycount.ch\" style=\"outline: none;\" target=\"_blank\" rel=\"noopener\">support@ezycount.ch<\/a><\/span><\/p>\n<h2>M\u00e9dias sociaux<\/h2>\n<p>\u200b<\/p>\n<p>Rejoignez une ou plusieurs de nos communaut\u00e9s actives et recevez les derni\u00e8res nouvelles d&rsquo;EZYcount ou les derniers conseils sur la gestion de vos comptes et factures. Ne manquez pas cette occasion.<\/p>\n<p><a href=\"https:\/\/www.facebook.com\/ezycount\/\" target=\"_blank\" rel=\"noopener\">                    <\/a><a href=\"https:\/\/www.linkedin.com\/company\/ezycount\" target=\"_blank\" rel=\"noopener\">                    <\/a><a href=\"https:\/\/twitter.com\/EZYcountsuisse\" target=\"_blank\" rel=\"noopener\">                    <\/a><a href=\"https:\/\/www.youtube.com\/channel\/UC1xEUafvvHTVx1iV-nswSFw\" target=\"_blank\" rel=\"noopener\">                    <\/a><\/p>\n<h2>Emplacements<\/h2>\n<h3>Venez nous voir<\/h3>\n<p style=\"text-align: justify;\"><span style=\"color: rgb(112, 99, 89);\">En 2018, nous nous sommes enti\u00e8rement digitalis\u00e9. Cependant nous avons encore des bureaux \u00e0 Sion et Berne. Nous organisons \u00e9galement des \u00e9v\u00e9nements pour partager nos connaissances et conseils. Pour en savoir plus, consultez notre&nbsp;<\/span><span style=\"color: rgb(245, 168, 28);\"><a href=\"https:\/\/www.facebook.com\/ezycount\" style=\"outline: none;\" target=\"_blank\" rel=\"noopener\">page facebook<\/a>.<\/span><\/p>\n<h3>Heures d&rsquo;ouverture<\/h3>\n<p>Lundi &#8211; Vendredi : 9h00 &#8211; 17h00 Samedi et dimanche : FERM\u00c9E<\/p>\n<h3>Sion<\/h3>\n<p>EZYcount by superVX AGRue de la Dixence 101950 Sion<\/p>\n<h3>Bern<\/h3>\n<p>EZYcount by superVX AG<span>Effingerstrasse 103011 Bern<\/span><\/p>\n<h2>Emplois et carri\u00e8res<\/h2>\n<p style=\"text-align: justify;\"><span style=\"color: rgb(112, 99, 89);\">EZYcount est \u00e0 la recherche de personnes passionn\u00e9es qui veulent aider les ind\u00e9pendants et les petites entreprises \u00e0 simplifier leurs t\u00e2ches administratives gr\u00e2ce \u00e0 la technologie.Nous offrons des possibilit\u00e9s d&#8217;emploi innovantes dans nos bureaux ou \u00e0 distance.Pour toute demande de renseignements, veuillez envoyer votre courriel ou votre CV \u00e0<\/span><span style=\"color: rgb(245, 168, 28);\"><a href=\"http:\/\/email:hr@ezycount.ch\" style=\"outline: none;\" target=\"_blank\" rel=\"noopener\">hr@ezycount.ch<\/a><\/span><\/p>\n","protected":false},"excerpt":{"rendered":"<p>Contact N&rsquo;h\u00e9sitez pas \u00e0 nous contacter pour toute question concernant la comptabilit\u00e9 ou la facturation EZYcount. L&rsquo;\u00e9quipe de support EZYcount, dirig\u00e9e par Vivien est disponible pour vous assister du lundi 9h00 au vendredi 17h00.Nous r\u00e9pondons habituellement sous 24 heures, mais cela peut \u00eatre sous 48 heures si nous avons une lourde charge de travail. Merci [&hellip;]<\/p>\n","protected":false},"author":2,"featured_media":0,"parent":0,"menu_order":0,"comment_status":"closed","ping_status":"closed","template":"","meta":{"footnotes":""},"class_list":["post-1480","page","type-page","status-publish","hentry","post-wrapper","thrv_wrapper"],"yoast_head":"<!-- This site is optimized with the Yoast SEO plugin v25.3 - https:\/\/yoast.com\/wordpress\/plugins\/seo\/ -->\n<title>Nous contacter - EZYcount<\/title>\n<meta name=\"description\" content=\"Avez-vous des questions ? Vous trouverez ici nos coordonn\u00e9es, y compris notre num\u00e9ro de t\u00e9l\u00e9phone, notre courrier, les m\u00e9dias sociaux et une carte de nos bureaux ! N&#039;h\u00e9sitez pas \u00e0 nous contacter !\" \/>\n<meta name=\"robots\" content=\"index, follow, max-snippet:-1, max-image-preview:large, max-video-preview:-1\" \/>\n<link rel=\"canonical\" href=\"https:\/\/www.ezycount.ch\/fr\/nous-contacter\/\" \/>\n<meta property=\"og:locale\" content=\"fr_FR\" \/>\n<meta property=\"og:type\" content=\"article\" \/>\n<meta property=\"og:title\" content=\"Nous contacter - EZYcount\" \/>\n<meta property=\"og:description\" content=\"Avez-vous des questions ? Vous trouverez ici nos coordonn\u00e9es, y compris notre num\u00e9ro de t\u00e9l\u00e9phone, notre courrier, les m\u00e9dias sociaux et une carte de nos bureaux ! N&#039;h\u00e9sitez pas \u00e0 nous contacter !\" \/>\n<meta property=\"og:url\" content=\"https:\/\/www.ezycount.ch\/fr\/nous-contacter\/\" \/>\n<meta property=\"og:site_name\" content=\"EZYcount\" \/>\n<meta property=\"article:modified_time\" content=\"2021-05-16T09:34:07+00:00\" \/>\n<meta name=\"twitter:card\" content=\"summary_large_image\" \/>\n<meta name=\"twitter:label1\" content=\"Dur\u00e9e de lecture estim\u00e9e\" \/>\n\t<meta name=\"twitter:data1\" content=\"1 minute\" \/>\n<script type=\"application\/ld+json\" class=\"yoast-schema-graph\">{\"@context\":\"https:\/\/schema.org\",\"@graph\":[{\"@type\":\"WebPage\",\"@id\":\"https:\/\/www.ezycount.ch\/fr\/nous-contacter\/\",\"url\":\"https:\/\/www.ezycount.ch\/fr\/nous-contacter\/\",\"name\":\"Nous contacter - EZYcount\",\"isPartOf\":{\"@id\":\"https:\/\/www.ezycount.ch\/fr\/#website\"},\"datePublished\":\"2018-06-01T07:17:59+00:00\",\"dateModified\":\"2021-05-16T09:34:07+00:00\",\"description\":\"Avez-vous des questions ? Vous trouverez ici nos coordonn\u00e9es, y compris notre num\u00e9ro de t\u00e9l\u00e9phone, notre courrier, les m\u00e9dias sociaux et une carte de nos bureaux ! N'h\u00e9sitez pas \u00e0 nous contacter !\",\"breadcrumb\":{\"@id\":\"https:\/\/www.ezycount.ch\/fr\/nous-contacter\/#breadcrumb\"},\"inLanguage\":\"fr-FR\",\"potentialAction\":[{\"@type\":\"ReadAction\",\"target\":[\"https:\/\/www.ezycount.ch\/fr\/nous-contacter\/\"]}]},{\"@type\":\"BreadcrumbList\",\"@id\":\"https:\/\/www.ezycount.ch\/fr\/nous-contacter\/#breadcrumb\",\"itemListElement\":[{\"@type\":\"ListItem\",\"position\":1,\"name\":\"Home\",\"item\":\"https:\/\/www.ezycount.ch\/fr\/\"},{\"@type\":\"ListItem\",\"position\":2,\"name\":\"Nous contacter\"}]},{\"@type\":\"WebSite\",\"@id\":\"https:\/\/www.ezycount.ch\/fr\/#website\",\"url\":\"https:\/\/www.ezycount.ch\/fr\/\",\"name\":\"EZYcount\",\"description\":\"Simplifiez votre comptabilit\u00e9 et gagnez du temps\",\"potentialAction\":[{\"@type\":\"SearchAction\",\"target\":{\"@type\":\"EntryPoint\",\"urlTemplate\":\"https:\/\/www.ezycount.ch\/fr\/?s={search_term_string}\"},\"query-input\":{\"@type\":\"PropertyValueSpecification\",\"valueRequired\":true,\"valueName\":\"search_term_string\"}}],\"inLanguage\":\"fr-FR\"}]}<\/script>\n<!-- \/ Yoast SEO plugin. -->","yoast_head_json":{"title":"Nous contacter - EZYcount","description":"Avez-vous des questions ? Vous trouverez ici nos coordonn\u00e9es, y compris notre num\u00e9ro de t\u00e9l\u00e9phone, notre courrier, les m\u00e9dias sociaux et une carte de nos bureaux ! N'h\u00e9sitez pas \u00e0 nous contacter !","robots":{"index":"index","follow":"follow","max-snippet":"max-snippet:-1","max-image-preview":"max-image-preview:large","max-video-preview":"max-video-preview:-1"},"canonical":"https:\/\/www.ezycount.ch\/fr\/nous-contacter\/","og_locale":"fr_FR","og_type":"article","og_title":"Nous contacter - EZYcount","og_description":"Avez-vous des questions ? Vous trouverez ici nos coordonn\u00e9es, y compris notre num\u00e9ro de t\u00e9l\u00e9phone, notre courrier, les m\u00e9dias sociaux et une carte de nos bureaux ! N'h\u00e9sitez pas \u00e0 nous contacter !","og_url":"https:\/\/www.ezycount.ch\/fr\/nous-contacter\/","og_site_name":"EZYcount","article_modified_time":"2021-05-16T09:34:07+00:00","twitter_card":"summary_large_image","twitter_misc":{"Dur\u00e9e de lecture estim\u00e9e":"1 minute"},"schema":{"@context":"https:\/\/schema.org","@graph":[{"@type":"WebPage","@id":"https:\/\/www.ezycount.ch\/fr\/nous-contacter\/","url":"https:\/\/www.ezycount.ch\/fr\/nous-contacter\/","name":"Nous contacter - EZYcount","isPartOf":{"@id":"https:\/\/www.ezycount.ch\/fr\/#website"},"datePublished":"2018-06-01T07:17:59+00:00","dateModified":"2021-05-16T09:34:07+00:00","description":"Avez-vous des questions ? Vous trouverez ici nos coordonn\u00e9es, y compris notre num\u00e9ro de t\u00e9l\u00e9phone, notre courrier, les m\u00e9dias sociaux et une carte de nos bureaux ! N'h\u00e9sitez pas \u00e0 nous contacter !","breadcrumb":{"@id":"https:\/\/www.ezycount.ch\/fr\/nous-contacter\/#breadcrumb"},"inLanguage":"fr-FR","potentialAction":[{"@type":"ReadAction","target":["https:\/\/www.ezycount.ch\/fr\/nous-contacter\/"]}]},{"@type":"BreadcrumbList","@id":"https:\/\/www.ezycount.ch\/fr\/nous-contacter\/#breadcrumb","itemListElement":[{"@type":"ListItem","position":1,"name":"Home","item":"https:\/\/www.ezycount.ch\/fr\/"},{"@type":"ListItem","position":2,"name":"Nous contacter"}]},{"@type":"WebSite","@id":"https:\/\/www.ezycount.ch\/fr\/#website","url":"https:\/\/www.ezycount.ch\/fr\/","name":"EZYcount","description":"Simplifiez votre comptabilit\u00e9 et gagnez du temps","potentialAction":[{"@type":"SearchAction","target":{"@type":"EntryPoint","urlTemplate":"https:\/\/www.ezycount.ch\/fr\/?s={search_term_string}"},"query-input":{"@type":"PropertyValueSpecification","valueRequired":true,"valueName":"search_term_string"}}],"inLanguage":"fr-FR"}]}},"_links":{"self":[{"href":"https:\/\/www.ezycount.ch\/fr\/wp-json\/wp\/v2\/pages\/1480","targetHints":{"allow":["GET"]}}],"collection":[{"href":"https:\/\/www.ezycount.ch\/fr\/wp-json\/wp\/v2\/pages"}],"about":[{"href":"https:\/\/www.ezycount.ch\/fr\/wp-json\/wp\/v2\/types\/page"}],"author":[{"embeddable":true,"href":"https:\/\/www.ezycount.ch\/fr\/wp-json\/wp\/v2\/users\/2"}],"replies":[{"embeddable":true,"href":"https:\/\/www.ezycount.ch\/fr\/wp-json\/wp\/v2\/comments?post=1480"}],"version-history":[{"count":1,"href":"https:\/\/www.ezycount.ch\/fr\/wp-json\/wp\/v2\/pages\/1480\/revisions"}],"predecessor-version":[{"id":13103,"href":"https:\/\/www.ezycount.ch\/fr\/wp-json\/wp\/v2\/pages\/1480\/revisions\/13103"}],"wp:attachment":[{"href":"https:\/\/www.ezycount.ch\/fr\/wp-json\/wp\/v2\/media?parent=1480"}],"curies":[{"name":"wp","href":"https:\/\/api.w.org\/{rel}","templated":true}]}}