{"id":15483,"date":"2021-08-30T14:39:20","date_gmt":"2021-08-30T13:39:20","guid":{"rendered":"https:\/\/www.ezycount.ch\/?page_id=15483"},"modified":"2021-09-03T09:40:30","modified_gmt":"2021-09-03T08:40:30","slug":"la-meilleure-alternative-a-postfinance-smartbusiness","status":"publish","type":"page","link":"https:\/\/www.ezycount.ch\/fr\/la-meilleure-alternative-a-postfinance-smartbusiness\/","title":{"rendered":"La meilleure alternative \u00e0 PostFinance SmartBusiness ?"},"content":{"rendered":"<h1 style=\"\">La meilleure alternative \u00e0 PostFinance SmartBusiness ?<\/h1>\n<h2 id=\"t-1629284152205\">Le programme de facturation PostFinance SmartBusiness n&rsquo;est plus disponible<\/h2>\n<p>Le programme de facturation SmartBusiness sera ferm\u00e9 le 1er novembre 2021. Vous ne pourrez plus cr\u00e9er de nouvelles factures avec ce syst\u00e8me de facturation apr\u00e8s cette date. Cependant, vous souhaitez continuer \u00e0 envoyer des factures \u00e0 vos clients. Nous avons la bonne alternative pour vous.<\/p>\n<h2 id=\"t-1629284152206\" style=\"\">La solution<\/h2>\n<p>EZYfacture est la meilleure alternative \u00e0 SmartBusiness. Elle offre des fonctionnalit\u00e9s similaires. Notre guide vous accompange pour un changement rapide et facile.<\/p>\n<h3 id=\"t-1629284152207\" style=\"\">\u00c9tape 1 &#8211; Fonctionnalit\u00e9s<\/h3>\n<p>01<\/p>\n<p style=\"text-align: left;\">Trouvez les fonctionnalit\u00e9s dont vous avez besoin : envoyez rapidement des factures num\u00e9riques et des factures QR.<\/p>\n<h4 id=\"t-1629286699747\" style=\"\">De quoi avez-vous besoin dans un logiciel de facturation ?<\/h4>\n<ul>\n<li><span>Cr\u00e9ez de belles factures<\/span><\/li>\n<li><span>G\u00e9n\u00e9rer des factures en PDF<\/span><\/li>\n<li><span>Suivre les paiements<\/span><\/li>\n<li><span>Envoyer des factures par e-mail<\/span><\/li>\n<li><span>Facture QR<\/span><\/li>\n<li><span>avec ou sans TVA<\/span><\/li>\n<li><span>Utilisation gratuite &#8211; l&rsquo;utilisation est gratuite si vous avez moins de 100 clients.<\/span><\/li>\n<\/ul>\n<p><a href=\"http:\/\/www.ezyfacture.ch\" target=\"_blank\" rel=\"nofollow noopener\">EZYfacture<\/a> remplit toutes ces conditions et bien plus encore. Par exemple, utilisez EZYfacture avec <a href=\"https:\/\/www.ezycount.ch\/fr\/\" target=\"_blank\" rel=\"noopener\">EZYcount <\/a>pour automatiser votre comptabilit\u00e9. Certains clients voient jusqu&rsquo;\u00e0 98% de la saisie de donn\u00e9es effectu\u00e9e automatiquement.<\/p>\n<h3 id=\"t-1629284152208\" style=\"\">\u00c9tape 2 &#8211; Essayer<\/h3>\n<p>02<\/p>\n<p style=\"text-align: left;\">N&rsquo;achetez jamais un logiciel sans l&rsquo;avoir test\u00e9.<a href=\"http:\/\/www.ezyfacture.ch\" target=\"_blank\" rel=\"nofollow noopener\" style=\"outline: none;\">EZYfacture<\/a> propose un plan gratuit (jusqu&rsquo;\u00e0 100 clients). Cr\u00e9ez quelques factures avec EZYfacture. Envoyez-les \u00e0 vous-m\u00eame par e-mail. Constatez l&rsquo;efficacit\u00e9 d&rsquo;EZYfacture et l&rsquo;aspect professionnel des factures.<\/p>\n<h3 id=\"t-1629284152209\" style=\"letter-spacing: 0px;\">\u00c9tape 3 &#8211; Migrer de PostFinance SmartBusiness<\/h3>\n<p>03<\/p>\n<p style=\"text-align: left;\">Sauvegardez vos contacts de Postfinance SmartBusiness et t\u00e9l\u00e9chargez-les dans votre nouveau syst\u00e8me. Il n&rsquo;est pas n\u00e9cessaire d&rsquo;ajouter manuellement les donn\u00e9es.<\/p>\n<p> <strong>Contenus Les Plus Consult\u00e9s<\/strong><\/p>\n<p style=\"\">\n<p>    __CONFIG_colors_palette__{\u00ab\u00a0active_palette\u00a0\u00bb:0,\u00a0\u00bbconfig\u00a0\u00bb:{\u00ab\u00a0colors\u00a0\u00bb:{\u00ab\u00a09bd08\u00a0\u00bb:{\u00ab\u00a0name\u00a0\u00bb:\u00a0\u00bbMain Accent\u00a0\u00bb,\u00a0\u00bbparent\u00a0\u00bb:-1}},\u00a0\u00bbgradients\u00a0\u00bb:[]},\u00a0\u00bbpalettes\u00a0\u00bb:[{\u00ab\u00a0name\u00a0\u00bb:\u00a0\u00bbDefault Palette\u00a0\u00bb,\u00a0\u00bbvalue\u00a0\u00bb:{\u00ab\u00a0colors\u00a0\u00bb:{\u00ab\u00a09bd08\u00a0\u00bb:{\u00ab\u00a0val\u00a0\u00bb:\u00a0\u00bbhsla(var(&#8211;tcb-main-master-h, 210), var(&#8211;tcb-main-master-s, 77%), var(&#8211;tcb-main-master-l, 54%), 1)\u00a0\u00bb}},\u00a0\u00bbgradients\u00a0\u00bb:[]},\u00a0\u00bboriginal\u00a0\u00bb:{\u00ab\u00a0colors\u00a0\u00bb:{\u00ab\u00a09bd08\u00a0\u00bb:{\u00ab\u00a0val\u00a0\u00bb:\u00a0\u00bbrgb(19, 114, 211)\u00a0\u00bb,\u00a0\u00bbhsl\u00a0\u00bb:{\u00ab\u00a0h\u00a0\u00bb:210,\u00a0\u00bbs\u00a0\u00bb:0.83,\u00a0\u00bbl\u00a0\u00bb:0.45}}},\u00a0\u00bbgradients\u00a0\u00bb:[]}}]}__CONFIG_colors_palette__ <a href=\"https:\/\/www.ezycount.ch\/fr\/\" style=\"\" target=\"_blank\" rel=\"noopener\"> <span><span style=\"\">Comptabilit\u00e9<\/span><\/span> <\/a><\/p>\n<p style=\"\">Une solution simple et s\u00e9curis\u00e9e de comptabilit\u00e9 financi\u00e8re et de facturation en ligne.<\/p>\n<p>      __CONFIG_colors_palette__{\u00ab\u00a0active_palette\u00a0\u00bb:0,\u00a0\u00bbconfig\u00a0\u00bb:{\u00ab\u00a0colors\u00a0\u00bb:{\u00ab\u00a09bd08\u00a0\u00bb:{\u00ab\u00a0name\u00a0\u00bb:\u00a0\u00bbMain Accent\u00a0\u00bb,\u00a0\u00bbparent\u00a0\u00bb:-1}},\u00a0\u00bbgradients\u00a0\u00bb:[]},\u00a0\u00bbpalettes\u00a0\u00bb:[{\u00ab\u00a0name\u00a0\u00bb:\u00a0\u00bbDefault Palette\u00a0\u00bb,\u00a0\u00bbvalue\u00a0\u00bb:{\u00ab\u00a0colors\u00a0\u00bb:{\u00ab\u00a09bd08\u00a0\u00bb:{\u00ab\u00a0val\u00a0\u00bb:\u00a0\u00bbhsla(var(&#8211;tcb-main-master-h, 210), var(&#8211;tcb-main-master-s, 77%), var(&#8211;tcb-main-master-l, 54%), 1)\u00a0\u00bb}},\u00a0\u00bbgradients\u00a0\u00bb:[]},\u00a0\u00bboriginal\u00a0\u00bb:{\u00ab\u00a0colors\u00a0\u00bb:{\u00ab\u00a09bd08\u00a0\u00bb:{\u00ab\u00a0val\u00a0\u00bb:\u00a0\u00bbrgb(19, 114, 211)\u00a0\u00bb,\u00a0\u00bbhsl\u00a0\u00bb:{\u00ab\u00a0h\u00a0\u00bb:210,\u00a0\u00bbs\u00a0\u00bb:0.83,\u00a0\u00bbl\u00a0\u00bb:0.45}}},\u00a0\u00bbgradients\u00a0\u00bb:[]}}]}__CONFIG_colors_palette__ <a href=\"https:\/\/www.ezycount.ch\/fr\/comment-organiser-facilement-votre-bureau\/\" style=\"\" target=\"_blank\" rel=\"noopener\"> <span><span style=\"\">Comment ranger et organiser son bureau?<\/span><\/span> <\/a><\/p>\n<p style=\"\">Ranger et organiser son bureau pour \u00eatre plus efficace dans ses t\u00e2ches administratives.<\/p>\n<p>      __CONFIG_colors_palette__{\u00ab\u00a0active_palette\u00a0\u00bb:0,\u00a0\u00bbconfig\u00a0\u00bb:{\u00ab\u00a0colors\u00a0\u00bb:{\u00ab\u00a09bd08\u00a0\u00bb:{\u00ab\u00a0name\u00a0\u00bb:\u00a0\u00bbMain Accent\u00a0\u00bb,\u00a0\u00bbparent\u00a0\u00bb:-1}},\u00a0\u00bbgradients\u00a0\u00bb:[]},\u00a0\u00bbpalettes\u00a0\u00bb:[{\u00ab\u00a0name\u00a0\u00bb:\u00a0\u00bbDefault Palette\u00a0\u00bb,\u00a0\u00bbvalue\u00a0\u00bb:{\u00ab\u00a0colors\u00a0\u00bb:{\u00ab\u00a09bd08\u00a0\u00bb:{\u00ab\u00a0val\u00a0\u00bb:\u00a0\u00bbhsla(var(&#8211;tcb-main-master-h, 210), var(&#8211;tcb-main-master-s, 77%), var(&#8211;tcb-main-master-l, 54%), 1)\u00a0\u00bb}},\u00a0\u00bbgradients\u00a0\u00bb:[]},\u00a0\u00bboriginal\u00a0\u00bb:{\u00ab\u00a0colors\u00a0\u00bb:{\u00ab\u00a09bd08\u00a0\u00bb:{\u00ab\u00a0val\u00a0\u00bb:\u00a0\u00bbrgb(19, 114, 211)\u00a0\u00bb,\u00a0\u00bbhsl\u00a0\u00bb:{\u00ab\u00a0h\u00a0\u00bb:210,\u00a0\u00bbs\u00a0\u00bb:0.83,\u00a0\u00bbl\u00a0\u00bb:0.45}}},\u00a0\u00bbgradients\u00a0\u00bb:[]}}]}__CONFIG_colors_palette__ <a href=\"https:\/\/www.ezycount.ch\/fr\/comment-creer-une-facture-legale-en-suisse\/\" style=\"\"> <span><span style=\"\">Facturation suisse<\/span><\/span> <\/a><\/p>\n<p style=\"\">Retrouvez toutes les informations n\u00e9cessaires pour cr\u00e9er des factures suisses conformes et compl\u00e8tes.<\/p>\n<p>      __CONFIG_colors_palette__{\u00ab\u00a0active_palette\u00a0\u00bb:0,\u00a0\u00bbconfig\u00a0\u00bb:{\u00ab\u00a0colors\u00a0\u00bb:{\u00ab\u00a09bd08\u00a0\u00bb:{\u00ab\u00a0name\u00a0\u00bb:\u00a0\u00bbMain Accent\u00a0\u00bb,\u00a0\u00bbparent\u00a0\u00bb:-1}},\u00a0\u00bbgradients\u00a0\u00bb:[]},\u00a0\u00bbpalettes\u00a0\u00bb:[{\u00ab\u00a0name\u00a0\u00bb:\u00a0\u00bbDefault Palette\u00a0\u00bb,\u00a0\u00bbvalue\u00a0\u00bb:{\u00ab\u00a0colors\u00a0\u00bb:{\u00ab\u00a09bd08\u00a0\u00bb:{\u00ab\u00a0val\u00a0\u00bb:\u00a0\u00bbhsla(var(&#8211;tcb-main-master-h, 210), var(&#8211;tcb-main-master-s, 77%), var(&#8211;tcb-main-master-l, 54%), 1)\u00a0\u00bb}},\u00a0\u00bbgradients\u00a0\u00bb:[]},\u00a0\u00bboriginal\u00a0\u00bb:{\u00ab\u00a0colors\u00a0\u00bb:{\u00ab\u00a09bd08\u00a0\u00bb:{\u00ab\u00a0val\u00a0\u00bb:\u00a0\u00bbrgb(19, 114, 211)\u00a0\u00bb,\u00a0\u00bbhsl\u00a0\u00bb:{\u00ab\u00a0h\u00a0\u00bb:210,\u00a0\u00bbs\u00a0\u00bb:0.83,\u00a0\u00bbl\u00a0\u00bb:0.45}}},\u00a0\u00bbgradients\u00a0\u00bb:[]}}]}__CONFIG_colors_palette__ <a href=\"https:\/\/www.ezycount.ch\/fr\/startup-valuation-model-free-excel\/\" style=\"\" target=\"_blank\" rel=\"noopener\"> <span><span style=\"\">Valorisation de la startup<\/span><\/span> <\/a><\/p>\n<p style=\"\">Mod\u00e8le Excel gratuit pour calculer la valeur de votre startup lorsqu&rsquo;elle ne fait pas encore de b\u00e9n\u00e9fices ou tr\u00e8s peu.<\/p>\n<p>  __CONFIG_group_edit__{\u00ab\u00a0kbjp1vpj\u00a0\u00bb:{\u00ab\u00a0name\u00a0\u00bb:\u00a0\u00bbAll Logo(s)\u00a0\u00bb,\u00a0\u00bbsingular\u00a0\u00bb:\u00a0\u00bb&#8211; Logo %s\u00a0\u00bb},\u00a0\u00bbkbjp1xfn\u00a0\u00bb:{\u00ab\u00a0name\u00a0\u00bb:\u00a0\u00bbAll Title(s)\u00a0\u00bb,\u00a0\u00bbsingular\u00a0\u00bb:\u00a0\u00bb&#8211; Text %s\u00a0\u00bb},\u00a0\u00bbkbjp22kc\u00a0\u00bb:{\u00ab\u00a0name\u00a0\u00bb:\u00a0\u00bbAll Paragraph(s)\u00a0\u00bb,\u00a0\u00bbsingular\u00a0\u00bb:\u00a0\u00bb&#8211; Text %s\u00a0\u00bb},\u00a0\u00bbkbjp2ag5&Prime;:{\u00ab\u00a0name\u00a0\u00bb:\u00a0\u00bbAll Read Review Button(s)\u00a0\u00bb,\u00a0\u00bbsingular\u00a0\u00bb:\u00a0\u00bb&#8211; Button %s\u00a0\u00bb},\u00a0\u00bbkbjp3xj6&Prime;:{\u00ab\u00a0name\u00a0\u00bb:\u00a0\u00bbAll Visit Website Button(s)\u00a0\u00bb,\u00a0\u00bbsingular\u00a0\u00bb:\u00a0\u00bb&#8211; Button %s\u00a0\u00bb},\u00a0\u00bbkbjp44dp\u00a0\u00bb:{\u00ab\u00a0name\u00a0\u00bb:\u00a0\u00bbAll Buttons Column(s)\u00a0\u00bb,\u00a0\u00bbsingular\u00a0\u00bb:\u00a0\u00bb&#8211; Column %s\u00a0\u00bb},\u00a0\u00bbkbjp4d43&Prime;:{\u00ab\u00a0name\u00a0\u00bb:\u00a0\u00bbAll Text Column(s)\u00a0\u00bb,\u00a0\u00bbsingular\u00a0\u00bb:\u00a0\u00bb&#8211; Column %s\u00a0\u00bb},\u00a0\u00bbkbjp4k9i\u00a0\u00bb:{\u00ab\u00a0name\u00a0\u00bb:\u00a0\u00bbAll Content Box(s)\u00a0\u00bb,\u00a0\u00bbsingular\u00a0\u00bb:\u00a0\u00bb&#8211; Content Box %s\u00a0\u00bb},\u00a0\u00bbkbjp4mck\u00a0\u00bb:{\u00ab\u00a0name\u00a0\u00bb:\u00a0\u00bbAll Content Box(s)\u00a0\u00bb,\u00a0\u00bbsingular\u00a0\u00bb:\u00a0\u00bb&#8211; Content Box %s\u00a0\u00bb}}__CONFIG_group_edit____CONFIG_local_colors__{\u00ab\u00a0colors\u00a0\u00bb:{},\u00a0\u00bbgradients\u00a0\u00bb:{}}__CONFIG_local_colors__   <span style=\"\"><img decoding=\"async\" alt=\"Retrouver le plaisir de faire votre comptabilit\u00e9 avec EZYcount\" data-id=\"11311\" width=\"254\" data-init-width=\"600\" height=\"169\" data-init-height=\"400\" title=\"Retrouver le plaisir de faire votre comptabilit\u00e9 avec EZYcount\" loading=\"lazy\" src=\"https:\/\/www.ezycount.ch\/wp-content\/uploads\/2021\/04\/retrouver-le-plaisir-de-faire-votre-comptabilite-avec-EZYcount.jpg\" data-width=\"254\" data-height=\"169\" style=\"\" mt-d=\"0\"><\/span><\/p>\n<h6 style=\"\">Vous cherchez une solution simple de comptabilit\u00e9 suisse? EZYcount est pour vous<\/h6>\n<h4 id=\"t-1629284152210\" style=\"letter-spacing: 0px;\">\u00c9tape 3a &#8211; Exportation des donn\u00e9es de PostFinance SmartBusiness<\/h4>\n<p>04<\/p>\n<ul>\n<li><span>Entrez sur votre Smartbusiness de Postfinance<\/span><\/li>\n<li><span>Allez dans Contacts et Exportation de donn\u00e9es<\/span><\/li>\n<li><span>S\u00e9lectionnez le type d&rsquo;exportation : Contacts<\/span><\/li>\n<li><span>S\u00e9lectionnez informations suppl\u00e9mentaires ou avancez<\/span><\/li>\n<li><span>S\u00e9lectionnez le format d&rsquo;exportation : CSV<\/span><\/li>\n<\/ul>\n<h4 id=\"t-1629284152211\" style=\"letter-spacing: 0px;\">\u00c9tape 3b &#8211; Pr\u00e9paration des donn\u00e9es pour l&rsquo;importation<\/h4>\n<p>05<\/p>\n<p style=\"text-align: left;\">Chaque syst\u00e8me a une configuration et une structure diff\u00e9rente. Votre fichier CSV de Postfinance doit avoir la m\u00eame structure que votre nouveau syst\u00e8me.Modifiez les colonnes pour la nouvelle structure. Ne vous inqui\u00e9tez pas, c&rsquo;est facile \u00e0 faire.<\/p>\n<h4 id=\"t-1629284152212\" style=\"letter-spacing: 0px;\">\u00c9tape 3c &#8211; Importation des donn\u00e9es<\/h4>\n<p>06<\/p>\n<p style=\"text-align: left;\">Chargez votre fichier CSV dans le programme de facturation et commencez \u00e0 travailler.<\/p>\n<h4 id=\"t-1629286699748\" style=\"text-align: left;\">Comment importer vos contacts dans EZYfacture ?<\/h4>\n<ul>\n<li><span>Connectez-vous \u00e0 votre nouveau syst\u00e8me<\/span><\/li>\n<li><span>Sous param\u00e8tres, allez sous importer\/exporter<\/span><\/li>\n<li><span>Trouvez \u00ab\u00a0importer un contact\u00a0\u00bb.<\/span><\/li>\n<li><span>S\u00e9lectionnez le bon document CSV<\/span><\/li>\n<li><span>T\u00e9l\u00e9charger le document dans EZYfacture<\/span><\/li>\n<li><span>Sauvegarder<\/span><\/li>\n<\/ul>\n<p style=\"text-align: center;\">Vous avez besoin d&rsquo;une aide suppl\u00e9mentaire ?Envoyez un email \u00e0 support@ezycount.ch.Nous sommes l\u00e0 pour vous aider.<\/p>\n<h4 style=\"\" id=\"t-1628147997869\" data-hide=\"true\">Simple et digital<\/h4>\n<p style=\"line-height: 1.75em !important;\">Pas de maux de t\u00eate, juste une facturation facile avec une interface moderne et intuitive.<\/p>\n<h4 style=\"\" data-hide=\"true\">Convertir l&rsquo;offre en facture<\/h4>\n<p style=\"line-height: 1.75em !important;\">Convertir en un seul clic une offre accept\u00e9e en une facture<\/p>\n<h4 style=\"\" id=\"t-1628234574245\" data-hide=\"true\">Factures r\u00e9currentes<\/h4>\n<p style=\"line-height: 1.75em !important;\">G\u00e9rez vos abonnements gr\u00e2ce au syst\u00e8me de factures r\u00e9currentes.<\/p>\n<h4 style=\"\" id=\"t-1628234574247\" data-hide=\"true\">TVA Suisse<\/h4>\n<p style=\"line-height: 1.75em !important;\">TVA suisse incluse. Facture avec ou sans TVA.<\/p>\n<h4 style=\"\" data-hide=\"true\">Soyez pay\u00e9 plus rapidement<\/h4>\n<p style=\"line-height: 1.75em !important;\">Laissez les clients payer par virement bancaire, facture QR, Paypal ou m\u00eame Bitcoin.<\/p>\n<h4 style=\"\" id=\"t-1628147997870\" data-hide=\"true\">Facture en PDF<\/h4>\n<p style=\"line-height: 1.75em !important;\">Aper\u00e7u instantan\u00e9 de la version PDF d&rsquo;une facture au moment o\u00f9 elle est r\u00e9dig\u00e9e.<\/p>\n<h4 style=\"\" id=\"t-1628234574246\" data-hide=\"true\">Monnaies multiples<\/h4>\n<p>Factures en CHF ou EUR ou USD ou tous les deux.<\/p>\n<h4 style=\"\" id=\"t-1628147997868\" data-hide=\"true\">Connecter EZYcount<\/h4>\n<p>Connectez EZYfacture avec la solution comptable EZYcount pour automatiser 85% de vos t\u00e2ches administratives.<\/p>\n<h4 id=\"t-1628234574249\" style=\"color: rgb(245, 168, 28) !important; --tcb-applied-color:rgb(245, 168, 28)  !important;\" data-hide=\"true\">Essayez l&rsquo;application gratuitement<\/h4>\n<p>Simple \u00e0 utiliser et efficace.<\/p>\n<p><a href=\"http:\/\/www.ezyfacture.ch\" target=\"_blank\" rel=\"noopener\"><\/a><\/p>\n<h2 style=\"\" id=\"t-1629286699746\">FAQ<\/h2>\n","protected":false},"excerpt":{"rendered":"<p>La meilleure alternative \u00e0 PostFinance SmartBusiness ? Le programme de facturation PostFinance SmartBusiness n&rsquo;est plus disponible Le programme de facturation SmartBusiness sera ferm\u00e9 le 1er novembre 2021. Vous ne pourrez plus cr\u00e9er de nouvelles factures avec ce syst\u00e8me de facturation apr\u00e8s cette date. Cependant, vous souhaitez continuer \u00e0 envoyer des factures \u00e0 vos clients. Nous [&hellip;]<\/p>\n","protected":false},"author":4,"featured_media":0,"parent":0,"menu_order":0,"comment_status":"closed","ping_status":"closed","template":"","meta":{"footnotes":""},"class_list":["post-15483","page","type-page","status-publish","hentry","post-wrapper","thrv_wrapper"],"yoast_head":"<!-- This site is optimized with the Yoast SEO plugin v25.3 - https:\/\/yoast.com\/wordpress\/plugins\/seo\/ -->\n<title>La meilleure alternative \u00e0 PostFinance SmartBusiness ? - EZYcount<\/title>\n<meta name=\"description\" content=\"PostFinance SmartBusiness sera ferm\u00e9 le 1er novembre. Nous avons la bonne alternative pour vous avec des fonctionnalit\u00e9s similaires.\" \/>\n<meta name=\"robots\" content=\"index, follow, max-snippet:-1, max-image-preview:large, max-video-preview:-1\" \/>\n<link rel=\"canonical\" href=\"https:\/\/www.ezycount.ch\/fr\/la-meilleure-alternative-a-postfinance-smartbusiness\/\" \/>\n<meta property=\"og:locale\" content=\"fr_FR\" \/>\n<meta property=\"og:type\" content=\"article\" \/>\n<meta property=\"og:title\" content=\"La meilleure alternative \u00e0 PostFinance SmartBusiness ? - EZYcount\" \/>\n<meta property=\"og:description\" content=\"PostFinance SmartBusiness sera ferm\u00e9 le 1er novembre. Nous avons la bonne alternative pour vous avec des fonctionnalit\u00e9s similaires.\" \/>\n<meta property=\"og:url\" content=\"https:\/\/www.ezycount.ch\/fr\/la-meilleure-alternative-a-postfinance-smartbusiness\/\" \/>\n<meta property=\"og:site_name\" content=\"EZYcount\" \/>\n<meta property=\"article:modified_time\" content=\"2021-09-03T08:40:30+00:00\" \/>\n<meta property=\"og:image\" content=\"https:\/\/www.ezycount.ch\/wp-content\/uploads\/2021\/04\/retrouver-le-plaisir-de-faire-votre-comptabilite-avec-EZYcount.jpg\" \/>\n<meta name=\"twitter:card\" content=\"summary_large_image\" \/>\n<meta name=\"twitter:label1\" content=\"Dur\u00e9e de lecture estim\u00e9e\" \/>\n\t<meta name=\"twitter:data1\" content=\"4 minutes\" \/>\n<script type=\"application\/ld+json\" class=\"yoast-schema-graph\">{\"@context\":\"https:\/\/schema.org\",\"@graph\":[{\"@type\":\"WebPage\",\"@id\":\"https:\/\/www.ezycount.ch\/fr\/la-meilleure-alternative-a-postfinance-smartbusiness\/\",\"url\":\"https:\/\/www.ezycount.ch\/fr\/la-meilleure-alternative-a-postfinance-smartbusiness\/\",\"name\":\"La meilleure alternative \u00e0 PostFinance SmartBusiness ? - EZYcount\",\"isPartOf\":{\"@id\":\"https:\/\/www.ezycount.ch\/fr\/#website\"},\"primaryImageOfPage\":{\"@id\":\"https:\/\/www.ezycount.ch\/fr\/la-meilleure-alternative-a-postfinance-smartbusiness\/#primaryimage\"},\"image\":{\"@id\":\"https:\/\/www.ezycount.ch\/fr\/la-meilleure-alternative-a-postfinance-smartbusiness\/#primaryimage\"},\"thumbnailUrl\":\"https:\/\/www.ezycount.ch\/wp-content\/uploads\/2021\/04\/retrouver-le-plaisir-de-faire-votre-comptabilite-avec-EZYcount.jpg\",\"datePublished\":\"2021-08-30T13:39:20+00:00\",\"dateModified\":\"2021-09-03T08:40:30+00:00\",\"description\":\"PostFinance SmartBusiness sera ferm\u00e9 le 1er novembre. Nous avons la bonne alternative pour vous avec des fonctionnalit\u00e9s similaires.\",\"breadcrumb\":{\"@id\":\"https:\/\/www.ezycount.ch\/fr\/la-meilleure-alternative-a-postfinance-smartbusiness\/#breadcrumb\"},\"inLanguage\":\"fr-FR\",\"potentialAction\":[{\"@type\":\"ReadAction\",\"target\":[\"https:\/\/www.ezycount.ch\/fr\/la-meilleure-alternative-a-postfinance-smartbusiness\/\"]}]},{\"@type\":\"ImageObject\",\"inLanguage\":\"fr-FR\",\"@id\":\"https:\/\/www.ezycount.ch\/fr\/la-meilleure-alternative-a-postfinance-smartbusiness\/#primaryimage\",\"url\":\"https:\/\/www.ezycount.ch\/wp-content\/uploads\/2021\/04\/retrouver-le-plaisir-de-faire-votre-comptabilite-avec-EZYcount.jpg\",\"contentUrl\":\"https:\/\/www.ezycount.ch\/wp-content\/uploads\/2021\/04\/retrouver-le-plaisir-de-faire-votre-comptabilite-avec-EZYcount.jpg\"},{\"@type\":\"BreadcrumbList\",\"@id\":\"https:\/\/www.ezycount.ch\/fr\/la-meilleure-alternative-a-postfinance-smartbusiness\/#breadcrumb\",\"itemListElement\":[{\"@type\":\"ListItem\",\"position\":1,\"name\":\"Home\",\"item\":\"https:\/\/www.ezycount.ch\/fr\/\"},{\"@type\":\"ListItem\",\"position\":2,\"name\":\"La meilleure alternative \u00e0 PostFinance SmartBusiness ?\"}]},{\"@type\":\"WebSite\",\"@id\":\"https:\/\/www.ezycount.ch\/fr\/#website\",\"url\":\"https:\/\/www.ezycount.ch\/fr\/\",\"name\":\"EZYcount\",\"description\":\"Simplifiez votre comptabilit\u00e9 et gagnez du temps\",\"potentialAction\":[{\"@type\":\"SearchAction\",\"target\":{\"@type\":\"EntryPoint\",\"urlTemplate\":\"https:\/\/www.ezycount.ch\/fr\/?s={search_term_string}\"},\"query-input\":{\"@type\":\"PropertyValueSpecification\",\"valueRequired\":true,\"valueName\":\"search_term_string\"}}],\"inLanguage\":\"fr-FR\"}]}<\/script>\n<!-- \/ Yoast SEO plugin. -->","yoast_head_json":{"title":"La meilleure alternative \u00e0 PostFinance SmartBusiness ? - EZYcount","description":"PostFinance SmartBusiness sera ferm\u00e9 le 1er novembre. Nous avons la bonne alternative pour vous avec des fonctionnalit\u00e9s similaires.","robots":{"index":"index","follow":"follow","max-snippet":"max-snippet:-1","max-image-preview":"max-image-preview:large","max-video-preview":"max-video-preview:-1"},"canonical":"https:\/\/www.ezycount.ch\/fr\/la-meilleure-alternative-a-postfinance-smartbusiness\/","og_locale":"fr_FR","og_type":"article","og_title":"La meilleure alternative \u00e0 PostFinance SmartBusiness ? - EZYcount","og_description":"PostFinance SmartBusiness sera ferm\u00e9 le 1er novembre. Nous avons la bonne alternative pour vous avec des fonctionnalit\u00e9s similaires.","og_url":"https:\/\/www.ezycount.ch\/fr\/la-meilleure-alternative-a-postfinance-smartbusiness\/","og_site_name":"EZYcount","article_modified_time":"2021-09-03T08:40:30+00:00","og_image":[{"url":"https:\/\/www.ezycount.ch\/wp-content\/uploads\/2021\/04\/retrouver-le-plaisir-de-faire-votre-comptabilite-avec-EZYcount.jpg","type":"","width":"","height":""}],"twitter_card":"summary_large_image","twitter_misc":{"Dur\u00e9e de lecture estim\u00e9e":"4 minutes"},"schema":{"@context":"https:\/\/schema.org","@graph":[{"@type":"WebPage","@id":"https:\/\/www.ezycount.ch\/fr\/la-meilleure-alternative-a-postfinance-smartbusiness\/","url":"https:\/\/www.ezycount.ch\/fr\/la-meilleure-alternative-a-postfinance-smartbusiness\/","name":"La meilleure alternative \u00e0 PostFinance SmartBusiness ? - EZYcount","isPartOf":{"@id":"https:\/\/www.ezycount.ch\/fr\/#website"},"primaryImageOfPage":{"@id":"https:\/\/www.ezycount.ch\/fr\/la-meilleure-alternative-a-postfinance-smartbusiness\/#primaryimage"},"image":{"@id":"https:\/\/www.ezycount.ch\/fr\/la-meilleure-alternative-a-postfinance-smartbusiness\/#primaryimage"},"thumbnailUrl":"https:\/\/www.ezycount.ch\/wp-content\/uploads\/2021\/04\/retrouver-le-plaisir-de-faire-votre-comptabilite-avec-EZYcount.jpg","datePublished":"2021-08-30T13:39:20+00:00","dateModified":"2021-09-03T08:40:30+00:00","description":"PostFinance SmartBusiness sera ferm\u00e9 le 1er novembre. Nous avons la bonne alternative pour vous avec des fonctionnalit\u00e9s similaires.","breadcrumb":{"@id":"https:\/\/www.ezycount.ch\/fr\/la-meilleure-alternative-a-postfinance-smartbusiness\/#breadcrumb"},"inLanguage":"fr-FR","potentialAction":[{"@type":"ReadAction","target":["https:\/\/www.ezycount.ch\/fr\/la-meilleure-alternative-a-postfinance-smartbusiness\/"]}]},{"@type":"ImageObject","inLanguage":"fr-FR","@id":"https:\/\/www.ezycount.ch\/fr\/la-meilleure-alternative-a-postfinance-smartbusiness\/#primaryimage","url":"https:\/\/www.ezycount.ch\/wp-content\/uploads\/2021\/04\/retrouver-le-plaisir-de-faire-votre-comptabilite-avec-EZYcount.jpg","contentUrl":"https:\/\/www.ezycount.ch\/wp-content\/uploads\/2021\/04\/retrouver-le-plaisir-de-faire-votre-comptabilite-avec-EZYcount.jpg"},{"@type":"BreadcrumbList","@id":"https:\/\/www.ezycount.ch\/fr\/la-meilleure-alternative-a-postfinance-smartbusiness\/#breadcrumb","itemListElement":[{"@type":"ListItem","position":1,"name":"Home","item":"https:\/\/www.ezycount.ch\/fr\/"},{"@type":"ListItem","position":2,"name":"La meilleure alternative \u00e0 PostFinance SmartBusiness ?"}]},{"@type":"WebSite","@id":"https:\/\/www.ezycount.ch\/fr\/#website","url":"https:\/\/www.ezycount.ch\/fr\/","name":"EZYcount","description":"Simplifiez votre comptabilit\u00e9 et gagnez du temps","potentialAction":[{"@type":"SearchAction","target":{"@type":"EntryPoint","urlTemplate":"https:\/\/www.ezycount.ch\/fr\/?s={search_term_string}"},"query-input":{"@type":"PropertyValueSpecification","valueRequired":true,"valueName":"search_term_string"}}],"inLanguage":"fr-FR"}]}},"_links":{"self":[{"href":"https:\/\/www.ezycount.ch\/fr\/wp-json\/wp\/v2\/pages\/15483","targetHints":{"allow":["GET"]}}],"collection":[{"href":"https:\/\/www.ezycount.ch\/fr\/wp-json\/wp\/v2\/pages"}],"about":[{"href":"https:\/\/www.ezycount.ch\/fr\/wp-json\/wp\/v2\/types\/page"}],"author":[{"embeddable":true,"href":"https:\/\/www.ezycount.ch\/fr\/wp-json\/wp\/v2\/users\/4"}],"replies":[{"embeddable":true,"href":"https:\/\/www.ezycount.ch\/fr\/wp-json\/wp\/v2\/comments?post=15483"}],"version-history":[{"count":34,"href":"https:\/\/www.ezycount.ch\/fr\/wp-json\/wp\/v2\/pages\/15483\/revisions"}],"predecessor-version":[{"id":15568,"href":"https:\/\/www.ezycount.ch\/fr\/wp-json\/wp\/v2\/pages\/15483\/revisions\/15568"}],"wp:attachment":[{"href":"https:\/\/www.ezycount.ch\/fr\/wp-json\/wp\/v2\/media?parent=15483"}],"curies":[{"name":"wp","href":"https:\/\/api.w.org\/{rel}","templated":true}]}}