{"id":15816,"date":"2021-11-04T01:32:47","date_gmt":"2021-11-04T00:32:47","guid":{"rendered":"https:\/\/www.ezycount.ch\/?page_id=15816"},"modified":"2021-11-09T04:51:26","modified_gmt":"2021-11-09T03:51:26","slug":"quelle-est-la-definition-de-la-comptabilite","status":"publish","type":"page","link":"https:\/\/www.ezycount.ch\/fr\/quelle-est-la-definition-de-la-comptabilite\/","title":{"rendered":"Quelle est la d\u00e9finition de la comptabilit\u00e9?"},"content":{"rendered":"<h1 style=\"color: var(--tcb-color-0)  !important; --tcb-applied-color:var$(--tcb-color-0)  !important;\">Qu&rsquo;est-ce que la comptabilit\u00e9 ?<\/h1>\n<p style=\"\"><span data-preserver-spaces=\"true\" style=\"\">La comptabilit\u00e9 est le processus d&rsquo;enregistrement et d&rsquo;organisation syst\u00e9matique des donn\u00e9es financi\u00e8res. Elle peut concerner un individu, une entreprise ou tout autre type d&rsquo;organisation. Elle garantit que les informations financi\u00e8res sont compl\u00e8tes, \u00e0 jour et accessibles.<\/span><\/p>\n<p><span style=\"\"><img decoding=\"async\" alt=\"\" data-id=\"15590\" width=\"336\" height=\"352\" title=\"adeolu-eletu-unRkg2jH1j0-unsplash\" src=\"https:\/\/www.ezycount.ch\/wp-content\/uploads\/2021\/09\/adeolu-eletu-unRkg2jH1j0-unsplash-scaled-e1632920724820.jpg\" style=\"\" ml-d=\"0\" data-width=\"336\" data-height=\"352\" data-init-width=\"1619\" data-init-height=\"1696\" mt-d=\"-2.5160000000000196\" loading=\"lazy\"><\/span><\/p>\n<h2 style=\"color: rgb(245, 168, 28) !important; --tcb-applied-color:rgb(245, 168, 28)  !important;\" id=\"t-1632989388651\">Pourquoi la comptabilit\u00e9 est-elle importante?<\/h2>\n<p><span data-preserver-spaces=\"true\">La comptabilit\u00e9 est un sujet toujours d&rsquo;actualit\u00e9, car, sans elle, les entreprises ne peuvent tout simplement pas fonctionner. Le flux d&rsquo;argent d\u00e9termine si une entreprise peut ou non devenir suffisamment prosp\u00e8re. Il ne sert \u00e0 rien d&rsquo;avoir beaucoup de contacts et une excellente gestion si vous n&rsquo;avez pas le bon montant de revenus et de flux de capitaux. La comptabilit\u00e9 joue un r\u00f4le essentiel dans ce flux.La comptabilit\u00e9 permet de suivre les revenus et les d\u00e9penses, de garantir la l\u00e9galit\u00e9 et de fournir aux propri\u00e9taires et aux investisseurs des informations financi\u00e8res pour prendre des d\u00e9cisions commerciales.D&rsquo;autre part, il est n\u00e9cessaire de tenir une comptabilit\u00e9 car chaque entreprise doit pr\u00e9parer un \u00e9tat financier annuel. Il doit comprendre le compte de r\u00e9sultat et le bilan. Ces documents doivent refl\u00e9ter les actifs et les r\u00e9sultats de l&rsquo;entreprise, \u00e9valu\u00e9s le plus pr\u00e9cis\u00e9ment possible. En bref, sans une comptabilit\u00e9 pr\u00e9cise et rigoureuse, il serait difficile de produire de tels documents. <\/span><\/p>\n<h3 id=\"t-1632989388652\" style=\"\">Qui a besoin de la comptabilit\u00e9?<\/h3>\n<p>Tous les types d&rsquo;entreprises sont oblig\u00e9s de faire de la comptabilit\u00e9. Par exemple, les entreprises individuelles, les ind\u00e9pendants, les petites entreprises, les moyennes entreprises, les multinationales, etc&#8230;<\/p>\n<h3 id=\"t-1632989388653\" style=\"color: rgb(245, 168, 28) !important; --tcb-applied-color:rgb(245, 168, 28)  !important;\">Ce qu&rsquo;il faut inclure<\/h3>\n<p>Chaque \u00e9v\u00e9nement qui s&rsquo;est produit et a eu lieu dans la vie de l&rsquo;entreprise. Les recettes et les paiements (par exemple, les factures, les entr\u00e9es et les sorties d&rsquo;argent, les relev\u00e9s bancaires, etc.), et tous les autres \u00e9v\u00e9nements (par exemple, les contrats, les stocks, etc.)Enfin, l&rsquo;entreprise doit apporter la preuve que ces \u00e9v\u00e9nements ont eu lieu au moyen de pi\u00e8ces justificatives comportant des \u00e9l\u00e9ments obligatoires tels que des re\u00e7us.L&rsquo;entreprise doit ensuite conserver ces pi\u00e8ces justificatives en cas de contr\u00f4le par les autorit\u00e9s f\u00e9d\u00e9rales. Les \u00e9critures et les notes doivent correspondre et se soutenir mutuellement.<\/p>\n<h3 id=\"t-1632989388654\" style=\"\">Qu&rsquo;est-ce qu&rsquo;un re\u00e7u?<\/h3>\n<p>Un re\u00e7u (note, facture) est un document cr\u00e9\u00e9 pour enregistrer un \u00e9v\u00e9nement\/une transaction financi\u00e8re. Par exemple, lorsqu&rsquo;une entreprise vend quelque chose et \u00e9met une facture ou lorsqu&rsquo;une personne d\u00e9pose de l&rsquo;argent \u00e0 la banque et re\u00e7oit un re\u00e7u comme preuve.<\/p>\n<h3 id=\"t-1632989388659\" style=\"\">Ai-je besoin d&rsquo;un comptable en Suisse?<\/h3>\n<p>Vous n&rsquo;avez pas besoin d&rsquo;un comptable en Suisse. En Suisse, il est l\u00e9gal de faire une comptabilit\u00e9 simplifi\u00e9e qui ne comprend que les recettes, les d\u00e9penses et les actifs si le chiffre d&rsquo;affaires ne d\u00e9passe pas CHF 500&rsquo;000.<\/p>\n<h3 id=\"t-1632989388660\" style=\"\"><strong>Exigences en mati\u00e8re de comptabilit\u00e9<\/strong><\/h3>\n<h4 style=\"\" id=\"t-1632989388661\">Principes<\/h4>\n<p style=\"\">La comptabilit\u00e9 est tenue conform\u00e9\u00adment au principe de r\u00e9gularit\u00e9, qui comprend notamment:<\/p>\n<ol>\n<li style=\"\">l\u2019enregistrement int\u00e9gral, fid\u00e8le et syst\u00e9matique des transactions et des autres faits n\u00e9cessaires au sens de l\u2019al. 1;<\/li>\n<li style=\"\">la justification de chaque enregistrement par une pi\u00e8ce comptable;<\/li>\n<li style=\"\">la clart\u00e9;<\/li>\n<li style=\"\">l\u2019adaptation \u00e0 la nature et \u00e0 la taille de l\u2019entreprise;<\/li>\n<li style=\"\">la tra\u00e7abilit\u00e9 des enregis\u00adtrements comptables.<\/li>\n<\/ol>\n<p style=\"text-align: right;\">Article 957a(2) CO<\/p>\n<h4 style=\"color: var(--tcb-color-0)  !important; --tcb-applied-color:var$(--tcb-color-0)  !important;\" id=\"t-1632989388662\">Conservation des documents<\/h4>\n<p style=\"\"><sup><\/sup>On entend par pi\u00e8ce comp\u00adtable tout document \u00e9crit, \u00e9tabli sur support papier, sur support \u00e9lectronique ou sous toute forme \u00e9quivalente, qui permet la v\u00e9rification de la transaction ou du fait qui est l\u2019objet de l\u2019enregistrement.<\/p>\n<p style=\"text-align: right;\">Article 957a(3) CO&nbsp;<\/p>\n<h4 style=\"color: var(--tcb-color-0)  !important; --tcb-applied-color:var$(--tcb-color-0)  !important;\" id=\"t-1632989388663\">Langue<\/h4>\n<p style=\"\"><sup><\/sup>Elle est tenue dans l\u2019une des langues nationales ou en anglais. Elle peut \u00eatre \u00e9tablie sur support papier, sur support \u00e9lectronique ou sous toute forme \u00e9quivalente.<\/p>\n<p style=\"text-align: right;\">Article 957a(5) CO&nbsp;<\/p>\n<h4 style=\"\" id=\"t-1632989388664\">Monnaie<\/h4>\n<p>La comptabilit\u00e9 est tenue dans la monnaie nationale ou dans la monnaie la plus importante au regard des activit\u00e9s de l\u2019entreprise.<\/p>\n<p style=\"text-align: right;\">Article 957a(4) CO&nbsp;<\/p>\n<h3 id=\"t-1632989388666\" style=\"text-align: left;\">Comment commencer ?<\/h3>\n<h4 style=\"text-align: left; padding-bottom: 0px !important; margin-bottom: 0px !important; color: var(--tcb-color-0)  !important; --tcb-applied-color:var$(--tcb-color-0)  !important;\" id=\"t-1632989388667\">Nouveau ? Commencez ici !<\/h4>\n<p style=\"\">Apprenez et d\u00e9marrez votre comptabilit\u00e9 le plus rapidement possible. <a href=\"https:\/\/www.ezycount.ch\/fr\/comment-apprendre-la-comptabilite-en-7-jours\/\" target=\"_blank\" style=\"outline: none;\" rel=\"noopener\">Session vid\u00e9o de 7 jours<\/a> : chaque jour, une vid\u00e9o, avec un sujet sp\u00e9cifique pour d\u00e9marrer votre comptabilit\u00e9.<\/p>\n<h4 style=\"text-align: left; color: var(--tcb-color-0)  !important; --tcb-applied-color:var$(--tcb-color-0)  !important;\" id=\"t-1632989388670\">Collecter plus d&rsquo;informations<\/h4>\n<p style=\"text-align: left;\">Visitez nos <a href=\"https:\/\/www.ezycount.ch\/fr\/ressources-gratuites\/\" target=\"_blank\" style=\"outline: none;\" rel=\"noopener\">pages de ressources<\/a> et approfondissez ce sujet. N&rsquo;h\u00e9sitez pas \u00e0 demander \u00e0 notre \u00e9quipe si vous avez d&rsquo;autres questions sur la comptabilit\u00e9.<\/p>\n<h4 style=\"text-align: left; color: var(--tcb-color-0)  !important; --tcb-applied-color:var$(--tcb-color-0)  !important;\" id=\"t-1632989388669\">Utiliser des outils<\/h4>\n<p style=\"text-align: left;\">Essayez de faire votre comptabilit\u00e9 \u00e0 l&rsquo;aide d&rsquo;un <a href=\"https:\/\/www.ezycount.ch\/fr\/comment-faire-de-la-comptabilite-sur-excel\/\" target=\"_blank\" style=\"outline: none;\" rel=\"noopener\">fichier excel <\/a>ou inscrivez-vous pour un <a href=\"http:\/\/www.ezycount.ch\" target=\"_blank\" style=\"outline: none;\" rel=\"noopener\">essai gratuit<\/a> sur EZYcount et obtenez une aide personnalis\u00e9e si n\u00e9cessaire.<\/p>\n<p>  <span style=\"\"><img decoding=\"async\" alt=\"Retrouver le plaisir de faire votre comptabilit\u00e9 avec EZYcount\" data-id=\"11311\" width=\"254\" data-init-width=\"600\" height=\"169\" data-init-height=\"400\" title=\"Retrouver le plaisir de faire votre comptabilit\u00e9 avec EZYcount\" loading=\"lazy\" src=\"https:\/\/www.ezycount.ch\/wp-content\/uploads\/2021\/04\/retrouver-le-plaisir-de-faire-votre-comptabilite-avec-EZYcount.jpg\" data-width=\"254\" data-height=\"169\" style=\"\" mt-d=\"0\"><\/span><\/p>\n<h6 style=\"\">Vous cherchez une solution simple de comptabilit\u00e9 suisse? EZYcount est pour vous<\/h6>\n<h4 style=\"\" id=\"t-1632989388655\"><strong>Les contenus les plus consult\u00e9s<\/strong><\/h4>\n<p><a href=\"https:\/\/www.ezycount.ch\/fr\/comment-organiser-facilement-votre-bureau\/\" target=\"_blank\" rel=\"noopener\"><\/p>\n<h4 style=\"text-align: left;\" id=\"t-1632989388657\"><span style=\"\">Comment organiser votre bureau ?<\/span><\/h4>\n<p style=\"color: var(--tcb-color-0)  !important; --tcb-applied-color:var$(--tcb-color-0)  !important; text-align: left;\">Organisez votre bureau pour \u00eatre plus efficace dans vos t\u00e2ches administratives.<\/p>\n<p><\/a><a href=\"https:\/\/www.ezycount.ch\/fr\/\" target=\"_blank\" rel=\"noopener\"><\/p>\n<h4 style=\"text-align: left;\" id=\"t-1632989388656\"><span style=\"\">Comment faire ma compta ?<\/span><\/h4>\n<p style=\"color: var(--tcb-color-0)  !important; --tcb-applied-color:var$(--tcb-color-0)  !important; text-align: left;\">Une plateforme de comptabilit\u00e9 et de facturation en ligne s\u00e9curis\u00e9e et facile \u00e0 utiliser, destin\u00e9e aux PME et aux travailleurs ind\u00e9pendants.<\/p>\n<p><\/a><a href=\"https:\/\/www.ezycount.ch\/fr\/comment-creer-une-facture-legale-en-suisse\/\" target=\"_blank\" rel=\"noopener\"><\/p>\n<h4 style=\"text-align: left;\" id=\"t-1632989388658\"><span style=\"\">Comment cr\u00e9er des factures suisses ?<\/span><\/h4>\n<p style=\"color: var(--tcb-color-0)  !important; --tcb-applied-color:var$(--tcb-color-0)  !important; text-align: left;\">Trouvez toutes les informations dont vous avez besoin pour cr\u00e9er des factures suisses conformes et compl\u00e8tes.<\/p>\n<p><\/a><\/p>\n","protected":false},"excerpt":{"rendered":"<p>Qu&rsquo;est-ce que la comptabilit\u00e9 ? La comptabilit\u00e9 est le processus d&rsquo;enregistrement et d&rsquo;organisation syst\u00e9matique des donn\u00e9es financi\u00e8res. Elle peut concerner un individu, une entreprise ou tout autre type d&rsquo;organisation. Elle garantit que les informations financi\u00e8res sont compl\u00e8tes, \u00e0 jour et accessibles. Pourquoi la comptabilit\u00e9 est-elle importante? La comptabilit\u00e9 est un sujet toujours d&rsquo;actualit\u00e9, car, sans [&hellip;]<\/p>\n","protected":false},"author":4,"featured_media":0,"parent":0,"menu_order":0,"comment_status":"closed","ping_status":"closed","template":"","meta":{"footnotes":""},"class_list":["post-15816","page","type-page","status-publish","hentry","post-wrapper","thrv_wrapper"],"yoast_head":"<!-- This site is optimized with the Yoast SEO plugin v25.3 - https:\/\/yoast.com\/wordpress\/plugins\/seo\/ -->\n<title>Quelle est la d\u00e9finition de la comptabilit\u00e9? - EZYcount<\/title>\n<meta name=\"description\" content=\"La comptabilit\u00e9 joue un r\u00f4le essentiel dans le d\u00e9roulement des op\u00e9rations. D\u00e9finition, r\u00e8gles suisses et r\u00e9ponses utiles.\" \/>\n<meta name=\"robots\" content=\"index, follow, max-snippet:-1, max-image-preview:large, max-video-preview:-1\" \/>\n<link rel=\"canonical\" href=\"https:\/\/www.ezycount.ch\/fr\/quelle-est-la-definition-de-la-comptabilite\/\" \/>\n<meta property=\"og:locale\" content=\"fr_FR\" \/>\n<meta property=\"og:type\" content=\"article\" \/>\n<meta property=\"og:title\" content=\"Quelle est la d\u00e9finition de la comptabilit\u00e9? - EZYcount\" \/>\n<meta property=\"og:description\" content=\"La comptabilit\u00e9 joue un r\u00f4le essentiel dans le d\u00e9roulement des op\u00e9rations. D\u00e9finition, r\u00e8gles suisses et r\u00e9ponses utiles.\" \/>\n<meta property=\"og:url\" content=\"https:\/\/www.ezycount.ch\/fr\/quelle-est-la-definition-de-la-comptabilite\/\" \/>\n<meta property=\"og:site_name\" content=\"EZYcount\" \/>\n<meta property=\"article:modified_time\" content=\"2021-11-09T03:51:26+00:00\" \/>\n<meta property=\"og:image\" content=\"https:\/\/www.ezycount.ch\/wp-content\/uploads\/2021\/09\/adeolu-eletu-unRkg2jH1j0-unsplash-scaled-e1632920724820.jpg\" \/>\n<meta name=\"twitter:card\" content=\"summary_large_image\" \/>\n<meta name=\"twitter:label1\" content=\"Dur\u00e9e de lecture estim\u00e9e\" \/>\n\t<meta name=\"twitter:data1\" content=\"4 minutes\" \/>\n<script type=\"application\/ld+json\" class=\"yoast-schema-graph\">{\"@context\":\"https:\/\/schema.org\",\"@graph\":[{\"@type\":\"WebPage\",\"@id\":\"https:\/\/www.ezycount.ch\/fr\/quelle-est-la-definition-de-la-comptabilite\/\",\"url\":\"https:\/\/www.ezycount.ch\/fr\/quelle-est-la-definition-de-la-comptabilite\/\",\"name\":\"Quelle est la d\u00e9finition de la comptabilit\u00e9? - EZYcount\",\"isPartOf\":{\"@id\":\"https:\/\/www.ezycount.ch\/fr\/#website\"},\"primaryImageOfPage\":{\"@id\":\"https:\/\/www.ezycount.ch\/fr\/quelle-est-la-definition-de-la-comptabilite\/#primaryimage\"},\"image\":{\"@id\":\"https:\/\/www.ezycount.ch\/fr\/quelle-est-la-definition-de-la-comptabilite\/#primaryimage\"},\"thumbnailUrl\":\"https:\/\/www.ezycount.ch\/wp-content\/uploads\/2021\/09\/adeolu-eletu-unRkg2jH1j0-unsplash-scaled-e1632920724820.jpg\",\"datePublished\":\"2021-11-04T00:32:47+00:00\",\"dateModified\":\"2021-11-09T03:51:26+00:00\",\"description\":\"La comptabilit\u00e9 joue un r\u00f4le essentiel dans le d\u00e9roulement des op\u00e9rations. D\u00e9finition, r\u00e8gles suisses et r\u00e9ponses utiles.\",\"breadcrumb\":{\"@id\":\"https:\/\/www.ezycount.ch\/fr\/quelle-est-la-definition-de-la-comptabilite\/#breadcrumb\"},\"inLanguage\":\"fr-FR\",\"potentialAction\":[{\"@type\":\"ReadAction\",\"target\":[\"https:\/\/www.ezycount.ch\/fr\/quelle-est-la-definition-de-la-comptabilite\/\"]}]},{\"@type\":\"ImageObject\",\"inLanguage\":\"fr-FR\",\"@id\":\"https:\/\/www.ezycount.ch\/fr\/quelle-est-la-definition-de-la-comptabilite\/#primaryimage\",\"url\":\"https:\/\/www.ezycount.ch\/wp-content\/uploads\/2021\/09\/adeolu-eletu-unRkg2jH1j0-unsplash-scaled-e1632920724820.jpg\",\"contentUrl\":\"https:\/\/www.ezycount.ch\/wp-content\/uploads\/2021\/09\/adeolu-eletu-unRkg2jH1j0-unsplash-scaled-e1632920724820.jpg\"},{\"@type\":\"BreadcrumbList\",\"@id\":\"https:\/\/www.ezycount.ch\/fr\/quelle-est-la-definition-de-la-comptabilite\/#breadcrumb\",\"itemListElement\":[{\"@type\":\"ListItem\",\"position\":1,\"name\":\"Home\",\"item\":\"https:\/\/www.ezycount.ch\/fr\/\"},{\"@type\":\"ListItem\",\"position\":2,\"name\":\"Quelle est la d\u00e9finition de la comptabilit\u00e9?\"}]},{\"@type\":\"WebSite\",\"@id\":\"https:\/\/www.ezycount.ch\/fr\/#website\",\"url\":\"https:\/\/www.ezycount.ch\/fr\/\",\"name\":\"EZYcount\",\"description\":\"Simplifiez votre comptabilit\u00e9 et gagnez du temps\",\"potentialAction\":[{\"@type\":\"SearchAction\",\"target\":{\"@type\":\"EntryPoint\",\"urlTemplate\":\"https:\/\/www.ezycount.ch\/fr\/?s={search_term_string}\"},\"query-input\":{\"@type\":\"PropertyValueSpecification\",\"valueRequired\":true,\"valueName\":\"search_term_string\"}}],\"inLanguage\":\"fr-FR\"}]}<\/script>\n<!-- \/ Yoast SEO plugin. -->","yoast_head_json":{"title":"Quelle est la d\u00e9finition de la comptabilit\u00e9? - EZYcount","description":"La comptabilit\u00e9 joue un r\u00f4le essentiel dans le d\u00e9roulement des op\u00e9rations. D\u00e9finition, r\u00e8gles suisses et r\u00e9ponses utiles.","robots":{"index":"index","follow":"follow","max-snippet":"max-snippet:-1","max-image-preview":"max-image-preview:large","max-video-preview":"max-video-preview:-1"},"canonical":"https:\/\/www.ezycount.ch\/fr\/quelle-est-la-definition-de-la-comptabilite\/","og_locale":"fr_FR","og_type":"article","og_title":"Quelle est la d\u00e9finition de la comptabilit\u00e9? - EZYcount","og_description":"La comptabilit\u00e9 joue un r\u00f4le essentiel dans le d\u00e9roulement des op\u00e9rations. D\u00e9finition, r\u00e8gles suisses et r\u00e9ponses utiles.","og_url":"https:\/\/www.ezycount.ch\/fr\/quelle-est-la-definition-de-la-comptabilite\/","og_site_name":"EZYcount","article_modified_time":"2021-11-09T03:51:26+00:00","og_image":[{"url":"https:\/\/www.ezycount.ch\/wp-content\/uploads\/2021\/09\/adeolu-eletu-unRkg2jH1j0-unsplash-scaled-e1632920724820.jpg","type":"","width":"","height":""}],"twitter_card":"summary_large_image","twitter_misc":{"Dur\u00e9e de lecture estim\u00e9e":"4 minutes"},"schema":{"@context":"https:\/\/schema.org","@graph":[{"@type":"WebPage","@id":"https:\/\/www.ezycount.ch\/fr\/quelle-est-la-definition-de-la-comptabilite\/","url":"https:\/\/www.ezycount.ch\/fr\/quelle-est-la-definition-de-la-comptabilite\/","name":"Quelle est la d\u00e9finition de la comptabilit\u00e9? - EZYcount","isPartOf":{"@id":"https:\/\/www.ezycount.ch\/fr\/#website"},"primaryImageOfPage":{"@id":"https:\/\/www.ezycount.ch\/fr\/quelle-est-la-definition-de-la-comptabilite\/#primaryimage"},"image":{"@id":"https:\/\/www.ezycount.ch\/fr\/quelle-est-la-definition-de-la-comptabilite\/#primaryimage"},"thumbnailUrl":"https:\/\/www.ezycount.ch\/wp-content\/uploads\/2021\/09\/adeolu-eletu-unRkg2jH1j0-unsplash-scaled-e1632920724820.jpg","datePublished":"2021-11-04T00:32:47+00:00","dateModified":"2021-11-09T03:51:26+00:00","description":"La comptabilit\u00e9 joue un r\u00f4le essentiel dans le d\u00e9roulement des op\u00e9rations. D\u00e9finition, r\u00e8gles suisses et r\u00e9ponses utiles.","breadcrumb":{"@id":"https:\/\/www.ezycount.ch\/fr\/quelle-est-la-definition-de-la-comptabilite\/#breadcrumb"},"inLanguage":"fr-FR","potentialAction":[{"@type":"ReadAction","target":["https:\/\/www.ezycount.ch\/fr\/quelle-est-la-definition-de-la-comptabilite\/"]}]},{"@type":"ImageObject","inLanguage":"fr-FR","@id":"https:\/\/www.ezycount.ch\/fr\/quelle-est-la-definition-de-la-comptabilite\/#primaryimage","url":"https:\/\/www.ezycount.ch\/wp-content\/uploads\/2021\/09\/adeolu-eletu-unRkg2jH1j0-unsplash-scaled-e1632920724820.jpg","contentUrl":"https:\/\/www.ezycount.ch\/wp-content\/uploads\/2021\/09\/adeolu-eletu-unRkg2jH1j0-unsplash-scaled-e1632920724820.jpg"},{"@type":"BreadcrumbList","@id":"https:\/\/www.ezycount.ch\/fr\/quelle-est-la-definition-de-la-comptabilite\/#breadcrumb","itemListElement":[{"@type":"ListItem","position":1,"name":"Home","item":"https:\/\/www.ezycount.ch\/fr\/"},{"@type":"ListItem","position":2,"name":"Quelle est la d\u00e9finition de la comptabilit\u00e9?"}]},{"@type":"WebSite","@id":"https:\/\/www.ezycount.ch\/fr\/#website","url":"https:\/\/www.ezycount.ch\/fr\/","name":"EZYcount","description":"Simplifiez votre comptabilit\u00e9 et gagnez du temps","potentialAction":[{"@type":"SearchAction","target":{"@type":"EntryPoint","urlTemplate":"https:\/\/www.ezycount.ch\/fr\/?s={search_term_string}"},"query-input":{"@type":"PropertyValueSpecification","valueRequired":true,"valueName":"search_term_string"}}],"inLanguage":"fr-FR"}]}},"_links":{"self":[{"href":"https:\/\/www.ezycount.ch\/fr\/wp-json\/wp\/v2\/pages\/15816","targetHints":{"allow":["GET"]}}],"collection":[{"href":"https:\/\/www.ezycount.ch\/fr\/wp-json\/wp\/v2\/pages"}],"about":[{"href":"https:\/\/www.ezycount.ch\/fr\/wp-json\/wp\/v2\/types\/page"}],"author":[{"embeddable":true,"href":"https:\/\/www.ezycount.ch\/fr\/wp-json\/wp\/v2\/users\/4"}],"replies":[{"embeddable":true,"href":"https:\/\/www.ezycount.ch\/fr\/wp-json\/wp\/v2\/comments?post=15816"}],"version-history":[{"count":14,"href":"https:\/\/www.ezycount.ch\/fr\/wp-json\/wp\/v2\/pages\/15816\/revisions"}],"predecessor-version":[{"id":16001,"href":"https:\/\/www.ezycount.ch\/fr\/wp-json\/wp\/v2\/pages\/15816\/revisions\/16001"}],"wp:attachment":[{"href":"https:\/\/www.ezycount.ch\/fr\/wp-json\/wp\/v2\/media?parent=15816"}],"curies":[{"name":"wp","href":"https:\/\/api.w.org\/{rel}","templated":true}]}}