{"id":16224,"date":"2022-01-24T15:28:10","date_gmt":"2022-01-24T14:28:10","guid":{"rendered":"https:\/\/www.ezycount.ch\/clone-of-feuille-de-calcul-des-salaires-suisses-excel-gratuit\/"},"modified":"2023-01-16T15:37:29","modified_gmt":"2023-01-16T14:37:29","slug":"feuille-de-calcul-des-salaires-suisses-2022-excel-gratuit","status":"publish","type":"page","link":"https:\/\/www.ezycount.ch\/fr\/feuille-de-calcul-des-salaires-suisses-2022-excel-gratuit\/","title":{"rendered":"Feuille de calcul des salaires suisses 2022 \u2013 Excel gratuit"},"content":{"rendered":"<p><a href=\"https:\/\/www.ezycount.ch\" data-id-d=\"1\" data-img-style=\"width: 100%;\"><img loading=\"lazy\" decoding=\"async\" src=\"https:\/\/www.ezycount.ch\/wp-content\/uploads\/2020\/03\/cropped-logo_ezycount_transparent.png\" height=\"512\" width=\"512\" alt=\"EZYcoun favicon\" style=\"width: 100%;\"><\/img><\/a><\/p>\n<p style=\"\"><a href=\"https:\/\/www.ezycount.ch\/fr\/feuille_excel_gratuite_gestion_salaires_suisses_2023\/\" target=\"_blank\" rel=\"nofollow noopener\" style=\"outline: none;\">Version 2023 du fichier \u00e0 trouver ICI<\/a><\/p>\n<\/p>\n<h1><strong>Feuille Excel gratuite pour faire les salaires en Suisse <\/strong><strong>en 2022 &#8211; v 6.0<\/strong><\/h1>\n<p>Depuis plus de 7 ans, nous offrons une feuille Excel qui donne la possibilit\u00e9 aux ind\u00e9pendant(e)s et petites entreprises suisses de rapidement et simplement calculer les salaires, charges sociales et g\u00e9n\u00e9rer les fiches de paie.<\/p>\n<\/p>\n<p>Ins\u00e9rez votre email pour recevoir le fichier Excel directement dans votre bo\u00eete email.&nbsp;<\/p>\n<p style=\"text-align: center;\">Copyright \u00a9<span data-attr-id=\"1\" data-extra_key=\"1\" data-shortcode=\"thrive_global_fields\" data-shortcode-name=\"[Company] Company Name\">EZYcount by superVX AG<\/span> 2022.&nbsp;<\/p>\n","protected":false},"excerpt":{"rendered":"<p>Version 2023 du fichier \u00e0 trouver ICI Feuille Excel gratuite pour faire les salaires en Suisse en 2022 &#8211; v 6.0 Depuis plus de 7 ans, nous offrons une feuille Excel qui donne la possibilit\u00e9 aux ind\u00e9pendant(e)s et petites entreprises suisses de rapidement et simplement calculer les salaires, charges sociales et g\u00e9n\u00e9rer les fiches de [&hellip;]<\/p>\n","protected":false},"author":2,"featured_media":0,"parent":0,"menu_order":0,"comment_status":"closed","ping_status":"closed","template":"","meta":{"footnotes":""},"class_list":["post-16224","page","type-page","status-publish","hentry","post-wrapper","thrv_wrapper"],"yoast_head":"<!-- This site is optimized with the Yoast SEO plugin v25.3 - https:\/\/yoast.com\/wordpress\/plugins\/seo\/ -->\n<title>Feuille de calcul des salaires suisses 2022 \u2013 Excel gratuit - EZYcount<\/title>\n<meta name=\"description\" content=\"Model Excel pour calculer facilement les salaires 2022 en Suisse inclus les charges sociales. T\u00e9l\u00e9chargement gratuit.\" \/>\n<meta name=\"robots\" content=\"index, follow, max-snippet:-1, max-image-preview:large, max-video-preview:-1\" \/>\n<link rel=\"canonical\" href=\"https:\/\/www.ezycount.ch\/fr\/feuille-de-calcul-des-salaires-suisses-2022-excel-gratuit\/\" \/>\n<meta property=\"og:locale\" content=\"fr_FR\" \/>\n<meta property=\"og:type\" content=\"article\" \/>\n<meta property=\"og:title\" content=\"Feuille de calcul des salaires suisses 2022 \u2013 Excel gratuit - EZYcount\" \/>\n<meta property=\"og:description\" content=\"Model Excel pour calculer facilement les salaires 2022 en Suisse inclus les charges sociales. T\u00e9l\u00e9chargement gratuit.\" \/>\n<meta property=\"og:url\" content=\"https:\/\/www.ezycount.ch\/fr\/feuille-de-calcul-des-salaires-suisses-2022-excel-gratuit\/\" \/>\n<meta property=\"og:site_name\" content=\"EZYcount\" \/>\n<meta property=\"article:modified_time\" content=\"2023-01-16T14:37:29+00:00\" \/>\n<meta property=\"og:image\" content=\"https:\/\/www.ezycount.ch\/wp-content\/uploads\/2020\/03\/cropped-logo_ezycount_transparent.png\" \/>\n<meta name=\"twitter:card\" content=\"summary_large_image\" \/>\n<meta name=\"twitter:label1\" content=\"Dur\u00e9e de lecture estim\u00e9e\" \/>\n\t<meta name=\"twitter:data1\" content=\"1 minute\" \/>\n<script type=\"application\/ld+json\" class=\"yoast-schema-graph\">{\"@context\":\"https:\/\/schema.org\",\"@graph\":[{\"@type\":\"WebPage\",\"@id\":\"https:\/\/www.ezycount.ch\/fr\/feuille-de-calcul-des-salaires-suisses-2022-excel-gratuit\/\",\"url\":\"https:\/\/www.ezycount.ch\/fr\/feuille-de-calcul-des-salaires-suisses-2022-excel-gratuit\/\",\"name\":\"Feuille de calcul des salaires suisses 2022 \u2013 Excel gratuit - EZYcount\",\"isPartOf\":{\"@id\":\"https:\/\/www.ezycount.ch\/fr\/#website\"},\"primaryImageOfPage\":{\"@id\":\"https:\/\/www.ezycount.ch\/fr\/feuille-de-calcul-des-salaires-suisses-2022-excel-gratuit\/#primaryimage\"},\"image\":{\"@id\":\"https:\/\/www.ezycount.ch\/fr\/feuille-de-calcul-des-salaires-suisses-2022-excel-gratuit\/#primaryimage\"},\"thumbnailUrl\":\"https:\/\/www.ezycount.ch\/wp-content\/uploads\/2020\/03\/cropped-logo_ezycount_transparent.png\",\"datePublished\":\"2022-01-24T14:28:10+00:00\",\"dateModified\":\"2023-01-16T14:37:29+00:00\",\"description\":\"Model Excel pour calculer facilement les salaires 2022 en Suisse inclus les charges sociales. T\u00e9l\u00e9chargement gratuit.\",\"breadcrumb\":{\"@id\":\"https:\/\/www.ezycount.ch\/fr\/feuille-de-calcul-des-salaires-suisses-2022-excel-gratuit\/#breadcrumb\"},\"inLanguage\":\"fr-FR\",\"potentialAction\":[{\"@type\":\"ReadAction\",\"target\":[\"https:\/\/www.ezycount.ch\/fr\/feuille-de-calcul-des-salaires-suisses-2022-excel-gratuit\/\"]}]},{\"@type\":\"ImageObject\",\"inLanguage\":\"fr-FR\",\"@id\":\"https:\/\/www.ezycount.ch\/fr\/feuille-de-calcul-des-salaires-suisses-2022-excel-gratuit\/#primaryimage\",\"url\":\"https:\/\/www.ezycount.ch\/wp-content\/uploads\/2020\/03\/cropped-logo_ezycount_transparent.png\",\"contentUrl\":\"https:\/\/www.ezycount.ch\/wp-content\/uploads\/2020\/03\/cropped-logo_ezycount_transparent.png\"},{\"@type\":\"BreadcrumbList\",\"@id\":\"https:\/\/www.ezycount.ch\/fr\/feuille-de-calcul-des-salaires-suisses-2022-excel-gratuit\/#breadcrumb\",\"itemListElement\":[{\"@type\":\"ListItem\",\"position\":1,\"name\":\"Home\",\"item\":\"https:\/\/www.ezycount.ch\/fr\/\"},{\"@type\":\"ListItem\",\"position\":2,\"name\":\"Feuille de calcul des salaires suisses 2022 \u2013 Excel gratuit\"}]},{\"@type\":\"WebSite\",\"@id\":\"https:\/\/www.ezycount.ch\/fr\/#website\",\"url\":\"https:\/\/www.ezycount.ch\/fr\/\",\"name\":\"EZYcount\",\"description\":\"Simplifiez votre comptabilit\u00e9 et gagnez du temps\",\"potentialAction\":[{\"@type\":\"SearchAction\",\"target\":{\"@type\":\"EntryPoint\",\"urlTemplate\":\"https:\/\/www.ezycount.ch\/fr\/?s={search_term_string}\"},\"query-input\":{\"@type\":\"PropertyValueSpecification\",\"valueRequired\":true,\"valueName\":\"search_term_string\"}}],\"inLanguage\":\"fr-FR\"}]}<\/script>\n<!-- \/ Yoast SEO plugin. -->","yoast_head_json":{"title":"Feuille de calcul des salaires suisses 2022 \u2013 Excel gratuit - EZYcount","description":"Model Excel pour calculer facilement les salaires 2022 en Suisse inclus les charges sociales. T\u00e9l\u00e9chargement gratuit.","robots":{"index":"index","follow":"follow","max-snippet":"max-snippet:-1","max-image-preview":"max-image-preview:large","max-video-preview":"max-video-preview:-1"},"canonical":"https:\/\/www.ezycount.ch\/fr\/feuille-de-calcul-des-salaires-suisses-2022-excel-gratuit\/","og_locale":"fr_FR","og_type":"article","og_title":"Feuille de calcul des salaires suisses 2022 \u2013 Excel gratuit - EZYcount","og_description":"Model Excel pour calculer facilement les salaires 2022 en Suisse inclus les charges sociales. T\u00e9l\u00e9chargement gratuit.","og_url":"https:\/\/www.ezycount.ch\/fr\/feuille-de-calcul-des-salaires-suisses-2022-excel-gratuit\/","og_site_name":"EZYcount","article_modified_time":"2023-01-16T14:37:29+00:00","og_image":[{"url":"https:\/\/www.ezycount.ch\/wp-content\/uploads\/2020\/03\/cropped-logo_ezycount_transparent.png","type":"","width":"","height":""}],"twitter_card":"summary_large_image","twitter_misc":{"Dur\u00e9e de lecture estim\u00e9e":"1 minute"},"schema":{"@context":"https:\/\/schema.org","@graph":[{"@type":"WebPage","@id":"https:\/\/www.ezycount.ch\/fr\/feuille-de-calcul-des-salaires-suisses-2022-excel-gratuit\/","url":"https:\/\/www.ezycount.ch\/fr\/feuille-de-calcul-des-salaires-suisses-2022-excel-gratuit\/","name":"Feuille de calcul des salaires suisses 2022 \u2013 Excel gratuit - EZYcount","isPartOf":{"@id":"https:\/\/www.ezycount.ch\/fr\/#website"},"primaryImageOfPage":{"@id":"https:\/\/www.ezycount.ch\/fr\/feuille-de-calcul-des-salaires-suisses-2022-excel-gratuit\/#primaryimage"},"image":{"@id":"https:\/\/www.ezycount.ch\/fr\/feuille-de-calcul-des-salaires-suisses-2022-excel-gratuit\/#primaryimage"},"thumbnailUrl":"https:\/\/www.ezycount.ch\/wp-content\/uploads\/2020\/03\/cropped-logo_ezycount_transparent.png","datePublished":"2022-01-24T14:28:10+00:00","dateModified":"2023-01-16T14:37:29+00:00","description":"Model Excel pour calculer facilement les salaires 2022 en Suisse inclus les charges sociales. T\u00e9l\u00e9chargement gratuit.","breadcrumb":{"@id":"https:\/\/www.ezycount.ch\/fr\/feuille-de-calcul-des-salaires-suisses-2022-excel-gratuit\/#breadcrumb"},"inLanguage":"fr-FR","potentialAction":[{"@type":"ReadAction","target":["https:\/\/www.ezycount.ch\/fr\/feuille-de-calcul-des-salaires-suisses-2022-excel-gratuit\/"]}]},{"@type":"ImageObject","inLanguage":"fr-FR","@id":"https:\/\/www.ezycount.ch\/fr\/feuille-de-calcul-des-salaires-suisses-2022-excel-gratuit\/#primaryimage","url":"https:\/\/www.ezycount.ch\/wp-content\/uploads\/2020\/03\/cropped-logo_ezycount_transparent.png","contentUrl":"https:\/\/www.ezycount.ch\/wp-content\/uploads\/2020\/03\/cropped-logo_ezycount_transparent.png"},{"@type":"BreadcrumbList","@id":"https:\/\/www.ezycount.ch\/fr\/feuille-de-calcul-des-salaires-suisses-2022-excel-gratuit\/#breadcrumb","itemListElement":[{"@type":"ListItem","position":1,"name":"Home","item":"https:\/\/www.ezycount.ch\/fr\/"},{"@type":"ListItem","position":2,"name":"Feuille de calcul des salaires suisses 2022 \u2013 Excel gratuit"}]},{"@type":"WebSite","@id":"https:\/\/www.ezycount.ch\/fr\/#website","url":"https:\/\/www.ezycount.ch\/fr\/","name":"EZYcount","description":"Simplifiez votre comptabilit\u00e9 et gagnez du temps","potentialAction":[{"@type":"SearchAction","target":{"@type":"EntryPoint","urlTemplate":"https:\/\/www.ezycount.ch\/fr\/?s={search_term_string}"},"query-input":{"@type":"PropertyValueSpecification","valueRequired":true,"valueName":"search_term_string"}}],"inLanguage":"fr-FR"}]}},"_links":{"self":[{"href":"https:\/\/www.ezycount.ch\/fr\/wp-json\/wp\/v2\/pages\/16224","targetHints":{"allow":["GET"]}}],"collection":[{"href":"https:\/\/www.ezycount.ch\/fr\/wp-json\/wp\/v2\/pages"}],"about":[{"href":"https:\/\/www.ezycount.ch\/fr\/wp-json\/wp\/v2\/types\/page"}],"author":[{"embeddable":true,"href":"https:\/\/www.ezycount.ch\/fr\/wp-json\/wp\/v2\/users\/2"}],"replies":[{"embeddable":true,"href":"https:\/\/www.ezycount.ch\/fr\/wp-json\/wp\/v2\/comments?post=16224"}],"version-history":[{"count":11,"href":"https:\/\/www.ezycount.ch\/fr\/wp-json\/wp\/v2\/pages\/16224\/revisions"}],"predecessor-version":[{"id":16384,"href":"https:\/\/www.ezycount.ch\/fr\/wp-json\/wp\/v2\/pages\/16224\/revisions\/16384"}],"wp:attachment":[{"href":"https:\/\/www.ezycount.ch\/fr\/wp-json\/wp\/v2\/media?parent=16224"}],"curies":[{"name":"wp","href":"https:\/\/api.w.org\/{rel}","templated":true}]}}