{"id":16279,"date":"2022-08-19T12:51:50","date_gmt":"2022-08-19T11:51:50","guid":{"rendered":"https:\/\/www.ezycount.ch\/?page_id=16279"},"modified":"2022-08-19T12:58:16","modified_gmt":"2022-08-19T11:58:16","slug":"maintenance-technique","status":"publish","type":"page","link":"https:\/\/www.ezycount.ch\/fr\/maintenance-technique\/","title":{"rendered":"Maintenance technique"},"content":{"rendered":"<h3 style=\"\">Maintenance du syst\u00e8me<\/h3>\n<p style=\"\">Nous performons une maintenance du syst\u00e8me. Le syst\u00e8me est actuellement indisponible.<\/p>\n<p style=\"\">Dur\u00e9e: Approximativement 1 heure.<\/p>\n<p style=\"\">Nous vous remercions pour votre compr\u00e9hension.<\/p>\n","protected":false},"excerpt":{"rendered":"<p>Maintenance du syst\u00e8me Nous performons une maintenance du syst\u00e8me. Le syst\u00e8me est actuellement indisponible. Dur\u00e9e: Approximativement 1 heure. Nous vous remercions pour votre compr\u00e9hension.<\/p>\n","protected":false},"author":2,"featured_media":0,"parent":0,"menu_order":0,"comment_status":"closed","ping_status":"closed","template":"","meta":{"footnotes":""},"class_list":["post-16279","page","type-page","status-publish","hentry","post-wrapper","thrv_wrapper"],"yoast_head":"<!-- This site is optimized with the Yoast SEO plugin v25.3 - https:\/\/yoast.com\/wordpress\/plugins\/seo\/ -->\n<title>Maintenance technique - EZYcount<\/title>\n<meta name=\"robots\" content=\"index, follow, max-snippet:-1, max-image-preview:large, max-video-preview:-1\" \/>\n<link rel=\"canonical\" href=\"https:\/\/www.ezycount.ch\/fr\/maintenance-technique\/\" \/>\n<meta property=\"og:locale\" content=\"fr_FR\" \/>\n<meta property=\"og:type\" content=\"article\" \/>\n<meta property=\"og:title\" content=\"Maintenance technique - EZYcount\" \/>\n<meta property=\"og:description\" content=\"Maintenance du syst\u00e8me Nous performons une maintenance du syst\u00e8me. Le syst\u00e8me est actuellement indisponible. Dur\u00e9e: Approximativement 1 heure. Nous vous remercions pour votre compr\u00e9hension.\" \/>\n<meta property=\"og:url\" content=\"https:\/\/www.ezycount.ch\/fr\/maintenance-technique\/\" \/>\n<meta property=\"og:site_name\" content=\"EZYcount\" \/>\n<meta property=\"article:modified_time\" content=\"2022-08-19T11:58:16+00:00\" \/>\n<meta name=\"twitter:card\" content=\"summary_large_image\" \/>\n<script type=\"application\/ld+json\" class=\"yoast-schema-graph\">{\"@context\":\"https:\/\/schema.org\",\"@graph\":[{\"@type\":\"WebPage\",\"@id\":\"https:\/\/www.ezycount.ch\/fr\/maintenance-technique\/\",\"url\":\"https:\/\/www.ezycount.ch\/fr\/maintenance-technique\/\",\"name\":\"Maintenance technique - EZYcount\",\"isPartOf\":{\"@id\":\"https:\/\/www.ezycount.ch\/fr\/#website\"},\"datePublished\":\"2022-08-19T11:51:50+00:00\",\"dateModified\":\"2022-08-19T11:58:16+00:00\",\"breadcrumb\":{\"@id\":\"https:\/\/www.ezycount.ch\/fr\/maintenance-technique\/#breadcrumb\"},\"inLanguage\":\"fr-FR\",\"potentialAction\":[{\"@type\":\"ReadAction\",\"target\":[\"https:\/\/www.ezycount.ch\/fr\/maintenance-technique\/\"]}]},{\"@type\":\"BreadcrumbList\",\"@id\":\"https:\/\/www.ezycount.ch\/fr\/maintenance-technique\/#breadcrumb\",\"itemListElement\":[{\"@type\":\"ListItem\",\"position\":1,\"name\":\"Home\",\"item\":\"https:\/\/www.ezycount.ch\/fr\/\"},{\"@type\":\"ListItem\",\"position\":2,\"name\":\"Maintenance technique\"}]},{\"@type\":\"WebSite\",\"@id\":\"https:\/\/www.ezycount.ch\/fr\/#website\",\"url\":\"https:\/\/www.ezycount.ch\/fr\/\",\"name\":\"EZYcount\",\"description\":\"Simplifiez votre comptabilit\u00e9 et gagnez du temps\",\"potentialAction\":[{\"@type\":\"SearchAction\",\"target\":{\"@type\":\"EntryPoint\",\"urlTemplate\":\"https:\/\/www.ezycount.ch\/fr\/?s={search_term_string}\"},\"query-input\":{\"@type\":\"PropertyValueSpecification\",\"valueRequired\":true,\"valueName\":\"search_term_string\"}}],\"inLanguage\":\"fr-FR\"}]}<\/script>\n<!-- \/ Yoast SEO plugin. -->","yoast_head_json":{"title":"Maintenance technique - EZYcount","robots":{"index":"index","follow":"follow","max-snippet":"max-snippet:-1","max-image-preview":"max-image-preview:large","max-video-preview":"max-video-preview:-1"},"canonical":"https:\/\/www.ezycount.ch\/fr\/maintenance-technique\/","og_locale":"fr_FR","og_type":"article","og_title":"Maintenance technique - EZYcount","og_description":"Maintenance du syst\u00e8me Nous performons une maintenance du syst\u00e8me. Le syst\u00e8me est actuellement indisponible. Dur\u00e9e: Approximativement 1 heure. Nous vous remercions pour votre compr\u00e9hension.","og_url":"https:\/\/www.ezycount.ch\/fr\/maintenance-technique\/","og_site_name":"EZYcount","article_modified_time":"2022-08-19T11:58:16+00:00","twitter_card":"summary_large_image","schema":{"@context":"https:\/\/schema.org","@graph":[{"@type":"WebPage","@id":"https:\/\/www.ezycount.ch\/fr\/maintenance-technique\/","url":"https:\/\/www.ezycount.ch\/fr\/maintenance-technique\/","name":"Maintenance technique - EZYcount","isPartOf":{"@id":"https:\/\/www.ezycount.ch\/fr\/#website"},"datePublished":"2022-08-19T11:51:50+00:00","dateModified":"2022-08-19T11:58:16+00:00","breadcrumb":{"@id":"https:\/\/www.ezycount.ch\/fr\/maintenance-technique\/#breadcrumb"},"inLanguage":"fr-FR","potentialAction":[{"@type":"ReadAction","target":["https:\/\/www.ezycount.ch\/fr\/maintenance-technique\/"]}]},{"@type":"BreadcrumbList","@id":"https:\/\/www.ezycount.ch\/fr\/maintenance-technique\/#breadcrumb","itemListElement":[{"@type":"ListItem","position":1,"name":"Home","item":"https:\/\/www.ezycount.ch\/fr\/"},{"@type":"ListItem","position":2,"name":"Maintenance technique"}]},{"@type":"WebSite","@id":"https:\/\/www.ezycount.ch\/fr\/#website","url":"https:\/\/www.ezycount.ch\/fr\/","name":"EZYcount","description":"Simplifiez votre comptabilit\u00e9 et gagnez du temps","potentialAction":[{"@type":"SearchAction","target":{"@type":"EntryPoint","urlTemplate":"https:\/\/www.ezycount.ch\/fr\/?s={search_term_string}"},"query-input":{"@type":"PropertyValueSpecification","valueRequired":true,"valueName":"search_term_string"}}],"inLanguage":"fr-FR"}]}},"_links":{"self":[{"href":"https:\/\/www.ezycount.ch\/fr\/wp-json\/wp\/v2\/pages\/16279","targetHints":{"allow":["GET"]}}],"collection":[{"href":"https:\/\/www.ezycount.ch\/fr\/wp-json\/wp\/v2\/pages"}],"about":[{"href":"https:\/\/www.ezycount.ch\/fr\/wp-json\/wp\/v2\/types\/page"}],"author":[{"embeddable":true,"href":"https:\/\/www.ezycount.ch\/fr\/wp-json\/wp\/v2\/users\/2"}],"replies":[{"embeddable":true,"href":"https:\/\/www.ezycount.ch\/fr\/wp-json\/wp\/v2\/comments?post=16279"}],"version-history":[{"count":6,"href":"https:\/\/www.ezycount.ch\/fr\/wp-json\/wp\/v2\/pages\/16279\/revisions"}],"predecessor-version":[{"id":16290,"href":"https:\/\/www.ezycount.ch\/fr\/wp-json\/wp\/v2\/pages\/16279\/revisions\/16290"}],"wp:attachment":[{"href":"https:\/\/www.ezycount.ch\/fr\/wp-json\/wp\/v2\/media?parent=16279"}],"curies":[{"name":"wp","href":"https:\/\/api.w.org\/{rel}","templated":true}]}}