{"id":16326,"date":"2022-12-23T22:33:12","date_gmt":"2022-12-23T21:33:12","guid":{"rendered":"https:\/\/www.ezycount.ch\/?page_id=16326"},"modified":"2022-12-23T22:33:13","modified_gmt":"2022-12-23T21:33:13","slug":"feuille_excel_gratuite_gestion_salaires_suisses_2023","status":"publish","type":"page","link":"https:\/\/www.ezycount.ch\/fr\/feuille_excel_gratuite_gestion_salaires_suisses_2023\/","title":{"rendered":"Feuille Excel gratuite gestion des salaires 2023"},"content":{"rendered":"<h1 style=\"text-align: left;\" id=\"t-1633000024510\">Feuille Excel gratuite pour la gestion des salaires 2023<\/h1>\n<p style=\"text-align: left;\">Nouvelle version de la feuille Excel gratuite pour g\u00e9rer les salaires. Cette 7e version a \u00e9t\u00e9 cr\u00e9\u00e9e en partenariat avec plusieurs fiduciaires romandes.<\/p>\n<p style=\"text-align: left;\">Vous pouvez g\u00e9rer jusqu&rsquo;\u00e0 trois salari\u00e9s par fichier. Si vous avez besoin d&rsquo;une version g\u00e9rant plus de salari\u00e9s, l&rsquo;\u00e9quipe EZYcount se tient \u00e0 votre disposition par email <a href=\"http:\/\/support@ezycount.ch\" target=\"_blank\" rel=\"nofollow noopener\" style=\"outline: none;\">support@ezycount.ch<\/a><\/p>\n<p><span style=\"\"><img decoding=\"async\" alt=\"\" data-id=\"15657\" width=\"446\" height=\"297\" title=\"towfiqu-barbhuiya-nApaSgkzaxg-unsplash\" src=\"https:\/\/www.ezycount.ch\/wp-content\/uploads\/2021\/09\/towfiqu-barbhuiya-nApaSgkzaxg-unsplash-scaled.jpg\" style=\"\" ml-d=\"-114\" data-width=\"446\" data-height=\"297\" data-init-width=\"2560\" data-init-height=\"1708\" loading=\"lazy\" center-h-d=\"false\"><\/span><\/p>\n<h3 id=\"t-1632994202498\">Un fichier Excel \u00e9prouv\u00e9 pour g\u00e9rer vos salaires en Suisse<\/h3>\n<p>Vous \u00eates \u00e0 la t\u00eate d&rsquo;une entreprise en Suisse et vous cherchez un moyen simple et efficace de g\u00e9rer les salaires de vos employ\u00e9s ? Nous avons ce qu&rsquo;il vous faut ! Notre fichier Excel gratuit est la solution id\u00e9ale pour les PME et les startups qui souhaitent un outil de gestion de salaires performant et facile \u00e0 utiliser.<\/p>\n<p>La nouvelle version de notre fichier Excel est maintenant disponible et pr\u00eate \u00e0 \u00eatre utilis\u00e9e. Nous avons mis \u00e0 jour toutes les donn\u00e9es salariales pour l&rsquo;ann\u00e9e 2023 afin que vous puissiez \u00eatre s\u00fbr que les montants affich\u00e9s sont exacts et \u00e0 jour. En utilisant notre fichier Excel, vous pourrez g\u00e9rer les salaires de vos employ\u00e9s de mani\u00e8re rapide et efficace. Il vous suffit de rentrer les informations de chaque employ\u00e9, comme leur nom et leur salaire mensuel, et le fichier se charge de tout le reste.<\/p>\n<p>Notre fichier Excel gratuit pour g\u00e9rer les salaires en Suisse vous permet de gagner du temps et de vous concentrer sur d&rsquo;autres t\u00e2ches importantes de votre entreprise. Plus besoin de perdre du temps \u00e0 faire des calculs fastidieux \u00e0 la main ! T\u00e9l\u00e9chargez d\u00e8s maintenant notre fichier Excel et simplifiez la gestion des salaires de votre entreprise.<\/p>\n<p>Alors n&rsquo;attendez plus et t\u00e9l\u00e9chargez d\u00e8s maintenant notre fichier Excel gratuit pour g\u00e9rer les salaires de votre entreprise en Suisse. Cliquez sur le lien ci-dessous pour acc\u00e9der au t\u00e9l\u00e9chargement et simplifiez votre gestion de salaires d\u00e8s maintenant !\u00a0\u00bb<\/p>\n<h3 style=\"\" id=\"t-1632994202499\">Quand dois-je pr\u00e9parer les salaires en Suisse?<\/h3>\n<p>En Suisse, il existe des obligations l\u00e9gales en ce qui concerne la pr\u00e9paration et le paiement des salaires. Voici quelques \u00e9l\u00e9ments \u00e0 prendre en compte :<\/p>\n<ul>\n<li>Fr\u00e9quence de paiement : en g\u00e9n\u00e9ral, les salaires doivent \u00eatre pay\u00e9s au moins une fois par mois. Cependant, il est possible de convenir avec les employ\u00e9s d&rsquo;une fr\u00e9quence de paiement diff\u00e9rente, par exemple toutes les deux semaines ou tous les deux mois.<\/li>\n<li>D\u00e9lai de paiement : les salaires doivent \u00eatre pay\u00e9s au plus tard \u00e0 la fin du mois suivant celui au cours duquel ils ont \u00e9t\u00e9 gagn\u00e9s. Par exemple, les salaires du mois de janvier doivent \u00eatre pay\u00e9s au plus tard \u00e0 la fin du mois de f\u00e9vrier.<\/li>\n<li>\u00c9tablissement des bulletins de salaire : il est obligatoire d&rsquo;\u00e9tablir un bulletin de salaire pour chaque employ\u00e9 et de le remettre \u00e0 chaque paiement de salaire. Le bulletin de salaire doit indiquer le montant du salaire brut, les retenues sur salaire (imp\u00f4ts, cotisations sociales, etc.) et le salaire net.<\/li>\n<\/ul>\n<p>Il est recommand\u00e9 de pr\u00e9parer les salaires de mani\u00e8re r\u00e9guli\u00e8re et de respecter les d\u00e9lais de paiement pour \u00e9viter les retards et les probl\u00e8mes avec les employ\u00e9s.<\/p>\n<h3 style=\"\" id=\"t-1632994202500\">Quelles sont les composantes d&rsquo;une fiche de salaire Suisse<\/h3>\n<p>Une fiche de salaire en Suisse doit obligatoirement inclure certaines informations sur le salaire de l&#8217;employ\u00e9. Voici les principales composantes d&rsquo;une fiche de salaire en Suisse :<\/p>\n<ol>\n<li>Nom et pr\u00e9nom de l&#8217;employ\u00e9 : la fiche de salaire doit indiquer le nom et le pr\u00e9nom de l&#8217;employ\u00e9.<\/li>\n<li>Num\u00e9ro AVS: la fiche de salaire doit inclure le num\u00e9ro AVS de l&#8217;employ\u00e9, qui est un num\u00e9ro unique.<\/li>\n<li>P\u00e9riode de travail : la fiche de salaire doit indiquer la p\u00e9riode de travail couverte par le salaire, c&rsquo;est-\u00e0-dire la dur\u00e9e pendant laquelle l&#8217;employ\u00e9 a travaill\u00e9 et a \u00e9t\u00e9 r\u00e9mun\u00e9r\u00e9.<\/li>\n<li>Salaire brut : le salaire brut est le montant total du salaire avant retenues. Il doit \u00eatre indiqu\u00e9 sur la fiche de salaire.<\/li>\n<li>Retenues sur salaire : la fiche de salaire doit indiquer les retenues sur salaire, c&rsquo;est-\u00e0-dire les sommes qui sont d\u00e9duites du salaire brut avant de calculer le salaire net. Ces retenues peuvent inclure les imp\u00f4ts, les cotisations sociales, les pr\u00e9l\u00e8vements obligatoires, etc.<\/li>\n<li>Salaire net : le salaire net est le montant du salaire que l&#8217;employ\u00e9 re\u00e7oit effectivement apr\u00e8s d\u00e9duction des retenues sur salaire.<\/li>\n<\/ol>\n<p><span style=\"\"><img decoding=\"async\" alt=\"Retrouver le plaisir de faire votre comptabilit\u00e9 avec EZYcount\" data-id=\"11311\" width=\"254\" data-init-width=\"600\" height=\"169\" data-init-height=\"400\" title=\"Retrouver le plaisir de faire votre comptabilit\u00e9 avec EZYcount\" loading=\"lazy\" src=\"https:\/\/www.ezycount.ch\/wp-content\/uploads\/2021\/04\/retrouver-le-plaisir-de-faire-votre-comptabilite-avec-EZYcount.jpg\" data-width=\"254\" data-height=\"169\" style=\"\" mt-d=\"0\"><\/span><\/p>\n<h6 style=\"\">Vous cherchez une solution simple de comptabilit\u00e9 suisse? EZYcount est pour vous<\/h6>\n<p>Vous voulez en savoir plus? Voici les contenus EZY les plus consult\u00e9s:<\/p>\n<h4 style=\"\" id=\"t-1632989388655\"><strong>Les contenus les plus consult\u00e9s<\/strong><\/h4>\n<p><a href=\"https:\/\/www.ezycount.ch\/fr\/comment-organiser-facilement-votre-bureau\/\" target=\"_blank\" rel=\"noopener\"><\/a><\/p>\n<p><a href=\"https:\/\/www.ezycount.ch\/fr\/comment-organiser-facilement-votre-bureau\/\" target=\"_blank\" rel=\"noopener\"><\/p>\n<h4 style=\"text-align: left;\" id=\"t-1632989388657\"><span style=\"\">Comment organiser votre bureau ?<\/span><\/h4>\n<p style=\"color: var(--tcb-color-0)  !important; --tcb-applied-color:var$(--tcb-color-0)  !important; text-align: left;\">Organisez votre bureau pour \u00eatre plus efficace dans vos t\u00e2ches administratives.<\/p>\n<p><\/a><a href=\"https:\/\/www.ezycount.ch\/fr\/comment-organiser-facilement-votre-bureau\/\" target=\"_blank\" rel=\"noopener\"><\/a><a href=\"https:\/\/www.ezycount.ch\/fr\/\" target=\"_blank\" rel=\"noopener\"><\/a><\/p>\n<p><a href=\"https:\/\/www.ezycount.ch\/fr\/\" target=\"_blank\" rel=\"noopener\"><\/p>\n<h4 style=\"text-align: left;\" id=\"t-1632989388656\"><span style=\"\">Comment faire ma compta ?<\/span><\/h4>\n<p style=\"color: var(--tcb-color-0)  !important; --tcb-applied-color:var$(--tcb-color-0)  !important; text-align: left;\">Une plateforme de comptabilit\u00e9 et de facturation en ligne s\u00e9curis\u00e9e et facile \u00e0 utiliser, destin\u00e9e aux PME et aux travailleurs ind\u00e9pendants.<\/p>\n<p><\/a><a href=\"https:\/\/www.ezycount.ch\/fr\/\" target=\"_blank\" rel=\"noopener\"><\/a><a href=\"https:\/\/www.ezycount.ch\/fr\/comment-creer-une-facture-legale-en-suisse\/\" target=\"_blank\" rel=\"noopener\"><\/a><\/p>\n<p><a href=\"https:\/\/www.ezycount.ch\/fr\/comment-creer-une-facture-legale-en-suisse\/\" target=\"_blank\" rel=\"noopener\"><\/p>\n<h4 style=\"text-align: left;\" id=\"t-1632989388658\"><span style=\"\">Comment cr\u00e9er des factures suisses ?<\/span><\/h4>\n<p style=\"color: var(--tcb-color-0)  !important; --tcb-applied-color:var$(--tcb-color-0)  !important; text-align: left;\">Trouvez toutes les informations dont vous avez besoin pour cr\u00e9er des factures suisses conformes et compl\u00e8tes.<\/p>\n<p><\/a><a href=\"https:\/\/www.ezycount.ch\/fr\/comment-creer-une-facture-legale-en-suisse\/\" target=\"_blank\" rel=\"noopener\"><\/a><\/p>\n","protected":false},"excerpt":{"rendered":"<p>Feuille Excel gratuite pour la gestion des salaires 2023 Nouvelle version de la feuille Excel gratuite pour g\u00e9rer les salaires. Cette 7e version a \u00e9t\u00e9 cr\u00e9\u00e9e en partenariat avec plusieurs fiduciaires romandes. Vous pouvez g\u00e9rer jusqu&rsquo;\u00e0 trois salari\u00e9s par fichier. Si vous avez besoin d&rsquo;une version g\u00e9rant plus de salari\u00e9s, l&rsquo;\u00e9quipe EZYcount se tient \u00e0 [&hellip;]<\/p>\n","protected":false},"author":2,"featured_media":0,"parent":0,"menu_order":0,"comment_status":"closed","ping_status":"closed","template":"","meta":{"footnotes":""},"class_list":["post-16326","page","type-page","status-publish","hentry","post-wrapper","thrv_wrapper"],"yoast_head":"<!-- This site is optimized with the Yoast SEO plugin v25.3 - https:\/\/yoast.com\/wordpress\/plugins\/seo\/ -->\n<title>Feuille Excel gratuite gestion des salaires 2023 - EZYcount<\/title>\n<meta name=\"description\" content=\"Feuille Excel gratuite pour g\u00e9rer les salaires en Suisse. Profitez de la 7i\u00e8me version cr\u00e9\u00e9e an partenariat avec des fiduciaires locales.\" \/>\n<meta name=\"robots\" content=\"index, follow, max-snippet:-1, max-image-preview:large, max-video-preview:-1\" \/>\n<link rel=\"canonical\" href=\"https:\/\/www.ezycount.ch\/fr\/feuille_excel_gratuite_gestion_salaires_suisses_2023\/\" \/>\n<meta property=\"og:locale\" content=\"fr_FR\" \/>\n<meta property=\"og:type\" content=\"article\" \/>\n<meta property=\"og:title\" content=\"Feuille Excel gratuite gestion des salaires 2023 - EZYcount\" \/>\n<meta property=\"og:description\" content=\"Feuille Excel gratuite pour g\u00e9rer les salaires en Suisse. Profitez de la 7i\u00e8me version cr\u00e9\u00e9e an partenariat avec des fiduciaires locales.\" \/>\n<meta property=\"og:url\" content=\"https:\/\/www.ezycount.ch\/fr\/feuille_excel_gratuite_gestion_salaires_suisses_2023\/\" \/>\n<meta property=\"og:site_name\" content=\"EZYcount\" \/>\n<meta property=\"article:modified_time\" content=\"2022-12-23T21:33:13+00:00\" \/>\n<meta property=\"og:image\" content=\"https:\/\/www.ezycount.ch\/wp-content\/uploads\/2021\/09\/towfiqu-barbhuiya-nApaSgkzaxg-unsplash-scaled.jpg\" \/>\n<meta name=\"twitter:card\" content=\"summary_large_image\" \/>\n<meta name=\"twitter:label1\" content=\"Dur\u00e9e de lecture estim\u00e9e\" \/>\n\t<meta name=\"twitter:data1\" content=\"5 minutes\" \/>\n<script type=\"application\/ld+json\" class=\"yoast-schema-graph\">{\"@context\":\"https:\/\/schema.org\",\"@graph\":[{\"@type\":\"WebPage\",\"@id\":\"https:\/\/www.ezycount.ch\/fr\/feuille_excel_gratuite_gestion_salaires_suisses_2023\/\",\"url\":\"https:\/\/www.ezycount.ch\/fr\/feuille_excel_gratuite_gestion_salaires_suisses_2023\/\",\"name\":\"Feuille Excel gratuite gestion des salaires 2023 - EZYcount\",\"isPartOf\":{\"@id\":\"https:\/\/www.ezycount.ch\/fr\/#website\"},\"primaryImageOfPage\":{\"@id\":\"https:\/\/www.ezycount.ch\/fr\/feuille_excel_gratuite_gestion_salaires_suisses_2023\/#primaryimage\"},\"image\":{\"@id\":\"https:\/\/www.ezycount.ch\/fr\/feuille_excel_gratuite_gestion_salaires_suisses_2023\/#primaryimage\"},\"thumbnailUrl\":\"https:\/\/www.ezycount.ch\/wp-content\/uploads\/2021\/09\/towfiqu-barbhuiya-nApaSgkzaxg-unsplash-scaled.jpg\",\"datePublished\":\"2022-12-23T21:33:12+00:00\",\"dateModified\":\"2022-12-23T21:33:13+00:00\",\"description\":\"Feuille Excel gratuite pour g\u00e9rer les salaires en Suisse. Profitez de la 7i\u00e8me version cr\u00e9\u00e9e an partenariat avec des fiduciaires locales.\",\"breadcrumb\":{\"@id\":\"https:\/\/www.ezycount.ch\/fr\/feuille_excel_gratuite_gestion_salaires_suisses_2023\/#breadcrumb\"},\"inLanguage\":\"fr-FR\",\"potentialAction\":[{\"@type\":\"ReadAction\",\"target\":[\"https:\/\/www.ezycount.ch\/fr\/feuille_excel_gratuite_gestion_salaires_suisses_2023\/\"]}]},{\"@type\":\"ImageObject\",\"inLanguage\":\"fr-FR\",\"@id\":\"https:\/\/www.ezycount.ch\/fr\/feuille_excel_gratuite_gestion_salaires_suisses_2023\/#primaryimage\",\"url\":\"https:\/\/www.ezycount.ch\/wp-content\/uploads\/2021\/09\/towfiqu-barbhuiya-nApaSgkzaxg-unsplash-scaled.jpg\",\"contentUrl\":\"https:\/\/www.ezycount.ch\/wp-content\/uploads\/2021\/09\/towfiqu-barbhuiya-nApaSgkzaxg-unsplash-scaled.jpg\"},{\"@type\":\"BreadcrumbList\",\"@id\":\"https:\/\/www.ezycount.ch\/fr\/feuille_excel_gratuite_gestion_salaires_suisses_2023\/#breadcrumb\",\"itemListElement\":[{\"@type\":\"ListItem\",\"position\":1,\"name\":\"Home\",\"item\":\"https:\/\/www.ezycount.ch\/fr\/\"},{\"@type\":\"ListItem\",\"position\":2,\"name\":\"Feuille Excel gratuite gestion des salaires 2023\"}]},{\"@type\":\"WebSite\",\"@id\":\"https:\/\/www.ezycount.ch\/fr\/#website\",\"url\":\"https:\/\/www.ezycount.ch\/fr\/\",\"name\":\"EZYcount\",\"description\":\"Simplifiez votre comptabilit\u00e9 et gagnez du temps\",\"potentialAction\":[{\"@type\":\"SearchAction\",\"target\":{\"@type\":\"EntryPoint\",\"urlTemplate\":\"https:\/\/www.ezycount.ch\/fr\/?s={search_term_string}\"},\"query-input\":{\"@type\":\"PropertyValueSpecification\",\"valueRequired\":true,\"valueName\":\"search_term_string\"}}],\"inLanguage\":\"fr-FR\"}]}<\/script>\n<!-- \/ Yoast SEO plugin. -->","yoast_head_json":{"title":"Feuille Excel gratuite gestion des salaires 2023 - EZYcount","description":"Feuille Excel gratuite pour g\u00e9rer les salaires en Suisse. Profitez de la 7i\u00e8me version cr\u00e9\u00e9e an partenariat avec des fiduciaires locales.","robots":{"index":"index","follow":"follow","max-snippet":"max-snippet:-1","max-image-preview":"max-image-preview:large","max-video-preview":"max-video-preview:-1"},"canonical":"https:\/\/www.ezycount.ch\/fr\/feuille_excel_gratuite_gestion_salaires_suisses_2023\/","og_locale":"fr_FR","og_type":"article","og_title":"Feuille Excel gratuite gestion des salaires 2023 - EZYcount","og_description":"Feuille Excel gratuite pour g\u00e9rer les salaires en Suisse. Profitez de la 7i\u00e8me version cr\u00e9\u00e9e an partenariat avec des fiduciaires locales.","og_url":"https:\/\/www.ezycount.ch\/fr\/feuille_excel_gratuite_gestion_salaires_suisses_2023\/","og_site_name":"EZYcount","article_modified_time":"2022-12-23T21:33:13+00:00","og_image":[{"url":"https:\/\/www.ezycount.ch\/wp-content\/uploads\/2021\/09\/towfiqu-barbhuiya-nApaSgkzaxg-unsplash-scaled.jpg","type":"","width":"","height":""}],"twitter_card":"summary_large_image","twitter_misc":{"Dur\u00e9e de lecture estim\u00e9e":"5 minutes"},"schema":{"@context":"https:\/\/schema.org","@graph":[{"@type":"WebPage","@id":"https:\/\/www.ezycount.ch\/fr\/feuille_excel_gratuite_gestion_salaires_suisses_2023\/","url":"https:\/\/www.ezycount.ch\/fr\/feuille_excel_gratuite_gestion_salaires_suisses_2023\/","name":"Feuille Excel gratuite gestion des salaires 2023 - EZYcount","isPartOf":{"@id":"https:\/\/www.ezycount.ch\/fr\/#website"},"primaryImageOfPage":{"@id":"https:\/\/www.ezycount.ch\/fr\/feuille_excel_gratuite_gestion_salaires_suisses_2023\/#primaryimage"},"image":{"@id":"https:\/\/www.ezycount.ch\/fr\/feuille_excel_gratuite_gestion_salaires_suisses_2023\/#primaryimage"},"thumbnailUrl":"https:\/\/www.ezycount.ch\/wp-content\/uploads\/2021\/09\/towfiqu-barbhuiya-nApaSgkzaxg-unsplash-scaled.jpg","datePublished":"2022-12-23T21:33:12+00:00","dateModified":"2022-12-23T21:33:13+00:00","description":"Feuille Excel gratuite pour g\u00e9rer les salaires en Suisse. Profitez de la 7i\u00e8me version cr\u00e9\u00e9e an partenariat avec des fiduciaires locales.","breadcrumb":{"@id":"https:\/\/www.ezycount.ch\/fr\/feuille_excel_gratuite_gestion_salaires_suisses_2023\/#breadcrumb"},"inLanguage":"fr-FR","potentialAction":[{"@type":"ReadAction","target":["https:\/\/www.ezycount.ch\/fr\/feuille_excel_gratuite_gestion_salaires_suisses_2023\/"]}]},{"@type":"ImageObject","inLanguage":"fr-FR","@id":"https:\/\/www.ezycount.ch\/fr\/feuille_excel_gratuite_gestion_salaires_suisses_2023\/#primaryimage","url":"https:\/\/www.ezycount.ch\/wp-content\/uploads\/2021\/09\/towfiqu-barbhuiya-nApaSgkzaxg-unsplash-scaled.jpg","contentUrl":"https:\/\/www.ezycount.ch\/wp-content\/uploads\/2021\/09\/towfiqu-barbhuiya-nApaSgkzaxg-unsplash-scaled.jpg"},{"@type":"BreadcrumbList","@id":"https:\/\/www.ezycount.ch\/fr\/feuille_excel_gratuite_gestion_salaires_suisses_2023\/#breadcrumb","itemListElement":[{"@type":"ListItem","position":1,"name":"Home","item":"https:\/\/www.ezycount.ch\/fr\/"},{"@type":"ListItem","position":2,"name":"Feuille Excel gratuite gestion des salaires 2023"}]},{"@type":"WebSite","@id":"https:\/\/www.ezycount.ch\/fr\/#website","url":"https:\/\/www.ezycount.ch\/fr\/","name":"EZYcount","description":"Simplifiez votre comptabilit\u00e9 et gagnez du temps","potentialAction":[{"@type":"SearchAction","target":{"@type":"EntryPoint","urlTemplate":"https:\/\/www.ezycount.ch\/fr\/?s={search_term_string}"},"query-input":{"@type":"PropertyValueSpecification","valueRequired":true,"valueName":"search_term_string"}}],"inLanguage":"fr-FR"}]}},"_links":{"self":[{"href":"https:\/\/www.ezycount.ch\/fr\/wp-json\/wp\/v2\/pages\/16326","targetHints":{"allow":["GET"]}}],"collection":[{"href":"https:\/\/www.ezycount.ch\/fr\/wp-json\/wp\/v2\/pages"}],"about":[{"href":"https:\/\/www.ezycount.ch\/fr\/wp-json\/wp\/v2\/types\/page"}],"author":[{"embeddable":true,"href":"https:\/\/www.ezycount.ch\/fr\/wp-json\/wp\/v2\/users\/2"}],"replies":[{"embeddable":true,"href":"https:\/\/www.ezycount.ch\/fr\/wp-json\/wp\/v2\/comments?post=16326"}],"version-history":[{"count":9,"href":"https:\/\/www.ezycount.ch\/fr\/wp-json\/wp\/v2\/pages\/16326\/revisions"}],"predecessor-version":[{"id":16357,"href":"https:\/\/www.ezycount.ch\/fr\/wp-json\/wp\/v2\/pages\/16326\/revisions\/16357"}],"wp:attachment":[{"href":"https:\/\/www.ezycount.ch\/fr\/wp-json\/wp\/v2\/media?parent=16326"}],"curies":[{"name":"wp","href":"https:\/\/api.w.org\/{rel}","templated":true}]}}