{"id":1889,"date":"2018-06-12T20:01:54","date_gmt":"2018-06-12T20:01:54","guid":{"rendered":"https:\/\/www.ezycount.ch\/?page_id=1889"},"modified":"2018-06-12T20:01:54","modified_gmt":"2018-06-12T20:01:54","slug":"telecharger-la-presentation-ezycount-ai-du-11-06-2018","status":"publish","type":"page","link":"https:\/\/www.ezycount.ch\/fr\/telecharger-la-presentation-ezycount-ai-du-11-06-2018\/","title":{"rendered":"T\u00e9l\u00e9charger la pr\u00e9sentation EZYcount AI du 11.06.2018"},"content":{"rendered":"<h1 data-css=\"tve-u-15f28c4e9ad\" style=\"text-align: center;\"><strong>EZYcount ai automatise <\/strong><strong>la comptabilit\u00e9<\/strong><\/h1>\n<p><span class=\"tve_image_frame\" style=\"width: 100%;\"><img loading=\"lazy\" decoding=\"async\" class=\"tve_image wp-image-6910\" alt=\"\" width=\"512\" height=\"512\" title=\"ebook_icon_4\" data-id=\"6910\" src=\"\/\/www.ezycount.ch\/wp-content\/uploads\/tcb_lp_templates\/templates\/css\/images\/ebook_icon_4.png\" style=\"width: 100%;\"><\/span><span class=\"tve_image_frame\" style=\"width: 100%;\"><img loading=\"lazy\" decoding=\"async\" class=\"tve_image wp-image-6909\" alt=\"\" width=\"512\" height=\"512\" title=\"pdf_icon\" data-id=\"6909\" src=\"\/\/www.ezycount.ch\/wp-content\/uploads\/tcb_lp_templates\/templates\/css\/images\/pdf_icon-1.png\" style=\"width: 100%;\"><\/span><span class=\"tve_image_frame\" style=\"width: 100%;\"><img loading=\"lazy\" decoding=\"async\" class=\"tve_image wp-image-6907\" alt=\"\" width=\"512\" height=\"512\" title=\"video_player_icon_13\" data-id=\"6907\" src=\"\/\/www.ezycount.ch\/wp-content\/uploads\/tcb_lp_templates\/templates\/css\/images\/video_player_icon_13.png\" style=\"width: 100%;\"><\/span><\/p>\n<p>T\u00e9l\u00e9chargez la pr\u00e9sentation faite par Vivien le 11 juin 2018 sur EZYcount AI en inscrivant votre email ci-dessous.<\/p>\n<p data-css=\"tve-u-163f4cefb27\">En t\u00e9l\u00e9chargeant la pr\u00e9sentation, vous acceptez d&rsquo;\u00eatre contact\u00e9 par email avec des informations sur la vente de EZYcount Taal.<\/p>\n<p style=\"text-align: center;\">EZYcount by superVX AG &#8211; Tous droits r\u00e9serv\u00e9s | \u200b<a href=\"https:\/\/www.ezycount.ch\/fr\/conditions-generales-et-protection-des-donnees\/\" target=\"_blank\" rel=\"noopener noreferrer\">CG | Protection des donn\u00e9es<\/a><\/p>\n","protected":false},"excerpt":{"rendered":"<p>EZYcount ai automatise la comptabilit\u00e9 T\u00e9l\u00e9chargez la pr\u00e9sentation faite par Vivien le 11 juin 2018 sur EZYcount AI en inscrivant votre email ci-dessous. En t\u00e9l\u00e9chargeant la pr\u00e9sentation, vous acceptez d&rsquo;\u00eatre contact\u00e9 par email avec des informations sur la vente de EZYcount Taal. EZYcount by superVX AG &#8211; Tous droits r\u00e9serv\u00e9s | \u200bCG | Protection des [&hellip;]<\/p>\n","protected":false},"author":2,"featured_media":0,"parent":0,"menu_order":0,"comment_status":"closed","ping_status":"closed","template":"","meta":{"footnotes":""},"class_list":["post-1889","page","type-page","status-publish","hentry","post-wrapper","thrv_wrapper"],"yoast_head":"<!-- This site is optimized with the Yoast SEO plugin v25.3 - https:\/\/yoast.com\/wordpress\/plugins\/seo\/ -->\n<title>T\u00e9l\u00e9charger la pr\u00e9sentation EZYcount AI du 11.06.2018 - EZYcount<\/title>\n<meta name=\"robots\" content=\"index, follow, max-snippet:-1, max-image-preview:large, max-video-preview:-1\" \/>\n<link rel=\"canonical\" href=\"https:\/\/www.ezycount.ch\/fr\/telecharger-la-presentation-ezycount-ai-du-11-06-2018\/\" \/>\n<meta property=\"og:locale\" content=\"fr_FR\" \/>\n<meta property=\"og:type\" content=\"article\" \/>\n<meta property=\"og:title\" content=\"T\u00e9l\u00e9charger la pr\u00e9sentation EZYcount AI du 11.06.2018 - EZYcount\" \/>\n<meta property=\"og:description\" content=\"EZYcount ai automatise la comptabilit\u00e9 T\u00e9l\u00e9chargez la pr\u00e9sentation faite par Vivien le 11 juin 2018 sur EZYcount AI en inscrivant votre email ci-dessous. En t\u00e9l\u00e9chargeant la pr\u00e9sentation, vous acceptez d&rsquo;\u00eatre contact\u00e9 par email avec des informations sur la vente de EZYcount Taal. EZYcount by superVX AG &#8211; Tous droits r\u00e9serv\u00e9s | \u200bCG | Protection des [&hellip;]\" \/>\n<meta property=\"og:url\" content=\"https:\/\/www.ezycount.ch\/fr\/telecharger-la-presentation-ezycount-ai-du-11-06-2018\/\" \/>\n<meta property=\"og:site_name\" content=\"EZYcount\" \/>\n<meta property=\"og:image\" content=\"\/\/www.ezycount.ch\/wp-content\/uploads\/tcb_lp_templates\/templates\/css\/images\/ebook_icon_4.png\" \/>\n<meta name=\"twitter:card\" content=\"summary_large_image\" \/>\n<script type=\"application\/ld+json\" class=\"yoast-schema-graph\">{\"@context\":\"https:\/\/schema.org\",\"@graph\":[{\"@type\":\"WebPage\",\"@id\":\"https:\/\/www.ezycount.ch\/fr\/telecharger-la-presentation-ezycount-ai-du-11-06-2018\/\",\"url\":\"https:\/\/www.ezycount.ch\/fr\/telecharger-la-presentation-ezycount-ai-du-11-06-2018\/\",\"name\":\"T\u00e9l\u00e9charger la pr\u00e9sentation EZYcount AI du 11.06.2018 - EZYcount\",\"isPartOf\":{\"@id\":\"https:\/\/www.ezycount.ch\/fr\/#website\"},\"datePublished\":\"2018-06-12T20:01:54+00:00\",\"breadcrumb\":{\"@id\":\"https:\/\/www.ezycount.ch\/fr\/telecharger-la-presentation-ezycount-ai-du-11-06-2018\/#breadcrumb\"},\"inLanguage\":\"fr-FR\",\"potentialAction\":[{\"@type\":\"ReadAction\",\"target\":[\"https:\/\/www.ezycount.ch\/fr\/telecharger-la-presentation-ezycount-ai-du-11-06-2018\/\"]}]},{\"@type\":\"BreadcrumbList\",\"@id\":\"https:\/\/www.ezycount.ch\/fr\/telecharger-la-presentation-ezycount-ai-du-11-06-2018\/#breadcrumb\",\"itemListElement\":[{\"@type\":\"ListItem\",\"position\":1,\"name\":\"Home\",\"item\":\"https:\/\/www.ezycount.ch\/fr\/\"},{\"@type\":\"ListItem\",\"position\":2,\"name\":\"T\u00e9l\u00e9charger la pr\u00e9sentation EZYcount AI du 11.06.2018\"}]},{\"@type\":\"WebSite\",\"@id\":\"https:\/\/www.ezycount.ch\/fr\/#website\",\"url\":\"https:\/\/www.ezycount.ch\/fr\/\",\"name\":\"EZYcount\",\"description\":\"Simplifiez votre comptabilit\u00e9 et gagnez du temps\",\"potentialAction\":[{\"@type\":\"SearchAction\",\"target\":{\"@type\":\"EntryPoint\",\"urlTemplate\":\"https:\/\/www.ezycount.ch\/fr\/?s={search_term_string}\"},\"query-input\":{\"@type\":\"PropertyValueSpecification\",\"valueRequired\":true,\"valueName\":\"search_term_string\"}}],\"inLanguage\":\"fr-FR\"}]}<\/script>\n<!-- \/ Yoast SEO plugin. -->","yoast_head_json":{"title":"T\u00e9l\u00e9charger la pr\u00e9sentation EZYcount AI du 11.06.2018 - EZYcount","robots":{"index":"index","follow":"follow","max-snippet":"max-snippet:-1","max-image-preview":"max-image-preview:large","max-video-preview":"max-video-preview:-1"},"canonical":"https:\/\/www.ezycount.ch\/fr\/telecharger-la-presentation-ezycount-ai-du-11-06-2018\/","og_locale":"fr_FR","og_type":"article","og_title":"T\u00e9l\u00e9charger la pr\u00e9sentation EZYcount AI du 11.06.2018 - EZYcount","og_description":"EZYcount ai automatise la comptabilit\u00e9 T\u00e9l\u00e9chargez la pr\u00e9sentation faite par Vivien le 11 juin 2018 sur EZYcount AI en inscrivant votre email ci-dessous. En t\u00e9l\u00e9chargeant la pr\u00e9sentation, vous acceptez d&rsquo;\u00eatre contact\u00e9 par email avec des informations sur la vente de EZYcount Taal. EZYcount by superVX AG &#8211; Tous droits r\u00e9serv\u00e9s | \u200bCG | Protection des [&hellip;]","og_url":"https:\/\/www.ezycount.ch\/fr\/telecharger-la-presentation-ezycount-ai-du-11-06-2018\/","og_site_name":"EZYcount","og_image":[{"url":"\/\/www.ezycount.ch\/wp-content\/uploads\/tcb_lp_templates\/templates\/css\/images\/ebook_icon_4.png","type":"","width":"","height":""}],"twitter_card":"summary_large_image","schema":{"@context":"https:\/\/schema.org","@graph":[{"@type":"WebPage","@id":"https:\/\/www.ezycount.ch\/fr\/telecharger-la-presentation-ezycount-ai-du-11-06-2018\/","url":"https:\/\/www.ezycount.ch\/fr\/telecharger-la-presentation-ezycount-ai-du-11-06-2018\/","name":"T\u00e9l\u00e9charger la pr\u00e9sentation EZYcount AI du 11.06.2018 - EZYcount","isPartOf":{"@id":"https:\/\/www.ezycount.ch\/fr\/#website"},"datePublished":"2018-06-12T20:01:54+00:00","breadcrumb":{"@id":"https:\/\/www.ezycount.ch\/fr\/telecharger-la-presentation-ezycount-ai-du-11-06-2018\/#breadcrumb"},"inLanguage":"fr-FR","potentialAction":[{"@type":"ReadAction","target":["https:\/\/www.ezycount.ch\/fr\/telecharger-la-presentation-ezycount-ai-du-11-06-2018\/"]}]},{"@type":"BreadcrumbList","@id":"https:\/\/www.ezycount.ch\/fr\/telecharger-la-presentation-ezycount-ai-du-11-06-2018\/#breadcrumb","itemListElement":[{"@type":"ListItem","position":1,"name":"Home","item":"https:\/\/www.ezycount.ch\/fr\/"},{"@type":"ListItem","position":2,"name":"T\u00e9l\u00e9charger la pr\u00e9sentation EZYcount AI du 11.06.2018"}]},{"@type":"WebSite","@id":"https:\/\/www.ezycount.ch\/fr\/#website","url":"https:\/\/www.ezycount.ch\/fr\/","name":"EZYcount","description":"Simplifiez votre comptabilit\u00e9 et gagnez du temps","potentialAction":[{"@type":"SearchAction","target":{"@type":"EntryPoint","urlTemplate":"https:\/\/www.ezycount.ch\/fr\/?s={search_term_string}"},"query-input":{"@type":"PropertyValueSpecification","valueRequired":true,"valueName":"search_term_string"}}],"inLanguage":"fr-FR"}]}},"_links":{"self":[{"href":"https:\/\/www.ezycount.ch\/fr\/wp-json\/wp\/v2\/pages\/1889","targetHints":{"allow":["GET"]}}],"collection":[{"href":"https:\/\/www.ezycount.ch\/fr\/wp-json\/wp\/v2\/pages"}],"about":[{"href":"https:\/\/www.ezycount.ch\/fr\/wp-json\/wp\/v2\/types\/page"}],"author":[{"embeddable":true,"href":"https:\/\/www.ezycount.ch\/fr\/wp-json\/wp\/v2\/users\/2"}],"replies":[{"embeddable":true,"href":"https:\/\/www.ezycount.ch\/fr\/wp-json\/wp\/v2\/comments?post=1889"}],"version-history":[{"count":0,"href":"https:\/\/www.ezycount.ch\/fr\/wp-json\/wp\/v2\/pages\/1889\/revisions"}],"wp:attachment":[{"href":"https:\/\/www.ezycount.ch\/fr\/wp-json\/wp\/v2\/media?parent=1889"}],"curies":[{"name":"wp","href":"https:\/\/api.w.org\/{rel}","templated":true}]}}