{"id":2906,"date":"2018-07-04T07:41:20","date_gmt":"2018-07-04T07:41:20","guid":{"rendered":"https:\/\/www.ezycount.ch\/?page_id=2906"},"modified":"2020-06-30T05:32:19","modified_gmt":"2020-06-30T05:32:19","slug":"equipe","status":"publish","type":"page","link":"https:\/\/www.ezycount.ch\/fr\/equipe\/","title":{"rendered":"\u00c9quipe"},"content":{"rendered":"<h1 style=\"text-align: center;\">L&rsquo;\u00e9quipe<\/h1>\n<p>Notre \u00e9quipe dynamique et digitale est compos\u00e9e de personnes comp\u00e9tentes et d\u00e9vou\u00e9es qui sont \u00e0 votre disposition. Chaque fois que vous avez des questions, quelqu&rsquo;un sera l\u00e0 pour vous soutenir. L&rsquo;\u00e9quipe EZYcount a cr\u00e9\u00e9 une solution unique pour les ind\u00e9pendants et les petites entreprises afin d&rsquo;accomplir rapidement les t\u00e2ches administratives &#8211; \u00e0 un prix abordable. Apprenez-en davantage sur les membres de cette \u00e9quipe exceptionnelle et sur la fa\u00e7on dont ils peuvent vous aider.&nbsp;<\/p>\n<h2>Fondateurs<\/h2>\n<p><strong>Barbara et Vivien sont les co-fondateurs de EZYcount.<\/strong>Ils s&rsquo;assurent que EZYcount est votre solution pr\u00e9f\u00e9r\u00e9e pour vos t\u00e2ches administratives et que vous recevez toujours un soutien amical en cas de besoin.Barbara est titulaire d&rsquo;une ma\u00eetrise en durabilit\u00e9 et innovation sociale ainsi qu&rsquo;un bachelor en administration des affaires. Elle a de l&rsquo;exp\u00e9rience dans un large \u00e9ventail d&rsquo;industries en Suisse.Vivien est titulaire d&rsquo;un master en management international. Il a de nombreuses ann\u00e9es d&rsquo;exp\u00e9rience dans l&rsquo;industrie comptable en tant qu&rsquo;ancien directeur financier en Suisse ou conseiller financier \u00e0 l&rsquo;\u00e9tranger.<\/p>\n<p>L&rsquo;id\u00e9e de cr\u00e9er EZYcount est n\u00e9e lorsque le p\u00e8re de Barbara devait refaire compl\u00e8tement sa comptabilit\u00e9 suit au vol de son ordinateur. Apr\u00e8s quelques jours pass\u00e9s \u00e0 la recherche d&rsquo;un logiciel de comptabilit\u00e9 simple avec sauvegardes automatiques, Barbara et Vivien ont d\u00e9cid\u00e9 de cr\u00e9er une solution de comptabilit\u00e9 en ligne pour les ind\u00e9pendants en Suisse. C&rsquo;est ainsi qu&rsquo;EZYcount a \u00e9t\u00e9 cr\u00e9\u00e9. Depuis lors, les clients EZYcount ont \u00e9conomis\u00e9 du temps et de l&rsquo;argent tout en s&rsquo;assurant que leurs donn\u00e9es sont en s\u00e9curit\u00e9.<\/p>\n<p><span style=\"width: 100%;\"><img loading=\"lazy\" decoding=\"async\" alt=\"\" width=\"2124\" height=\"1488\" title=\"founders\" data-id=\"1840\" src=\"\/\/www.ezycount.ch\/wp-content\/uploads\/2018\/06\/founders.jpg\" style=\"\"><\/span><\/p>\n<h2>Conseillers<\/h2>\n<p>Les conseillers d&rsquo;EZYcount suivent de pr\u00e8s le d\u00e9veloppement de la soci\u00e9t\u00e9 et aident l&rsquo;\u00e9quipe \u00e0 aller plus loin, plus vite et mieux.<\/p>\n<p><span style=\"width: 100%;\"><img loading=\"lazy\" decoding=\"async\" alt=\"\" width=\"150\" height=\"150\" title=\"Kyril-Gossweiler\" data-id=\"1846\" src=\"\/\/www.ezycount.ch\/wp-content\/uploads\/2018\/06\/Kyril-Gossweiler.png\" style=\"\"><\/span><\/p>\n<p style=\"text-align: center;\"><strong>Kyril Gossweiler<\/strong><span style=\"font-size: 16px;\">Marketing<\/span><\/p>\n<p><span style=\"width: 100%;\"><img loading=\"lazy\" decoding=\"async\" alt=\"\" width=\"150\" height=\"150\" title=\"Paul-Peyrot\" data-id=\"1849\" src=\"\/\/www.ezycount.ch\/wp-content\/uploads\/2018\/06\/Paul-Peyrot.png\" style=\"\"><\/span><\/p>\n<p style=\"text-align: center;\"><strong>Paul Peyrot<\/strong><span style=\"font-size: 16px;\">Juridique<\/span><\/p>\n<p><span style=\"width: 100%;\"><img loading=\"lazy\" decoding=\"async\" alt=\"\" width=\"150\" height=\"150\" title=\"Eric-Balet\" data-id=\"1843\" src=\"\/\/www.ezycount.ch\/wp-content\/uploads\/2018\/06\/Eric-Balet.png\" style=\"\"><\/span><\/p>\n<p style=\"text-align: center;\"><strong>Eric Balet<\/strong><span style=\"font-size: 16px;\">Coach Genilem<\/span><\/p>\n<p><span style=\"width: 100%;\"><img loading=\"lazy\" decoding=\"async\" alt=\"\" width=\"150\" height=\"150\" title=\"Sebastien-Dubuis\" data-id=\"1852\" src=\"\/\/www.ezycount.ch\/wp-content\/uploads\/2018\/06\/Sebastien-Dubuis.png\" style=\"\"><\/span><\/p>\n<p style=\"text-align: center;\"><strong>S\u00e9bastien Dubuis<\/strong><span style=\"font-size: 16px;\">Digitale<\/span><\/p>\n<h2>Vous voulez automatiser vos t\u00e2ches administratives ?<\/h2>\n<p>Contacter l&rsquo;\u00e9quipe EZYcount et recevez toutes les informations pertinentes pour automatiser vos t\u00e2ches administratives. Vous pouvez nous contacter <a href=\"https:\/\/www.ezycount.ch\/fr\/nous-contacter\/\" rel=\"nofollow noopener noreferrer\" target=\"_blank\" style=\"outline: none;\">ici<\/a>. Si vous voulez l&rsquo;essayer d&rsquo;abord, assurez-vous d&rsquo;utiliser vos 15 jours d&rsquo;essai gratuit sans aucun engagement !<\/p>\n<\/p>\n<h2>La vision EZYcount<\/h2>\n<p>Chez EZYcount, nous envisageons la comptabilit\u00e9 pour les ind\u00e9pendants et les propri\u00e9taires de petites entreprises comme \u00e9tant automatis\u00e9es. <\/p>\n<p><strong>La mission d&rsquo;EZYcount est d&rsquo;aider et de soutenir les ind\u00e9pendants et les propri\u00e9taires de petites entreprises dans leurs t\u00e2ches administratives afin qu&rsquo;ils puissent se concentrer sur ce qui compte &#8212; leur entreprise et leur famille<\/strong>. <\/p>\n<p>Nous reconnaissons que les t\u00e2ches administratives prennent du temps et emp\u00eachent souvent les ind\u00e9pendants de concentrer leur temps et \u00e9nergie sur leur entreprise et leurs clients. Nous nous concentrons sur l&rsquo;automatisation compl\u00e8te et l&rsquo;am\u00e9lioration constante de nos services pour devenir le num\u00e9ro un de l&rsquo;automatisation comptable.<\/p>\n<h2>Vous \u00eates int\u00e9ress\u00e9 \u00e0 rejoindre l&rsquo;\u00e9quipe ?<\/h2>\n<p><span>EZYcount est \u00e0 la recherche de personnes passionn\u00e9es qui veulent aider les ind\u00e9pendants et les petites entreprises \u00e0 simplifier leurs t\u00e2ches administratives gr\u00e2ce \u00e0 la technologie.Nous offrons des possibilit\u00e9s d&#8217;emploi innovante dans nos bureaux \u200bdigitaux.<\/span><span>N&rsquo;h\u00e9sitez pas \u00e0 nous contacter au sujet des postes ouverts ou si vous pensez pouvoir contribuer \u00e0 l&rsquo;\u00e9quipe d&rsquo;EZYcount de mani\u00e8re positive.Pour toutes demandes de renseignements, veuillez envoyer votre courriel ou votre CV \u00e0<\/span>&nbsp;<span><a href=\"http:\/\/email:hr@ezycount.ch\/\" style=\"outline: none;\">hr@ezycount.ch<\/a><\/span><\/p>\n","protected":false},"excerpt":{"rendered":"<p>L&rsquo;\u00e9quipe Notre \u00e9quipe dynamique et digitale est compos\u00e9e de personnes comp\u00e9tentes et d\u00e9vou\u00e9es qui sont \u00e0 votre disposition. Chaque fois que vous avez des questions, quelqu&rsquo;un sera l\u00e0 pour vous soutenir. L&rsquo;\u00e9quipe EZYcount a cr\u00e9\u00e9 une solution unique pour les ind\u00e9pendants et les petites entreprises afin d&rsquo;accomplir rapidement les t\u00e2ches administratives &#8211; \u00e0 un prix [&hellip;]<\/p>\n","protected":false},"author":2,"featured_media":0,"parent":0,"menu_order":0,"comment_status":"closed","ping_status":"closed","template":"","meta":{"footnotes":""},"class_list":["post-2906","page","type-page","status-publish","hentry","post-wrapper","thrv_wrapper"],"yoast_head":"<!-- This site is optimized with the Yoast SEO plugin v25.3 - https:\/\/yoast.com\/wordpress\/plugins\/seo\/ -->\n<title>\u00c9quipe - EZYcount<\/title>\n<meta name=\"description\" content=\"Notre \u00e9quipe dynamique est en constante croissance et se compose de personnes comp\u00e9tentes et d\u00e9vou\u00e9es qui restent \u00e0 votre disposition.\" \/>\n<meta name=\"robots\" content=\"index, follow, max-snippet:-1, max-image-preview:large, max-video-preview:-1\" \/>\n<link rel=\"canonical\" href=\"https:\/\/www.ezycount.ch\/fr\/equipe\/\" \/>\n<meta property=\"og:locale\" content=\"fr_FR\" \/>\n<meta property=\"og:type\" content=\"article\" \/>\n<meta property=\"og:title\" content=\"\u00c9quipe - EZYcount\" \/>\n<meta property=\"og:description\" content=\"Notre \u00e9quipe dynamique est en constante croissance et se compose de personnes comp\u00e9tentes et d\u00e9vou\u00e9es qui restent \u00e0 votre disposition.\" \/>\n<meta property=\"og:url\" content=\"https:\/\/www.ezycount.ch\/fr\/equipe\/\" \/>\n<meta property=\"og:site_name\" content=\"EZYcount\" \/>\n<meta property=\"article:modified_time\" content=\"2020-06-30T05:32:19+00:00\" \/>\n<meta property=\"og:image\" content=\"\/\/www.ezycount.ch\/wp-content\/uploads\/2018\/06\/founders.jpg\" \/>\n<meta name=\"twitter:card\" content=\"summary_large_image\" \/>\n<meta name=\"twitter:label1\" content=\"Dur\u00e9e de lecture estim\u00e9e\" \/>\n\t<meta name=\"twitter:data1\" content=\"3 minutes\" \/>\n<script type=\"application\/ld+json\" class=\"yoast-schema-graph\">{\"@context\":\"https:\/\/schema.org\",\"@graph\":[{\"@type\":\"WebPage\",\"@id\":\"https:\/\/www.ezycount.ch\/fr\/equipe\/\",\"url\":\"https:\/\/www.ezycount.ch\/fr\/equipe\/\",\"name\":\"\u00c9quipe - EZYcount\",\"isPartOf\":{\"@id\":\"https:\/\/www.ezycount.ch\/fr\/#website\"},\"datePublished\":\"2018-07-04T07:41:20+00:00\",\"dateModified\":\"2020-06-30T05:32:19+00:00\",\"description\":\"Notre \u00e9quipe dynamique est en constante croissance et se compose de personnes comp\u00e9tentes et d\u00e9vou\u00e9es qui restent \u00e0 votre disposition.\",\"breadcrumb\":{\"@id\":\"https:\/\/www.ezycount.ch\/fr\/equipe\/#breadcrumb\"},\"inLanguage\":\"fr-FR\",\"potentialAction\":[{\"@type\":\"ReadAction\",\"target\":[\"https:\/\/www.ezycount.ch\/fr\/equipe\/\"]}]},{\"@type\":\"BreadcrumbList\",\"@id\":\"https:\/\/www.ezycount.ch\/fr\/equipe\/#breadcrumb\",\"itemListElement\":[{\"@type\":\"ListItem\",\"position\":1,\"name\":\"Home\",\"item\":\"https:\/\/www.ezycount.ch\/fr\/\"},{\"@type\":\"ListItem\",\"position\":2,\"name\":\"\u00c9quipe\"}]},{\"@type\":\"WebSite\",\"@id\":\"https:\/\/www.ezycount.ch\/fr\/#website\",\"url\":\"https:\/\/www.ezycount.ch\/fr\/\",\"name\":\"EZYcount\",\"description\":\"Simplifiez votre comptabilit\u00e9 et gagnez du temps\",\"potentialAction\":[{\"@type\":\"SearchAction\",\"target\":{\"@type\":\"EntryPoint\",\"urlTemplate\":\"https:\/\/www.ezycount.ch\/fr\/?s={search_term_string}\"},\"query-input\":{\"@type\":\"PropertyValueSpecification\",\"valueRequired\":true,\"valueName\":\"search_term_string\"}}],\"inLanguage\":\"fr-FR\"}]}<\/script>\n<!-- \/ Yoast SEO plugin. -->","yoast_head_json":{"title":"\u00c9quipe - EZYcount","description":"Notre \u00e9quipe dynamique est en constante croissance et se compose de personnes comp\u00e9tentes et d\u00e9vou\u00e9es qui restent \u00e0 votre disposition.","robots":{"index":"index","follow":"follow","max-snippet":"max-snippet:-1","max-image-preview":"max-image-preview:large","max-video-preview":"max-video-preview:-1"},"canonical":"https:\/\/www.ezycount.ch\/fr\/equipe\/","og_locale":"fr_FR","og_type":"article","og_title":"\u00c9quipe - EZYcount","og_description":"Notre \u00e9quipe dynamique est en constante croissance et se compose de personnes comp\u00e9tentes et d\u00e9vou\u00e9es qui restent \u00e0 votre disposition.","og_url":"https:\/\/www.ezycount.ch\/fr\/equipe\/","og_site_name":"EZYcount","article_modified_time":"2020-06-30T05:32:19+00:00","og_image":[{"url":"\/\/www.ezycount.ch\/wp-content\/uploads\/2018\/06\/founders.jpg","type":"","width":"","height":""}],"twitter_card":"summary_large_image","twitter_misc":{"Dur\u00e9e de lecture estim\u00e9e":"3 minutes"},"schema":{"@context":"https:\/\/schema.org","@graph":[{"@type":"WebPage","@id":"https:\/\/www.ezycount.ch\/fr\/equipe\/","url":"https:\/\/www.ezycount.ch\/fr\/equipe\/","name":"\u00c9quipe - EZYcount","isPartOf":{"@id":"https:\/\/www.ezycount.ch\/fr\/#website"},"datePublished":"2018-07-04T07:41:20+00:00","dateModified":"2020-06-30T05:32:19+00:00","description":"Notre \u00e9quipe dynamique est en constante croissance et se compose de personnes comp\u00e9tentes et d\u00e9vou\u00e9es qui restent \u00e0 votre disposition.","breadcrumb":{"@id":"https:\/\/www.ezycount.ch\/fr\/equipe\/#breadcrumb"},"inLanguage":"fr-FR","potentialAction":[{"@type":"ReadAction","target":["https:\/\/www.ezycount.ch\/fr\/equipe\/"]}]},{"@type":"BreadcrumbList","@id":"https:\/\/www.ezycount.ch\/fr\/equipe\/#breadcrumb","itemListElement":[{"@type":"ListItem","position":1,"name":"Home","item":"https:\/\/www.ezycount.ch\/fr\/"},{"@type":"ListItem","position":2,"name":"\u00c9quipe"}]},{"@type":"WebSite","@id":"https:\/\/www.ezycount.ch\/fr\/#website","url":"https:\/\/www.ezycount.ch\/fr\/","name":"EZYcount","description":"Simplifiez votre comptabilit\u00e9 et gagnez du temps","potentialAction":[{"@type":"SearchAction","target":{"@type":"EntryPoint","urlTemplate":"https:\/\/www.ezycount.ch\/fr\/?s={search_term_string}"},"query-input":{"@type":"PropertyValueSpecification","valueRequired":true,"valueName":"search_term_string"}}],"inLanguage":"fr-FR"}]}},"_links":{"self":[{"href":"https:\/\/www.ezycount.ch\/fr\/wp-json\/wp\/v2\/pages\/2906","targetHints":{"allow":["GET"]}}],"collection":[{"href":"https:\/\/www.ezycount.ch\/fr\/wp-json\/wp\/v2\/pages"}],"about":[{"href":"https:\/\/www.ezycount.ch\/fr\/wp-json\/wp\/v2\/types\/page"}],"author":[{"embeddable":true,"href":"https:\/\/www.ezycount.ch\/fr\/wp-json\/wp\/v2\/users\/2"}],"replies":[{"embeddable":true,"href":"https:\/\/www.ezycount.ch\/fr\/wp-json\/wp\/v2\/comments?post=2906"}],"version-history":[{"count":0,"href":"https:\/\/www.ezycount.ch\/fr\/wp-json\/wp\/v2\/pages\/2906\/revisions"}],"wp:attachment":[{"href":"https:\/\/www.ezycount.ch\/fr\/wp-json\/wp\/v2\/media?parent=2906"}],"curies":[{"name":"wp","href":"https:\/\/api.w.org\/{rel}","templated":true}]}}