{"id":4164,"date":"2018-07-15T10:40:05","date_gmt":"2018-07-15T10:40:05","guid":{"rendered":"https:\/\/www.ezycount.ch\/?page_id=4164"},"modified":"2018-07-15T10:40:05","modified_gmt":"2018-07-15T10:40:05","slug":"download-whitepaper-3","status":"publish","type":"page","link":"https:\/\/www.ezycount.ch\/fr\/download-whitepaper-3\/","title":{"rendered":"Download Whitepaper FR"},"content":{"rendered":"<p><span class=\"tve_image_frame\" style=\"width: 100%;\"><img loading=\"lazy\" decoding=\"async\" class=\"tve_image wp-image-3414\" alt=\"EZYcount-Logo\" width=\"800\" height=\"411\" title=\"EZYcount-ICO-Logo-Optimized\" data-id=\"3414\" src=\"\/\/www.ezycount.ch\/wp-content\/uploads\/2018\/07\/EZYcount-ICO-Logo-Optimized.png\" style=\"width: 100%;\" srcset=\"https:\/\/www.ezycount.ch\/wp-content\/uploads\/2018\/07\/EZYcount-ICO-Logo-Optimized.png 800w, https:\/\/www.ezycount.ch\/wp-content\/uploads\/2018\/07\/EZYcount-ICO-Logo-Optimized-300x154.png 300w, https:\/\/www.ezycount.ch\/wp-content\/uploads\/2018\/07\/EZYcount-ICO-Logo-Optimized-768x395.png 768w\" sizes=\"auto, (max-width: 800px) 100vw, 800px\" \/><\/span><\/p>\n<p data-css=\"tve-u-1648ad08651\">Le livre blanc d\u00e9taille notre plan et notre vision pour EZYcount avant, pendant et apr\u00e8s l&rsquo;ICO.T\u00e9l\u00e9chargez le livre blanc et apprenez-en plus sur nos projets pour EZYcount.<\/p>\n<p data-css=\"tve-u-1648ad08654\">\n<p data-css=\"tve-u-1648d0a429d\">Inscrivez-vous \u00e0 la newsletter EZYcount et restez au courant de notre progression !<\/p>\n","protected":false},"excerpt":{"rendered":"<p>Le livre blanc d\u00e9taille notre plan et notre vision pour EZYcount avant, pendant et apr\u00e8s l&rsquo;ICO.T\u00e9l\u00e9chargez le livre blanc et apprenez-en plus sur nos projets pour EZYcount. Inscrivez-vous \u00e0 la newsletter EZYcount et restez au courant de notre progression !<\/p>\n","protected":false},"author":2,"featured_media":0,"parent":0,"menu_order":0,"comment_status":"closed","ping_status":"closed","template":"blank-page.php","meta":{"footnotes":""},"class_list":["post-4164","page","type-page","status-publish","hentry","post-wrapper","thrv_wrapper"],"yoast_head":"<!-- This site is optimized with the Yoast SEO plugin v25.3 - https:\/\/yoast.com\/wordpress\/plugins\/seo\/ -->\n<title>Download Whitepaper FR - EZYcount<\/title>\n<meta name=\"robots\" content=\"noindex, follow\" \/>\n<meta property=\"og:locale\" content=\"fr_FR\" \/>\n<meta property=\"og:type\" content=\"article\" \/>\n<meta property=\"og:title\" content=\"Download Whitepaper FR - EZYcount\" \/>\n<meta property=\"og:description\" content=\"Le livre blanc d\u00e9taille notre plan et notre vision pour EZYcount avant, pendant et apr\u00e8s l&rsquo;ICO.T\u00e9l\u00e9chargez le livre blanc et apprenez-en plus sur nos projets pour EZYcount. Inscrivez-vous \u00e0 la newsletter EZYcount et restez au courant de notre progression !\" \/>\n<meta property=\"og:url\" content=\"https:\/\/www.ezycount.ch\/fr\/download-whitepaper-3\/\" \/>\n<meta property=\"og:site_name\" content=\"EZYcount\" \/>\n<meta property=\"og:image\" content=\"\/\/www.ezycount.ch\/wp-content\/uploads\/2018\/07\/EZYcount-ICO-Logo-Optimized.png\" \/>\n<meta name=\"twitter:card\" content=\"summary_large_image\" \/>\n<script type=\"application\/ld+json\" class=\"yoast-schema-graph\">{\"@context\":\"https:\/\/schema.org\",\"@graph\":[{\"@type\":\"WebPage\",\"@id\":\"https:\/\/www.ezycount.ch\/fr\/download-whitepaper-3\/\",\"url\":\"https:\/\/www.ezycount.ch\/fr\/download-whitepaper-3\/\",\"name\":\"Download Whitepaper FR - EZYcount\",\"isPartOf\":{\"@id\":\"https:\/\/www.ezycount.ch\/fr\/#website\"},\"datePublished\":\"2018-07-15T10:40:05+00:00\",\"breadcrumb\":{\"@id\":\"https:\/\/www.ezycount.ch\/fr\/download-whitepaper-3\/#breadcrumb\"},\"inLanguage\":\"fr-FR\",\"potentialAction\":[{\"@type\":\"ReadAction\",\"target\":[\"https:\/\/www.ezycount.ch\/fr\/download-whitepaper-3\/\"]}]},{\"@type\":\"BreadcrumbList\",\"@id\":\"https:\/\/www.ezycount.ch\/fr\/download-whitepaper-3\/#breadcrumb\",\"itemListElement\":[{\"@type\":\"ListItem\",\"position\":1,\"name\":\"Home\",\"item\":\"https:\/\/www.ezycount.ch\/fr\/\"},{\"@type\":\"ListItem\",\"position\":2,\"name\":\"Download Whitepaper FR\"}]},{\"@type\":\"WebSite\",\"@id\":\"https:\/\/www.ezycount.ch\/fr\/#website\",\"url\":\"https:\/\/www.ezycount.ch\/fr\/\",\"name\":\"EZYcount\",\"description\":\"Simplifiez votre comptabilit\u00e9 et gagnez du temps\",\"potentialAction\":[{\"@type\":\"SearchAction\",\"target\":{\"@type\":\"EntryPoint\",\"urlTemplate\":\"https:\/\/www.ezycount.ch\/fr\/?s={search_term_string}\"},\"query-input\":{\"@type\":\"PropertyValueSpecification\",\"valueRequired\":true,\"valueName\":\"search_term_string\"}}],\"inLanguage\":\"fr-FR\"}]}<\/script>\n<!-- \/ Yoast SEO plugin. -->","yoast_head_json":{"title":"Download Whitepaper FR - EZYcount","robots":{"index":"noindex","follow":"follow"},"og_locale":"fr_FR","og_type":"article","og_title":"Download Whitepaper FR - EZYcount","og_description":"Le livre blanc d\u00e9taille notre plan et notre vision pour EZYcount avant, pendant et apr\u00e8s l&rsquo;ICO.T\u00e9l\u00e9chargez le livre blanc et apprenez-en plus sur nos projets pour EZYcount. Inscrivez-vous \u00e0 la newsletter EZYcount et restez au courant de notre progression !","og_url":"https:\/\/www.ezycount.ch\/fr\/download-whitepaper-3\/","og_site_name":"EZYcount","og_image":[{"url":"\/\/www.ezycount.ch\/wp-content\/uploads\/2018\/07\/EZYcount-ICO-Logo-Optimized.png","type":"","width":"","height":""}],"twitter_card":"summary_large_image","schema":{"@context":"https:\/\/schema.org","@graph":[{"@type":"WebPage","@id":"https:\/\/www.ezycount.ch\/fr\/download-whitepaper-3\/","url":"https:\/\/www.ezycount.ch\/fr\/download-whitepaper-3\/","name":"Download Whitepaper FR - EZYcount","isPartOf":{"@id":"https:\/\/www.ezycount.ch\/fr\/#website"},"datePublished":"2018-07-15T10:40:05+00:00","breadcrumb":{"@id":"https:\/\/www.ezycount.ch\/fr\/download-whitepaper-3\/#breadcrumb"},"inLanguage":"fr-FR","potentialAction":[{"@type":"ReadAction","target":["https:\/\/www.ezycount.ch\/fr\/download-whitepaper-3\/"]}]},{"@type":"BreadcrumbList","@id":"https:\/\/www.ezycount.ch\/fr\/download-whitepaper-3\/#breadcrumb","itemListElement":[{"@type":"ListItem","position":1,"name":"Home","item":"https:\/\/www.ezycount.ch\/fr\/"},{"@type":"ListItem","position":2,"name":"Download Whitepaper FR"}]},{"@type":"WebSite","@id":"https:\/\/www.ezycount.ch\/fr\/#website","url":"https:\/\/www.ezycount.ch\/fr\/","name":"EZYcount","description":"Simplifiez votre comptabilit\u00e9 et gagnez du temps","potentialAction":[{"@type":"SearchAction","target":{"@type":"EntryPoint","urlTemplate":"https:\/\/www.ezycount.ch\/fr\/?s={search_term_string}"},"query-input":{"@type":"PropertyValueSpecification","valueRequired":true,"valueName":"search_term_string"}}],"inLanguage":"fr-FR"}]}},"_links":{"self":[{"href":"https:\/\/www.ezycount.ch\/fr\/wp-json\/wp\/v2\/pages\/4164","targetHints":{"allow":["GET"]}}],"collection":[{"href":"https:\/\/www.ezycount.ch\/fr\/wp-json\/wp\/v2\/pages"}],"about":[{"href":"https:\/\/www.ezycount.ch\/fr\/wp-json\/wp\/v2\/types\/page"}],"author":[{"embeddable":true,"href":"https:\/\/www.ezycount.ch\/fr\/wp-json\/wp\/v2\/users\/2"}],"replies":[{"embeddable":true,"href":"https:\/\/www.ezycount.ch\/fr\/wp-json\/wp\/v2\/comments?post=4164"}],"version-history":[{"count":0,"href":"https:\/\/www.ezycount.ch\/fr\/wp-json\/wp\/v2\/pages\/4164\/revisions"}],"wp:attachment":[{"href":"https:\/\/www.ezycount.ch\/fr\/wp-json\/wp\/v2\/media?parent=4164"}],"curies":[{"name":"wp","href":"https:\/\/api.w.org\/{rel}","templated":true}]}}