{"id":4547,"date":"2018-07-23T11:07:40","date_gmt":"2018-07-23T11:07:40","guid":{"rendered":"https:\/\/www.ezycount.ch\/?page_id=4547"},"modified":"2020-07-27T15:54:21","modified_gmt":"2020-07-27T14:54:21","slug":"rendez-vous-avec-marlene-et-son-equipe","status":"publish","type":"page","link":"https:\/\/www.ezycount.ch\/fr\/rendez-vous-avec-marlene-et-son-equipe\/","title":{"rendered":"Rendez-vous avec Marl\u00e8ne et son \u00e9quipe"},"content":{"rendered":"<h1>Rendez-vous avec Marl\u00e8nee<\/h1>\n<p>Cette page n&rsquo;existe plus. Vous pouvez cependant avoir un rdv avec Vivien en suivant ce lien:&nbsp;<a href=\"https:\/\/www.ezycount.ch\/fr\/rdv-avec-vivien-et-son-equipe\/\">https:\/\/www.ezycount.ch\/fr\/rdv-avec-vivien-et-son-equipe\/<\/a><\/p>\n","protected":false},"excerpt":{"rendered":"<p>Rendez-vous avec Marl\u00e8nee Cette page n&rsquo;existe plus. Vous pouvez cependant avoir un rdv avec Vivien en suivant ce lien:&nbsp;https:\/\/www.ezycount.ch\/fr\/rdv-avec-vivien-et-son-equipe\/<\/p>\n","protected":false},"author":2,"featured_media":0,"parent":0,"menu_order":0,"comment_status":"closed","ping_status":"closed","template":"","meta":{"footnotes":""},"class_list":["post-4547","page","type-page","status-publish","hentry","post-wrapper","thrv_wrapper"],"yoast_head":"<!-- This site is optimized with the Yoast SEO plugin v25.3 - https:\/\/yoast.com\/wordpress\/plugins\/seo\/ -->\n<title>Rendez-vous avec Marl\u00e8ne et son \u00e9quipe - EZYcount<\/title>\n<meta name=\"robots\" content=\"index, follow, max-snippet:-1, max-image-preview:large, max-video-preview:-1\" \/>\n<link rel=\"canonical\" href=\"https:\/\/www.ezycount.ch\/fr\/rendez-vous-avec-marlene-et-son-equipe\/\" \/>\n<meta property=\"og:locale\" content=\"fr_FR\" \/>\n<meta property=\"og:type\" content=\"article\" \/>\n<meta property=\"og:title\" content=\"Rendez-vous avec Marl\u00e8ne et son \u00e9quipe - EZYcount\" \/>\n<meta property=\"og:description\" content=\"Rendez-vous avec Marl\u00e8nee Cette page n&rsquo;existe plus. Vous pouvez cependant avoir un rdv avec Vivien en suivant ce lien:&nbsp;https:\/\/www.ezycount.ch\/fr\/rdv-avec-vivien-et-son-equipe\/\" \/>\n<meta property=\"og:url\" content=\"https:\/\/www.ezycount.ch\/fr\/rendez-vous-avec-marlene-et-son-equipe\/\" \/>\n<meta property=\"og:site_name\" content=\"EZYcount\" \/>\n<meta property=\"article:modified_time\" content=\"2020-07-27T14:54:21+00:00\" \/>\n<meta name=\"twitter:card\" content=\"summary_large_image\" \/>\n<script type=\"application\/ld+json\" class=\"yoast-schema-graph\">{\"@context\":\"https:\/\/schema.org\",\"@graph\":[{\"@type\":\"WebPage\",\"@id\":\"https:\/\/www.ezycount.ch\/fr\/rendez-vous-avec-marlene-et-son-equipe\/\",\"url\":\"https:\/\/www.ezycount.ch\/fr\/rendez-vous-avec-marlene-et-son-equipe\/\",\"name\":\"Rendez-vous avec Marl\u00e8ne et son \u00e9quipe - EZYcount\",\"isPartOf\":{\"@id\":\"https:\/\/www.ezycount.ch\/fr\/#website\"},\"datePublished\":\"2018-07-23T11:07:40+00:00\",\"dateModified\":\"2020-07-27T14:54:21+00:00\",\"breadcrumb\":{\"@id\":\"https:\/\/www.ezycount.ch\/fr\/rendez-vous-avec-marlene-et-son-equipe\/#breadcrumb\"},\"inLanguage\":\"fr-FR\",\"potentialAction\":[{\"@type\":\"ReadAction\",\"target\":[\"https:\/\/www.ezycount.ch\/fr\/rendez-vous-avec-marlene-et-son-equipe\/\"]}]},{\"@type\":\"BreadcrumbList\",\"@id\":\"https:\/\/www.ezycount.ch\/fr\/rendez-vous-avec-marlene-et-son-equipe\/#breadcrumb\",\"itemListElement\":[{\"@type\":\"ListItem\",\"position\":1,\"name\":\"Home\",\"item\":\"https:\/\/www.ezycount.ch\/fr\/\"},{\"@type\":\"ListItem\",\"position\":2,\"name\":\"Rendez-vous avec Marl\u00e8ne et son \u00e9quipe\"}]},{\"@type\":\"WebSite\",\"@id\":\"https:\/\/www.ezycount.ch\/fr\/#website\",\"url\":\"https:\/\/www.ezycount.ch\/fr\/\",\"name\":\"EZYcount\",\"description\":\"Simplifiez votre comptabilit\u00e9 et gagnez du temps\",\"potentialAction\":[{\"@type\":\"SearchAction\",\"target\":{\"@type\":\"EntryPoint\",\"urlTemplate\":\"https:\/\/www.ezycount.ch\/fr\/?s={search_term_string}\"},\"query-input\":{\"@type\":\"PropertyValueSpecification\",\"valueRequired\":true,\"valueName\":\"search_term_string\"}}],\"inLanguage\":\"fr-FR\"}]}<\/script>\n<!-- \/ Yoast SEO plugin. -->","yoast_head_json":{"title":"Rendez-vous avec Marl\u00e8ne et son \u00e9quipe - EZYcount","robots":{"index":"index","follow":"follow","max-snippet":"max-snippet:-1","max-image-preview":"max-image-preview:large","max-video-preview":"max-video-preview:-1"},"canonical":"https:\/\/www.ezycount.ch\/fr\/rendez-vous-avec-marlene-et-son-equipe\/","og_locale":"fr_FR","og_type":"article","og_title":"Rendez-vous avec Marl\u00e8ne et son \u00e9quipe - EZYcount","og_description":"Rendez-vous avec Marl\u00e8nee Cette page n&rsquo;existe plus. Vous pouvez cependant avoir un rdv avec Vivien en suivant ce lien:&nbsp;https:\/\/www.ezycount.ch\/fr\/rdv-avec-vivien-et-son-equipe\/","og_url":"https:\/\/www.ezycount.ch\/fr\/rendez-vous-avec-marlene-et-son-equipe\/","og_site_name":"EZYcount","article_modified_time":"2020-07-27T14:54:21+00:00","twitter_card":"summary_large_image","schema":{"@context":"https:\/\/schema.org","@graph":[{"@type":"WebPage","@id":"https:\/\/www.ezycount.ch\/fr\/rendez-vous-avec-marlene-et-son-equipe\/","url":"https:\/\/www.ezycount.ch\/fr\/rendez-vous-avec-marlene-et-son-equipe\/","name":"Rendez-vous avec Marl\u00e8ne et son \u00e9quipe - EZYcount","isPartOf":{"@id":"https:\/\/www.ezycount.ch\/fr\/#website"},"datePublished":"2018-07-23T11:07:40+00:00","dateModified":"2020-07-27T14:54:21+00:00","breadcrumb":{"@id":"https:\/\/www.ezycount.ch\/fr\/rendez-vous-avec-marlene-et-son-equipe\/#breadcrumb"},"inLanguage":"fr-FR","potentialAction":[{"@type":"ReadAction","target":["https:\/\/www.ezycount.ch\/fr\/rendez-vous-avec-marlene-et-son-equipe\/"]}]},{"@type":"BreadcrumbList","@id":"https:\/\/www.ezycount.ch\/fr\/rendez-vous-avec-marlene-et-son-equipe\/#breadcrumb","itemListElement":[{"@type":"ListItem","position":1,"name":"Home","item":"https:\/\/www.ezycount.ch\/fr\/"},{"@type":"ListItem","position":2,"name":"Rendez-vous avec Marl\u00e8ne et son \u00e9quipe"}]},{"@type":"WebSite","@id":"https:\/\/www.ezycount.ch\/fr\/#website","url":"https:\/\/www.ezycount.ch\/fr\/","name":"EZYcount","description":"Simplifiez votre comptabilit\u00e9 et gagnez du temps","potentialAction":[{"@type":"SearchAction","target":{"@type":"EntryPoint","urlTemplate":"https:\/\/www.ezycount.ch\/fr\/?s={search_term_string}"},"query-input":{"@type":"PropertyValueSpecification","valueRequired":true,"valueName":"search_term_string"}}],"inLanguage":"fr-FR"}]}},"_links":{"self":[{"href":"https:\/\/www.ezycount.ch\/fr\/wp-json\/wp\/v2\/pages\/4547","targetHints":{"allow":["GET"]}}],"collection":[{"href":"https:\/\/www.ezycount.ch\/fr\/wp-json\/wp\/v2\/pages"}],"about":[{"href":"https:\/\/www.ezycount.ch\/fr\/wp-json\/wp\/v2\/types\/page"}],"author":[{"embeddable":true,"href":"https:\/\/www.ezycount.ch\/fr\/wp-json\/wp\/v2\/users\/2"}],"replies":[{"embeddable":true,"href":"https:\/\/www.ezycount.ch\/fr\/wp-json\/wp\/v2\/comments?post=4547"}],"version-history":[{"count":1,"href":"https:\/\/www.ezycount.ch\/fr\/wp-json\/wp\/v2\/pages\/4547\/revisions"}],"predecessor-version":[{"id":8738,"href":"https:\/\/www.ezycount.ch\/fr\/wp-json\/wp\/v2\/pages\/4547\/revisions\/8738"}],"wp:attachment":[{"href":"https:\/\/www.ezycount.ch\/fr\/wp-json\/wp\/v2\/media?parent=4547"}],"curies":[{"name":"wp","href":"https:\/\/api.w.org\/{rel}","templated":true}]}}