{"id":5838,"date":"2018-12-08T21:47:43","date_gmt":"2018-12-08T21:47:43","guid":{"rendered":"https:\/\/www.ezycount.ch\/?page_id=5838"},"modified":"2024-05-15T09:40:52","modified_gmt":"2024-05-15T08:40:52","slug":"ressources-gratuites","status":"publish","type":"page","link":"https:\/\/www.ezycount.ch\/fr\/ressources-gratuites\/","title":{"rendered":"Ressources gratuites"},"content":{"rendered":"<h1>Ressources gratuites<\/h1>\n<p><span style=\"color: var(--tcb-color-0);\">Retrouvez une liste de ressources gratuites \u00e0 t\u00e9l\u00e9charger pour g\u00e9rer efficacement votre activit\u00e9 d&rsquo;ind\u00e9pendant(e) et entrepreneur(e).<\/span><\/p>\n<p><span style=\"color: var(--tcb-color-0);\">Est-ce que vous avez besoin d&rsquo;une ressource sp\u00e9cifique? Envoyez vos demandes \u00e0<\/span><span style=\"color: rgb(245, 168, 28);\"><a href=\"mailto:support@ezycount.ch\" style=\"outline: none; display: inline-block;\" target=\"_blank\" rel=\"noopener\">support@ezycount.ch<\/a> <\/span><\/p>\n<p><a href=\"https:\/\/www.ezycount.ch\/fr\/ressources-gratuites\/comment_creer_une_association_guide_complet\/\" rel=\"\"><\/p>\n<h2 style=\"text-align: center;\"><span style=\"text-decoration: underline;\">Guide Complet pour Cr\u00e9er une Association<\/span><\/h2>\n<p style=\"text-align: center;\">D\u00e9couvrez notre Guide Complet pour Cr\u00e9er une Association, un outil essentiel con\u00e7u pour vous accompagner minutieusement \u00e0 chaque \u00e9tape de votre projet associatif. Ce guide vous fournira toutes les informations n\u00e9cessaires pour r\u00e9ussir et garantir le succ\u00e8s de votre initiative.<\/p>\n<p><\/a><a href=\"https:\/\/www.ezycount.ch\/fr\/feuille_excel_gratuite_gestion_salaires_suisses_2023\/\" rel=\"\"><\/p>\n<h2 style=\"text-align: center;\"><span style=\"text-decoration: underline;\">Feuille Excel EZYsalaire 2023 v7<\/span><\/h2>\n<p style=\"text-align: center;\">Mod\u00e8le Excel 2023 pour calculer des salaires en Suisse et pour cr\u00e9er les fiches de paie.<\/p>\n<p><\/a><a href=\"https:\/\/www.ezycount.ch\/fr\/quelle-est-la-definition-de-la-comptabilite\/\" rel=\"\"><\/p>\n<h2 style=\"text-align: center;\"><span style=\"text-decoration: underline;\">La d\u00e9finition de la comptabilit\u00e9<\/span><\/h2>\n<p style=\"\">La comptabilit\u00e9 est un sujet toujours d&rsquo;actualit\u00e9 car, sans elle, les entreprises ne peuvent tout simplement pas fonctionner. Apprenez-en davantage \u00e0 ce sujet.<\/p>\n<p><\/a><a href=\"https:\/\/www.ezycount.ch\/fr\/quest-ce-quun-rapport-annuel\/\" rel=\"\"><\/p>\n<h2 style=\"text-align: center;\"><span style=\"text-decoration: underline;\">Lignes directrices et mod\u00e8le de rapport annuel pour les freelances<\/span><\/h2>\n<p style=\"\">Le rapport annuel contient une multitude d&rsquo;informations. Et ces informations peuvent \u00eatre b\u00e9n\u00e9fiques pour de nombreuses personnes.<\/p>\n<p><\/a><a href=\"https:\/\/www.ezycount.ch\/fr\/les-meilleurs-outils-pour-les-petites-entreprises-en-2021\/\" rel=\"\"><\/p>\n<h2 style=\"text-align: center;\"><span style=\"text-decoration: underline;\">Ma liste des outils digitaux indispensables pour ind\u00e9pendants et petites entreprises en 2021<\/span><\/h2>\n<p style=\"\">Tout se digitalise \u00e0 grande vitesse. Profitez de ces changements et d\u00e9cuplez votre efficacit\u00e9 au travail avec les outils qui sont dans ma liste des outils digitaux indispensable en 2021.<\/p>\n<p><\/a><a href=\"https:\/\/www.ezycount.ch\/fr\/quelles-sont-les-erreurs-habituelles-en-comptabilite\/\" rel=\"\"><\/p>\n<h2 style=\"text-align: center;\"><span style=\"text-decoration: underline;\">Les erreurs habituelles en comptabilit\u00e9<\/span><\/h2>\n<p style=\"\">Vous trouverez dans cet article toutes les informations dont vous avez besoin pour \u00e9viter les erreurs habituelles en comptabilit\u00e9<\/p>\n<p><\/a><a href=\"https:\/\/www.ezycount.ch\/fr\/comment-creer-une-facture-legale-en-suisse\/\" rel=\"\"><\/p>\n<h2 style=\"text-align: center;\"><span style=\"text-decoration: underline;\">Comment cr\u00e9er une facture l\u00e9gale en Suisse?<\/span><\/h2>\n<p style=\"text-align: left;\">Envoyer des factures c&rsquo;est bien. Recevoir l&rsquo;argent c&rsquo;est encore mieux. Retrouvez toutes les informations n\u00e9cessaires pour cr\u00e9er des factures suisses conformes et compl\u00e8tes.<\/p>\n<p><\/a><a href=\"https:\/\/www.ezycount.ch\/fr\/comment-apprendre-la-comptabilite-en-7-jours\/\" target=\"_blank\" rel=\"noopener\"><\/p>\n<h2 style=\"text-align: center;\"><span style=\"text-decoration: underline;\">Comment apprendre la comptabilit\u00e9 en 7 jours?<\/span><\/h2>\n<p style=\"\">Apprenez d&rsquo;un professionnel &#8211; chaque jour, une vid\u00e9o sur un sujet sp\u00e9cifique.<\/p>\n<p><\/a><a href=\"https:\/\/www.ezycount.ch\/fr\/feuille-de-calcul-des-salaires-suisses-2022-excel-gratuit\/\" rel=\"noopener\" target=\"_blank\"><\/p>\n<h2 style=\"text-align: center;\"><span style=\"text-decoration: underline;\">Feuille Excel EZYsalaire 2022 v6<\/span><\/h2>\n<p style=\"text-align: center;\">Mod\u00e8le Excel pour calculer des salaires en Suisse et pour cr\u00e9er les fiches de paie.<\/p>\n<p><\/a><a href=\"https:\/\/www.ezycount.ch\/fr\/comment-faire-de-la-comptabilite-sur-excel\/\" rel=\"\"><\/p>\n<h2 style=\"text-align: center;\"><span style=\"text-decoration: underline;\">Comment faire votre comptabilit\u00e9 en feuille Excel?<\/span><\/h2>\n<p style=\"\">Utilisez un mod\u00e8le complet mais simple sur Excel pour tenir votre comptabilit\u00e9 est possible. Suivez-les instructions.<\/p>\n<p><\/a><a href=\"https:\/\/www.ezycount.ch\/fr\/les-expression-comptable\/\" rel=\"\"><\/p>\n<h2 style=\"text-align: center;\">Dictionnaire de la comptabilit\u00e9 suisse<\/h2>\n<p style=\"\">Commencez votre voyage comptable depuis l&rsquo;\u00eatre avec ce dictionnaire. Seulement l&rsquo;expression la plus importante dans le syst\u00e8me comptable suisse.<\/p>\n<p><\/a><a href=\"https:\/\/www.ezycount.ch\/fr\/comment-comptabiliser-automatiquement-votre-releve-de-carte-de-credit\/\" rel=\"\"><\/p>\n<h2 style=\"text-align: center;\"><span style=\"text-decoration: underline;\">Comment comptabiliser automatiquement votre relev\u00e9 de carte de cr\u00e9dit?<\/span><\/h2>\n<p style=\"\"><span data-preserver-spaces=\"true\" style=\"\"><span style=\"\">Vous avez re\u00e7u votre relev\u00e9 de carte de cr\u00e9dit et vous ne savez pas quoi faire ?<\/span><\/span><\/p>\n<p><\/a><a href=\"https:\/\/www.ezycount.ch\/fr\/comment-devenir-un-independant-ou-un-freelance\/\" rel=\"\"><\/p>\n<h2 style=\"text-align: center;\"><span style=\"text-decoration: underline;\">Comment devenir un ind\u00e9pendant ou un freelance?<\/span><\/h2>\n<p style=\"\">Cr\u00e9er sa propre entreprise est une tr\u00e8s bonne id\u00e9e. Pr\u00e9parez-vous avec notre guide et assurez-vous d&rsquo;\u00eatre pr\u00eat.<\/p>\n<p><\/a><a href=\"https:\/\/www.ezycount.ch\/fr\/modele-detiquette-de-classeur\/\" rel=\"\"><\/p>\n<h2 style=\"text-align: center;\"><span style=\"text-decoration: underline;\">Mod\u00e8le \u00e9tiquettes dos de classeurs<\/span><\/h2>\n<p>Cr\u00e9ez de belles \u00e9tiquettes de dos de classeurs rapidement avec ce mod\u00e8le Word.<\/p>\n<p><\/a><a href=\"https:\/\/www.ezycount.ch\/fr\/etiquettes-de-classeur-pour-mac\/\" rel=\"\"><\/p>\n<h2 style=\"text-align: center;\"><span style=\"text-decoration: underline;\">Mod\u00e8le bien \u00e9tabli d&rsquo;\u00e9tiquettes de classeur gratuites pour les pages des iMac, MacBooks et iPads<\/span><\/h2>\n<p style=\"\">Gagnez du temps gr\u00e2ce \u00e0 notre mod\u00e8le de Pages d&rsquo;\u00e9tiquettes de classeur bien \u00e9tabli.<\/p>\n<p><\/a><a href=\"https:\/\/www.ezycount.ch\/fr\/startup-valuation-model-free-excel\/\" rel=\"\"><\/p>\n<h2 style=\"text-align: center;\"><span style=\"text-decoration: underline;\">Mod\u00e8le de valorisation d&rsquo;une startup<\/span><\/h2>\n<p>Mod\u00e8le Excel pour calculer la valeur de votre startup quand elle ne fait pas encore de b\u00e9n\u00e9fice ou tr\u00e8s peu.<\/p>\n<p><\/a><a href=\"https:\/\/www.ezycount.ch\/fr\/nouveau-plugin-pour-wordpress\/\" rel=\"\"><\/p>\n<h1 data-alt-text=\"Introduction\" style=\"text-align: center;\"><span style=\"text-decoration: underline;\">Comptabilisez &nbsp;automatiquement les ventes de votre site WordPress<\/span><\/h1>\n<p style=\"text-align: left;\">D\u00e9couvrez comment vous pouvez rapidement et sans besoin de coder lier votre site ecommerce WordPress-Woocommerce avec EZYcount pour que chaque vente soit directement comptabilis\u00e9e dans votre comptabilit\u00e9.<\/p>\n<p><\/a><a href=\"https:\/\/www.ezycount.ch\/fr\/comment-organiser-facilement-votre-bureau\/\" rel=\"\"><\/p>\n<h2 style=\"text-align: center;\"><span style=\"text-decoration: underline;\">Comment organiser facilement votre bureau?<\/span><\/h2>\n<p>Ranger et organiser son bureau pour \u00eatre plus efficace dans ses t\u00e2ches administratives.<\/p>\n<p><\/a><a href=\"https:\/\/www.ezycount.ch\/feuille-de-calcul-salaires-suisses-excel-gratuite\/\" rel=\"\"><\/p>\n<h2 style=\"text-align: center;\"><span style=\"text-decoration: underline;\">Feuille Excel EZYsalaire 2020 v5<\/span><\/h2>\n<p>Mod\u00e8le Excel pour calculer des salaires en Suisse et pour cr\u00e9er les fiches de paie.<\/p>\n<p><\/a><a href=\"https:\/\/www.ezycount.ch\/fr\/modele-detiquette-de-classeur-pour-libre-office\/\" rel=\"noopener\" target=\"_blank\"><\/p>\n<h1 style=\"text-align: center;\"><span style=\"text-decoration: underline;\">Mod\u00e8le d&rsquo;\u00e9tiquettes de classeur gratuites pour Linux<\/span><\/h1>\n<p>Concevez et cr\u00e9ez rapidement vos propres \u00e9tiquettes de dos de classeur gr\u00e2ce \u00e0 ce mod\u00e8le.<\/p>\n<p><\/a><a href=\"https:\/\/www.ezycount.ch\/fr\/le-calculateur-dimpots-suisse\/\" rel=\"noopener\" target=\"_blank\"><\/p>\n<h1 style=\"color: rgb(245, 168, 28) !important; --tcb-applied-color:rgb(245, 168, 28)  !important; text-align: center;\"><span style=\"text-decoration: underline;\">Calcul de l&rsquo;imp\u00f4t en Suisse<\/span><\/h1>\n<p>En Suisse, nous payons des imp\u00f4ts f\u00e9d\u00e9raux, cantonaux et communaux. Pour payer les bons imp\u00f4ts, vous avez besoin du calculateur d&rsquo;imp\u00f4ts Suisse.<\/p>\n<p><\/a><\/p>\n","protected":false},"excerpt":{"rendered":"<p>Ressources gratuites Retrouvez une liste de ressources gratuites \u00e0 t\u00e9l\u00e9charger pour g\u00e9rer efficacement votre activit\u00e9 d&rsquo;ind\u00e9pendant(e) et entrepreneur(e). Est-ce que vous avez besoin d&rsquo;une ressource sp\u00e9cifique? Envoyez vos demandes \u00e0support@ezycount.ch Guide Complet pour Cr\u00e9er une Association D\u00e9couvrez notre Guide Complet pour Cr\u00e9er une Association, un outil essentiel con\u00e7u pour vous accompagner minutieusement \u00e0 chaque \u00e9tape [&hellip;]<\/p>\n","protected":false},"author":2,"featured_media":0,"parent":0,"menu_order":0,"comment_status":"closed","ping_status":"closed","template":"","meta":{"footnotes":""},"class_list":["post-5838","page","type-page","status-publish","hentry","post-wrapper","thrv_wrapper"],"yoast_head":"<!-- This site is optimized with the Yoast SEO plugin v25.3 - https:\/\/yoast.com\/wordpress\/plugins\/seo\/ -->\n<title>Ressources gratuites - EZYcount<\/title>\n<meta name=\"description\" content=\"Retrouvez des ressources gratuites pour g\u00e9rer efficacement votre activit\u00e9 d&#039;ind\u00e9pendant ou d&#039;entrepreneur. Feuilles Excel, Word et autres...\" \/>\n<meta name=\"robots\" content=\"index, follow, max-snippet:-1, max-image-preview:large, max-video-preview:-1\" \/>\n<link rel=\"canonical\" href=\"https:\/\/www.ezycount.ch\/fr\/ressources-gratuites\/\" \/>\n<meta property=\"og:locale\" content=\"fr_FR\" \/>\n<meta property=\"og:type\" content=\"article\" \/>\n<meta property=\"og:title\" content=\"Ressources gratuites - EZYcount\" \/>\n<meta property=\"og:description\" content=\"Retrouvez des ressources gratuites pour g\u00e9rer efficacement votre activit\u00e9 d&#039;ind\u00e9pendant ou d&#039;entrepreneur. Feuilles Excel, Word et autres...\" \/>\n<meta property=\"og:url\" content=\"https:\/\/www.ezycount.ch\/fr\/ressources-gratuites\/\" \/>\n<meta property=\"og:site_name\" content=\"EZYcount\" \/>\n<meta property=\"article:modified_time\" content=\"2024-05-15T08:40:52+00:00\" \/>\n<meta name=\"twitter:card\" content=\"summary_large_image\" \/>\n<meta name=\"twitter:label1\" content=\"Dur\u00e9e de lecture estim\u00e9e\" \/>\n\t<meta name=\"twitter:data1\" content=\"3 minutes\" \/>\n<script type=\"application\/ld+json\" class=\"yoast-schema-graph\">{\"@context\":\"https:\/\/schema.org\",\"@graph\":[{\"@type\":\"WebPage\",\"@id\":\"https:\/\/www.ezycount.ch\/fr\/ressources-gratuites\/\",\"url\":\"https:\/\/www.ezycount.ch\/fr\/ressources-gratuites\/\",\"name\":\"Ressources gratuites - EZYcount\",\"isPartOf\":{\"@id\":\"https:\/\/www.ezycount.ch\/fr\/#website\"},\"datePublished\":\"2018-12-08T21:47:43+00:00\",\"dateModified\":\"2024-05-15T08:40:52+00:00\",\"description\":\"Retrouvez des ressources gratuites pour g\u00e9rer efficacement votre activit\u00e9 d'ind\u00e9pendant ou d'entrepreneur. Feuilles Excel, Word et autres...\",\"breadcrumb\":{\"@id\":\"https:\/\/www.ezycount.ch\/fr\/ressources-gratuites\/#breadcrumb\"},\"inLanguage\":\"fr-FR\",\"potentialAction\":[{\"@type\":\"ReadAction\",\"target\":[\"https:\/\/www.ezycount.ch\/fr\/ressources-gratuites\/\"]}]},{\"@type\":\"BreadcrumbList\",\"@id\":\"https:\/\/www.ezycount.ch\/fr\/ressources-gratuites\/#breadcrumb\",\"itemListElement\":[{\"@type\":\"ListItem\",\"position\":1,\"name\":\"Home\",\"item\":\"https:\/\/www.ezycount.ch\/fr\/\"},{\"@type\":\"ListItem\",\"position\":2,\"name\":\"Ressources gratuites\"}]},{\"@type\":\"WebSite\",\"@id\":\"https:\/\/www.ezycount.ch\/fr\/#website\",\"url\":\"https:\/\/www.ezycount.ch\/fr\/\",\"name\":\"EZYcount\",\"description\":\"Simplifiez votre comptabilit\u00e9 et gagnez du temps\",\"potentialAction\":[{\"@type\":\"SearchAction\",\"target\":{\"@type\":\"EntryPoint\",\"urlTemplate\":\"https:\/\/www.ezycount.ch\/fr\/?s={search_term_string}\"},\"query-input\":{\"@type\":\"PropertyValueSpecification\",\"valueRequired\":true,\"valueName\":\"search_term_string\"}}],\"inLanguage\":\"fr-FR\"}]}<\/script>\n<!-- \/ Yoast SEO plugin. -->","yoast_head_json":{"title":"Ressources gratuites - EZYcount","description":"Retrouvez des ressources gratuites pour g\u00e9rer efficacement votre activit\u00e9 d'ind\u00e9pendant ou d'entrepreneur. Feuilles Excel, Word et autres...","robots":{"index":"index","follow":"follow","max-snippet":"max-snippet:-1","max-image-preview":"max-image-preview:large","max-video-preview":"max-video-preview:-1"},"canonical":"https:\/\/www.ezycount.ch\/fr\/ressources-gratuites\/","og_locale":"fr_FR","og_type":"article","og_title":"Ressources gratuites - EZYcount","og_description":"Retrouvez des ressources gratuites pour g\u00e9rer efficacement votre activit\u00e9 d'ind\u00e9pendant ou d'entrepreneur. Feuilles Excel, Word et autres...","og_url":"https:\/\/www.ezycount.ch\/fr\/ressources-gratuites\/","og_site_name":"EZYcount","article_modified_time":"2024-05-15T08:40:52+00:00","twitter_card":"summary_large_image","twitter_misc":{"Dur\u00e9e de lecture estim\u00e9e":"3 minutes"},"schema":{"@context":"https:\/\/schema.org","@graph":[{"@type":"WebPage","@id":"https:\/\/www.ezycount.ch\/fr\/ressources-gratuites\/","url":"https:\/\/www.ezycount.ch\/fr\/ressources-gratuites\/","name":"Ressources gratuites - EZYcount","isPartOf":{"@id":"https:\/\/www.ezycount.ch\/fr\/#website"},"datePublished":"2018-12-08T21:47:43+00:00","dateModified":"2024-05-15T08:40:52+00:00","description":"Retrouvez des ressources gratuites pour g\u00e9rer efficacement votre activit\u00e9 d'ind\u00e9pendant ou d'entrepreneur. Feuilles Excel, Word et autres...","breadcrumb":{"@id":"https:\/\/www.ezycount.ch\/fr\/ressources-gratuites\/#breadcrumb"},"inLanguage":"fr-FR","potentialAction":[{"@type":"ReadAction","target":["https:\/\/www.ezycount.ch\/fr\/ressources-gratuites\/"]}]},{"@type":"BreadcrumbList","@id":"https:\/\/www.ezycount.ch\/fr\/ressources-gratuites\/#breadcrumb","itemListElement":[{"@type":"ListItem","position":1,"name":"Home","item":"https:\/\/www.ezycount.ch\/fr\/"},{"@type":"ListItem","position":2,"name":"Ressources gratuites"}]},{"@type":"WebSite","@id":"https:\/\/www.ezycount.ch\/fr\/#website","url":"https:\/\/www.ezycount.ch\/fr\/","name":"EZYcount","description":"Simplifiez votre comptabilit\u00e9 et gagnez du temps","potentialAction":[{"@type":"SearchAction","target":{"@type":"EntryPoint","urlTemplate":"https:\/\/www.ezycount.ch\/fr\/?s={search_term_string}"},"query-input":{"@type":"PropertyValueSpecification","valueRequired":true,"valueName":"search_term_string"}}],"inLanguage":"fr-FR"}]}},"_links":{"self":[{"href":"https:\/\/www.ezycount.ch\/fr\/wp-json\/wp\/v2\/pages\/5838","targetHints":{"allow":["GET"]}}],"collection":[{"href":"https:\/\/www.ezycount.ch\/fr\/wp-json\/wp\/v2\/pages"}],"about":[{"href":"https:\/\/www.ezycount.ch\/fr\/wp-json\/wp\/v2\/types\/page"}],"author":[{"embeddable":true,"href":"https:\/\/www.ezycount.ch\/fr\/wp-json\/wp\/v2\/users\/2"}],"replies":[{"embeddable":true,"href":"https:\/\/www.ezycount.ch\/fr\/wp-json\/wp\/v2\/comments?post=5838"}],"version-history":[{"count":125,"href":"https:\/\/www.ezycount.ch\/fr\/wp-json\/wp\/v2\/pages\/5838\/revisions"}],"predecessor-version":[{"id":16457,"href":"https:\/\/www.ezycount.ch\/fr\/wp-json\/wp\/v2\/pages\/5838\/revisions\/16457"}],"wp:attachment":[{"href":"https:\/\/www.ezycount.ch\/fr\/wp-json\/wp\/v2\/media?parent=5838"}],"curies":[{"name":"wp","href":"https:\/\/api.w.org\/{rel}","templated":true}]}}