{"id":5843,"date":"2018-12-08T21:46:42","date_gmt":"2018-12-08T21:46:42","guid":{"rendered":"https:\/\/www.ezycount.ch\/?page_id=5843"},"modified":"2021-11-09T20:05:54","modified_gmt":"2021-11-09T19:05:54","slug":"startup-valuation-model-free-excel","status":"publish","type":"page","link":"https:\/\/www.ezycount.ch\/fr\/startup-valuation-model-free-excel\/","title":{"rendered":"Startup valuation model \u2013 Free Excel"},"content":{"rendered":"<h1>Mod\u00e8le de valorisation de startup &#8211; Excel gratuite<\/h1>\n<p style=\"text-align: center;\"><a href=\"https:\/\/startupcfo.ch\/\" style=\"outline: none;\" target=\"_blank\" rel=\"noopener\">En collaboration avec startupcfo.ch<\/a><\/p>\n<p><span><a href=\"https:\/\/startupcfo.ch\/\" target=\"_blank\" rel=\"noopener\"><img decoding=\"async\" loading=\"lazy\" alt=\"logo startupcfo\" data-id=\"6231\" width=\"91\" height=\"59\" title=\"logo startupcfo\" src=\"https:\/\/www.ezycount.ch\/wp-content\/uploads\/2020\/03\/logo_small.png\" style=\"\" data-link-wrap=\"1\" data-width=\"91\" data-height=\"59\" data-init-width=\"500\" data-init-height=\"325\"><\/a><\/span><\/p>\n<p style=\"color: inherit !important; --tcb-applied-color: inherit !important;\">La valorisation d&rsquo;une startup est plus proche d&rsquo;un art que d&rsquo;une science. Dans cet article, nous voyons comment valoriser une entreprise, comment cela s&rsquo;adapte pour une startup et vous trouvez \u00e9galement un mod\u00e8le Excel de valorisation d&rsquo;une startup en t\u00e9l\u00e9chargement gratuit.<\/p>\n<h2 style=\"\">Valorisation d&rsquo;une entreprise<\/h2>\n<p style=\"\">Le mod\u00e8le g\u00e9n\u00e9ralement utilis\u00e9 pour la valorisation d&rsquo;une entreprise est la m\u00e9thode du \u00ab\u00a0discounted cash flow\u00a0\u00bb ou en clair, la valeur actuelle de tous les b\u00e9n\u00e9fices futurs d&rsquo;une entreprise.<\/p>\n<p style=\"\">Cela \u00e0 l&rsquo;air compliqu\u00e9 mais je vais essayer de l&rsquo;expliquer clairement et simplement ici.<\/p>\n<p style=\"\">Tout d\u00e9bute en comprenant la r\u00e9flexion d&rsquo;un investisseur lors d&rsquo;un investissement. Cette r\u00e9flexion est tr\u00e8s similaire quand il\/elle ach\u00e8te une action, un immeuble ou une entreprise, Il\/elle se pose la question: \u00ab\u00a0Combien d&rsquo;argent est-ce que je vais recevoir par ann\u00e9e?\u00a0\u00bb Pour un immeuble, c&rsquo;est la somme des loyers mois tous les frais et les r\u00e9parations\/investissements. Pour une action, c&rsquo;est les dividendes plus ou moins la variation du cours de l&rsquo;action. Pour une entreprise, en simple, c&rsquo;est le b\u00e9n\u00e9fice g\u00e9n\u00e9r\u00e9 chaque ann\u00e9e.<\/p>\n<p style=\"\">Il faut comprendre qu&rsquo;un investisseur peut investir dans plusieurs projets et donc il \u00e9value investir dans une entreprise face \u00e0 investir dans un immeuble ou tout autre possibilit\u00e9. D\u00e8s lors, il cherche \u00e0 savoir combien il va gagner.<\/p>\n<p>Le calcul de la valeur de l&rsquo;entreprise se fait en regardant les r\u00e9sultats financiers des derni\u00e8res ann\u00e9es et en planifiant les 5 \u00e0 7 prochaines ann\u00e9es. On addition les b\u00e9n\u00e9fices et on les multiplie par un ratio pour montrer qu&rsquo;ils ne sont pas encore l\u00e0 mais arrivent dans le futur et hop, on a une valorisation.<\/p>\n<p>Pour une startup, ce n&rsquo;est malheureusement pas aussi simple.<\/p>\n<h2 style=\"\">Valorisation d&rsquo;une startup<\/h2>\n<p style=\"\">Comme une startup n&rsquo;a que tr\u00e8s peu de b\u00e9n\u00e9fice ou m\u00eame un historique de b\u00e9n\u00e9fice et que la soci\u00e9t\u00e9 planifie une forte croissance, les mod\u00e8les utilis\u00e9s pour valoriser une entreprise ne marchent pas.<\/p>\n<p style=\"\">L&rsquo;investisseur va donc essayer de calculer \u00e0 quelle valeur il va pouvoir vendre pour savoir \u00e0 quelle montant il doit acheter maintenant et en gros \u00e0 quelle valorisation.<\/p>\n<p style=\"\">Un investisseur va penser comme ceci: \u00e0 quelle valeur est-ce que je vais pouvoir vendre la soci\u00e9t\u00e9 dans 4, 5 ou 7 ans. Il\/elle va chercher une fa\u00e7on de calculer cela en regardant les plans de croissances mais \u00e9galement si des startups similaires ont \u00e9t\u00e9 achet\u00e9es r\u00e9cemment.<\/p>\n<p style=\"\">Si l&rsquo;investisseur pense qu&rsquo;il peut revendre la soci\u00e9t\u00e9 \u00e0 50 millions dans 5 ans. Il divise ce montant par un coefficient de risque qui peut aller de 60% \u00e0 90% d\u00e9pendant de la startup. Il trouve gr\u00e2ce \u00e0 cela la valeur actuelle apr\u00e8s son investissement.<\/p>\n<p style=\"\">T\u00e9l\u00e9chargez le mod\u00e8le Excel ci-dessous pour essayer vous-m\u00eame pour votre startup!<\/p>\n<p> <strong>Contenus Les Plus Consult\u00e9s<\/strong><\/p>\n<p style=\"\">\n<p>    __CONFIG_colors_palette__{\u00ab\u00a0active_palette\u00a0\u00bb:0,\u00a0\u00bbconfig\u00a0\u00bb:{\u00ab\u00a0colors\u00a0\u00bb:{\u00ab\u00a09bd08\u00a0\u00bb:{\u00ab\u00a0name\u00a0\u00bb:\u00a0\u00bbMain Accent\u00a0\u00bb,\u00a0\u00bbparent\u00a0\u00bb:-1}},\u00a0\u00bbgradients\u00a0\u00bb:[]},\u00a0\u00bbpalettes\u00a0\u00bb:[{\u00ab\u00a0name\u00a0\u00bb:\u00a0\u00bbDefault Palette\u00a0\u00bb,\u00a0\u00bbvalue\u00a0\u00bb:{\u00ab\u00a0colors\u00a0\u00bb:{\u00ab\u00a09bd08\u00a0\u00bb:{\u00ab\u00a0val\u00a0\u00bb:\u00a0\u00bbhsla(var(&#8211;tcb-main-master-h, 210), var(&#8211;tcb-main-master-s, 77%), var(&#8211;tcb-main-master-l, 54%), 1)\u00a0\u00bb}},\u00a0\u00bbgradients\u00a0\u00bb:[]},\u00a0\u00bboriginal\u00a0\u00bb:{\u00ab\u00a0colors\u00a0\u00bb:{\u00ab\u00a09bd08\u00a0\u00bb:{\u00ab\u00a0val\u00a0\u00bb:\u00a0\u00bbrgb(19, 114, 211)\u00a0\u00bb,\u00a0\u00bbhsl\u00a0\u00bb:{\u00ab\u00a0h\u00a0\u00bb:210,\u00a0\u00bbs\u00a0\u00bb:0.83,\u00a0\u00bbl\u00a0\u00bb:0.45}}},\u00a0\u00bbgradients\u00a0\u00bb:[]}}]}__CONFIG_colors_palette__ <a href=\"https:\/\/www.ezycount.ch\/fr\/\" style=\"\" target=\"_blank\" rel=\"noopener\"> <span><span style=\"\">Comptabilit\u00e9<\/span><\/span> <\/a> <\/p>\n<p style=\"\">Une solution simple et s\u00e9curis\u00e9e de comptabilit\u00e9 financi\u00e8re et de facturation en ligne.<\/p>\n<p>      __CONFIG_colors_palette__{\u00ab\u00a0active_palette\u00a0\u00bb:0,\u00a0\u00bbconfig\u00a0\u00bb:{\u00ab\u00a0colors\u00a0\u00bb:{\u00ab\u00a09bd08\u00a0\u00bb:{\u00ab\u00a0name\u00a0\u00bb:\u00a0\u00bbMain Accent\u00a0\u00bb,\u00a0\u00bbparent\u00a0\u00bb:-1}},\u00a0\u00bbgradients\u00a0\u00bb:[]},\u00a0\u00bbpalettes\u00a0\u00bb:[{\u00ab\u00a0name\u00a0\u00bb:\u00a0\u00bbDefault Palette\u00a0\u00bb,\u00a0\u00bbvalue\u00a0\u00bb:{\u00ab\u00a0colors\u00a0\u00bb:{\u00ab\u00a09bd08\u00a0\u00bb:{\u00ab\u00a0val\u00a0\u00bb:\u00a0\u00bbhsla(var(&#8211;tcb-main-master-h, 210), var(&#8211;tcb-main-master-s, 77%), var(&#8211;tcb-main-master-l, 54%), 1)\u00a0\u00bb}},\u00a0\u00bbgradients\u00a0\u00bb:[]},\u00a0\u00bboriginal\u00a0\u00bb:{\u00ab\u00a0colors\u00a0\u00bb:{\u00ab\u00a09bd08\u00a0\u00bb:{\u00ab\u00a0val\u00a0\u00bb:\u00a0\u00bbrgb(19, 114, 211)\u00a0\u00bb,\u00a0\u00bbhsl\u00a0\u00bb:{\u00ab\u00a0h\u00a0\u00bb:210,\u00a0\u00bbs\u00a0\u00bb:0.83,\u00a0\u00bbl\u00a0\u00bb:0.45}}},\u00a0\u00bbgradients\u00a0\u00bb:[]}}]}__CONFIG_colors_palette__ <a href=\"https:\/\/www.ezycount.ch\/fr\/comment-organiser-facilement-votre-bureau\/\" style=\"\" target=\"_blank\" rel=\"noopener\"> <span><span style=\"\">Comment ranger et organiser son bureau?<\/span><\/span> <\/a> <\/p>\n<p style=\"\">Ranger et organiser son bureau pour \u00eatre plus efficace dans ses t\u00e2ches administratives.<\/p>\n<p>      __CONFIG_colors_palette__{\u00ab\u00a0active_palette\u00a0\u00bb:0,\u00a0\u00bbconfig\u00a0\u00bb:{\u00ab\u00a0colors\u00a0\u00bb:{\u00ab\u00a09bd08\u00a0\u00bb:{\u00ab\u00a0name\u00a0\u00bb:\u00a0\u00bbMain Accent\u00a0\u00bb,\u00a0\u00bbparent\u00a0\u00bb:-1}},\u00a0\u00bbgradients\u00a0\u00bb:[]},\u00a0\u00bbpalettes\u00a0\u00bb:[{\u00ab\u00a0name\u00a0\u00bb:\u00a0\u00bbDefault Palette\u00a0\u00bb,\u00a0\u00bbvalue\u00a0\u00bb:{\u00ab\u00a0colors\u00a0\u00bb:{\u00ab\u00a09bd08\u00a0\u00bb:{\u00ab\u00a0val\u00a0\u00bb:\u00a0\u00bbhsla(var(&#8211;tcb-main-master-h, 210), var(&#8211;tcb-main-master-s, 77%), var(&#8211;tcb-main-master-l, 54%), 1)\u00a0\u00bb}},\u00a0\u00bbgradients\u00a0\u00bb:[]},\u00a0\u00bboriginal\u00a0\u00bb:{\u00ab\u00a0colors\u00a0\u00bb:{\u00ab\u00a09bd08\u00a0\u00bb:{\u00ab\u00a0val\u00a0\u00bb:\u00a0\u00bbrgb(19, 114, 211)\u00a0\u00bb,\u00a0\u00bbhsl\u00a0\u00bb:{\u00ab\u00a0h\u00a0\u00bb:210,\u00a0\u00bbs\u00a0\u00bb:0.83,\u00a0\u00bbl\u00a0\u00bb:0.45}}},\u00a0\u00bbgradients\u00a0\u00bb:[]}}]}__CONFIG_colors_palette__ <a href=\"https:\/\/www.ezycount.ch\/fr\/comment-creer-une-facture-legale-en-suisse\/\" style=\"\"> <span><span style=\"\">Facturation suisse<\/span><\/span> <\/a> <\/p>\n<p style=\"\">Retrouvez toutes les informations n\u00e9cessaires pour cr\u00e9er des factures suisses conformes et compl\u00e8tes.<\/p>\n<p>      __CONFIG_colors_palette__{\u00ab\u00a0active_palette\u00a0\u00bb:0,\u00a0\u00bbconfig\u00a0\u00bb:{\u00ab\u00a0colors\u00a0\u00bb:{\u00ab\u00a09bd08\u00a0\u00bb:{\u00ab\u00a0name\u00a0\u00bb:\u00a0\u00bbMain Accent\u00a0\u00bb,\u00a0\u00bbparent\u00a0\u00bb:-1}},\u00a0\u00bbgradients\u00a0\u00bb:[]},\u00a0\u00bbpalettes\u00a0\u00bb:[{\u00ab\u00a0name\u00a0\u00bb:\u00a0\u00bbDefault Palette\u00a0\u00bb,\u00a0\u00bbvalue\u00a0\u00bb:{\u00ab\u00a0colors\u00a0\u00bb:{\u00ab\u00a09bd08\u00a0\u00bb:{\u00ab\u00a0val\u00a0\u00bb:\u00a0\u00bbhsla(var(&#8211;tcb-main-master-h, 210), var(&#8211;tcb-main-master-s, 77%), var(&#8211;tcb-main-master-l, 54%), 1)\u00a0\u00bb}},\u00a0\u00bbgradients\u00a0\u00bb:[]},\u00a0\u00bboriginal\u00a0\u00bb:{\u00ab\u00a0colors\u00a0\u00bb:{\u00ab\u00a09bd08\u00a0\u00bb:{\u00ab\u00a0val\u00a0\u00bb:\u00a0\u00bbrgb(19, 114, 211)\u00a0\u00bb,\u00a0\u00bbhsl\u00a0\u00bb:{\u00ab\u00a0h\u00a0\u00bb:210,\u00a0\u00bbs\u00a0\u00bb:0.83,\u00a0\u00bbl\u00a0\u00bb:0.45}}},\u00a0\u00bbgradients\u00a0\u00bb:[]}}]}__CONFIG_colors_palette__ <a href=\"https:\/\/www.ezycount.ch\/fr\/startup-valuation-model-free-excel\/\" style=\"\" target=\"_blank\" rel=\"noopener\"> <span><span style=\"\">Valorisation de la startup<\/span><\/span> <\/a> <\/p>\n<p style=\"\">Mod\u00e8le Excel gratuit pour calculer la valeur de votre startup lorsqu&rsquo;elle ne fait pas encore de b\u00e9n\u00e9fices ou tr\u00e8s peu.<\/p>\n<p>  __CONFIG_group_edit__{\u00ab\u00a0kbjp1vpj\u00a0\u00bb:{\u00ab\u00a0name\u00a0\u00bb:\u00a0\u00bbAll Logo(s)\u00a0\u00bb,\u00a0\u00bbsingular\u00a0\u00bb:\u00a0\u00bb&#8211; Logo %s\u00a0\u00bb},\u00a0\u00bbkbjp1xfn\u00a0\u00bb:{\u00ab\u00a0name\u00a0\u00bb:\u00a0\u00bbAll Title(s)\u00a0\u00bb,\u00a0\u00bbsingular\u00a0\u00bb:\u00a0\u00bb&#8211; Text %s\u00a0\u00bb},\u00a0\u00bbkbjp22kc\u00a0\u00bb:{\u00ab\u00a0name\u00a0\u00bb:\u00a0\u00bbAll Paragraph(s)\u00a0\u00bb,\u00a0\u00bbsingular\u00a0\u00bb:\u00a0\u00bb&#8211; Text %s\u00a0\u00bb},\u00a0\u00bbkbjp2ag5&Prime;:{\u00ab\u00a0name\u00a0\u00bb:\u00a0\u00bbAll Read Review Button(s)\u00a0\u00bb,\u00a0\u00bbsingular\u00a0\u00bb:\u00a0\u00bb&#8211; Button %s\u00a0\u00bb},\u00a0\u00bbkbjp3xj6&Prime;:{\u00ab\u00a0name\u00a0\u00bb:\u00a0\u00bbAll Visit Website Button(s)\u00a0\u00bb,\u00a0\u00bbsingular\u00a0\u00bb:\u00a0\u00bb&#8211; Button %s\u00a0\u00bb},\u00a0\u00bbkbjp44dp\u00a0\u00bb:{\u00ab\u00a0name\u00a0\u00bb:\u00a0\u00bbAll Buttons Column(s)\u00a0\u00bb,\u00a0\u00bbsingular\u00a0\u00bb:\u00a0\u00bb&#8211; Column %s\u00a0\u00bb},\u00a0\u00bbkbjp4d43&Prime;:{\u00ab\u00a0name\u00a0\u00bb:\u00a0\u00bbAll Text Column(s)\u00a0\u00bb,\u00a0\u00bbsingular\u00a0\u00bb:\u00a0\u00bb&#8211; Column %s\u00a0\u00bb},\u00a0\u00bbkbjp4k9i\u00a0\u00bb:{\u00ab\u00a0name\u00a0\u00bb:\u00a0\u00bbAll Content Box(s)\u00a0\u00bb,\u00a0\u00bbsingular\u00a0\u00bb:\u00a0\u00bb&#8211; Content Box %s\u00a0\u00bb},\u00a0\u00bbkbjp4mck\u00a0\u00bb:{\u00ab\u00a0name\u00a0\u00bb:\u00a0\u00bbAll Content Box(s)\u00a0\u00bb,\u00a0\u00bbsingular\u00a0\u00bb:\u00a0\u00bb&#8211; Content Box %s\u00a0\u00bb}}__CONFIG_group_edit____CONFIG_local_colors__{\u00ab\u00a0colors\u00a0\u00bb:{},\u00a0\u00bbgradients\u00a0\u00bb:{}}__CONFIG_local_colors__   <span style=\"\"><img decoding=\"async\" alt=\"Retrouver le plaisir de faire votre comptabilit\u00e9 avec EZYcount\" data-id=\"11311\" width=\"254\" data-init-width=\"600\" height=\"169\" data-init-height=\"400\" title=\"Retrouver le plaisir de faire votre comptabilit\u00e9 avec EZYcount\" loading=\"lazy\" src=\"https:\/\/www.ezycount.ch\/wp-content\/uploads\/2021\/04\/retrouver-le-plaisir-de-faire-votre-comptabilite-avec-EZYcount.jpg\" data-width=\"254\" data-height=\"169\" style=\"\" mt-d=\"0\"><\/span><\/p>\n<h6 style=\"\">Vous cherchez une solution simple de comptabilit\u00e9 suisse? EZYcount est pour vous<\/h6>\n<h2 style=\"\">Am\u00e9liorer la valorisation de sa startup<\/h2>\n<p style=\"\">Pour am\u00e9liorer la valorisation de sa startup, il faut diminuer le risque d&rsquo;\u00e9chec de son projet. Voici une liste non-exhaustive:<\/p>\n<ul>\n<li style=\"\"><span style=\"color: var(--tcb-skin-color-4)  !important; --tcb-applied-color:var$(--tcb-skin-color-4)  !important;\">Avoir une \u00e9quipe professionnelle, plurielle et efficace.<\/span><\/li>\n<li style=\"\"><span style=\"color: var(--tcb-skin-color-4)  !important; --tcb-applied-color:var$(--tcb-skin-color-4)  !important;\">Montrer de la traction sous forme d&rsquo;augmentation des ventes, augmentation du trafic du site web, augmentation du nombre de parution dans la presse ou alors r\u00e9alisation d&rsquo;\u00e9tapes cl\u00e9s comme la cr\u00e9ation d&rsquo;un produit, r\u00e9ceptoin d&rsquo;une certification ou le d\u00e9p\u00f4t d&rsquo;un brevet.<\/span><\/li>\n<li style=\"\"><span style=\"color: var(--tcb-skin-color-4)  !important; --tcb-applied-color:var$(--tcb-skin-color-4)  !important;\">Utiliser une documentation professionnelle et clair<\/span><\/li>\n<li style=\"\"><span style=\"color: var(--tcb-skin-color-4)  !important; --tcb-applied-color:var$(--tcb-skin-color-4)  !important;\">Montrer du professionnalisme dans son administration. Pour cela EZYcount peut t&rsquo;aider \u00e0 montrer des factures professionnelles et une comptabilit\u00e9 en ordre et bien tenue. Envie de jeter un oeil: <a href=\"https:\/\/app.ezycount.ch\/register\" target=\"_blank\" style=\"outline: none;\" rel=\"noopener\"><span style=\"--tcb-applied-color:var$(--tcb-skin-color-4)  !important;\"><u>EZYcount<\/u><\/span><\/a><\/span><\/li>\n<\/ul>\n","protected":false},"excerpt":{"rendered":"<p>Mod\u00e8le de valorisation de startup &#8211; Excel gratuite En collaboration avec startupcfo.ch La valorisation d&rsquo;une startup est plus proche d&rsquo;un art que d&rsquo;une science. Dans cet article, nous voyons comment valoriser une entreprise, comment cela s&rsquo;adapte pour une startup et vous trouvez \u00e9galement un mod\u00e8le Excel de valorisation d&rsquo;une startup en t\u00e9l\u00e9chargement gratuit. Valorisation d&rsquo;une [&hellip;]<\/p>\n","protected":false},"author":2,"featured_media":0,"parent":0,"menu_order":0,"comment_status":"closed","ping_status":"closed","template":"","meta":{"footnotes":""},"class_list":["post-5843","page","type-page","status-publish","hentry","post-wrapper","thrv_wrapper"],"yoast_head":"<!-- This site is optimized with the Yoast SEO plugin v25.3 - https:\/\/yoast.com\/wordpress\/plugins\/seo\/ -->\n<title>Startup valuation model \u2013 Free Excel - EZYcount<\/title>\n<meta name=\"description\" content=\"Model Excel de valorisation d&#039;une startup qui ne fait pas encore de revenus. T\u00e9l\u00e9chargement gratuit.\" \/>\n<meta name=\"robots\" content=\"index, follow, max-snippet:-1, max-image-preview:large, max-video-preview:-1\" \/>\n<link rel=\"canonical\" href=\"https:\/\/www.ezycount.ch\/fr\/startup-valuation-model-free-excel\/\" \/>\n<meta property=\"og:locale\" content=\"fr_FR\" \/>\n<meta property=\"og:type\" content=\"article\" \/>\n<meta property=\"og:title\" content=\"Startup valuation model \u2013 Free Excel - EZYcount\" \/>\n<meta property=\"og:description\" content=\"Model Excel de valorisation d&#039;une startup qui ne fait pas encore de revenus. T\u00e9l\u00e9chargement gratuit.\" \/>\n<meta property=\"og:url\" content=\"https:\/\/www.ezycount.ch\/fr\/startup-valuation-model-free-excel\/\" \/>\n<meta property=\"og:site_name\" content=\"EZYcount\" \/>\n<meta property=\"article:modified_time\" content=\"2021-11-09T19:05:54+00:00\" \/>\n<meta property=\"og:image\" content=\"https:\/\/www.ezycount.ch\/wp-content\/uploads\/2020\/03\/logo_small.png\" \/>\n<meta name=\"twitter:card\" content=\"summary_large_image\" \/>\n<meta name=\"twitter:label1\" content=\"Dur\u00e9e de lecture estim\u00e9e\" \/>\n\t<meta name=\"twitter:data1\" content=\"5 minutes\" \/>\n<script type=\"application\/ld+json\" class=\"yoast-schema-graph\">{\"@context\":\"https:\/\/schema.org\",\"@graph\":[{\"@type\":\"WebPage\",\"@id\":\"https:\/\/www.ezycount.ch\/fr\/startup-valuation-model-free-excel\/\",\"url\":\"https:\/\/www.ezycount.ch\/fr\/startup-valuation-model-free-excel\/\",\"name\":\"Startup valuation model \u2013 Free Excel - EZYcount\",\"isPartOf\":{\"@id\":\"https:\/\/www.ezycount.ch\/fr\/#website\"},\"primaryImageOfPage\":{\"@id\":\"https:\/\/www.ezycount.ch\/fr\/startup-valuation-model-free-excel\/#primaryimage\"},\"image\":{\"@id\":\"https:\/\/www.ezycount.ch\/fr\/startup-valuation-model-free-excel\/#primaryimage\"},\"thumbnailUrl\":\"https:\/\/www.ezycount.ch\/wp-content\/uploads\/2020\/03\/logo_small.png\",\"datePublished\":\"2018-12-08T21:46:42+00:00\",\"dateModified\":\"2021-11-09T19:05:54+00:00\",\"description\":\"Model Excel de valorisation d'une startup qui ne fait pas encore de revenus. T\u00e9l\u00e9chargement gratuit.\",\"breadcrumb\":{\"@id\":\"https:\/\/www.ezycount.ch\/fr\/startup-valuation-model-free-excel\/#breadcrumb\"},\"inLanguage\":\"fr-FR\",\"potentialAction\":[{\"@type\":\"ReadAction\",\"target\":[\"https:\/\/www.ezycount.ch\/fr\/startup-valuation-model-free-excel\/\"]}]},{\"@type\":\"ImageObject\",\"inLanguage\":\"fr-FR\",\"@id\":\"https:\/\/www.ezycount.ch\/fr\/startup-valuation-model-free-excel\/#primaryimage\",\"url\":\"https:\/\/www.ezycount.ch\/wp-content\/uploads\/2020\/03\/logo_small.png\",\"contentUrl\":\"https:\/\/www.ezycount.ch\/wp-content\/uploads\/2020\/03\/logo_small.png\"},{\"@type\":\"BreadcrumbList\",\"@id\":\"https:\/\/www.ezycount.ch\/fr\/startup-valuation-model-free-excel\/#breadcrumb\",\"itemListElement\":[{\"@type\":\"ListItem\",\"position\":1,\"name\":\"Home\",\"item\":\"https:\/\/www.ezycount.ch\/fr\/\"},{\"@type\":\"ListItem\",\"position\":2,\"name\":\"Startup valuation model \u2013 Free Excel\"}]},{\"@type\":\"WebSite\",\"@id\":\"https:\/\/www.ezycount.ch\/fr\/#website\",\"url\":\"https:\/\/www.ezycount.ch\/fr\/\",\"name\":\"EZYcount\",\"description\":\"Simplifiez votre comptabilit\u00e9 et gagnez du temps\",\"potentialAction\":[{\"@type\":\"SearchAction\",\"target\":{\"@type\":\"EntryPoint\",\"urlTemplate\":\"https:\/\/www.ezycount.ch\/fr\/?s={search_term_string}\"},\"query-input\":{\"@type\":\"PropertyValueSpecification\",\"valueRequired\":true,\"valueName\":\"search_term_string\"}}],\"inLanguage\":\"fr-FR\"}]}<\/script>\n<!-- \/ Yoast SEO plugin. -->","yoast_head_json":{"title":"Startup valuation model \u2013 Free Excel - EZYcount","description":"Model Excel de valorisation d'une startup qui ne fait pas encore de revenus. T\u00e9l\u00e9chargement gratuit.","robots":{"index":"index","follow":"follow","max-snippet":"max-snippet:-1","max-image-preview":"max-image-preview:large","max-video-preview":"max-video-preview:-1"},"canonical":"https:\/\/www.ezycount.ch\/fr\/startup-valuation-model-free-excel\/","og_locale":"fr_FR","og_type":"article","og_title":"Startup valuation model \u2013 Free Excel - EZYcount","og_description":"Model Excel de valorisation d'une startup qui ne fait pas encore de revenus. T\u00e9l\u00e9chargement gratuit.","og_url":"https:\/\/www.ezycount.ch\/fr\/startup-valuation-model-free-excel\/","og_site_name":"EZYcount","article_modified_time":"2021-11-09T19:05:54+00:00","og_image":[{"url":"https:\/\/www.ezycount.ch\/wp-content\/uploads\/2020\/03\/logo_small.png","type":"","width":"","height":""}],"twitter_card":"summary_large_image","twitter_misc":{"Dur\u00e9e de lecture estim\u00e9e":"5 minutes"},"schema":{"@context":"https:\/\/schema.org","@graph":[{"@type":"WebPage","@id":"https:\/\/www.ezycount.ch\/fr\/startup-valuation-model-free-excel\/","url":"https:\/\/www.ezycount.ch\/fr\/startup-valuation-model-free-excel\/","name":"Startup valuation model \u2013 Free Excel - EZYcount","isPartOf":{"@id":"https:\/\/www.ezycount.ch\/fr\/#website"},"primaryImageOfPage":{"@id":"https:\/\/www.ezycount.ch\/fr\/startup-valuation-model-free-excel\/#primaryimage"},"image":{"@id":"https:\/\/www.ezycount.ch\/fr\/startup-valuation-model-free-excel\/#primaryimage"},"thumbnailUrl":"https:\/\/www.ezycount.ch\/wp-content\/uploads\/2020\/03\/logo_small.png","datePublished":"2018-12-08T21:46:42+00:00","dateModified":"2021-11-09T19:05:54+00:00","description":"Model Excel de valorisation d'une startup qui ne fait pas encore de revenus. T\u00e9l\u00e9chargement gratuit.","breadcrumb":{"@id":"https:\/\/www.ezycount.ch\/fr\/startup-valuation-model-free-excel\/#breadcrumb"},"inLanguage":"fr-FR","potentialAction":[{"@type":"ReadAction","target":["https:\/\/www.ezycount.ch\/fr\/startup-valuation-model-free-excel\/"]}]},{"@type":"ImageObject","inLanguage":"fr-FR","@id":"https:\/\/www.ezycount.ch\/fr\/startup-valuation-model-free-excel\/#primaryimage","url":"https:\/\/www.ezycount.ch\/wp-content\/uploads\/2020\/03\/logo_small.png","contentUrl":"https:\/\/www.ezycount.ch\/wp-content\/uploads\/2020\/03\/logo_small.png"},{"@type":"BreadcrumbList","@id":"https:\/\/www.ezycount.ch\/fr\/startup-valuation-model-free-excel\/#breadcrumb","itemListElement":[{"@type":"ListItem","position":1,"name":"Home","item":"https:\/\/www.ezycount.ch\/fr\/"},{"@type":"ListItem","position":2,"name":"Startup valuation model \u2013 Free Excel"}]},{"@type":"WebSite","@id":"https:\/\/www.ezycount.ch\/fr\/#website","url":"https:\/\/www.ezycount.ch\/fr\/","name":"EZYcount","description":"Simplifiez votre comptabilit\u00e9 et gagnez du temps","potentialAction":[{"@type":"SearchAction","target":{"@type":"EntryPoint","urlTemplate":"https:\/\/www.ezycount.ch\/fr\/?s={search_term_string}"},"query-input":{"@type":"PropertyValueSpecification","valueRequired":true,"valueName":"search_term_string"}}],"inLanguage":"fr-FR"}]}},"_links":{"self":[{"href":"https:\/\/www.ezycount.ch\/fr\/wp-json\/wp\/v2\/pages\/5843","targetHints":{"allow":["GET"]}}],"collection":[{"href":"https:\/\/www.ezycount.ch\/fr\/wp-json\/wp\/v2\/pages"}],"about":[{"href":"https:\/\/www.ezycount.ch\/fr\/wp-json\/wp\/v2\/types\/page"}],"author":[{"embeddable":true,"href":"https:\/\/www.ezycount.ch\/fr\/wp-json\/wp\/v2\/users\/2"}],"replies":[{"embeddable":true,"href":"https:\/\/www.ezycount.ch\/fr\/wp-json\/wp\/v2\/comments?post=5843"}],"version-history":[{"count":11,"href":"https:\/\/www.ezycount.ch\/fr\/wp-json\/wp\/v2\/pages\/5843\/revisions"}],"predecessor-version":[{"id":16017,"href":"https:\/\/www.ezycount.ch\/fr\/wp-json\/wp\/v2\/pages\/5843\/revisions\/16017"}],"wp:attachment":[{"href":"https:\/\/www.ezycount.ch\/fr\/wp-json\/wp\/v2\/media?parent=5843"}],"curies":[{"name":"wp","href":"https:\/\/api.w.org\/{rel}","templated":true}]}}