{"id":5937,"date":"2020-01-31T19:12:16","date_gmt":"2020-01-31T19:12:16","guid":{"rendered":"https:\/\/www.ezycount.ch\/?page_id=5937"},"modified":"2023-01-23T08:32:21","modified_gmt":"2023-01-23T07:32:21","slug":"feuille-de-calcul-salaires-suisses-excel-gratuite","status":"publish","type":"page","link":"https:\/\/www.ezycount.ch\/fr\/feuille-de-calcul-salaires-suisses-excel-gratuite\/","title":{"rendered":"Feuille de calcul des salaires suisses \u2013 Excel gratuit"},"content":{"rendered":"<p><a href=\"https:\/\/www.ezycount.ch\" data-id-d=\"1\" data-img-style=\"width: 100%;\"><img loading=\"lazy\" decoding=\"async\" src=\"https:\/\/www.ezycount.ch\/wp-content\/uploads\/2020\/03\/cropped-logo_ezycount_transparent.png\" height=\"512\" width=\"512\" alt=\"EZYcoun favicon\" style=\"width: 100%;\"><\/img><\/a><\/p>\n<p style=\"text-align: center;\"><a href=\"https:\/\/www.ezycount.ch\/fr\/feuille_excel_gratuite_gestion_salaires_suisses_2023\/\" target=\"_blank\" rel=\"nofollow noopener\" style=\"outline: none;\">Nouveau fichier Excel 2023 pour faire les salaires &#8211; cliquez ici<\/a><\/p>\n<h1><strong>Feuille Excel gratuite pour faire les salaires en Suisse &#8211; v 5.0<\/strong><\/h1>\n<p>Depuis plus de 5 ans, nous offrons une feuille Excel qui premet aux ind\u00e9pendant(e)s et petites entreprises suisses de rapidement et simplement calculer les salaires et faire les fiches de paie.<\/p>\n<\/p>\n<p>Enregistrez-vous ci-dessous pour gagner du temps en 2020.<\/p>\n<p style=\"text-align: left;\"><strong>Feuille Excel&nbsp;<\/strong><strong><span><span>Gratuite<\/span><\/span><\/strong><\/p>\n<p style=\"text-align: left;\"><strong>\u00e0 T\u00e9l\u00e9charger<\/strong><\/p>\n<p style=\"text-align: center;\">Copyright \u00a9<span data-attr-id=\"1\" data-extra_key=\"1\" data-shortcode=\"thrive_global_fields\" data-shortcode-name=\"[Company] Company Name\">EZYcount by superVX AG<\/span> 2019.&nbsp;<\/p>\n","protected":false},"excerpt":{"rendered":"<p>Nouveau fichier Excel 2023 pour faire les salaires &#8211; cliquez ici Feuille Excel gratuite pour faire les salaires en Suisse &#8211; v 5.0 Depuis plus de 5 ans, nous offrons une feuille Excel qui premet aux ind\u00e9pendant(e)s et petites entreprises suisses de rapidement et simplement calculer les salaires et faire les fiches de paie. Enregistrez-vous [&hellip;]<\/p>\n","protected":false},"author":2,"featured_media":0,"parent":0,"menu_order":0,"comment_status":"closed","ping_status":"closed","template":"","meta":{"footnotes":""},"class_list":["post-5937","page","type-page","status-publish","hentry","post-wrapper","thrv_wrapper"],"yoast_head":"<!-- This site is optimized with the Yoast SEO plugin v25.3 - https:\/\/yoast.com\/wordpress\/plugins\/seo\/ -->\n<title>Feuille de calcul des salaires suisses \u2013 Excel gratuit - EZYcount<\/title>\n<meta name=\"description\" content=\"Model Excel de valorisation d&#039;une startup qui ne fait pas encore de revenus. T\u00e9l\u00e9chargement gratuit.\" \/>\n<meta name=\"robots\" content=\"index, follow, max-snippet:-1, max-image-preview:large, max-video-preview:-1\" \/>\n<link rel=\"canonical\" href=\"https:\/\/www.ezycount.ch\/fr\/feuille-de-calcul-salaires-suisses-excel-gratuite\/\" \/>\n<meta property=\"og:locale\" content=\"fr_FR\" \/>\n<meta property=\"og:type\" content=\"article\" \/>\n<meta property=\"og:title\" content=\"Feuille de calcul des salaires suisses \u2013 Excel gratuit - EZYcount\" \/>\n<meta property=\"og:description\" content=\"Model Excel de valorisation d&#039;une startup qui ne fait pas encore de revenus. T\u00e9l\u00e9chargement gratuit.\" \/>\n<meta property=\"og:url\" content=\"https:\/\/www.ezycount.ch\/fr\/feuille-de-calcul-salaires-suisses-excel-gratuite\/\" \/>\n<meta property=\"og:site_name\" content=\"EZYcount\" \/>\n<meta property=\"article:modified_time\" content=\"2023-01-23T07:32:21+00:00\" \/>\n<meta property=\"og:image\" content=\"https:\/\/www.ezycount.ch\/wp-content\/uploads\/2020\/03\/cropped-logo_ezycount_transparent.png\" \/>\n<meta name=\"twitter:card\" content=\"summary_large_image\" \/>\n<script type=\"application\/ld+json\" class=\"yoast-schema-graph\">{\"@context\":\"https:\/\/schema.org\",\"@graph\":[{\"@type\":\"WebPage\",\"@id\":\"https:\/\/www.ezycount.ch\/fr\/feuille-de-calcul-salaires-suisses-excel-gratuite\/\",\"url\":\"https:\/\/www.ezycount.ch\/fr\/feuille-de-calcul-salaires-suisses-excel-gratuite\/\",\"name\":\"Feuille de calcul des salaires suisses \u2013 Excel gratuit - EZYcount\",\"isPartOf\":{\"@id\":\"https:\/\/www.ezycount.ch\/fr\/#website\"},\"primaryImageOfPage\":{\"@id\":\"https:\/\/www.ezycount.ch\/fr\/feuille-de-calcul-salaires-suisses-excel-gratuite\/#primaryimage\"},\"image\":{\"@id\":\"https:\/\/www.ezycount.ch\/fr\/feuille-de-calcul-salaires-suisses-excel-gratuite\/#primaryimage\"},\"thumbnailUrl\":\"https:\/\/www.ezycount.ch\/wp-content\/uploads\/2020\/03\/cropped-logo_ezycount_transparent.png\",\"datePublished\":\"2020-01-31T19:12:16+00:00\",\"dateModified\":\"2023-01-23T07:32:21+00:00\",\"description\":\"Model Excel de valorisation d'une startup qui ne fait pas encore de revenus. T\u00e9l\u00e9chargement gratuit.\",\"breadcrumb\":{\"@id\":\"https:\/\/www.ezycount.ch\/fr\/feuille-de-calcul-salaires-suisses-excel-gratuite\/#breadcrumb\"},\"inLanguage\":\"fr-FR\",\"potentialAction\":[{\"@type\":\"ReadAction\",\"target\":[\"https:\/\/www.ezycount.ch\/fr\/feuille-de-calcul-salaires-suisses-excel-gratuite\/\"]}]},{\"@type\":\"ImageObject\",\"inLanguage\":\"fr-FR\",\"@id\":\"https:\/\/www.ezycount.ch\/fr\/feuille-de-calcul-salaires-suisses-excel-gratuite\/#primaryimage\",\"url\":\"https:\/\/www.ezycount.ch\/wp-content\/uploads\/2020\/03\/cropped-logo_ezycount_transparent.png\",\"contentUrl\":\"https:\/\/www.ezycount.ch\/wp-content\/uploads\/2020\/03\/cropped-logo_ezycount_transparent.png\"},{\"@type\":\"BreadcrumbList\",\"@id\":\"https:\/\/www.ezycount.ch\/fr\/feuille-de-calcul-salaires-suisses-excel-gratuite\/#breadcrumb\",\"itemListElement\":[{\"@type\":\"ListItem\",\"position\":1,\"name\":\"Home\",\"item\":\"https:\/\/www.ezycount.ch\/fr\/\"},{\"@type\":\"ListItem\",\"position\":2,\"name\":\"Feuille de calcul des salaires suisses \u2013 Excel gratuit\"}]},{\"@type\":\"WebSite\",\"@id\":\"https:\/\/www.ezycount.ch\/fr\/#website\",\"url\":\"https:\/\/www.ezycount.ch\/fr\/\",\"name\":\"EZYcount\",\"description\":\"Simplifiez votre comptabilit\u00e9 et gagnez du temps\",\"potentialAction\":[{\"@type\":\"SearchAction\",\"target\":{\"@type\":\"EntryPoint\",\"urlTemplate\":\"https:\/\/www.ezycount.ch\/fr\/?s={search_term_string}\"},\"query-input\":{\"@type\":\"PropertyValueSpecification\",\"valueRequired\":true,\"valueName\":\"search_term_string\"}}],\"inLanguage\":\"fr-FR\"}]}<\/script>\n<!-- \/ Yoast SEO plugin. -->","yoast_head_json":{"title":"Feuille de calcul des salaires suisses \u2013 Excel gratuit - EZYcount","description":"Model Excel de valorisation d'une startup qui ne fait pas encore de revenus. T\u00e9l\u00e9chargement gratuit.","robots":{"index":"index","follow":"follow","max-snippet":"max-snippet:-1","max-image-preview":"max-image-preview:large","max-video-preview":"max-video-preview:-1"},"canonical":"https:\/\/www.ezycount.ch\/fr\/feuille-de-calcul-salaires-suisses-excel-gratuite\/","og_locale":"fr_FR","og_type":"article","og_title":"Feuille de calcul des salaires suisses \u2013 Excel gratuit - EZYcount","og_description":"Model Excel de valorisation d'une startup qui ne fait pas encore de revenus. T\u00e9l\u00e9chargement gratuit.","og_url":"https:\/\/www.ezycount.ch\/fr\/feuille-de-calcul-salaires-suisses-excel-gratuite\/","og_site_name":"EZYcount","article_modified_time":"2023-01-23T07:32:21+00:00","og_image":[{"url":"https:\/\/www.ezycount.ch\/wp-content\/uploads\/2020\/03\/cropped-logo_ezycount_transparent.png","type":"","width":"","height":""}],"twitter_card":"summary_large_image","schema":{"@context":"https:\/\/schema.org","@graph":[{"@type":"WebPage","@id":"https:\/\/www.ezycount.ch\/fr\/feuille-de-calcul-salaires-suisses-excel-gratuite\/","url":"https:\/\/www.ezycount.ch\/fr\/feuille-de-calcul-salaires-suisses-excel-gratuite\/","name":"Feuille de calcul des salaires suisses \u2013 Excel gratuit - EZYcount","isPartOf":{"@id":"https:\/\/www.ezycount.ch\/fr\/#website"},"primaryImageOfPage":{"@id":"https:\/\/www.ezycount.ch\/fr\/feuille-de-calcul-salaires-suisses-excel-gratuite\/#primaryimage"},"image":{"@id":"https:\/\/www.ezycount.ch\/fr\/feuille-de-calcul-salaires-suisses-excel-gratuite\/#primaryimage"},"thumbnailUrl":"https:\/\/www.ezycount.ch\/wp-content\/uploads\/2020\/03\/cropped-logo_ezycount_transparent.png","datePublished":"2020-01-31T19:12:16+00:00","dateModified":"2023-01-23T07:32:21+00:00","description":"Model Excel de valorisation d'une startup qui ne fait pas encore de revenus. T\u00e9l\u00e9chargement gratuit.","breadcrumb":{"@id":"https:\/\/www.ezycount.ch\/fr\/feuille-de-calcul-salaires-suisses-excel-gratuite\/#breadcrumb"},"inLanguage":"fr-FR","potentialAction":[{"@type":"ReadAction","target":["https:\/\/www.ezycount.ch\/fr\/feuille-de-calcul-salaires-suisses-excel-gratuite\/"]}]},{"@type":"ImageObject","inLanguage":"fr-FR","@id":"https:\/\/www.ezycount.ch\/fr\/feuille-de-calcul-salaires-suisses-excel-gratuite\/#primaryimage","url":"https:\/\/www.ezycount.ch\/wp-content\/uploads\/2020\/03\/cropped-logo_ezycount_transparent.png","contentUrl":"https:\/\/www.ezycount.ch\/wp-content\/uploads\/2020\/03\/cropped-logo_ezycount_transparent.png"},{"@type":"BreadcrumbList","@id":"https:\/\/www.ezycount.ch\/fr\/feuille-de-calcul-salaires-suisses-excel-gratuite\/#breadcrumb","itemListElement":[{"@type":"ListItem","position":1,"name":"Home","item":"https:\/\/www.ezycount.ch\/fr\/"},{"@type":"ListItem","position":2,"name":"Feuille de calcul des salaires suisses \u2013 Excel gratuit"}]},{"@type":"WebSite","@id":"https:\/\/www.ezycount.ch\/fr\/#website","url":"https:\/\/www.ezycount.ch\/fr\/","name":"EZYcount","description":"Simplifiez votre comptabilit\u00e9 et gagnez du temps","potentialAction":[{"@type":"SearchAction","target":{"@type":"EntryPoint","urlTemplate":"https:\/\/www.ezycount.ch\/fr\/?s={search_term_string}"},"query-input":{"@type":"PropertyValueSpecification","valueRequired":true,"valueName":"search_term_string"}}],"inLanguage":"fr-FR"}]}},"_links":{"self":[{"href":"https:\/\/www.ezycount.ch\/fr\/wp-json\/wp\/v2\/pages\/5937","targetHints":{"allow":["GET"]}}],"collection":[{"href":"https:\/\/www.ezycount.ch\/fr\/wp-json\/wp\/v2\/pages"}],"about":[{"href":"https:\/\/www.ezycount.ch\/fr\/wp-json\/wp\/v2\/types\/page"}],"author":[{"embeddable":true,"href":"https:\/\/www.ezycount.ch\/fr\/wp-json\/wp\/v2\/users\/2"}],"replies":[{"embeddable":true,"href":"https:\/\/www.ezycount.ch\/fr\/wp-json\/wp\/v2\/comments?post=5937"}],"version-history":[{"count":4,"href":"https:\/\/www.ezycount.ch\/fr\/wp-json\/wp\/v2\/pages\/5937\/revisions"}],"predecessor-version":[{"id":16388,"href":"https:\/\/www.ezycount.ch\/fr\/wp-json\/wp\/v2\/pages\/5937\/revisions\/16388"}],"wp:attachment":[{"href":"https:\/\/www.ezycount.ch\/fr\/wp-json\/wp\/v2\/media?parent=5937"}],"curies":[{"name":"wp","href":"https:\/\/api.w.org\/{rel}","templated":true}]}}