{"id":6181,"date":"2020-02-10T14:50:53","date_gmt":"2020-02-10T14:50:53","guid":{"rendered":"https:\/\/www.ezycount.ch\/?page_id=6181"},"modified":"2020-07-28T19:07:55","modified_gmt":"2020-07-28T18:07:55","slug":"nouvelles-ezycount","status":"publish","type":"page","link":"https:\/\/www.ezycount.ch\/fr\/nouvelles-ezycount\/","title":{"rendered":"Nouvelles EZYcount"},"content":{"rendered":"<h1>Nouvelles EZYcount<\/h1>\n<p>Rejoignez la communaut\u00e9 et b\u00e9n\u00e9ficiez de nombreux avantages qui vous feront gagner encore plus de temps !<\/p>\n<p>Un email par semaine avec:<\/p>\n<p>\u2022 <span>Des outils simples \u00e0 mettre en place&nbsp;<\/span><span><\/span>\u2022 Des conseils pratiques pour les ind\u00e9pendants qui se lancent<span>\u2022 Des rencontres pour poser toutes vos questions\u2022 Des astuces pour remplir sa fiche d\u2019imp\u00f4ts\u2022 et encore beaucoup plus&#8230;<\/span><\/p>\n","protected":false},"excerpt":{"rendered":"<p>Nouvelles EZYcount Rejoignez la communaut\u00e9 et b\u00e9n\u00e9ficiez de nombreux avantages qui vous feront gagner encore plus de temps ! Un email par semaine avec: \u2022 Des outils simples \u00e0 mettre en place&nbsp;\u2022 Des conseils pratiques pour les ind\u00e9pendants qui se lancent\u2022 Des rencontres pour poser toutes vos questions\u2022 Des astuces pour remplir sa fiche d\u2019imp\u00f4ts\u2022 [&hellip;]<\/p>\n","protected":false},"author":2,"featured_media":0,"parent":0,"menu_order":0,"comment_status":"closed","ping_status":"closed","template":"","meta":{"footnotes":""},"class_list":["post-6181","page","type-page","status-publish","hentry","post-wrapper","thrv_wrapper"],"yoast_head":"<!-- This site is optimized with the Yoast SEO plugin v25.3 - https:\/\/yoast.com\/wordpress\/plugins\/seo\/ -->\n<title>Nouvelles EZYcount - EZYcount<\/title>\n<meta name=\"description\" content=\"Retrouvez les nouvelles d&#039;EZYcount directement dans votre bo\u00eete email en vous inscrivant sur cette page. EZYcount la solution administrative Suisse.\" \/>\n<meta name=\"robots\" content=\"index, follow, max-snippet:-1, max-image-preview:large, max-video-preview:-1\" \/>\n<link rel=\"canonical\" href=\"https:\/\/www.ezycount.ch\/fr\/nouvelles-ezycount\/\" \/>\n<meta property=\"og:locale\" content=\"fr_FR\" \/>\n<meta property=\"og:type\" content=\"article\" \/>\n<meta property=\"og:title\" content=\"Nouvelles EZYcount - EZYcount\" \/>\n<meta property=\"og:description\" content=\"Retrouvez les nouvelles d&#039;EZYcount directement dans votre bo\u00eete email en vous inscrivant sur cette page. EZYcount la solution administrative Suisse.\" \/>\n<meta property=\"og:url\" content=\"https:\/\/www.ezycount.ch\/fr\/nouvelles-ezycount\/\" \/>\n<meta property=\"og:site_name\" content=\"EZYcount\" \/>\n<meta property=\"article:modified_time\" content=\"2020-07-28T18:07:55+00:00\" \/>\n<meta name=\"twitter:card\" content=\"summary_large_image\" \/>\n<script type=\"application\/ld+json\" class=\"yoast-schema-graph\">{\"@context\":\"https:\/\/schema.org\",\"@graph\":[{\"@type\":\"WebPage\",\"@id\":\"https:\/\/www.ezycount.ch\/fr\/nouvelles-ezycount\/\",\"url\":\"https:\/\/www.ezycount.ch\/fr\/nouvelles-ezycount\/\",\"name\":\"Nouvelles EZYcount - EZYcount\",\"isPartOf\":{\"@id\":\"https:\/\/www.ezycount.ch\/fr\/#website\"},\"datePublished\":\"2020-02-10T14:50:53+00:00\",\"dateModified\":\"2020-07-28T18:07:55+00:00\",\"description\":\"Retrouvez les nouvelles d'EZYcount directement dans votre bo\u00eete email en vous inscrivant sur cette page. EZYcount la solution administrative Suisse.\",\"breadcrumb\":{\"@id\":\"https:\/\/www.ezycount.ch\/fr\/nouvelles-ezycount\/#breadcrumb\"},\"inLanguage\":\"fr-FR\",\"potentialAction\":[{\"@type\":\"ReadAction\",\"target\":[\"https:\/\/www.ezycount.ch\/fr\/nouvelles-ezycount\/\"]}]},{\"@type\":\"BreadcrumbList\",\"@id\":\"https:\/\/www.ezycount.ch\/fr\/nouvelles-ezycount\/#breadcrumb\",\"itemListElement\":[{\"@type\":\"ListItem\",\"position\":1,\"name\":\"Home\",\"item\":\"https:\/\/www.ezycount.ch\/fr\/\"},{\"@type\":\"ListItem\",\"position\":2,\"name\":\"Nouvelles EZYcount\"}]},{\"@type\":\"WebSite\",\"@id\":\"https:\/\/www.ezycount.ch\/fr\/#website\",\"url\":\"https:\/\/www.ezycount.ch\/fr\/\",\"name\":\"EZYcount\",\"description\":\"Simplifiez votre comptabilit\u00e9 et gagnez du temps\",\"potentialAction\":[{\"@type\":\"SearchAction\",\"target\":{\"@type\":\"EntryPoint\",\"urlTemplate\":\"https:\/\/www.ezycount.ch\/fr\/?s={search_term_string}\"},\"query-input\":{\"@type\":\"PropertyValueSpecification\",\"valueRequired\":true,\"valueName\":\"search_term_string\"}}],\"inLanguage\":\"fr-FR\"}]}<\/script>\n<!-- \/ Yoast SEO plugin. -->","yoast_head_json":{"title":"Nouvelles EZYcount - EZYcount","description":"Retrouvez les nouvelles d'EZYcount directement dans votre bo\u00eete email en vous inscrivant sur cette page. EZYcount la solution administrative Suisse.","robots":{"index":"index","follow":"follow","max-snippet":"max-snippet:-1","max-image-preview":"max-image-preview:large","max-video-preview":"max-video-preview:-1"},"canonical":"https:\/\/www.ezycount.ch\/fr\/nouvelles-ezycount\/","og_locale":"fr_FR","og_type":"article","og_title":"Nouvelles EZYcount - EZYcount","og_description":"Retrouvez les nouvelles d'EZYcount directement dans votre bo\u00eete email en vous inscrivant sur cette page. EZYcount la solution administrative Suisse.","og_url":"https:\/\/www.ezycount.ch\/fr\/nouvelles-ezycount\/","og_site_name":"EZYcount","article_modified_time":"2020-07-28T18:07:55+00:00","twitter_card":"summary_large_image","schema":{"@context":"https:\/\/schema.org","@graph":[{"@type":"WebPage","@id":"https:\/\/www.ezycount.ch\/fr\/nouvelles-ezycount\/","url":"https:\/\/www.ezycount.ch\/fr\/nouvelles-ezycount\/","name":"Nouvelles EZYcount - EZYcount","isPartOf":{"@id":"https:\/\/www.ezycount.ch\/fr\/#website"},"datePublished":"2020-02-10T14:50:53+00:00","dateModified":"2020-07-28T18:07:55+00:00","description":"Retrouvez les nouvelles d'EZYcount directement dans votre bo\u00eete email en vous inscrivant sur cette page. EZYcount la solution administrative Suisse.","breadcrumb":{"@id":"https:\/\/www.ezycount.ch\/fr\/nouvelles-ezycount\/#breadcrumb"},"inLanguage":"fr-FR","potentialAction":[{"@type":"ReadAction","target":["https:\/\/www.ezycount.ch\/fr\/nouvelles-ezycount\/"]}]},{"@type":"BreadcrumbList","@id":"https:\/\/www.ezycount.ch\/fr\/nouvelles-ezycount\/#breadcrumb","itemListElement":[{"@type":"ListItem","position":1,"name":"Home","item":"https:\/\/www.ezycount.ch\/fr\/"},{"@type":"ListItem","position":2,"name":"Nouvelles EZYcount"}]},{"@type":"WebSite","@id":"https:\/\/www.ezycount.ch\/fr\/#website","url":"https:\/\/www.ezycount.ch\/fr\/","name":"EZYcount","description":"Simplifiez votre comptabilit\u00e9 et gagnez du temps","potentialAction":[{"@type":"SearchAction","target":{"@type":"EntryPoint","urlTemplate":"https:\/\/www.ezycount.ch\/fr\/?s={search_term_string}"},"query-input":{"@type":"PropertyValueSpecification","valueRequired":true,"valueName":"search_term_string"}}],"inLanguage":"fr-FR"}]}},"_links":{"self":[{"href":"https:\/\/www.ezycount.ch\/fr\/wp-json\/wp\/v2\/pages\/6181","targetHints":{"allow":["GET"]}}],"collection":[{"href":"https:\/\/www.ezycount.ch\/fr\/wp-json\/wp\/v2\/pages"}],"about":[{"href":"https:\/\/www.ezycount.ch\/fr\/wp-json\/wp\/v2\/types\/page"}],"author":[{"embeddable":true,"href":"https:\/\/www.ezycount.ch\/fr\/wp-json\/wp\/v2\/users\/2"}],"replies":[{"embeddable":true,"href":"https:\/\/www.ezycount.ch\/fr\/wp-json\/wp\/v2\/comments?post=6181"}],"version-history":[{"count":1,"href":"https:\/\/www.ezycount.ch\/fr\/wp-json\/wp\/v2\/pages\/6181\/revisions"}],"predecessor-version":[{"id":8749,"href":"https:\/\/www.ezycount.ch\/fr\/wp-json\/wp\/v2\/pages\/6181\/revisions\/8749"}],"wp:attachment":[{"href":"https:\/\/www.ezycount.ch\/fr\/wp-json\/wp\/v2\/media?parent=6181"}],"curies":[{"name":"wp","href":"https:\/\/api.w.org\/{rel}","templated":true}]}}