{"id":6302,"date":"2020-03-04T19:11:38","date_gmt":"2020-03-04T19:11:38","guid":{"rendered":"https:\/\/www.ezycount.ch\/?page_id=6238"},"modified":"2024-05-22T08:33:35","modified_gmt":"2024-05-22T07:33:35","slug":"prix","status":"publish","type":"page","link":"https:\/\/www.ezycount.ch\/fr\/prix\/","title":{"rendered":"Prix"},"content":{"rendered":"<h1><span>Prix pour EZYcount comptabilit\u00e9 et EZYcount facturation<\/span><\/h1>\n<p><a href=\"#\"><span><span>Instance 1<\/span><\/span><\/a><\/p>\n<h5>Facturation<\/h5>\n<p>CHF<\/p>\n<p>9.00<\/p>\n<p style=\"\">\/mois<\/p>\n<p><em><em>Montant hors TVA de 108.- factur\u00e9 &nbsp;<\/em><em>en une facture pour 12 mois d&rsquo;abonnement<\/em><\/em><\/p>\n<p><em>Facturation en ligne, rapide et simple d&rsquo;utilisation<\/em><\/p>\n<ul>\n<li style=\"\"><span style=\"\">Disponible 24\/7<\/span><\/li>\n<li style=\"\"><span style=\"\">Mod\u00e8les de facturation suisseQR Facture<\/span><\/li>\n<\/ul>\n<h5>Comptabilit\u00e9<\/h5>\n<p style=\"\">CHF<\/p>\n<p>16.50<\/p>\n<p style=\"\">\/mois<\/p>\n<p><em>Montant hors TVA de 190.- factur\u00e9 &nbsp;<\/em><em>en une facture pour 12 mois d&rsquo;abonnement<\/em><\/p>\n<p><em>Une comptabilit\u00e9 automatique, connect\u00e9e et facile \u00e0 utiliser<\/em><\/p>\n<ul>\n<li style=\"\"><span style=\"\">Aide au d\u00e9marrage<\/span><\/li>\n<li style=\"\"><span style=\"\">Automatisation<\/span><\/li>\n<li style=\"\"><span style=\"\">Collaboration facilit\u00e9e avec votre fiduciaire<\/span><\/li>\n<\/ul>\n<h5>Licence \u00e0 vie<\/h5>\n<p style=\"\">CHF<\/p>\n<p>3&rsquo;290<\/p>\n<p style=\"\">\n<p><em>Prix de la derni\u00e8re vente de licence \u00e0 vie entre deux utilisateurs EZYcount<\/em><\/p>\n<p>E<span style=\"color: rgb(0, 0, 0); font-family: Muli; font-weight: 300;\">ngagement \u00e0 long terme pour une comptabilit\u00e9 automatique<\/span><\/p>\n<ul>\n<li style=\"\"><span style=\"\">Transf\u00e9rable et vendable<\/span><\/li>\n<li style=\"\"><span style=\"\">Une licence pour tous les produits EZYcount<\/span><\/li>\n<li style=\"\"><span style=\"\">Statut VIP<\/span><\/li>\n<\/ul>\n<p style=\"text-align: center;\">Pour plus d&rsquo;informations, contacter <a href=\"mailto:support@ezycount.ch\" style=\"outline: none;\" target=\"_blank\" rel=\"noopener\"><span style=\"color: rgb(67, 78, 193);\">support@ezycount.ch<\/span> <\/a><\/p>\n<h2><span>Un support personnalis\u00e9 pour vous aider quand vous en avez besoin<\/span><\/h2>\n<p style=\"color: var(--tcb-color-0) !important; --tcb-applied-color: var$(--tcb-color-0) !important;\">Cela fait maintenant plus de 10 ans que nous aidons des ind\u00e9pendants, associations et petites entreprises \u00e0 \u00eatre \u00e0 jour avec la facturation et la comptabilit\u00e9. Nous avons r\u00e9alis\u00e9 qu&rsquo;il y avait deux d\u00e9fis majeurs qui sont, la cl\u00f4ture comptable de fin d&rsquo;ann\u00e9e ainsi que de rester \u00e0 jour avec la comptabilit\u00e9 au fil de l&rsquo;ann\u00e9e. Dans l&rsquo;optique de toujours \u00eatre l\u00e0 pour vous, nous offrons plusieurs paquets de services d&rsquo;aide \u00e0 la comptabilit\u00e9. Vous pouvez choisir votre paquet de service lors de la prise d&rsquo;un abonnement EZYcount.<\/p>\n<p><a href=\"#\"><span><span>Instance 1<\/span><\/span><\/a><\/p>\n<h5>Support technique<\/h5>\n<p>\u200b<\/p>\n<p>inclus<\/p>\n<p>dans chaque abonnement EZYcount<\/p>\n<p><em>Support technique sous 24h inclus pour \u00eatre s\u00e9curis\u00e9 de pouvoir toujours travailler avec vos outils EZY.<\/em><\/p>\n<ul>\n<li style=\"\"><span style=\"\">Support technique sous 24h par email<\/span><\/li>\n<li style=\"\"><span style=\"\">Si le probl\u00e8me persiste, nous r\u00e9alisons un rendez-vous digital pour r\u00e9soudre la situation au plus vite<\/span><\/li>\n<\/ul>\n<h5>Cl\u00f4ture annuelle<\/h5>\n<p style=\"\">CHF<\/p>\n<p>300.-<\/p>\n<p style=\"\">\/ann\u00e9e<\/p>\n<p><em>2 heures d&rsquo;aide \u00e0 la cl\u00f4ture comptable <\/em><em>\u00e0 r\u00e9server au moins 30 jours \u00e0 l&rsquo;avance.<\/em><em>Taux pr\u00e9f\u00e9rentiel de CHF 150.- HT par heure<\/em><\/p>\n<p><em>Une fois que vous avez pass\u00e9 toutes les \u00e9critures, un comptable de notre \u00e9quipe passe en revue votre comptabilit\u00e9 avec vous.<\/em><\/p>\n<ul>\n<li style=\"\"><span style=\"\">\u00c9critures de bouclement<\/span><\/li>\n<li style=\"\"><span style=\"\">Contr\u00f4les usuels<\/span><\/li>\n<li style=\"\"><span style=\"\">R\u00e9ponse \u00e0 vos questions comptables<\/span><\/li>\n<\/ul>\n<h5>Suivi comptable<\/h5>\n<p style=\"\">CHF<\/p>\n<p>650.-<\/p>\n<p style=\"\">\/ann\u00e9e<\/p>\n<p style=\"\">\n<p><em>5 heures de support pour un contr\u00f4le trimestriel et une aide \u00e0 la cl\u00f4ture comptable<\/em><em>\u00e0 r\u00e9server au moins 30 jours avant le premier contr\u00f4le trimestriel.<\/em><em>Taux pr\u00e9f\u00e9rentiel de CHF 130.- HT par heure<\/em><\/p>\n<p>Un de nos comptables est attribu\u00e9 \u00e0 votre compte. Chaque trimestre, vous revoyez avec lui votre comptabilit\u00e9.&nbsp;<\/p>\n<ul>\n<li style=\"\"><span style=\"\">Contr\u00f4ler votre comptabilit\u00e9 tout au long de l&rsquo;ann\u00e9e<\/span><\/li>\n<li style=\"\"><span style=\"\">Rester \u00e0 jour avec votre comptabilit\u00e9<\/span><\/li>\n<li style=\"\"><span style=\"\">Assurer l&rsquo;exactitude de votre comptabilit\u00e9<\/span><\/li>\n<\/ul>\n","protected":false},"excerpt":{"rendered":"<p>Prix pour EZYcount comptabilit\u00e9 et EZYcount facturation Instance 1 Facturation CHF 9.00 \/mois Montant hors TVA de 108.- factur\u00e9 &nbsp;en une facture pour 12 mois d&rsquo;abonnement Facturation en ligne, rapide et simple d&rsquo;utilisation Disponible 24\/7 Mod\u00e8les de facturation suisseQR Facture Comptabilit\u00e9 CHF 16.50 \/mois Montant hors TVA de 190.- factur\u00e9 &nbsp;en une facture pour 12 [&hellip;]<\/p>\n","protected":false},"author":2,"featured_media":0,"parent":0,"menu_order":0,"comment_status":"closed","ping_status":"closed","template":"","meta":{"footnotes":""},"class_list":["post-6302","page","type-page","status-publish","hentry","post-wrapper","thrv_wrapper"],"yoast_head":"<!-- This site is optimized with the Yoast SEO plugin v25.3 - https:\/\/yoast.com\/wordpress\/plugins\/seo\/ -->\n<title>Prix - EZYcount<\/title>\n<meta name=\"robots\" content=\"index, follow, max-snippet:-1, max-image-preview:large, max-video-preview:-1\" \/>\n<link rel=\"canonical\" href=\"https:\/\/www.ezycount.ch\/fr\/prix\/\" \/>\n<meta property=\"og:locale\" content=\"fr_FR\" \/>\n<meta property=\"og:type\" content=\"article\" \/>\n<meta property=\"og:title\" content=\"Prix - EZYcount\" \/>\n<meta property=\"og:description\" content=\"Prix pour EZYcount comptabilit\u00e9 et EZYcount facturation Instance 1 Facturation CHF 9.00 \/mois Montant hors TVA de 108.- factur\u00e9 &nbsp;en une facture pour 12 mois d&rsquo;abonnement Facturation en ligne, rapide et simple d&rsquo;utilisation Disponible 24\/7 Mod\u00e8les de facturation suisseQR Facture Comptabilit\u00e9 CHF 16.50 \/mois Montant hors TVA de 190.- factur\u00e9 &nbsp;en une facture pour 12 [&hellip;]\" \/>\n<meta property=\"og:url\" content=\"https:\/\/www.ezycount.ch\/fr\/prix\/\" \/>\n<meta property=\"og:site_name\" content=\"EZYcount\" \/>\n<meta property=\"article:modified_time\" content=\"2024-05-22T07:33:35+00:00\" \/>\n<meta name=\"twitter:card\" content=\"summary_large_image\" \/>\n<meta name=\"twitter:label1\" content=\"Dur\u00e9e de lecture estim\u00e9e\" \/>\n\t<meta name=\"twitter:data1\" content=\"2 minutes\" \/>\n<script type=\"application\/ld+json\" class=\"yoast-schema-graph\">{\"@context\":\"https:\/\/schema.org\",\"@graph\":[{\"@type\":\"WebPage\",\"@id\":\"https:\/\/www.ezycount.ch\/fr\/prix\/\",\"url\":\"https:\/\/www.ezycount.ch\/fr\/prix\/\",\"name\":\"Prix - EZYcount\",\"isPartOf\":{\"@id\":\"https:\/\/www.ezycount.ch\/fr\/#website\"},\"datePublished\":\"2020-03-04T19:11:38+00:00\",\"dateModified\":\"2024-05-22T07:33:35+00:00\",\"breadcrumb\":{\"@id\":\"https:\/\/www.ezycount.ch\/fr\/prix\/#breadcrumb\"},\"inLanguage\":\"fr-FR\",\"potentialAction\":[{\"@type\":\"ReadAction\",\"target\":[\"https:\/\/www.ezycount.ch\/fr\/prix\/\"]}]},{\"@type\":\"BreadcrumbList\",\"@id\":\"https:\/\/www.ezycount.ch\/fr\/prix\/#breadcrumb\",\"itemListElement\":[{\"@type\":\"ListItem\",\"position\":1,\"name\":\"Home\",\"item\":\"https:\/\/www.ezycount.ch\/fr\/\"},{\"@type\":\"ListItem\",\"position\":2,\"name\":\"Prix\"}]},{\"@type\":\"WebSite\",\"@id\":\"https:\/\/www.ezycount.ch\/fr\/#website\",\"url\":\"https:\/\/www.ezycount.ch\/fr\/\",\"name\":\"EZYcount\",\"description\":\"Simplifiez votre comptabilit\u00e9 et gagnez du temps\",\"potentialAction\":[{\"@type\":\"SearchAction\",\"target\":{\"@type\":\"EntryPoint\",\"urlTemplate\":\"https:\/\/www.ezycount.ch\/fr\/?s={search_term_string}\"},\"query-input\":{\"@type\":\"PropertyValueSpecification\",\"valueRequired\":true,\"valueName\":\"search_term_string\"}}],\"inLanguage\":\"fr-FR\"}]}<\/script>\n<!-- \/ Yoast SEO plugin. -->","yoast_head_json":{"title":"Prix - EZYcount","robots":{"index":"index","follow":"follow","max-snippet":"max-snippet:-1","max-image-preview":"max-image-preview:large","max-video-preview":"max-video-preview:-1"},"canonical":"https:\/\/www.ezycount.ch\/fr\/prix\/","og_locale":"fr_FR","og_type":"article","og_title":"Prix - EZYcount","og_description":"Prix pour EZYcount comptabilit\u00e9 et EZYcount facturation Instance 1 Facturation CHF 9.00 \/mois Montant hors TVA de 108.- factur\u00e9 &nbsp;en une facture pour 12 mois d&rsquo;abonnement Facturation en ligne, rapide et simple d&rsquo;utilisation Disponible 24\/7 Mod\u00e8les de facturation suisseQR Facture Comptabilit\u00e9 CHF 16.50 \/mois Montant hors TVA de 190.- factur\u00e9 &nbsp;en une facture pour 12 [&hellip;]","og_url":"https:\/\/www.ezycount.ch\/fr\/prix\/","og_site_name":"EZYcount","article_modified_time":"2024-05-22T07:33:35+00:00","twitter_card":"summary_large_image","twitter_misc":{"Dur\u00e9e de lecture estim\u00e9e":"2 minutes"},"schema":{"@context":"https:\/\/schema.org","@graph":[{"@type":"WebPage","@id":"https:\/\/www.ezycount.ch\/fr\/prix\/","url":"https:\/\/www.ezycount.ch\/fr\/prix\/","name":"Prix - EZYcount","isPartOf":{"@id":"https:\/\/www.ezycount.ch\/fr\/#website"},"datePublished":"2020-03-04T19:11:38+00:00","dateModified":"2024-05-22T07:33:35+00:00","breadcrumb":{"@id":"https:\/\/www.ezycount.ch\/fr\/prix\/#breadcrumb"},"inLanguage":"fr-FR","potentialAction":[{"@type":"ReadAction","target":["https:\/\/www.ezycount.ch\/fr\/prix\/"]}]},{"@type":"BreadcrumbList","@id":"https:\/\/www.ezycount.ch\/fr\/prix\/#breadcrumb","itemListElement":[{"@type":"ListItem","position":1,"name":"Home","item":"https:\/\/www.ezycount.ch\/fr\/"},{"@type":"ListItem","position":2,"name":"Prix"}]},{"@type":"WebSite","@id":"https:\/\/www.ezycount.ch\/fr\/#website","url":"https:\/\/www.ezycount.ch\/fr\/","name":"EZYcount","description":"Simplifiez votre comptabilit\u00e9 et gagnez du temps","potentialAction":[{"@type":"SearchAction","target":{"@type":"EntryPoint","urlTemplate":"https:\/\/www.ezycount.ch\/fr\/?s={search_term_string}"},"query-input":{"@type":"PropertyValueSpecification","valueRequired":true,"valueName":"search_term_string"}}],"inLanguage":"fr-FR"}]}},"_links":{"self":[{"href":"https:\/\/www.ezycount.ch\/fr\/wp-json\/wp\/v2\/pages\/6302","targetHints":{"allow":["GET"]}}],"collection":[{"href":"https:\/\/www.ezycount.ch\/fr\/wp-json\/wp\/v2\/pages"}],"about":[{"href":"https:\/\/www.ezycount.ch\/fr\/wp-json\/wp\/v2\/types\/page"}],"author":[{"embeddable":true,"href":"https:\/\/www.ezycount.ch\/fr\/wp-json\/wp\/v2\/users\/2"}],"replies":[{"embeddable":true,"href":"https:\/\/www.ezycount.ch\/fr\/wp-json\/wp\/v2\/comments?post=6302"}],"version-history":[{"count":7,"href":"https:\/\/www.ezycount.ch\/fr\/wp-json\/wp\/v2\/pages\/6302\/revisions"}],"predecessor-version":[{"id":16510,"href":"https:\/\/www.ezycount.ch\/fr\/wp-json\/wp\/v2\/pages\/6302\/revisions\/16510"}],"wp:attachment":[{"href":"https:\/\/www.ezycount.ch\/fr\/wp-json\/wp\/v2\/media?parent=6302"}],"curies":[{"name":"wp","href":"https:\/\/api.w.org\/{rel}","templated":true}]}}