{"id":830,"date":"2018-04-05T07:28:37","date_gmt":"2018-04-05T07:28:37","guid":{"rendered":"http:\/\/test.ezyadmin.ch\/?page_id=830"},"modified":"2025-11-07T16:58:36","modified_gmt":"2025-11-07T15:58:36","slug":"automatise-la-comptabilite","status":"publish","type":"page","link":"https:\/\/www.ezycount.ch\/fr\/","title":{"rendered":"Simplifiez votre comptabilit\u00e9 et gagnez du temps"},"content":{"rendered":"<p style=\"text-align: center;\">EZYcount est remplac\u00e9 par YESbusiness d\u00e8s l&rsquo;ann\u00e9e 2026. Continuez ici: <a href=\"https:\/\/www.yesbusiness.ch\/fr\/\" style=\"outline: none;\">https:\/\/www.yesbusiness.ch\/fr\/<\/a><\/p>\n<h1 style=\"\">Simplifiez votre comptabilit\u00e9 et gagnez du temps<\/h1>\n<p><strong>EZYcount <\/strong>est une solution simple et s\u00e9curis\u00e9e de comptabilit\u00e9 financi\u00e8re et de facturation en ligne, qui permet aux ind\u00e9pendant(e)s et aux petites entreprises suisses de g\u00e9rer leur comptabilit\u00e9 plus rapidement et sans effort.<strong>En moins de 14 jours, nous vous aidons \u00e0 passer \u00e0 EZYcount que vous d\u00e9marriez votre activit\u00e9 ou non.<\/strong><\/p>\n<h2 style=\"\">EZYcount, c&rsquo;est&#8230;<\/h2>\n<p><span style=\"width: 100%;\"><img decoding=\"async\" loading=\"lazy\" alt=\"\" title=\"simple\" data-id=\"467\" src=\"\/\/test.ezyadmin.ch\/wp-content\/uploads\/2018\/02\/simple.png\" style=\"\" width=\"177\" height=\"177\"><\/span><\/p>\n<h3 style=\"text-align: center;\">SIMPLEcomme Bonjour&nbsp;<\/h3>\n<p style=\"text-align: center;\">Pas besoin d&rsquo;\u00eatre un expert pour en tirer les b\u00e9n\u00e9fices.<\/p>\n<p style=\"text-align: center;\">Sa prise en main rapide, son interface intuitive et ses processus automatis\u00e9s, en font un outil facile \u00e0 utiliser pour le commun des mortels.<\/p>\n<p style=\"text-align: center;\">Alors plus d&rsquo;excuses, au boulot !<\/p>\n<p><span style=\"width: 100%;\"><img decoding=\"async\" loading=\"lazy\" alt=\"\" title=\"ou&amp;quand\" data-id=\"470\" src=\"\/\/test.ezyadmin.ch\/wp-content\/uploads\/2018\/02\/ouquand.png\" style=\"\" width=\"177\" height=\"177\"><\/span><\/p>\n<h3 style=\"text-align: center;\">O\u00d9 VOUS VOULEZ,quand vous voulez&nbsp;<\/h3>\n<p style=\"text-align: center;\">Une connexion internet suffit pour faire vos &nbsp;factures et votre comptabilit\u00e9 quand bon vous semble.<\/p>\n<p style=\"text-align: center;\">Vos \u00e9critures sont sauvegard\u00e9es en permanence sur un syst\u00e8me suisse en ligne totalement s\u00e9curis\u00e9.<\/p>\n<p style=\"text-align: center;\">Plus de pertes de donn\u00e9es, ni de mises-\u00e0-jour n\u00e9cessaires !<\/p>\n<p><span style=\"width: 100%;\"><img decoding=\"async\" loading=\"lazy\" alt=\"\" title=\"vivien\" data-id=\"6314\" src=\"https:\/\/www.ezycount.ch\/wp-content\/uploads\/2020\/03\/vivien.png\" width=\"90\" height=\"86\" style=\"\"><\/span><\/p>\n<h3 style=\"text-align: center;\">VIVIEN, pour vous servir!<\/h3>\n<p style=\"text-align: center;\">Sa mission est de vous guider et de dissiper vos moindres doutes, que ce soit sur le plan technique ou en terme de comptabilit\u00e9.<\/p>\n<p style=\"text-align: center;\">Misez sur un service client personnel, r\u00e9actif et efficace.<\/p>\n<p style=\"text-align: center;\">Vous ne vous sentirez plus jamais seul(e) face \u00e0 votre comptabilit\u00e9.&nbsp;<\/p>\n<h2><span style=\"color: rgb(245, 168, 28);\">Des fonctionnalit\u00e9spour passer \u00e0 la vitesse sup\u00e9rieure<\/span>&nbsp;<\/h2>\n<h3>Importation automatique des transactions bancaires<\/h3>\n<p>Liez votre compte en banque \u00e0 votre comptabilit\u00e9 pour que toutes vos transactions bancaires se retrouvent automatiquement report\u00e9es dans EZYcount. Plus besoin de recopier les donn\u00e9es \u00e0 la main et surtout, plus aucun risque de faute de frappe.<\/p>\n<h3>Langage simple et intuitif<\/h3>\n<p>En parlant de sorties et d\u2019entr\u00e9es au lieu de d\u00e9bit et cr\u00e9dit, vous \u00eates s\u00fbr de prendre en main rapidement EZYcount. Un autre exemple ? Dans EZYcount, les \u00e9critures sont en couleurs. Entre le vert et le rouge, facile de savoir laquelle est une entr\u00e9e et laquelle est une sortie, non ?<\/p>\n<h3>Rapports l\u00e9gaux professionnels<\/h3>\n<p>G\u00e9n\u00e9rez les rapports usuels dont vous avez besoin pour les imp\u00f4ts, les banques et tout autre institution. Gr\u00e2ce \u00e0 EZYcount, ils sont clairs, professionnels et suivent une structure connue des sp\u00e9cialistes financiers. Projetez une image pro de votre activit\u00e9 avec EZYcount.<\/p>\n<h3>Collaboration<\/h3>\n<p>Collaborer en ligne et en direct avec votre fiduciaire. Oubliez les transferts de donn\u00e9es comptables ou de donn\u00e9es sensibles par des moyens non-s\u00e9curis\u00e9s comme les e-mails ou les cl\u00e9s USB.<\/p>\n<h2 style=\"text-align: left;\">EZYcount est d\u00e9j\u00e0 utilis\u00e9dans un grand nombre de domaines d\u2019activit\u00e9&nbsp;<\/h2>\n<p><span><img decoding=\"async\" loading=\"lazy\" alt=\"\" title=\"Services-1\" data-id=\"6316\" src=\"https:\/\/www.ezycount.ch\/wp-content\/uploads\/2020\/03\/Services-1.png\" width=\"90\" height=\"90\" style=\"\"><\/span><\/p>\n<p style=\"\">Services<\/p>\n<p><span><img decoding=\"async\" loading=\"lazy\" alt=\"\" title=\"Hospitality-1\" data-id=\"6317\" src=\"https:\/\/www.ezycount.ch\/wp-content\/uploads\/2020\/03\/Hospitality-1.png\" width=\"90\" height=\"90\"><\/span><\/p>\n<p style=\"\">Hospitalit\u00e9<\/p>\n<p><span><img decoding=\"async\" loading=\"lazy\" alt=\"\" title=\"Shops-1\" data-id=\"6318\" src=\"https:\/\/www.ezycount.ch\/wp-content\/uploads\/2020\/03\/Shops-1.png\" width=\"90\" height=\"90\"><\/span><\/p>\n<p>Magasin<\/p>\n<p><span><img decoding=\"async\" loading=\"lazy\" alt=\"\" title=\"Realestate-1\" data-id=\"6319\" src=\"https:\/\/www.ezycount.ch\/wp-content\/uploads\/2020\/03\/Realestate-1.png\" width=\"90\" height=\"91\"><\/span><\/p>\n<p style=\"\">Immobilier<\/p>\n<p><span><img decoding=\"async\" loading=\"lazy\" alt=\"\" title=\"Association1-1\" data-id=\"6320\" src=\"https:\/\/www.ezycount.ch\/wp-content\/uploads\/2020\/03\/Association1-1.png\" width=\"90\" height=\"90\" style=\"\"><\/span><\/p>\n<p style=\"\">Association<\/p>\n<p><span><img decoding=\"async\" loading=\"lazy\" alt=\"\" title=\"Startup-1\" data-id=\"6321\" src=\"https:\/\/www.ezycount.ch\/wp-content\/uploads\/2020\/03\/Startup-1.png\" width=\"90\" height=\"90\"><\/span><\/p>\n<p style=\"\">Startup<\/p>\n<h2>Les clients satisfaits nous motivent\u00e0 faire toujours mieux&nbsp;<\/h2>\n<p><span style=\"width: 100%;\"><img decoding=\"async\" loading=\"lazy\" alt=\"\" title=\"Elodie_Sciboz2-1\" data-id=\"6323\" src=\"https:\/\/www.ezycount.ch\/wp-content\/uploads\/2020\/03\/Elodie_Sciboz2-1.png\" style=\"\" width=\"164\" height=\"164\"><\/span><\/p>\n<h3 style=\"text-align: center;\">\u00c9lodie<\/h3>\n<h4 style=\"text-align: center;\"><span style=\"font-weight: normal;\">Podologue<\/span><\/h4>\n<p style=\"text-align: center;\"><a href=\"https:\/\/www.instagram.com\/elodie.podologue\/\" rel=\"nofollow\" style=\"outline: none;\" target=\"_blank\">instagram.com\/elodie.podologue<\/a><\/p>\n<p>\u00ab\u00a0EZYcount simplifie ma comptabilit\u00e9 en me permettant d\u2019entrer toutes mes \u00e9critures et de les finaliser plus tard si je ne suis pas s\u00fbre. J\u2019ai ainsi une vision globale de ce qu\u2019il me reste \u00e0 faire ! EZYcount est clair et bien structur\u00e9 : je vois clairement l&rsquo;\u00e9tat de mes comptes.\u00a0\u00bb<\/p>\n<p><span style=\"width: 100%;\"><img decoding=\"async\" loading=\"lazy\" alt=\"\" title=\"VeloValais-1672-copie-1\" data-id=\"6324\" src=\"https:\/\/www.ezycount.ch\/wp-content\/uploads\/2020\/03\/VeloValais-1672-copie-1.jpg\" style=\"\" width=\"100\" height=\"100\"><\/span><\/p>\n<h3 style=\"text-align: center;\">Christophe<\/h3>\n<h4 style=\"text-align: center;\"><span style=\"font-weight: normal;\">Livreur \u00e0 v\u00e9lo<\/span><\/h4>\n<p style=\"text-align: center;\"><a href=\"http:\/\/www.velocite-valais.ch\" rel=\"nofollow\" style=\"outline: none;\" target=\"_blank\">www.velocite-valais.ch<\/a><\/p>\n<p>\u00ab\u00a0Je n&rsquo;ai aucune notion de comptabilit\u00e9, mais gr\u00e2ce \u00e0 EZYcount je peux ais\u00e9ment faire mes comptes. C&rsquo;est une solution rapide et efficace. Cela me laisse donc plus de temps pour d\u00e9velopper mon entreprise.\u00a0\u00bb<\/p>\n<p><span style=\"width: 100%;\"><img decoding=\"async\" loading=\"lazy\" alt=\"Pianiste_EZYcount\" title=\"Pianiste_EZYcount\" data-id=\"7589\" src=\"https:\/\/www.ezycount.ch\/wp-content\/uploads\/2020\/03\/bolle3.jpg\" style=\"\" width=\"100\" height=\"100\"><\/span><\/p>\n<h3 style=\"text-align: center;\">Alain<\/h3>\n<h4 style=\"text-align: center;\"><span style=\"font-weight: normal;\">Pianiste<\/span><\/h4>\n<p style=\"text-align: center;\"><a href=\"http:\/\/www.bolletroche.ch\/\" rel=\"nofollow\" style=\"outline: none;\" target=\"_blank\">www.bolletroche.ch<\/a><\/p>\n<p>\u00ab\u00a0Super application, super service ! Ils mangent des tonnes de chocolat (comme annonc\u00e9 sur leur site) et ils ont la classe totale. Frais, simple, pas prise de t\u00eate&#8230; de quoi presque \u00ab\u00a0aimer la compta\u00a0\u00bb. BRAVO&#8230;\u00a0\u00bb<\/p>\n<h2 style=\"text-align: left;\">Nous prenons le temps de vous conna\u00eetreet de vous accompagner&nbsp;<\/h2>\n<p><span style=\"width: 100%;\"><a href=\"https:\/\/app.hubspot.com\/meetings\/vivien\/skype\" target=\"_blank\" rel=\"nofollow\"><img decoding=\"async\" loading=\"lazy\" alt=\"Vivien\" width=\"920\" height=\"930\" title=\"Vivien\" data-id=\"4942\" src=\"\/\/www.ezycount.ch\/wp-content\/uploads\/2018\/07\/vivien.png\" style=\"\"><\/a><\/span><span style=\"width: 100%;\"><a href=\"https:\/\/app.hubspot.com\/meetings\/vivien\/skype\" target=\"_blank\" rel=\"nofollow\"><img decoding=\"async\" loading=\"lazy\" alt=\"Marlene\" width=\"920\" height=\"930\" title=\"Marlene\" data-id=\"4945\" src=\"\/\/www.ezycount.ch\/wp-content\/uploads\/2018\/07\/marlene-1.png\" style=\"\"><\/a><\/span><\/p>\n<h3 style=\"text-align: center;\">Nous vous accompagnons pour tenir votre compabilit\u00e9<\/h3>\n<p style=\"\">Nous vous aidons \u00e0 vous lancer avec EZYcount. Que vous d\u00e9marriez avec la comptabilit\u00e9 ou non, l&rsquo;\u00e9quipe chaleureuse d&rsquo;EZYcount vous aide \u00e0 avoir une comptabilit\u00e9 en moins de 14 jours.<\/p>\n<p style=\"\">Afin de vous garantir le meilleur service, EZYcount vous offre une relation personnalis\u00e9e sur laquelle vous pouvez toujours compter. Par-dessus tout, nous croyons au contact humain et nous prenons \u00e0 c\u0153ur toutes vos questions, remarques et commentaires. En plus d&rsquo;\u00eatre disponibles, amicaux et (tr\u00e8s) patients, les experts EZYcount parlent fran\u00e7ais, allemand et anglais.<\/p>\n<h2>EZYcount dans la presse<\/h2>\n<p>La presse reconna\u00eet la plus-value offerte par EZYcount et en parle dans de multiples articles et \u00e9missions radios.<\/p>\n<p><span style=\"width: 100%;\"><a href=\"https:\/\/www.ezycount.ch\/fr\/media\/\" rel=\"\" target=\"_blank\"><img decoding=\"async\" loading=\"lazy\" alt=\"Bilan\" width=\"239\" height=\"99\" title=\"Bilan\" data-id=\"3425\" src=\"\/\/www.ezycount.ch\/wp-content\/uploads\/2018\/07\/EZYcount-partner-bilan.png\" style=\"\"><\/a><\/span><span style=\"width: 100%;\"><a href=\"https:\/\/www.ezycount.ch\/fr\/media\/\" rel=\"\" target=\"_blank\"><img decoding=\"async\" loading=\"lazy\" alt=\"\" width=\"224\" height=\"90\" title=\"Entrprise-Romande-G1-2\" data-id=\"3764\" src=\"\/\/www.ezycount.ch\/wp-content\/uploads\/2018\/07\/Entrprise-Romande-G1-2.jpg\" style=\"\"><\/a><\/span><span style=\"width: 100%;\"><a href=\"https:\/\/www.ezycount.ch\/fr\/media\/\" rel=\"\" target=\"_blank\"><img decoding=\"async\" loading=\"lazy\" alt=\"RTS\" width=\"250\" height=\"141\" title=\"RTS\" data-id=\"3421\" src=\"\/\/www.ezycount.ch\/wp-content\/uploads\/2018\/07\/EZYcount-partner-rts.png\" style=\"\"><\/a><\/span><span style=\"width: 100%;\"><a href=\"https:\/\/www.ezycount.ch\/fr\/media\/\" target=\"_blank\" rel=\"\"><img decoding=\"async\" loading=\"lazy\" alt=\"AGEFI\" title=\"AGEFI\" data-id=\"3580\" src=\"\/\/www.ezycount.ch\/wp-content\/uploads\/2018\/07\/agefi-media-1.png\" style=\"\" width=\"250\" height=\"69\"><\/a><\/span><\/p>\n<h2>EZYcount, c\u2019est encore bien plus !<\/h2>\n<p>Rejoignez notre communaut\u00e9 et b\u00e9n\u00e9ficiez de nombreux avantages qui vous ferons gagner encore plus de temps !<\/p>\n<p>\u2022 <span style=\"font-family: inherit; color: rgb(112, 99, 89);\">Des conseils pratiques pour les ind\u00e9pendants qui se lancent \u2022 Des rencontres pour poser toutes vos questions \u2022 Des astuces pour remplir sa d\u00e9claration d&rsquo;imp\u00f4ts\u2022 Des mod\u00e8les \u00e0 t\u00e9l\u00e9charger<\/span><\/p>\n<p>Et bien plus encore !<\/p>\n","protected":false},"excerpt":{"rendered":"<p>EZYcount est remplac\u00e9 par YESbusiness d\u00e8s l&rsquo;ann\u00e9e 2026. Continuez ici: https:\/\/www.yesbusiness.ch\/fr\/ Simplifiez votre comptabilit\u00e9 et gagnez du temps EZYcount est une solution simple et s\u00e9curis\u00e9e de comptabilit\u00e9 financi\u00e8re et de facturation en ligne, qui permet aux ind\u00e9pendant(e)s et aux petites entreprises suisses de g\u00e9rer leur comptabilit\u00e9 plus rapidement et sans effort.En moins de 14 jours, [&hellip;]<\/p>\n","protected":false},"author":2,"featured_media":0,"parent":0,"menu_order":0,"comment_status":"closed","ping_status":"closed","template":"","meta":{"footnotes":""},"class_list":["post-830","page","type-page","status-publish","hentry","post-wrapper","thrv_wrapper"],"yoast_head":"<!-- This site is optimized with the Yoast SEO plugin v25.3 - https:\/\/yoast.com\/wordpress\/plugins\/seo\/ -->\n<title>Simplifiez votre comptabilit\u00e9 et gagnez du temps - EZYcount<\/title>\n<meta name=\"description\" content=\"EZYcount est le programme en ligne de comptabilit\u00e9 pour ind\u00e9pendants, petites entreprises et associations en Suisse. EZYcount automatise vos t\u00e2ches.\" \/>\n<meta name=\"robots\" content=\"index, follow, max-snippet:-1, max-image-preview:large, max-video-preview:-1\" \/>\n<link rel=\"canonical\" href=\"https:\/\/www.ezycount.ch\/fr\/\" \/>\n<meta property=\"og:locale\" content=\"fr_FR\" \/>\n<meta property=\"og:type\" content=\"article\" \/>\n<meta property=\"og:title\" content=\"Simplifiez votre comptabilit\u00e9 et gagnez du temps - EZYcount\" \/>\n<meta property=\"og:description\" content=\"EZYcount est le programme en ligne de comptabilit\u00e9 pour ind\u00e9pendants, petites entreprises et associations en Suisse. EZYcount automatise vos t\u00e2ches.\" \/>\n<meta property=\"og:url\" content=\"https:\/\/www.ezycount.ch\/fr\/\" \/>\n<meta property=\"og:site_name\" content=\"EZYcount\" \/>\n<meta property=\"article:modified_time\" content=\"2025-11-07T15:58:36+00:00\" \/>\n<meta property=\"og:image\" content=\"https:\/\/www.ezycount.ch\/wp-content\/uploads\/2020\/03\/vivien.png\" \/>\n<meta name=\"twitter:card\" content=\"summary_large_image\" \/>\n<meta name=\"twitter:label1\" content=\"Dur\u00e9e de lecture estim\u00e9e\" \/>\n\t<meta name=\"twitter:data1\" content=\"4 minutes\" \/>\n<script type=\"application\/ld+json\" class=\"yoast-schema-graph\">{\"@context\":\"https:\/\/schema.org\",\"@graph\":[{\"@type\":\"WebPage\",\"@id\":\"https:\/\/www.ezycount.ch\/fr\/\",\"url\":\"https:\/\/www.ezycount.ch\/fr\/\",\"name\":\"Simplifiez votre comptabilit\u00e9 et gagnez du temps - EZYcount\",\"isPartOf\":{\"@id\":\"https:\/\/www.ezycount.ch\/fr\/#website\"},\"primaryImageOfPage\":{\"@id\":\"https:\/\/www.ezycount.ch\/fr\/#primaryimage\"},\"image\":{\"@id\":\"https:\/\/www.ezycount.ch\/fr\/#primaryimage\"},\"thumbnailUrl\":\"https:\/\/www.ezycount.ch\/wp-content\/uploads\/2020\/03\/vivien.png\",\"datePublished\":\"2018-04-05T07:28:37+00:00\",\"dateModified\":\"2025-11-07T15:58:36+00:00\",\"description\":\"EZYcount est le programme en ligne de comptabilit\u00e9 pour ind\u00e9pendants, petites entreprises et associations en Suisse. EZYcount automatise vos t\u00e2ches.\",\"breadcrumb\":{\"@id\":\"https:\/\/www.ezycount.ch\/fr\/#breadcrumb\"},\"inLanguage\":\"fr-FR\",\"potentialAction\":[{\"@type\":\"ReadAction\",\"target\":[\"https:\/\/www.ezycount.ch\/fr\/\"]}]},{\"@type\":\"ImageObject\",\"inLanguage\":\"fr-FR\",\"@id\":\"https:\/\/www.ezycount.ch\/fr\/#primaryimage\",\"url\":\"https:\/\/www.ezycount.ch\/wp-content\/uploads\/2020\/03\/vivien.png\",\"contentUrl\":\"https:\/\/www.ezycount.ch\/wp-content\/uploads\/2020\/03\/vivien.png\"},{\"@type\":\"BreadcrumbList\",\"@id\":\"https:\/\/www.ezycount.ch\/fr\/#breadcrumb\",\"itemListElement\":[{\"@type\":\"ListItem\",\"position\":1,\"name\":\"Home\",\"item\":\"https:\/\/www.ezycount.ch\/fr\/\"},{\"@type\":\"ListItem\",\"position\":2,\"name\":\"Simplifiez votre comptabilit\u00e9 et gagnez du temps\"}]},{\"@type\":\"WebSite\",\"@id\":\"https:\/\/www.ezycount.ch\/fr\/#website\",\"url\":\"https:\/\/www.ezycount.ch\/fr\/\",\"name\":\"EZYcount\",\"description\":\"Simplifiez votre comptabilit\u00e9 et gagnez du temps\",\"potentialAction\":[{\"@type\":\"SearchAction\",\"target\":{\"@type\":\"EntryPoint\",\"urlTemplate\":\"https:\/\/www.ezycount.ch\/fr\/?s={search_term_string}\"},\"query-input\":{\"@type\":\"PropertyValueSpecification\",\"valueRequired\":true,\"valueName\":\"search_term_string\"}}],\"inLanguage\":\"fr-FR\"}]}<\/script>\n<!-- \/ Yoast SEO plugin. -->","yoast_head_json":{"title":"Simplifiez votre comptabilit\u00e9 et gagnez du temps - EZYcount","description":"EZYcount est le programme en ligne de comptabilit\u00e9 pour ind\u00e9pendants, petites entreprises et associations en Suisse. EZYcount automatise vos t\u00e2ches.","robots":{"index":"index","follow":"follow","max-snippet":"max-snippet:-1","max-image-preview":"max-image-preview:large","max-video-preview":"max-video-preview:-1"},"canonical":"https:\/\/www.ezycount.ch\/fr\/","og_locale":"fr_FR","og_type":"article","og_title":"Simplifiez votre comptabilit\u00e9 et gagnez du temps - EZYcount","og_description":"EZYcount est le programme en ligne de comptabilit\u00e9 pour ind\u00e9pendants, petites entreprises et associations en Suisse. EZYcount automatise vos t\u00e2ches.","og_url":"https:\/\/www.ezycount.ch\/fr\/","og_site_name":"EZYcount","article_modified_time":"2025-11-07T15:58:36+00:00","og_image":[{"url":"https:\/\/www.ezycount.ch\/wp-content\/uploads\/2020\/03\/vivien.png","type":"","width":"","height":""}],"twitter_card":"summary_large_image","twitter_misc":{"Dur\u00e9e de lecture estim\u00e9e":"4 minutes"},"schema":{"@context":"https:\/\/schema.org","@graph":[{"@type":"WebPage","@id":"https:\/\/www.ezycount.ch\/fr\/","url":"https:\/\/www.ezycount.ch\/fr\/","name":"Simplifiez votre comptabilit\u00e9 et gagnez du temps - EZYcount","isPartOf":{"@id":"https:\/\/www.ezycount.ch\/fr\/#website"},"primaryImageOfPage":{"@id":"https:\/\/www.ezycount.ch\/fr\/#primaryimage"},"image":{"@id":"https:\/\/www.ezycount.ch\/fr\/#primaryimage"},"thumbnailUrl":"https:\/\/www.ezycount.ch\/wp-content\/uploads\/2020\/03\/vivien.png","datePublished":"2018-04-05T07:28:37+00:00","dateModified":"2025-11-07T15:58:36+00:00","description":"EZYcount est le programme en ligne de comptabilit\u00e9 pour ind\u00e9pendants, petites entreprises et associations en Suisse. EZYcount automatise vos t\u00e2ches.","breadcrumb":{"@id":"https:\/\/www.ezycount.ch\/fr\/#breadcrumb"},"inLanguage":"fr-FR","potentialAction":[{"@type":"ReadAction","target":["https:\/\/www.ezycount.ch\/fr\/"]}]},{"@type":"ImageObject","inLanguage":"fr-FR","@id":"https:\/\/www.ezycount.ch\/fr\/#primaryimage","url":"https:\/\/www.ezycount.ch\/wp-content\/uploads\/2020\/03\/vivien.png","contentUrl":"https:\/\/www.ezycount.ch\/wp-content\/uploads\/2020\/03\/vivien.png"},{"@type":"BreadcrumbList","@id":"https:\/\/www.ezycount.ch\/fr\/#breadcrumb","itemListElement":[{"@type":"ListItem","position":1,"name":"Home","item":"https:\/\/www.ezycount.ch\/fr\/"},{"@type":"ListItem","position":2,"name":"Simplifiez votre comptabilit\u00e9 et gagnez du temps"}]},{"@type":"WebSite","@id":"https:\/\/www.ezycount.ch\/fr\/#website","url":"https:\/\/www.ezycount.ch\/fr\/","name":"EZYcount","description":"Simplifiez votre comptabilit\u00e9 et gagnez du temps","potentialAction":[{"@type":"SearchAction","target":{"@type":"EntryPoint","urlTemplate":"https:\/\/www.ezycount.ch\/fr\/?s={search_term_string}"},"query-input":{"@type":"PropertyValueSpecification","valueRequired":true,"valueName":"search_term_string"}}],"inLanguage":"fr-FR"}]}},"_links":{"self":[{"href":"https:\/\/www.ezycount.ch\/fr\/wp-json\/wp\/v2\/pages\/830","targetHints":{"allow":["GET"]}}],"collection":[{"href":"https:\/\/www.ezycount.ch\/fr\/wp-json\/wp\/v2\/pages"}],"about":[{"href":"https:\/\/www.ezycount.ch\/fr\/wp-json\/wp\/v2\/types\/page"}],"author":[{"embeddable":true,"href":"https:\/\/www.ezycount.ch\/fr\/wp-json\/wp\/v2\/users\/2"}],"replies":[{"embeddable":true,"href":"https:\/\/www.ezycount.ch\/fr\/wp-json\/wp\/v2\/comments?post=830"}],"version-history":[{"count":8,"href":"https:\/\/www.ezycount.ch\/fr\/wp-json\/wp\/v2\/pages\/830\/revisions"}],"predecessor-version":[{"id":16525,"href":"https:\/\/www.ezycount.ch\/fr\/wp-json\/wp\/v2\/pages\/830\/revisions\/16525"}],"wp:attachment":[{"href":"https:\/\/www.ezycount.ch\/fr\/wp-json\/wp\/v2\/media?parent=830"}],"curies":[{"name":"wp","href":"https:\/\/api.w.org\/{rel}","templated":true}]}}