{"id":8560,"date":"2020-07-06T16:20:32","date_gmt":"2020-07-06T16:20:32","guid":{"rendered":"https:\/\/www.ezycount.ch\/?page_id=8560"},"modified":"2023-03-03T21:34:00","modified_gmt":"2023-03-03T20:34:00","slug":"je-fais-ma-comptabilite","status":"publish","type":"page","link":"https:\/\/www.ezycount.ch\/fr\/je-fais-ma-comptabilite\/","title":{"rendered":"Je fais ma comptabilit\u00e9"},"content":{"rendered":"<h1 style=\"\">Je fais ma comptabilit\u00e9<\/h1>\n<p>Il est plus facile de faire sa comptabilit\u00e9 en groupe. Chaque semaine retrouvez une personne de l&rsquo;\u00e9quipe EZYcount en ligne pour vous aider \u00e0 faire votre comptabilit\u00e9.<\/p>\n<p>Nous r\u00e9pondons \u00e0 toutes vos questions dans un format \u00ab\u00a0office hours\u00a0\u00bb ou heures d&rsquo;\u00e9changes.<\/p>\n<p>Rencontrez-nous dans notre bureau virtuel !<\/p>\n<h3 style=\"\">Prochains RDVs<\/h3>\n<p><a href=\"https:\/\/zoom.us\/s\/7874153160\" target=\"_blank\" rel=\"noopener\"><\/a><\/p>\n<p style=\"text-align: center;\">Le mercredi 8 mars&nbsp;de 16h30 \u00e0 17h00 sur:<\/p>\n<p style=\"text-align: center;\"><a href=\"https:\/\/zoom.us\/s\/7874153160\" target=\"_blank\" rel=\"nofollow noopener\" style=\"outline: none;\">Zoom<\/a><\/p>\n<p><a href=\"https:\/\/gather.town\/app\/phJxlJOTnLzWaQcS\/ezycount\" target=\"_blank\" rel=\"noopener\"><\/a><\/p>\n<p style=\"text-align: center;\">Le vendredi 24 mars<\/p>\n<p style=\"text-align: center;\">de 11h30 \u00e0 12h00 sur:<\/p>\n<p style=\"text-align: center;\"><a href=\"https:\/\/zoom.us\/s\/7874153160\" target=\"_blank\" rel=\"nofollow noopener\" style=\"outline: none;\">Zoom<\/a><\/p>\n<p><a href=\"https:\/\/zoom.us\/s\/7874153160\" target=\"_blank\" rel=\"noopener\"><\/a><\/p>\n<p style=\"text-align: center;\">Le lundi 3 avrilde 16h30 \u00e0 17h00 sur:<a href=\"https:\/\/discord.gg\/BMhubxZABy\" rel=\"nofollow noopener\" target=\"_blank\" style=\"outline: none;\"><\/a><a href=\"https:\/\/discord.gg\/BMhubxZABy\" target=\"_blank\" rel=\"nofollow noopener\" style=\"outline: none;\"><\/a><a href=\"https:\/\/zoom.us\/s\/7874153160\" rel=\"nofollow noopener\" target=\"_blank\" style=\"outline: none;\">Zoom<\/a><\/p>\n<h3 style=\"\"><strong>Comment se connecter \u00e0 notre bureau virtuel &#8211; Discord<\/strong><\/h3>\n<ul>\n<li><span>S\u00e9lectionnez une s\u00e9ance \u00e0 laquelle vous souhaitez participer<\/span><\/li>\n<li><span>Une nouvelle fen\u00eatre s&rsquo;ouvre et vous \u00eates redirig\u00e9 vers Discord&nbsp;<\/span><\/li>\n<li><span>Enregistrez-vous sur Discord<\/span><\/li>\n<li><span>&nbsp;Rejoignez le serveur EZY<\/span><\/li>\n<li><span>Cliquez sur l&rsquo;\u00e9moji pour confirmer que vous \u00eates une personne.<\/span><\/li>\n<li><span>Rejoignez le canal \u00ab\u00a0je fais ma compta\u00a0\u00bb.<\/span><\/li>\n<\/ul>\n","protected":false},"excerpt":{"rendered":"<p>Je fais ma comptabilit\u00e9 Il est plus facile de faire sa comptabilit\u00e9 en groupe. Chaque semaine retrouvez une personne de l&rsquo;\u00e9quipe EZYcount en ligne pour vous aider \u00e0 faire votre comptabilit\u00e9. Nous r\u00e9pondons \u00e0 toutes vos questions dans un format \u00ab\u00a0office hours\u00a0\u00bb ou heures d&rsquo;\u00e9changes. Rencontrez-nous dans notre bureau virtuel ! Prochains RDVs Le mercredi [&hellip;]<\/p>\n","protected":false},"author":2,"featured_media":0,"parent":0,"menu_order":0,"comment_status":"closed","ping_status":"closed","template":"","meta":{"footnotes":""},"class_list":["post-8560","page","type-page","status-publish","hentry","post-wrapper","thrv_wrapper"],"yoast_head":"<!-- This site is optimized with the Yoast SEO plugin v25.3 - https:\/\/yoast.com\/wordpress\/plugins\/seo\/ -->\n<title>Je fais ma comptabilit\u00e9 - EZYcount<\/title>\n<meta name=\"description\" content=\"Chaque semaine retrouvez une personne de l&#039;\u00e9quipe EZYcount en ligne pour vous aider \u00e0 faire votre comptabilit\u00e9.\" \/>\n<meta name=\"robots\" content=\"index, follow, max-snippet:-1, max-image-preview:large, max-video-preview:-1\" \/>\n<link rel=\"canonical\" href=\"https:\/\/www.ezycount.ch\/fr\/je-fais-ma-comptabilite\/\" \/>\n<meta property=\"og:locale\" content=\"fr_FR\" \/>\n<meta property=\"og:type\" content=\"article\" \/>\n<meta property=\"og:title\" content=\"Je fais ma comptabilit\u00e9 - EZYcount\" \/>\n<meta property=\"og:description\" content=\"Chaque semaine retrouvez une personne de l&#039;\u00e9quipe EZYcount en ligne pour vous aider \u00e0 faire votre comptabilit\u00e9.\" \/>\n<meta property=\"og:url\" content=\"https:\/\/www.ezycount.ch\/fr\/je-fais-ma-comptabilite\/\" \/>\n<meta property=\"og:site_name\" content=\"EZYcount\" \/>\n<meta property=\"article:modified_time\" content=\"2023-03-03T20:34:00+00:00\" \/>\n<meta name=\"twitter:card\" content=\"summary_large_image\" \/>\n<meta name=\"twitter:label1\" content=\"Dur\u00e9e de lecture estim\u00e9e\" \/>\n\t<meta name=\"twitter:data1\" content=\"1 minute\" \/>\n<script type=\"application\/ld+json\" class=\"yoast-schema-graph\">{\"@context\":\"https:\/\/schema.org\",\"@graph\":[{\"@type\":\"WebPage\",\"@id\":\"https:\/\/www.ezycount.ch\/fr\/je-fais-ma-comptabilite\/\",\"url\":\"https:\/\/www.ezycount.ch\/fr\/je-fais-ma-comptabilite\/\",\"name\":\"Je fais ma comptabilit\u00e9 - EZYcount\",\"isPartOf\":{\"@id\":\"https:\/\/www.ezycount.ch\/fr\/#website\"},\"datePublished\":\"2020-07-06T16:20:32+00:00\",\"dateModified\":\"2023-03-03T20:34:00+00:00\",\"description\":\"Chaque semaine retrouvez une personne de l'\u00e9quipe EZYcount en ligne pour vous aider \u00e0 faire votre comptabilit\u00e9.\",\"breadcrumb\":{\"@id\":\"https:\/\/www.ezycount.ch\/fr\/je-fais-ma-comptabilite\/#breadcrumb\"},\"inLanguage\":\"fr-FR\",\"potentialAction\":[{\"@type\":\"ReadAction\",\"target\":[\"https:\/\/www.ezycount.ch\/fr\/je-fais-ma-comptabilite\/\"]}]},{\"@type\":\"BreadcrumbList\",\"@id\":\"https:\/\/www.ezycount.ch\/fr\/je-fais-ma-comptabilite\/#breadcrumb\",\"itemListElement\":[{\"@type\":\"ListItem\",\"position\":1,\"name\":\"Home\",\"item\":\"https:\/\/www.ezycount.ch\/fr\/\"},{\"@type\":\"ListItem\",\"position\":2,\"name\":\"Je fais ma comptabilit\u00e9\"}]},{\"@type\":\"WebSite\",\"@id\":\"https:\/\/www.ezycount.ch\/fr\/#website\",\"url\":\"https:\/\/www.ezycount.ch\/fr\/\",\"name\":\"EZYcount\",\"description\":\"Simplifiez votre comptabilit\u00e9 et gagnez du temps\",\"potentialAction\":[{\"@type\":\"SearchAction\",\"target\":{\"@type\":\"EntryPoint\",\"urlTemplate\":\"https:\/\/www.ezycount.ch\/fr\/?s={search_term_string}\"},\"query-input\":{\"@type\":\"PropertyValueSpecification\",\"valueRequired\":true,\"valueName\":\"search_term_string\"}}],\"inLanguage\":\"fr-FR\"}]}<\/script>\n<!-- \/ Yoast SEO plugin. -->","yoast_head_json":{"title":"Je fais ma comptabilit\u00e9 - EZYcount","description":"Chaque semaine retrouvez une personne de l'\u00e9quipe EZYcount en ligne pour vous aider \u00e0 faire votre comptabilit\u00e9.","robots":{"index":"index","follow":"follow","max-snippet":"max-snippet:-1","max-image-preview":"max-image-preview:large","max-video-preview":"max-video-preview:-1"},"canonical":"https:\/\/www.ezycount.ch\/fr\/je-fais-ma-comptabilite\/","og_locale":"fr_FR","og_type":"article","og_title":"Je fais ma comptabilit\u00e9 - EZYcount","og_description":"Chaque semaine retrouvez une personne de l'\u00e9quipe EZYcount en ligne pour vous aider \u00e0 faire votre comptabilit\u00e9.","og_url":"https:\/\/www.ezycount.ch\/fr\/je-fais-ma-comptabilite\/","og_site_name":"EZYcount","article_modified_time":"2023-03-03T20:34:00+00:00","twitter_card":"summary_large_image","twitter_misc":{"Dur\u00e9e de lecture estim\u00e9e":"1 minute"},"schema":{"@context":"https:\/\/schema.org","@graph":[{"@type":"WebPage","@id":"https:\/\/www.ezycount.ch\/fr\/je-fais-ma-comptabilite\/","url":"https:\/\/www.ezycount.ch\/fr\/je-fais-ma-comptabilite\/","name":"Je fais ma comptabilit\u00e9 - EZYcount","isPartOf":{"@id":"https:\/\/www.ezycount.ch\/fr\/#website"},"datePublished":"2020-07-06T16:20:32+00:00","dateModified":"2023-03-03T20:34:00+00:00","description":"Chaque semaine retrouvez une personne de l'\u00e9quipe EZYcount en ligne pour vous aider \u00e0 faire votre comptabilit\u00e9.","breadcrumb":{"@id":"https:\/\/www.ezycount.ch\/fr\/je-fais-ma-comptabilite\/#breadcrumb"},"inLanguage":"fr-FR","potentialAction":[{"@type":"ReadAction","target":["https:\/\/www.ezycount.ch\/fr\/je-fais-ma-comptabilite\/"]}]},{"@type":"BreadcrumbList","@id":"https:\/\/www.ezycount.ch\/fr\/je-fais-ma-comptabilite\/#breadcrumb","itemListElement":[{"@type":"ListItem","position":1,"name":"Home","item":"https:\/\/www.ezycount.ch\/fr\/"},{"@type":"ListItem","position":2,"name":"Je fais ma comptabilit\u00e9"}]},{"@type":"WebSite","@id":"https:\/\/www.ezycount.ch\/fr\/#website","url":"https:\/\/www.ezycount.ch\/fr\/","name":"EZYcount","description":"Simplifiez votre comptabilit\u00e9 et gagnez du temps","potentialAction":[{"@type":"SearchAction","target":{"@type":"EntryPoint","urlTemplate":"https:\/\/www.ezycount.ch\/fr\/?s={search_term_string}"},"query-input":{"@type":"PropertyValueSpecification","valueRequired":true,"valueName":"search_term_string"}}],"inLanguage":"fr-FR"}]}},"_links":{"self":[{"href":"https:\/\/www.ezycount.ch\/fr\/wp-json\/wp\/v2\/pages\/8560","targetHints":{"allow":["GET"]}}],"collection":[{"href":"https:\/\/www.ezycount.ch\/fr\/wp-json\/wp\/v2\/pages"}],"about":[{"href":"https:\/\/www.ezycount.ch\/fr\/wp-json\/wp\/v2\/types\/page"}],"author":[{"embeddable":true,"href":"https:\/\/www.ezycount.ch\/fr\/wp-json\/wp\/v2\/users\/2"}],"replies":[{"embeddable":true,"href":"https:\/\/www.ezycount.ch\/fr\/wp-json\/wp\/v2\/comments?post=8560"}],"version-history":[{"count":118,"href":"https:\/\/www.ezycount.ch\/fr\/wp-json\/wp\/v2\/pages\/8560\/revisions"}],"predecessor-version":[{"id":16393,"href":"https:\/\/www.ezycount.ch\/fr\/wp-json\/wp\/v2\/pages\/8560\/revisions\/16393"}],"wp:attachment":[{"href":"https:\/\/www.ezycount.ch\/fr\/wp-json\/wp\/v2\/media?parent=8560"}],"curies":[{"name":"wp","href":"https:\/\/api.w.org\/{rel}","templated":true}]}}