{"id":8598,"date":"2020-07-20T14:12:44","date_gmt":"2020-07-20T13:12:44","guid":{"rendered":"https:\/\/www.ezycount.ch\/?page_id=8598"},"modified":"2021-11-09T05:28:05","modified_gmt":"2021-11-09T04:28:05","slug":"modele-detiquette-de-classeur","status":"publish","type":"page","link":"https:\/\/www.ezycount.ch\/fr\/modele-detiquette-de-classeur\/","title":{"rendered":"Mod\u00e8le d&#8217;\u00e9tiquette de classeur"},"content":{"rendered":"<h1 style=\"\">Mod\u00e8le gratuit pour cr\u00e9er des \u00e9tiquettes de dos de classeurs<\/h1>\n<p>Avoir un bureau ordonn\u00e9 et bien rang\u00e9 donne une impression de professionnalisme. Cela est similaire \u00e0 une r\u00e9ception d&rsquo;h\u00f4tel bien rang\u00e9e. Si un client visite votre bureau et tout est sens dessus dessous, cela ne repr\u00e9sente pas proprement la qualit\u00e9 et le professionnalisme de votre travail.&nbsp;<\/p>\n<p>Organiser son bureau passe par un certain nombre d&rsquo;\u00e9tapes et nous avons cr\u00e9\u00e9 un guide d\u00e9taill\u00e9 \u00e0 cet effet. Retrouvez-le ici: <a href=\"https:\/\/www.ezycount.ch\/fr\/comment-organiser-facilement-votre-bureau\/\" style=\"outline: none;\">Organiser son bureau efficacement<\/a><\/p>\n<p>Ci-dessous, nous regardons comment passer de classeurs normaux \u00e0 des classeurs PRO!&nbsp;<\/p>\n<p>Regardez ci-dessous, si vous sortez un classeur pour le montrer \u00e0 un client, lequel voudriez-vous avoir?<\/p>\n<h3 style=\"text-align: center;\">Classeur avec \u00e9tiquette \u00e0 la main<\/h3>\n<p><span><img decoding=\"async\" alt=\"Classeur avec etiquette manuelle\" data-id=\"8605\" width=\"225\" data-init-width=\"300\" height=\"300\" data-init-height=\"400\" title=\"Classeur avec etiquette manuelle\" loading=\"lazy\" src=\"https:\/\/www.ezycount.ch\/wp-content\/uploads\/2020\/07\/Classeur-avec-etiquette-manuelle.jpg\" data-width=\"225\" data-height=\"300\" style=\"\"><\/span><\/p>\n<h3 style=\"text-align: center;\">Classeur avec \u00e9tiquette imprim\u00e9e<\/h3>\n<p><span><img decoding=\"async\" alt=\"Classeur avec etiquette imprimee\" data-id=\"8608\" width=\"227\" data-init-width=\"300\" height=\"303\" data-init-height=\"400\" title=\"Classeur avec etiquette imprimee\" loading=\"lazy\" src=\"https:\/\/www.ezycount.ch\/wp-content\/uploads\/2020\/07\/Classeur-avec-etiquette-imprimee.jpg\" data-width=\"227\" data-height=\"303\" style=\"\"><\/span><\/p>\n<p style=\"\">Vous pr\u00e9f\u00e9rez le classeur avec le dos imprim\u00e9 proprement bien s\u00fbr!<\/p>\n<p>Pour avoir un look professionnel, votre classeur doit avoir une \u00e9tiquette de dos \u00e9crite en lettre d&rsquo;imprimerie.<\/p>\n<p>Pour ce faire, vous avez besoin d&rsquo;un <strong>mod\u00e8le complet de 3 pages en format WORD<\/strong>&nbsp;pour faire des \u00e9tiquettes de dos pour les <strong>classeurs f\u00e9d\u00e9raux de 7cm et 4cm.<\/strong><\/p>\n<p>Nous avons cr\u00e9\u00e9 un mod\u00e8le pour faire des \u00e9tiquettes directement depuis chez vous, sur votre imprimante.<\/p>\n<p> <strong>Contenus Les Plus Consult\u00e9s<\/strong><\/p>\n<p style=\"\">\n<p>    __CONFIG_colors_palette__{\u00ab\u00a0active_palette\u00a0\u00bb:0,\u00a0\u00bbconfig\u00a0\u00bb:{\u00ab\u00a0colors\u00a0\u00bb:{\u00ab\u00a09bd08\u00a0\u00bb:{\u00ab\u00a0name\u00a0\u00bb:\u00a0\u00bbMain Accent\u00a0\u00bb,\u00a0\u00bbparent\u00a0\u00bb:-1}},\u00a0\u00bbgradients\u00a0\u00bb:[]},\u00a0\u00bbpalettes\u00a0\u00bb:[{\u00ab\u00a0name\u00a0\u00bb:\u00a0\u00bbDefault Palette\u00a0\u00bb,\u00a0\u00bbvalue\u00a0\u00bb:{\u00ab\u00a0colors\u00a0\u00bb:{\u00ab\u00a09bd08\u00a0\u00bb:{\u00ab\u00a0val\u00a0\u00bb:\u00a0\u00bbhsla(var(&#8211;tcb-main-master-h, 210), var(&#8211;tcb-main-master-s, 77%), var(&#8211;tcb-main-master-l, 54%), 1)\u00a0\u00bb}},\u00a0\u00bbgradients\u00a0\u00bb:[]},\u00a0\u00bboriginal\u00a0\u00bb:{\u00ab\u00a0colors\u00a0\u00bb:{\u00ab\u00a09bd08\u00a0\u00bb:{\u00ab\u00a0val\u00a0\u00bb:\u00a0\u00bbrgb(19, 114, 211)\u00a0\u00bb,\u00a0\u00bbhsl\u00a0\u00bb:{\u00ab\u00a0h\u00a0\u00bb:210,\u00a0\u00bbs\u00a0\u00bb:0.83,\u00a0\u00bbl\u00a0\u00bb:0.45}}},\u00a0\u00bbgradients\u00a0\u00bb:[]}}]}__CONFIG_colors_palette__ <a href=\"https:\/\/www.ezycount.ch\/fr\/\" style=\"\" target=\"_blank\" rel=\"noopener\"> <span><span style=\"\">Comptabilit\u00e9<\/span><\/span> <\/a> <\/p>\n<p style=\"\">Une solution simple et s\u00e9curis\u00e9e de comptabilit\u00e9 financi\u00e8re et de facturation en ligne.<\/p>\n<p>      __CONFIG_colors_palette__{\u00ab\u00a0active_palette\u00a0\u00bb:0,\u00a0\u00bbconfig\u00a0\u00bb:{\u00ab\u00a0colors\u00a0\u00bb:{\u00ab\u00a09bd08\u00a0\u00bb:{\u00ab\u00a0name\u00a0\u00bb:\u00a0\u00bbMain Accent\u00a0\u00bb,\u00a0\u00bbparent\u00a0\u00bb:-1}},\u00a0\u00bbgradients\u00a0\u00bb:[]},\u00a0\u00bbpalettes\u00a0\u00bb:[{\u00ab\u00a0name\u00a0\u00bb:\u00a0\u00bbDefault Palette\u00a0\u00bb,\u00a0\u00bbvalue\u00a0\u00bb:{\u00ab\u00a0colors\u00a0\u00bb:{\u00ab\u00a09bd08\u00a0\u00bb:{\u00ab\u00a0val\u00a0\u00bb:\u00a0\u00bbhsla(var(&#8211;tcb-main-master-h, 210), var(&#8211;tcb-main-master-s, 77%), var(&#8211;tcb-main-master-l, 54%), 1)\u00a0\u00bb}},\u00a0\u00bbgradients\u00a0\u00bb:[]},\u00a0\u00bboriginal\u00a0\u00bb:{\u00ab\u00a0colors\u00a0\u00bb:{\u00ab\u00a09bd08\u00a0\u00bb:{\u00ab\u00a0val\u00a0\u00bb:\u00a0\u00bbrgb(19, 114, 211)\u00a0\u00bb,\u00a0\u00bbhsl\u00a0\u00bb:{\u00ab\u00a0h\u00a0\u00bb:210,\u00a0\u00bbs\u00a0\u00bb:0.83,\u00a0\u00bbl\u00a0\u00bb:0.45}}},\u00a0\u00bbgradients\u00a0\u00bb:[]}}]}__CONFIG_colors_palette__ <a href=\"https:\/\/www.ezycount.ch\/fr\/comment-organiser-facilement-votre-bureau\/\" style=\"\" target=\"_blank\" rel=\"noopener\"> <span><span style=\"\">Comment ranger et organiser son bureau?<\/span><\/span> <\/a> <\/p>\n<p style=\"\">Ranger et organiser son bureau pour \u00eatre plus efficace dans ses t\u00e2ches administratives.<\/p>\n<p>      __CONFIG_colors_palette__{\u00ab\u00a0active_palette\u00a0\u00bb:0,\u00a0\u00bbconfig\u00a0\u00bb:{\u00ab\u00a0colors\u00a0\u00bb:{\u00ab\u00a09bd08\u00a0\u00bb:{\u00ab\u00a0name\u00a0\u00bb:\u00a0\u00bbMain Accent\u00a0\u00bb,\u00a0\u00bbparent\u00a0\u00bb:-1}},\u00a0\u00bbgradients\u00a0\u00bb:[]},\u00a0\u00bbpalettes\u00a0\u00bb:[{\u00ab\u00a0name\u00a0\u00bb:\u00a0\u00bbDefault Palette\u00a0\u00bb,\u00a0\u00bbvalue\u00a0\u00bb:{\u00ab\u00a0colors\u00a0\u00bb:{\u00ab\u00a09bd08\u00a0\u00bb:{\u00ab\u00a0val\u00a0\u00bb:\u00a0\u00bbhsla(var(&#8211;tcb-main-master-h, 210), var(&#8211;tcb-main-master-s, 77%), var(&#8211;tcb-main-master-l, 54%), 1)\u00a0\u00bb}},\u00a0\u00bbgradients\u00a0\u00bb:[]},\u00a0\u00bboriginal\u00a0\u00bb:{\u00ab\u00a0colors\u00a0\u00bb:{\u00ab\u00a09bd08\u00a0\u00bb:{\u00ab\u00a0val\u00a0\u00bb:\u00a0\u00bbrgb(19, 114, 211)\u00a0\u00bb,\u00a0\u00bbhsl\u00a0\u00bb:{\u00ab\u00a0h\u00a0\u00bb:210,\u00a0\u00bbs\u00a0\u00bb:0.83,\u00a0\u00bbl\u00a0\u00bb:0.45}}},\u00a0\u00bbgradients\u00a0\u00bb:[]}}]}__CONFIG_colors_palette__ <a href=\"https:\/\/www.ezycount.ch\/fr\/comment-creer-une-facture-legale-en-suisse\/\" style=\"\"> <span><span style=\"\">Facturation suisse<\/span><\/span> <\/a> <\/p>\n<p style=\"\">Retrouvez toutes les informations n\u00e9cessaires pour cr\u00e9er des factures suisses conformes et compl\u00e8tes.<\/p>\n<p>      __CONFIG_colors_palette__{\u00ab\u00a0active_palette\u00a0\u00bb:0,\u00a0\u00bbconfig\u00a0\u00bb:{\u00ab\u00a0colors\u00a0\u00bb:{\u00ab\u00a09bd08\u00a0\u00bb:{\u00ab\u00a0name\u00a0\u00bb:\u00a0\u00bbMain Accent\u00a0\u00bb,\u00a0\u00bbparent\u00a0\u00bb:-1}},\u00a0\u00bbgradients\u00a0\u00bb:[]},\u00a0\u00bbpalettes\u00a0\u00bb:[{\u00ab\u00a0name\u00a0\u00bb:\u00a0\u00bbDefault Palette\u00a0\u00bb,\u00a0\u00bbvalue\u00a0\u00bb:{\u00ab\u00a0colors\u00a0\u00bb:{\u00ab\u00a09bd08\u00a0\u00bb:{\u00ab\u00a0val\u00a0\u00bb:\u00a0\u00bbhsla(var(&#8211;tcb-main-master-h, 210), var(&#8211;tcb-main-master-s, 77%), var(&#8211;tcb-main-master-l, 54%), 1)\u00a0\u00bb}},\u00a0\u00bbgradients\u00a0\u00bb:[]},\u00a0\u00bboriginal\u00a0\u00bb:{\u00ab\u00a0colors\u00a0\u00bb:{\u00ab\u00a09bd08\u00a0\u00bb:{\u00ab\u00a0val\u00a0\u00bb:\u00a0\u00bbrgb(19, 114, 211)\u00a0\u00bb,\u00a0\u00bbhsl\u00a0\u00bb:{\u00ab\u00a0h\u00a0\u00bb:210,\u00a0\u00bbs\u00a0\u00bb:0.83,\u00a0\u00bbl\u00a0\u00bb:0.45}}},\u00a0\u00bbgradients\u00a0\u00bb:[]}}]}__CONFIG_colors_palette__ <a href=\"https:\/\/www.ezycount.ch\/fr\/startup-valuation-model-free-excel\/\" style=\"\" target=\"_blank\" rel=\"noopener\"> <span><span style=\"\">Valorisation de la startup<\/span><\/span> <\/a> <\/p>\n<p style=\"\">Mod\u00e8le Excel gratuit pour calculer la valeur de votre startup lorsqu&rsquo;elle ne fait pas encore de b\u00e9n\u00e9fices ou tr\u00e8s peu.<\/p>\n<p>  __CONFIG_group_edit__{\u00ab\u00a0kbjp1vpj\u00a0\u00bb:{\u00ab\u00a0name\u00a0\u00bb:\u00a0\u00bbAll Logo(s)\u00a0\u00bb,\u00a0\u00bbsingular\u00a0\u00bb:\u00a0\u00bb&#8211; Logo %s\u00a0\u00bb},\u00a0\u00bbkbjp1xfn\u00a0\u00bb:{\u00ab\u00a0name\u00a0\u00bb:\u00a0\u00bbAll Title(s)\u00a0\u00bb,\u00a0\u00bbsingular\u00a0\u00bb:\u00a0\u00bb&#8211; Text %s\u00a0\u00bb},\u00a0\u00bbkbjp22kc\u00a0\u00bb:{\u00ab\u00a0name\u00a0\u00bb:\u00a0\u00bbAll Paragraph(s)\u00a0\u00bb,\u00a0\u00bbsingular\u00a0\u00bb:\u00a0\u00bb&#8211; Text %s\u00a0\u00bb},\u00a0\u00bbkbjp2ag5&Prime;:{\u00ab\u00a0name\u00a0\u00bb:\u00a0\u00bbAll Read Review Button(s)\u00a0\u00bb,\u00a0\u00bbsingular\u00a0\u00bb:\u00a0\u00bb&#8211; Button %s\u00a0\u00bb},\u00a0\u00bbkbjp3xj6&Prime;:{\u00ab\u00a0name\u00a0\u00bb:\u00a0\u00bbAll Visit Website Button(s)\u00a0\u00bb,\u00a0\u00bbsingular\u00a0\u00bb:\u00a0\u00bb&#8211; Button %s\u00a0\u00bb},\u00a0\u00bbkbjp44dp\u00a0\u00bb:{\u00ab\u00a0name\u00a0\u00bb:\u00a0\u00bbAll Buttons Column(s)\u00a0\u00bb,\u00a0\u00bbsingular\u00a0\u00bb:\u00a0\u00bb&#8211; Column %s\u00a0\u00bb},\u00a0\u00bbkbjp4d43&Prime;:{\u00ab\u00a0name\u00a0\u00bb:\u00a0\u00bbAll Text Column(s)\u00a0\u00bb,\u00a0\u00bbsingular\u00a0\u00bb:\u00a0\u00bb&#8211; Column %s\u00a0\u00bb},\u00a0\u00bbkbjp4k9i\u00a0\u00bb:{\u00ab\u00a0name\u00a0\u00bb:\u00a0\u00bbAll Content Box(s)\u00a0\u00bb,\u00a0\u00bbsingular\u00a0\u00bb:\u00a0\u00bb&#8211; Content Box %s\u00a0\u00bb},\u00a0\u00bbkbjp4mck\u00a0\u00bb:{\u00ab\u00a0name\u00a0\u00bb:\u00a0\u00bbAll Content Box(s)\u00a0\u00bb,\u00a0\u00bbsingular\u00a0\u00bb:\u00a0\u00bb&#8211; Content Box %s\u00a0\u00bb}}__CONFIG_group_edit____CONFIG_local_colors__{\u00ab\u00a0colors\u00a0\u00bb:{},\u00a0\u00bbgradients\u00a0\u00bb:{}}__CONFIG_local_colors__ <\/p>\n<p>Si vous \u00eates utilisateur d&rsquo;un produit Apple, suivez <a href=\"https:\/\/www.ezycount.ch\/fr\/etiquettes-de-classeur-pour-mac\/\" target=\"_blank\" style=\"outline: none;\" rel=\"noopener\">ce lien<\/a> pour obtenir un mod\u00e8le d&rsquo;\u00e9tiquette Pages gratuit.<\/p>\n<p>Ce mod\u00e8le vous permet d&rsquo;\u00e9crire le texte de l&rsquo;\u00e9tiquette en largeur ou en longueur.<\/p>\n","protected":false},"excerpt":{"rendered":"<p>Mod\u00e8le gratuit pour cr\u00e9er des \u00e9tiquettes de dos de classeurs Avoir un bureau ordonn\u00e9 et bien rang\u00e9 donne une impression de professionnalisme. Cela est similaire \u00e0 une r\u00e9ception d&rsquo;h\u00f4tel bien rang\u00e9e. Si un client visite votre bureau et tout est sens dessus dessous, cela ne repr\u00e9sente pas proprement la qualit\u00e9 et le professionnalisme de votre [&hellip;]<\/p>\n","protected":false},"author":2,"featured_media":0,"parent":0,"menu_order":0,"comment_status":"closed","ping_status":"closed","template":"","meta":{"footnotes":""},"class_list":["post-8598","page","type-page","status-publish","hentry","post-wrapper","thrv_wrapper"],"yoast_head":"<!-- This site is optimized with the Yoast SEO plugin v25.3 - https:\/\/yoast.com\/wordpress\/plugins\/seo\/ -->\n<title>GRATUIT Mod\u00e8le d&#8217;\u00e9tiquette de classeur - EZYcount<\/title>\n<meta name=\"description\" content=\"Mod\u00e8le gratuit WORD pour \u00e9tiquette de dos de classeur largeur 7cm ou 4cm. Facile d&#039;utilisation. Impression \u00e0 la maison. Pour tout classeurs.\" \/>\n<meta name=\"robots\" content=\"index, follow, max-snippet:-1, max-image-preview:large, max-video-preview:-1\" \/>\n<link rel=\"canonical\" href=\"https:\/\/www.ezycount.ch\/fr\/modele-detiquette-de-classeur\/\" \/>\n<meta property=\"og:locale\" content=\"fr_FR\" \/>\n<meta property=\"og:type\" content=\"article\" \/>\n<meta property=\"og:title\" content=\"GRATUIT Mod\u00e8le d&#8217;\u00e9tiquette de classeur - EZYcount\" \/>\n<meta property=\"og:description\" content=\"Mod\u00e8le gratuit WORD pour \u00e9tiquette de dos de classeur largeur 7cm ou 4cm. Facile d&#039;utilisation. Impression \u00e0 la maison. Pour tout classeurs.\" \/>\n<meta property=\"og:url\" content=\"https:\/\/www.ezycount.ch\/fr\/modele-detiquette-de-classeur\/\" \/>\n<meta property=\"og:site_name\" content=\"EZYcount\" \/>\n<meta property=\"article:modified_time\" content=\"2021-11-09T04:28:05+00:00\" \/>\n<meta property=\"og:image\" content=\"https:\/\/www.ezycount.ch\/wp-content\/uploads\/2020\/07\/Classeur-avec-etiquette-manuelle.jpg\" \/>\n<meta name=\"twitter:card\" content=\"summary_large_image\" \/>\n<meta name=\"twitter:label1\" content=\"Dur\u00e9e de lecture estim\u00e9e\" \/>\n\t<meta name=\"twitter:data1\" content=\"2 minutes\" \/>\n<script type=\"application\/ld+json\" class=\"yoast-schema-graph\">{\"@context\":\"https:\/\/schema.org\",\"@graph\":[{\"@type\":\"WebPage\",\"@id\":\"https:\/\/www.ezycount.ch\/fr\/modele-detiquette-de-classeur\/\",\"url\":\"https:\/\/www.ezycount.ch\/fr\/modele-detiquette-de-classeur\/\",\"name\":\"GRATUIT Mod\u00e8le d&#8217;\u00e9tiquette de classeur - EZYcount\",\"isPartOf\":{\"@id\":\"https:\/\/www.ezycount.ch\/fr\/#website\"},\"primaryImageOfPage\":{\"@id\":\"https:\/\/www.ezycount.ch\/fr\/modele-detiquette-de-classeur\/#primaryimage\"},\"image\":{\"@id\":\"https:\/\/www.ezycount.ch\/fr\/modele-detiquette-de-classeur\/#primaryimage\"},\"thumbnailUrl\":\"https:\/\/www.ezycount.ch\/wp-content\/uploads\/2020\/07\/Classeur-avec-etiquette-manuelle.jpg\",\"datePublished\":\"2020-07-20T13:12:44+00:00\",\"dateModified\":\"2021-11-09T04:28:05+00:00\",\"description\":\"Mod\u00e8le gratuit WORD pour \u00e9tiquette de dos de classeur largeur 7cm ou 4cm. Facile d'utilisation. Impression \u00e0 la maison. Pour tout classeurs.\",\"breadcrumb\":{\"@id\":\"https:\/\/www.ezycount.ch\/fr\/modele-detiquette-de-classeur\/#breadcrumb\"},\"inLanguage\":\"fr-FR\",\"potentialAction\":[{\"@type\":\"ReadAction\",\"target\":[\"https:\/\/www.ezycount.ch\/fr\/modele-detiquette-de-classeur\/\"]}]},{\"@type\":\"ImageObject\",\"inLanguage\":\"fr-FR\",\"@id\":\"https:\/\/www.ezycount.ch\/fr\/modele-detiquette-de-classeur\/#primaryimage\",\"url\":\"https:\/\/www.ezycount.ch\/wp-content\/uploads\/2020\/07\/Classeur-avec-etiquette-manuelle.jpg\",\"contentUrl\":\"https:\/\/www.ezycount.ch\/wp-content\/uploads\/2020\/07\/Classeur-avec-etiquette-manuelle.jpg\"},{\"@type\":\"BreadcrumbList\",\"@id\":\"https:\/\/www.ezycount.ch\/fr\/modele-detiquette-de-classeur\/#breadcrumb\",\"itemListElement\":[{\"@type\":\"ListItem\",\"position\":1,\"name\":\"Home\",\"item\":\"https:\/\/www.ezycount.ch\/fr\/\"},{\"@type\":\"ListItem\",\"position\":2,\"name\":\"Mod\u00e8le d&#8217;\u00e9tiquette de classeur\"}]},{\"@type\":\"WebSite\",\"@id\":\"https:\/\/www.ezycount.ch\/fr\/#website\",\"url\":\"https:\/\/www.ezycount.ch\/fr\/\",\"name\":\"EZYcount\",\"description\":\"Simplifiez votre comptabilit\u00e9 et gagnez du temps\",\"potentialAction\":[{\"@type\":\"SearchAction\",\"target\":{\"@type\":\"EntryPoint\",\"urlTemplate\":\"https:\/\/www.ezycount.ch\/fr\/?s={search_term_string}\"},\"query-input\":{\"@type\":\"PropertyValueSpecification\",\"valueRequired\":true,\"valueName\":\"search_term_string\"}}],\"inLanguage\":\"fr-FR\"}]}<\/script>\n<!-- \/ Yoast SEO plugin. -->","yoast_head_json":{"title":"GRATUIT Mod\u00e8le d&#8217;\u00e9tiquette de classeur - EZYcount","description":"Mod\u00e8le gratuit WORD pour \u00e9tiquette de dos de classeur largeur 7cm ou 4cm. Facile d'utilisation. Impression \u00e0 la maison. Pour tout classeurs.","robots":{"index":"index","follow":"follow","max-snippet":"max-snippet:-1","max-image-preview":"max-image-preview:large","max-video-preview":"max-video-preview:-1"},"canonical":"https:\/\/www.ezycount.ch\/fr\/modele-detiquette-de-classeur\/","og_locale":"fr_FR","og_type":"article","og_title":"GRATUIT Mod\u00e8le d&#8217;\u00e9tiquette de classeur - EZYcount","og_description":"Mod\u00e8le gratuit WORD pour \u00e9tiquette de dos de classeur largeur 7cm ou 4cm. Facile d'utilisation. Impression \u00e0 la maison. Pour tout classeurs.","og_url":"https:\/\/www.ezycount.ch\/fr\/modele-detiquette-de-classeur\/","og_site_name":"EZYcount","article_modified_time":"2021-11-09T04:28:05+00:00","og_image":[{"url":"https:\/\/www.ezycount.ch\/wp-content\/uploads\/2020\/07\/Classeur-avec-etiquette-manuelle.jpg","type":"","width":"","height":""}],"twitter_card":"summary_large_image","twitter_misc":{"Dur\u00e9e de lecture estim\u00e9e":"2 minutes"},"schema":{"@context":"https:\/\/schema.org","@graph":[{"@type":"WebPage","@id":"https:\/\/www.ezycount.ch\/fr\/modele-detiquette-de-classeur\/","url":"https:\/\/www.ezycount.ch\/fr\/modele-detiquette-de-classeur\/","name":"GRATUIT Mod\u00e8le d&#8217;\u00e9tiquette de classeur - EZYcount","isPartOf":{"@id":"https:\/\/www.ezycount.ch\/fr\/#website"},"primaryImageOfPage":{"@id":"https:\/\/www.ezycount.ch\/fr\/modele-detiquette-de-classeur\/#primaryimage"},"image":{"@id":"https:\/\/www.ezycount.ch\/fr\/modele-detiquette-de-classeur\/#primaryimage"},"thumbnailUrl":"https:\/\/www.ezycount.ch\/wp-content\/uploads\/2020\/07\/Classeur-avec-etiquette-manuelle.jpg","datePublished":"2020-07-20T13:12:44+00:00","dateModified":"2021-11-09T04:28:05+00:00","description":"Mod\u00e8le gratuit WORD pour \u00e9tiquette de dos de classeur largeur 7cm ou 4cm. Facile d'utilisation. Impression \u00e0 la maison. Pour tout classeurs.","breadcrumb":{"@id":"https:\/\/www.ezycount.ch\/fr\/modele-detiquette-de-classeur\/#breadcrumb"},"inLanguage":"fr-FR","potentialAction":[{"@type":"ReadAction","target":["https:\/\/www.ezycount.ch\/fr\/modele-detiquette-de-classeur\/"]}]},{"@type":"ImageObject","inLanguage":"fr-FR","@id":"https:\/\/www.ezycount.ch\/fr\/modele-detiquette-de-classeur\/#primaryimage","url":"https:\/\/www.ezycount.ch\/wp-content\/uploads\/2020\/07\/Classeur-avec-etiquette-manuelle.jpg","contentUrl":"https:\/\/www.ezycount.ch\/wp-content\/uploads\/2020\/07\/Classeur-avec-etiquette-manuelle.jpg"},{"@type":"BreadcrumbList","@id":"https:\/\/www.ezycount.ch\/fr\/modele-detiquette-de-classeur\/#breadcrumb","itemListElement":[{"@type":"ListItem","position":1,"name":"Home","item":"https:\/\/www.ezycount.ch\/fr\/"},{"@type":"ListItem","position":2,"name":"Mod\u00e8le d&#8217;\u00e9tiquette de classeur"}]},{"@type":"WebSite","@id":"https:\/\/www.ezycount.ch\/fr\/#website","url":"https:\/\/www.ezycount.ch\/fr\/","name":"EZYcount","description":"Simplifiez votre comptabilit\u00e9 et gagnez du temps","potentialAction":[{"@type":"SearchAction","target":{"@type":"EntryPoint","urlTemplate":"https:\/\/www.ezycount.ch\/fr\/?s={search_term_string}"},"query-input":{"@type":"PropertyValueSpecification","valueRequired":true,"valueName":"search_term_string"}}],"inLanguage":"fr-FR"}]}},"_links":{"self":[{"href":"https:\/\/www.ezycount.ch\/fr\/wp-json\/wp\/v2\/pages\/8598","targetHints":{"allow":["GET"]}}],"collection":[{"href":"https:\/\/www.ezycount.ch\/fr\/wp-json\/wp\/v2\/pages"}],"about":[{"href":"https:\/\/www.ezycount.ch\/fr\/wp-json\/wp\/v2\/types\/page"}],"author":[{"embeddable":true,"href":"https:\/\/www.ezycount.ch\/fr\/wp-json\/wp\/v2\/users\/2"}],"replies":[{"embeddable":true,"href":"https:\/\/www.ezycount.ch\/fr\/wp-json\/wp\/v2\/comments?post=8598"}],"version-history":[{"count":39,"href":"https:\/\/www.ezycount.ch\/fr\/wp-json\/wp\/v2\/pages\/8598\/revisions"}],"predecessor-version":[{"id":16007,"href":"https:\/\/www.ezycount.ch\/fr\/wp-json\/wp\/v2\/pages\/8598\/revisions\/16007"}],"wp:attachment":[{"href":"https:\/\/www.ezycount.ch\/fr\/wp-json\/wp\/v2\/media?parent=8598"}],"curies":[{"name":"wp","href":"https:\/\/api.w.org\/{rel}","templated":true}]}}