{"id":8784,"date":"2020-10-13T07:10:53","date_gmt":"2020-10-13T06:10:53","guid":{"rendered":"https:\/\/www.ezycount.ch\/?page_id=8784"},"modified":"2021-04-21T16:02:21","modified_gmt":"2021-04-21T15:02:21","slug":"lier-votre-comptabilite-suisse-avec-stripe","status":"publish","type":"page","link":"https:\/\/www.ezycount.ch\/fr\/lier-votre-comptabilite-suisse-avec-stripe\/","title":{"rendered":"Pourquoi lier votre comptabilit\u00e9 suisse \u00e0 Stripe ?"},"content":{"rendered":"<p><span><img decoding=\"async\" alt=\"Logo stripe\" data-id=\"8790\" width=\"322\" data-init-width=\"937\" height=\"153\" data-init-height=\"446\" title=\"Logo stripe\" loading=\"lazy\" src=\"https:\/\/www.ezycount.ch\/wp-content\/uploads\/2020\/10\/Stripe-wordmark-blurple_sm.png\" data-width=\"322\" data-height=\"153\" style=\"\"><\/span><span><img decoding=\"async\" alt=\"EZYcount white logo\" data-id=\"4844\" width=\"367\" data-init-width=\"1400\" height=\"158\" data-init-height=\"600\" title=\"EZYcount white logo\" loading=\"lazy\" src=\"https:\/\/www.ezycount.ch\/wp-content\/uploads\/2018\/07\/ezycount-share-logo-1.jpg\" data-width=\"367\" data-height=\"158\" style=\"\"><\/span><\/p>\n<h1 style=\"text-align: center;\">Lier votre comptabilit\u00e9 suisse EZYcount \u00e0 stripe pour automatiser vos encaissements<\/h1>\n<p>Vous voulez encaisser en ligne? Rien de plus facile avec stripe. Int\u00e9grez cette solution innovante d&rsquo;encaissement en ligne pour votre site web ou facturation et offrez la possibilit\u00e9 \u00e0 vos clients de payer \u00e0 l&rsquo;instant m\u00eame. De plus, toutes les transactions se retrouvent automatiquement le jour d&rsquo;apr\u00e8s dans votre comptabilit\u00e9 EZYcount.<\/p>\n<h2>Encaissez plus rapidement avec stripe<\/h2>\n<p>Gr\u00e2ce \u00e0 l&rsquo;int\u00e9gration de stripe et EZYcount, vos clients peuvent acheter sur votre site web ou payer vos factures en utilisant leur moyen de paiement pr\u00e9f\u00e9r\u00e9: carte de cr\u00e9dit, de d\u00e9bit, Google ou Apple Pay. Vous rejoindrez ainsi les millions d&rsquo;entreprises du monde entier qui utilisent stripe pour traiter des milliards de francs de transactions chaque ann\u00e9e.<\/p>\n<p><span style=\"\"><img decoding=\"async\" alt=\"Encaissement par carte de cr\u00e9dit\" data-id=\"8803\" width=\"436\" data-init-width=\"450\" height=\"290\" data-init-height=\"300\" title=\"Encaissement par carte de cr\u00e9dit\" loading=\"lazy\" src=\"https:\/\/www.ezycount.ch\/wp-content\/uploads\/2020\/10\/rupixen-com-Q59HmzK38eQ-unsplash-1.jpg\" data-width=\"436\" data-height=\"290\" style=\"margin-left: 0px;\" mt-d=\"-2\"><\/span><\/p>\n<h2>Toutes vos transactions stripe comptabilis\u00e9es en un clic<\/h2>\n<p>Partout o\u00f9 vous recevez des paiements via stripe, que ce soit via des factures ou une boutique en ligne, vous verrez automatiquement les donn\u00e9es des transactions entrer dans EZYcount gr\u00e2ce \u00e0 l&rsquo;int\u00e9gration stripe EZYcount. Les paiements et les frais sont automatiquement s\u00e9par\u00e9s et vous pouvez cr\u00e9er des r\u00e8gles pour que ceux-ci soient automatiquement comptabilit\u00e9 dans les bons comptes de votre comptabilit\u00e9. Vous diminuez grandement non seulement le temps n\u00e9cessaire \u00e0 faire votre comptabilit\u00e9 mais \u00e9galement le risque d&rsquo;erreur de frappe.<\/p>\n<p><span><img decoding=\"async\" alt=\"\u00e9cran connexion stripe EZYcount\" data-id=\"8808\" width=\"450\" data-init-width=\"450\" height=\"230\" data-init-height=\"230\" title=\"\u00e9cran connexion stripe EZYcount\" loading=\"lazy\" src=\"https:\/\/www.ezycount.ch\/wp-content\/uploads\/2020\/10\/Capture.jpg\" data-width=\"450\" data-height=\"230\"><\/span><\/p>\n<h2>Votre comptabilit\u00e9 suisse mise \u00e0 jour quotidiennement<\/h2>\n<p>En recevant chaque jour les transactions stripe, votre comptabilit\u00e9 suisse est quotidiennement mise-\u00e0-jour. Vous avez \u00e0 tout moment les informations financi\u00e8res pertinentes et \u00e0 jour sur votre activit\u00e9. Avec l&rsquo;int\u00e9gration EZYcount stripe, suivez au jour le jour l&rsquo;\u00e9volution des ventes de votre boutique en ligne ou de votre facturation.&nbsp;<\/p>\n<p>C&rsquo;est en ayant des informations financi\u00e8res \u00e0 jour que vous avez toutes les informations pertinentes pour prendre les bonnes d\u00e9cisions.<\/p>\n<h2 style=\"text-align: center;\">Commencez avec EZYcount<\/h2>\n<p style=\"text-align: center;\">C&rsquo;est tr\u00e8s facile de d\u00e9marrer avec EZYcount et stripe. Cela ne prend que quelques minutes et vous aurez vos premi\u00e8res transactions stripe comptabilis\u00e9es automatiquement dans EZYcount.<\/p>\n","protected":false},"excerpt":{"rendered":"<p>Lier votre comptabilit\u00e9 suisse EZYcount \u00e0 stripe pour automatiser vos encaissements Vous voulez encaisser en ligne? Rien de plus facile avec stripe. Int\u00e9grez cette solution innovante d&rsquo;encaissement en ligne pour votre site web ou facturation et offrez la possibilit\u00e9 \u00e0 vos clients de payer \u00e0 l&rsquo;instant m\u00eame. De plus, toutes les transactions se retrouvent automatiquement [&hellip;]<\/p>\n","protected":false},"author":2,"featured_media":0,"parent":0,"menu_order":0,"comment_status":"closed","ping_status":"closed","template":"","meta":{"footnotes":""},"class_list":["post-8784","page","type-page","status-publish","hentry","post-wrapper","thrv_wrapper"],"yoast_head":"<!-- This site is optimized with the Yoast SEO plugin v25.3 - https:\/\/yoast.com\/wordpress\/plugins\/seo\/ -->\n<title>Pourquoi lier votre comptabilit\u00e9 suisse \u00e0 Stripe ? - EZYcount<\/title>\n<meta name=\"description\" content=\"Lier en un clic votre comptabilit\u00e9 suisse \u00e0 stripe pour automatiser la comptabilit\u00e9 des transactions de votre boutique en ligne.\" \/>\n<meta name=\"robots\" content=\"index, follow, max-snippet:-1, max-image-preview:large, max-video-preview:-1\" \/>\n<link rel=\"canonical\" href=\"https:\/\/www.ezycount.ch\/fr\/lier-votre-comptabilite-suisse-avec-stripe\/\" \/>\n<meta property=\"og:locale\" content=\"fr_FR\" \/>\n<meta property=\"og:type\" content=\"article\" \/>\n<meta property=\"og:title\" content=\"Pourquoi lier votre comptabilit\u00e9 suisse \u00e0 Stripe ? - EZYcount\" \/>\n<meta property=\"og:description\" content=\"Lier en un clic votre comptabilit\u00e9 suisse \u00e0 stripe pour automatiser la comptabilit\u00e9 des transactions de votre boutique en ligne.\" \/>\n<meta property=\"og:url\" content=\"https:\/\/www.ezycount.ch\/fr\/lier-votre-comptabilite-suisse-avec-stripe\/\" \/>\n<meta property=\"og:site_name\" content=\"EZYcount\" \/>\n<meta property=\"article:modified_time\" content=\"2021-04-21T15:02:21+00:00\" \/>\n<meta property=\"og:image\" content=\"https:\/\/www.ezycount.ch\/wp-content\/uploads\/2020\/10\/Stripe-wordmark-blurple_sm.png\" \/>\n<meta name=\"twitter:card\" content=\"summary_large_image\" \/>\n<meta name=\"twitter:label1\" content=\"Dur\u00e9e de lecture estim\u00e9e\" \/>\n\t<meta name=\"twitter:data1\" content=\"3 minutes\" \/>\n<script type=\"application\/ld+json\" class=\"yoast-schema-graph\">{\"@context\":\"https:\/\/schema.org\",\"@graph\":[{\"@type\":\"WebPage\",\"@id\":\"https:\/\/www.ezycount.ch\/fr\/lier-votre-comptabilite-suisse-avec-stripe\/\",\"url\":\"https:\/\/www.ezycount.ch\/fr\/lier-votre-comptabilite-suisse-avec-stripe\/\",\"name\":\"Pourquoi lier votre comptabilit\u00e9 suisse \u00e0 Stripe ? - EZYcount\",\"isPartOf\":{\"@id\":\"https:\/\/www.ezycount.ch\/fr\/#website\"},\"primaryImageOfPage\":{\"@id\":\"https:\/\/www.ezycount.ch\/fr\/lier-votre-comptabilite-suisse-avec-stripe\/#primaryimage\"},\"image\":{\"@id\":\"https:\/\/www.ezycount.ch\/fr\/lier-votre-comptabilite-suisse-avec-stripe\/#primaryimage\"},\"thumbnailUrl\":\"https:\/\/www.ezycount.ch\/wp-content\/uploads\/2020\/10\/Stripe-wordmark-blurple_sm.png\",\"datePublished\":\"2020-10-13T06:10:53+00:00\",\"dateModified\":\"2021-04-21T15:02:21+00:00\",\"description\":\"Lier en un clic votre comptabilit\u00e9 suisse \u00e0 stripe pour automatiser la comptabilit\u00e9 des transactions de votre boutique en ligne.\",\"breadcrumb\":{\"@id\":\"https:\/\/www.ezycount.ch\/fr\/lier-votre-comptabilite-suisse-avec-stripe\/#breadcrumb\"},\"inLanguage\":\"fr-FR\",\"potentialAction\":[{\"@type\":\"ReadAction\",\"target\":[\"https:\/\/www.ezycount.ch\/fr\/lier-votre-comptabilite-suisse-avec-stripe\/\"]}]},{\"@type\":\"ImageObject\",\"inLanguage\":\"fr-FR\",\"@id\":\"https:\/\/www.ezycount.ch\/fr\/lier-votre-comptabilite-suisse-avec-stripe\/#primaryimage\",\"url\":\"https:\/\/www.ezycount.ch\/wp-content\/uploads\/2020\/10\/Stripe-wordmark-blurple_sm.png\",\"contentUrl\":\"https:\/\/www.ezycount.ch\/wp-content\/uploads\/2020\/10\/Stripe-wordmark-blurple_sm.png\"},{\"@type\":\"BreadcrumbList\",\"@id\":\"https:\/\/www.ezycount.ch\/fr\/lier-votre-comptabilite-suisse-avec-stripe\/#breadcrumb\",\"itemListElement\":[{\"@type\":\"ListItem\",\"position\":1,\"name\":\"Home\",\"item\":\"https:\/\/www.ezycount.ch\/fr\/\"},{\"@type\":\"ListItem\",\"position\":2,\"name\":\"Pourquoi lier votre comptabilit\u00e9 suisse \u00e0 Stripe ?\"}]},{\"@type\":\"WebSite\",\"@id\":\"https:\/\/www.ezycount.ch\/fr\/#website\",\"url\":\"https:\/\/www.ezycount.ch\/fr\/\",\"name\":\"EZYcount\",\"description\":\"Simplifiez votre comptabilit\u00e9 et gagnez du temps\",\"potentialAction\":[{\"@type\":\"SearchAction\",\"target\":{\"@type\":\"EntryPoint\",\"urlTemplate\":\"https:\/\/www.ezycount.ch\/fr\/?s={search_term_string}\"},\"query-input\":{\"@type\":\"PropertyValueSpecification\",\"valueRequired\":true,\"valueName\":\"search_term_string\"}}],\"inLanguage\":\"fr-FR\"}]}<\/script>\n<!-- \/ Yoast SEO plugin. -->","yoast_head_json":{"title":"Pourquoi lier votre comptabilit\u00e9 suisse \u00e0 Stripe ? - EZYcount","description":"Lier en un clic votre comptabilit\u00e9 suisse \u00e0 stripe pour automatiser la comptabilit\u00e9 des transactions de votre boutique en ligne.","robots":{"index":"index","follow":"follow","max-snippet":"max-snippet:-1","max-image-preview":"max-image-preview:large","max-video-preview":"max-video-preview:-1"},"canonical":"https:\/\/www.ezycount.ch\/fr\/lier-votre-comptabilite-suisse-avec-stripe\/","og_locale":"fr_FR","og_type":"article","og_title":"Pourquoi lier votre comptabilit\u00e9 suisse \u00e0 Stripe ? - EZYcount","og_description":"Lier en un clic votre comptabilit\u00e9 suisse \u00e0 stripe pour automatiser la comptabilit\u00e9 des transactions de votre boutique en ligne.","og_url":"https:\/\/www.ezycount.ch\/fr\/lier-votre-comptabilite-suisse-avec-stripe\/","og_site_name":"EZYcount","article_modified_time":"2021-04-21T15:02:21+00:00","og_image":[{"url":"https:\/\/www.ezycount.ch\/wp-content\/uploads\/2020\/10\/Stripe-wordmark-blurple_sm.png","type":"","width":"","height":""}],"twitter_card":"summary_large_image","twitter_misc":{"Dur\u00e9e de lecture estim\u00e9e":"3 minutes"},"schema":{"@context":"https:\/\/schema.org","@graph":[{"@type":"WebPage","@id":"https:\/\/www.ezycount.ch\/fr\/lier-votre-comptabilite-suisse-avec-stripe\/","url":"https:\/\/www.ezycount.ch\/fr\/lier-votre-comptabilite-suisse-avec-stripe\/","name":"Pourquoi lier votre comptabilit\u00e9 suisse \u00e0 Stripe ? - EZYcount","isPartOf":{"@id":"https:\/\/www.ezycount.ch\/fr\/#website"},"primaryImageOfPage":{"@id":"https:\/\/www.ezycount.ch\/fr\/lier-votre-comptabilite-suisse-avec-stripe\/#primaryimage"},"image":{"@id":"https:\/\/www.ezycount.ch\/fr\/lier-votre-comptabilite-suisse-avec-stripe\/#primaryimage"},"thumbnailUrl":"https:\/\/www.ezycount.ch\/wp-content\/uploads\/2020\/10\/Stripe-wordmark-blurple_sm.png","datePublished":"2020-10-13T06:10:53+00:00","dateModified":"2021-04-21T15:02:21+00:00","description":"Lier en un clic votre comptabilit\u00e9 suisse \u00e0 stripe pour automatiser la comptabilit\u00e9 des transactions de votre boutique en ligne.","breadcrumb":{"@id":"https:\/\/www.ezycount.ch\/fr\/lier-votre-comptabilite-suisse-avec-stripe\/#breadcrumb"},"inLanguage":"fr-FR","potentialAction":[{"@type":"ReadAction","target":["https:\/\/www.ezycount.ch\/fr\/lier-votre-comptabilite-suisse-avec-stripe\/"]}]},{"@type":"ImageObject","inLanguage":"fr-FR","@id":"https:\/\/www.ezycount.ch\/fr\/lier-votre-comptabilite-suisse-avec-stripe\/#primaryimage","url":"https:\/\/www.ezycount.ch\/wp-content\/uploads\/2020\/10\/Stripe-wordmark-blurple_sm.png","contentUrl":"https:\/\/www.ezycount.ch\/wp-content\/uploads\/2020\/10\/Stripe-wordmark-blurple_sm.png"},{"@type":"BreadcrumbList","@id":"https:\/\/www.ezycount.ch\/fr\/lier-votre-comptabilite-suisse-avec-stripe\/#breadcrumb","itemListElement":[{"@type":"ListItem","position":1,"name":"Home","item":"https:\/\/www.ezycount.ch\/fr\/"},{"@type":"ListItem","position":2,"name":"Pourquoi lier votre comptabilit\u00e9 suisse \u00e0 Stripe ?"}]},{"@type":"WebSite","@id":"https:\/\/www.ezycount.ch\/fr\/#website","url":"https:\/\/www.ezycount.ch\/fr\/","name":"EZYcount","description":"Simplifiez votre comptabilit\u00e9 et gagnez du temps","potentialAction":[{"@type":"SearchAction","target":{"@type":"EntryPoint","urlTemplate":"https:\/\/www.ezycount.ch\/fr\/?s={search_term_string}"},"query-input":{"@type":"PropertyValueSpecification","valueRequired":true,"valueName":"search_term_string"}}],"inLanguage":"fr-FR"}]}},"_links":{"self":[{"href":"https:\/\/www.ezycount.ch\/fr\/wp-json\/wp\/v2\/pages\/8784","targetHints":{"allow":["GET"]}}],"collection":[{"href":"https:\/\/www.ezycount.ch\/fr\/wp-json\/wp\/v2\/pages"}],"about":[{"href":"https:\/\/www.ezycount.ch\/fr\/wp-json\/wp\/v2\/types\/page"}],"author":[{"embeddable":true,"href":"https:\/\/www.ezycount.ch\/fr\/wp-json\/wp\/v2\/users\/2"}],"replies":[{"embeddable":true,"href":"https:\/\/www.ezycount.ch\/fr\/wp-json\/wp\/v2\/comments?post=8784"}],"version-history":[{"count":38,"href":"https:\/\/www.ezycount.ch\/fr\/wp-json\/wp\/v2\/pages\/8784\/revisions"}],"predecessor-version":[{"id":12696,"href":"https:\/\/www.ezycount.ch\/fr\/wp-json\/wp\/v2\/pages\/8784\/revisions\/12696"}],"wp:attachment":[{"href":"https:\/\/www.ezycount.ch\/fr\/wp-json\/wp\/v2\/media?parent=8784"}],"curies":[{"name":"wp","href":"https:\/\/api.w.org\/{rel}","templated":true}]}}