{"id":9208,"date":"2020-11-27T16:40:32","date_gmt":"2020-11-27T15:40:32","guid":{"rendered":"https:\/\/www.ezycount.ch\/?page_id=9208"},"modified":"2020-12-09T13:39:21","modified_gmt":"2020-12-09T12:39:21","slug":"fiduciaires","status":"publish","type":"page","link":"https:\/\/www.ezycount.ch\/fr\/fiduciaires\/","title":{"rendered":"Fiduciaires"},"content":{"rendered":"<h1 style=\"\">Faites passer <span data-attr-default=\"votre fiduciaire\" data-attr-id=\"get\" data-attr-var_name=\"fiduciaire\" data-extra_key=\"get\" data-option-inline=\"1\" data-shortcode=\"thrv_dynamic_data_request\" data-shortcode-name=\"URL QueryString\">votre fiduciaire<\/span> \u00e0 un niveau sup\u00e9rieur gr\u00e2ce \u00e0 la comptabilit\u00e9 automatis\u00e9e brevet\u00e9e d&rsquo;EZYcount<\/h1>\n<h4 style=\"\">Notre mission est de simlpifier la vie des fiduciaires qui travaillent avec les ind\u00e9pendants, associations et petites PME.&nbsp;<\/h4>\n<h4 style=\"\">R\u00e9server une rencontre t\u00e9l\u00e9phonique avec Vivien, l&rsquo;un de nos fondateurs, pour voir en d\u00e9tails comme vous pouvez gagner du temps.<\/h4>\n<p><span><img decoding=\"async\" alt=\"\" data-id=\"6323\" width=\"160\" data-init-width=\"164\" height=\"160\" data-init-height=\"164\" title=\"Elodie_Sciboz2-1\" loading=\"lazy\" src=\"https:\/\/www.ezycount.ch\/wp-content\/uploads\/2020\/03\/Elodie_Sciboz2-1.png\" data-width=\"160\" data-height=\"160\" style=\"\"><span style=\"\"><\/span><\/span>                    <\/p>\n<h5 style=\"color: rgb(245, 168, 28) !important; --tcb-applied-color:  rgb(245, 168, 28)  !important;\"><span style=\"--tcb-applied-color:  rgb(245, 168, 28)  !important;\">\u00c9lodie &#8211;&nbsp;<\/span><span style=\"--tcb-applied-color:  rgb(245, 168, 28)  !important;\">Podologue<\/span><\/h5>\n<p style=\"color: var(--tcb-skin-color-16)  !important; --tcb-applied-color:  var$(--tcb-skin-color-16)  !important;\">\u00ab\u00a0EZYcount simplifie ma comptabilit\u00e9 en me permettant d\u2019entrer toutes mes \u00e9critures et de les finaliser plus tard si je ne suis pas s\u00fbre. J\u2019ai ainsi une vision globale de ce qu\u2019il me reste \u00e0 faire ! EZYcount est clair et bien structur\u00e9 : je vois clairement l&rsquo;\u00e9tat de mes comptes.\u00a0\u00bb<\/p>\n<p><span><img decoding=\"async\" alt=\"\" data-id=\"6324\" width=\"160\" data-init-width=\"100\" height=\"160\" data-init-height=\"100\" title=\"VeloValais-1672-copie-1\" loading=\"lazy\" src=\"https:\/\/www.ezycount.ch\/wp-content\/uploads\/2020\/03\/VeloValais-1672-copie-1.jpg\" data-width=\"160\" data-height=\"160\" style=\"\"><span style=\"\"><\/span><\/span>                    <\/p>\n<h5 style=\"color: rgb(245, 168, 28) !important; --tcb-applied-color:  rgb(245, 168, 28)  !important;\">Christophe &#8211; Livreur \u00e0 v\u00e9lo<\/h5>\n<p style=\"color: var(--tcb-skin-color-16)  !important; --tcb-applied-color:  var$(--tcb-skin-color-16)  !important;\">\u00ab\u00a0Je n&rsquo;ai aucune notion de comptabilit\u00e9, mais gr\u00e2ce \u00e0 EZYcount je peux ais\u00e9ment faire mes comptes. c&rsquo;est une solution rapide et efficace. Cela me laisse donc plus de temps pour d\u00e9velopper mon entreprise.\u00a0\u00bb<\/p>\n<p><span><img decoding=\"async\" alt=\"\" data-id=\"9341\" width=\"160\" data-init-width=\"141\" height=\"160\" data-init-height=\"141\" title=\"Cyrille_robert_Packentreprise\" loading=\"lazy\" src=\"https:\/\/www.ezycount.ch\/wp-content\/uploads\/2020\/12\/Cyrille_robert_Packentreprise.jpg\" data-width=\"160\" data-height=\"160\" style=\"\"><span style=\"\"><\/span><\/span>                    <\/p>\n<h5 style=\"color: rgb(245, 168, 28) !important; --tcb-applied-color:  rgb(245, 168, 28)  !important;\">Cyrille &#8211; Packentreprise<\/h5>\n<p style=\"color: var(--tcb-skin-color-16)  !important; --tcb-applied-color:  var$(--tcb-skin-color-16)  !important; text-align: left;\">\u00ab\u00a0EZYcount est un outil qui convient tr\u00e8s bien pour nos clients ind\u00e9pendants. Gr\u00e2ce \u00e0 ses outils nous automatisons nos op\u00e9rations et gagnons un temps pr\u00e9cieux. Ce temps nous permet d&rsquo;\u00eatre plus disponible pour du conseil et de l&rsquo;accompagnement.\u00a0\u00bb&nbsp;<\/p>\n<p><span style=\"width: 100%;\"><a href=\"https:\/\/www.ezycount.ch\/fr\/media\/\" rel=\"noopener noreferrer\" target=\"_blank\"><img loading=\"lazy\" decoding=\"async\" alt=\"Bilan\" width=\"139\" height=\"58\" title=\"Bilan\" data-id=\"3425\" src=\"\/\/www.ezycount.ch\/wp-content\/uploads\/2018\/07\/EZYcount-partner-bilan.png\" style=\"\" data-width=\"139\" data-height=\"58\" data-init-width=\"239\" data-init-height=\"99\" mt-d=\"-1\"><\/a><\/span><span style=\"width: 100%;\"><a href=\"https:\/\/www.forbes.fr\/mediasfrance\/ezycount-when-accounting-for-self-employed-becomes-a-childs-play\/\" rel=\"noopener noreferrer\" target=\"_blank\"><img decoding=\"async\" alt=\"\" width=\"150\" height=\"45\" title=\"unnamed\" data-id=\"9288\" src=\"https:\/\/www.ezycount.ch\/wp-content\/uploads\/2020\/12\/unnamed-e1606921101254.jpg\" style=\"\" data-width=\"150\" data-height=\"45\" data-init-width=\"512\" data-init-height=\"152\" loading=\"lazy\" ml-d=\"0\" mt-d=\"-1\"><\/a><\/span><span style=\"width: 100%;\"><a href=\"https:\/\/www.ezycount.ch\/fr\/media\/\" rel=\"noopener noreferrer\" target=\"_blank\"><img loading=\"lazy\" decoding=\"async\" alt=\"RTS\" width=\"150\" height=\"85\" title=\"RTS\" data-id=\"3421\" src=\"\/\/www.ezycount.ch\/wp-content\/uploads\/2018\/07\/EZYcount-partner-rts.png\" style=\"\" data-width=\"150\" data-height=\"85\" data-init-width=\"250\" data-init-height=\"141\"><\/a><\/span><span style=\"width: 100%;\"><a href=\"https:\/\/www.ezycount.ch\/fr\/media\/\" target=\"_blank\" rel=\"noopener noreferrer\"><img loading=\"lazy\" decoding=\"async\" alt=\"AGEFI\" title=\"AGEFI\" data-id=\"3580\" src=\"\/\/www.ezycount.ch\/wp-content\/uploads\/2018\/07\/agefi-media-1.png\" style=\"\" width=\"150\" height=\"41\" data-width=\"150\" data-height=\"41\" data-init-width=\"250\" data-init-height=\"69\"><\/a><\/span><\/p>\n<h2>EZYcount, c&rsquo;est&#8230;<\/h2>\n<p><span><img decoding=\"async\" alt=\"\" data-id=\"9235\" width=\"95\" data-init-width=\"177\" height=\"95\" data-init-height=\"177\" title=\"simple\" loading=\"lazy\" src=\"https:\/\/www.ezycount.ch\/wp-content\/uploads\/2020\/11\/simple.png\" data-width=\"95\" data-height=\"95\"><\/span><\/p>\n<h6 style=\"text-align: center;\"><strong><span style=\"color: var(--tcb-tpl-color-12); font-size: 17px;\">&nbsp;<\/span><\/strong><span style=\"color: var(--tcb-tpl-color-12); font-size: 18px;\">SIMPLEcomme Bonjour!<\/span><\/h6>\n<p style=\"\">Simple et facile \u00e0 apprendre gr\u00e2ce \u00e0 l&rsquo;interface intuitive et aux processus automatis\u00e9s.<\/p>\n<p style=\"\">Con\u00e7u pour un usage professionnel.<\/p>\n<h6 style=\"text-align: center;\"><span style=\"color: var(--tcb-skin-color-4);\"> <\/span><\/h6>\n<p style=\"letter-spacing: var(--tve-letter-spacing, 0px);\">\n<p><span><img decoding=\"async\" alt=\"\" data-id=\"9232\" width=\"95\" data-init-width=\"177\" height=\"95\" data-init-height=\"177\" title=\"ouquand\" loading=\"lazy\" src=\"https:\/\/www.ezycount.ch\/wp-content\/uploads\/2020\/11\/ouquand.png\" data-width=\"95\" data-height=\"95\"><\/span><\/p>\n<h3 style=\"\"><span>O\u00d9 VOUS VOULEZ,quand vous voulez<\/span><\/h3>\n<p style=\"\">Avec une connexion Internet, vous pouvez y acc\u00e9der de partout dans le monde. Il n&rsquo;y a pas de limite de temps et de lieu.Vos entr\u00e9es sont enregistr\u00e9es en permanence sur un syst\u00e8me en ligne suisse totalement s\u00e9curis\u00e9.Plus de perte de donn\u00e9es, plus de mises \u00e0 jour n\u00e9cessaires !<\/p>\n<p style=\"letter-spacing: var(--tve-letter-spacing, 0px);\">\n<p><span><img decoding=\"async\" alt=\"\" data-id=\"6314\" width=\"99\" data-init-width=\"90\" height=\"95\" data-init-height=\"86\" title=\"vivien\" loading=\"lazy\" src=\"https:\/\/www.ezycount.ch\/wp-content\/uploads\/2020\/03\/vivien.png\" data-width=\"99\" data-height=\"95\"><\/span><\/p>\n<h3 style=\"text-align: center; color: var(--tcb-color-0)  !important; --tcb-applied-color:  var$(--tcb-color-0)  !important;\"><span style=\"font-size: 18px;\">VIVIEN, pour vous servir!<\/span><\/h3>\n<p style=\"\">Comptez sur un service \u00e0 la client\u00e8le personnel, r\u00e9actif et efficace.N&rsquo;h\u00e9sitez pas \u00e0 l&rsquo;essayer.<\/p>\n<p style=\"letter-spacing: var(--tve-letter-spacing, 0px);\">\n<p><span style=\"\"><img decoding=\"async\" alt=\"\" data-id=\"9305\" width=\"200\" data-init-width=\"519\" height=\"38\" data-init-height=\"98\" title=\"image\" loading=\"lazy\" src=\"https:\/\/www.ezycount.ch\/wp-content\/uploads\/2020\/12\/image-e1606922221510.jpg\" data-width=\"200\" data-height=\"38\" style=\"\" mt-d=\"-1\" ml-d=\"0\"><\/span><span style=\"\"><img decoding=\"async\" alt=\"\" data-id=\"9308\" width=\"211\" data-init-width=\"800\" height=\"46\" data-init-height=\"174\" title=\"d00fe43d1f04e1ecf9d8fe4bb7128baa.9f39f52e52f1461dfa79863f30abe7fa.Logo_Banque_Cantonale_du_Valais\" loading=\"lazy\" src=\"https:\/\/www.ezycount.ch\/wp-content\/uploads\/2020\/12\/d00fe43d1f04e1ecf9d8fe4bb7128baa.9f39f52e52f1461dfa79863f30abe7fa.Logo_Banque_Cantonale_du_Valais-e1606922178975.jpg\" data-width=\"211\" data-height=\"46\" style=\"\" mt-d=\"0\" ml-d=\"-1\"><\/span><\/p>\n<h2 style=\"text-align: center;\">Caract\u00e9ristiques principales d&rsquo;EZYcount<\/h2>\n<p style=\"text-align: center;\"><span style=\"\">La facture QR est pr\u00eate!<\/span><\/p>\n<p style=\"text-align: center;\"><span style=\"\">G\u00e9n\u00e9rer des factures QR rapidement&nbsp;<\/span><\/p>\n<p><span style=\"\"><img decoding=\"async\" alt=\"Exemple de QR facture\" data-id=\"8928\" width=\"349\" data-init-width=\"349\" height=\"166\" data-init-height=\"166\" title=\"exemple_qr_facture\" loading=\"lazy\" src=\"https:\/\/www.ezycount.ch\/wp-content\/uploads\/2020\/10\/exemple_qr_facture-e1607024819151.png\" data-width=\"349\" data-height=\"166\" style=\"\" mt-d=\"0\" ml-d=\"-2\"><\/span><\/p>\n<p style=\"text-align: center;\">\n<p style=\"text-align: center;\">Cr\u00e9er des r\u00e8gles pour automatiser les entr\u00e9es comptables<\/p>\n<p style=\"text-align: center;\">Automatiser les \u00e9critures r\u00e9p\u00e9titives<\/p>\n<p style=\"text-align: center;\">Relier la comptabilit\u00e9 aux comptes bancaires<\/p>\n<p style=\"text-align: center;\">Plus besoin de recopier les donn\u00e9es \u00e0 la main et surtout, plus aucun risque de faute de frappe<\/p>\n<p style=\"text-align: center;\"><span style=\"font-size: 17px;\">Importation d&rsquo;\u00e9critures \u00e0 partir d&rsquo;Excel<\/span><\/p>\n<p style=\"text-align: center;\"><span>Utiliser le &nbsp;pouvoir d&rsquo;Excel pour travailler plus rapidement<\/span><\/p>\n<h2 style=\"text-align: center; line-height: 1.3em !important;\">Passer \u00e0 la vitesse sup\u00e9rieure&nbsp;<\/h2>\n<p style=\"text-align: center; line-height: 1.3em !important;\">R\u00e9server une rencontre t\u00e9l\u00e9phonique avec Vivien, pour discuter plus en d\u00e9tails.<\/p>\n<a class=\"tcb-logo thrv_wrapper\" href=\"https:\/\/www.ezycount.ch\" data-css=\"tve-u-16c40e1b48c\" data-img-style=\"\" class=\"\"><img decoding=\"async\" src=\"https:\/\/www.ezycount.ch\/wp-content\/uploads\/2020\/03\/cropped-logo_ezycount_transparent.png\" height=\"512\" width=\"512\" alt=\"EZYcoun favicon\" style=\"\" class=\"tve-not-lazy-loaded\"><\/img><\/a>\n<p><a href=\"https:\/\/www.ezycount.ch\/fr\/conditions-generales-et-protection-des-donnees\/\" target=\"_blank\" rel=\"noopener noreferrer\">Protection des donn\u00e9es<\/a><\/p>\n","protected":false},"excerpt":{"rendered":"<p>Faites passer \u00e0 un niveau sup\u00e9rieur gr\u00e2ce \u00e0 la comptabilit\u00e9 automatis\u00e9e brevet\u00e9e d&rsquo;EZYcount Notre mission est de simlpifier la vie des fiduciaires qui travaillent avec les ind\u00e9pendants, associations et petites PME.&nbsp; R\u00e9server une rencontre t\u00e9l\u00e9phonique avec Vivien, l&rsquo;un de nos fondateurs, pour voir en d\u00e9tails comme vous pouvez gagner du temps. \u00c9lodie &#8211;&nbsp;Podologue \u00ab\u00a0EZYcount simplifie [&hellip;]<\/p>\n","protected":false},"author":2,"featured_media":0,"parent":0,"menu_order":0,"comment_status":"closed","ping_status":"closed","template":"","meta":{"footnotes":""},"class_list":["post-9208","page","type-page","status-publish","hentry","post-wrapper","thrv_wrapper"],"yoast_head":"<!-- This site is optimized with the Yoast SEO plugin v25.3 - https:\/\/yoast.com\/wordpress\/plugins\/seo\/ -->\n<title>Fiduciaires - EZYcount<\/title>\n<meta name=\"robots\" content=\"index, follow, max-snippet:-1, max-image-preview:large, max-video-preview:-1\" \/>\n<link rel=\"canonical\" href=\"https:\/\/www.ezycount.ch\/fr\/fiduciaires\/\" \/>\n<meta property=\"og:locale\" content=\"fr_FR\" \/>\n<meta property=\"og:type\" content=\"article\" \/>\n<meta property=\"og:title\" content=\"Fiduciaires - EZYcount\" \/>\n<meta property=\"og:description\" content=\"Faites passer \u00e0 un niveau sup\u00e9rieur gr\u00e2ce \u00e0 la comptabilit\u00e9 automatis\u00e9e brevet\u00e9e d&rsquo;EZYcount Notre mission est de simlpifier la vie des fiduciaires qui travaillent avec les ind\u00e9pendants, associations et petites PME.&nbsp; R\u00e9server une rencontre t\u00e9l\u00e9phonique avec Vivien, l&rsquo;un de nos fondateurs, pour voir en d\u00e9tails comme vous pouvez gagner du temps. \u00c9lodie &#8211;&nbsp;Podologue \u00ab\u00a0EZYcount simplifie [&hellip;]\" \/>\n<meta property=\"og:url\" content=\"https:\/\/www.ezycount.ch\/fr\/fiduciaires\/\" \/>\n<meta property=\"og:site_name\" content=\"EZYcount\" \/>\n<meta property=\"article:modified_time\" content=\"2020-12-09T12:39:21+00:00\" \/>\n<meta property=\"og:image\" content=\"https:\/\/www.ezycount.ch\/wp-content\/uploads\/2020\/03\/Elodie_Sciboz2-1.png\" \/>\n<meta name=\"twitter:card\" content=\"summary_large_image\" \/>\n<meta name=\"twitter:label1\" content=\"Dur\u00e9e de lecture estim\u00e9e\" \/>\n\t<meta name=\"twitter:data1\" content=\"2 minutes\" \/>\n<script type=\"application\/ld+json\" class=\"yoast-schema-graph\">{\"@context\":\"https:\/\/schema.org\",\"@graph\":[{\"@type\":\"WebPage\",\"@id\":\"https:\/\/www.ezycount.ch\/fr\/fiduciaires\/\",\"url\":\"https:\/\/www.ezycount.ch\/fr\/fiduciaires\/\",\"name\":\"Fiduciaires - EZYcount\",\"isPartOf\":{\"@id\":\"https:\/\/www.ezycount.ch\/fr\/#website\"},\"primaryImageOfPage\":{\"@id\":\"https:\/\/www.ezycount.ch\/fr\/fiduciaires\/#primaryimage\"},\"image\":{\"@id\":\"https:\/\/www.ezycount.ch\/fr\/fiduciaires\/#primaryimage\"},\"thumbnailUrl\":\"https:\/\/www.ezycount.ch\/wp-content\/uploads\/2020\/03\/Elodie_Sciboz2-1.png\",\"datePublished\":\"2020-11-27T15:40:32+00:00\",\"dateModified\":\"2020-12-09T12:39:21+00:00\",\"breadcrumb\":{\"@id\":\"https:\/\/www.ezycount.ch\/fr\/fiduciaires\/#breadcrumb\"},\"inLanguage\":\"fr-FR\",\"potentialAction\":[{\"@type\":\"ReadAction\",\"target\":[\"https:\/\/www.ezycount.ch\/fr\/fiduciaires\/\"]}]},{\"@type\":\"ImageObject\",\"inLanguage\":\"fr-FR\",\"@id\":\"https:\/\/www.ezycount.ch\/fr\/fiduciaires\/#primaryimage\",\"url\":\"https:\/\/www.ezycount.ch\/wp-content\/uploads\/2020\/03\/Elodie_Sciboz2-1.png\",\"contentUrl\":\"https:\/\/www.ezycount.ch\/wp-content\/uploads\/2020\/03\/Elodie_Sciboz2-1.png\"},{\"@type\":\"BreadcrumbList\",\"@id\":\"https:\/\/www.ezycount.ch\/fr\/fiduciaires\/#breadcrumb\",\"itemListElement\":[{\"@type\":\"ListItem\",\"position\":1,\"name\":\"Home\",\"item\":\"https:\/\/www.ezycount.ch\/fr\/\"},{\"@type\":\"ListItem\",\"position\":2,\"name\":\"Fiduciaires\"}]},{\"@type\":\"WebSite\",\"@id\":\"https:\/\/www.ezycount.ch\/fr\/#website\",\"url\":\"https:\/\/www.ezycount.ch\/fr\/\",\"name\":\"EZYcount\",\"description\":\"Simplifiez votre comptabilit\u00e9 et gagnez du temps\",\"potentialAction\":[{\"@type\":\"SearchAction\",\"target\":{\"@type\":\"EntryPoint\",\"urlTemplate\":\"https:\/\/www.ezycount.ch\/fr\/?s={search_term_string}\"},\"query-input\":{\"@type\":\"PropertyValueSpecification\",\"valueRequired\":true,\"valueName\":\"search_term_string\"}}],\"inLanguage\":\"fr-FR\"}]}<\/script>\n<!-- \/ Yoast SEO plugin. -->","yoast_head_json":{"title":"Fiduciaires - EZYcount","robots":{"index":"index","follow":"follow","max-snippet":"max-snippet:-1","max-image-preview":"max-image-preview:large","max-video-preview":"max-video-preview:-1"},"canonical":"https:\/\/www.ezycount.ch\/fr\/fiduciaires\/","og_locale":"fr_FR","og_type":"article","og_title":"Fiduciaires - EZYcount","og_description":"Faites passer \u00e0 un niveau sup\u00e9rieur gr\u00e2ce \u00e0 la comptabilit\u00e9 automatis\u00e9e brevet\u00e9e d&rsquo;EZYcount Notre mission est de simlpifier la vie des fiduciaires qui travaillent avec les ind\u00e9pendants, associations et petites PME.&nbsp; R\u00e9server une rencontre t\u00e9l\u00e9phonique avec Vivien, l&rsquo;un de nos fondateurs, pour voir en d\u00e9tails comme vous pouvez gagner du temps. \u00c9lodie &#8211;&nbsp;Podologue \u00ab\u00a0EZYcount simplifie [&hellip;]","og_url":"https:\/\/www.ezycount.ch\/fr\/fiduciaires\/","og_site_name":"EZYcount","article_modified_time":"2020-12-09T12:39:21+00:00","og_image":[{"url":"https:\/\/www.ezycount.ch\/wp-content\/uploads\/2020\/03\/Elodie_Sciboz2-1.png","type":"","width":"","height":""}],"twitter_card":"summary_large_image","twitter_misc":{"Dur\u00e9e de lecture estim\u00e9e":"2 minutes"},"schema":{"@context":"https:\/\/schema.org","@graph":[{"@type":"WebPage","@id":"https:\/\/www.ezycount.ch\/fr\/fiduciaires\/","url":"https:\/\/www.ezycount.ch\/fr\/fiduciaires\/","name":"Fiduciaires - EZYcount","isPartOf":{"@id":"https:\/\/www.ezycount.ch\/fr\/#website"},"primaryImageOfPage":{"@id":"https:\/\/www.ezycount.ch\/fr\/fiduciaires\/#primaryimage"},"image":{"@id":"https:\/\/www.ezycount.ch\/fr\/fiduciaires\/#primaryimage"},"thumbnailUrl":"https:\/\/www.ezycount.ch\/wp-content\/uploads\/2020\/03\/Elodie_Sciboz2-1.png","datePublished":"2020-11-27T15:40:32+00:00","dateModified":"2020-12-09T12:39:21+00:00","breadcrumb":{"@id":"https:\/\/www.ezycount.ch\/fr\/fiduciaires\/#breadcrumb"},"inLanguage":"fr-FR","potentialAction":[{"@type":"ReadAction","target":["https:\/\/www.ezycount.ch\/fr\/fiduciaires\/"]}]},{"@type":"ImageObject","inLanguage":"fr-FR","@id":"https:\/\/www.ezycount.ch\/fr\/fiduciaires\/#primaryimage","url":"https:\/\/www.ezycount.ch\/wp-content\/uploads\/2020\/03\/Elodie_Sciboz2-1.png","contentUrl":"https:\/\/www.ezycount.ch\/wp-content\/uploads\/2020\/03\/Elodie_Sciboz2-1.png"},{"@type":"BreadcrumbList","@id":"https:\/\/www.ezycount.ch\/fr\/fiduciaires\/#breadcrumb","itemListElement":[{"@type":"ListItem","position":1,"name":"Home","item":"https:\/\/www.ezycount.ch\/fr\/"},{"@type":"ListItem","position":2,"name":"Fiduciaires"}]},{"@type":"WebSite","@id":"https:\/\/www.ezycount.ch\/fr\/#website","url":"https:\/\/www.ezycount.ch\/fr\/","name":"EZYcount","description":"Simplifiez votre comptabilit\u00e9 et gagnez du temps","potentialAction":[{"@type":"SearchAction","target":{"@type":"EntryPoint","urlTemplate":"https:\/\/www.ezycount.ch\/fr\/?s={search_term_string}"},"query-input":{"@type":"PropertyValueSpecification","valueRequired":true,"valueName":"search_term_string"}}],"inLanguage":"fr-FR"}]}},"_links":{"self":[{"href":"https:\/\/www.ezycount.ch\/fr\/wp-json\/wp\/v2\/pages\/9208","targetHints":{"allow":["GET"]}}],"collection":[{"href":"https:\/\/www.ezycount.ch\/fr\/wp-json\/wp\/v2\/pages"}],"about":[{"href":"https:\/\/www.ezycount.ch\/fr\/wp-json\/wp\/v2\/types\/page"}],"author":[{"embeddable":true,"href":"https:\/\/www.ezycount.ch\/fr\/wp-json\/wp\/v2\/users\/2"}],"replies":[{"embeddable":true,"href":"https:\/\/www.ezycount.ch\/fr\/wp-json\/wp\/v2\/comments?post=9208"}],"version-history":[{"count":126,"href":"https:\/\/www.ezycount.ch\/fr\/wp-json\/wp\/v2\/pages\/9208\/revisions"}],"predecessor-version":[{"id":9382,"href":"https:\/\/www.ezycount.ch\/fr\/wp-json\/wp\/v2\/pages\/9208\/revisions\/9382"}],"wp:attachment":[{"href":"https:\/\/www.ezycount.ch\/fr\/wp-json\/wp\/v2\/media?parent=9208"}],"curies":[{"name":"wp","href":"https:\/\/api.w.org\/{rel}","templated":true}]}}