{"id":9570,"date":"2021-02-01T12:30:29","date_gmt":"2021-02-01T11:30:29","guid":{"rendered":"https:\/\/www.ezycount.ch\/?page_id=9570"},"modified":"2021-11-09T20:06:45","modified_gmt":"2021-11-09T19:06:45","slug":"nouveau-plugin-pour-wordpress","status":"publish","type":"page","link":"https:\/\/www.ezycount.ch\/fr\/nouveau-plugin-pour-wordpress\/","title":{"rendered":"Nouveau plugin pour WordPress"},"content":{"rendered":"<h1 data-alt-text=\"Introduction\" id=\"t-1612171892022\" style=\"\">R\u00e9servez automatiquement les transactions sur votre site WordPress avec un compte EZYcount<\/h1>\n<p>Vous vendez en ligne ou vous envisagez de cr\u00e9er une boutique en ligne? Vous \u00eates familier avec WordPress et vous souhaitez automatiser vos r\u00e9servations? La possibilit\u00e9 de connecter votre compte WordPress avec Woocommerce est possible gr\u00e2ce \u00e0 un nouveau plugin. Un moyen intelligent de cr\u00e9er une image de qualit\u00e9 et d&rsquo;am\u00e9liorer la satisfaction des clients.<\/p>\n<h3 style=\"\" id=\"t-1612171892023\">\u00c0 propos de WordPress et des plugins<\/h3>\n<p>Avez-vous visit\u00e9 notre site web ? Il est beau, n&rsquo;est-ce pas? EZYcount utilise WordPress, un syst\u00e8me de gestion de contenu gratuit et open-source. Il s&rsquo;agit d&rsquo;un programme connu dans le monde entier qui vous permet de cr\u00e9er votre propre site web. WordPress poss\u00e8de plus de 50.000 plugins, chacun avec une fonction diff\u00e9rente. Les plugins peuvent am\u00e9liorer le site ou y ajouter des fonctions enti\u00e8rement nouvelles. Ils permettent aux utilisateurs d&rsquo;ajouter plus facilement des attributs \u00e0 leur site web sans conna\u00eetre une seule ligne de code.<\/p>\n<h3 id=\"t-1636476060891\">\u00c0 propos de Woocommerce<\/h3>\n<p>Woocommerce est un plugin WordPresse gratuit qui ajoute une fonctionnalit\u00e9 de commerce \u00e9lectronique \u00e0 votre site WordPress afin que vous puissiez avoir une boutique en ligne. En quelques clics seulement, votre site WordPress se transforme en un site de commerce \u00e9lectronique pleinement fonctionnel.<strong>Et plus important encore : facile \u00e0 utiliser<\/strong><\/p>\n<h3 id=\"t-1612171892025\" style=\"\">Pourquoi ai-je besoin de ce nouveau plugin? Comment il peut m&rsquo;aider?<\/h3>\n<p>Laissez-moi vous pr\u00e9senter certains des avantages du nouveau plugin Woocommerce, afin que vous puissiez :<\/p>\n<ul>\n<li style=\"\">Cr\u00e9er des sites web attrayants \u00e0 l&rsquo;aide de th\u00e8mes ax\u00e9s sur les entreprises<\/li>\n<li style=\"\">Personnalisez rapidement votre page&nbsp;<\/li>\n<li style=\"\">Cr\u00e9er des adh\u00e9sions, des abonnements et une tarification dynamique&nbsp;<\/li>\n<li style=\"\">Ajouter des options de paiement s\u00fbres : cartes, portefeuilles mobiles, virements bancaires, etc&#8230;<\/li>\n<li style=\"\">Se connecter avec des transporteurs connus comme UPS<\/li>\n<li style=\"\">Calculs automatis\u00e9s de la taxe sur les ventes<\/li>\n<li style=\"\">Utiliser le centre de marketing pour les nouvelles id\u00e9es et faire l&rsquo;int\u00e9gration avec Facebook et Google<\/li>\n<\/ul>\n<p>Cela peut sembler \u00e9trange pour la premi\u00e8re fois, mais lorsque vous lancerez le processus, cela \u00e9claircira les choses.<\/p>\n<h4 id=\"t-1612171892026\" style=\"\">Voici un exemple<\/h4>\n<p style=\"\">Vous avez d\u00e9cid\u00e9 de vendre un nouveau produit. Votre ami vous a parl\u00e9 de WordPress, qui vous permet de cr\u00e9er un site web gratuit pour votre ou vos nouveaux produits. Votre ami vous a \u00e9galement dit que vous aviez besoin d&rsquo;un site web tr\u00e8s efficace pour satisfaire vos clients. C&rsquo;est pourquoi vous avez besoin de quelques fonctionnalit\u00e9s suppl\u00e9mentaires sur la page.&nbsp;<\/p>\n<p style=\"\">Vous avez donc d\u00e9cid\u00e9 de t\u00e9l\u00e9charger le nouveau plugin Woocommerce pour en exploiter les avantages. En utilisant le plugin, vous permettez \u00e0 vos clients de cr\u00e9er un profil de membre et vous offrez une m\u00e9thode d&rsquo;exp\u00e9dition de haute qualit\u00e9. Vous avez \u00e9galement mis en place un excellent marketing en suivant quelques conseils dans le hub pour atteindre vos meilleurs clients et obtenir plus de profit gr\u00e2ce \u00e0 un canal de paiement s\u00e9curis\u00e9.<\/p>\n<p>Vous avez compris ? Je l&rsquo;esp\u00e8re !<\/p>\n<h3 id=\"t-1612171892027\" style=\"\">Comment je puis obtenir le plugin?<\/h3>\n<p>T\u00e9l\u00e9chargez le nouveau plugin Woocommerce sur votre ordinateur, puis connectez-vous \u00e0 votre espace d&rsquo;administration WordPress et allez dans <strong>Plugins<\/strong>&nbsp;-&gt; <strong>Add New<\/strong>. Naviguez jusqu&rsquo;\u00e0 l&rsquo;archive du plugin et s\u00e9lectionnez-le. Cliquez ensuite sur <strong>Installer<\/strong> maintenant et <strong>le plugin<\/strong> sera install\u00e9 sous peu.La suppression est \u00e9galement simple dans la plupart des cas.<\/p>\n<h3 id=\"t-1612171892028\" style=\"\">Combien \u00e7a me co\u00fbte?<\/h3>\n<p style=\"\">Si vous avez un abonnement \u00e0 EZYcount, vous pouvez utiliser ce plugin GRATUITEMENT. Si vous n&rsquo;avez pas d&rsquo;abonnement, visitez le site EZYcount pour plus d&rsquo;informations.&nbsp;<\/p>\n<p> <strong>Contenus Les Plus Consult\u00e9s<\/strong><\/p>\n<p style=\"\">\n<p>    __CONFIG_colors_palette__{\u00ab\u00a0active_palette\u00a0\u00bb:0,\u00a0\u00bbconfig\u00a0\u00bb:{\u00ab\u00a0colors\u00a0\u00bb:{\u00ab\u00a09bd08\u00a0\u00bb:{\u00ab\u00a0name\u00a0\u00bb:\u00a0\u00bbMain Accent\u00a0\u00bb,\u00a0\u00bbparent\u00a0\u00bb:-1}},\u00a0\u00bbgradients\u00a0\u00bb:[]},\u00a0\u00bbpalettes\u00a0\u00bb:[{\u00ab\u00a0name\u00a0\u00bb:\u00a0\u00bbDefault Palette\u00a0\u00bb,\u00a0\u00bbvalue\u00a0\u00bb:{\u00ab\u00a0colors\u00a0\u00bb:{\u00ab\u00a09bd08\u00a0\u00bb:{\u00ab\u00a0val\u00a0\u00bb:\u00a0\u00bbhsla(var(&#8211;tcb-main-master-h, 210), var(&#8211;tcb-main-master-s, 77%), var(&#8211;tcb-main-master-l, 54%), 1)\u00a0\u00bb}},\u00a0\u00bbgradients\u00a0\u00bb:[]},\u00a0\u00bboriginal\u00a0\u00bb:{\u00ab\u00a0colors\u00a0\u00bb:{\u00ab\u00a09bd08\u00a0\u00bb:{\u00ab\u00a0val\u00a0\u00bb:\u00a0\u00bbrgb(19, 114, 211)\u00a0\u00bb,\u00a0\u00bbhsl\u00a0\u00bb:{\u00ab\u00a0h\u00a0\u00bb:210,\u00a0\u00bbs\u00a0\u00bb:0.83,\u00a0\u00bbl\u00a0\u00bb:0.45}}},\u00a0\u00bbgradients\u00a0\u00bb:[]}}]}__CONFIG_colors_palette__ <a href=\"https:\/\/www.ezycount.ch\/fr\/\" style=\"\" target=\"_blank\" rel=\"noopener\"> <span><span style=\"\">Comptabilit\u00e9<\/span><\/span> <\/a> <\/p>\n<p style=\"\">Une solution simple et s\u00e9curis\u00e9e de comptabilit\u00e9 financi\u00e8re et de facturation en ligne.<\/p>\n<p>      __CONFIG_colors_palette__{\u00ab\u00a0active_palette\u00a0\u00bb:0,\u00a0\u00bbconfig\u00a0\u00bb:{\u00ab\u00a0colors\u00a0\u00bb:{\u00ab\u00a09bd08\u00a0\u00bb:{\u00ab\u00a0name\u00a0\u00bb:\u00a0\u00bbMain Accent\u00a0\u00bb,\u00a0\u00bbparent\u00a0\u00bb:-1}},\u00a0\u00bbgradients\u00a0\u00bb:[]},\u00a0\u00bbpalettes\u00a0\u00bb:[{\u00ab\u00a0name\u00a0\u00bb:\u00a0\u00bbDefault Palette\u00a0\u00bb,\u00a0\u00bbvalue\u00a0\u00bb:{\u00ab\u00a0colors\u00a0\u00bb:{\u00ab\u00a09bd08\u00a0\u00bb:{\u00ab\u00a0val\u00a0\u00bb:\u00a0\u00bbhsla(var(&#8211;tcb-main-master-h, 210), var(&#8211;tcb-main-master-s, 77%), var(&#8211;tcb-main-master-l, 54%), 1)\u00a0\u00bb}},\u00a0\u00bbgradients\u00a0\u00bb:[]},\u00a0\u00bboriginal\u00a0\u00bb:{\u00ab\u00a0colors\u00a0\u00bb:{\u00ab\u00a09bd08\u00a0\u00bb:{\u00ab\u00a0val\u00a0\u00bb:\u00a0\u00bbrgb(19, 114, 211)\u00a0\u00bb,\u00a0\u00bbhsl\u00a0\u00bb:{\u00ab\u00a0h\u00a0\u00bb:210,\u00a0\u00bbs\u00a0\u00bb:0.83,\u00a0\u00bbl\u00a0\u00bb:0.45}}},\u00a0\u00bbgradients\u00a0\u00bb:[]}}]}__CONFIG_colors_palette__ <a href=\"https:\/\/www.ezycount.ch\/fr\/comment-organiser-facilement-votre-bureau\/\" style=\"\" target=\"_blank\" rel=\"noopener\"> <span><span style=\"\">Comment ranger et organiser son bureau?<\/span><\/span> <\/a> <\/p>\n<p style=\"\">Ranger et organiser son bureau pour \u00eatre plus efficace dans ses t\u00e2ches administratives.<\/p>\n<p>      __CONFIG_colors_palette__{\u00ab\u00a0active_palette\u00a0\u00bb:0,\u00a0\u00bbconfig\u00a0\u00bb:{\u00ab\u00a0colors\u00a0\u00bb:{\u00ab\u00a09bd08\u00a0\u00bb:{\u00ab\u00a0name\u00a0\u00bb:\u00a0\u00bbMain Accent\u00a0\u00bb,\u00a0\u00bbparent\u00a0\u00bb:-1}},\u00a0\u00bbgradients\u00a0\u00bb:[]},\u00a0\u00bbpalettes\u00a0\u00bb:[{\u00ab\u00a0name\u00a0\u00bb:\u00a0\u00bbDefault Palette\u00a0\u00bb,\u00a0\u00bbvalue\u00a0\u00bb:{\u00ab\u00a0colors\u00a0\u00bb:{\u00ab\u00a09bd08\u00a0\u00bb:{\u00ab\u00a0val\u00a0\u00bb:\u00a0\u00bbhsla(var(&#8211;tcb-main-master-h, 210), var(&#8211;tcb-main-master-s, 77%), var(&#8211;tcb-main-master-l, 54%), 1)\u00a0\u00bb}},\u00a0\u00bbgradients\u00a0\u00bb:[]},\u00a0\u00bboriginal\u00a0\u00bb:{\u00ab\u00a0colors\u00a0\u00bb:{\u00ab\u00a09bd08\u00a0\u00bb:{\u00ab\u00a0val\u00a0\u00bb:\u00a0\u00bbrgb(19, 114, 211)\u00a0\u00bb,\u00a0\u00bbhsl\u00a0\u00bb:{\u00ab\u00a0h\u00a0\u00bb:210,\u00a0\u00bbs\u00a0\u00bb:0.83,\u00a0\u00bbl\u00a0\u00bb:0.45}}},\u00a0\u00bbgradients\u00a0\u00bb:[]}}]}__CONFIG_colors_palette__ <a href=\"https:\/\/www.ezycount.ch\/fr\/comment-creer-une-facture-legale-en-suisse\/\" style=\"\"> <span><span style=\"\">Facturation suisse<\/span><\/span> <\/a> <\/p>\n<p style=\"\">Retrouvez toutes les informations n\u00e9cessaires pour cr\u00e9er des factures suisses conformes et compl\u00e8tes.<\/p>\n<p>      __CONFIG_colors_palette__{\u00ab\u00a0active_palette\u00a0\u00bb:0,\u00a0\u00bbconfig\u00a0\u00bb:{\u00ab\u00a0colors\u00a0\u00bb:{\u00ab\u00a09bd08\u00a0\u00bb:{\u00ab\u00a0name\u00a0\u00bb:\u00a0\u00bbMain Accent\u00a0\u00bb,\u00a0\u00bbparent\u00a0\u00bb:-1}},\u00a0\u00bbgradients\u00a0\u00bb:[]},\u00a0\u00bbpalettes\u00a0\u00bb:[{\u00ab\u00a0name\u00a0\u00bb:\u00a0\u00bbDefault Palette\u00a0\u00bb,\u00a0\u00bbvalue\u00a0\u00bb:{\u00ab\u00a0colors\u00a0\u00bb:{\u00ab\u00a09bd08\u00a0\u00bb:{\u00ab\u00a0val\u00a0\u00bb:\u00a0\u00bbhsla(var(&#8211;tcb-main-master-h, 210), var(&#8211;tcb-main-master-s, 77%), var(&#8211;tcb-main-master-l, 54%), 1)\u00a0\u00bb}},\u00a0\u00bbgradients\u00a0\u00bb:[]},\u00a0\u00bboriginal\u00a0\u00bb:{\u00ab\u00a0colors\u00a0\u00bb:{\u00ab\u00a09bd08\u00a0\u00bb:{\u00ab\u00a0val\u00a0\u00bb:\u00a0\u00bbrgb(19, 114, 211)\u00a0\u00bb,\u00a0\u00bbhsl\u00a0\u00bb:{\u00ab\u00a0h\u00a0\u00bb:210,\u00a0\u00bbs\u00a0\u00bb:0.83,\u00a0\u00bbl\u00a0\u00bb:0.45}}},\u00a0\u00bbgradients\u00a0\u00bb:[]}}]}__CONFIG_colors_palette__ <a href=\"https:\/\/www.ezycount.ch\/fr\/startup-valuation-model-free-excel\/\" style=\"\" target=\"_blank\" rel=\"noopener\"> <span><span style=\"\">Valorisation de la startup<\/span><\/span> <\/a> <\/p>\n<p style=\"\">Mod\u00e8le Excel gratuit pour calculer la valeur de votre startup lorsqu&rsquo;elle ne fait pas encore de b\u00e9n\u00e9fices ou tr\u00e8s peu.<\/p>\n<p>  __CONFIG_group_edit__{\u00ab\u00a0kbjp1vpj\u00a0\u00bb:{\u00ab\u00a0name\u00a0\u00bb:\u00a0\u00bbAll Logo(s)\u00a0\u00bb,\u00a0\u00bbsingular\u00a0\u00bb:\u00a0\u00bb&#8211; Logo %s\u00a0\u00bb},\u00a0\u00bbkbjp1xfn\u00a0\u00bb:{\u00ab\u00a0name\u00a0\u00bb:\u00a0\u00bbAll Title(s)\u00a0\u00bb,\u00a0\u00bbsingular\u00a0\u00bb:\u00a0\u00bb&#8211; Text %s\u00a0\u00bb},\u00a0\u00bbkbjp22kc\u00a0\u00bb:{\u00ab\u00a0name\u00a0\u00bb:\u00a0\u00bbAll Paragraph(s)\u00a0\u00bb,\u00a0\u00bbsingular\u00a0\u00bb:\u00a0\u00bb&#8211; Text %s\u00a0\u00bb},\u00a0\u00bbkbjp2ag5&Prime;:{\u00ab\u00a0name\u00a0\u00bb:\u00a0\u00bbAll Read Review Button(s)\u00a0\u00bb,\u00a0\u00bbsingular\u00a0\u00bb:\u00a0\u00bb&#8211; Button %s\u00a0\u00bb},\u00a0\u00bbkbjp3xj6&Prime;:{\u00ab\u00a0name\u00a0\u00bb:\u00a0\u00bbAll Visit Website Button(s)\u00a0\u00bb,\u00a0\u00bbsingular\u00a0\u00bb:\u00a0\u00bb&#8211; Button %s\u00a0\u00bb},\u00a0\u00bbkbjp44dp\u00a0\u00bb:{\u00ab\u00a0name\u00a0\u00bb:\u00a0\u00bbAll Buttons Column(s)\u00a0\u00bb,\u00a0\u00bbsingular\u00a0\u00bb:\u00a0\u00bb&#8211; Column %s\u00a0\u00bb},\u00a0\u00bbkbjp4d43&Prime;:{\u00ab\u00a0name\u00a0\u00bb:\u00a0\u00bbAll Text Column(s)\u00a0\u00bb,\u00a0\u00bbsingular\u00a0\u00bb:\u00a0\u00bb&#8211; Column %s\u00a0\u00bb},\u00a0\u00bbkbjp4k9i\u00a0\u00bb:{\u00ab\u00a0name\u00a0\u00bb:\u00a0\u00bbAll Content Box(s)\u00a0\u00bb,\u00a0\u00bbsingular\u00a0\u00bb:\u00a0\u00bb&#8211; Content Box %s\u00a0\u00bb},\u00a0\u00bbkbjp4mck\u00a0\u00bb:{\u00ab\u00a0name\u00a0\u00bb:\u00a0\u00bbAll Content Box(s)\u00a0\u00bb,\u00a0\u00bbsingular\u00a0\u00bb:\u00a0\u00bb&#8211; Content Box %s\u00a0\u00bb}}__CONFIG_group_edit____CONFIG_local_colors__{\u00ab\u00a0colors\u00a0\u00bb:{},\u00a0\u00bbgradients\u00a0\u00bb:{}}__CONFIG_local_colors__   <span style=\"\"><img decoding=\"async\" alt=\"Retrouver le plaisir de faire votre comptabilit\u00e9 avec EZYcount\" data-id=\"11311\" width=\"254\" data-init-width=\"600\" height=\"169\" data-init-height=\"400\" title=\"Retrouver le plaisir de faire votre comptabilit\u00e9 avec EZYcount\" loading=\"lazy\" src=\"https:\/\/www.ezycount.ch\/wp-content\/uploads\/2021\/04\/retrouver-le-plaisir-de-faire-votre-comptabilite-avec-EZYcount.jpg\" data-width=\"254\" data-height=\"169\" style=\"\" mt-d=\"0\"><\/span><\/p>\n<h6 style=\"\">Vous cherchez une solution simple de comptabilit\u00e9 suisse? EZYcount est pour vous<\/h6>\n<h3 id=\"t-1612171892030\" style=\"\">Comment puis-je int\u00e9grer Woocommerce dans mon application EZYcount?<\/h3>\n<h4 data-alt-text=\"Guide en 7 \u00e9tapes\" id=\"t-1612171892031\" style=\"\">Cela ne devrait pas poser de probl\u00e8me si vous suivez mon guide en 7 \u00e9tapes.<\/h4>\n<p>1. Installez&nbsp;<a href=\"https:\/\/wordpress.org\/plugins\/woocommerce\/\" style=\"outline: none;\" target=\"_blank\" rel=\"noopener\">Woocommerce<\/a>.&nbsp;2. Cr\u00e9ez les cat\u00e9gories de produits et attribuez les cat\u00e9gories parentales, y compris les sous-cat\u00e9gories, avec les produits dans WordPress3. Activer les m\u00e9thodes de paiement Woocommerce4. Visitez&nbsp;<a href=\"http:\/\/www.ezycount.ch\" style=\"outline: none;\" target=\"_blank\" rel=\"noopener\">EZYcount<\/a>, connectez-vous \u00e0 votre compte et allez \u00e0 Param\u00e8tres Company details. Trouvez votre ID d&rsquo;entreprise en haut de la page.5. Dans le plugin, entrez votre nom d&rsquo;utilisateur EZYcount, votre mot de passe et le num\u00e9ro d&rsquo;identification de votre entreprise.6. Entrez dans le plugin EZYcount le compte de d\u00e9bit \u00e0 4 chiffres pour chaque m\u00e9thode de paiement7. Saisissez dans le plugin EZYcount le compte de cr\u00e9dit \u00e0 4 chiffres pour chaque cat\u00e9gorie de produits<\/p>\n","protected":false},"excerpt":{"rendered":"<p>R\u00e9servez automatiquement les transactions sur votre site WordPress avec un compte EZYcount Vous vendez en ligne ou vous envisagez de cr\u00e9er une boutique en ligne? Vous \u00eates familier avec WordPress et vous souhaitez automatiser vos r\u00e9servations? La possibilit\u00e9 de connecter votre compte WordPress avec Woocommerce est possible gr\u00e2ce \u00e0 un nouveau plugin. Un moyen intelligent [&hellip;]<\/p>\n","protected":false},"author":4,"featured_media":0,"parent":0,"menu_order":0,"comment_status":"closed","ping_status":"closed","template":"","meta":{"footnotes":""},"class_list":["post-9570","page","type-page","status-publish","hentry","post-wrapper","thrv_wrapper"],"yoast_head":"<!-- This site is optimized with the Yoast SEO plugin v25.3 - https:\/\/yoast.com\/wordpress\/plugins\/seo\/ -->\n<title>Nouveau plugin pour WordPress - EZYcount<\/title>\n<meta name=\"description\" content=\"Vous \u00eates familier avec WordPress et vous souhaitez automatiser vos r\u00e9servations ? Ce nouveau plugin vous aidera \u00e0 cr\u00e9er une bonne boutique en ligne.\" \/>\n<meta name=\"robots\" content=\"index, follow, max-snippet:-1, max-image-preview:large, max-video-preview:-1\" \/>\n<link rel=\"canonical\" href=\"https:\/\/www.ezycount.ch\/fr\/nouveau-plugin-pour-wordpress\/\" \/>\n<meta property=\"og:locale\" content=\"fr_FR\" \/>\n<meta property=\"og:type\" content=\"article\" \/>\n<meta property=\"og:title\" content=\"Nouveau plugin pour WordPress - EZYcount\" \/>\n<meta property=\"og:description\" content=\"Vous \u00eates familier avec WordPress et vous souhaitez automatiser vos r\u00e9servations ? Ce nouveau plugin vous aidera \u00e0 cr\u00e9er une bonne boutique en ligne.\" \/>\n<meta property=\"og:url\" content=\"https:\/\/www.ezycount.ch\/fr\/nouveau-plugin-pour-wordpress\/\" \/>\n<meta property=\"og:site_name\" content=\"EZYcount\" \/>\n<meta property=\"article:modified_time\" content=\"2021-11-09T19:06:45+00:00\" \/>\n<meta property=\"og:image\" content=\"https:\/\/www.ezycount.ch\/wp-content\/uploads\/2021\/04\/retrouver-le-plaisir-de-faire-votre-comptabilite-avec-EZYcount.jpg\" \/>\n<meta name=\"twitter:card\" content=\"summary_large_image\" \/>\n<meta name=\"twitter:label1\" content=\"Dur\u00e9e de lecture estim\u00e9e\" \/>\n\t<meta name=\"twitter:data1\" content=\"4 minutes\" \/>\n<script type=\"application\/ld+json\" class=\"yoast-schema-graph\">{\"@context\":\"https:\/\/schema.org\",\"@graph\":[{\"@type\":\"WebPage\",\"@id\":\"https:\/\/www.ezycount.ch\/fr\/nouveau-plugin-pour-wordpress\/\",\"url\":\"https:\/\/www.ezycount.ch\/fr\/nouveau-plugin-pour-wordpress\/\",\"name\":\"Nouveau plugin pour WordPress - EZYcount\",\"isPartOf\":{\"@id\":\"https:\/\/www.ezycount.ch\/fr\/#website\"},\"primaryImageOfPage\":{\"@id\":\"https:\/\/www.ezycount.ch\/fr\/nouveau-plugin-pour-wordpress\/#primaryimage\"},\"image\":{\"@id\":\"https:\/\/www.ezycount.ch\/fr\/nouveau-plugin-pour-wordpress\/#primaryimage\"},\"thumbnailUrl\":\"https:\/\/www.ezycount.ch\/wp-content\/uploads\/2021\/04\/retrouver-le-plaisir-de-faire-votre-comptabilite-avec-EZYcount.jpg\",\"datePublished\":\"2021-02-01T11:30:29+00:00\",\"dateModified\":\"2021-11-09T19:06:45+00:00\",\"description\":\"Vous \u00eates familier avec WordPress et vous souhaitez automatiser vos r\u00e9servations ? Ce nouveau plugin vous aidera \u00e0 cr\u00e9er une bonne boutique en ligne.\",\"breadcrumb\":{\"@id\":\"https:\/\/www.ezycount.ch\/fr\/nouveau-plugin-pour-wordpress\/#breadcrumb\"},\"inLanguage\":\"fr-FR\",\"potentialAction\":[{\"@type\":\"ReadAction\",\"target\":[\"https:\/\/www.ezycount.ch\/fr\/nouveau-plugin-pour-wordpress\/\"]}]},{\"@type\":\"ImageObject\",\"inLanguage\":\"fr-FR\",\"@id\":\"https:\/\/www.ezycount.ch\/fr\/nouveau-plugin-pour-wordpress\/#primaryimage\",\"url\":\"https:\/\/www.ezycount.ch\/wp-content\/uploads\/2021\/04\/retrouver-le-plaisir-de-faire-votre-comptabilite-avec-EZYcount.jpg\",\"contentUrl\":\"https:\/\/www.ezycount.ch\/wp-content\/uploads\/2021\/04\/retrouver-le-plaisir-de-faire-votre-comptabilite-avec-EZYcount.jpg\"},{\"@type\":\"BreadcrumbList\",\"@id\":\"https:\/\/www.ezycount.ch\/fr\/nouveau-plugin-pour-wordpress\/#breadcrumb\",\"itemListElement\":[{\"@type\":\"ListItem\",\"position\":1,\"name\":\"Home\",\"item\":\"https:\/\/www.ezycount.ch\/fr\/\"},{\"@type\":\"ListItem\",\"position\":2,\"name\":\"Nouveau plugin pour WordPress\"}]},{\"@type\":\"WebSite\",\"@id\":\"https:\/\/www.ezycount.ch\/fr\/#website\",\"url\":\"https:\/\/www.ezycount.ch\/fr\/\",\"name\":\"EZYcount\",\"description\":\"Simplifiez votre comptabilit\u00e9 et gagnez du temps\",\"potentialAction\":[{\"@type\":\"SearchAction\",\"target\":{\"@type\":\"EntryPoint\",\"urlTemplate\":\"https:\/\/www.ezycount.ch\/fr\/?s={search_term_string}\"},\"query-input\":{\"@type\":\"PropertyValueSpecification\",\"valueRequired\":true,\"valueName\":\"search_term_string\"}}],\"inLanguage\":\"fr-FR\"}]}<\/script>\n<!-- \/ Yoast SEO plugin. -->","yoast_head_json":{"title":"Nouveau plugin pour WordPress - EZYcount","description":"Vous \u00eates familier avec WordPress et vous souhaitez automatiser vos r\u00e9servations ? Ce nouveau plugin vous aidera \u00e0 cr\u00e9er une bonne boutique en ligne.","robots":{"index":"index","follow":"follow","max-snippet":"max-snippet:-1","max-image-preview":"max-image-preview:large","max-video-preview":"max-video-preview:-1"},"canonical":"https:\/\/www.ezycount.ch\/fr\/nouveau-plugin-pour-wordpress\/","og_locale":"fr_FR","og_type":"article","og_title":"Nouveau plugin pour WordPress - EZYcount","og_description":"Vous \u00eates familier avec WordPress et vous souhaitez automatiser vos r\u00e9servations ? Ce nouveau plugin vous aidera \u00e0 cr\u00e9er une bonne boutique en ligne.","og_url":"https:\/\/www.ezycount.ch\/fr\/nouveau-plugin-pour-wordpress\/","og_site_name":"EZYcount","article_modified_time":"2021-11-09T19:06:45+00:00","og_image":[{"url":"https:\/\/www.ezycount.ch\/wp-content\/uploads\/2021\/04\/retrouver-le-plaisir-de-faire-votre-comptabilite-avec-EZYcount.jpg","type":"","width":"","height":""}],"twitter_card":"summary_large_image","twitter_misc":{"Dur\u00e9e de lecture estim\u00e9e":"4 minutes"},"schema":{"@context":"https:\/\/schema.org","@graph":[{"@type":"WebPage","@id":"https:\/\/www.ezycount.ch\/fr\/nouveau-plugin-pour-wordpress\/","url":"https:\/\/www.ezycount.ch\/fr\/nouveau-plugin-pour-wordpress\/","name":"Nouveau plugin pour WordPress - EZYcount","isPartOf":{"@id":"https:\/\/www.ezycount.ch\/fr\/#website"},"primaryImageOfPage":{"@id":"https:\/\/www.ezycount.ch\/fr\/nouveau-plugin-pour-wordpress\/#primaryimage"},"image":{"@id":"https:\/\/www.ezycount.ch\/fr\/nouveau-plugin-pour-wordpress\/#primaryimage"},"thumbnailUrl":"https:\/\/www.ezycount.ch\/wp-content\/uploads\/2021\/04\/retrouver-le-plaisir-de-faire-votre-comptabilite-avec-EZYcount.jpg","datePublished":"2021-02-01T11:30:29+00:00","dateModified":"2021-11-09T19:06:45+00:00","description":"Vous \u00eates familier avec WordPress et vous souhaitez automatiser vos r\u00e9servations ? Ce nouveau plugin vous aidera \u00e0 cr\u00e9er une bonne boutique en ligne.","breadcrumb":{"@id":"https:\/\/www.ezycount.ch\/fr\/nouveau-plugin-pour-wordpress\/#breadcrumb"},"inLanguage":"fr-FR","potentialAction":[{"@type":"ReadAction","target":["https:\/\/www.ezycount.ch\/fr\/nouveau-plugin-pour-wordpress\/"]}]},{"@type":"ImageObject","inLanguage":"fr-FR","@id":"https:\/\/www.ezycount.ch\/fr\/nouveau-plugin-pour-wordpress\/#primaryimage","url":"https:\/\/www.ezycount.ch\/wp-content\/uploads\/2021\/04\/retrouver-le-plaisir-de-faire-votre-comptabilite-avec-EZYcount.jpg","contentUrl":"https:\/\/www.ezycount.ch\/wp-content\/uploads\/2021\/04\/retrouver-le-plaisir-de-faire-votre-comptabilite-avec-EZYcount.jpg"},{"@type":"BreadcrumbList","@id":"https:\/\/www.ezycount.ch\/fr\/nouveau-plugin-pour-wordpress\/#breadcrumb","itemListElement":[{"@type":"ListItem","position":1,"name":"Home","item":"https:\/\/www.ezycount.ch\/fr\/"},{"@type":"ListItem","position":2,"name":"Nouveau plugin pour WordPress"}]},{"@type":"WebSite","@id":"https:\/\/www.ezycount.ch\/fr\/#website","url":"https:\/\/www.ezycount.ch\/fr\/","name":"EZYcount","description":"Simplifiez votre comptabilit\u00e9 et gagnez du temps","potentialAction":[{"@type":"SearchAction","target":{"@type":"EntryPoint","urlTemplate":"https:\/\/www.ezycount.ch\/fr\/?s={search_term_string}"},"query-input":{"@type":"PropertyValueSpecification","valueRequired":true,"valueName":"search_term_string"}}],"inLanguage":"fr-FR"}]}},"_links":{"self":[{"href":"https:\/\/www.ezycount.ch\/fr\/wp-json\/wp\/v2\/pages\/9570","targetHints":{"allow":["GET"]}}],"collection":[{"href":"https:\/\/www.ezycount.ch\/fr\/wp-json\/wp\/v2\/pages"}],"about":[{"href":"https:\/\/www.ezycount.ch\/fr\/wp-json\/wp\/v2\/types\/page"}],"author":[{"embeddable":true,"href":"https:\/\/www.ezycount.ch\/fr\/wp-json\/wp\/v2\/users\/4"}],"replies":[{"embeddable":true,"href":"https:\/\/www.ezycount.ch\/fr\/wp-json\/wp\/v2\/comments?post=9570"}],"version-history":[{"count":43,"href":"https:\/\/www.ezycount.ch\/fr\/wp-json\/wp\/v2\/pages\/9570\/revisions"}],"predecessor-version":[{"id":16019,"href":"https:\/\/www.ezycount.ch\/fr\/wp-json\/wp\/v2\/pages\/9570\/revisions\/16019"}],"wp:attachment":[{"href":"https:\/\/www.ezycount.ch\/fr\/wp-json\/wp\/v2\/media?parent=9570"}],"curies":[{"name":"wp","href":"https:\/\/api.w.org\/{rel}","templated":true}]}}