{"id":9710,"date":"2021-03-03T14:31:42","date_gmt":"2021-03-03T13:31:42","guid":{"rendered":"https:\/\/www.ezycount.ch\/?page_id=9710"},"modified":"2021-11-07T04:02:04","modified_gmt":"2021-11-07T03:02:04","slug":"les-expression-comptable","status":"publish","type":"page","link":"https:\/\/www.ezycount.ch\/fr\/les-expression-comptable\/","title":{"rendered":"Les expressions comptable les plus courante"},"content":{"rendered":"<h1 style=\"\">Dictionnaire de la comptabilit\u00e9 suisse<\/h1>\n<p>Il y a beaucoup de jargon dans la comptabilit\u00e9. Cependant, ce n&rsquo;est pas si difficile. Une fois que vous conna\u00eetrez les expressions comptable les plus courantes, il sera beaucoup plus facile de comprendre les donn\u00e9es financi\u00e8res de votre entreprise : combien d&rsquo;argent vous gagnez, o\u00f9 d\u00e9pensez-vous votre argent&#8230; Si votre activit\u00e9 a des flux financiers simples, il n&rsquo;est pas difficile de faire votre comptabilit\u00e9.Tout d&rsquo;abord, familiarisez-vous avec les expressions comptable ci-dessous. Ensuite, continuez avec notre mod\u00e8le Excel ou notre logiciel de comptabilit\u00e9 simple.<\/p>\n<p> <strong>Contenus Les Plus Consult\u00e9s<\/strong><\/p>\n<p style=\"\">\n<p>    __CONFIG_colors_palette__{\u00ab\u00a0active_palette\u00a0\u00bb:0,\u00a0\u00bbconfig\u00a0\u00bb:{\u00ab\u00a0colors\u00a0\u00bb:{\u00ab\u00a09bd08\u00a0\u00bb:{\u00ab\u00a0name\u00a0\u00bb:\u00a0\u00bbMain Accent\u00a0\u00bb,\u00a0\u00bbparent\u00a0\u00bb:-1}},\u00a0\u00bbgradients\u00a0\u00bb:[]},\u00a0\u00bbpalettes\u00a0\u00bb:[{\u00ab\u00a0name\u00a0\u00bb:\u00a0\u00bbDefault Palette\u00a0\u00bb,\u00a0\u00bbvalue\u00a0\u00bb:{\u00ab\u00a0colors\u00a0\u00bb:{\u00ab\u00a09bd08\u00a0\u00bb:{\u00ab\u00a0val\u00a0\u00bb:\u00a0\u00bbhsla(var(&#8211;tcb-main-master-h, 210), var(&#8211;tcb-main-master-s, 77%), var(&#8211;tcb-main-master-l, 54%), 1)\u00a0\u00bb}},\u00a0\u00bbgradients\u00a0\u00bb:[]},\u00a0\u00bboriginal\u00a0\u00bb:{\u00ab\u00a0colors\u00a0\u00bb:{\u00ab\u00a09bd08\u00a0\u00bb:{\u00ab\u00a0val\u00a0\u00bb:\u00a0\u00bbrgb(19, 114, 211)\u00a0\u00bb,\u00a0\u00bbhsl\u00a0\u00bb:{\u00ab\u00a0h\u00a0\u00bb:210,\u00a0\u00bbs\u00a0\u00bb:0.83,\u00a0\u00bbl\u00a0\u00bb:0.45}}},\u00a0\u00bbgradients\u00a0\u00bb:[]}}]}__CONFIG_colors_palette__ <a href=\"https:\/\/www.ezycount.ch\/fr\/\" style=\"\" target=\"_blank\" rel=\"noopener\"> <span><span style=\"\">Comptabilit\u00e9<\/span><\/span> <\/a> <\/p>\n<p style=\"\">Une solution simple et s\u00e9curis\u00e9e de comptabilit\u00e9 financi\u00e8re et de facturation en ligne.<\/p>\n<p>      __CONFIG_colors_palette__{\u00ab\u00a0active_palette\u00a0\u00bb:0,\u00a0\u00bbconfig\u00a0\u00bb:{\u00ab\u00a0colors\u00a0\u00bb:{\u00ab\u00a09bd08\u00a0\u00bb:{\u00ab\u00a0name\u00a0\u00bb:\u00a0\u00bbMain Accent\u00a0\u00bb,\u00a0\u00bbparent\u00a0\u00bb:-1}},\u00a0\u00bbgradients\u00a0\u00bb:[]},\u00a0\u00bbpalettes\u00a0\u00bb:[{\u00ab\u00a0name\u00a0\u00bb:\u00a0\u00bbDefault Palette\u00a0\u00bb,\u00a0\u00bbvalue\u00a0\u00bb:{\u00ab\u00a0colors\u00a0\u00bb:{\u00ab\u00a09bd08\u00a0\u00bb:{\u00ab\u00a0val\u00a0\u00bb:\u00a0\u00bbhsla(var(&#8211;tcb-main-master-h, 210), var(&#8211;tcb-main-master-s, 77%), var(&#8211;tcb-main-master-l, 54%), 1)\u00a0\u00bb}},\u00a0\u00bbgradients\u00a0\u00bb:[]},\u00a0\u00bboriginal\u00a0\u00bb:{\u00ab\u00a0colors\u00a0\u00bb:{\u00ab\u00a09bd08\u00a0\u00bb:{\u00ab\u00a0val\u00a0\u00bb:\u00a0\u00bbrgb(19, 114, 211)\u00a0\u00bb,\u00a0\u00bbhsl\u00a0\u00bb:{\u00ab\u00a0h\u00a0\u00bb:210,\u00a0\u00bbs\u00a0\u00bb:0.83,\u00a0\u00bbl\u00a0\u00bb:0.45}}},\u00a0\u00bbgradients\u00a0\u00bb:[]}}]}__CONFIG_colors_palette__ <a href=\"https:\/\/www.ezycount.ch\/fr\/comment-organiser-facilement-votre-bureau\/\" style=\"\" target=\"_blank\" rel=\"noopener\"> <span><span style=\"\">Comment ranger et organiser son bureau?<\/span><\/span> <\/a> <\/p>\n<p style=\"\">Ranger et organiser son bureau pour \u00eatre plus efficace dans ses t\u00e2ches administratives.<\/p>\n<p>      __CONFIG_colors_palette__{\u00ab\u00a0active_palette\u00a0\u00bb:0,\u00a0\u00bbconfig\u00a0\u00bb:{\u00ab\u00a0colors\u00a0\u00bb:{\u00ab\u00a09bd08\u00a0\u00bb:{\u00ab\u00a0name\u00a0\u00bb:\u00a0\u00bbMain Accent\u00a0\u00bb,\u00a0\u00bbparent\u00a0\u00bb:-1}},\u00a0\u00bbgradients\u00a0\u00bb:[]},\u00a0\u00bbpalettes\u00a0\u00bb:[{\u00ab\u00a0name\u00a0\u00bb:\u00a0\u00bbDefault Palette\u00a0\u00bb,\u00a0\u00bbvalue\u00a0\u00bb:{\u00ab\u00a0colors\u00a0\u00bb:{\u00ab\u00a09bd08\u00a0\u00bb:{\u00ab\u00a0val\u00a0\u00bb:\u00a0\u00bbhsla(var(&#8211;tcb-main-master-h, 210), var(&#8211;tcb-main-master-s, 77%), var(&#8211;tcb-main-master-l, 54%), 1)\u00a0\u00bb}},\u00a0\u00bbgradients\u00a0\u00bb:[]},\u00a0\u00bboriginal\u00a0\u00bb:{\u00ab\u00a0colors\u00a0\u00bb:{\u00ab\u00a09bd08\u00a0\u00bb:{\u00ab\u00a0val\u00a0\u00bb:\u00a0\u00bbrgb(19, 114, 211)\u00a0\u00bb,\u00a0\u00bbhsl\u00a0\u00bb:{\u00ab\u00a0h\u00a0\u00bb:210,\u00a0\u00bbs\u00a0\u00bb:0.83,\u00a0\u00bbl\u00a0\u00bb:0.45}}},\u00a0\u00bbgradients\u00a0\u00bb:[]}}]}__CONFIG_colors_palette__ <a href=\"https:\/\/www.ezycount.ch\/fr\/comment-creer-une-facture-legale-en-suisse\/\" style=\"\"> <span><span style=\"\">Facturation suisse<\/span><\/span> <\/a> <\/p>\n<p style=\"\">Retrouvez toutes les informations n\u00e9cessaires pour cr\u00e9er des factures suisses conformes et compl\u00e8tes.<\/p>\n<p>      __CONFIG_colors_palette__{\u00ab\u00a0active_palette\u00a0\u00bb:0,\u00a0\u00bbconfig\u00a0\u00bb:{\u00ab\u00a0colors\u00a0\u00bb:{\u00ab\u00a09bd08\u00a0\u00bb:{\u00ab\u00a0name\u00a0\u00bb:\u00a0\u00bbMain Accent\u00a0\u00bb,\u00a0\u00bbparent\u00a0\u00bb:-1}},\u00a0\u00bbgradients\u00a0\u00bb:[]},\u00a0\u00bbpalettes\u00a0\u00bb:[{\u00ab\u00a0name\u00a0\u00bb:\u00a0\u00bbDefault Palette\u00a0\u00bb,\u00a0\u00bbvalue\u00a0\u00bb:{\u00ab\u00a0colors\u00a0\u00bb:{\u00ab\u00a09bd08\u00a0\u00bb:{\u00ab\u00a0val\u00a0\u00bb:\u00a0\u00bbhsla(var(&#8211;tcb-main-master-h, 210), var(&#8211;tcb-main-master-s, 77%), var(&#8211;tcb-main-master-l, 54%), 1)\u00a0\u00bb}},\u00a0\u00bbgradients\u00a0\u00bb:[]},\u00a0\u00bboriginal\u00a0\u00bb:{\u00ab\u00a0colors\u00a0\u00bb:{\u00ab\u00a09bd08\u00a0\u00bb:{\u00ab\u00a0val\u00a0\u00bb:\u00a0\u00bbrgb(19, 114, 211)\u00a0\u00bb,\u00a0\u00bbhsl\u00a0\u00bb:{\u00ab\u00a0h\u00a0\u00bb:210,\u00a0\u00bbs\u00a0\u00bb:0.83,\u00a0\u00bbl\u00a0\u00bb:0.45}}},\u00a0\u00bbgradients\u00a0\u00bb:[]}}]}__CONFIG_colors_palette__ <a href=\"https:\/\/www.ezycount.ch\/fr\/startup-valuation-model-free-excel\/\" style=\"\" target=\"_blank\" rel=\"noopener\"> <span><span style=\"\">Valorisation de la startup<\/span><\/span> <\/a> <\/p>\n<p style=\"\">Mod\u00e8le Excel gratuit pour calculer la valeur de votre startup lorsqu&rsquo;elle ne fait pas encore de b\u00e9n\u00e9fices ou tr\u00e8s peu.<\/p>\n<p>  __CONFIG_group_edit__{\u00ab\u00a0kbjp1vpj\u00a0\u00bb:{\u00ab\u00a0name\u00a0\u00bb:\u00a0\u00bbAll Logo(s)\u00a0\u00bb,\u00a0\u00bbsingular\u00a0\u00bb:\u00a0\u00bb&#8211; Logo %s\u00a0\u00bb},\u00a0\u00bbkbjp1xfn\u00a0\u00bb:{\u00ab\u00a0name\u00a0\u00bb:\u00a0\u00bbAll Title(s)\u00a0\u00bb,\u00a0\u00bbsingular\u00a0\u00bb:\u00a0\u00bb&#8211; Text %s\u00a0\u00bb},\u00a0\u00bbkbjp22kc\u00a0\u00bb:{\u00ab\u00a0name\u00a0\u00bb:\u00a0\u00bbAll Paragraph(s)\u00a0\u00bb,\u00a0\u00bbsingular\u00a0\u00bb:\u00a0\u00bb&#8211; Text %s\u00a0\u00bb},\u00a0\u00bbkbjp2ag5&Prime;:{\u00ab\u00a0name\u00a0\u00bb:\u00a0\u00bbAll Read Review Button(s)\u00a0\u00bb,\u00a0\u00bbsingular\u00a0\u00bb:\u00a0\u00bb&#8211; Button %s\u00a0\u00bb},\u00a0\u00bbkbjp3xj6&Prime;:{\u00ab\u00a0name\u00a0\u00bb:\u00a0\u00bbAll Visit Website Button(s)\u00a0\u00bb,\u00a0\u00bbsingular\u00a0\u00bb:\u00a0\u00bb&#8211; Button %s\u00a0\u00bb},\u00a0\u00bbkbjp44dp\u00a0\u00bb:{\u00ab\u00a0name\u00a0\u00bb:\u00a0\u00bbAll Buttons Column(s)\u00a0\u00bb,\u00a0\u00bbsingular\u00a0\u00bb:\u00a0\u00bb&#8211; Column %s\u00a0\u00bb},\u00a0\u00bbkbjp4d43&Prime;:{\u00ab\u00a0name\u00a0\u00bb:\u00a0\u00bbAll Text Column(s)\u00a0\u00bb,\u00a0\u00bbsingular\u00a0\u00bb:\u00a0\u00bb&#8211; Column %s\u00a0\u00bb},\u00a0\u00bbkbjp4k9i\u00a0\u00bb:{\u00ab\u00a0name\u00a0\u00bb:\u00a0\u00bbAll Content Box(s)\u00a0\u00bb,\u00a0\u00bbsingular\u00a0\u00bb:\u00a0\u00bb&#8211; Content Box %s\u00a0\u00bb},\u00a0\u00bbkbjp4mck\u00a0\u00bb:{\u00ab\u00a0name\u00a0\u00bb:\u00a0\u00bbAll Content Box(s)\u00a0\u00bb,\u00a0\u00bbsingular\u00a0\u00bb:\u00a0\u00bb&#8211; Content Box %s\u00a0\u00bb}}__CONFIG_group_edit____CONFIG_local_colors__{\u00ab\u00a0colors\u00a0\u00bb:{},\u00a0\u00bbgradients\u00a0\u00bb:{}}__CONFIG_local_colors__ <\/p>\n<p>Avez-vous des questions sur les expressions comptables? Envoyez-nous simplement un courriel ici : support@ezycount.ch<\/p>\n","protected":false},"excerpt":{"rendered":"<p>Dictionnaire de la comptabilit\u00e9 suisse Il y a beaucoup de jargon dans la comptabilit\u00e9. Cependant, ce n&rsquo;est pas si difficile. Une fois que vous conna\u00eetrez les expressions comptable les plus courantes, il sera beaucoup plus facile de comprendre les donn\u00e9es financi\u00e8res de votre entreprise : combien d&rsquo;argent vous gagnez, o\u00f9 d\u00e9pensez-vous votre argent&#8230; Si votre [&hellip;]<\/p>\n","protected":false},"author":4,"featured_media":0,"parent":0,"menu_order":0,"comment_status":"closed","ping_status":"closed","template":"","meta":{"footnotes":""},"class_list":["post-9710","page","type-page","status-publish","hentry","post-wrapper","thrv_wrapper"],"yoast_head":"<!-- This site is optimized with the Yoast SEO plugin v25.3 - https:\/\/yoast.com\/wordpress\/plugins\/seo\/ -->\n<title>Les expressions comptable les plus courante - EZYcount<\/title>\n<meta name=\"description\" content=\"D\u00e9penses, bilan, inventaire, comptes fournisseurs ? D\u00e9couvrez et apprenez les expressions comptables les plus courantes en Suisse.\" \/>\n<meta name=\"robots\" content=\"index, follow, max-snippet:-1, max-image-preview:large, max-video-preview:-1\" \/>\n<link rel=\"canonical\" href=\"https:\/\/www.ezycount.ch\/fr\/les-expression-comptable\/\" \/>\n<meta property=\"og:locale\" content=\"fr_FR\" \/>\n<meta property=\"og:type\" content=\"article\" \/>\n<meta property=\"og:title\" content=\"Les expressions comptable les plus courante - EZYcount\" \/>\n<meta property=\"og:description\" content=\"D\u00e9penses, bilan, inventaire, comptes fournisseurs ? D\u00e9couvrez et apprenez les expressions comptables les plus courantes en Suisse.\" \/>\n<meta property=\"og:url\" content=\"https:\/\/www.ezycount.ch\/fr\/les-expression-comptable\/\" \/>\n<meta property=\"og:site_name\" content=\"EZYcount\" \/>\n<meta property=\"article:modified_time\" content=\"2021-11-07T03:02:04+00:00\" \/>\n<meta name=\"twitter:card\" content=\"summary_large_image\" \/>\n<meta name=\"twitter:label1\" content=\"Dur\u00e9e de lecture estim\u00e9e\" \/>\n\t<meta name=\"twitter:data1\" content=\"2 minutes\" \/>\n<script type=\"application\/ld+json\" class=\"yoast-schema-graph\">{\"@context\":\"https:\/\/schema.org\",\"@graph\":[{\"@type\":\"WebPage\",\"@id\":\"https:\/\/www.ezycount.ch\/fr\/les-expression-comptable\/\",\"url\":\"https:\/\/www.ezycount.ch\/fr\/les-expression-comptable\/\",\"name\":\"Les expressions comptable les plus courante - EZYcount\",\"isPartOf\":{\"@id\":\"https:\/\/www.ezycount.ch\/fr\/#website\"},\"datePublished\":\"2021-03-03T13:31:42+00:00\",\"dateModified\":\"2021-11-07T03:02:04+00:00\",\"description\":\"D\u00e9penses, bilan, inventaire, comptes fournisseurs ? D\u00e9couvrez et apprenez les expressions comptables les plus courantes en Suisse.\",\"breadcrumb\":{\"@id\":\"https:\/\/www.ezycount.ch\/fr\/les-expression-comptable\/#breadcrumb\"},\"inLanguage\":\"fr-FR\",\"potentialAction\":[{\"@type\":\"ReadAction\",\"target\":[\"https:\/\/www.ezycount.ch\/fr\/les-expression-comptable\/\"]}]},{\"@type\":\"BreadcrumbList\",\"@id\":\"https:\/\/www.ezycount.ch\/fr\/les-expression-comptable\/#breadcrumb\",\"itemListElement\":[{\"@type\":\"ListItem\",\"position\":1,\"name\":\"Home\",\"item\":\"https:\/\/www.ezycount.ch\/fr\/\"},{\"@type\":\"ListItem\",\"position\":2,\"name\":\"Les expressions comptable les plus courante\"}]},{\"@type\":\"WebSite\",\"@id\":\"https:\/\/www.ezycount.ch\/fr\/#website\",\"url\":\"https:\/\/www.ezycount.ch\/fr\/\",\"name\":\"EZYcount\",\"description\":\"Simplifiez votre comptabilit\u00e9 et gagnez du temps\",\"potentialAction\":[{\"@type\":\"SearchAction\",\"target\":{\"@type\":\"EntryPoint\",\"urlTemplate\":\"https:\/\/www.ezycount.ch\/fr\/?s={search_term_string}\"},\"query-input\":{\"@type\":\"PropertyValueSpecification\",\"valueRequired\":true,\"valueName\":\"search_term_string\"}}],\"inLanguage\":\"fr-FR\"}]}<\/script>\n<!-- \/ Yoast SEO plugin. -->","yoast_head_json":{"title":"Les expressions comptable les plus courante - EZYcount","description":"D\u00e9penses, bilan, inventaire, comptes fournisseurs ? D\u00e9couvrez et apprenez les expressions comptables les plus courantes en Suisse.","robots":{"index":"index","follow":"follow","max-snippet":"max-snippet:-1","max-image-preview":"max-image-preview:large","max-video-preview":"max-video-preview:-1"},"canonical":"https:\/\/www.ezycount.ch\/fr\/les-expression-comptable\/","og_locale":"fr_FR","og_type":"article","og_title":"Les expressions comptable les plus courante - EZYcount","og_description":"D\u00e9penses, bilan, inventaire, comptes fournisseurs ? D\u00e9couvrez et apprenez les expressions comptables les plus courantes en Suisse.","og_url":"https:\/\/www.ezycount.ch\/fr\/les-expression-comptable\/","og_site_name":"EZYcount","article_modified_time":"2021-11-07T03:02:04+00:00","twitter_card":"summary_large_image","twitter_misc":{"Dur\u00e9e de lecture estim\u00e9e":"2 minutes"},"schema":{"@context":"https:\/\/schema.org","@graph":[{"@type":"WebPage","@id":"https:\/\/www.ezycount.ch\/fr\/les-expression-comptable\/","url":"https:\/\/www.ezycount.ch\/fr\/les-expression-comptable\/","name":"Les expressions comptable les plus courante - EZYcount","isPartOf":{"@id":"https:\/\/www.ezycount.ch\/fr\/#website"},"datePublished":"2021-03-03T13:31:42+00:00","dateModified":"2021-11-07T03:02:04+00:00","description":"D\u00e9penses, bilan, inventaire, comptes fournisseurs ? D\u00e9couvrez et apprenez les expressions comptables les plus courantes en Suisse.","breadcrumb":{"@id":"https:\/\/www.ezycount.ch\/fr\/les-expression-comptable\/#breadcrumb"},"inLanguage":"fr-FR","potentialAction":[{"@type":"ReadAction","target":["https:\/\/www.ezycount.ch\/fr\/les-expression-comptable\/"]}]},{"@type":"BreadcrumbList","@id":"https:\/\/www.ezycount.ch\/fr\/les-expression-comptable\/#breadcrumb","itemListElement":[{"@type":"ListItem","position":1,"name":"Home","item":"https:\/\/www.ezycount.ch\/fr\/"},{"@type":"ListItem","position":2,"name":"Les expressions comptable les plus courante"}]},{"@type":"WebSite","@id":"https:\/\/www.ezycount.ch\/fr\/#website","url":"https:\/\/www.ezycount.ch\/fr\/","name":"EZYcount","description":"Simplifiez votre comptabilit\u00e9 et gagnez du temps","potentialAction":[{"@type":"SearchAction","target":{"@type":"EntryPoint","urlTemplate":"https:\/\/www.ezycount.ch\/fr\/?s={search_term_string}"},"query-input":{"@type":"PropertyValueSpecification","valueRequired":true,"valueName":"search_term_string"}}],"inLanguage":"fr-FR"}]}},"_links":{"self":[{"href":"https:\/\/www.ezycount.ch\/fr\/wp-json\/wp\/v2\/pages\/9710","targetHints":{"allow":["GET"]}}],"collection":[{"href":"https:\/\/www.ezycount.ch\/fr\/wp-json\/wp\/v2\/pages"}],"about":[{"href":"https:\/\/www.ezycount.ch\/fr\/wp-json\/wp\/v2\/types\/page"}],"author":[{"embeddable":true,"href":"https:\/\/www.ezycount.ch\/fr\/wp-json\/wp\/v2\/users\/4"}],"replies":[{"embeddable":true,"href":"https:\/\/www.ezycount.ch\/fr\/wp-json\/wp\/v2\/comments?post=9710"}],"version-history":[{"count":42,"href":"https:\/\/www.ezycount.ch\/fr\/wp-json\/wp\/v2\/pages\/9710\/revisions"}],"predecessor-version":[{"id":15983,"href":"https:\/\/www.ezycount.ch\/fr\/wp-json\/wp\/v2\/pages\/9710\/revisions\/15983"}],"wp:attachment":[{"href":"https:\/\/www.ezycount.ch\/fr\/wp-json\/wp\/v2\/media?parent=9710"}],"curies":[{"name":"wp","href":"https:\/\/api.w.org\/{rel}","templated":true}]}}